{"id":8304,"date":"2022-05-04T06:37:25","date_gmt":"2022-05-04T06:37:25","guid":{"rendered":"https:\/\/eraclitea.it\/it\/?post_type=product&#038;p=8304"},"modified":"2026-02-23T08:36:46","modified_gmt":"2026-02-23T08:36:46","slug":"addetto-necroforo","status":"publish","type":"product","link":"https:\/\/eraclitea.it\/it\/prodotto\/addetto-necroforo\/","title":{"rendered":"Addetto Necroforo"},"content":{"rendered":"<p>[et_pb_section fb_built=&#8221;1&#8243; _builder_version=&#8221;4.16&#8243; custom_padding=&#8221;0px||||false|false&#8221; global_colors_info=&#8221;{}&#8221;][et_pb_row _builder_version=&#8221;4.16&#8243; background_size=&#8221;initial&#8221; background_position=&#8221;top_left&#8221; background_repeat=&#8221;repeat&#8221; width=&#8221;100%&#8221; custom_padding=&#8221;0px||0px||false|false&#8221; global_colors_info=&#8221;{}&#8221;][et_pb_column type=&#8221;4_4&#8243; _builder_version=&#8221;4.16&#8243; custom_padding=&#8221;|||&#8221; global_colors_info=&#8221;{}&#8221; custom_padding__hover=&#8221;|||&#8221;][et_pb_wc_breadcrumb _builder_version=&#8221;4.16&#8243; hover_enabled=&#8221;0&#8243; global_colors_info=&#8221;{}&#8221; sticky_enabled=&#8221;0&#8243;][\/et_pb_wc_breadcrumb][et_pb_wc_cart_notice _builder_version=&#8221;4.16&#8243; global_colors_info=&#8221;{}&#8221;][\/et_pb_wc_cart_notice][\/et_pb_column][\/et_pb_row][et_pb_row column_structure=&#8221;1_2,1_2&#8243; _builder_version=&#8221;4.16&#8243; background_size=&#8221;initial&#8221; background_position=&#8221;top_left&#8221; background_repeat=&#8221;repeat&#8221; width=&#8221;100%&#8221; custom_padding=&#8221;0px||||false|false&#8221; hover_enabled=&#8221;0&#8243; global_colors_info=&#8221;{}&#8221; sticky_enabled=&#8221;0&#8243;][et_pb_column type=&#8221;1_2&#8243; _builder_version=&#8221;4.16&#8243; custom_padding=&#8221;|||&#8221; global_colors_info=&#8221;{}&#8221; custom_padding__hover=&#8221;|||&#8221;][et_pb_wc_images _builder_version=&#8221;4.16&#8243; global_colors_info=&#8221;{}&#8221;][\/et_pb_wc_images][\/et_pb_column][et_pb_column type=&#8221;1_2&#8243; _builder_version=&#8221;4.16&#8243; custom_padding=&#8221;|||&#8221; global_colors_info=&#8221;{}&#8221; custom_padding__hover=&#8221;|||&#8221;][et_pb_wc_title _builder_version=&#8221;4.16&#8243; global_colors_info=&#8221;{}&#8221;][\/et_pb_wc_title][et_pb_wc_rating _builder_version=&#8221;4.16&#8243; global_colors_info=&#8221;{}&#8221;][\/et_pb_wc_rating][et_pb_wc_price _builder_version=&#8221;4.16&#8243; global_colors_info=&#8221;{}&#8221;][\/et_pb_wc_price][et_pb_wc_description _builder_version=&#8221;4.16&#8243; global_colors_info=&#8221;{}&#8221;][\/et_pb_wc_description][et_pb_wc_add_to_cart _builder_version=&#8221;4.16&#8243; global_colors_info=&#8221;{}&#8221;][\/et_pb_wc_add_to_cart][et_pb_wc_meta _builder_version=&#8221;4.16&#8243; global_colors_info=&#8221;{}&#8221;][\/et_pb_wc_meta][\/et_pb_column][\/et_pb_row][et_pb_row _builder_version=&#8221;4.16&#8243; background_size=&#8221;initial&#8221; background_position=&#8221;top_left&#8221; background_repeat=&#8221;repeat&#8221; width=&#8221;100%&#8221; global_colors_info=&#8221;{}&#8221;][et_pb_column type=&#8221;4_4&#8243; _builder_version=&#8221;4.16&#8243; custom_padding=&#8221;|||&#8221; global_colors_info=&#8221;{}&#8221; custom_padding__hover=&#8221;|||&#8221;][et_pb_wc_tabs _builder_version=&#8221;4.16&#8243; global_colors_info=&#8221;{}&#8221;]\t\t\t\t\t[\/et_pb_wc_tabs][et_pb_wc_upsells _builder_version=&#8221;4.16&#8243; global_colors_info=&#8221;{}&#8221;][\/et_pb_wc_upsells][et_pb_wc_related_products _builder_version=&#8221;4.16&#8243; global_colors_info=&#8221;{}&#8221;][\/et_pb_wc_related_products][\/et_pb_column][\/et_pb_row][\/et_pb_section]<\/p>\n","protected":false},"excerpt":{"rendered":"<h4>40 ore<\/h4>\n<p>Il corso \u00e8 rivolto a coloro che intendono svolgere la professione di necroforo.<\/p>\n","protected":false},"featured_media":8333,"comment_status":"open","ping_status":"closed","template":"","meta":{"_et_pb_use_builder":"on","_et_pb_old_content":"<table style=\"border: 0px;height: 244px;width: 721px\">\r\n<tbody>\r\n<tr>\r\n<td style=\"width: 38.75px\"><a href=\"https:\/\/eraclitea.it\/it\/wp-content\/uploads\/2021\/01\/orolo2.png\"><img class=\"alignnone wp-image-887 \" src=\"https:\/\/eraclitea.it\/it\/wp-content\/uploads\/2021\/03\/tempo.png\" alt=\"\" width=\"33\" height=\"33\" \/><\/a><\/td>\r\n<td style=\"width: 147.841px\">\r\n<h4 class=\"et_pb_module_header\">Durata del corso:<\/h4>\r\n<\/td>\r\n<td style=\"width: 515.114px\">40 ore<\/td>\r\n<\/tr>\r\n<tr>\r\n<td style=\"width: 38.75px\"><a href=\"https:\/\/eraclitea.it\/it\/wp-content\/uploads\/2021\/03\/Tavola-da-disegno-\u2013-13.png\"><img class=\"alignnone wp-image-3710 \" src=\"https:\/\/eraclitea.it\/it\/wp-content\/uploads\/2021\/03\/Tavola-da-disegno-\u2013-13-300x300.png\" alt=\"\" width=\"39\" height=\"39\" \/><\/a><\/td>\r\n<td style=\"width: 147.841px\">\r\n<h4>N. Partecipanti:<\/h4>\r\n<\/td>\r\n<td style=\"width: 515.114px\">Max 20<\/td>\r\n<\/tr>\r\n<tr>\r\n<td style=\"width: 38.75px\"><a href=\"https:\/\/eraclitea.it\/it\/wp-content\/uploads\/2021\/04\/Tavola-da-disegno-\u2013-13-2.png\"><img class=\"alignnone size-medium wp-image-5967\" src=\"https:\/\/eraclitea.it\/it\/wp-content\/uploads\/2021\/04\/Tavola-da-disegno-\u2013-13-2-300x300.png\" alt=\"\" width=\"300\" height=\"300\" \/><\/a><\/td>\r\n<td style=\"width: 147.841px\">\r\n<h4>A chi \u00e8 rivolto:<\/h4>\r\n<\/td>\r\n<td style=\"width: 515.114px\">Il corso \u00e8 rivolto a coloro che intendono svolgere la professione di necroforo.\r\n\r\nIl necoforo si occupa della persona defunta dal momento in cui \u00e8 rilasciata ai parenti per le esequie fino alla destinazione ultima<\/td>\r\n<\/tr>\r\n<\/tbody>\r\n<\/table>\r\n&nbsp;\r\n\r\n&nbsp;\r\n<h3>Info<\/h3>\r\nL'Addetto necroforo si occupa della persona defunta dal momento in cui \u00e8 rilasciata ai parenti per le esequie fino alla destinazione ultima. \u00c8 in grado di svolgere le attivit\u00e0 preliminari di preparazione del cofano funebre e del defunto; di curare le procedure amministrative ed esecutive relative al trasporto del feretro. Opera su richiesta dei parenti in sale del commiato, presso camere mortuarie e\/o domicilio; svolge la propria attivit\u00e0 in collaborazione con altri operatori dell'impresa e agisce su indicazioni fornite dal Responsabile della conduzione dell\u2019attivit\u00e0 funebre.\r\n\r\n&nbsp;\r\n<h3>Normativa<\/h3>\r\n<ul>\r\n \t<li>L.R. n. 4 del 3 marzo 2020<\/li>\r\n \t<li>D.A. n. 1095 del 31 agosto 2021 dell\u2019Assessorato all\u2019Istruzione e alla Formazione Professionale\u00a0della\u00a0Regione Siciliana<\/li>\r\n<\/ul>\r\n&nbsp;\r\n<h3>Programma Sintetico del Corso<\/h3>\r\n[learn_more caption=\"MODULO FORMATIVO\"]\r\n<ul>\r\n \t<li><strong>PREPARAZIONE DEL COFANO FUNEBRE E DEL DEFUNTO<\/strong>\r\n<ul>\r\n \t<li>Allestimento della camera ardente e del feretro<\/li>\r\n \t<li>Esecuzione sigillatura e chiusura del cofano funebre<\/li>\r\n \t<li>Preparazione del defunto (pulizia, trucco, vestizione della salma, ecc.)<\/li>\r\n \t<li>Preparazione, allestimento e consegna del cofano funebre<\/li>\r\n<\/ul>\r\n<strong>GESTIONE DEL SERVIZIO DI TRASPORTO FUNEBRE<\/strong>\r\n<ul>\r\n \t<li>Movimentazione a terra del feretro nel rispetto della normativa<\/li>\r\n \t<li>Trasporto di cadavere, resti mortali e ceneri nel rispetto della normativa<\/li>\r\n<\/ul>\r\n<\/li>\r\n<\/ul>\r\n[\/learn_more]\r\n<h2><\/h2>\r\n<h3>Certificazione<\/h3>\r\nIl corso si conclude con il superamento di un esame finale costituito da una prova teorica ed una prova pratica, al termine del quale verr\u00e0 rilasciato dalla Regione Sicilia, Assessorato Regionale dell'Istruzione e della Formazione Professionale, un attestato di qualifica di ADDETTO NECROFORO valido ai sensi della L.R. n. 4 del 3 marzo 2020 e D.A. n. 1095 del 31 agosto 2021.\u00a0L\u2019attestato rilasciato \u00e8 valido in tutt\u2019Italia ai sensi della Legge 845\/78 \u2013 art. 14.\r\n\r\n<code><\/code>","_et_gb_content_width":"","_joinchat":[]},"product_brand":[],"product_cat":[30],"product_tag":[],"class_list":{"0":"post-8304","1":"product","2":"type-product","3":"status-publish","4":"has-post-thumbnail","6":"product_cat-professioni-certificate","8":"first","9":"instock","10":"shipping-taxable","11":"product-type-simple"},"yoast_head":"<!-- This site is optimized with the Yoast SEO plugin v27.0 - https:\/\/yoast.com\/product\/yoast-seo-wordpress\/ -->\n<title>Addetto Necroforo - Accademia Eraclitea<\/title>\n<meta name=\"robots\" content=\"index, follow, max-snippet:-1, max-image-preview:large, max-video-preview:-1\" \/>\n<link rel=\"canonical\" href=\"https:\/\/eraclitea.it\/it\/prodotto\/addetto-necroforo\/\" \/>\n<meta property=\"og:locale\" content=\"it_IT\" \/>\n<meta property=\"og:type\" content=\"article\" \/>\n<meta property=\"og:title\" content=\"Addetto Necroforo - Accademia Eraclitea\" \/>\n<meta property=\"og:description\" content=\"40 ore Il corso \u00e8 rivolto a coloro che intendono svolgere la professione di necroforo.\" \/>\n<meta property=\"og:url\" content=\"https:\/\/eraclitea.it\/it\/prodotto\/addetto-necroforo\/\" \/>\n<meta property=\"og:site_name\" content=\"Accademia Eraclitea\" \/>\n<meta property=\"article:modified_time\" content=\"2026-02-23T08:36:46+00:00\" \/>\n<meta property=\"og:image\" content=\"https:\/\/eraclitea.it\/it\/wp-content\/uploads\/2022\/05\/necroforo1.jpg\" \/>\n\t<meta property=\"og:image:width\" content=\"300\" \/>\n\t<meta property=\"og:image:height\" content=\"200\" \/>\n\t<meta property=\"og:image:type\" content=\"image\/jpeg\" \/>\n<meta name=\"twitter:card\" content=\"summary_large_image\" \/>\n<meta name=\"twitter:label1\" content=\"Tempo di lettura stimato\" \/>\n\t<meta name=\"twitter:data1\" content=\"7 minuti\" \/>\n<script type=\"application\/ld+json\" class=\"yoast-schema-graph\">{\"@context\":\"https:\/\/schema.org\",\"@graph\":[{\"@type\":\"WebPage\",\"@id\":\"https:\/\/eraclitea.it\/it\/prodotto\/addetto-necroforo\/\",\"url\":\"https:\/\/eraclitea.it\/it\/prodotto\/addetto-necroforo\/\",\"name\":\"Addetto Necroforo - Accademia Eraclitea\",\"isPartOf\":{\"@id\":\"https:\/\/eraclitea.it\/it\/#website\"},\"primaryImageOfPage\":{\"@id\":\"https:\/\/eraclitea.it\/it\/prodotto\/addetto-necroforo\/#primaryimage\"},\"image\":{\"@id\":\"https:\/\/eraclitea.it\/it\/prodotto\/addetto-necroforo\/#primaryimage\"},\"thumbnailUrl\":\"https:\/\/eraclitea.it\/it\/wp-content\/uploads\/2022\/05\/necroforo1.jpg\",\"datePublished\":\"2022-05-04T06:37:25+00:00\",\"dateModified\":\"2026-02-23T08:36:46+00:00\",\"breadcrumb\":{\"@id\":\"https:\/\/eraclitea.it\/it\/prodotto\/addetto-necroforo\/#breadcrumb\"},\"inLanguage\":\"it-IT\",\"potentialAction\":[{\"@type\":\"ReadAction\",\"target\":[\"https:\/\/eraclitea.it\/it\/prodotto\/addetto-necroforo\/\"]}]},{\"@type\":\"ImageObject\",\"inLanguage\":\"it-IT\",\"@id\":\"https:\/\/eraclitea.it\/it\/prodotto\/addetto-necroforo\/#primaryimage\",\"url\":\"https:\/\/eraclitea.it\/it\/wp-content\/uploads\/2022\/05\/necroforo1.jpg\",\"contentUrl\":\"https:\/\/eraclitea.it\/it\/wp-content\/uploads\/2022\/05\/necroforo1.jpg\",\"width\":300,\"height\":200},{\"@type\":\"BreadcrumbList\",\"@id\":\"https:\/\/eraclitea.it\/it\/prodotto\/addetto-necroforo\/#breadcrumb\",\"itemListElement\":[{\"@type\":\"ListItem\",\"position\":1,\"name\":\"Home\",\"item\":\"https:\/\/eraclitea.it\/it\/\"},{\"@type\":\"ListItem\",\"position\":2,\"name\":\"Corsi\",\"item\":\"https:\/\/eraclitea.it\/it\/corsi\/\"},{\"@type\":\"ListItem\",\"position\":3,\"name\":\"Addetto Necroforo\"}]},{\"@type\":\"WebSite\",\"@id\":\"https:\/\/eraclitea.it\/it\/#website\",\"url\":\"https:\/\/eraclitea.it\/it\/\",\"name\":\"Accademia Eraclitea\",\"description\":\"Ente di Ricerca e di Alta Formazione Accreditato\",\"potentialAction\":[{\"@type\":\"SearchAction\",\"target\":{\"@type\":\"EntryPoint\",\"urlTemplate\":\"https:\/\/eraclitea.it\/it\/?s={search_term_string}\"},\"query-input\":{\"@type\":\"PropertyValueSpecification\",\"valueRequired\":true,\"valueName\":\"search_term_string\"}}],\"inLanguage\":\"it-IT\"}]}<\/script>\n<!-- \/ Yoast SEO plugin. -->","yoast_head_json":{"title":"Addetto Necroforo - Accademia Eraclitea","robots":{"index":"index","follow":"follow","max-snippet":"max-snippet:-1","max-image-preview":"max-image-preview:large","max-video-preview":"max-video-preview:-1"},"canonical":"https:\/\/eraclitea.it\/it\/prodotto\/addetto-necroforo\/","og_locale":"it_IT","og_type":"article","og_title":"Addetto Necroforo - Accademia Eraclitea","og_description":"40 ore Il corso \u00e8 rivolto a coloro che intendono svolgere la professione di necroforo.","og_url":"https:\/\/eraclitea.it\/it\/prodotto\/addetto-necroforo\/","og_site_name":"Accademia Eraclitea","article_modified_time":"2026-02-23T08:36:46+00:00","og_image":[{"width":300,"height":200,"url":"https:\/\/eraclitea.it\/it\/wp-content\/uploads\/2022\/05\/necroforo1.jpg","type":"image\/jpeg"}],"twitter_card":"summary_large_image","twitter_misc":{"Tempo di lettura stimato":"7 minuti"},"schema":{"@context":"https:\/\/schema.org","@graph":[{"@type":"WebPage","@id":"https:\/\/eraclitea.it\/it\/prodotto\/addetto-necroforo\/","url":"https:\/\/eraclitea.it\/it\/prodotto\/addetto-necroforo\/","name":"Addetto Necroforo - Accademia Eraclitea","isPartOf":{"@id":"https:\/\/eraclitea.it\/it\/#website"},"primaryImageOfPage":{"@id":"https:\/\/eraclitea.it\/it\/prodotto\/addetto-necroforo\/#primaryimage"},"image":{"@id":"https:\/\/eraclitea.it\/it\/prodotto\/addetto-necroforo\/#primaryimage"},"thumbnailUrl":"https:\/\/eraclitea.it\/it\/wp-content\/uploads\/2022\/05\/necroforo1.jpg","datePublished":"2022-05-04T06:37:25+00:00","dateModified":"2026-02-23T08:36:46+00:00","breadcrumb":{"@id":"https:\/\/eraclitea.it\/it\/prodotto\/addetto-necroforo\/#breadcrumb"},"inLanguage":"it-IT","potentialAction":[{"@type":"ReadAction","target":["https:\/\/eraclitea.it\/it\/prodotto\/addetto-necroforo\/"]}]},{"@type":"ImageObject","inLanguage":"it-IT","@id":"https:\/\/eraclitea.it\/it\/prodotto\/addetto-necroforo\/#primaryimage","url":"https:\/\/eraclitea.it\/it\/wp-content\/uploads\/2022\/05\/necroforo1.jpg","contentUrl":"https:\/\/eraclitea.it\/it\/wp-content\/uploads\/2022\/05\/necroforo1.jpg","width":300,"height":200},{"@type":"BreadcrumbList","@id":"https:\/\/eraclitea.it\/it\/prodotto\/addetto-necroforo\/#breadcrumb","itemListElement":[{"@type":"ListItem","position":1,"name":"Home","item":"https:\/\/eraclitea.it\/it\/"},{"@type":"ListItem","position":2,"name":"Corsi","item":"https:\/\/eraclitea.it\/it\/corsi\/"},{"@type":"ListItem","position":3,"name":"Addetto Necroforo"}]},{"@type":"WebSite","@id":"https:\/\/eraclitea.it\/it\/#website","url":"https:\/\/eraclitea.it\/it\/","name":"Accademia Eraclitea","description":"Ente di Ricerca e di Alta Formazione Accreditato","potentialAction":[{"@type":"SearchAction","target":{"@type":"EntryPoint","urlTemplate":"https:\/\/eraclitea.it\/it\/?s={search_term_string}"},"query-input":{"@type":"PropertyValueSpecification","valueRequired":true,"valueName":"search_term_string"}}],"inLanguage":"it-IT"}]}},"jetpack_sharing_enabled":true,"_links":{"self":[{"href":"https:\/\/eraclitea.it\/it\/wp-json\/wp\/v2\/product\/8304","targetHints":{"allow":["GET"]}}],"collection":[{"href":"https:\/\/eraclitea.it\/it\/wp-json\/wp\/v2\/product"}],"about":[{"href":"https:\/\/eraclitea.it\/it\/wp-json\/wp\/v2\/types\/product"}],"replies":[{"embeddable":true,"href":"https:\/\/eraclitea.it\/it\/wp-json\/wp\/v2\/comments?post=8304"}],"wp:featuredmedia":[{"embeddable":true,"href":"https:\/\/eraclitea.it\/it\/wp-json\/wp\/v2\/media\/8333"}],"wp:attachment":[{"href":"https:\/\/eraclitea.it\/it\/wp-json\/wp\/v2\/media?parent=8304"}],"wp:term":[{"taxonomy":"product_brand","embeddable":true,"href":"https:\/\/eraclitea.it\/it\/wp-json\/wp\/v2\/product_brand?post=8304"},{"taxonomy":"product_cat","embeddable":true,"href":"https:\/\/eraclitea.it\/it\/wp-json\/wp\/v2\/product_cat?post=8304"},{"taxonomy":"product_tag","embeddable":true,"href":"https:\/\/eraclitea.it\/it\/wp-json\/wp\/v2\/product_tag?post=8304"}],"curies":[{"name":"wp","href":"https:\/\/api.w.org\/{rel}","templated":true}]}}