{"id":7501,"date":"2021-08-12T16:38:14","date_gmt":"2021-08-12T16:38:14","guid":{"rendered":"https:\/\/eraclitea.it\/it\/?post_type=product&#038;p=7501"},"modified":"2021-08-12T17:02:22","modified_gmt":"2021-08-12T17:02:22","slug":"revisore-condominiale","status":"publish","type":"product","link":"https:\/\/eraclitea.it\/it\/prodotto\/revisore-condominiale\/","title":{"rendered":"Revisore Condominiale"},"content":{"rendered":"<table style=\"border: 0px; height: 244px; width: 721px;\">\n<tbody>\n<tr>\n<td style=\"width: 38.75px;\"><a href=\"https:\/\/eraclitea.it\/it\/wp-content\/uploads\/2021\/01\/orolo2.png\"><img loading=\"lazy\" decoding=\"async\" class=\"alignnone wp-image-887 \" src=\"https:\/\/eraclitea.it\/it\/wp-content\/uploads\/2021\/03\/tempo.png\" alt=\"\" width=\"33\" height=\"33\" \/><\/a><\/td>\n<td style=\"width: 147.841px;\">\n<h4 class=\"et_pb_module_header\">Durata del corso:<\/h4>\n<\/td>\n<td style=\"width: 515.114px;\">24 ore (on line)<\/td>\n<\/tr>\n<tr>\n<td style=\"width: 38.75px;\"><a href=\"https:\/\/eraclitea.it\/it\/wp-content\/uploads\/2021\/03\/Tavola-da-disegno-\u2013-13.png\"><img loading=\"lazy\" decoding=\"async\" class=\"alignnone wp-image-3710 \" src=\"https:\/\/eraclitea.it\/it\/wp-content\/uploads\/2021\/03\/Tavola-da-disegno-\u2013-13-300x300.png\" alt=\"\" width=\"39\" height=\"39\" srcset=\"https:\/\/eraclitea.it\/it\/wp-content\/uploads\/2021\/03\/Tavola-da-disegno-\u2013-13-300x300.png 300w, https:\/\/eraclitea.it\/it\/wp-content\/uploads\/2021\/03\/Tavola-da-disegno-\u2013-13-150x150.png 150w, https:\/\/eraclitea.it\/it\/wp-content\/uploads\/2021\/03\/Tavola-da-disegno-\u2013-13-100x100.png 100w, https:\/\/eraclitea.it\/it\/wp-content\/uploads\/2021\/03\/Tavola-da-disegno-\u2013-13-64x64.png 64w, https:\/\/eraclitea.it\/it\/wp-content\/uploads\/2021\/03\/Tavola-da-disegno-\u2013-13.png 400w\" sizes=\"(max-width: 39px) 100vw, 39px\" \/><\/a><\/td>\n<td style=\"width: 147.841px;\">\n<h4>N. Partecipanti:<\/h4>\n<\/td>\n<td style=\"width: 515.114px;\">20 Max<\/td>\n<\/tr>\n<tr>\n<td style=\"width: 38.75px;\"><a href=\"https:\/\/eraclitea.it\/it\/wp-content\/uploads\/2021\/04\/Tavola-da-disegno-\u2013-13-2.png\"><img loading=\"lazy\" decoding=\"async\" class=\"alignnone size-medium wp-image-5967\" src=\"https:\/\/eraclitea.it\/it\/wp-content\/uploads\/2021\/04\/Tavola-da-disegno-\u2013-13-2-300x300.png\" alt=\"\" width=\"300\" height=\"300\" \/><\/a><\/td>\n<td style=\"width: 147.841px;\">\n<h4>A chi \u00e8 rivolto:<\/h4>\n<\/td>\n<td style=\"width: 515.114px;\">\n<ul>\n<li>Laureati e diplomati con esperienza amministrativa che intendono approfondire il tema della revisione condominiale con taglio pratico ed operativo<\/li>\n<li>Amministratori di condominio, building manager<\/li>\n<li>Commercialisti, tributaristi, revisori dei conti, consulenti del lavoro<\/li>\n<li>Avvocati, giuristi<\/li>\n<li>Architetti, geometri, ingegneri, periti<\/li>\n<\/ul>\n<\/td>\n<\/tr>\n<\/tbody>\n<\/table>\n<p>&nbsp;<\/p>\n<p>La nuova figura del\u00a0Revisore Contabile Condominiale\u00a0\u00e8 stata introdotta con l\u2019Articolo 1130-bis del Codice Civile\u00a0dalla\u00a0Legge di Riforma del Condominio (n. 220\/2012)\u00a0con l\u2019obiettivo di verificare in maniera chiara e trasparente la\u00a0contabilit\u00e0 condominiale e di tutelare, pertanto, il patrimonio di tutti i condomini.<\/p>\n<p>&nbsp;<\/p>\n<h3><\/h3>\n<h3><span style=\"color: #333333; font-size: 22px;\">Obiettivi del corso<\/span><\/h3>\n<div>ll<span class=\"Apple-converted-space\">\u00a0\u00a0<\/span>corso si prefigge<b>\u00a0<\/b>di fornire una formazione specialistica in materia giuridica, contabile, fiscale, privacy, risoluzione dei conflitti, al fine di poter acquisire tutti gli strumenti necessari allo svolgimento della nuova figura professionale del Revisore della Contabilit\u00e0 Condominiale, figura introdotta dall\u2019art.1130 bis (c.c.) che recita \u201c<i>L\u2019assemblea\u00a0condominiale\u00a0pu\u00f2 in qualsiasi momento o per pi\u00f9 annualit\u00e0 specificamente identificate,\u00a0nominare\u00a0un revisore che verifichi la contabilit\u00e0 del condominio\u201d.<\/i><\/div>\n<div><\/div>\n<h3><\/h3>\n<p>&nbsp;<\/p>\n<h3><\/h3>\n<h3>Normativa di riferimento:<\/h3>\n<ul>\n<li>Articolo 1130-bis del Codice Civile &#8211; Legge di Riforma del Condominio (n. 220\/2012)<\/li>\n<\/ul>\n<p>&nbsp;<\/p>\n<h3>Programma Corso<\/h3>\n<div class='et-learn-more clearfix'>\n\t\t\t\t\t<h3 class='heading-more'>MODULO FORMATIVO<span class='et_learnmore_arrow'><span><\/span><\/span><\/h3>\n\t\t\t\t\t<div class='learn-more-content'><ul>\n<li>I contratti<\/li>\n<li>Nomina del Revisore Condominiale<\/li>\n<li>Il Rendiconto condominiale dopo la riforma<\/li>\n<li>Revisione del bilancio condominiale<\/li>\n<li>La circolarizzazione<\/li>\n<li>Obiettivo della Revisione contabile<\/li>\n<li>Documenti indispensabili per la Revisione<\/li>\n<li>Il GDPR<\/li>\n<li>Adempimenti fiscali<\/li>\n<li>L\u2019allineamento contabile<\/li>\n<li>Problematiche relative alla revisione in corso e su quelle pregresse<\/li>\n<li>Criteri di valutazione delle poste contabili<\/li>\n<li>L\u2019importanza del Revisore<\/li>\n<li>Le finalit\u00e0 della revisione<\/li>\n<li>La parcella del Revisore<\/li>\n<li>La relazione finale ed il giudizio del Revisore<\/li>\n<\/ul><\/div>\n\t\t\t\t<\/div>\n<p>&nbsp;<\/p>\n<h3>Certificazione<\/h3>\n<p>ATTESTATO DI QUALIFICA\u00a0di\u00a0Revisore Condominiale<\/p>\n<p>&nbsp;<\/p>\n","protected":false},"excerpt":{"rendered":"<h4>24 ore<\/h4>\n<p>ATTESTATO DI QUALIFICA\u00a0di\u00a0Revisore Condominiale<\/p>\n","protected":false},"featured_media":4813,"comment_status":"open","ping_status":"closed","template":"","meta":{"_et_pb_use_builder":"off","_et_pb_old_content":"OBIETTIVI DEL CORSO\r\n\r\nIl corso di qualifica per Operatore Socio Sanitario \u00e8 volto a formare operatori in grado di intervenire nelle situazioni caratterizzate da mancanza temporanea e\/o permanente di autonomia psicofisica. Grazie alla formazione teorico-pratica e al tirocinio pratico, gli allievi avranno l\u2019opportunit\u00e0 di sviluppare competenze professionali volte a:\r\n<ul>\r\n \t<li>identificare, classificare ed interpretare le problematiche delle diverse tipologie di utenze (minori, anziani, persone con disabilit\u00e0, pazienti oncologici);<\/li>\r\n \t<li>conoscere l\u2019organizzazione dei servizi sociali e sanitari; acquisire elementi di igiene e prevenzione e di anatomia, fisiologia e dietetica;<\/li>\r\n \t<li>identificare gli elementi necessari alla pianificazione dell\u2019assistenza e applicare le conoscenze acquisite per mantenere un ambiente terapeutico adeguato alla cura della persona e per applicare le diverse metodologie operative di carattere sanitario sugli assistiti.<\/li>\r\n<\/ul>\r\nIL CORSO E\u2019 ACCREDITATO DALLA REGIONE SICILIANA, ASSESSORATO ALLA SALUTE, AI SENSI DEL DECRETO DEL 12 AGOSTO 2020 (GURS N. 45\/2020) e ACCORDO STATO REGIONI DEL 22 FEBBRAIO 2001.\r\n\r\nPROGRAMMA \u2013 le materie di insegnamento sono articolate nelle seguenti aree disciplinari","_et_gb_content_width":"","_joinchat":[]},"product_brand":[],"product_cat":[26,47,30],"product_tag":[65,80],"class_list":{"0":"post-7501","1":"product","2":"type-product","3":"status-publish","4":"has-post-thumbnail","6":"product_cat-immobiliare","7":"product_cat-online","8":"product_cat-professioni-certificate","9":"product_tag-immobiliare","10":"product_tag-professioni-certificate","12":"first","13":"instock","14":"shipping-taxable","15":"purchasable","16":"product-type-simple"},"yoast_head":"<!-- This site is optimized with the Yoast SEO plugin v27.0 - https:\/\/yoast.com\/product\/yoast-seo-wordpress\/ -->\n<title>Revisore Condominiale - Accademia Eraclitea<\/title>\n<meta name=\"robots\" content=\"index, follow, max-snippet:-1, max-image-preview:large, max-video-preview:-1\" \/>\n<link rel=\"canonical\" href=\"https:\/\/eraclitea.it\/it\/prodotto\/revisore-condominiale\/\" \/>\n<meta property=\"og:locale\" content=\"it_IT\" \/>\n<meta property=\"og:type\" content=\"article\" \/>\n<meta property=\"og:title\" content=\"Revisore Condominiale - Accademia Eraclitea\" \/>\n<meta property=\"og:description\" content=\"24 ore ATTESTATO DI QUALIFICA\u00a0di\u00a0Revisore Condominiale\" \/>\n<meta property=\"og:url\" content=\"https:\/\/eraclitea.it\/it\/prodotto\/revisore-condominiale\/\" \/>\n<meta property=\"og:site_name\" content=\"Accademia Eraclitea\" \/>\n<meta property=\"article:modified_time\" content=\"2021-08-12T17:02:22+00:00\" \/>\n<meta property=\"og:image\" content=\"https:\/\/eraclitea.it\/it\/wp-content\/uploads\/2021\/03\/CORSO-OBBLIGATORIO-PER-AMMINISTRATORE-DI-CONDOMINIO@2x.png\" \/>\n\t<meta property=\"og:image:width\" content=\"350\" \/>\n\t<meta property=\"og:image:height\" content=\"200\" \/>\n\t<meta property=\"og:image:type\" content=\"image\/png\" \/>\n<meta name=\"twitter:card\" content=\"summary_large_image\" \/>\n<meta name=\"twitter:label1\" content=\"Tempo di lettura stimato\" \/>\n\t<meta name=\"twitter:data1\" content=\"2 minuti\" \/>\n<script type=\"application\/ld+json\" class=\"yoast-schema-graph\">{\"@context\":\"https:\/\/schema.org\",\"@graph\":[{\"@type\":\"WebPage\",\"@id\":\"https:\/\/eraclitea.it\/it\/prodotto\/revisore-condominiale\/\",\"url\":\"https:\/\/eraclitea.it\/it\/prodotto\/revisore-condominiale\/\",\"name\":\"Revisore Condominiale - Accademia Eraclitea\",\"isPartOf\":{\"@id\":\"https:\/\/eraclitea.it\/it\/#website\"},\"primaryImageOfPage\":{\"@id\":\"https:\/\/eraclitea.it\/it\/prodotto\/revisore-condominiale\/#primaryimage\"},\"image\":{\"@id\":\"https:\/\/eraclitea.it\/it\/prodotto\/revisore-condominiale\/#primaryimage\"},\"thumbnailUrl\":\"https:\/\/eraclitea.it\/it\/wp-content\/uploads\/2021\/03\/CORSO-OBBLIGATORIO-PER-AMMINISTRATORE-DI-CONDOMINIO@2x.png\",\"datePublished\":\"2021-08-12T16:38:14+00:00\",\"dateModified\":\"2021-08-12T17:02:22+00:00\",\"breadcrumb\":{\"@id\":\"https:\/\/eraclitea.it\/it\/prodotto\/revisore-condominiale\/#breadcrumb\"},\"inLanguage\":\"it-IT\",\"potentialAction\":[{\"@type\":\"ReadAction\",\"target\":[\"https:\/\/eraclitea.it\/it\/prodotto\/revisore-condominiale\/\"]}]},{\"@type\":\"ImageObject\",\"inLanguage\":\"it-IT\",\"@id\":\"https:\/\/eraclitea.it\/it\/prodotto\/revisore-condominiale\/#primaryimage\",\"url\":\"https:\/\/eraclitea.it\/it\/wp-content\/uploads\/2021\/03\/CORSO-OBBLIGATORIO-PER-AMMINISTRATORE-DI-CONDOMINIO@2x.png\",\"contentUrl\":\"https:\/\/eraclitea.it\/it\/wp-content\/uploads\/2021\/03\/CORSO-OBBLIGATORIO-PER-AMMINISTRATORE-DI-CONDOMINIO@2x.png\",\"width\":350,\"height\":200},{\"@type\":\"BreadcrumbList\",\"@id\":\"https:\/\/eraclitea.it\/it\/prodotto\/revisore-condominiale\/#breadcrumb\",\"itemListElement\":[{\"@type\":\"ListItem\",\"position\":1,\"name\":\"Home\",\"item\":\"https:\/\/eraclitea.it\/it\/\"},{\"@type\":\"ListItem\",\"position\":2,\"name\":\"Corsi\",\"item\":\"https:\/\/eraclitea.it\/it\/corsi\/\"},{\"@type\":\"ListItem\",\"position\":3,\"name\":\"Revisore Condominiale\"}]},{\"@type\":\"WebSite\",\"@id\":\"https:\/\/eraclitea.it\/it\/#website\",\"url\":\"https:\/\/eraclitea.it\/it\/\",\"name\":\"Accademia Eraclitea\",\"description\":\"Ente di Ricerca e di Alta Formazione Accreditato\",\"potentialAction\":[{\"@type\":\"SearchAction\",\"target\":{\"@type\":\"EntryPoint\",\"urlTemplate\":\"https:\/\/eraclitea.it\/it\/?s={search_term_string}\"},\"query-input\":{\"@type\":\"PropertyValueSpecification\",\"valueRequired\":true,\"valueName\":\"search_term_string\"}}],\"inLanguage\":\"it-IT\"}]}<\/script>\n<!-- \/ Yoast SEO plugin. -->","yoast_head_json":{"title":"Revisore Condominiale - Accademia Eraclitea","robots":{"index":"index","follow":"follow","max-snippet":"max-snippet:-1","max-image-preview":"max-image-preview:large","max-video-preview":"max-video-preview:-1"},"canonical":"https:\/\/eraclitea.it\/it\/prodotto\/revisore-condominiale\/","og_locale":"it_IT","og_type":"article","og_title":"Revisore Condominiale - Accademia Eraclitea","og_description":"24 ore ATTESTATO DI QUALIFICA\u00a0di\u00a0Revisore Condominiale","og_url":"https:\/\/eraclitea.it\/it\/prodotto\/revisore-condominiale\/","og_site_name":"Accademia Eraclitea","article_modified_time":"2021-08-12T17:02:22+00:00","og_image":[{"width":350,"height":200,"url":"https:\/\/eraclitea.it\/it\/wp-content\/uploads\/2021\/03\/CORSO-OBBLIGATORIO-PER-AMMINISTRATORE-DI-CONDOMINIO@2x.png","type":"image\/png"}],"twitter_card":"summary_large_image","twitter_misc":{"Tempo di lettura stimato":"2 minuti"},"schema":{"@context":"https:\/\/schema.org","@graph":[{"@type":"WebPage","@id":"https:\/\/eraclitea.it\/it\/prodotto\/revisore-condominiale\/","url":"https:\/\/eraclitea.it\/it\/prodotto\/revisore-condominiale\/","name":"Revisore Condominiale - Accademia Eraclitea","isPartOf":{"@id":"https:\/\/eraclitea.it\/it\/#website"},"primaryImageOfPage":{"@id":"https:\/\/eraclitea.it\/it\/prodotto\/revisore-condominiale\/#primaryimage"},"image":{"@id":"https:\/\/eraclitea.it\/it\/prodotto\/revisore-condominiale\/#primaryimage"},"thumbnailUrl":"https:\/\/eraclitea.it\/it\/wp-content\/uploads\/2021\/03\/CORSO-OBBLIGATORIO-PER-AMMINISTRATORE-DI-CONDOMINIO@2x.png","datePublished":"2021-08-12T16:38:14+00:00","dateModified":"2021-08-12T17:02:22+00:00","breadcrumb":{"@id":"https:\/\/eraclitea.it\/it\/prodotto\/revisore-condominiale\/#breadcrumb"},"inLanguage":"it-IT","potentialAction":[{"@type":"ReadAction","target":["https:\/\/eraclitea.it\/it\/prodotto\/revisore-condominiale\/"]}]},{"@type":"ImageObject","inLanguage":"it-IT","@id":"https:\/\/eraclitea.it\/it\/prodotto\/revisore-condominiale\/#primaryimage","url":"https:\/\/eraclitea.it\/it\/wp-content\/uploads\/2021\/03\/CORSO-OBBLIGATORIO-PER-AMMINISTRATORE-DI-CONDOMINIO@2x.png","contentUrl":"https:\/\/eraclitea.it\/it\/wp-content\/uploads\/2021\/03\/CORSO-OBBLIGATORIO-PER-AMMINISTRATORE-DI-CONDOMINIO@2x.png","width":350,"height":200},{"@type":"BreadcrumbList","@id":"https:\/\/eraclitea.it\/it\/prodotto\/revisore-condominiale\/#breadcrumb","itemListElement":[{"@type":"ListItem","position":1,"name":"Home","item":"https:\/\/eraclitea.it\/it\/"},{"@type":"ListItem","position":2,"name":"Corsi","item":"https:\/\/eraclitea.it\/it\/corsi\/"},{"@type":"ListItem","position":3,"name":"Revisore Condominiale"}]},{"@type":"WebSite","@id":"https:\/\/eraclitea.it\/it\/#website","url":"https:\/\/eraclitea.it\/it\/","name":"Accademia Eraclitea","description":"Ente di Ricerca e di Alta Formazione Accreditato","potentialAction":[{"@type":"SearchAction","target":{"@type":"EntryPoint","urlTemplate":"https:\/\/eraclitea.it\/it\/?s={search_term_string}"},"query-input":{"@type":"PropertyValueSpecification","valueRequired":true,"valueName":"search_term_string"}}],"inLanguage":"it-IT"}]}},"jetpack_sharing_enabled":true,"_links":{"self":[{"href":"https:\/\/eraclitea.it\/it\/wp-json\/wp\/v2\/product\/7501","targetHints":{"allow":["GET"]}}],"collection":[{"href":"https:\/\/eraclitea.it\/it\/wp-json\/wp\/v2\/product"}],"about":[{"href":"https:\/\/eraclitea.it\/it\/wp-json\/wp\/v2\/types\/product"}],"replies":[{"embeddable":true,"href":"https:\/\/eraclitea.it\/it\/wp-json\/wp\/v2\/comments?post=7501"}],"wp:featuredmedia":[{"embeddable":true,"href":"https:\/\/eraclitea.it\/it\/wp-json\/wp\/v2\/media\/4813"}],"wp:attachment":[{"href":"https:\/\/eraclitea.it\/it\/wp-json\/wp\/v2\/media?parent=7501"}],"wp:term":[{"taxonomy":"product_brand","embeddable":true,"href":"https:\/\/eraclitea.it\/it\/wp-json\/wp\/v2\/product_brand?post=7501"},{"taxonomy":"product_cat","embeddable":true,"href":"https:\/\/eraclitea.it\/it\/wp-json\/wp\/v2\/product_cat?post=7501"},{"taxonomy":"product_tag","embeddable":true,"href":"https:\/\/eraclitea.it\/it\/wp-json\/wp\/v2\/product_tag?post=7501"}],"curies":[{"name":"wp","href":"https:\/\/api.w.org\/{rel}","templated":true}]}}