{"id":7284,"date":"2021-08-01T10:22:02","date_gmt":"2021-08-01T10:22:02","guid":{"rendered":"https:\/\/eraclitea.it\/it\/?post_type=product&#038;p=7284"},"modified":"2021-08-03T12:43:57","modified_gmt":"2021-08-03T12:43:57","slug":"corso-microsoft-word","status":"publish","type":"product","link":"https:\/\/eraclitea.it\/it\/prodotto\/corso-microsoft-word\/","title":{"rendered":"Corso Microsoft Word"},"content":{"rendered":"<table style=\"border: 0px; height: 244px; width: 721px;\">\n<tbody>\n<tr>\n<td style=\"width: 38.75px;\"><a href=\"https:\/\/eraclitea.it\/it\/wp-content\/uploads\/2021\/01\/orolo2.png\"><img loading=\"lazy\" decoding=\"async\" class=\"alignnone wp-image-887 \" src=\"https:\/\/eraclitea.it\/it\/wp-content\/uploads\/2021\/03\/tempo.png\" alt=\"\" width=\"33\" height=\"33\" \/><\/a><\/td>\n<td style=\"width: 147.841px;\">\n<h4 class=\"et_pb_module_header\">Durata del corso:<\/h4>\n<\/td>\n<td style=\"width: 515.114px;\">12 ore<\/td>\n<\/tr>\n<tr>\n<td style=\"width: 38.75px;\"><a href=\"https:\/\/eraclitea.it\/it\/wp-content\/uploads\/2021\/03\/Tavola-da-disegno-\u2013-13.png\"><img loading=\"lazy\" decoding=\"async\" class=\"alignnone wp-image-3710 \" src=\"https:\/\/eraclitea.it\/it\/wp-content\/uploads\/2021\/03\/Tavola-da-disegno-\u2013-13-300x300.png\" alt=\"\" width=\"39\" height=\"39\" srcset=\"https:\/\/eraclitea.it\/it\/wp-content\/uploads\/2021\/03\/Tavola-da-disegno-\u2013-13-300x300.png 300w, https:\/\/eraclitea.it\/it\/wp-content\/uploads\/2021\/03\/Tavola-da-disegno-\u2013-13-150x150.png 150w, https:\/\/eraclitea.it\/it\/wp-content\/uploads\/2021\/03\/Tavola-da-disegno-\u2013-13-100x100.png 100w, https:\/\/eraclitea.it\/it\/wp-content\/uploads\/2021\/03\/Tavola-da-disegno-\u2013-13-64x64.png 64w, https:\/\/eraclitea.it\/it\/wp-content\/uploads\/2021\/03\/Tavola-da-disegno-\u2013-13.png 400w\" sizes=\"(max-width: 39px) 100vw, 39px\" \/><\/a><\/td>\n<td style=\"width: 147.841px;\">\n<h4>N. Partecipanti:<\/h4>\n<\/td>\n<td style=\"width: 515.114px;\">Max 10<\/td>\n<\/tr>\n<tr>\n<td style=\"width: 38.75px;\"><a href=\"https:\/\/eraclitea.it\/it\/wp-content\/uploads\/2021\/04\/Tavola-da-disegno-\u2013-13-2.png\"><img loading=\"lazy\" decoding=\"async\" class=\"alignnone size-medium wp-image-5967\" src=\"https:\/\/eraclitea.it\/it\/wp-content\/uploads\/2021\/04\/Tavola-da-disegno-\u2013-13-2-300x300.png\" alt=\"\" width=\"300\" height=\"300\" \/><\/a><\/td>\n<td style=\"width: 147.841px;\">\n<h4>A chi \u00e8 rivolto:<\/h4>\n<\/td>\n<td style=\"width: 515.114px;\">Queste competenze sono importanti sia per la vita quotidiana sia per il lavoro, dove \u00e8 sempre pi\u00f9 richiesta ed apprezzata una loro specifica qualifica.<\/td>\n<\/tr>\n<\/tbody>\n<\/table>\n<p>&nbsp;<\/p>\n<p><span style=\"color: #ff0000;\">ACCADEMIA ERACLITEA\u00a0 \u00e8 Test Center autorizzato Certiport e, pertanto, gli interessati potranno sostenere gli esami per ottenere la certificazione ufficiale Word MOS\u00ae (Microsoft Office Specialist).<\/span><\/p>\n<h3><\/h3>\n<p>&nbsp;<\/p>\n<h3>Obiettivi<\/h3>\n<p>Il corso proposto di\u00a0<strong>Microsoft Word<\/strong> \u00e8 rivolto a tutti coloro che vogliono apprendere le funzioni principali del software, gli interessati, previo esame, potranno conseguire la certificazione MOS Word.<\/p>\n<p>Il corso \u00e8 strutturato in modo tale da fornire agli studenti il giusto mix tra nozioni e pratica, in modo da far acquisire al discente pratica e autonomia dell\u2019utilizzo del programma.<\/p>\n<p>Durante il corso verranno esaminate le\u00a0<strong>funzionalit\u00e0 base di Word<\/strong>\u00a0per consentire poi all\u2019utente di acquisire familiarit\u00e0 con l\u2019applicativo.<\/p>\n<h3><\/h3>\n<div class='et-learn-more clearfix'>\n\t\t\t\t\t<h3 class='heading-more'>Programma<span class='et_learnmore_arrow'><span><\/span><\/span><\/h3>\n\t\t\t\t\t<div class='learn-more-content'><p>CREARE E GESTIRE DOCUMENTI<\/p>\n<ul>\n<li>Creare un documento<\/li>\n<li>Creare un documento vuoto, creare un documento vuoto utilizzando un modello, aprire un PDF in Word per modificarlo, inserire del testo da un file o fonte esterna<\/li>\n<li>Spostarsi all&#8217;interno di un documento<\/li>\n<li>Cercare del testo, inserire collegamenti ipertestuali, creare segnalibri, spostarsi in una specifica posizione o un oggetto in un documento<\/li>\n<li>Formattare un documento<\/li>\n<li>Modificare le impostazioni della pagina, applicare temi e set di stili a un documento, inserire intestazioni, pi\u00e8 di pagina, numeri di pagina, formattare gli elementi di sfondo di una pagina<\/li>\n<li>Personalizzare le opzioni e visualizzazioni dei documenti<\/li>\n<li>Modificare le viste di un documento, personalizzare le visualizzazioni utilizzando le impostazioni di ingrandimento, personalizzare la barra di accesso rapido, dividere la finestra, aggiungere propriet\u00e0 del documento, visualizzare o nascondere i simboli di formattazione<\/li>\n<li>Stampare e salvare documenti<\/li>\n<li>Modificare le impostazioni di stampa, salvare documenti in formati di file alternativi, stampare tutto o parte di un documenti, esaminare un documento per propriet\u00e0 nascoste o informazioni personali, esaminare un documento per problemi di accessibilit\u00e0, esaminare un documento per problemi di compatibilit\u00e0<\/li>\n<\/ul>\n<p>FORMATTARE TESTO, PARAGRAFI E SEZIONI<\/p>\n<ul>\n<li>Inserire testo e paragrafi<\/li>\n<li>Trovare e sostituire testo; tagliare, copiare e incollare del testo; sostituire del testo utilizzando la Correzione automatica; inserire caratteri speciali<\/li>\n<li>Formattare testo e paragrafi<\/li>\n<li>Applicare la formattazione del carattere, applicare la formattazione del carattere utilizzando Copia formato, impostare spazi e rientri a righe e paragrafi, eliminare la formattazione, applicare un evidenziatore di testo alle selezioni di testo, applicare stili predefiniti al testo, modificare il testo in WordArt<\/li>\n<li>Ordinare e raggruppare testo e paragrafi<\/li>\n<li>Formattare il testo in colonne multiple; inserire interruzioni di pagina, sezione o colonna; modificare le opzioni di impostazione della pagina per una sezione<\/li>\n<\/ul>\n<p>CREARE TABELLE ED ELENCHI<\/p>\n<ul>\n<li>Creare una tabella<\/li>\n<li>Convertire testo in tabelle, tabelle in testo, creare una tabella specificando righe e colonne, applicare stili alla tabella<\/li>\n<li>Modificare una tabella<\/li>\n<li>Ordinare dei dati nella tabella; configurare i margini e la spaziature di una cella; unire e dividere le celle; ridimensionare le tabelle, righe e colonne; dividere le tabelle; configurare una riga di intestazione ripetitiva<\/li>\n<li>Creare e modificare un elenco<\/li>\n<li>Creare elenchi numerati o puntati, modificare i formati del carattere e del numero del punto elenco per un livello dell&#8217;elenco, definire il formato del carattere e del numero del punto elenco personalizzato, aumentare o diminuire i livelli dell&#8217;elenco, ripristinare o continuare la numerazione dell&#8217;elenco, impostare un valore numerico di partenza<\/li>\n<\/ul>\n<p>CREARE E GESTIRE RIFERIMENTI<\/p>\n<ul>\n<li>Creare e gestire i marcatori di riferimento<\/li>\n<li>Inserire note a pi\u00e8 di pagina e note di chiusura, modificare le propriet\u00e0 della note a pi\u00e8 di pagina e note di chiusura, creare fonti di citazioni bibliografiche, modificare fonti di citazioni bibliografiche, inserire citazioni per bibliografie, inserire didascalie di immagini e tabelle, modificare le propriet\u00e0 della didascalia\n\u2022 Creare e gestire riferimenti semplici<\/li>\n<li>Inserire una tabella di contenuti standard, aggiornare una tabella di contenuti standard, inserire una pagina di copertina<\/li>\n<\/ul>\n<p>INSERIRE E FORMATTARE GLI ELEMENTI GRAFICI<\/p>\n<ul>\n<li>Inserire gli elementi grafici<\/li>\n<li>Inserire forme, immagini, screenshot o ritaglio di schermata, caselle di testo<\/li>\n<li>Formattare gli elementi grafici<\/li>\n<li>\u00a0Applicare effetti artistici, effetti all&#8217;immagine, rimuovere sfondi di immagine, formattare oggetti, applicare uno stile immagine, definire la disposizione del testo\nintorno agli oggetti, posizionare oggetti, aggiungere testo alternativo a oggetti per l&#8217;accessibilit\u00e0<\/li>\n<li>Inserire e formattare grafici Smart Art<\/li>\n<li>Creare grafici Smart Art, formattare grafici Smart Art, modificare contenuto Smart Art<\/li>\n<\/ul><\/div>\n\t\t\t\t<\/div>\n<p>Ogni partecipante riceve un attestato di partecipazione al corso, solo se verr\u00e0 rispettata la presenza minima richiesta in aula dell\u201980%.<\/p>\n<p>Gli interessati potranno sostenere gli esami Word MOS\u00ae (Microsoft Office Specialist).<\/p>\n<p>&nbsp;<\/p>\n","protected":false},"excerpt":{"rendered":"<h4>Ore 12<\/h4>\n<p>Gli interessati potranno sostenere gli esami Word MOS\u00ae (Microsoft Office Specialist).<\/p>\n","protected":false},"featured_media":7337,"comment_status":"open","ping_status":"closed","template":"","meta":{"_et_pb_use_builder":"off","_et_pb_old_content":"OBIETTIVI DEL CORSO\r\n\r\nIl corso di qualifica per Operatore Socio Sanitario \u00e8 volto a formare operatori in grado di intervenire nelle situazioni caratterizzate da mancanza temporanea e\/o permanente di autonomia psicofisica. Grazie alla formazione teorico-pratica e al tirocinio pratico, gli allievi avranno l\u2019opportunit\u00e0 di sviluppare competenze professionali volte a:\r\n<ul>\r\n \t<li>identificare, classificare ed interpretare le problematiche delle diverse tipologie di utenze (minori, anziani, persone con disabilit\u00e0, pazienti oncologici);<\/li>\r\n \t<li>conoscere l\u2019organizzazione dei servizi sociali e sanitari; acquisire elementi di igiene e prevenzione e di anatomia, fisiologia e dietetica;<\/li>\r\n \t<li>identificare gli elementi necessari alla pianificazione dell\u2019assistenza e applicare le conoscenze acquisite per mantenere un ambiente terapeutico adeguato alla cura della persona e per applicare le diverse metodologie operative di carattere sanitario sugli assistiti.<\/li>\r\n<\/ul>\r\nIL CORSO E\u2019 ACCREDITATO DALLA REGIONE SICILIANA, ASSESSORATO ALLA SALUTE, AI SENSI DEL DECRETO DEL 12 AGOSTO 2020 (GURS N. 45\/2020) e ACCORDO STATO REGIONI DEL 22 FEBBRAIO 2001.\r\n\r\nPROGRAMMA \u2013 le materie di insegnamento sono articolate nelle seguenti aree disciplinari","_et_gb_content_width":"","_joinchat":[]},"product_brand":[],"product_cat":[27],"product_tag":[],"class_list":{"0":"post-7284","1":"product","2":"type-product","3":"status-publish","4":"has-post-thumbnail","6":"product_cat-informatica","8":"first","9":"instock","10":"shipping-taxable","11":"product-type-simple"},"yoast_head":"<!-- This site is optimized with the Yoast SEO plugin v27.0 - https:\/\/yoast.com\/product\/yoast-seo-wordpress\/ -->\n<title>Corso Microsoft Word - Accademia Eraclitea<\/title>\n<meta name=\"robots\" content=\"index, follow, max-snippet:-1, max-image-preview:large, max-video-preview:-1\" \/>\n<link rel=\"canonical\" href=\"https:\/\/eraclitea.it\/it\/prodotto\/corso-microsoft-word\/\" \/>\n<meta property=\"og:locale\" content=\"it_IT\" \/>\n<meta property=\"og:type\" content=\"article\" \/>\n<meta property=\"og:title\" content=\"Corso Microsoft Word - Accademia Eraclitea\" \/>\n<meta property=\"og:description\" content=\"Ore 12 Gli interessati potranno sostenere gli esami Word MOS\u00ae (Microsoft Office Specialist).\" \/>\n<meta property=\"og:url\" content=\"https:\/\/eraclitea.it\/it\/prodotto\/corso-microsoft-word\/\" \/>\n<meta property=\"og:site_name\" content=\"Accademia Eraclitea\" \/>\n<meta property=\"article:modified_time\" content=\"2021-08-03T12:43:57+00:00\" \/>\n<meta property=\"og:image\" content=\"https:\/\/eraclitea.it\/it\/wp-content\/uploads\/2021\/08\/Microsoft_Word-Logo.wine_-1.png\" \/>\n\t<meta property=\"og:image:width\" content=\"300\" \/>\n\t<meta property=\"og:image:height\" content=\"200\" \/>\n\t<meta property=\"og:image:type\" content=\"image\/png\" \/>\n<meta name=\"twitter:card\" content=\"summary_large_image\" \/>\n<meta name=\"twitter:label1\" content=\"Tempo di lettura stimato\" \/>\n\t<meta name=\"twitter:data1\" content=\"4 minuti\" \/>\n<script type=\"application\/ld+json\" class=\"yoast-schema-graph\">{\"@context\":\"https:\/\/schema.org\",\"@graph\":[{\"@type\":\"WebPage\",\"@id\":\"https:\/\/eraclitea.it\/it\/prodotto\/corso-microsoft-word\/\",\"url\":\"https:\/\/eraclitea.it\/it\/prodotto\/corso-microsoft-word\/\",\"name\":\"Corso Microsoft Word - Accademia Eraclitea\",\"isPartOf\":{\"@id\":\"https:\/\/eraclitea.it\/it\/#website\"},\"primaryImageOfPage\":{\"@id\":\"https:\/\/eraclitea.it\/it\/prodotto\/corso-microsoft-word\/#primaryimage\"},\"image\":{\"@id\":\"https:\/\/eraclitea.it\/it\/prodotto\/corso-microsoft-word\/#primaryimage\"},\"thumbnailUrl\":\"https:\/\/eraclitea.it\/it\/wp-content\/uploads\/2021\/08\/Microsoft_Word-Logo.wine_-1.png\",\"datePublished\":\"2021-08-01T10:22:02+00:00\",\"dateModified\":\"2021-08-03T12:43:57+00:00\",\"breadcrumb\":{\"@id\":\"https:\/\/eraclitea.it\/it\/prodotto\/corso-microsoft-word\/#breadcrumb\"},\"inLanguage\":\"it-IT\",\"potentialAction\":[{\"@type\":\"ReadAction\",\"target\":[\"https:\/\/eraclitea.it\/it\/prodotto\/corso-microsoft-word\/\"]}]},{\"@type\":\"ImageObject\",\"inLanguage\":\"it-IT\",\"@id\":\"https:\/\/eraclitea.it\/it\/prodotto\/corso-microsoft-word\/#primaryimage\",\"url\":\"https:\/\/eraclitea.it\/it\/wp-content\/uploads\/2021\/08\/Microsoft_Word-Logo.wine_-1.png\",\"contentUrl\":\"https:\/\/eraclitea.it\/it\/wp-content\/uploads\/2021\/08\/Microsoft_Word-Logo.wine_-1.png\",\"width\":300,\"height\":200},{\"@type\":\"BreadcrumbList\",\"@id\":\"https:\/\/eraclitea.it\/it\/prodotto\/corso-microsoft-word\/#breadcrumb\",\"itemListElement\":[{\"@type\":\"ListItem\",\"position\":1,\"name\":\"Home\",\"item\":\"https:\/\/eraclitea.it\/it\/\"},{\"@type\":\"ListItem\",\"position\":2,\"name\":\"Corsi\",\"item\":\"https:\/\/eraclitea.it\/it\/corsi\/\"},{\"@type\":\"ListItem\",\"position\":3,\"name\":\"Corso Microsoft Word\"}]},{\"@type\":\"WebSite\",\"@id\":\"https:\/\/eraclitea.it\/it\/#website\",\"url\":\"https:\/\/eraclitea.it\/it\/\",\"name\":\"Accademia Eraclitea\",\"description\":\"Ente di Ricerca e di Alta Formazione Accreditato\",\"potentialAction\":[{\"@type\":\"SearchAction\",\"target\":{\"@type\":\"EntryPoint\",\"urlTemplate\":\"https:\/\/eraclitea.it\/it\/?s={search_term_string}\"},\"query-input\":{\"@type\":\"PropertyValueSpecification\",\"valueRequired\":true,\"valueName\":\"search_term_string\"}}],\"inLanguage\":\"it-IT\"}]}<\/script>\n<!-- \/ Yoast SEO plugin. -->","yoast_head_json":{"title":"Corso Microsoft Word - Accademia Eraclitea","robots":{"index":"index","follow":"follow","max-snippet":"max-snippet:-1","max-image-preview":"max-image-preview:large","max-video-preview":"max-video-preview:-1"},"canonical":"https:\/\/eraclitea.it\/it\/prodotto\/corso-microsoft-word\/","og_locale":"it_IT","og_type":"article","og_title":"Corso Microsoft Word - Accademia Eraclitea","og_description":"Ore 12 Gli interessati potranno sostenere gli esami Word MOS\u00ae (Microsoft Office Specialist).","og_url":"https:\/\/eraclitea.it\/it\/prodotto\/corso-microsoft-word\/","og_site_name":"Accademia Eraclitea","article_modified_time":"2021-08-03T12:43:57+00:00","og_image":[{"width":300,"height":200,"url":"https:\/\/eraclitea.it\/it\/wp-content\/uploads\/2021\/08\/Microsoft_Word-Logo.wine_-1.png","type":"image\/png"}],"twitter_card":"summary_large_image","twitter_misc":{"Tempo di lettura stimato":"4 minuti"},"schema":{"@context":"https:\/\/schema.org","@graph":[{"@type":"WebPage","@id":"https:\/\/eraclitea.it\/it\/prodotto\/corso-microsoft-word\/","url":"https:\/\/eraclitea.it\/it\/prodotto\/corso-microsoft-word\/","name":"Corso Microsoft Word - Accademia Eraclitea","isPartOf":{"@id":"https:\/\/eraclitea.it\/it\/#website"},"primaryImageOfPage":{"@id":"https:\/\/eraclitea.it\/it\/prodotto\/corso-microsoft-word\/#primaryimage"},"image":{"@id":"https:\/\/eraclitea.it\/it\/prodotto\/corso-microsoft-word\/#primaryimage"},"thumbnailUrl":"https:\/\/eraclitea.it\/it\/wp-content\/uploads\/2021\/08\/Microsoft_Word-Logo.wine_-1.png","datePublished":"2021-08-01T10:22:02+00:00","dateModified":"2021-08-03T12:43:57+00:00","breadcrumb":{"@id":"https:\/\/eraclitea.it\/it\/prodotto\/corso-microsoft-word\/#breadcrumb"},"inLanguage":"it-IT","potentialAction":[{"@type":"ReadAction","target":["https:\/\/eraclitea.it\/it\/prodotto\/corso-microsoft-word\/"]}]},{"@type":"ImageObject","inLanguage":"it-IT","@id":"https:\/\/eraclitea.it\/it\/prodotto\/corso-microsoft-word\/#primaryimage","url":"https:\/\/eraclitea.it\/it\/wp-content\/uploads\/2021\/08\/Microsoft_Word-Logo.wine_-1.png","contentUrl":"https:\/\/eraclitea.it\/it\/wp-content\/uploads\/2021\/08\/Microsoft_Word-Logo.wine_-1.png","width":300,"height":200},{"@type":"BreadcrumbList","@id":"https:\/\/eraclitea.it\/it\/prodotto\/corso-microsoft-word\/#breadcrumb","itemListElement":[{"@type":"ListItem","position":1,"name":"Home","item":"https:\/\/eraclitea.it\/it\/"},{"@type":"ListItem","position":2,"name":"Corsi","item":"https:\/\/eraclitea.it\/it\/corsi\/"},{"@type":"ListItem","position":3,"name":"Corso Microsoft Word"}]},{"@type":"WebSite","@id":"https:\/\/eraclitea.it\/it\/#website","url":"https:\/\/eraclitea.it\/it\/","name":"Accademia Eraclitea","description":"Ente di Ricerca e di Alta Formazione Accreditato","potentialAction":[{"@type":"SearchAction","target":{"@type":"EntryPoint","urlTemplate":"https:\/\/eraclitea.it\/it\/?s={search_term_string}"},"query-input":{"@type":"PropertyValueSpecification","valueRequired":true,"valueName":"search_term_string"}}],"inLanguage":"it-IT"}]}},"jetpack_sharing_enabled":true,"_links":{"self":[{"href":"https:\/\/eraclitea.it\/it\/wp-json\/wp\/v2\/product\/7284","targetHints":{"allow":["GET"]}}],"collection":[{"href":"https:\/\/eraclitea.it\/it\/wp-json\/wp\/v2\/product"}],"about":[{"href":"https:\/\/eraclitea.it\/it\/wp-json\/wp\/v2\/types\/product"}],"replies":[{"embeddable":true,"href":"https:\/\/eraclitea.it\/it\/wp-json\/wp\/v2\/comments?post=7284"}],"wp:featuredmedia":[{"embeddable":true,"href":"https:\/\/eraclitea.it\/it\/wp-json\/wp\/v2\/media\/7337"}],"wp:attachment":[{"href":"https:\/\/eraclitea.it\/it\/wp-json\/wp\/v2\/media?parent=7284"}],"wp:term":[{"taxonomy":"product_brand","embeddable":true,"href":"https:\/\/eraclitea.it\/it\/wp-json\/wp\/v2\/product_brand?post=7284"},{"taxonomy":"product_cat","embeddable":true,"href":"https:\/\/eraclitea.it\/it\/wp-json\/wp\/v2\/product_cat?post=7284"},{"taxonomy":"product_tag","embeddable":true,"href":"https:\/\/eraclitea.it\/it\/wp-json\/wp\/v2\/product_tag?post=7284"}],"curies":[{"name":"wp","href":"https:\/\/api.w.org\/{rel}","templated":true}]}}