{"id":7266,"date":"2021-07-27T12:53:21","date_gmt":"2021-07-27T12:53:21","guid":{"rendered":"https:\/\/eraclitea.it\/it\/?post_type=product&#038;p=7266"},"modified":"2021-07-27T14:18:48","modified_gmt":"2021-07-27T14:18:48","slug":"certiport-authorized-testing-center","status":"publish","type":"product","link":"https:\/\/eraclitea.it\/it\/prodotto\/certiport-authorized-testing-center\/","title":{"rendered":"CERTIPORT &#8211; Authorized Testing Center"},"content":{"rendered":"<table style=\"border: 0px; height: 244px; width: 721px;\">\n<tbody>\n<tr>\n<td style=\"width: 38.75px;\"><a href=\"https:\/\/eraclitea.it\/it\/wp-content\/uploads\/2021\/01\/orolo2.png\"><img loading=\"lazy\" decoding=\"async\" class=\"alignnone wp-image-887 \" src=\"https:\/\/eraclitea.it\/it\/wp-content\/uploads\/2021\/03\/tempo.png\" alt=\"\" width=\"33\" height=\"33\" \/><\/a><\/td>\n<td style=\"width: 147.841px;\">\n<h4 class=\"et_pb_module_header\">Durata del corso:<\/h4>\n<\/td>\n<td style=\"width: 515.114px;\">Esami in sede<\/td>\n<\/tr>\n<tr>\n<td style=\"width: 38.75px;\"><a href=\"https:\/\/eraclitea.it\/it\/wp-content\/uploads\/2021\/03\/Tavola-da-disegno-\u2013-13.png\"><img loading=\"lazy\" decoding=\"async\" class=\"alignnone wp-image-3710 \" src=\"https:\/\/eraclitea.it\/it\/wp-content\/uploads\/2021\/03\/Tavola-da-disegno-\u2013-13-300x300.png\" alt=\"\" width=\"39\" height=\"39\" srcset=\"https:\/\/eraclitea.it\/it\/wp-content\/uploads\/2021\/03\/Tavola-da-disegno-\u2013-13-300x300.png 300w, https:\/\/eraclitea.it\/it\/wp-content\/uploads\/2021\/03\/Tavola-da-disegno-\u2013-13-150x150.png 150w, https:\/\/eraclitea.it\/it\/wp-content\/uploads\/2021\/03\/Tavola-da-disegno-\u2013-13-100x100.png 100w, https:\/\/eraclitea.it\/it\/wp-content\/uploads\/2021\/03\/Tavola-da-disegno-\u2013-13-64x64.png 64w, https:\/\/eraclitea.it\/it\/wp-content\/uploads\/2021\/03\/Tavola-da-disegno-\u2013-13.png 400w\" sizes=\"(max-width: 39px) 100vw, 39px\" \/><\/a><\/td>\n<td style=\"width: 147.841px;\">\n<h4>N. Partecipanti:<\/h4>\n<\/td>\n<td style=\"width: 515.114px;\">Max 6 per ogni sessione di esami<\/td>\n<\/tr>\n<tr>\n<td style=\"width: 38.75px;\"><a href=\"https:\/\/eraclitea.it\/it\/wp-content\/uploads\/2021\/04\/Tavola-da-disegno-\u2013-13-2.png\"><img loading=\"lazy\" decoding=\"async\" class=\"alignnone size-medium wp-image-5967\" src=\"https:\/\/eraclitea.it\/it\/wp-content\/uploads\/2021\/04\/Tavola-da-disegno-\u2013-13-2-300x300.png\" alt=\"\" width=\"300\" height=\"300\" \/><\/a><\/td>\n<td style=\"width: 147.841px;\">\n<h4>A chi \u00e8 rivolto:<\/h4>\n<\/td>\n<td style=\"width: 515.114px;\">Persone che cercano di avanzare nella loro carriera IT<\/td>\n<\/tr>\n<\/tbody>\n<\/table>\n<p>&nbsp;<\/p>\n<p>&nbsp;<\/p>\n<div>\n<h3>Obiettivi<\/h3>\n<p>&nbsp;<\/p>\n<h4><em>CERTIPORT <\/em>certifica le tue competenze informatiche, qualifica e aggiungi valore al tuo Curriculum Vitae, facilitando il tuo inserimento nel mondo del lavoro.<\/h4>\n<p>&nbsp;<\/p>\n<p>Certiport \u00e8 una societ\u00e0 del gruppo Pearson VUE, fondata nel 1997 ed ora principale fornitore dei servizi di sviluppo, erogazione e gestione degli esami di Certificazione. Gli esami Certiport vengono erogati attraverso una vasta rete di oltre 14.000 (CATC) Centri di Test Autorizzati da Certiport in tutto il mondo.<\/p>\n<\/div>\n<h4><\/h4>\n<p>&nbsp;<\/p>\n<div>\n<h4>LE CERTIFICAZIONI<\/h4>\n<div class='et-learn-more clearfix'>\n\t\t\t\t\t<h3 class='heading-more'>IC3 Digital Literacy Certification<span class='et_learnmore_arrow'><span><\/span><\/span><\/h3>\n\t\t\t\t\t<div class='learn-more-content'><p>Percorso completo di Formazione e Certificazione basato sulle pi\u00f9 recenti e innovative tecnologie IT. Fornisce le competenze per coloro che desiderano entrare nel mondo dell\u2019informatica e acquisire le conoscenze necessarie per lavorare con il personal computer, le usuali applicazioni di ufficio e Internet.\nLa Certificazione IC3 si ottiene superando tre esami:<\/p>\n<ul>\n<li>Computing Fundamentals;<\/li>\n<li>Key Applications;<\/li>\n<li>Living OnLine.<\/li>\n<\/ul><\/div>\n\t\t\t\t<\/div>\n<div class='et-learn-more clearfix'>\n\t\t\t\t\t<h3 class='heading-more'>IC DAC Digital Administration Code<span class='et_learnmore_arrow'><span><\/span><\/span><\/h3>\n\t\t\t\t\t<div class='learn-more-content'><p>La Certificazione IC DAC si ottiene superando un (1) solo esame, si propone come qualificante strumento di efficienza e coniuga la normativa e gli strumenti tecnologici per la gestione elettronica dei documenti. IC DAC \u00e9 riconosciuta come CFP in diversi Ordini degli Avvocati.<\/p>\n<p>L&#8217;esame \u00e8 composto dal seguente programma:<\/p>\n<ul>\n<li>L\u2019Amministrazione Digitale<\/li>\n<li>La Firma Digitale<\/li>\n<li>La Posta Elettronica Certificata<\/li>\n<li>Siti web delle PA. Sicurezza, continuit\u00e0 operativa e \u201cdisaster recovery\u201d, Cloud Computing<\/li>\n<\/ul><\/div>\n\t\t\t\t<\/div>\n<div class='et-learn-more clearfix'>\n\t\t\t\t\t<h3 class='heading-more'>IC PHP Developer Fundamentals<span class='et_learnmore_arrow'><span><\/span><\/span><\/h3>\n\t\t\t\t\t<div class='learn-more-content'><p>IC PHP Developer Fundamentals convalida le conoscenze fondamentali nello sviluppo di software per pagine web e integrazione di dati e informazioni\nattraverso i pi\u00f9 popolari Database di riferimento. Offre le basi nella codifica di un sistema e sua integrazione nell\u2019utilizzo di hardware, software e sistemi operativi.<\/p><\/div>\n\t\t\t\t<\/div>\n<div class='et-learn-more clearfix'>\n\t\t\t\t\t<h3 class='heading-more'>Microsoft Office Specialist (MOS)<span class='et_learnmore_arrow'><span><\/span><\/span><\/h3>\n\t\t\t\t\t<div class='learn-more-content'><p>Le Certificazioni MOS\u00ae (Microsoft Office Specialist), sviluppate da Certiport direttamente con Microsoft, attestano le competenze nell\u2019utilizzo dei singoli\napplicativi di Microsoft Office. Gli Esami vengono svolti operando direttamente sul software oggetto della specifica prova. Le Certificazioni MOS vengono riconosciute sia nei concorsi pubblici, sia come crediti formativi scolastici e universitari.<\/p><\/div>\n\t\t\t\t<\/div>\n<div class='et-learn-more clearfix'>\n\t\t\t\t\t<h3 class='heading-more'>Microsoft Technology Associate (MTA)<span class='et_learnmore_arrow'><span><\/span><\/span><\/h3>\n\t\t\t\t\t<div class='learn-more-content'><p>Le Certificazioni MTA\u00ae (Microsoft Technology Associate) convalidano le competenze fondamentali delle tecnologie Microsoft suddivise nei segmenti:\nSviluppo Software (Developer), Gestione di dati e informazioni (Database) e Infrastruttura informatica (IT Infrastructure). Offrono agli studenti l\u2019opportunit\u00e0\ndi sfruttare le competenze acquisite incontrando la domanda del mercato del lavoro<\/p><\/div>\n\t\t\t\t<\/div>\n<div class='et-learn-more clearfix'>\n\t\t\t\t\t<h3 class='heading-more'>Microsoft Certified Fundamental (MCF)<span class='et_learnmore_arrow'><span><\/span><\/span><\/h3>\n\t\t\t\t\t<div class='learn-more-content'><p>Le Certificazioni Microsoft attestano le competenze per molte mansioni tecniche e sono suddivise in tre livelli: Fundamental, Associate ed Expert.\nOgni Certificazione MCF (Microsoft Certified Fundamental) si ottiene superando un (1) solo esame e offre l&#8217;opportunit\u00e0 di sfruttare competenze IT che incontrano una larga domanda nel mercato del lavoro.<\/p><\/div>\n\t\t\t\t<\/div>\n<div class='et-learn-more clearfix'>\n\t\t\t\t\t<h3 class='heading-more'>Microsoft Certified Educator (MCE)<span class='et_learnmore_arrow'><span><\/span><\/span><\/h3>\n\t\t\t\t\t<div class='learn-more-content'><p>La Certificazione MCE\u00ae (Microsoft Certified Educator) attesta le competenze di Docenza nelle abilit\u00e0 chiave del 21\u00b0 secolo (21st CLD), per fornire un insegnamento centrato sulle conoscenze pratiche di: collaborazione, comunicazione, risoluzione dei problemi e autovalutazione. Il tutto attraverso le comuni attivit\u00e0 didattiche e di studio, con focalizzazione sulle Tecnologie dell\u2019Informazione e della Comunicazione (TIC). La certificazione MCE si ottiene superando un (1) solo esame.<\/p><\/div>\n\t\t\t\t<\/div>\n<div class='et-learn-more clearfix'>\n\t\t\t\t\t<h3 class='heading-more'>Adobe Certified Associate (ACA)<span class='et_learnmore_arrow'><span><\/span><\/span><\/h3>\n\t\t\t\t\t<div class='learn-more-content'><p>ACA\u00ae (Adobe Certified Associate) \u00e8 la Certificazione che attesta le competenze nella comunicazione digitale, oltre alle capacit\u00e0 di creare, integrare e\ncomunicare informazioni con il software per grafica e multimedia. ACA\u00ae offre inoltre la qualifica \u201cSpecialist\u201d superando i relativi esami: Web Design (Flash,\nDreamweaver, Photoshop) e Visual Design (Illustrator, InDesign e Photoshop).<\/p><\/div>\n\t\t\t\t<\/div>\n<div class='et-learn-more clearfix'>\n\t\t\t\t\t<h3 class='heading-more'>Autodesk Certified User (ACU)<span class='et_learnmore_arrow'><span><\/span><\/span><\/h3>\n\t\t\t\t\t<div class='learn-more-content'><p>Gli Esami ACU\u00ae (Autodesk Certified User) permettono di convalidare le capacit\u00e0 nell\u2019utilizzo dei principali software Autodesk\u00ae. I Candidati possono attestare\nil possesso delle competenze per intraprendere una carriera nel segmento della progettazione digitale. Il conseguimento delle Certificazioni ACU\u00ae permette di conseguire successivamente le Certificazioni Professional (ACP\u00ae).<\/p><\/div>\n\t\t\t\t<\/div>\n<div class='et-learn-more clearfix'>\n\t\t\t\t\t<h3 class='heading-more'>ACP\u00ae - Autodesk Certified Professional<span class='et_learnmore_arrow'><span><\/span><\/span><\/h3>\n\t\t\t\t\t<div class='learn-more-content'><p><strong>Moduli d\u2019esame<\/strong><\/p>\n<p>ACP\u00ae(Autodesk Certified Professional) \u00e8 la Certificazione ideata per attestare le competenze professionali nell\u2019ambito dalla progettazione digitale, cos\u00ec come nei campi di studio e lavoro per gli applicativi: AutoCAD, Inventor, Revit, 3DS Max, Maya e Fusion 360. La Certificazione ACP accelera l\u2019avanzamento professionale e incrementa gli skill richiesti nel mondo del lavoro<\/p><\/div>\n\t\t\t\t<\/div>\n<div class='et-learn-more clearfix'>\n\t\t\t\t\t<h3 class='heading-more'>Entrepreneurship and Small Business (ESB)<span class='et_learnmore_arrow'><span><\/span><\/span><\/h3>\n\t\t\t\t\t<div class='learn-more-content'><p>ESB (Entrepreneurship and Small Business) \u00e8 la Certificazione rivolta al mondo dei giovani e dell\u2019auto imprenditorialit\u00e0. \u00c8 in prevalenza destinata ad ambienti accademici, per convalidare competenze di imprenditorialit\u00e0 e gestione delle piccole imprese.\nESB permette un apprendimento integrato multidisciplinare per l\u2019acquisizione delle competenze nell\u2019uso della lingua inglese (CLIL &#8211; Content &amp; Language Integrated Learning)<\/p><\/div>\n\t\t\t\t<\/div>\n<div class='et-learn-more clearfix'>\n\t\t\t\t\t<h3 class='heading-more'>EC-CA - EC-Council Associate<span class='et_learnmore_arrow'><span><\/span><\/span><\/h3>\n\t\t\t\t\t<div class='learn-more-content'><p>EC-Council Associate \u00e8 la linea di Certificazioni del Consiglio Internazionale dei Consulenti di E-Commerce. Attestano le competenze dei professionisti della sicurezza delle informazioni. Le Certificazioni Cyber Forensics Associate &amp; Ethical Hacking Associate convalidano le conoscenze di base in quest\u2019area attraverso le\npratiche e tecnologie pi\u00f9 recenti per prevenire e affrontare le minacce informatiche<\/p><\/div>\n\t\t\t\t<\/div>\n<div class='et-learn-more clearfix'>\n\t\t\t\t\t<h3 class='heading-more'>UCU - Unity Certified User<span class='et_learnmore_arrow'><span><\/span><\/span><\/h3>\n\t\t\t\t\t<div class='learn-more-content'><p>Unity Certified User \u00e8 la Certificazione entry-level che consente di iniziare a creare contenuti interattivi per settori quali: gaming, entertainment, automotive,\nAEC e XR. La Certificazione si basa sulla programmazione con il software Unity e C # al suo interno, per creare interattivit\u00e0 in giochi, app, AR \/ VR e altre\nesperienze. Gli obiettivi d\u2019esame sono allineati agli attuali standard del settore.<\/p><\/div>\n\t\t\t\t<\/div>\n<div class='et-learn-more clearfix'>\n\t\t\t\t\t<h3 class='heading-more'>Apple - App Development with Swift Level 1<span class='et_learnmore_arrow'><span><\/span><\/span><\/h3>\n\t\t\t\t\t<div class='learn-more-content'><p>La Certificazione Apple &#8211; App Development with Swift per lo sviluppo di App con Swift \u00e8 stata progettata per le scuole secondarie e le universit\u00e0. Il Programma di Certificazione Apple &#8211; App Development with Swift \u00e8 basato su Everyone Can Code, uno strumento gratuito e completo progettato da Apple per scrivere codice e creare app iOS. Swift \u00e8 un linguaggio di programmazione all\u2019avanguardia, utilizzato per App popolari tra cui: Airbnb, KAYAK, TripAdvisor, Venmo e Yelp. La Certificazione Apple &#8211; App Development with Swift si ottiene superando un (1) solo esame.<\/p><\/div>\n\t\t\t\t<\/div>\n<div class='et-learn-more clearfix'>\n\t\t\t\t\t<h3 class='heading-more'>Communication Skills for Business (CSB)<span class='et_learnmore_arrow'><span><\/span><\/span><\/h3>\n\t\t\t\t\t<div class='learn-more-content'><p>CSB (Communication Skills for Business) \u00e8 la nuova Certificazione realizzata da Certiport per testare e convalidare i concetti e le conoscenze in materia di comunicazione in un contesto aziendale.\nI concetti fondamentali oggetto del Programma di Certificazione sono: capacit\u00e0 di comunicazione professionale, capacit\u00e0 verbali, non verbali e di ascolto, creazione di risultati aziendali, trasmissione efficace di un messaggio, ricezione di comunicazioni, analisi di scenari di comunicazione. La Certificazione CSB si ottiene superando un (1) solo esame.<\/p><\/div>\n\t\t\t\t<\/div>\n<div class='et-learn-more clearfix'>\n\t\t\t\t\t<h3 class='heading-more'>PMI Project Management Ready\u2122<span class='et_learnmore_arrow'><span><\/span><\/span><\/h3>\n\t\t\t\t\t<div class='learn-more-content'><p>PMI Project Management Ready \u2122 \u00e8 la nuova Certificazione realizzata da Certiport in collaborazione con P.M. Institute Corp. L&#8217;Esame attesta le competenze riconosciute dal settore Project Management, ed \u00e8 volta in particolare a fornire valore aggiunto per Specialisti del settore, Istituti di istruzione professionale e tecnica, Formatori di progetti PMI aziendali.\nPMI Project Management Ready \u2122 offre un apprendimento integrato multidisciplinare atto a sviluppare l&#8217;acquisizione delle competenze nell&#8217;uso della lingua inglese (CLIL &#8211; Content and Language Integrated Learning), rendendo spendibile a livello internazionale gli skill acquisiti. Rappresenta dunque lo strumento ideale per accedere al settore del Project Management ed essere coinvolti nella comunit\u00e0 dei suoi professionisti. Non richiede precedente esperienza lavorativa nella gestione di progetti, e allo stesso tempo consente di acquisire la Formazione necessaria per sostenere successivamente l&#8217;Esame di Certified Associate in Project Management (CAPM)\u00ae. La Certificazione PMI si ottiene superando un (1) solo esame.<\/p><\/div>\n\t\t\t\t<\/div>\n<\/div>\n","protected":false},"excerpt":{"rendered":"<h4>Esami in sede<\/h4>\n<p>CERTIPORT &#8211; Authorized Testing Center<\/p>\n","protected":false},"featured_media":7268,"comment_status":"open","ping_status":"closed","template":"","meta":{"_et_pb_use_builder":"off","_et_pb_old_content":"OBIETTIVI DEL CORSO\r\n\r\nIl corso di qualifica per Operatore Socio Sanitario \u00e8 volto a formare operatori in grado di intervenire nelle situazioni caratterizzate da mancanza temporanea e\/o permanente di autonomia psicofisica. Grazie alla formazione teorico-pratica e al tirocinio pratico, gli allievi avranno l\u2019opportunit\u00e0 di sviluppare competenze professionali volte a:\r\n<ul>\r\n \t<li>identificare, classificare ed interpretare le problematiche delle diverse tipologie di utenze (minori, anziani, persone con disabilit\u00e0, pazienti oncologici);<\/li>\r\n \t<li>conoscere l\u2019organizzazione dei servizi sociali e sanitari; acquisire elementi di igiene e prevenzione e di anatomia, fisiologia e dietetica;<\/li>\r\n \t<li>identificare gli elementi necessari alla pianificazione dell\u2019assistenza e applicare le conoscenze acquisite per mantenere un ambiente terapeutico adeguato alla cura della persona e per applicare le diverse metodologie operative di carattere sanitario sugli assistiti.<\/li>\r\n<\/ul>\r\nIL CORSO E\u2019 ACCREDITATO DALLA REGIONE SICILIANA, ASSESSORATO ALLA SALUTE, AI SENSI DEL DECRETO DEL 12 AGOSTO 2020 (GURS N. 45\/2020) e ACCORDO STATO REGIONI DEL 22 FEBBRAIO 2001.\r\n\r\nPROGRAMMA \u2013 le materie di insegnamento sono articolate nelle seguenti aree disciplinari","_et_gb_content_width":"","_joinchat":[]},"product_brand":[],"product_cat":[27],"product_tag":[],"class_list":{"0":"post-7266","1":"product","2":"type-product","3":"status-publish","4":"has-post-thumbnail","6":"product_cat-informatica","8":"first","9":"instock","10":"shipping-taxable","11":"product-type-simple"},"yoast_head":"<!-- This site is optimized with the Yoast SEO plugin v27.0 - https:\/\/yoast.com\/product\/yoast-seo-wordpress\/ -->\n<title>CERTIPORT - Authorized Testing Center - Accademia Eraclitea<\/title>\n<meta name=\"robots\" content=\"index, follow, max-snippet:-1, max-image-preview:large, max-video-preview:-1\" \/>\n<link rel=\"canonical\" href=\"https:\/\/eraclitea.it\/it\/prodotto\/certiport-authorized-testing-center\/\" \/>\n<meta property=\"og:locale\" content=\"it_IT\" \/>\n<meta property=\"og:type\" content=\"article\" \/>\n<meta property=\"og:title\" content=\"CERTIPORT - Authorized Testing Center - Accademia Eraclitea\" \/>\n<meta property=\"og:description\" content=\"Esami in sede CERTIPORT - Authorized Testing Center\" \/>\n<meta property=\"og:url\" content=\"https:\/\/eraclitea.it\/it\/prodotto\/certiport-authorized-testing-center\/\" \/>\n<meta property=\"og:site_name\" content=\"Accademia Eraclitea\" \/>\n<meta property=\"article:modified_time\" content=\"2021-07-27T14:18:48+00:00\" \/>\n<meta property=\"og:image\" content=\"https:\/\/eraclitea.it\/it\/wp-content\/uploads\/2021\/07\/certiport_logo1.jpg\" \/>\n\t<meta property=\"og:image:width\" content=\"300\" \/>\n\t<meta property=\"og:image:height\" content=\"200\" \/>\n\t<meta property=\"og:image:type\" content=\"image\/jpeg\" \/>\n<meta name=\"twitter:card\" content=\"summary_large_image\" \/>\n<meta name=\"twitter:label1\" content=\"Tempo di lettura stimato\" \/>\n\t<meta name=\"twitter:data1\" content=\"6 minuti\" \/>\n<script type=\"application\/ld+json\" class=\"yoast-schema-graph\">{\"@context\":\"https:\/\/schema.org\",\"@graph\":[{\"@type\":\"WebPage\",\"@id\":\"https:\/\/eraclitea.it\/it\/prodotto\/certiport-authorized-testing-center\/\",\"url\":\"https:\/\/eraclitea.it\/it\/prodotto\/certiport-authorized-testing-center\/\",\"name\":\"CERTIPORT - Authorized Testing Center - Accademia Eraclitea\",\"isPartOf\":{\"@id\":\"https:\/\/eraclitea.it\/it\/#website\"},\"primaryImageOfPage\":{\"@id\":\"https:\/\/eraclitea.it\/it\/prodotto\/certiport-authorized-testing-center\/#primaryimage\"},\"image\":{\"@id\":\"https:\/\/eraclitea.it\/it\/prodotto\/certiport-authorized-testing-center\/#primaryimage\"},\"thumbnailUrl\":\"https:\/\/eraclitea.it\/it\/wp-content\/uploads\/2021\/07\/certiport_logo1.jpg\",\"datePublished\":\"2021-07-27T12:53:21+00:00\",\"dateModified\":\"2021-07-27T14:18:48+00:00\",\"breadcrumb\":{\"@id\":\"https:\/\/eraclitea.it\/it\/prodotto\/certiport-authorized-testing-center\/#breadcrumb\"},\"inLanguage\":\"it-IT\",\"potentialAction\":[{\"@type\":\"ReadAction\",\"target\":[\"https:\/\/eraclitea.it\/it\/prodotto\/certiport-authorized-testing-center\/\"]}]},{\"@type\":\"ImageObject\",\"inLanguage\":\"it-IT\",\"@id\":\"https:\/\/eraclitea.it\/it\/prodotto\/certiport-authorized-testing-center\/#primaryimage\",\"url\":\"https:\/\/eraclitea.it\/it\/wp-content\/uploads\/2021\/07\/certiport_logo1.jpg\",\"contentUrl\":\"https:\/\/eraclitea.it\/it\/wp-content\/uploads\/2021\/07\/certiport_logo1.jpg\",\"width\":300,\"height\":200},{\"@type\":\"BreadcrumbList\",\"@id\":\"https:\/\/eraclitea.it\/it\/prodotto\/certiport-authorized-testing-center\/#breadcrumb\",\"itemListElement\":[{\"@type\":\"ListItem\",\"position\":1,\"name\":\"Home\",\"item\":\"https:\/\/eraclitea.it\/it\/\"},{\"@type\":\"ListItem\",\"position\":2,\"name\":\"Corsi\",\"item\":\"https:\/\/eraclitea.it\/it\/corsi\/\"},{\"@type\":\"ListItem\",\"position\":3,\"name\":\"CERTIPORT &#8211; Authorized Testing Center\"}]},{\"@type\":\"WebSite\",\"@id\":\"https:\/\/eraclitea.it\/it\/#website\",\"url\":\"https:\/\/eraclitea.it\/it\/\",\"name\":\"Accademia Eraclitea\",\"description\":\"Ente di Ricerca e di Alta Formazione Accreditato\",\"potentialAction\":[{\"@type\":\"SearchAction\",\"target\":{\"@type\":\"EntryPoint\",\"urlTemplate\":\"https:\/\/eraclitea.it\/it\/?s={search_term_string}\"},\"query-input\":{\"@type\":\"PropertyValueSpecification\",\"valueRequired\":true,\"valueName\":\"search_term_string\"}}],\"inLanguage\":\"it-IT\"}]}<\/script>\n<!-- \/ Yoast SEO plugin. -->","yoast_head_json":{"title":"CERTIPORT - Authorized Testing Center - Accademia Eraclitea","robots":{"index":"index","follow":"follow","max-snippet":"max-snippet:-1","max-image-preview":"max-image-preview:large","max-video-preview":"max-video-preview:-1"},"canonical":"https:\/\/eraclitea.it\/it\/prodotto\/certiport-authorized-testing-center\/","og_locale":"it_IT","og_type":"article","og_title":"CERTIPORT - Authorized Testing Center - Accademia Eraclitea","og_description":"Esami in sede CERTIPORT - Authorized Testing Center","og_url":"https:\/\/eraclitea.it\/it\/prodotto\/certiport-authorized-testing-center\/","og_site_name":"Accademia Eraclitea","article_modified_time":"2021-07-27T14:18:48+00:00","og_image":[{"width":300,"height":200,"url":"https:\/\/eraclitea.it\/it\/wp-content\/uploads\/2021\/07\/certiport_logo1.jpg","type":"image\/jpeg"}],"twitter_card":"summary_large_image","twitter_misc":{"Tempo di lettura stimato":"6 minuti"},"schema":{"@context":"https:\/\/schema.org","@graph":[{"@type":"WebPage","@id":"https:\/\/eraclitea.it\/it\/prodotto\/certiport-authorized-testing-center\/","url":"https:\/\/eraclitea.it\/it\/prodotto\/certiport-authorized-testing-center\/","name":"CERTIPORT - Authorized Testing Center - Accademia Eraclitea","isPartOf":{"@id":"https:\/\/eraclitea.it\/it\/#website"},"primaryImageOfPage":{"@id":"https:\/\/eraclitea.it\/it\/prodotto\/certiport-authorized-testing-center\/#primaryimage"},"image":{"@id":"https:\/\/eraclitea.it\/it\/prodotto\/certiport-authorized-testing-center\/#primaryimage"},"thumbnailUrl":"https:\/\/eraclitea.it\/it\/wp-content\/uploads\/2021\/07\/certiport_logo1.jpg","datePublished":"2021-07-27T12:53:21+00:00","dateModified":"2021-07-27T14:18:48+00:00","breadcrumb":{"@id":"https:\/\/eraclitea.it\/it\/prodotto\/certiport-authorized-testing-center\/#breadcrumb"},"inLanguage":"it-IT","potentialAction":[{"@type":"ReadAction","target":["https:\/\/eraclitea.it\/it\/prodotto\/certiport-authorized-testing-center\/"]}]},{"@type":"ImageObject","inLanguage":"it-IT","@id":"https:\/\/eraclitea.it\/it\/prodotto\/certiport-authorized-testing-center\/#primaryimage","url":"https:\/\/eraclitea.it\/it\/wp-content\/uploads\/2021\/07\/certiport_logo1.jpg","contentUrl":"https:\/\/eraclitea.it\/it\/wp-content\/uploads\/2021\/07\/certiport_logo1.jpg","width":300,"height":200},{"@type":"BreadcrumbList","@id":"https:\/\/eraclitea.it\/it\/prodotto\/certiport-authorized-testing-center\/#breadcrumb","itemListElement":[{"@type":"ListItem","position":1,"name":"Home","item":"https:\/\/eraclitea.it\/it\/"},{"@type":"ListItem","position":2,"name":"Corsi","item":"https:\/\/eraclitea.it\/it\/corsi\/"},{"@type":"ListItem","position":3,"name":"CERTIPORT &#8211; Authorized Testing Center"}]},{"@type":"WebSite","@id":"https:\/\/eraclitea.it\/it\/#website","url":"https:\/\/eraclitea.it\/it\/","name":"Accademia Eraclitea","description":"Ente di Ricerca e di Alta Formazione Accreditato","potentialAction":[{"@type":"SearchAction","target":{"@type":"EntryPoint","urlTemplate":"https:\/\/eraclitea.it\/it\/?s={search_term_string}"},"query-input":{"@type":"PropertyValueSpecification","valueRequired":true,"valueName":"search_term_string"}}],"inLanguage":"it-IT"}]}},"jetpack_sharing_enabled":true,"_links":{"self":[{"href":"https:\/\/eraclitea.it\/it\/wp-json\/wp\/v2\/product\/7266","targetHints":{"allow":["GET"]}}],"collection":[{"href":"https:\/\/eraclitea.it\/it\/wp-json\/wp\/v2\/product"}],"about":[{"href":"https:\/\/eraclitea.it\/it\/wp-json\/wp\/v2\/types\/product"}],"replies":[{"embeddable":true,"href":"https:\/\/eraclitea.it\/it\/wp-json\/wp\/v2\/comments?post=7266"}],"wp:featuredmedia":[{"embeddable":true,"href":"https:\/\/eraclitea.it\/it\/wp-json\/wp\/v2\/media\/7268"}],"wp:attachment":[{"href":"https:\/\/eraclitea.it\/it\/wp-json\/wp\/v2\/media?parent=7266"}],"wp:term":[{"taxonomy":"product_brand","embeddable":true,"href":"https:\/\/eraclitea.it\/it\/wp-json\/wp\/v2\/product_brand?post=7266"},{"taxonomy":"product_cat","embeddable":true,"href":"https:\/\/eraclitea.it\/it\/wp-json\/wp\/v2\/product_cat?post=7266"},{"taxonomy":"product_tag","embeddable":true,"href":"https:\/\/eraclitea.it\/it\/wp-json\/wp\/v2\/product_tag?post=7266"}],"curies":[{"name":"wp","href":"https:\/\/api.w.org\/{rel}","templated":true}]}}