{"id":7241,"date":"2021-07-22T10:59:50","date_gmt":"2021-07-22T10:59:50","guid":{"rendered":"https:\/\/eraclitea.it\/it\/?post_type=product&#038;p=7241"},"modified":"2021-07-22T16:00:59","modified_gmt":"2021-07-22T16:00:59","slug":"aica-test-center-certificazioni-it","status":"publish","type":"product","link":"https:\/\/eraclitea.it\/it\/prodotto\/aica-test-center-certificazioni-it\/","title":{"rendered":"AICA &#8211; Test Center &#8211; Certificazioni IT"},"content":{"rendered":"<table style=\"border: 0px; height: 244px; width: 721px;\">\n<tbody>\n<tr>\n<td style=\"width: 38.75px;\"><a href=\"https:\/\/eraclitea.it\/it\/wp-content\/uploads\/2021\/01\/orolo2.png\"><img loading=\"lazy\" decoding=\"async\" class=\"alignnone wp-image-887 \" src=\"https:\/\/eraclitea.it\/it\/wp-content\/uploads\/2021\/03\/tempo.png\" alt=\"\" width=\"33\" height=\"33\" \/><\/a><\/td>\n<td style=\"width: 147.841px;\">\n<h4 class=\"et_pb_module_header\">Durata del corso:<\/h4>\n<\/td>\n<td style=\"width: 515.114px;\">Esami in sede<\/td>\n<\/tr>\n<tr>\n<td style=\"width: 38.75px;\"><a href=\"https:\/\/eraclitea.it\/it\/wp-content\/uploads\/2021\/03\/Tavola-da-disegno-\u2013-13.png\"><img loading=\"lazy\" decoding=\"async\" class=\"alignnone wp-image-3710 \" src=\"https:\/\/eraclitea.it\/it\/wp-content\/uploads\/2021\/03\/Tavola-da-disegno-\u2013-13-300x300.png\" alt=\"\" width=\"39\" height=\"39\" srcset=\"https:\/\/eraclitea.it\/it\/wp-content\/uploads\/2021\/03\/Tavola-da-disegno-\u2013-13-300x300.png 300w, https:\/\/eraclitea.it\/it\/wp-content\/uploads\/2021\/03\/Tavola-da-disegno-\u2013-13-150x150.png 150w, https:\/\/eraclitea.it\/it\/wp-content\/uploads\/2021\/03\/Tavola-da-disegno-\u2013-13-100x100.png 100w, https:\/\/eraclitea.it\/it\/wp-content\/uploads\/2021\/03\/Tavola-da-disegno-\u2013-13-64x64.png 64w, https:\/\/eraclitea.it\/it\/wp-content\/uploads\/2021\/03\/Tavola-da-disegno-\u2013-13.png 400w\" sizes=\"(max-width: 39px) 100vw, 39px\" \/><\/a><\/td>\n<td style=\"width: 147.841px;\">\n<h4>N. Partecipanti:<\/h4>\n<\/td>\n<td style=\"width: 515.114px;\">Max 6 per ogni sessione di esami<\/td>\n<\/tr>\n<tr>\n<td style=\"width: 38.75px;\"><a href=\"https:\/\/eraclitea.it\/it\/wp-content\/uploads\/2021\/04\/Tavola-da-disegno-\u2013-13-2.png\"><img loading=\"lazy\" decoding=\"async\" class=\"alignnone size-medium wp-image-5967\" src=\"https:\/\/eraclitea.it\/it\/wp-content\/uploads\/2021\/04\/Tavola-da-disegno-\u2013-13-2-300x300.png\" alt=\"\" width=\"300\" height=\"300\" \/><\/a><\/td>\n<td style=\"width: 147.841px;\">\n<h4>A chi \u00e8 rivolto:<\/h4>\n<\/td>\n<td style=\"width: 515.114px;\">Persone che cercano di avanzare nella loro carriera IT<\/td>\n<\/tr>\n<\/tbody>\n<\/table>\n<p>&nbsp;<\/p>\n<div>\n<h3>Obiettivi<\/h3>\n<p>I percorsi di certificazione ICDL sono studiati per rispondere alle esigenze della scuola, dell\u2019universit\u00e0 e del mondo del lavoro.<\/p>\n<p>Ogni percorso attesta il livello di competenze e abilit\u00e0 informatiche conseguite e permette di ottenere il relativo certificato.<\/p>\n<h4><\/h4>\n<h4>PERCORSI DI CERTIFICAZIONE ICDL<\/h4>\n<div class='et-learn-more clearfix'>\n\t\t\t\t\t<h3 class='heading-more'>ICDL Essentials<span class='et_learnmore_arrow'><span><\/span><\/span><\/h3>\n\t\t\t\t\t<div class='learn-more-content'><p><strong>Moduli d\u2019esame<\/strong><\/p>\n<ul>\n<li>Computer Essentials<\/li>\n<li>Online Essentials<\/li>\n<\/ul><\/div>\n\t\t\t\t<\/div>\n<div class='et-learn-more clearfix'>\n\t\t\t\t\t<h3 class='heading-more'>ICDL Prime<span class='et_learnmore_arrow'><span><\/span><\/span><\/h3>\n\t\t\t\t\t<div class='learn-more-content'><p><strong>Moduli d\u2019esame<\/strong><\/p>\n<ul>\n<li>Computer Essentials<\/li>\n<li>Online Essentials<\/li>\n<li>Application Essentials<\/li>\n<li>Information Literacy<\/li>\n<\/ul><\/div>\n\t\t\t\t<\/div>\n<div class='et-learn-more clearfix'>\n\t\t\t\t\t<h3 class='heading-more'>ICDL Base<span class='et_learnmore_arrow'><span><\/span><\/span><\/h3>\n\t\t\t\t\t<div class='learn-more-content'><p><strong>Moduli d\u2019esame<\/strong><\/p>\n<ul>\n<li>Computer Essentials<\/li>\n<li>Online Essentials<\/li>\n<li>Spreadsheets<\/li>\n<li>Word Processing<\/li>\n<\/ul><\/div>\n\t\t\t\t<\/div>\n<div class='et-learn-more clearfix'>\n\t\t\t\t\t<h3 class='heading-more'>ICDL Full Standard<span class='et_learnmore_arrow'><span><\/span><\/span><\/h3>\n\t\t\t\t\t<div class='learn-more-content'><p><strong>Moduli d\u2019esame <\/strong><\/p>\n<ul>\n<li>Computer Essentials<\/li>\n<li>Online Essentials<\/li>\n<li>Spreadsheets<\/li>\n<li>Word Processing<\/li>\n<li>IT-Security<\/li>\n<li>Online Collaboration<\/li>\n<li>Presentation<\/li>\n<\/ul><\/div>\n\t\t\t\t<\/div>\n<div class='et-learn-more clearfix'>\n\t\t\t\t\t<h3 class='heading-more'>ICDL Profile<span class='et_learnmore_arrow'><span><\/span><\/span><\/h3>\n\t\t\t\t\t<div class='learn-more-content'><p>La certificazione ICDL Profile \u00e8 la versione completamente personalizzabile di ICDL ed \u00e8 paragonabile ad un libretto universitario sul quale \u00e8 possibile aggiungere via via tutte le competenze che il possessore della Skills Card ICDL ha bisogno di certificare.<\/p>\n<p>Lascia al candidato la libert\u00e0 di scegliere una qualsiasi combinazione di moduli della famiglia ICDL da certificare, a seconda dei suoi interessi o delle sue esigenze professionali. Il candidato pu\u00f2 scegliere i moduli e sostenere i test: queste abilit\u00e0 certificate rappresenteranno il suo ICDL Profile.<\/p>\n<p>ICDL Profile \u00e8 destinata a testimoniare la graduale acquisizione di competenze nel mondo digitale, da riportare sul \u201clibretto delle competenze\u201d rilasciato dalle Regioni, e di cui tutti i cittadini dovranno essere dotati in ottemperanza alle normative europee sul reciproco riconoscimento del cosiddetto euro pass.<\/p><\/div>\n\t\t\t\t<\/div>\n<div class='et-learn-more clearfix'>\n\t\t\t\t\t<h3 class='heading-more'>ICDL  Standard<span class='et_learnmore_arrow'><span><\/span><\/span><\/h3>\n\t\t\t\t\t<div class='learn-more-content'><p><strong>Moduli d\u2019esame<\/strong><\/p>\n<div class=\"descrizione\">\n<ul>\n<li>Computer Essentials<\/li>\n<li>Online Essentials<\/li>\n<li>Spreadsheets<\/li>\n<li>Word Processing<\/li>\n<\/ul>\n<p><strong>A cui aggiungere 3 moduli a scelta tra i seguenti:<\/strong><\/p>\n<ul>\n<li>CAD 2D<\/li>\n<li>Computing<\/li>\n<li>Digital Marketing<\/li>\n<li>Health<\/li>\n<li>ImageEditing<\/li>\n<li>Information Literacy<\/li>\n<li>IT-Security<\/li>\n<li>Online Collaboration<\/li>\n<li>Presentation<\/li>\n<li>Project Planning<\/li>\n<li>Using Database<\/li>\n<li>WebEditing<\/li>\n<\/ul>\n<p>&nbsp;<\/p>\n<\/div><\/div>\n\t\t\t\t<\/div>\n<div class='et-learn-more clearfix'>\n\t\t\t\t\t<h3 class='heading-more'>ICDL Office Expert<span class='et_learnmore_arrow'><span><\/span><\/span><\/h3>\n\t\t\t\t\t<div class='learn-more-content'><p><strong>Moduli d\u2019esame<\/strong><\/p>\n<p><strong>3 moduli a scelta tra i seguenti:<\/strong><\/p>\n<ul>\n<li>Advanced Database<\/li>\n<li>Advanced Presentation<\/li>\n<li>Advanced Spreadsheets<\/li>\n<li>Advanced Word Processing<\/li>\n<\/ul><\/div>\n\t\t\t\t<\/div>\n<div class='et-learn-more clearfix'>\n\t\t\t\t\t<h3 class='heading-more'>GIS - Specialised Level<span class='et_learnmore_arrow'><span><\/span><\/span><\/h3>\n\t\t\t\t\t<div class='learn-more-content'><p><strong>Moduli d\u2019esame<\/strong><\/p>\n<ul>\n<li>GIS &#8211; Cartographic representation<\/li>\n<li>GIS &#8211; Systems<\/li>\n<li>GIS &#8211; Software Use<\/li>\n<\/ul><\/div>\n\t\t\t\t<\/div>\n<div class='et-learn-more clearfix'>\n\t\t\t\t\t<h3 class='heading-more'>EIDL Multimedia - Specialised Level<span class='et_learnmore_arrow'><span><\/span><\/span><\/h3>\n\t\t\t\t\t<div class='learn-more-content'><p><strong>Moduli d\u2019esame<\/strong><\/p>\n<ul>\n<li>Multimedia Audio<\/li>\n<li>Multimedia Publishing<\/li>\n<li>Multimedia Video<\/li>\n<\/ul><\/div>\n\t\t\t\t<\/div>\n<p>&nbsp;<\/p>\n<h4>CERTIFICATI SINGOLI ICDL<\/h4>\n<p>Alcuni moduli ICDL, per ricchezza o rilevanza dei contenuti, consentono di ottenere un certificato singolo.<\/p>\n<div class='et-learn-more clearfix'>\n\t\t\t\t\t<h3 class='heading-more'>Moduli che consentono di avere una certificazione singola<span class='et_learnmore_arrow'><span><\/span><\/span><\/h3>\n\t\t\t\t\t<div class='learn-more-content'><p>CAD 2D<\/p>\n<p>CAD 3D<\/p>\n<p>Computing<\/p>\n<p>Digital Marketing<\/p>\n<p>Health<\/p>\n<p>ImageEditing<\/p>\n<p>IT-Security<\/p>\n<p>Multimedia Audio<\/p>\n<p>Multimedia Publishing<\/p>\n<p>Multimedia Video<\/p>\n<p>Project Planning<\/p>\n<p>Robotics<\/p>\n<p>WebEditing<\/p><\/div>\n\t\t\t\t<\/div>\n<p>&nbsp;<\/p>\n<\/div>\n<h4>MODULI PER IL RINNOVO DEI\u00a0CERTIFICATI<\/h4>\n<p>Per rinnovare i certificati ECDL Core e ECDL Full Standard \u00e8 necessario superare gli esami rispettivi.<\/p>\n<div class='et-learn-more clearfix'>\n\t\t\t\t\t<h3 class='heading-more'>ECDL Core Update 6.0<span class='et_learnmore_arrow'><span><\/span><\/span><\/h3>\n\t\t\t\t\t<div class='learn-more-content'><p>Se hai conseguito la certificazione ECDL Core, conosciuta come\u00a0Patente Europea del Computer,\u00a0puoi aggiornare le tue competenze sostenendo un solo esame: ECDL Core Update 6.0.<\/p><\/div>\n\t\t\t\t<\/div>\n<div class='et-learn-more clearfix'>\n\t\t\t\t\t<h3 class='heading-more'>ICDL Full Standard Update<span class='et_learnmore_arrow'><span><\/span><\/span><\/h3>\n\t\t\t\t\t<div class='learn-more-content'><p>Per rinnovare il certificato \u00e8 necessario superare,\u00a0entro e non oltre 5 anni dalla data di emissione del certificato, indipendentemente dalla data di scadenza,\u00a0l&#8217;esame ICDL Full Standard Update rispondendo a domande che vertono su tutti i sette moduli che compongono la certificazione.<\/p><\/div>\n\t\t\t\t<\/div>\n","protected":false},"excerpt":{"rendered":"<h4>Esami in sede<\/h4>\n<p>AICA &#8211; Test Center &#8211; Certificazioni IT<\/p>\n","protected":false},"featured_media":7245,"comment_status":"open","ping_status":"closed","template":"","meta":{"_et_pb_use_builder":"off","_et_pb_old_content":"OBIETTIVI DEL CORSO\r\n\r\nIl corso di qualifica per Operatore Socio Sanitario \u00e8 volto a formare operatori in grado di intervenire nelle situazioni caratterizzate da mancanza temporanea e\/o permanente di autonomia psicofisica. Grazie alla formazione teorico-pratica e al tirocinio pratico, gli allievi avranno l\u2019opportunit\u00e0 di sviluppare competenze professionali volte a:\r\n<ul>\r\n \t<li>identificare, classificare ed interpretare le problematiche delle diverse tipologie di utenze (minori, anziani, persone con disabilit\u00e0, pazienti oncologici);<\/li>\r\n \t<li>conoscere l\u2019organizzazione dei servizi sociali e sanitari; acquisire elementi di igiene e prevenzione e di anatomia, fisiologia e dietetica;<\/li>\r\n \t<li>identificare gli elementi necessari alla pianificazione dell\u2019assistenza e applicare le conoscenze acquisite per mantenere un ambiente terapeutico adeguato alla cura della persona e per applicare le diverse metodologie operative di carattere sanitario sugli assistiti.<\/li>\r\n<\/ul>\r\nIL CORSO E\u2019 ACCREDITATO DALLA REGIONE SICILIANA, ASSESSORATO ALLA SALUTE, AI SENSI DEL DECRETO DEL 12 AGOSTO 2020 (GURS N. 45\/2020) e ACCORDO STATO REGIONI DEL 22 FEBBRAIO 2001.\r\n\r\nPROGRAMMA \u2013 le materie di insegnamento sono articolate nelle seguenti aree disciplinari","_et_gb_content_width":"","_joinchat":[]},"product_brand":[],"product_cat":[27],"product_tag":[],"class_list":{"0":"post-7241","1":"product","2":"type-product","3":"status-publish","4":"has-post-thumbnail","6":"product_cat-informatica","8":"first","9":"instock","10":"shipping-taxable","11":"product-type-simple"},"yoast_head":"<!-- This site is optimized with the Yoast SEO plugin v27.0 - https:\/\/yoast.com\/product\/yoast-seo-wordpress\/ -->\n<title>AICA - Test Center - Certificazioni IT - Accademia Eraclitea<\/title>\n<meta name=\"robots\" content=\"index, follow, max-snippet:-1, max-image-preview:large, max-video-preview:-1\" \/>\n<link rel=\"canonical\" href=\"https:\/\/eraclitea.it\/it\/prodotto\/aica-test-center-certificazioni-it\/\" \/>\n<meta property=\"og:locale\" content=\"it_IT\" \/>\n<meta property=\"og:type\" content=\"article\" \/>\n<meta property=\"og:title\" content=\"AICA - Test Center - Certificazioni IT - Accademia Eraclitea\" \/>\n<meta property=\"og:description\" content=\"Esami in sede AICA - Test Center - Certificazioni IT\" \/>\n<meta property=\"og:url\" content=\"https:\/\/eraclitea.it\/it\/prodotto\/aica-test-center-certificazioni-it\/\" \/>\n<meta property=\"og:site_name\" content=\"Accademia Eraclitea\" \/>\n<meta property=\"article:modified_time\" content=\"2021-07-22T16:00:59+00:00\" \/>\n<meta property=\"og:image\" content=\"https:\/\/eraclitea.it\/it\/wp-content\/uploads\/2021\/07\/aica.jpg\" \/>\n\t<meta property=\"og:image:width\" content=\"300\" \/>\n\t<meta property=\"og:image:height\" content=\"200\" \/>\n\t<meta property=\"og:image:type\" content=\"image\/jpeg\" \/>\n<meta name=\"twitter:card\" content=\"summary_large_image\" \/>\n<meta name=\"twitter:label1\" content=\"Tempo di lettura stimato\" \/>\n\t<meta name=\"twitter:data1\" content=\"3 minuti\" \/>\n<script type=\"application\/ld+json\" class=\"yoast-schema-graph\">{\"@context\":\"https:\/\/schema.org\",\"@graph\":[{\"@type\":\"WebPage\",\"@id\":\"https:\/\/eraclitea.it\/it\/prodotto\/aica-test-center-certificazioni-it\/\",\"url\":\"https:\/\/eraclitea.it\/it\/prodotto\/aica-test-center-certificazioni-it\/\",\"name\":\"AICA - Test Center - Certificazioni IT - Accademia Eraclitea\",\"isPartOf\":{\"@id\":\"https:\/\/eraclitea.it\/it\/#website\"},\"primaryImageOfPage\":{\"@id\":\"https:\/\/eraclitea.it\/it\/prodotto\/aica-test-center-certificazioni-it\/#primaryimage\"},\"image\":{\"@id\":\"https:\/\/eraclitea.it\/it\/prodotto\/aica-test-center-certificazioni-it\/#primaryimage\"},\"thumbnailUrl\":\"https:\/\/eraclitea.it\/it\/wp-content\/uploads\/2021\/07\/aica.jpg\",\"datePublished\":\"2021-07-22T10:59:50+00:00\",\"dateModified\":\"2021-07-22T16:00:59+00:00\",\"breadcrumb\":{\"@id\":\"https:\/\/eraclitea.it\/it\/prodotto\/aica-test-center-certificazioni-it\/#breadcrumb\"},\"inLanguage\":\"it-IT\",\"potentialAction\":[{\"@type\":\"ReadAction\",\"target\":[\"https:\/\/eraclitea.it\/it\/prodotto\/aica-test-center-certificazioni-it\/\"]}]},{\"@type\":\"ImageObject\",\"inLanguage\":\"it-IT\",\"@id\":\"https:\/\/eraclitea.it\/it\/prodotto\/aica-test-center-certificazioni-it\/#primaryimage\",\"url\":\"https:\/\/eraclitea.it\/it\/wp-content\/uploads\/2021\/07\/aica.jpg\",\"contentUrl\":\"https:\/\/eraclitea.it\/it\/wp-content\/uploads\/2021\/07\/aica.jpg\",\"width\":300,\"height\":200},{\"@type\":\"BreadcrumbList\",\"@id\":\"https:\/\/eraclitea.it\/it\/prodotto\/aica-test-center-certificazioni-it\/#breadcrumb\",\"itemListElement\":[{\"@type\":\"ListItem\",\"position\":1,\"name\":\"Home\",\"item\":\"https:\/\/eraclitea.it\/it\/\"},{\"@type\":\"ListItem\",\"position\":2,\"name\":\"Corsi\",\"item\":\"https:\/\/eraclitea.it\/it\/corsi\/\"},{\"@type\":\"ListItem\",\"position\":3,\"name\":\"AICA &#8211; Test Center &#8211; Certificazioni IT\"}]},{\"@type\":\"WebSite\",\"@id\":\"https:\/\/eraclitea.it\/it\/#website\",\"url\":\"https:\/\/eraclitea.it\/it\/\",\"name\":\"Accademia Eraclitea\",\"description\":\"Ente di Ricerca e di Alta Formazione Accreditato\",\"potentialAction\":[{\"@type\":\"SearchAction\",\"target\":{\"@type\":\"EntryPoint\",\"urlTemplate\":\"https:\/\/eraclitea.it\/it\/?s={search_term_string}\"},\"query-input\":{\"@type\":\"PropertyValueSpecification\",\"valueRequired\":true,\"valueName\":\"search_term_string\"}}],\"inLanguage\":\"it-IT\"}]}<\/script>\n<!-- \/ Yoast SEO plugin. -->","yoast_head_json":{"title":"AICA - Test Center - Certificazioni IT - Accademia Eraclitea","robots":{"index":"index","follow":"follow","max-snippet":"max-snippet:-1","max-image-preview":"max-image-preview:large","max-video-preview":"max-video-preview:-1"},"canonical":"https:\/\/eraclitea.it\/it\/prodotto\/aica-test-center-certificazioni-it\/","og_locale":"it_IT","og_type":"article","og_title":"AICA - Test Center - Certificazioni IT - Accademia Eraclitea","og_description":"Esami in sede AICA - Test Center - Certificazioni IT","og_url":"https:\/\/eraclitea.it\/it\/prodotto\/aica-test-center-certificazioni-it\/","og_site_name":"Accademia Eraclitea","article_modified_time":"2021-07-22T16:00:59+00:00","og_image":[{"width":300,"height":200,"url":"https:\/\/eraclitea.it\/it\/wp-content\/uploads\/2021\/07\/aica.jpg","type":"image\/jpeg"}],"twitter_card":"summary_large_image","twitter_misc":{"Tempo di lettura stimato":"3 minuti"},"schema":{"@context":"https:\/\/schema.org","@graph":[{"@type":"WebPage","@id":"https:\/\/eraclitea.it\/it\/prodotto\/aica-test-center-certificazioni-it\/","url":"https:\/\/eraclitea.it\/it\/prodotto\/aica-test-center-certificazioni-it\/","name":"AICA - Test Center - Certificazioni IT - Accademia Eraclitea","isPartOf":{"@id":"https:\/\/eraclitea.it\/it\/#website"},"primaryImageOfPage":{"@id":"https:\/\/eraclitea.it\/it\/prodotto\/aica-test-center-certificazioni-it\/#primaryimage"},"image":{"@id":"https:\/\/eraclitea.it\/it\/prodotto\/aica-test-center-certificazioni-it\/#primaryimage"},"thumbnailUrl":"https:\/\/eraclitea.it\/it\/wp-content\/uploads\/2021\/07\/aica.jpg","datePublished":"2021-07-22T10:59:50+00:00","dateModified":"2021-07-22T16:00:59+00:00","breadcrumb":{"@id":"https:\/\/eraclitea.it\/it\/prodotto\/aica-test-center-certificazioni-it\/#breadcrumb"},"inLanguage":"it-IT","potentialAction":[{"@type":"ReadAction","target":["https:\/\/eraclitea.it\/it\/prodotto\/aica-test-center-certificazioni-it\/"]}]},{"@type":"ImageObject","inLanguage":"it-IT","@id":"https:\/\/eraclitea.it\/it\/prodotto\/aica-test-center-certificazioni-it\/#primaryimage","url":"https:\/\/eraclitea.it\/it\/wp-content\/uploads\/2021\/07\/aica.jpg","contentUrl":"https:\/\/eraclitea.it\/it\/wp-content\/uploads\/2021\/07\/aica.jpg","width":300,"height":200},{"@type":"BreadcrumbList","@id":"https:\/\/eraclitea.it\/it\/prodotto\/aica-test-center-certificazioni-it\/#breadcrumb","itemListElement":[{"@type":"ListItem","position":1,"name":"Home","item":"https:\/\/eraclitea.it\/it\/"},{"@type":"ListItem","position":2,"name":"Corsi","item":"https:\/\/eraclitea.it\/it\/corsi\/"},{"@type":"ListItem","position":3,"name":"AICA &#8211; Test Center &#8211; Certificazioni IT"}]},{"@type":"WebSite","@id":"https:\/\/eraclitea.it\/it\/#website","url":"https:\/\/eraclitea.it\/it\/","name":"Accademia Eraclitea","description":"Ente di Ricerca e di Alta Formazione Accreditato","potentialAction":[{"@type":"SearchAction","target":{"@type":"EntryPoint","urlTemplate":"https:\/\/eraclitea.it\/it\/?s={search_term_string}"},"query-input":{"@type":"PropertyValueSpecification","valueRequired":true,"valueName":"search_term_string"}}],"inLanguage":"it-IT"}]}},"jetpack_sharing_enabled":true,"_links":{"self":[{"href":"https:\/\/eraclitea.it\/it\/wp-json\/wp\/v2\/product\/7241","targetHints":{"allow":["GET"]}}],"collection":[{"href":"https:\/\/eraclitea.it\/it\/wp-json\/wp\/v2\/product"}],"about":[{"href":"https:\/\/eraclitea.it\/it\/wp-json\/wp\/v2\/types\/product"}],"replies":[{"embeddable":true,"href":"https:\/\/eraclitea.it\/it\/wp-json\/wp\/v2\/comments?post=7241"}],"wp:featuredmedia":[{"embeddable":true,"href":"https:\/\/eraclitea.it\/it\/wp-json\/wp\/v2\/media\/7245"}],"wp:attachment":[{"href":"https:\/\/eraclitea.it\/it\/wp-json\/wp\/v2\/media?parent=7241"}],"wp:term":[{"taxonomy":"product_brand","embeddable":true,"href":"https:\/\/eraclitea.it\/it\/wp-json\/wp\/v2\/product_brand?post=7241"},{"taxonomy":"product_cat","embeddable":true,"href":"https:\/\/eraclitea.it\/it\/wp-json\/wp\/v2\/product_cat?post=7241"},{"taxonomy":"product_tag","embeddable":true,"href":"https:\/\/eraclitea.it\/it\/wp-json\/wp\/v2\/product_tag?post=7241"}],"curies":[{"name":"wp","href":"https:\/\/api.w.org\/{rel}","templated":true}]}}