{"id":7236,"date":"2021-07-21T14:27:39","date_gmt":"2021-07-21T14:27:39","guid":{"rendered":"https:\/\/eraclitea.it\/it\/?post_type=product&#038;p=7236"},"modified":"2021-07-22T07:19:01","modified_gmt":"2021-07-22T07:19:01","slug":"eipass-ei-center-certificazioni-it","status":"publish","type":"product","link":"https:\/\/eraclitea.it\/it\/prodotto\/eipass-ei-center-certificazioni-it\/","title":{"rendered":"Eipass &#8211; Ei Center &#8211; Certificazioni IT"},"content":{"rendered":"<table style=\"border: 0px; height: 244px; width: 721px;\">\n<tbody>\n<tr>\n<td style=\"width: 38.75px;\"><a href=\"https:\/\/eraclitea.it\/it\/wp-content\/uploads\/2021\/01\/orolo2.png\"><img loading=\"lazy\" decoding=\"async\" class=\"alignnone wp-image-887 \" src=\"https:\/\/eraclitea.it\/it\/wp-content\/uploads\/2021\/03\/tempo.png\" alt=\"\" width=\"33\" height=\"33\" \/><\/a><\/td>\n<td style=\"width: 147.841px;\">\n<h4 class=\"et_pb_module_header\">Durata del corso:<\/h4>\n<\/td>\n<td style=\"width: 515.114px;\">Esami in sede<\/td>\n<\/tr>\n<tr>\n<td style=\"width: 38.75px;\"><a href=\"https:\/\/eraclitea.it\/it\/wp-content\/uploads\/2021\/03\/Tavola-da-disegno-\u2013-13.png\"><img loading=\"lazy\" decoding=\"async\" class=\"alignnone wp-image-3710 \" src=\"https:\/\/eraclitea.it\/it\/wp-content\/uploads\/2021\/03\/Tavola-da-disegno-\u2013-13-300x300.png\" alt=\"\" width=\"39\" height=\"39\" srcset=\"https:\/\/eraclitea.it\/it\/wp-content\/uploads\/2021\/03\/Tavola-da-disegno-\u2013-13-300x300.png 300w, https:\/\/eraclitea.it\/it\/wp-content\/uploads\/2021\/03\/Tavola-da-disegno-\u2013-13-150x150.png 150w, https:\/\/eraclitea.it\/it\/wp-content\/uploads\/2021\/03\/Tavola-da-disegno-\u2013-13-100x100.png 100w, https:\/\/eraclitea.it\/it\/wp-content\/uploads\/2021\/03\/Tavola-da-disegno-\u2013-13-64x64.png 64w, https:\/\/eraclitea.it\/it\/wp-content\/uploads\/2021\/03\/Tavola-da-disegno-\u2013-13.png 400w\" sizes=\"(max-width: 39px) 100vw, 39px\" \/><\/a><\/td>\n<td style=\"width: 147.841px;\">\n<h4>N. Partecipanti:<\/h4>\n<\/td>\n<td style=\"width: 515.114px;\">Max 6 per ogni sessione di esami<\/td>\n<\/tr>\n<tr>\n<td style=\"width: 38.75px;\"><a href=\"https:\/\/eraclitea.it\/it\/wp-content\/uploads\/2021\/04\/Tavola-da-disegno-\u2013-13-2.png\"><img loading=\"lazy\" decoding=\"async\" class=\"alignnone size-medium wp-image-5967\" src=\"https:\/\/eraclitea.it\/it\/wp-content\/uploads\/2021\/04\/Tavola-da-disegno-\u2013-13-2-300x300.png\" alt=\"\" width=\"300\" height=\"300\" \/><\/a><\/td>\n<td style=\"width: 147.841px;\">\n<h4>A chi \u00e8 rivolto:<\/h4>\n<\/td>\n<td style=\"width: 515.114px;\">Persone che cercano di avanzare nella loro carriera IT<\/td>\n<\/tr>\n<\/tbody>\n<\/table>\n<p>&nbsp;<\/p>\n<p>&nbsp;<\/p>\n<div>\n<h3>Obiettivi<\/h3>\n<h4>EIPASS <em>&#8220;European Informatics Passport&#8221;<\/em> certifica le tue competenze informatiche, qualifica e aggiungi valore al tuo Curriculum Vitae, facilitando il tuo inserimento nel mondo del lavoro.<\/h4>\n<p>&nbsp;<\/p>\n<p>Il programma di certificazione informatica EIPASS attesta il possesso delle competenze ICT, cos\u00ec come descritte negli standard internazionali alla base del nuovo curriculum\u00a0<em>Europass<\/em>: come per le competenze linguistiche, anche per quelle informatiche ora \u00e8 prevista una specifica tabella in cui puoi indicare il tuo livello di competenze digitali.<\/p>\n<p>Tutte le certificazioni sono strutturate su standard condivisi a livello internazionale: questo \u00e8 un aspetto determinante per il riconoscimento delle certificazioni informatiche nei diversi Paesi ed \u00e8 inoltre di notevole utilit\u00e0 per le aziende in cerca di personale qualificato e per chi vuole ottenere maggiore punteggio in graduatorie e concorsi pubblici.<\/p>\n<div class='et-learn-more clearfix'>\n\t\t\t\t\t<h3 class='heading-more'>EIPASS 7 Moduli Standard<span class='et_learnmore_arrow'><span><\/span><\/span><\/h3>\n\t\t\t\t\t<div class='learn-more-content'><p><strong>Moduli d\u2019esame<\/strong><\/p>\n<ul>\n<li>I fondamenti dell\u2019ICT<\/li>\n<li>Sicurezza informatica<\/li>\n<li>Navigare e cercare informazioni sul Web<\/li>\n<li>Comunicare in Rete<\/li>\n<li>Elaborazione testi<\/li>\n<li>Foglio di calcolo<\/li>\n<li>Presentazione<\/li>\n<\/ul>\n<p><strong>La certificazione EIPASS 7 Moduli Standard consente di ottenere:<\/strong><\/p>\n<ul class=\"fa-ul\">\n<li><i class=\"fa-li fa fa-angle-right\"><\/i>l\u2019attestazione di\u00a0Utente qualificato di computer, con\u00a0pubblica visibilit\u00e0\u00a0sul sito di Accredia;<\/li>\n<li><i class=\"fa-li fa fa-angle-right\"><\/i>la certificazione informatica\u00a0EIPASS 7 Moduli User, con\u00a0convalida integrale;<\/li>\n<li><i class=\"fa-li fa fa-angle-right\"><\/i>l\u2019iscrizione gratuita\u00a0alla certificazione di\u00a0<em>livello Expert<\/em>\u00a0EIPASS IT Security, con convalida del modulo Sicurezza informatica.<\/li>\n<\/ul><\/div>\n\t\t\t\t<\/div>\n<div class='et-learn-more clearfix'>\n\t\t\t\t\t<h3 class='heading-more'>EIPASS 7 Moduli User<span class='et_learnmore_arrow'><span><\/span><\/span><\/h3>\n\t\t\t\t\t<div class='learn-more-content'><p><strong>Moduli d\u2019esame<\/strong><\/p>\n<ul>\n<li>I fondamenti dell\u2019ICT<\/li>\n<li>Sicurezza informatica<\/li>\n<li>Navigare e cercare informazioni sul Web<\/li>\n<li>Comunicare in Rete<\/li>\n<li>Elaborazione testi<\/li>\n<li>Foglio di calcolo<\/li>\n<li>Presentazione<\/li>\n<\/ul><\/div>\n\t\t\t\t<\/div>\n<div class='et-learn-more clearfix'>\n\t\t\t\t\t<h3 class='heading-more'>EIPASS Basic<span class='et_learnmore_arrow'><span><\/span><\/span><\/h3>\n\t\t\t\t\t<div class='learn-more-content'><p><strong>Moduli d\u2019esame<\/strong><\/p>\n<ul>\n<li>I fondamenti dell\u2019ICT<\/li>\n<li>Navigare e cercare informazioni sul Web<\/li>\n<li>Comunicare e collaborare in Rete<\/li>\n<li>Elaborazione testi<\/li>\n<\/ul><\/div>\n\t\t\t\t<\/div>\n<div class='et-learn-more clearfix'>\n\t\t\t\t\t<h3 class='heading-more'>ArchiCAD<span class='et_learnmore_arrow'><span><\/span><\/span><\/h3>\n\t\t\t\t\t<div class='learn-more-content'><p><strong>Moduli d\u2019esame ArchiCAD<\/strong>\nUnico modulo che comprende i seguenti argomenti:<\/p>\n<ul>\n<li>Impostazione del progetto, strumenti di modellazione e di editazione<\/li>\n<li>Oggetti parametrici e gli strumenti di disegno bidimensionali<\/li>\n<li>Annotazioni e misurazioni con i relativi strumenti<\/li>\n<li>Viste bidimensionali e tridimensionali<\/li>\n<li>Rendering e impostazione del layout di stampa<\/li>\n<\/ul><\/div>\n\t\t\t\t<\/div>\n<div class='et-learn-more clearfix'>\n\t\t\t\t\t<h3 class='heading-more'>AutoCAD<span class='et_learnmore_arrow'><span><\/span><\/span><\/h3>\n\t\t\t\t\t<div class='learn-more-content'><p><strong>Moduli d\u2019esame AutoCAD<\/strong>\nUnico modulo che comprende i seguenti argomenti:<\/p>\n<ul>\n<li>L\u2019ambiente di lavoro e le prime operazioni<\/li>\n<li>Strumenti di disegno bidimensionali<\/li>\n<li>Selezionare e modificare oggetti<\/li>\n<li>Gli strumenti di misurazione e di annotazione<\/li>\n<li>Funzioni avanzate 2D<\/li>\n<li>L\u2019ambiente di disegno tridimensionale e strumenti di modellazione 3D<\/li>\n<li>Rendering, stampa e modelli<\/li>\n<\/ul><\/div>\n\t\t\t\t<\/div>\n<div class='et-learn-more clearfix'>\n\t\t\t\t\t<h3 class='heading-more'>EIPASS Coding<span class='et_learnmore_arrow'><span><\/span><\/span><\/h3>\n\t\t\t\t\t<div class='learn-more-content'><p><strong>Moduli d\u2019esame<\/strong><\/p>\n<div class=\"descrizione\">\n<ul class=\"fa-ul\">\n<li><i class=\"fa-li fa fa-angle-right\"><\/i>Il coding come metodo didattico<\/li>\n<li><i class=\"fa-li fa fa-angle-right\"><\/i>La programmazione informatica<\/li>\n<li><i class=\"fa-li fa fa-angle-right\"><\/i>Linguaggi di programmazione<\/li>\n<\/ul>\n<\/div><\/div>\n\t\t\t\t<\/div>\n<div class='et-learn-more clearfix'>\n\t\t\t\t\t<h3 class='heading-more'>EIPASS Didattica Digitale Integrata<span class='et_learnmore_arrow'><span><\/span><\/span><\/h3>\n\t\t\t\t\t<div class='learn-more-content'><p><strong>Moduli d\u2019esame<\/strong><\/p>\n<ul>\n<li>GSuite per la creazione di contenuti didattici digitali<\/li>\n<li>Altri strumenti per la creazione di contenuti didattici digitali<\/li>\n<li>Ambienti per la gestione di classi virtuali e social learning<\/li>\n<li>Strumenti per la valutazione<\/li>\n<li>L\u2019approccio metodologico<\/li>\n<li>Didattica digitale integrata e inclusione<\/li>\n<\/ul><\/div>\n\t\t\t\t<\/div>\n<div class='et-learn-more clearfix'>\n\t\t\t\t\t<h3 class='heading-more'>Cybersecurity<span class='et_learnmore_arrow'><span><\/span><\/span><\/h3>\n\t\t\t\t\t<div class='learn-more-content'><p><strong>Moduli d\u2019esame<\/strong><\/p>\n<ul>\n<li>Cybercrimes: reati informatici<\/li>\n<\/ul><\/div>\n\t\t\t\t<\/div>\n<div class='et-learn-more clearfix'>\n\t\t\t\t\t<h3 class='heading-more'>EIPASS DPO<span class='et_learnmore_arrow'><span><\/span><\/span><\/h3>\n\t\t\t\t\t<div class='learn-more-content'><p><strong>Moduli d\u2019esame<\/strong><\/p>\n<ul>\n<li>Il DPO: designazione, posizione e compiti<\/li>\n<li>Nuove tecnologie: diritti e danni<\/li>\n<li>Il Codice dell\u2019Amministrazione Digitale e gli ultimi aggiornamenti<\/li>\n<li>La protezione dei dati personali: il GDPR<\/li>\n<li>PEC, firma elettronica e archiviazione dei documenti digitali<\/li>\n<li>IT Security<\/li>\n<\/ul><\/div>\n\t\t\t\t<\/div>\n<div class='et-learn-more clearfix'>\n\t\t\t\t\t<h3 class='heading-more'>EIPASS Informatica giuridica<span class='et_learnmore_arrow'><span><\/span><\/span><\/h3>\n\t\t\t\t\t<div class='learn-more-content'><p><strong>Moduli d\u2019esame<\/strong><\/p>\n<ul>\n<li>Nuove tecnologie: diritti e danni<\/li>\n<li>Il commercio elettronico, Point and Click<\/li>\n<li>PEC, firma digitale e archiviazione dei documenti<\/li>\n<li>Cybercrimes: reati informatici<\/li>\n<\/ul><\/div>\n\t\t\t\t<\/div>\n<div class='et-learn-more clearfix'>\n\t\t\t\t\t<h3 class='heading-more'>EIPASS IT Security<span class='et_learnmore_arrow'><span><\/span><\/span><\/h3>\n\t\t\t\t\t<div class='learn-more-content'><p><strong>Moduli d\u2019esame<\/strong><\/p>\n<ul>\n<li>Sicurezza informatica<\/li>\n<li>Privacy e sicurezza dati<\/li>\n<li>Strumenti informatici per la tutela in Rete<\/li>\n<\/ul><\/div>\n\t\t\t\t<\/div>\n<div class='et-learn-more clearfix'>\n\t\t\t\t\t<h3 class='heading-more'>LIM<span class='et_learnmore_arrow'><span><\/span><\/span><\/h3>\n\t\t\t\t\t<div class='learn-more-content'><p><strong>Moduli d\u2019esame<\/strong><\/p>\n<ul>\n<li>Il sistema LIM: tipologie, accessori e software autore<\/li>\n<li>Utilizzo della LIM: strumenti, funzioni e software compatibili<\/li>\n<li>Didattica digitale con la LIM: strategie, risorse e applicativi specifici<\/li>\n<li>Inclusione con la LIM: definizioni, lezioni mirate ed esercizi specifici<\/li>\n<\/ul><\/div>\n\t\t\t\t<\/div>\n<div class='et-learn-more clearfix'>\n\t\t\t\t\t<h3 class='heading-more'>EIPASS Ondemand<span class='et_learnmore_arrow'><span><\/span><\/span><\/h3>\n\t\t\t\t\t<div class='learn-more-content'><p>Con EIPASS Ondemand \u00e8 possibile certificare 4 moduli a scelta tra tutti quelli previsti dal sistema di certificazione EIPASS.<\/p>\n<p><strong>Moduli d\u2019esame<\/strong><\/p>\n<ul>\n<li>I fondamenti dell\u2019ICT<\/li>\n<li>Sicurezza informatica<\/li>\n<li>Navigare e cercare informazioni sul Web<\/li>\n<li>Comunicare in Rete<\/li>\n<li>Elaborazione testi\nFoglio di calcolo<\/li>\n<li>Presentazione<\/li>\n<li>Editor di testi | Microsoft Word livello avanzato<\/li>\n<li>Fogli di calcolo | Microsoft Excel livello avanzato<\/li>\n<li>Presentazioni multimediali | Microsoft PowerPoint livello avanzato<\/li>\n<li>Gestione di database | Microsoft Access livello base e intermedio<\/li>\n<li>Hardware e software negli ambienti di apprendimento<\/li>\n<li>Interfaccia e strumenti: uso di tablet Android e iPad<\/li>\n<li>Impiego di strumenti di produttivit\u00e0 a fini didattici<\/li>\n<li>Le app per la didattica: conoscere e utilizzarle in classe<\/li>\n<li>Integrare le risorse digitali online: modelli di didattica collaborativa<\/li>\n<li>Insegnare in modo nuovo: aspetti metodologici, setting, progettazione e realizzazione di unit\u00e0 di apprendimento<\/li>\n<li>Componenti hardware e software del sistema LIM<\/li>\n<li>Interfaccia e strumenti della LIM<\/li>\n<li>Risorse digitali e strategie per la creazione di lezioni interattive<\/li>\n<li>La LIM per la didattica inclusiva<\/li>\n<li>Web 2.0, Cloud e Apps for education<\/li>\n<li>Byod, eLearning e pensiero computazionale per la didattica innovativa\nBuone pratiche: integrazione delle ICT, software didattici e Registro elettronico<\/li>\n<li>Le ICT per l\u2019inclusione<\/li>\n<li>Le dimensioni dell\u2019apprendimento, la scuola nell\u2019era digitale e le implicazioni sociali<\/li>\n<li>PEC, firma digitale e archiviazione dei documenti digitali<\/li>\n<li>Privacy e sicurezza dati<\/li>\n<li>Codice dell\u2019Amministrazione Digitale<\/li>\n<li>Documento informatico, conservazione sostitutiva ed archiviazione<\/li>\n<li>Nuove tecnologie: diritti e danni<\/li>\n<li>Il commercio elettronico, Point and Click<\/li>\n<li>Cybercrimes Criminologia e reati informatici<\/li>\n<li>Creare un sito con WordPress<\/li>\n<li>Gestire e sviluppare il sito<\/li>\n<li>Introduzione al SEO<\/li>\n<li>Social Network<\/li>\n<li>Facebook Marketing<\/li>\n<\/ul><\/div>\n\t\t\t\t<\/div>\n<div class='et-learn-more clearfix'>\n\t\t\t\t\t<h3 class='heading-more'>EIPASS Personale ATA <span class='et_learnmore_arrow'><span><\/span><\/span><\/h3>\n\t\t\t\t\t<div class='learn-more-content'><p><strong>Moduli d\u2019esame<\/strong><\/p>\n<ul>\n<li>I fondamenti dell\u2019ICT<\/li>\n<li>Navigare e cercare informazioni sul Web<\/li>\n<li>Comunicare in Rete<\/li>\n<li>PEC, firma elettronica e archiviazione dei documenti digitali<\/li>\n<li>Privacy e sicurezza dati<\/li>\n<\/ul><\/div>\n\t\t\t\t<\/div>\n<div class='et-learn-more clearfix'>\n\t\t\t\t\t<h3 class='heading-more'>EIPASS Sanit\u00e0 digitale<span class='et_learnmore_arrow'><span><\/span><\/span><\/h3>\n\t\t\t\t\t<div class='learn-more-content'><p><strong>Moduli d\u2019esame<\/strong><\/p>\n<ul>\n<li>eHealth: soluzioni ed applicazioni digitali in ambito sanitario<\/li>\n<li>Centrale Operativa 118: i sistemi informativi ed applicativi per l\u2019emergenza sul Territorio<\/li>\n<li>La protezione dei dati personali: il GDPR<\/li>\n<\/ul><\/div>\n\t\t\t\t<\/div>\n<div class='et-learn-more clearfix'>\n\t\t\t\t\t<h3 class='heading-more'>EIPASS Social Media Manager<span class='et_learnmore_arrow'><span><\/span><\/span><\/h3>\n\t\t\t\t\t<div class='learn-more-content'><p><strong>Moduli d\u2019esame<\/strong><\/p>\n<ul>\n<li>Storytelling<\/li>\n<li>Business Blogging<\/li>\n<li>Web Reputation<\/li>\n<li>Social Media Marketing<\/li>\n<li>Facebook Marketing<\/li>\n<li>LinkedIn Marketing<\/li>\n<li>Instagram Marketing<\/li>\n<li>Influencer Marketing<\/li>\n<li>SEO &amp; SEM<\/li>\n<\/ul><\/div>\n\t\t\t\t<\/div>\n<div class='et-learn-more clearfix'>\n\t\t\t\t\t<h3 class='heading-more'>EIPASS Tablet<span class='et_learnmore_arrow'><span><\/span><\/span><\/h3>\n\t\t\t\t\t<div class='learn-more-content'><p><strong>Moduli d\u2019esame<\/strong><\/p>\n<ul>\n<li>Interfaccia e strumenti: uso di tablet Android e iPad<\/li>\n<li>Impiego di strumenti di produttivit\u00e0 a fini didattici<\/li>\n<li>Le app per la didattica: conoscere e utilizzarle in classe<\/li>\n<li>Integrare le risorse digitali online: modelli di didattica collaborativa<\/li>\n<li>Insegnare in modo nuovo: aspetti metodologici, setting, progettazione e realizzazione di unit\u00e0 di apprendimento<\/li>\n<\/ul><\/div>\n\t\t\t\t<\/div>\n<div class='et-learn-more clearfix'>\n\t\t\t\t\t<h3 class='heading-more'>EIPASS Teacher <span class='et_learnmore_arrow'><span><\/span><\/span><\/h3>\n\t\t\t\t\t<div class='learn-more-content'><p><strong>Moduli d\u2019esame<\/strong><\/p>\n<ul>\n<li>Creazione dei contenuti digitali<\/li>\n<li>Classi virtuali<\/li>\n<li>Byod, eLearning e pensiero computazionale per la didattica innovativa<\/li>\n<li>Buone pratiche: integrazione delle ICT, software didattici e Registro elettronico<\/li>\n<li>Le ICT per l\u2019inclusione<\/li>\n<li>Crowdfunding<\/li>\n<\/ul><\/div>\n\t\t\t\t<\/div>\n<div class='et-learn-more clearfix'>\n\t\t\t\t\t<h3 class='heading-more'>EIPASS Web<span class='et_learnmore_arrow'><span><\/span><\/span><\/h3>\n\t\t\t\t\t<div class='learn-more-content'><p><strong>Moduli d\u2019esame<\/strong><\/p>\n<ul>\n<li>Creare un sito con WordPress<\/li>\n<li>Gestire e sviluppare il sito<\/li>\n<li>Introduzione al SEO<\/li>\n<li>Social Network<\/li>\n<li>Facebook Marketing<\/li>\n<\/ul><\/div>\n\t\t\t\t<\/div>\n<\/div>\n","protected":false},"excerpt":{"rendered":"<h4>Esami in sede<\/h4>\n<p>Eipass &#8211; Ei Center &#8211; Certificazioni IT<\/p>\n","protected":false},"featured_media":7240,"comment_status":"open","ping_status":"closed","template":"","meta":{"_et_pb_use_builder":"off","_et_pb_old_content":"OBIETTIVI DEL CORSO\r\n\r\nIl corso di qualifica per Operatore Socio Sanitario \u00e8 volto a formare operatori in grado di intervenire nelle situazioni caratterizzate da mancanza temporanea e\/o permanente di autonomia psicofisica. Grazie alla formazione teorico-pratica e al tirocinio pratico, gli allievi avranno l\u2019opportunit\u00e0 di sviluppare competenze professionali volte a:\r\n<ul>\r\n \t<li>identificare, classificare ed interpretare le problematiche delle diverse tipologie di utenze (minori, anziani, persone con disabilit\u00e0, pazienti oncologici);<\/li>\r\n \t<li>conoscere l\u2019organizzazione dei servizi sociali e sanitari; acquisire elementi di igiene e prevenzione e di anatomia, fisiologia e dietetica;<\/li>\r\n \t<li>identificare gli elementi necessari alla pianificazione dell\u2019assistenza e applicare le conoscenze acquisite per mantenere un ambiente terapeutico adeguato alla cura della persona e per applicare le diverse metodologie operative di carattere sanitario sugli assistiti.<\/li>\r\n<\/ul>\r\nIL CORSO E\u2019 ACCREDITATO DALLA REGIONE SICILIANA, ASSESSORATO ALLA SALUTE, AI SENSI DEL DECRETO DEL 12 AGOSTO 2020 (GURS N. 45\/2020) e ACCORDO STATO REGIONI DEL 22 FEBBRAIO 2001.\r\n\r\nPROGRAMMA \u2013 le materie di insegnamento sono articolate nelle seguenti aree disciplinari","_et_gb_content_width":"","_joinchat":[]},"product_brand":[],"product_cat":[27],"product_tag":[],"class_list":{"0":"post-7236","1":"product","2":"type-product","3":"status-publish","4":"has-post-thumbnail","6":"product_cat-informatica","8":"first","9":"instock","10":"shipping-taxable","11":"product-type-simple"},"yoast_head":"<!-- This site is optimized with the Yoast SEO plugin v27.0 - https:\/\/yoast.com\/product\/yoast-seo-wordpress\/ -->\n<title>Eipass - Ei Center - Certificazioni IT - Accademia Eraclitea<\/title>\n<meta name=\"robots\" content=\"index, follow, max-snippet:-1, max-image-preview:large, max-video-preview:-1\" \/>\n<link rel=\"canonical\" href=\"https:\/\/eraclitea.it\/it\/prodotto\/eipass-ei-center-certificazioni-it\/\" \/>\n<meta property=\"og:locale\" content=\"it_IT\" \/>\n<meta property=\"og:type\" content=\"article\" \/>\n<meta property=\"og:title\" content=\"Eipass - Ei Center - Certificazioni IT - Accademia Eraclitea\" \/>\n<meta property=\"og:description\" content=\"Esami in sede Eipass - Ei Center - Certificazioni IT\" \/>\n<meta property=\"og:url\" content=\"https:\/\/eraclitea.it\/it\/prodotto\/eipass-ei-center-certificazioni-it\/\" \/>\n<meta property=\"og:site_name\" content=\"Accademia Eraclitea\" \/>\n<meta property=\"article:modified_time\" content=\"2021-07-22T07:19:01+00:00\" \/>\n<meta property=\"og:image\" content=\"https:\/\/eraclitea.it\/it\/wp-content\/uploads\/2021\/07\/eipass-center1.jpg\" \/>\n\t<meta property=\"og:image:width\" content=\"300\" \/>\n\t<meta property=\"og:image:height\" content=\"200\" \/>\n\t<meta property=\"og:image:type\" content=\"image\/jpeg\" \/>\n<meta name=\"twitter:card\" content=\"summary_large_image\" \/>\n<meta name=\"twitter:label1\" content=\"Tempo di lettura stimato\" \/>\n\t<meta name=\"twitter:data1\" content=\"6 minuti\" \/>\n<script type=\"application\/ld+json\" class=\"yoast-schema-graph\">{\"@context\":\"https:\/\/schema.org\",\"@graph\":[{\"@type\":\"WebPage\",\"@id\":\"https:\/\/eraclitea.it\/it\/prodotto\/eipass-ei-center-certificazioni-it\/\",\"url\":\"https:\/\/eraclitea.it\/it\/prodotto\/eipass-ei-center-certificazioni-it\/\",\"name\":\"Eipass - Ei Center - Certificazioni IT - Accademia Eraclitea\",\"isPartOf\":{\"@id\":\"https:\/\/eraclitea.it\/it\/#website\"},\"primaryImageOfPage\":{\"@id\":\"https:\/\/eraclitea.it\/it\/prodotto\/eipass-ei-center-certificazioni-it\/#primaryimage\"},\"image\":{\"@id\":\"https:\/\/eraclitea.it\/it\/prodotto\/eipass-ei-center-certificazioni-it\/#primaryimage\"},\"thumbnailUrl\":\"https:\/\/eraclitea.it\/it\/wp-content\/uploads\/2021\/07\/eipass-center1.jpg\",\"datePublished\":\"2021-07-21T14:27:39+00:00\",\"dateModified\":\"2021-07-22T07:19:01+00:00\",\"breadcrumb\":{\"@id\":\"https:\/\/eraclitea.it\/it\/prodotto\/eipass-ei-center-certificazioni-it\/#breadcrumb\"},\"inLanguage\":\"it-IT\",\"potentialAction\":[{\"@type\":\"ReadAction\",\"target\":[\"https:\/\/eraclitea.it\/it\/prodotto\/eipass-ei-center-certificazioni-it\/\"]}]},{\"@type\":\"ImageObject\",\"inLanguage\":\"it-IT\",\"@id\":\"https:\/\/eraclitea.it\/it\/prodotto\/eipass-ei-center-certificazioni-it\/#primaryimage\",\"url\":\"https:\/\/eraclitea.it\/it\/wp-content\/uploads\/2021\/07\/eipass-center1.jpg\",\"contentUrl\":\"https:\/\/eraclitea.it\/it\/wp-content\/uploads\/2021\/07\/eipass-center1.jpg\",\"width\":300,\"height\":200},{\"@type\":\"BreadcrumbList\",\"@id\":\"https:\/\/eraclitea.it\/it\/prodotto\/eipass-ei-center-certificazioni-it\/#breadcrumb\",\"itemListElement\":[{\"@type\":\"ListItem\",\"position\":1,\"name\":\"Home\",\"item\":\"https:\/\/eraclitea.it\/it\/\"},{\"@type\":\"ListItem\",\"position\":2,\"name\":\"Corsi\",\"item\":\"https:\/\/eraclitea.it\/it\/corsi\/\"},{\"@type\":\"ListItem\",\"position\":3,\"name\":\"Eipass &#8211; Ei Center &#8211; Certificazioni IT\"}]},{\"@type\":\"WebSite\",\"@id\":\"https:\/\/eraclitea.it\/it\/#website\",\"url\":\"https:\/\/eraclitea.it\/it\/\",\"name\":\"Accademia Eraclitea\",\"description\":\"Ente di Ricerca e di Alta Formazione Accreditato\",\"potentialAction\":[{\"@type\":\"SearchAction\",\"target\":{\"@type\":\"EntryPoint\",\"urlTemplate\":\"https:\/\/eraclitea.it\/it\/?s={search_term_string}\"},\"query-input\":{\"@type\":\"PropertyValueSpecification\",\"valueRequired\":true,\"valueName\":\"search_term_string\"}}],\"inLanguage\":\"it-IT\"}]}<\/script>\n<!-- \/ Yoast SEO plugin. -->","yoast_head_json":{"title":"Eipass - Ei Center - Certificazioni IT - Accademia Eraclitea","robots":{"index":"index","follow":"follow","max-snippet":"max-snippet:-1","max-image-preview":"max-image-preview:large","max-video-preview":"max-video-preview:-1"},"canonical":"https:\/\/eraclitea.it\/it\/prodotto\/eipass-ei-center-certificazioni-it\/","og_locale":"it_IT","og_type":"article","og_title":"Eipass - Ei Center - Certificazioni IT - Accademia Eraclitea","og_description":"Esami in sede Eipass - Ei Center - Certificazioni IT","og_url":"https:\/\/eraclitea.it\/it\/prodotto\/eipass-ei-center-certificazioni-it\/","og_site_name":"Accademia Eraclitea","article_modified_time":"2021-07-22T07:19:01+00:00","og_image":[{"width":300,"height":200,"url":"https:\/\/eraclitea.it\/it\/wp-content\/uploads\/2021\/07\/eipass-center1.jpg","type":"image\/jpeg"}],"twitter_card":"summary_large_image","twitter_misc":{"Tempo di lettura stimato":"6 minuti"},"schema":{"@context":"https:\/\/schema.org","@graph":[{"@type":"WebPage","@id":"https:\/\/eraclitea.it\/it\/prodotto\/eipass-ei-center-certificazioni-it\/","url":"https:\/\/eraclitea.it\/it\/prodotto\/eipass-ei-center-certificazioni-it\/","name":"Eipass - Ei Center - Certificazioni IT - Accademia Eraclitea","isPartOf":{"@id":"https:\/\/eraclitea.it\/it\/#website"},"primaryImageOfPage":{"@id":"https:\/\/eraclitea.it\/it\/prodotto\/eipass-ei-center-certificazioni-it\/#primaryimage"},"image":{"@id":"https:\/\/eraclitea.it\/it\/prodotto\/eipass-ei-center-certificazioni-it\/#primaryimage"},"thumbnailUrl":"https:\/\/eraclitea.it\/it\/wp-content\/uploads\/2021\/07\/eipass-center1.jpg","datePublished":"2021-07-21T14:27:39+00:00","dateModified":"2021-07-22T07:19:01+00:00","breadcrumb":{"@id":"https:\/\/eraclitea.it\/it\/prodotto\/eipass-ei-center-certificazioni-it\/#breadcrumb"},"inLanguage":"it-IT","potentialAction":[{"@type":"ReadAction","target":["https:\/\/eraclitea.it\/it\/prodotto\/eipass-ei-center-certificazioni-it\/"]}]},{"@type":"ImageObject","inLanguage":"it-IT","@id":"https:\/\/eraclitea.it\/it\/prodotto\/eipass-ei-center-certificazioni-it\/#primaryimage","url":"https:\/\/eraclitea.it\/it\/wp-content\/uploads\/2021\/07\/eipass-center1.jpg","contentUrl":"https:\/\/eraclitea.it\/it\/wp-content\/uploads\/2021\/07\/eipass-center1.jpg","width":300,"height":200},{"@type":"BreadcrumbList","@id":"https:\/\/eraclitea.it\/it\/prodotto\/eipass-ei-center-certificazioni-it\/#breadcrumb","itemListElement":[{"@type":"ListItem","position":1,"name":"Home","item":"https:\/\/eraclitea.it\/it\/"},{"@type":"ListItem","position":2,"name":"Corsi","item":"https:\/\/eraclitea.it\/it\/corsi\/"},{"@type":"ListItem","position":3,"name":"Eipass &#8211; Ei Center &#8211; Certificazioni IT"}]},{"@type":"WebSite","@id":"https:\/\/eraclitea.it\/it\/#website","url":"https:\/\/eraclitea.it\/it\/","name":"Accademia Eraclitea","description":"Ente di Ricerca e di Alta Formazione Accreditato","potentialAction":[{"@type":"SearchAction","target":{"@type":"EntryPoint","urlTemplate":"https:\/\/eraclitea.it\/it\/?s={search_term_string}"},"query-input":{"@type":"PropertyValueSpecification","valueRequired":true,"valueName":"search_term_string"}}],"inLanguage":"it-IT"}]}},"jetpack_sharing_enabled":true,"_links":{"self":[{"href":"https:\/\/eraclitea.it\/it\/wp-json\/wp\/v2\/product\/7236","targetHints":{"allow":["GET"]}}],"collection":[{"href":"https:\/\/eraclitea.it\/it\/wp-json\/wp\/v2\/product"}],"about":[{"href":"https:\/\/eraclitea.it\/it\/wp-json\/wp\/v2\/types\/product"}],"replies":[{"embeddable":true,"href":"https:\/\/eraclitea.it\/it\/wp-json\/wp\/v2\/comments?post=7236"}],"wp:featuredmedia":[{"embeddable":true,"href":"https:\/\/eraclitea.it\/it\/wp-json\/wp\/v2\/media\/7240"}],"wp:attachment":[{"href":"https:\/\/eraclitea.it\/it\/wp-json\/wp\/v2\/media?parent=7236"}],"wp:term":[{"taxonomy":"product_brand","embeddable":true,"href":"https:\/\/eraclitea.it\/it\/wp-json\/wp\/v2\/product_brand?post=7236"},{"taxonomy":"product_cat","embeddable":true,"href":"https:\/\/eraclitea.it\/it\/wp-json\/wp\/v2\/product_cat?post=7236"},{"taxonomy":"product_tag","embeddable":true,"href":"https:\/\/eraclitea.it\/it\/wp-json\/wp\/v2\/product_tag?post=7236"}],"curies":[{"name":"wp","href":"https:\/\/api.w.org\/{rel}","templated":true}]}}