{"id":7235,"date":"2021-07-21T12:03:21","date_gmt":"2021-07-21T12:03:21","guid":{"rendered":"https:\/\/eraclitea.it\/it\/?post_type=product&#038;p=7235"},"modified":"2025-04-14T08:45:47","modified_gmt":"2025-04-14T08:45:47","slug":"kryterion-authorised-test-center-certificazioni-it","status":"publish","type":"product","link":"https:\/\/eraclitea.it\/it\/prodotto\/kryterion-authorised-test-center-certificazioni-it\/","title":{"rendered":"Kryterion &#8211; Authorized Test Center &#8211; certificazioni IT"},"content":{"rendered":"<table style=\"border: 0px;height: 244px;width: 721px\">\n<tbody>\n<tr>\n<td style=\"width: 38.75px\"><img decoding=\"async\" src=\"https:\/\/images.emojiterra.com\/microsoft\/fluent-emoji\/15.1\/1024px\/1f4d9_flat.png\" alt=\"Microsoft - Fluent Emoji (Flat)\" \/><\/td>\n<td style=\"width: 147.841px\">\n<h4 class=\"et_pb_module_header\">Svolgimento:<\/h4>\n<\/td>\n<td style=\"width: 515.114px\">Gli esami vengono svolti presso la nostra sede<\/td>\n<\/tr>\n<tr>\n<td style=\"width: 38.75px\"><a href=\"https:\/\/eraclitea.it\/it\/wp-content\/uploads\/2021\/03\/Tavola-da-disegno-\u2013-13.png\"><img loading=\"lazy\" decoding=\"async\" class=\"alignnone wp-image-3710 \" src=\"https:\/\/eraclitea.it\/it\/wp-content\/uploads\/2021\/03\/Tavola-da-disegno-\u2013-13-300x300.png\" alt=\"\" width=\"39\" height=\"39\" srcset=\"https:\/\/eraclitea.it\/it\/wp-content\/uploads\/2021\/03\/Tavola-da-disegno-\u2013-13-300x300.png 300w, https:\/\/eraclitea.it\/it\/wp-content\/uploads\/2021\/03\/Tavola-da-disegno-\u2013-13-150x150.png 150w, https:\/\/eraclitea.it\/it\/wp-content\/uploads\/2021\/03\/Tavola-da-disegno-\u2013-13-100x100.png 100w, https:\/\/eraclitea.it\/it\/wp-content\/uploads\/2021\/03\/Tavola-da-disegno-\u2013-13-64x64.png 64w, https:\/\/eraclitea.it\/it\/wp-content\/uploads\/2021\/03\/Tavola-da-disegno-\u2013-13.png 400w\" sizes=\"(max-width: 39px) 100vw, 39px\" \/><\/a><\/td>\n<td style=\"width: 147.841px\">\n<h4>N. Partecipanti:<\/h4>\n<\/td>\n<td style=\"width: 515.114px\">Max 6 per ogni sessione di esami<\/td>\n<\/tr>\n<tr>\n<td style=\"width: 38.75px\"><a href=\"https:\/\/eraclitea.it\/it\/wp-content\/uploads\/2021\/04\/Tavola-da-disegno-\u2013-13-2.png\"><img loading=\"lazy\" decoding=\"async\" class=\"alignnone size-medium wp-image-5967\" src=\"https:\/\/eraclitea.it\/it\/wp-content\/uploads\/2021\/04\/Tavola-da-disegno-\u2013-13-2-300x300.png\" alt=\"\" width=\"300\" height=\"300\" \/><\/a><\/td>\n<td style=\"width: 147.841px\">\n<h4>A chi \u00e8 rivolto:<\/h4>\n<\/td>\n<td style=\"width: 515.114px\">Persone che cercano di avanzare nella loro carriera IT<\/td>\n<\/tr>\n<\/tbody>\n<\/table>\n<p>&nbsp;<\/p>\n<p>&nbsp;<\/p>\n<div>\n<h3>Obiettivi<\/h3>\n<p>Nella qualit\u00e0 di Authorized Testing Center Kryterion, offriamo la possibilit\u00e0 di svolgere presso la nostra sede i test per l&#8217;ottenimento delle pi\u00f9 importati certificazioni informatiche, di seguito elencate:<\/p>\n<div class='et-learn-more clearfix'>\n\t\t\t\t\t<h3 class='heading-more'>Genesys<span class='et_learnmore_arrow'><span><\/span><\/span><\/h3>\n\t\t\t\t\t<div class='learn-more-content'><h3>Genesys certificazione professionale<\/h3>\n<p>La certificazione per consulenti \u00e8 destinata principalmente a consulenti, amministratori di sistema e professionisti approvati in tutto il mondo, che assistono i partner e i clienti Genesys nella pianificazione, l\u2019installazione e la configurazione dei loro sistemi. Le certificazioni System disponibili sono:<\/p>\n<ul>\n<li>GCP8-System Consultant, Inbound Voice<\/li>\n<li>GCP8-System Consultant, Voice Platform<\/li>\n<li>GCP8-System Consultant, Info Mart<\/li>\n<li>GCP8-System Consultant, Workforce Management<\/li>\n<li>GCP8-System Consultant, Outbound Voice<\/li>\n<li>GCP8-System Consultant, SIP Server<\/li>\n<li>GCP8-System Consultant, iWD Solution<\/li>\n<li>GCP8-System Consultant, eServices<\/li>\n<li>GCP8-System Consultant, Advisors Solution<\/li>\n<\/ul>\n<h3>Genesys certificazione per sviluppatori<\/h3>\n<p>La certificazione per sviluppatori \u00e8 destinata principalmente a integratori di sistema, specialisti in telefonia e partner e collaboratori Genesys in tutto il mondo che utilizzano l\u2019SDK per sviluppare applicazioni che si integrano con la piattaforma Genesys. \u00a0Le certificazioni developer disponibili sono:<\/p>\n<ul>\n<li>GCP8-Developer, Inbound Voice Routing<\/li>\n<li>GCP8-Developer, Platform SDK<\/li>\n<\/ul>\n<h3>Genesys certificazione di supporto<\/h3>\n<p>La certificazione di supporto \u00e8 destinata principalmente a consulenti, amministratori di sistema e professionisti approvati in tutto il mondo che assistono i partner e i clienti Genesys nella risoluzione dei problemi di configurazione della piattaforma CIM Genesys.\u00a0 Le certificazioni Support disponibili sono :<\/p>\n<ul>\n<li>GCS8-Support Consultant, Troubleshooting CIM 8<\/li>\n<\/ul><\/div>\n\t\t\t\t<\/div>\n<div class='et-learn-more clearfix'>\n\t\t\t\t\t<h3 class='heading-more'>ServiceNow<span class='et_learnmore_arrow'><span><\/span><\/span><\/h3>\n\t\t\t\t\t<div class='learn-more-content'><p>ServiceNow offre programmi di certificazione professionale. La certificazione assicura ai datori di lavoro e ai colleghi che si possiedono le competenze e le conoscenze necessarie per esercitare le funzioni coinvolte in \u00a0ServiceNow, realizzazione, sviluppo di applicazioni e amministrazione del sistema.<\/p>\n<h3>Certified Application Developer (CAD)<\/h3>\n<p>CAD certifica che un candidato ha le competenze e le conoscenze essenziali per lo sviluppo di applicazioni e per risolvere problemi di business per i loro datori di lavoro e i clienti. I candidati devono avere esperienza con ServiceNow nel settore dell\u2019 amministrazione, dell\u2019application design, source code management, JavaScript e ServiceNow APIs, web services, e UI design. Anche se non ci sono specifici requisiti, sarebbe utile avere superato l&#8217;esame \u00a0Certified System Administrator ed avere almeno sei mesi di esperienza pratica nello sviluppo di applicazioni personalizzate in ServiceNow.<\/p>\n<h3>Certified System Administrator (CSA)<\/h3>\n<p>CSA stabilisce la competenza per continuare a livelli avanzati di conoscenza ServiceNow. L&#8217;esame Certified System Administrator dovrebbe essere preso dopo aver completato il corso di System Administration di 3 giorni e si raccomanda \u00a0ai candidati di certificazione di avere dai 6 mesi a un anno di esperienza del sistema ServiceNow.<\/p>\n<h3>Certified Implementation Specialist (CIS)<\/h3>\n<p>CIS stabilisce le credenziali per i professionisti per \u00a0completare le implementazioni dei sistemi ServiceNow.<\/p><\/div>\n\t\t\t\t<\/div>\n<div class='et-learn-more clearfix'>\n\t\t\t\t\t<h3 class='heading-more'>Google Apps<span class='et_learnmore_arrow'><span><\/span><\/span><\/h3>\n\t\t\t\t\t<div class='learn-more-content'><p>Le certificazioni Google sono consigliate a\u00a0specialisti dell\u2019IT<\/p>\n<h3>Google Deployment Specialist<\/h3>\n<p>certifica i professionisti IT che dimostrano le competenze fondamentali e le conoscenze necessarie per distribuire, configurare e migrare a Google Apps per il lavoro. La certificazione permetter\u00e0 ai partner di dimostrare con maggiore efficacia le proprie capacit\u00e0 e competenze, oltre ad elevare la qualit\u00e0 del servizio nei confronti delle grandi aziende.<\/p>\n<h3>Google Certified Administrator<\/h3>\n<p>certifica gli amministratori che dimostrano le competenze necessarie per gestire un dominio Google Apps.<\/p><\/div>\n\t\t\t\t<\/div>\n<div class='et-learn-more clearfix'>\n\t\t\t\t\t<h3 class='heading-more'>AWS<span class='et_learnmore_arrow'><span><\/span><\/span><\/h3>\n\t\t\t\t\t<div class='learn-more-content'><p>Amazon ha lanciato un programma di certificazione utile a provare le proprie competenze riguardo la piattaforma AWS.<\/p>\n<h3>Amazon Web Services (AWS)<\/h3>\n<p>Le certificazioni AWS si suddividono in tre categorie: Solutions Architect, Developer e SysOps Administrator. Ogni categoria \u00e8 composta da due livelli di certificazione, un livello Associate e un livello Professional.<\/p>\n<h3>Solutions Architect<\/h3>\n<p>Questo livello di certificazione attesta il possesso delle compentenze necessarie per progettare, direttamente su AWS, architetture scalabili , sicure e affidabili, cos\u00ec come la capacit\u00e0 di migrare applicazioni multi-tier da una soluzione on-premisis ad una on-cloud.<\/p>\n<h3>Developer<\/h3>\n<p>Le certificazioni della categoria developer sono studiate per gli sviluppatori che intendono dimostrare le proprie competenze di interazione con le API di AWS attraverso l&#8217;utilizzo dei diversi SDK disponibili. In questa certificazioni si affrontano anche temi \u201cCode-level application security\u201d (ruoli e utenze IAM, crittografia, etc.).<\/p>\n<h3>SysOps Administrator<\/h3>\n<p>Questa categoria di certificazioni \u00e8 particolarmente indicata per i professionisti intenzionati a validare le proprie competenze nel deploy, management e operation di servizi su cloud AW.<\/p><\/div>\n\t\t\t\t<\/div>\n<div class='et-learn-more clearfix'>\n\t\t\t\t\t<h3 class='heading-more'>WatchGuard Technologies<span class='et_learnmore_arrow'><span><\/span><\/span><\/h3>\n\t\t\t\t\t<div class='learn-more-content'><p>WatchGuard \u00a0\u00e8 leader di soluzioni di business security, fornendo protezione informatica a centinaia di migliaia di aziende in tutto il mondo.<\/p>\n<p>WatchGuard offre l&#8217;esame di certificazione Fireware Essentials e tre esami per competenze tecniche:<\/p>\n<ul>\n<li>Firewall Policies<\/li>\n<li>Network and Traffic Management<\/li>\n<li>Wireless<\/li>\n<li>WatchGuard XCS<\/li>\n<\/ul><\/div>\n\t\t\t\t<\/div>\n<div class='et-learn-more clearfix'>\n\t\t\t\t\t<h3 class='heading-more'>Salesforce<span class='et_learnmore_arrow'><span><\/span><\/span><\/h3>\n\t\t\t\t\t<div class='learn-more-content'><p>Salesforce \u00e8 leader mondiale del software CRM.<\/p>\n<h3>Certificazione Salesforce Certified Administrator<\/h3>\n<p>\u00e8 destinata ad un individuo che ha esperienza come amministratore di Salesforce.<\/p>\n<p>Ecco alcuni esempi concetti che \u00e8 necessario comprendere per superare l&#8217;esame:<\/p>\n<p>Manage users, data, and security\nMaintain and customize Sales Cloud and Service Cloud applications\nBuild reports, dashboards, and workflowe<\/p>\n<p>L&#8217;esame \u00e8 composto da\n60 domande a scelta multipla\n90 minuti assegnati per completare l&#8217;esame\n65% \u00e8 il punteggio di passaggio<\/p>\n<p>Nessun materiale pu\u00f2 essere consultato durante l&#8217;esame<\/p>\n<h3>Certificazione\u00a0 Salesforce Certified Advanced Administrator<\/h3>\n<p>\u00e8 destinata ad un individuo che ha esperienza di livello avanzato come amministratore di Salesforce.<\/p>\n<p>Ecco alcuni esempi dei concetti che \u00e8 necessario comprendere per superare l&#8217;esame:<\/p>\n<p>Leverage the advanced administration capabilities of Salesforce\nOptimize and extend Sales Cloud and Service Cloud applications\nDesign advanced reports, dashboards, and business process automation<\/p>\n<p>L&#8217;esame \u00e8 composto da\n60 domande a scelta multipla\n90 minuti assegnati per completare l&#8217;esame\n65% \u00e8 il punteggio di passaggio<\/p>\n<p>Nessun materiale pu\u00f2 essere consultato durante l&#8217;esame.<\/p><\/div>\n\t\t\t\t<\/div>\n<p>&nbsp;<\/p>\n<\/div>\n","protected":false},"excerpt":{"rendered":"<h4>Esami in sede<\/h4>\n<p>Kryterion Authorized Test Center &#8211; le pi\u00f9 importanti certificazioni informatiche<\/p>\n","protected":false},"featured_media":7237,"comment_status":"open","ping_status":"closed","template":"","meta":{"_et_pb_use_builder":"off","_et_pb_old_content":"OBIETTIVI DEL CORSO\r\n\r\nIl corso di qualifica per Operatore Socio Sanitario \u00e8 volto a formare operatori in grado di intervenire nelle situazioni caratterizzate da mancanza temporanea e\/o permanente di autonomia psicofisica. Grazie alla formazione teorico-pratica e al tirocinio pratico, gli allievi avranno l\u2019opportunit\u00e0 di sviluppare competenze professionali volte a:\r\n<ul>\r\n \t<li>identificare, classificare ed interpretare le problematiche delle diverse tipologie di utenze (minori, anziani, persone con disabilit\u00e0, pazienti oncologici);<\/li>\r\n \t<li>conoscere l\u2019organizzazione dei servizi sociali e sanitari; acquisire elementi di igiene e prevenzione e di anatomia, fisiologia e dietetica;<\/li>\r\n \t<li>identificare gli elementi necessari alla pianificazione dell\u2019assistenza e applicare le conoscenze acquisite per mantenere un ambiente terapeutico adeguato alla cura della persona e per applicare le diverse metodologie operative di carattere sanitario sugli assistiti.<\/li>\r\n<\/ul>\r\nIL CORSO E\u2019 ACCREDITATO DALLA REGIONE SICILIANA, ASSESSORATO ALLA SALUTE, AI SENSI DEL DECRETO DEL 12 AGOSTO 2020 (GURS N. 45\/2020) e ACCORDO STATO REGIONI DEL 22 FEBBRAIO 2001.\r\n\r\nPROGRAMMA \u2013 le materie di insegnamento sono articolate nelle seguenti aree disciplinari","_et_gb_content_width":"","_joinchat":[]},"product_brand":[],"product_cat":[27],"product_tag":[],"class_list":{"0":"post-7235","1":"product","2":"type-product","3":"status-publish","4":"has-post-thumbnail","6":"product_cat-informatica","8":"first","9":"instock","10":"shipping-taxable","11":"product-type-simple"},"yoast_head":"<!-- This site is optimized with the Yoast SEO plugin v27.0 - https:\/\/yoast.com\/product\/yoast-seo-wordpress\/ -->\n<title>Kryterion - Authorized Test Center - certificazioni IT - Accademia Eraclitea<\/title>\n<meta name=\"robots\" content=\"index, follow, max-snippet:-1, max-image-preview:large, max-video-preview:-1\" \/>\n<link rel=\"canonical\" href=\"https:\/\/eraclitea.it\/it\/prodotto\/kryterion-authorised-test-center-certificazioni-it\/\" \/>\n<meta property=\"og:locale\" content=\"it_IT\" \/>\n<meta property=\"og:type\" content=\"article\" \/>\n<meta property=\"og:title\" content=\"Kryterion - Authorized Test Center - certificazioni IT - Accademia Eraclitea\" \/>\n<meta property=\"og:description\" content=\"Esami in sede Kryterion Authorized Test Center - le pi\u00f9 importanti certificazioni informatiche\" \/>\n<meta property=\"og:url\" content=\"https:\/\/eraclitea.it\/it\/prodotto\/kryterion-authorised-test-center-certificazioni-it\/\" \/>\n<meta property=\"og:site_name\" content=\"Accademia Eraclitea\" \/>\n<meta property=\"article:modified_time\" content=\"2025-04-14T08:45:47+00:00\" \/>\n<meta property=\"og:image\" content=\"https:\/\/eraclitea.it\/it\/wp-content\/uploads\/2021\/07\/Kryterionlogo.jpg\" \/>\n\t<meta property=\"og:image:width\" content=\"300\" \/>\n\t<meta property=\"og:image:height\" content=\"200\" \/>\n\t<meta property=\"og:image:type\" content=\"image\/jpeg\" \/>\n<meta name=\"twitter:card\" content=\"summary_large_image\" \/>\n<meta name=\"twitter:label1\" content=\"Tempo di lettura stimato\" \/>\n\t<meta name=\"twitter:data1\" content=\"6 minuti\" \/>\n<script type=\"application\/ld+json\" class=\"yoast-schema-graph\">{\"@context\":\"https:\/\/schema.org\",\"@graph\":[{\"@type\":\"WebPage\",\"@id\":\"https:\/\/eraclitea.it\/it\/prodotto\/kryterion-authorised-test-center-certificazioni-it\/\",\"url\":\"https:\/\/eraclitea.it\/it\/prodotto\/kryterion-authorised-test-center-certificazioni-it\/\",\"name\":\"Kryterion - Authorized Test Center - certificazioni IT - Accademia Eraclitea\",\"isPartOf\":{\"@id\":\"https:\/\/eraclitea.it\/it\/#website\"},\"primaryImageOfPage\":{\"@id\":\"https:\/\/eraclitea.it\/it\/prodotto\/kryterion-authorised-test-center-certificazioni-it\/#primaryimage\"},\"image\":{\"@id\":\"https:\/\/eraclitea.it\/it\/prodotto\/kryterion-authorised-test-center-certificazioni-it\/#primaryimage\"},\"thumbnailUrl\":\"https:\/\/eraclitea.it\/it\/wp-content\/uploads\/2021\/07\/Kryterionlogo.jpg\",\"datePublished\":\"2021-07-21T12:03:21+00:00\",\"dateModified\":\"2025-04-14T08:45:47+00:00\",\"breadcrumb\":{\"@id\":\"https:\/\/eraclitea.it\/it\/prodotto\/kryterion-authorised-test-center-certificazioni-it\/#breadcrumb\"},\"inLanguage\":\"it-IT\",\"potentialAction\":[{\"@type\":\"ReadAction\",\"target\":[\"https:\/\/eraclitea.it\/it\/prodotto\/kryterion-authorised-test-center-certificazioni-it\/\"]}]},{\"@type\":\"ImageObject\",\"inLanguage\":\"it-IT\",\"@id\":\"https:\/\/eraclitea.it\/it\/prodotto\/kryterion-authorised-test-center-certificazioni-it\/#primaryimage\",\"url\":\"https:\/\/eraclitea.it\/it\/wp-content\/uploads\/2021\/07\/Kryterionlogo.jpg\",\"contentUrl\":\"https:\/\/eraclitea.it\/it\/wp-content\/uploads\/2021\/07\/Kryterionlogo.jpg\",\"width\":300,\"height\":200},{\"@type\":\"BreadcrumbList\",\"@id\":\"https:\/\/eraclitea.it\/it\/prodotto\/kryterion-authorised-test-center-certificazioni-it\/#breadcrumb\",\"itemListElement\":[{\"@type\":\"ListItem\",\"position\":1,\"name\":\"Home\",\"item\":\"https:\/\/eraclitea.it\/it\/\"},{\"@type\":\"ListItem\",\"position\":2,\"name\":\"Corsi\",\"item\":\"https:\/\/eraclitea.it\/it\/corsi\/\"},{\"@type\":\"ListItem\",\"position\":3,\"name\":\"Kryterion &#8211; Authorized Test Center &#8211; certificazioni IT\"}]},{\"@type\":\"WebSite\",\"@id\":\"https:\/\/eraclitea.it\/it\/#website\",\"url\":\"https:\/\/eraclitea.it\/it\/\",\"name\":\"Accademia Eraclitea\",\"description\":\"Ente di Ricerca e di Alta Formazione Accreditato\",\"potentialAction\":[{\"@type\":\"SearchAction\",\"target\":{\"@type\":\"EntryPoint\",\"urlTemplate\":\"https:\/\/eraclitea.it\/it\/?s={search_term_string}\"},\"query-input\":{\"@type\":\"PropertyValueSpecification\",\"valueRequired\":true,\"valueName\":\"search_term_string\"}}],\"inLanguage\":\"it-IT\"}]}<\/script>\n<!-- \/ Yoast SEO plugin. -->","yoast_head_json":{"title":"Kryterion - Authorized Test Center - certificazioni IT - Accademia Eraclitea","robots":{"index":"index","follow":"follow","max-snippet":"max-snippet:-1","max-image-preview":"max-image-preview:large","max-video-preview":"max-video-preview:-1"},"canonical":"https:\/\/eraclitea.it\/it\/prodotto\/kryterion-authorised-test-center-certificazioni-it\/","og_locale":"it_IT","og_type":"article","og_title":"Kryterion - Authorized Test Center - certificazioni IT - Accademia Eraclitea","og_description":"Esami in sede Kryterion Authorized Test Center - le pi\u00f9 importanti certificazioni informatiche","og_url":"https:\/\/eraclitea.it\/it\/prodotto\/kryterion-authorised-test-center-certificazioni-it\/","og_site_name":"Accademia Eraclitea","article_modified_time":"2025-04-14T08:45:47+00:00","og_image":[{"width":300,"height":200,"url":"https:\/\/eraclitea.it\/it\/wp-content\/uploads\/2021\/07\/Kryterionlogo.jpg","type":"image\/jpeg"}],"twitter_card":"summary_large_image","twitter_misc":{"Tempo di lettura stimato":"6 minuti"},"schema":{"@context":"https:\/\/schema.org","@graph":[{"@type":"WebPage","@id":"https:\/\/eraclitea.it\/it\/prodotto\/kryterion-authorised-test-center-certificazioni-it\/","url":"https:\/\/eraclitea.it\/it\/prodotto\/kryterion-authorised-test-center-certificazioni-it\/","name":"Kryterion - Authorized Test Center - certificazioni IT - Accademia Eraclitea","isPartOf":{"@id":"https:\/\/eraclitea.it\/it\/#website"},"primaryImageOfPage":{"@id":"https:\/\/eraclitea.it\/it\/prodotto\/kryterion-authorised-test-center-certificazioni-it\/#primaryimage"},"image":{"@id":"https:\/\/eraclitea.it\/it\/prodotto\/kryterion-authorised-test-center-certificazioni-it\/#primaryimage"},"thumbnailUrl":"https:\/\/eraclitea.it\/it\/wp-content\/uploads\/2021\/07\/Kryterionlogo.jpg","datePublished":"2021-07-21T12:03:21+00:00","dateModified":"2025-04-14T08:45:47+00:00","breadcrumb":{"@id":"https:\/\/eraclitea.it\/it\/prodotto\/kryterion-authorised-test-center-certificazioni-it\/#breadcrumb"},"inLanguage":"it-IT","potentialAction":[{"@type":"ReadAction","target":["https:\/\/eraclitea.it\/it\/prodotto\/kryterion-authorised-test-center-certificazioni-it\/"]}]},{"@type":"ImageObject","inLanguage":"it-IT","@id":"https:\/\/eraclitea.it\/it\/prodotto\/kryterion-authorised-test-center-certificazioni-it\/#primaryimage","url":"https:\/\/eraclitea.it\/it\/wp-content\/uploads\/2021\/07\/Kryterionlogo.jpg","contentUrl":"https:\/\/eraclitea.it\/it\/wp-content\/uploads\/2021\/07\/Kryterionlogo.jpg","width":300,"height":200},{"@type":"BreadcrumbList","@id":"https:\/\/eraclitea.it\/it\/prodotto\/kryterion-authorised-test-center-certificazioni-it\/#breadcrumb","itemListElement":[{"@type":"ListItem","position":1,"name":"Home","item":"https:\/\/eraclitea.it\/it\/"},{"@type":"ListItem","position":2,"name":"Corsi","item":"https:\/\/eraclitea.it\/it\/corsi\/"},{"@type":"ListItem","position":3,"name":"Kryterion &#8211; Authorized Test Center &#8211; certificazioni IT"}]},{"@type":"WebSite","@id":"https:\/\/eraclitea.it\/it\/#website","url":"https:\/\/eraclitea.it\/it\/","name":"Accademia Eraclitea","description":"Ente di Ricerca e di Alta Formazione Accreditato","potentialAction":[{"@type":"SearchAction","target":{"@type":"EntryPoint","urlTemplate":"https:\/\/eraclitea.it\/it\/?s={search_term_string}"},"query-input":{"@type":"PropertyValueSpecification","valueRequired":true,"valueName":"search_term_string"}}],"inLanguage":"it-IT"}]}},"jetpack_sharing_enabled":true,"_links":{"self":[{"href":"https:\/\/eraclitea.it\/it\/wp-json\/wp\/v2\/product\/7235","targetHints":{"allow":["GET"]}}],"collection":[{"href":"https:\/\/eraclitea.it\/it\/wp-json\/wp\/v2\/product"}],"about":[{"href":"https:\/\/eraclitea.it\/it\/wp-json\/wp\/v2\/types\/product"}],"replies":[{"embeddable":true,"href":"https:\/\/eraclitea.it\/it\/wp-json\/wp\/v2\/comments?post=7235"}],"wp:featuredmedia":[{"embeddable":true,"href":"https:\/\/eraclitea.it\/it\/wp-json\/wp\/v2\/media\/7237"}],"wp:attachment":[{"href":"https:\/\/eraclitea.it\/it\/wp-json\/wp\/v2\/media?parent=7235"}],"wp:term":[{"taxonomy":"product_brand","embeddable":true,"href":"https:\/\/eraclitea.it\/it\/wp-json\/wp\/v2\/product_brand?post=7235"},{"taxonomy":"product_cat","embeddable":true,"href":"https:\/\/eraclitea.it\/it\/wp-json\/wp\/v2\/product_cat?post=7235"},{"taxonomy":"product_tag","embeddable":true,"href":"https:\/\/eraclitea.it\/it\/wp-json\/wp\/v2\/product_tag?post=7235"}],"curies":[{"name":"wp","href":"https:\/\/api.w.org\/{rel}","templated":true}]}}