{"id":6909,"date":"2021-06-01T11:13:47","date_gmt":"2021-06-01T11:13:47","guid":{"rendered":"https:\/\/eraclitea.it\/it\/?post_type=product&#038;p=6909"},"modified":"2021-06-01T14:59:28","modified_gmt":"2021-06-01T14:59:28","slug":"istruttori-e-soccorritori-parco-avventure","status":"publish","type":"product","link":"https:\/\/eraclitea.it\/it\/prodotto\/istruttori-e-soccorritori-parco-avventure\/","title":{"rendered":"Istruttori e Soccorritori parco avventure"},"content":{"rendered":"<table style=\"border: 0px; height: 244px; width: 721px;\">\n<tbody>\n<tr>\n<td style=\"width: 38.75px;\"><a href=\"https:\/\/eraclitea.it\/it\/wp-content\/uploads\/2021\/01\/orolo2.png\"><img loading=\"lazy\" decoding=\"async\" class=\"alignnone wp-image-887 \" src=\"https:\/\/eraclitea.it\/it\/wp-content\/uploads\/2021\/03\/tempo.png\" alt=\"\" width=\"33\" height=\"33\" \/><\/a><\/td>\n<td style=\"width: 147.841px;\">\n<h4 class=\"et_pb_module_header\">Durata del corso:<\/h4>\n<\/td>\n<td style=\"width: 515.114px;\">24 ore &#8211; Istruttore<\/p>\n<p>8 ore &#8211; Soccorritore (si pu\u00f2 partecipare al corso dopo aver ottenuto l&#8217;attestato di istruttore)<\/td>\n<\/tr>\n<tr>\n<td style=\"width: 38.75px;\"><a href=\"https:\/\/eraclitea.it\/it\/wp-content\/uploads\/2021\/03\/Tavola-da-disegno-\u2013-13.png\"><img loading=\"lazy\" decoding=\"async\" class=\"alignnone wp-image-3710 \" src=\"https:\/\/eraclitea.it\/it\/wp-content\/uploads\/2021\/03\/Tavola-da-disegno-\u2013-13-300x300.png\" alt=\"\" width=\"39\" height=\"39\" srcset=\"https:\/\/eraclitea.it\/it\/wp-content\/uploads\/2021\/03\/Tavola-da-disegno-\u2013-13-300x300.png 300w, https:\/\/eraclitea.it\/it\/wp-content\/uploads\/2021\/03\/Tavola-da-disegno-\u2013-13-150x150.png 150w, https:\/\/eraclitea.it\/it\/wp-content\/uploads\/2021\/03\/Tavola-da-disegno-\u2013-13-100x100.png 100w, https:\/\/eraclitea.it\/it\/wp-content\/uploads\/2021\/03\/Tavola-da-disegno-\u2013-13-64x64.png 64w, https:\/\/eraclitea.it\/it\/wp-content\/uploads\/2021\/03\/Tavola-da-disegno-\u2013-13.png 400w\" sizes=\"(max-width: 39px) 100vw, 39px\" \/><\/a><\/td>\n<td style=\"width: 147.841px;\">\n<h4>N. Partecipanti:<\/h4>\n<\/td>\n<td style=\"width: 515.114px;\">Max 20<\/td>\n<\/tr>\n<tr>\n<td style=\"width: 38.75px;\"><a href=\"https:\/\/eraclitea.it\/it\/wp-content\/uploads\/2021\/04\/Tavola-da-disegno-\u2013-13-2.png\"><img loading=\"lazy\" decoding=\"async\" class=\"alignnone size-medium wp-image-5967\" src=\"https:\/\/eraclitea.it\/it\/wp-content\/uploads\/2021\/04\/Tavola-da-disegno-\u2013-13-2-300x300.png\" alt=\"\" width=\"300\" height=\"300\" \/><\/a><\/td>\n<td style=\"width: 147.841px;\">\n<h4>A chi \u00e8 rivolto:<\/h4>\n<\/td>\n<td style=\"width: 515.114px;\">persona che si occupano della sorveglianza dei percorsi acrobatici<\/td>\n<\/tr>\n<\/tbody>\n<\/table>\n<div class=\"et_pb_module et_pb_blurb et_pb_blurb_1_tb_body et_pb_text_align_left et_pb_blurb_position_left et_pb_bg_layout_light\"><\/div>\n<div><\/div>\n<h3>Premessa<\/h3>\n<p>&nbsp;<\/p>\n<div>\n<h4><strong>Istruttore:<\/strong><\/h4>\n<p>\u00e8 la persona che si occupa della sorveglianza dei percorsi, dai bambini agli adulti, che \u00e8 in grado di eseguire un briefing completo, di dare un informazione completa e dettagliata sulle attivit\u00e0 e sui rischi ad essa connessi. Non \u00e8 richiesta alcuna competenza specifica, il corso \u00e8 in grado di fornire tutte le necessarie procedure. E&#8217; necessaria una buona forma fisica.<\/p>\n<h4><strong>Soccorritore:<\/strong><\/h4>\n<p>Oltre ad avere le competenze dell&#8217;istruttore \u00e8 in grado di eseguire il recupero dei clienti dai percorsi e di eseguire manovre di emergenza. E&#8217; necessario, per accedere al corso di soccorritore, l&#8217;aver frequentato con profitto il corso di istruttore.<\/p>\n<\/div>\n<p>&nbsp;<\/p>\n<h3><\/h3>\n<h3>Obiettivi del corso<\/h3>\n<p>La formazione delle figure professionali di Istruttore e Soccorritore di parchi avventure<\/p>\n<h3><\/h3>\n<p>&nbsp;<\/p>\n<h3>Programma<\/h3>\n<div class='et-learn-more clearfix'>\n\t\t\t\t\t<h3 class='heading-more'>MODULO A - ISTRUTTORE <span class='et_learnmore_arrow'><span><\/span><\/span><\/h3>\n\t\t\t\t\t<div class='learn-more-content'><div>&#8211; Cenni normativi D.lgs. 81\/08 e D.lgs. 106\/09;<\/div>\n<div>&#8211; Cenni normativa UNI di riferimento;<\/div>\n<div>&#8211; Documentazione dei percorsi acrobatici;<\/div>\n<div>&#8211; Mansioni e responsabilit\u00e0 dell&#8217;istruttore di percorsi acrobatici;<\/div>\n<div>&#8211; Analisi dei rischi pi\u00f9 ricorrenti;<\/div>\n<div>&#8211; Attrezzature per alpinismo sportivo (imbracatura, cordini, dissipatori di energia, moschettoni, caschi etc.);<\/div>\n<div>&#8211; Tipologia di DPI utilizzati in un Parco Avventura (verifiche periodiche, prescrizioni di utilizzo e stoccaggio, manutenzione ordinaria);<\/div>\n<div>&#8211; Componenti degli elementi che costituiscono un percorso acrobatico;<\/div>\n<div>&#8211; Verifica Teorica sulle materie affrontate sino a qui;<\/div>\n<div>&#8211; Movimentazione sui percorsi &#8211; esercitazione;<\/div>\n<div>&#8211; Accoglienza dei partecipanti, note di sicurezza;<\/div>\n<div>&#8211; Vestizione dei partecipanti;<\/div>\n<div>&#8211; Briefing Istruttivo e sorveglianza lungo i percorsi;<\/div>\n<div>&#8211; Cenni di pronto soccorso e allertamento del 118;<\/div>\n<div>&#8211; Sindrome da sospensione all&#8217;imbracatura;<\/div>\n<div>&#8211; Evacuazione di un parco;<\/div>\n<div>&#8211; Verifica Pratica.<\/div>\n<div><\/div>\n<div><\/div>\n\t\t\t\t<\/div><\/div>\n<div><\/div>\n<div class='et-learn-more clearfix'>\n\t\t\t\t\t<h3 class='heading-more'>MODULO B \u2013 SOCCORRITORE <span class='et_learnmore_arrow'><span><\/span><\/span><\/h3>\n\t\t\t\t\t<div class='learn-more-content'><div>&#8211; Mansione e responsabilit\u00e0 del soccorritore;<\/div>\n<div>&#8211; Attrezzature specifiche di salvataggio ed evacuazione (cenni normativa UNI di riferimento);<\/div>\n<div>&#8211; Procedura tipo di salvataggio ed evacuazione &#8211; esercitazione;<\/div>\n<div>&#8211; Utilizzo di diversi kit di salvataggio &#8211; esercitazione;<\/div>\n<div>&#8211; Verifica pratica.<\/div>\n<div><\/div>\n<div><\/div>\n\t\t\t\t<\/div><\/div>\n<div><\/div>\n<div><\/div>\n<div>\n<div class='et-learn-more clearfix'>\n\t\t\t\t\t<h3 class='heading-more'>ESAMI <span class='et_learnmore_arrow'><span><\/span><\/span><\/h3>\n\t\t\t\t\t<div class='learn-more-content'><div>&#8211; Esami pratici<\/div>\n<div><\/div>\n<div><\/div>\n\t\t\t\t<\/div><\/div>\n<\/div>\n<div><\/div>\n<p>&nbsp;<\/p>\n<h3>Certificazione<\/h3>\n<p>Alla fine del corso i partecipanti riceveranno le attestazioni necessarie a ricoprire le mansioni di\u00a0Istruttore e\/o di Soccorritore di parchi avventure<\/p>\n<p>&nbsp;<\/p>\n<p>&nbsp;<\/p>\n<p>&nbsp;<\/p>\n","protected":false},"excerpt":{"rendered":"<h4>24 + 8 ore<\/h4>\n<p>Corso ai sensi della NORMA UNI EN 15567-1:2015 &#8211; UNI\u00a0 EN 15567-2:2015 e norme correlate.<\/p>\n","protected":false},"featured_media":6915,"comment_status":"open","ping_status":"closed","template":"","meta":{"_et_pb_use_builder":"off","_et_pb_old_content":"OBIETTIVI DEL CORSO\r\n\r\nIl corso di qualifica per Operatore Socio Sanitario \u00e8 volto a formare operatori in grado di intervenire nelle situazioni caratterizzate da mancanza temporanea e\/o permanente di autonomia psicofisica. Grazie alla formazione teorico-pratica e al tirocinio pratico, gli allievi avranno l\u2019opportunit\u00e0 di sviluppare competenze professionali volte a:\r\n<ul>\r\n \t<li>identificare, classificare ed interpretare le problematiche delle diverse tipologie di utenze (minori, anziani, persone con disabilit\u00e0, pazienti oncologici);<\/li>\r\n \t<li>conoscere l\u2019organizzazione dei servizi sociali e sanitari; acquisire elementi di igiene e prevenzione e di anatomia, fisiologia e dietetica;<\/li>\r\n \t<li>identificare gli elementi necessari alla pianificazione dell\u2019assistenza e applicare le conoscenze acquisite per mantenere un ambiente terapeutico adeguato alla cura della persona e per applicare le diverse metodologie operative di carattere sanitario sugli assistiti.<\/li>\r\n<\/ul>\r\nIL CORSO E\u2019 ACCREDITATO DALLA REGIONE SICILIANA, ASSESSORATO ALLA SALUTE, AI SENSI DEL DECRETO DEL 12 AGOSTO 2020 (GURS N. 45\/2020) e ACCORDO STATO REGIONI DEL 22 FEBBRAIO 2001.\r\n\r\nPROGRAMMA \u2013 le materie di insegnamento sono articolate nelle seguenti aree disciplinari","_et_gb_content_width":"","_joinchat":[]},"product_brand":[],"product_cat":[36],"product_tag":[],"class_list":{"0":"post-6909","1":"product","2":"type-product","3":"status-publish","4":"has-post-thumbnail","6":"product_cat-sicurezza-sul-lavoro","8":"first","9":"instock","10":"shipping-taxable","11":"product-type-simple"},"yoast_head":"<!-- This site is optimized with the Yoast SEO plugin v27.0 - https:\/\/yoast.com\/product\/yoast-seo-wordpress\/ -->\n<title>Istruttori e Soccorritori parco avventure - Accademia Eraclitea<\/title>\n<meta name=\"robots\" content=\"index, follow, max-snippet:-1, max-image-preview:large, max-video-preview:-1\" \/>\n<link rel=\"canonical\" href=\"https:\/\/eraclitea.it\/it\/prodotto\/istruttori-e-soccorritori-parco-avventure\/\" \/>\n<meta property=\"og:locale\" content=\"it_IT\" \/>\n<meta property=\"og:type\" content=\"article\" \/>\n<meta property=\"og:title\" content=\"Istruttori e Soccorritori parco avventure - Accademia Eraclitea\" \/>\n<meta property=\"og:description\" content=\"24 + 8 ore Corso ai sensi della NORMA UNI EN 15567-1:2015 - UNI\u00a0 EN 15567-2:2015 e norme correlate.\" \/>\n<meta property=\"og:url\" content=\"https:\/\/eraclitea.it\/it\/prodotto\/istruttori-e-soccorritori-parco-avventure\/\" \/>\n<meta property=\"og:site_name\" content=\"Accademia Eraclitea\" \/>\n<meta property=\"article:modified_time\" content=\"2021-06-01T14:59:28+00:00\" \/>\n<meta property=\"og:image\" content=\"https:\/\/eraclitea.it\/it\/wp-content\/uploads\/2021\/06\/SOCCORRITORI-PARCO-AVVENTURA@2x.png\" \/>\n\t<meta property=\"og:image:width\" content=\"350\" \/>\n\t<meta property=\"og:image:height\" content=\"200\" \/>\n\t<meta property=\"og:image:type\" content=\"image\/png\" \/>\n<meta name=\"twitter:card\" content=\"summary_large_image\" \/>\n<meta name=\"twitter:label1\" content=\"Tempo di lettura stimato\" \/>\n\t<meta name=\"twitter:data1\" content=\"3 minuti\" \/>\n<script type=\"application\/ld+json\" class=\"yoast-schema-graph\">{\"@context\":\"https:\/\/schema.org\",\"@graph\":[{\"@type\":\"WebPage\",\"@id\":\"https:\/\/eraclitea.it\/it\/prodotto\/istruttori-e-soccorritori-parco-avventure\/\",\"url\":\"https:\/\/eraclitea.it\/it\/prodotto\/istruttori-e-soccorritori-parco-avventure\/\",\"name\":\"Istruttori e Soccorritori parco avventure - Accademia Eraclitea\",\"isPartOf\":{\"@id\":\"https:\/\/eraclitea.it\/it\/#website\"},\"primaryImageOfPage\":{\"@id\":\"https:\/\/eraclitea.it\/it\/prodotto\/istruttori-e-soccorritori-parco-avventure\/#primaryimage\"},\"image\":{\"@id\":\"https:\/\/eraclitea.it\/it\/prodotto\/istruttori-e-soccorritori-parco-avventure\/#primaryimage\"},\"thumbnailUrl\":\"https:\/\/eraclitea.it\/it\/wp-content\/uploads\/2021\/06\/SOCCORRITORI-PARCO-AVVENTURA@2x.png\",\"datePublished\":\"2021-06-01T11:13:47+00:00\",\"dateModified\":\"2021-06-01T14:59:28+00:00\",\"breadcrumb\":{\"@id\":\"https:\/\/eraclitea.it\/it\/prodotto\/istruttori-e-soccorritori-parco-avventure\/#breadcrumb\"},\"inLanguage\":\"it-IT\",\"potentialAction\":[{\"@type\":\"ReadAction\",\"target\":[\"https:\/\/eraclitea.it\/it\/prodotto\/istruttori-e-soccorritori-parco-avventure\/\"]}]},{\"@type\":\"ImageObject\",\"inLanguage\":\"it-IT\",\"@id\":\"https:\/\/eraclitea.it\/it\/prodotto\/istruttori-e-soccorritori-parco-avventure\/#primaryimage\",\"url\":\"https:\/\/eraclitea.it\/it\/wp-content\/uploads\/2021\/06\/SOCCORRITORI-PARCO-AVVENTURA@2x.png\",\"contentUrl\":\"https:\/\/eraclitea.it\/it\/wp-content\/uploads\/2021\/06\/SOCCORRITORI-PARCO-AVVENTURA@2x.png\",\"width\":350,\"height\":200},{\"@type\":\"BreadcrumbList\",\"@id\":\"https:\/\/eraclitea.it\/it\/prodotto\/istruttori-e-soccorritori-parco-avventure\/#breadcrumb\",\"itemListElement\":[{\"@type\":\"ListItem\",\"position\":1,\"name\":\"Home\",\"item\":\"https:\/\/eraclitea.it\/it\/\"},{\"@type\":\"ListItem\",\"position\":2,\"name\":\"Corsi\",\"item\":\"https:\/\/eraclitea.it\/it\/corsi\/\"},{\"@type\":\"ListItem\",\"position\":3,\"name\":\"Istruttori e Soccorritori parco avventure\"}]},{\"@type\":\"WebSite\",\"@id\":\"https:\/\/eraclitea.it\/it\/#website\",\"url\":\"https:\/\/eraclitea.it\/it\/\",\"name\":\"Accademia Eraclitea\",\"description\":\"Ente di Ricerca e di Alta Formazione Accreditato\",\"potentialAction\":[{\"@type\":\"SearchAction\",\"target\":{\"@type\":\"EntryPoint\",\"urlTemplate\":\"https:\/\/eraclitea.it\/it\/?s={search_term_string}\"},\"query-input\":{\"@type\":\"PropertyValueSpecification\",\"valueRequired\":true,\"valueName\":\"search_term_string\"}}],\"inLanguage\":\"it-IT\"}]}<\/script>\n<!-- \/ Yoast SEO plugin. -->","yoast_head_json":{"title":"Istruttori e Soccorritori parco avventure - Accademia Eraclitea","robots":{"index":"index","follow":"follow","max-snippet":"max-snippet:-1","max-image-preview":"max-image-preview:large","max-video-preview":"max-video-preview:-1"},"canonical":"https:\/\/eraclitea.it\/it\/prodotto\/istruttori-e-soccorritori-parco-avventure\/","og_locale":"it_IT","og_type":"article","og_title":"Istruttori e Soccorritori parco avventure - Accademia Eraclitea","og_description":"24 + 8 ore Corso ai sensi della NORMA UNI EN 15567-1:2015 - UNI\u00a0 EN 15567-2:2015 e norme correlate.","og_url":"https:\/\/eraclitea.it\/it\/prodotto\/istruttori-e-soccorritori-parco-avventure\/","og_site_name":"Accademia Eraclitea","article_modified_time":"2021-06-01T14:59:28+00:00","og_image":[{"width":350,"height":200,"url":"https:\/\/eraclitea.it\/it\/wp-content\/uploads\/2021\/06\/SOCCORRITORI-PARCO-AVVENTURA@2x.png","type":"image\/png"}],"twitter_card":"summary_large_image","twitter_misc":{"Tempo di lettura stimato":"3 minuti"},"schema":{"@context":"https:\/\/schema.org","@graph":[{"@type":"WebPage","@id":"https:\/\/eraclitea.it\/it\/prodotto\/istruttori-e-soccorritori-parco-avventure\/","url":"https:\/\/eraclitea.it\/it\/prodotto\/istruttori-e-soccorritori-parco-avventure\/","name":"Istruttori e Soccorritori parco avventure - Accademia Eraclitea","isPartOf":{"@id":"https:\/\/eraclitea.it\/it\/#website"},"primaryImageOfPage":{"@id":"https:\/\/eraclitea.it\/it\/prodotto\/istruttori-e-soccorritori-parco-avventure\/#primaryimage"},"image":{"@id":"https:\/\/eraclitea.it\/it\/prodotto\/istruttori-e-soccorritori-parco-avventure\/#primaryimage"},"thumbnailUrl":"https:\/\/eraclitea.it\/it\/wp-content\/uploads\/2021\/06\/SOCCORRITORI-PARCO-AVVENTURA@2x.png","datePublished":"2021-06-01T11:13:47+00:00","dateModified":"2021-06-01T14:59:28+00:00","breadcrumb":{"@id":"https:\/\/eraclitea.it\/it\/prodotto\/istruttori-e-soccorritori-parco-avventure\/#breadcrumb"},"inLanguage":"it-IT","potentialAction":[{"@type":"ReadAction","target":["https:\/\/eraclitea.it\/it\/prodotto\/istruttori-e-soccorritori-parco-avventure\/"]}]},{"@type":"ImageObject","inLanguage":"it-IT","@id":"https:\/\/eraclitea.it\/it\/prodotto\/istruttori-e-soccorritori-parco-avventure\/#primaryimage","url":"https:\/\/eraclitea.it\/it\/wp-content\/uploads\/2021\/06\/SOCCORRITORI-PARCO-AVVENTURA@2x.png","contentUrl":"https:\/\/eraclitea.it\/it\/wp-content\/uploads\/2021\/06\/SOCCORRITORI-PARCO-AVVENTURA@2x.png","width":350,"height":200},{"@type":"BreadcrumbList","@id":"https:\/\/eraclitea.it\/it\/prodotto\/istruttori-e-soccorritori-parco-avventure\/#breadcrumb","itemListElement":[{"@type":"ListItem","position":1,"name":"Home","item":"https:\/\/eraclitea.it\/it\/"},{"@type":"ListItem","position":2,"name":"Corsi","item":"https:\/\/eraclitea.it\/it\/corsi\/"},{"@type":"ListItem","position":3,"name":"Istruttori e Soccorritori parco avventure"}]},{"@type":"WebSite","@id":"https:\/\/eraclitea.it\/it\/#website","url":"https:\/\/eraclitea.it\/it\/","name":"Accademia Eraclitea","description":"Ente di Ricerca e di Alta Formazione Accreditato","potentialAction":[{"@type":"SearchAction","target":{"@type":"EntryPoint","urlTemplate":"https:\/\/eraclitea.it\/it\/?s={search_term_string}"},"query-input":{"@type":"PropertyValueSpecification","valueRequired":true,"valueName":"search_term_string"}}],"inLanguage":"it-IT"}]}},"jetpack_sharing_enabled":true,"_links":{"self":[{"href":"https:\/\/eraclitea.it\/it\/wp-json\/wp\/v2\/product\/6909","targetHints":{"allow":["GET"]}}],"collection":[{"href":"https:\/\/eraclitea.it\/it\/wp-json\/wp\/v2\/product"}],"about":[{"href":"https:\/\/eraclitea.it\/it\/wp-json\/wp\/v2\/types\/product"}],"replies":[{"embeddable":true,"href":"https:\/\/eraclitea.it\/it\/wp-json\/wp\/v2\/comments?post=6909"}],"wp:featuredmedia":[{"embeddable":true,"href":"https:\/\/eraclitea.it\/it\/wp-json\/wp\/v2\/media\/6915"}],"wp:attachment":[{"href":"https:\/\/eraclitea.it\/it\/wp-json\/wp\/v2\/media?parent=6909"}],"wp:term":[{"taxonomy":"product_brand","embeddable":true,"href":"https:\/\/eraclitea.it\/it\/wp-json\/wp\/v2\/product_brand?post=6909"},{"taxonomy":"product_cat","embeddable":true,"href":"https:\/\/eraclitea.it\/it\/wp-json\/wp\/v2\/product_cat?post=6909"},{"taxonomy":"product_tag","embeddable":true,"href":"https:\/\/eraclitea.it\/it\/wp-json\/wp\/v2\/product_tag?post=6909"}],"curies":[{"name":"wp","href":"https:\/\/api.w.org\/{rel}","templated":true}]}}