{"id":6895,"date":"2021-05-31T17:07:43","date_gmt":"2021-05-31T17:07:43","guid":{"rendered":"https:\/\/eraclitea.it\/it\/?post_type=product&#038;p=6895"},"modified":"2021-08-04T06:04:59","modified_gmt":"2021-08-04T06:04:59","slug":"building-information-model-bim","status":"publish","type":"product","link":"https:\/\/eraclitea.it\/it\/prodotto\/building-information-model-bim\/","title":{"rendered":"Revit BIM &#8211; Building Information Model"},"content":{"rendered":"<table style=\"border: 0px; height: 244px; width: 721px;\">\n<tbody>\n<tr>\n<td style=\"width: 38.75px;\"><a href=\"https:\/\/eraclitea.it\/it\/wp-content\/uploads\/2021\/01\/orolo2.png\"><img loading=\"lazy\" decoding=\"async\" class=\"alignnone wp-image-887 \" src=\"https:\/\/eraclitea.it\/it\/wp-content\/uploads\/2021\/03\/tempo.png\" alt=\"\" width=\"33\" height=\"33\" \/><\/a><\/td>\n<td style=\"width: 147.841px;\">\n<h4 class=\"et_pb_module_header\">Durata del corso:<\/h4>\n<\/td>\n<td style=\"width: 515.114px;\">24 ore<\/td>\n<\/tr>\n<tr>\n<td style=\"width: 38.75px;\"><a href=\"https:\/\/eraclitea.it\/it\/wp-content\/uploads\/2021\/03\/Tavola-da-disegno-\u2013-13.png\"><img loading=\"lazy\" decoding=\"async\" class=\"alignnone wp-image-3710 \" src=\"https:\/\/eraclitea.it\/it\/wp-content\/uploads\/2021\/03\/Tavola-da-disegno-\u2013-13-300x300.png\" alt=\"\" width=\"39\" height=\"39\" srcset=\"https:\/\/eraclitea.it\/it\/wp-content\/uploads\/2021\/03\/Tavola-da-disegno-\u2013-13-300x300.png 300w, https:\/\/eraclitea.it\/it\/wp-content\/uploads\/2021\/03\/Tavola-da-disegno-\u2013-13-150x150.png 150w, https:\/\/eraclitea.it\/it\/wp-content\/uploads\/2021\/03\/Tavola-da-disegno-\u2013-13-100x100.png 100w, https:\/\/eraclitea.it\/it\/wp-content\/uploads\/2021\/03\/Tavola-da-disegno-\u2013-13-64x64.png 64w, https:\/\/eraclitea.it\/it\/wp-content\/uploads\/2021\/03\/Tavola-da-disegno-\u2013-13.png 400w\" sizes=\"(max-width: 39px) 100vw, 39px\" \/><\/a><\/td>\n<td style=\"width: 147.841px;\">\n<h4>N. Partecipanti:<\/h4>\n<\/td>\n<td style=\"width: 515.114px;\">Max 10<\/td>\n<\/tr>\n<tr>\n<td style=\"width: 38.75px;\"><a href=\"https:\/\/eraclitea.it\/it\/wp-content\/uploads\/2021\/04\/Tavola-da-disegno-\u2013-13-2.png\"><img loading=\"lazy\" decoding=\"async\" class=\"alignnone size-medium wp-image-5967\" src=\"https:\/\/eraclitea.it\/it\/wp-content\/uploads\/2021\/04\/Tavola-da-disegno-\u2013-13-2-300x300.png\" alt=\"\" width=\"300\" height=\"300\" \/><\/a><\/td>\n<td style=\"width: 147.841px;\">\n<h4>A chi \u00e8 rivolto:<\/h4>\n<\/td>\n<td style=\"width: 515.114px;\">Professionisti coinvolti nella realizzazione di operi di edilizia<\/td>\n<\/tr>\n<\/tbody>\n<\/table>\n<p>&nbsp;<\/p>\n<p><span style=\"color: #ff6600;\">ACCADEMIA ERACLITEA\u00a0 \u00e8 Test Center autorizzato Certiport e, pertanto, gli interessati potranno sostenere gli esami per ottenere la certificazione ufficiale Autodesk Revit.<\/span><\/p>\n<p>&nbsp;<\/p>\n<p>Il BIM &#8211; Building Information Modeling, \u00e8 stato reso obbligatorio per le stazioni appaltanti pubbliche dal DM 560\/2017, a partire dai progetti con importo lavori uguale o superiore a euro 100 milioni gi\u00e0 dal mese di gennaio 2019. Tali importi saranno annualmente ridotti, fino ad arrivare all\u2019obbligo di indire i bandi in BIM per la realizzazione o riqualificazione di opere pubbliche per qualsiasi tipologia di lavoro a partire dal 2025.<\/p>\n<h3><\/h3>\n<h3><span style=\"color: #333333; font-size: 22px;\">Obiettivi del corso<\/span><\/h3>\n<div>\n<p>Il\u00a0<strong>Corso Revit BIM <\/strong>\u00a0\u00e8 rivolto agli studenti ed ai professionisti che intendono aggiornarsi sulle pi\u00f9 moderne tecniche di progettazione gi\u00e0 da anni in uso presso le pi\u00f9 prestigiose societ\u00e0 di Ingegneria estere attraverso il controllo geometrico e quantitativo globale del progetto utilizzando un modello dinamico costantemente aggiornabile, compatibile ed integrabile con altri software di progettazione.<\/p>\n<p>Il corso permetter\u00e0 ai partecipanti interessati di acquisire un attestato Autodesk Revit se superato il relativo esame in inglese.<\/p>\n<\/div>\n<h3><\/h3>\n<h3>Programma Corso<\/h3>\n<div class='et-learn-more clearfix'>\n\t\t\t\t\t<h3 class='heading-more'>MODULI FORMATIVI<span class='et_learnmore_arrow'><span><\/span><\/span><\/h3>\n\t\t\t\t\t<div class='learn-more-content'><ul>\n<li>1\u00b0 Lezione\n<ul>\n<li>Introduzione alla logica BIM ed interfaccia grafica.<\/li>\n<li>Impostazioni di base.<\/li>\n<li>Disegno di base e comandi di modifica.<\/li>\n<\/ul>\n<p>2\u00b0 Lezione<\/p>\n<ul>\n<li>Iniziare un nuovo progetto in Revit.<\/li>\n<li>Inserimento di un file dwg.<\/li>\n<li>Gli elementi di riferimento: Livelli e Griglie.<\/li>\n<li>Elementi del modello: Pilastri architettonici e strutturali.<\/li>\n<\/ul>\n<p>3\u00b0 Lezione<\/p>\n<ul>\n<li>Elementi del modello architettonico: muri (inserimento e modifica).<\/li>\n<li>Inserimento di aperture ed elementi caricabili (porte e finestre).<\/li>\n<li>Modifica del profilo longitudinale del muro.<\/li>\n<li>Inserimento di estrusioni e scanalature nei muri.<\/li>\n<li>La stratificazione dei muri.<\/li>\n<li>I muri sovrapposti.<\/li>\n<\/ul>\n<p>4\u00b0 Lezione<\/p>\n<ul>\n<li>Gli elementi del modello architettonico: le strutture orizzontali: Pavimenti, Tetti e Controsoffitti.<\/li>\n<\/ul>\n<p>5\u00b0 Lezione<\/p>\n<ul>\n<li>Le Facciate Continue: Inserimento e Modifica.<\/li>\n<li>Le Regole di Lay-out per le Facciate Continue.<\/li>\n<li>Gli elementi del modello architettonico: le Scale e le Ringhiere.<\/li>\n<\/ul>\n<p>6\u00b0 Lezione<\/p>\n<ul>\n<li>Le Famiglie caricabili.<\/li>\n<li>La modellazione locale.<\/li>\n<li>La modellazione da superficie.<\/li>\n<\/ul>\n<p>7\u00b0 Lezione<\/p>\n<ul>\n<li>Le superfici topografiche: creazione e modifica.<\/li>\n<li>Collegamento di File Revit.<\/li>\n<\/ul>\n<p>8\u00b0 Lezione<\/p>\n<ul>\n<li>Gli Elementi della Vista.<\/li>\n<li>Stili Oggetti e sostituzioni di Visibilit\u00e0 e Grafica.<\/li>\n<li>I Materiali e il rendering.<\/li>\n<\/ul>\n<p>9\u00b0 Lezione<\/p>\n<ul>\n<li>Superfici di progetto: i Locali.<\/li>\n<li>Gli Schemi di Colore.<\/li>\n<li>La quantificazione del progetto: gli Abachi.<\/li>\n<li>10\u00b0 Lezione<\/li>\n<li>Le viste di dettaglio: Call-out, Viste di Disegno, Legende.<\/li>\n<li>Gli elementi di dettaglio.<\/li>\n<li>Gli Elementi di Annotazione: le Quote e le Etichette.<\/li>\n<\/ul>\n<p>11\u00b0 Lezione<\/p>\n<ul>\n<li>I modelli di vista.<\/li>\n<li>L\u2019impaginazione delle tavole e la stampa.<\/li>\n<li>L\u2019esportazione verso Autocad.<\/li>\n<\/ul>\n<\/li>\n<\/ul><\/div>\n\t\t\t\t<\/div>\n<h3>Certificazione<\/h3>\n<p>Alla fine del corso e previo superamento della verifica finale sull\u2019apprendimento verr\u00e0 rilasciato un apposito attestato frequenza.<\/p>\n<p>I corsisti interessati potranno sostenere gli esami ufficiali in lingua inglese per l&#8217;ottenimento della certificazione Revit &#8211;\u00a0 Autodesk<\/p>\n<p>Inoltre, \u00e8 possibile ottenere la certificazione delle competenze ai sensi della L. 4\/2013 da parte dell&#8217;Associazione Nazionale delle Professioni iscritta presso il Ministero dello sviluppo economico che attesti la conformit\u00e0 della propria competenza professionale alla norma UNI 11337-7 che disciplina il profilo professionale degli operatori BIM.<\/p>\n","protected":false},"excerpt":{"rendered":"<h4>24 ore<\/h4>\n<p>Il corso \u00e8 riconosciuto ai sensi della L. 4\/2013 da parte dell&#8217;Associazione Nazionale delle Professioni iscritta presso il Ministero dello Sviluppo Economico<\/p>\n","protected":false},"featured_media":6905,"comment_status":"open","ping_status":"closed","template":"","meta":{"_et_pb_use_builder":"off","_et_pb_old_content":"OBIETTIVI DEL CORSO\r\n\r\nIl corso di qualifica per Operatore Socio Sanitario \u00e8 volto a formare operatori in grado di intervenire nelle situazioni caratterizzate da mancanza temporanea e\/o permanente di autonomia psicofisica. Grazie alla formazione teorico-pratica e al tirocinio pratico, gli allievi avranno l\u2019opportunit\u00e0 di sviluppare competenze professionali volte a:\r\n<ul>\r\n \t<li>identificare, classificare ed interpretare le problematiche delle diverse tipologie di utenze (minori, anziani, persone con disabilit\u00e0, pazienti oncologici);<\/li>\r\n \t<li>conoscere l\u2019organizzazione dei servizi sociali e sanitari; acquisire elementi di igiene e prevenzione e di anatomia, fisiologia e dietetica;<\/li>\r\n \t<li>identificare gli elementi necessari alla pianificazione dell\u2019assistenza e applicare le conoscenze acquisite per mantenere un ambiente terapeutico adeguato alla cura della persona e per applicare le diverse metodologie operative di carattere sanitario sugli assistiti.<\/li>\r\n<\/ul>\r\nIL CORSO E\u2019 ACCREDITATO DALLA REGIONE SICILIANA, ASSESSORATO ALLA SALUTE, AI SENSI DEL DECRETO DEL 12 AGOSTO 2020 (GURS N. 45\/2020) e ACCORDO STATO REGIONI DEL 22 FEBBRAIO 2001.\r\n\r\nPROGRAMMA \u2013 le materie di insegnamento sono articolate nelle seguenti aree disciplinari","_et_gb_content_width":"","_joinchat":[]},"product_brand":[],"product_cat":[27],"product_tag":[],"class_list":{"0":"post-6895","1":"product","2":"type-product","3":"status-publish","4":"has-post-thumbnail","6":"product_cat-informatica","8":"first","9":"instock","10":"shipping-taxable","11":"product-type-simple"},"yoast_head":"<!-- This site is optimized with the Yoast SEO plugin v27.0 - https:\/\/yoast.com\/product\/yoast-seo-wordpress\/ -->\n<title>Revit BIM - Building Information Model - Accademia Eraclitea<\/title>\n<meta name=\"robots\" content=\"index, follow, max-snippet:-1, max-image-preview:large, max-video-preview:-1\" \/>\n<link rel=\"canonical\" href=\"https:\/\/eraclitea.it\/it\/prodotto\/building-information-model-bim\/\" \/>\n<meta property=\"og:locale\" content=\"it_IT\" \/>\n<meta property=\"og:type\" content=\"article\" \/>\n<meta property=\"og:title\" content=\"Revit BIM - Building Information Model - Accademia Eraclitea\" \/>\n<meta property=\"og:description\" content=\"24 ore Il corso \u00e8 riconosciuto ai sensi della L. 4\/2013 da parte dell&#039;Associazione Nazionale delle Professioni iscritta presso il Ministero dello Sviluppo Economico\" \/>\n<meta property=\"og:url\" content=\"https:\/\/eraclitea.it\/it\/prodotto\/building-information-model-bim\/\" \/>\n<meta property=\"og:site_name\" content=\"Accademia Eraclitea\" \/>\n<meta property=\"article:modified_time\" content=\"2021-08-04T06:04:59+00:00\" \/>\n<meta property=\"og:image\" content=\"https:\/\/eraclitea.it\/it\/wp-content\/uploads\/2021\/05\/BIM.jpg\" \/>\n\t<meta property=\"og:image:width\" content=\"300\" \/>\n\t<meta property=\"og:image:height\" content=\"200\" \/>\n\t<meta property=\"og:image:type\" content=\"image\/jpeg\" \/>\n<meta name=\"twitter:card\" content=\"summary_large_image\" \/>\n<meta name=\"twitter:label1\" content=\"Tempo di lettura stimato\" \/>\n\t<meta name=\"twitter:data1\" content=\"3 minuti\" \/>\n<script type=\"application\/ld+json\" class=\"yoast-schema-graph\">{\"@context\":\"https:\/\/schema.org\",\"@graph\":[{\"@type\":\"WebPage\",\"@id\":\"https:\/\/eraclitea.it\/it\/prodotto\/building-information-model-bim\/\",\"url\":\"https:\/\/eraclitea.it\/it\/prodotto\/building-information-model-bim\/\",\"name\":\"Revit BIM - Building Information Model - Accademia Eraclitea\",\"isPartOf\":{\"@id\":\"https:\/\/eraclitea.it\/it\/#website\"},\"primaryImageOfPage\":{\"@id\":\"https:\/\/eraclitea.it\/it\/prodotto\/building-information-model-bim\/#primaryimage\"},\"image\":{\"@id\":\"https:\/\/eraclitea.it\/it\/prodotto\/building-information-model-bim\/#primaryimage\"},\"thumbnailUrl\":\"https:\/\/eraclitea.it\/it\/wp-content\/uploads\/2021\/05\/BIM.jpg\",\"datePublished\":\"2021-05-31T17:07:43+00:00\",\"dateModified\":\"2021-08-04T06:04:59+00:00\",\"breadcrumb\":{\"@id\":\"https:\/\/eraclitea.it\/it\/prodotto\/building-information-model-bim\/#breadcrumb\"},\"inLanguage\":\"it-IT\",\"potentialAction\":[{\"@type\":\"ReadAction\",\"target\":[\"https:\/\/eraclitea.it\/it\/prodotto\/building-information-model-bim\/\"]}]},{\"@type\":\"ImageObject\",\"inLanguage\":\"it-IT\",\"@id\":\"https:\/\/eraclitea.it\/it\/prodotto\/building-information-model-bim\/#primaryimage\",\"url\":\"https:\/\/eraclitea.it\/it\/wp-content\/uploads\/2021\/05\/BIM.jpg\",\"contentUrl\":\"https:\/\/eraclitea.it\/it\/wp-content\/uploads\/2021\/05\/BIM.jpg\",\"width\":300,\"height\":200},{\"@type\":\"BreadcrumbList\",\"@id\":\"https:\/\/eraclitea.it\/it\/prodotto\/building-information-model-bim\/#breadcrumb\",\"itemListElement\":[{\"@type\":\"ListItem\",\"position\":1,\"name\":\"Home\",\"item\":\"https:\/\/eraclitea.it\/it\/\"},{\"@type\":\"ListItem\",\"position\":2,\"name\":\"Corsi\",\"item\":\"https:\/\/eraclitea.it\/it\/corsi\/\"},{\"@type\":\"ListItem\",\"position\":3,\"name\":\"Revit BIM &#8211; Building Information Model\"}]},{\"@type\":\"WebSite\",\"@id\":\"https:\/\/eraclitea.it\/it\/#website\",\"url\":\"https:\/\/eraclitea.it\/it\/\",\"name\":\"Accademia Eraclitea\",\"description\":\"Ente di Ricerca e di Alta Formazione Accreditato\",\"potentialAction\":[{\"@type\":\"SearchAction\",\"target\":{\"@type\":\"EntryPoint\",\"urlTemplate\":\"https:\/\/eraclitea.it\/it\/?s={search_term_string}\"},\"query-input\":{\"@type\":\"PropertyValueSpecification\",\"valueRequired\":true,\"valueName\":\"search_term_string\"}}],\"inLanguage\":\"it-IT\"}]}<\/script>\n<!-- \/ Yoast SEO plugin. -->","yoast_head_json":{"title":"Revit BIM - Building Information Model - Accademia Eraclitea","robots":{"index":"index","follow":"follow","max-snippet":"max-snippet:-1","max-image-preview":"max-image-preview:large","max-video-preview":"max-video-preview:-1"},"canonical":"https:\/\/eraclitea.it\/it\/prodotto\/building-information-model-bim\/","og_locale":"it_IT","og_type":"article","og_title":"Revit BIM - Building Information Model - Accademia Eraclitea","og_description":"24 ore Il corso \u00e8 riconosciuto ai sensi della L. 4\/2013 da parte dell'Associazione Nazionale delle Professioni iscritta presso il Ministero dello Sviluppo Economico","og_url":"https:\/\/eraclitea.it\/it\/prodotto\/building-information-model-bim\/","og_site_name":"Accademia Eraclitea","article_modified_time":"2021-08-04T06:04:59+00:00","og_image":[{"width":300,"height":200,"url":"https:\/\/eraclitea.it\/it\/wp-content\/uploads\/2021\/05\/BIM.jpg","type":"image\/jpeg"}],"twitter_card":"summary_large_image","twitter_misc":{"Tempo di lettura stimato":"3 minuti"},"schema":{"@context":"https:\/\/schema.org","@graph":[{"@type":"WebPage","@id":"https:\/\/eraclitea.it\/it\/prodotto\/building-information-model-bim\/","url":"https:\/\/eraclitea.it\/it\/prodotto\/building-information-model-bim\/","name":"Revit BIM - Building Information Model - Accademia Eraclitea","isPartOf":{"@id":"https:\/\/eraclitea.it\/it\/#website"},"primaryImageOfPage":{"@id":"https:\/\/eraclitea.it\/it\/prodotto\/building-information-model-bim\/#primaryimage"},"image":{"@id":"https:\/\/eraclitea.it\/it\/prodotto\/building-information-model-bim\/#primaryimage"},"thumbnailUrl":"https:\/\/eraclitea.it\/it\/wp-content\/uploads\/2021\/05\/BIM.jpg","datePublished":"2021-05-31T17:07:43+00:00","dateModified":"2021-08-04T06:04:59+00:00","breadcrumb":{"@id":"https:\/\/eraclitea.it\/it\/prodotto\/building-information-model-bim\/#breadcrumb"},"inLanguage":"it-IT","potentialAction":[{"@type":"ReadAction","target":["https:\/\/eraclitea.it\/it\/prodotto\/building-information-model-bim\/"]}]},{"@type":"ImageObject","inLanguage":"it-IT","@id":"https:\/\/eraclitea.it\/it\/prodotto\/building-information-model-bim\/#primaryimage","url":"https:\/\/eraclitea.it\/it\/wp-content\/uploads\/2021\/05\/BIM.jpg","contentUrl":"https:\/\/eraclitea.it\/it\/wp-content\/uploads\/2021\/05\/BIM.jpg","width":300,"height":200},{"@type":"BreadcrumbList","@id":"https:\/\/eraclitea.it\/it\/prodotto\/building-information-model-bim\/#breadcrumb","itemListElement":[{"@type":"ListItem","position":1,"name":"Home","item":"https:\/\/eraclitea.it\/it\/"},{"@type":"ListItem","position":2,"name":"Corsi","item":"https:\/\/eraclitea.it\/it\/corsi\/"},{"@type":"ListItem","position":3,"name":"Revit BIM &#8211; Building Information Model"}]},{"@type":"WebSite","@id":"https:\/\/eraclitea.it\/it\/#website","url":"https:\/\/eraclitea.it\/it\/","name":"Accademia Eraclitea","description":"Ente di Ricerca e di Alta Formazione Accreditato","potentialAction":[{"@type":"SearchAction","target":{"@type":"EntryPoint","urlTemplate":"https:\/\/eraclitea.it\/it\/?s={search_term_string}"},"query-input":{"@type":"PropertyValueSpecification","valueRequired":true,"valueName":"search_term_string"}}],"inLanguage":"it-IT"}]}},"jetpack_sharing_enabled":true,"_links":{"self":[{"href":"https:\/\/eraclitea.it\/it\/wp-json\/wp\/v2\/product\/6895","targetHints":{"allow":["GET"]}}],"collection":[{"href":"https:\/\/eraclitea.it\/it\/wp-json\/wp\/v2\/product"}],"about":[{"href":"https:\/\/eraclitea.it\/it\/wp-json\/wp\/v2\/types\/product"}],"replies":[{"embeddable":true,"href":"https:\/\/eraclitea.it\/it\/wp-json\/wp\/v2\/comments?post=6895"}],"wp:featuredmedia":[{"embeddable":true,"href":"https:\/\/eraclitea.it\/it\/wp-json\/wp\/v2\/media\/6905"}],"wp:attachment":[{"href":"https:\/\/eraclitea.it\/it\/wp-json\/wp\/v2\/media?parent=6895"}],"wp:term":[{"taxonomy":"product_brand","embeddable":true,"href":"https:\/\/eraclitea.it\/it\/wp-json\/wp\/v2\/product_brand?post=6895"},{"taxonomy":"product_cat","embeddable":true,"href":"https:\/\/eraclitea.it\/it\/wp-json\/wp\/v2\/product_cat?post=6895"},{"taxonomy":"product_tag","embeddable":true,"href":"https:\/\/eraclitea.it\/it\/wp-json\/wp\/v2\/product_tag?post=6895"}],"curies":[{"name":"wp","href":"https:\/\/api.w.org\/{rel}","templated":true}]}}