{"id":6317,"date":"2021-05-22T15:53:58","date_gmt":"2021-05-22T15:53:58","guid":{"rendered":"https:\/\/eraclitea.it\/it\/?post_type=product&#038;p=6317"},"modified":"2021-05-30T19:22:19","modified_gmt":"2021-05-30T19:22:19","slug":"agenti-dipendenti-e-collaboratori-oam","status":"publish","type":"product","link":"https:\/\/eraclitea.it\/it\/prodotto\/agenti-dipendenti-e-collaboratori-oam\/","title":{"rendered":"Agenti &#8211; Dipendenti e Collaboratori &#8211; OAM"},"content":{"rendered":"<div class=\"et_pb_module et_pb_blurb et_pb_blurb_1_tb_body et_pb_text_align_left et_pb_blurb_position_left et_pb_bg_layout_light\">\n<table style=\"border: 0px; height: 244px; width: 721px;\">\n<tbody>\n<tr>\n<td style=\"width: 38.75px;\"><a href=\"https:\/\/eraclitea.it\/it\/wp-content\/uploads\/2021\/01\/orolo2.png\"><img loading=\"lazy\" decoding=\"async\" class=\"alignnone wp-image-887 \" src=\"https:\/\/eraclitea.it\/it\/wp-content\/uploads\/2021\/03\/tempo.png\" alt=\"\" width=\"33\" height=\"33\" \/><\/a><\/td>\n<td style=\"width: 147.841px;\">\n<h4 class=\"et_pb_module_header\">Durata del corso:<\/h4>\n<\/td>\n<td style=\"width: 515.114px;\">15 &#8211; 30 &#8211; 45 ore (anche online)<\/td>\n<\/tr>\n<tr>\n<td style=\"width: 38.75px;\"><a href=\"https:\/\/eraclitea.it\/it\/wp-content\/uploads\/2021\/03\/Tavola-da-disegno-\u2013-13.png\"><img loading=\"lazy\" decoding=\"async\" class=\"alignnone wp-image-3710 \" src=\"https:\/\/eraclitea.it\/it\/wp-content\/uploads\/2021\/03\/Tavola-da-disegno-\u2013-13-300x300.png\" alt=\"\" width=\"39\" height=\"39\" srcset=\"https:\/\/eraclitea.it\/it\/wp-content\/uploads\/2021\/03\/Tavola-da-disegno-\u2013-13-300x300.png 300w, https:\/\/eraclitea.it\/it\/wp-content\/uploads\/2021\/03\/Tavola-da-disegno-\u2013-13-150x150.png 150w, https:\/\/eraclitea.it\/it\/wp-content\/uploads\/2021\/03\/Tavola-da-disegno-\u2013-13-100x100.png 100w, https:\/\/eraclitea.it\/it\/wp-content\/uploads\/2021\/03\/Tavola-da-disegno-\u2013-13-64x64.png 64w, https:\/\/eraclitea.it\/it\/wp-content\/uploads\/2021\/03\/Tavola-da-disegno-\u2013-13.png 400w\" sizes=\"(max-width: 39px) 100vw, 39px\" \/><\/a><\/td>\n<td style=\"width: 147.841px;\">\n<h4>N. Partecipanti:<\/h4>\n<\/td>\n<td style=\"width: 515.114px;\">Nessun limite<\/td>\n<\/tr>\n<tr>\n<td style=\"width: 38.75px;\"><a href=\"https:\/\/eraclitea.it\/it\/wp-content\/uploads\/2021\/04\/Tavola-da-disegno-\u2013-13-2.png\"><img loading=\"lazy\" decoding=\"async\" class=\"alignnone size-medium wp-image-5967\" src=\"https:\/\/eraclitea.it\/it\/wp-content\/uploads\/2021\/04\/Tavola-da-disegno-\u2013-13-2-300x300.png\" alt=\"\" width=\"300\" height=\"300\" \/><\/a><\/td>\n<td style=\"width: 147.841px;\">\n<h4>A chi \u00e8 rivolto:<\/h4>\n<\/td>\n<td style=\"width: 515.114px;\">Agli Agenti, Dipendenti e Collaboratori che devono aggiornare la formazione obbligatoria<\/td>\n<\/tr>\n<\/tbody>\n<\/table>\n<\/div>\n<p>&nbsp;<\/p>\n<p>&nbsp;<\/p>\n<h3>Obiettivi del corso<\/h3>\n<p align=\"left\">Provvedere all&#8217;aggiornamento obbligatorio ai sensi dell&#8217;art. 2 della Circolare OAM 19\/2014 (formazione biennale di almeno 60 ore).<\/p>\n<p align=\"left\">Requisito necessario per il mantenimento dell&#8217;iscrizione al Registro \u00e8 la partecipazione ad un percorso di formazione di durata non inferiore a 60 ore per ogni biennio (che decorre per la prima volta dal 1\u00b0 Gennaio dell&#8217;anno successivo all&#8217;iscrizione nell&#8217;Elenco), di cui almeno 30 ore da tenersi in aula o con modalit\u00e0 equivalenti e con un minimo di 15 ore in un anno.<\/p>\n<p align=\"left\"><strong>Ai sensi dell&#8217;art. 2 della Circolare OAM 19\/2014 sono tenuti alla frequenza dei corsi di aggiornamento professionale:<\/strong><br \/>\na) le persone fisiche iscritte nell\u2019elenco degli agenti in attivit\u00e0 finanziaria;<br \/>\nb) i soggetti che svolgono funzioni di amministrazione o direzione presso societ\u00e0 iscritte negli Elenchi;<br \/>\nc) i dipendenti e collaboratori ex art. 128-novies del TUB delle societ\u00e0 iscritte negli Elenchi di cui si avvalgono per il contatto con il pubblico.<\/p>\n<p><strong>I nostri corsi sono stati appositamente progettati per il raggiungimento delle 60 ore obbligatorie previste per il biennio come segue:<\/strong><\/p>\n<ul>\n<li>Corso di n. 15 ore\u00a0da tenersi in aula o con modalit\u00e0 equivalenti<\/li>\n<li>Corso di n. 30 ore\u00a0da tenersi in aula o con modalit\u00e0 equivalenti<\/li>\n<li>Corso di n. 45 ore\u00a0da tenersi in aula o con modalit\u00e0 equivalenti<\/li>\n<\/ul>\n<p>&nbsp;<\/p>\n<h3>Programma Corso<\/h3>\n<div class='et-learn-more clearfix'>\n\t\t\t\t\t<h3 class='heading-more'>MODULO 1<span class='et_learnmore_arrow'><span><\/span><\/span><\/h3>\n\t\t\t\t\t<div class='learn-more-content'><ul>\n<li>Il sistema finanziario e l\u2019intermediazione del credito: i soggetti operanti nell\u2019intermediazione creditizia: gli intermediari bancari, gli intermediari finanziari e gli intermediari del credito &#8211; il sistema istituzionale preposto alla regolazione e al controllo del sistema finanziario &#8211; i mediatori creditizi e gli agenti in attivit\u00e0 finanziaria in particolare: attivit\u00e0 svolta, requisiti richiesti, sistema di vigilanza e regime sanzionatorio;<\/li>\n<li>Aspetti tecnici e normativi delle forme di finanziamento: mutui, prestiti personali, affidamenti finalizzati, leasing, factoring, cessione del quinto dello stipendio e della pensione, aperture di credito, carte di credito, deleghe di pagamento, concessione di garanzie;<\/li>\n<li>La disciplina sulla trasparenza nei contratti bancari, nel credito ai consumatori e nell\u2019attivit\u00e0 di mediazione creditizia;<\/li>\n<li>Elementi sulla valutazione del merito creditizio: come esaminare il bilancio familiare ed il fabbisogno finanziario d\u2019impresa;<\/li>\n<li>La disciplina antiriciclaggio ed antiusura;<\/li>\n<li>Servizi di pagamento;<\/li>\n<li>La disciplina in tema di intermediazione assicurativa;<\/li>\n<li>Disciplina dei reclami e dell\u2019Arbitro bancario e finanziario;<\/li>\n<li>La disciplina in materia di protezione dei dati personali;<\/li>\n<li>La disciplina della responsabilit\u00e0 amministrativa delle persone giuridiche, delle societ\u00e0 e delle associazioni anche prive di personalit\u00e0 giuridica;<\/li>\n<li>La disciplina vigente in materia di tutela dei consumatori.<\/li>\n<li>Organizzazione e funzionamento dei registri immobiliari e adempimenti relativi alla compravendita di immobili;<\/li>\n<li>Deontologia e correttezza professionale nei rapporti con il cliente.<\/li>\n<\/ul><\/div>\n\t\t\t\t<\/div>\n<div class='et-learn-more clearfix'>\n\t\t\t\t\t<h3 class='heading-more'>ESAME FINALE<span class='et_learnmore_arrow'><span><\/span><\/span><\/h3>\n\t\t\t\t\t<div class='learn-more-content'><\/div>\n\t\t\t\t<\/div>\n<p>&nbsp;<\/p>\n<h3>Certificazione<\/h3>\n<p>All\u2019esito positivo del test finale \u00e8 rilasciato un attestato comprovante il conseguimento dell\u2019obbligo formativo.<br \/>\nL\u2019attestato \u00e8 conservato dal soggetto partecipante al corso per un periodo non inferiore a 5 anni.<\/p>\n<p>&nbsp;<\/p>\n<p>&nbsp;<\/p>\n<p>&nbsp;<\/p>\n<p><code><\/code><\/p>\n","protected":false},"excerpt":{"rendered":"<h4>15 &#8211; 30 &#8211; 45 ore<\/h4>\n<p>Corsi di aggiornamento obbligatorio per Agenti, Dipendenti e Collaboratori ai sensi dell&#8217;art. 2 della Circolare OAM 19\/2014 aggiornata in data 30 ottobre 2019.<\/p>\n","protected":false},"featured_media":4806,"comment_status":"open","ping_status":"closed","template":"","meta":{"_et_pb_use_builder":"off","_et_pb_old_content":"OBIETTIVI DEL CORSO\r\n\r\nIl corso di qualifica per Operatore Socio Sanitario \u00e8 volto a formare operatori in grado di intervenire nelle situazioni caratterizzate da mancanza temporanea e\/o permanente di autonomia psicofisica. Grazie alla formazione teorico-pratica e al tirocinio pratico, gli allievi avranno l\u2019opportunit\u00e0 di sviluppare competenze professionali volte a:\r\n<ul>\r\n \t<li>identificare, classificare ed interpretare le problematiche delle diverse tipologie di utenze (minori, anziani, persone con disabilit\u00e0, pazienti oncologici);<\/li>\r\n \t<li>conoscere l\u2019organizzazione dei servizi sociali e sanitari; acquisire elementi di igiene e prevenzione e di anatomia, fisiologia e dietetica;<\/li>\r\n \t<li>identificare gli elementi necessari alla pianificazione dell\u2019assistenza e applicare le conoscenze acquisite per mantenere un ambiente terapeutico adeguato alla cura della persona e per applicare le diverse metodologie operative di carattere sanitario sugli assistiti.<\/li>\r\n<\/ul>\r\nIL CORSO E\u2019 ACCREDITATO DALLA REGIONE SICILIANA, ASSESSORATO ALLA SALUTE, AI SENSI DEL DECRETO DEL 12 AGOSTO 2020 (GURS N. 45\/2020) e ACCORDO STATO REGIONI DEL 22 FEBBRAIO 2001.\r\n\r\nPROGRAMMA \u2013 le materie di insegnamento sono articolate nelle seguenti aree disciplinari","_et_gb_content_width":"","_joinchat":[]},"product_brand":[],"product_cat":[137,49,47],"product_tag":[75],"class_list":{"0":"post-6317","1":"product","2":"type-product","3":"status-publish","4":"has-post-thumbnail","6":"product_cat-aggiornamento","7":"product_cat-finanziaria","8":"product_cat-online","9":"product_tag-finanziaria","11":"first","12":"instock","13":"shipping-taxable","14":"product-type-simple"},"yoast_head":"<!-- This site is optimized with the Yoast SEO plugin v27.0 - https:\/\/yoast.com\/product\/yoast-seo-wordpress\/ -->\n<title>Agenti - Dipendenti e Collaboratori - OAM - Accademia Eraclitea<\/title>\n<meta name=\"robots\" content=\"index, follow, max-snippet:-1, max-image-preview:large, max-video-preview:-1\" \/>\n<link rel=\"canonical\" href=\"https:\/\/eraclitea.it\/it\/prodotto\/agenti-dipendenti-e-collaboratori-oam\/\" \/>\n<meta property=\"og:locale\" content=\"it_IT\" \/>\n<meta property=\"og:type\" content=\"article\" \/>\n<meta property=\"og:title\" content=\"Agenti - Dipendenti e Collaboratori - OAM - Accademia Eraclitea\" \/>\n<meta property=\"og:description\" content=\"15 - 30 - 45 ore Corsi di aggiornamento obbligatorio per Agenti, Dipendenti e Collaboratori ai sensi dell&#039;art. 2 della Circolare OAM 19\/2014 aggiornata in data 30 ottobre 2019.\" \/>\n<meta property=\"og:url\" content=\"https:\/\/eraclitea.it\/it\/prodotto\/agenti-dipendenti-e-collaboratori-oam\/\" \/>\n<meta property=\"og:site_name\" content=\"Accademia Eraclitea\" \/>\n<meta property=\"article:modified_time\" content=\"2021-05-30T19:22:19+00:00\" \/>\n<meta property=\"og:image\" content=\"https:\/\/eraclitea.it\/it\/wp-content\/uploads\/2021\/03\/CORSO-PER-LA-PROVA-VALUTATIVA-PER-DIPENDENTI-E-COLLABORATORI-DEGLI-AGENTI-IN-ATTIVITA-FINANZIARIA@2x.png\" \/>\n\t<meta property=\"og:image:width\" content=\"350\" \/>\n\t<meta property=\"og:image:height\" content=\"200\" \/>\n\t<meta property=\"og:image:type\" content=\"image\/png\" \/>\n<meta name=\"twitter:card\" content=\"summary_large_image\" \/>\n<meta name=\"twitter:label1\" content=\"Tempo di lettura stimato\" \/>\n\t<meta name=\"twitter:data1\" content=\"3 minuti\" \/>\n<script type=\"application\/ld+json\" class=\"yoast-schema-graph\">{\"@context\":\"https:\/\/schema.org\",\"@graph\":[{\"@type\":\"WebPage\",\"@id\":\"https:\/\/eraclitea.it\/it\/prodotto\/agenti-dipendenti-e-collaboratori-oam\/\",\"url\":\"https:\/\/eraclitea.it\/it\/prodotto\/agenti-dipendenti-e-collaboratori-oam\/\",\"name\":\"Agenti - Dipendenti e Collaboratori - OAM - Accademia Eraclitea\",\"isPartOf\":{\"@id\":\"https:\/\/eraclitea.it\/it\/#website\"},\"primaryImageOfPage\":{\"@id\":\"https:\/\/eraclitea.it\/it\/prodotto\/agenti-dipendenti-e-collaboratori-oam\/#primaryimage\"},\"image\":{\"@id\":\"https:\/\/eraclitea.it\/it\/prodotto\/agenti-dipendenti-e-collaboratori-oam\/#primaryimage\"},\"thumbnailUrl\":\"https:\/\/eraclitea.it\/it\/wp-content\/uploads\/2021\/03\/CORSO-PER-LA-PROVA-VALUTATIVA-PER-DIPENDENTI-E-COLLABORATORI-DEGLI-AGENTI-IN-ATTIVITA-FINANZIARIA@2x.png\",\"datePublished\":\"2021-05-22T15:53:58+00:00\",\"dateModified\":\"2021-05-30T19:22:19+00:00\",\"breadcrumb\":{\"@id\":\"https:\/\/eraclitea.it\/it\/prodotto\/agenti-dipendenti-e-collaboratori-oam\/#breadcrumb\"},\"inLanguage\":\"it-IT\",\"potentialAction\":[{\"@type\":\"ReadAction\",\"target\":[\"https:\/\/eraclitea.it\/it\/prodotto\/agenti-dipendenti-e-collaboratori-oam\/\"]}]},{\"@type\":\"ImageObject\",\"inLanguage\":\"it-IT\",\"@id\":\"https:\/\/eraclitea.it\/it\/prodotto\/agenti-dipendenti-e-collaboratori-oam\/#primaryimage\",\"url\":\"https:\/\/eraclitea.it\/it\/wp-content\/uploads\/2021\/03\/CORSO-PER-LA-PROVA-VALUTATIVA-PER-DIPENDENTI-E-COLLABORATORI-DEGLI-AGENTI-IN-ATTIVITA-FINANZIARIA@2x.png\",\"contentUrl\":\"https:\/\/eraclitea.it\/it\/wp-content\/uploads\/2021\/03\/CORSO-PER-LA-PROVA-VALUTATIVA-PER-DIPENDENTI-E-COLLABORATORI-DEGLI-AGENTI-IN-ATTIVITA-FINANZIARIA@2x.png\",\"width\":350,\"height\":200},{\"@type\":\"BreadcrumbList\",\"@id\":\"https:\/\/eraclitea.it\/it\/prodotto\/agenti-dipendenti-e-collaboratori-oam\/#breadcrumb\",\"itemListElement\":[{\"@type\":\"ListItem\",\"position\":1,\"name\":\"Home\",\"item\":\"https:\/\/eraclitea.it\/it\/\"},{\"@type\":\"ListItem\",\"position\":2,\"name\":\"Corsi\",\"item\":\"https:\/\/eraclitea.it\/it\/corsi\/\"},{\"@type\":\"ListItem\",\"position\":3,\"name\":\"Agenti &#8211; Dipendenti e Collaboratori &#8211; OAM\"}]},{\"@type\":\"WebSite\",\"@id\":\"https:\/\/eraclitea.it\/it\/#website\",\"url\":\"https:\/\/eraclitea.it\/it\/\",\"name\":\"Accademia Eraclitea\",\"description\":\"Ente di Ricerca e di Alta Formazione Accreditato\",\"potentialAction\":[{\"@type\":\"SearchAction\",\"target\":{\"@type\":\"EntryPoint\",\"urlTemplate\":\"https:\/\/eraclitea.it\/it\/?s={search_term_string}\"},\"query-input\":{\"@type\":\"PropertyValueSpecification\",\"valueRequired\":true,\"valueName\":\"search_term_string\"}}],\"inLanguage\":\"it-IT\"}]}<\/script>\n<!-- \/ Yoast SEO plugin. -->","yoast_head_json":{"title":"Agenti - Dipendenti e Collaboratori - OAM - Accademia Eraclitea","robots":{"index":"index","follow":"follow","max-snippet":"max-snippet:-1","max-image-preview":"max-image-preview:large","max-video-preview":"max-video-preview:-1"},"canonical":"https:\/\/eraclitea.it\/it\/prodotto\/agenti-dipendenti-e-collaboratori-oam\/","og_locale":"it_IT","og_type":"article","og_title":"Agenti - Dipendenti e Collaboratori - OAM - Accademia Eraclitea","og_description":"15 - 30 - 45 ore Corsi di aggiornamento obbligatorio per Agenti, Dipendenti e Collaboratori ai sensi dell'art. 2 della Circolare OAM 19\/2014 aggiornata in data 30 ottobre 2019.","og_url":"https:\/\/eraclitea.it\/it\/prodotto\/agenti-dipendenti-e-collaboratori-oam\/","og_site_name":"Accademia Eraclitea","article_modified_time":"2021-05-30T19:22:19+00:00","og_image":[{"width":350,"height":200,"url":"https:\/\/eraclitea.it\/it\/wp-content\/uploads\/2021\/03\/CORSO-PER-LA-PROVA-VALUTATIVA-PER-DIPENDENTI-E-COLLABORATORI-DEGLI-AGENTI-IN-ATTIVITA-FINANZIARIA@2x.png","type":"image\/png"}],"twitter_card":"summary_large_image","twitter_misc":{"Tempo di lettura stimato":"3 minuti"},"schema":{"@context":"https:\/\/schema.org","@graph":[{"@type":"WebPage","@id":"https:\/\/eraclitea.it\/it\/prodotto\/agenti-dipendenti-e-collaboratori-oam\/","url":"https:\/\/eraclitea.it\/it\/prodotto\/agenti-dipendenti-e-collaboratori-oam\/","name":"Agenti - Dipendenti e Collaboratori - OAM - Accademia Eraclitea","isPartOf":{"@id":"https:\/\/eraclitea.it\/it\/#website"},"primaryImageOfPage":{"@id":"https:\/\/eraclitea.it\/it\/prodotto\/agenti-dipendenti-e-collaboratori-oam\/#primaryimage"},"image":{"@id":"https:\/\/eraclitea.it\/it\/prodotto\/agenti-dipendenti-e-collaboratori-oam\/#primaryimage"},"thumbnailUrl":"https:\/\/eraclitea.it\/it\/wp-content\/uploads\/2021\/03\/CORSO-PER-LA-PROVA-VALUTATIVA-PER-DIPENDENTI-E-COLLABORATORI-DEGLI-AGENTI-IN-ATTIVITA-FINANZIARIA@2x.png","datePublished":"2021-05-22T15:53:58+00:00","dateModified":"2021-05-30T19:22:19+00:00","breadcrumb":{"@id":"https:\/\/eraclitea.it\/it\/prodotto\/agenti-dipendenti-e-collaboratori-oam\/#breadcrumb"},"inLanguage":"it-IT","potentialAction":[{"@type":"ReadAction","target":["https:\/\/eraclitea.it\/it\/prodotto\/agenti-dipendenti-e-collaboratori-oam\/"]}]},{"@type":"ImageObject","inLanguage":"it-IT","@id":"https:\/\/eraclitea.it\/it\/prodotto\/agenti-dipendenti-e-collaboratori-oam\/#primaryimage","url":"https:\/\/eraclitea.it\/it\/wp-content\/uploads\/2021\/03\/CORSO-PER-LA-PROVA-VALUTATIVA-PER-DIPENDENTI-E-COLLABORATORI-DEGLI-AGENTI-IN-ATTIVITA-FINANZIARIA@2x.png","contentUrl":"https:\/\/eraclitea.it\/it\/wp-content\/uploads\/2021\/03\/CORSO-PER-LA-PROVA-VALUTATIVA-PER-DIPENDENTI-E-COLLABORATORI-DEGLI-AGENTI-IN-ATTIVITA-FINANZIARIA@2x.png","width":350,"height":200},{"@type":"BreadcrumbList","@id":"https:\/\/eraclitea.it\/it\/prodotto\/agenti-dipendenti-e-collaboratori-oam\/#breadcrumb","itemListElement":[{"@type":"ListItem","position":1,"name":"Home","item":"https:\/\/eraclitea.it\/it\/"},{"@type":"ListItem","position":2,"name":"Corsi","item":"https:\/\/eraclitea.it\/it\/corsi\/"},{"@type":"ListItem","position":3,"name":"Agenti &#8211; Dipendenti e Collaboratori &#8211; OAM"}]},{"@type":"WebSite","@id":"https:\/\/eraclitea.it\/it\/#website","url":"https:\/\/eraclitea.it\/it\/","name":"Accademia Eraclitea","description":"Ente di Ricerca e di Alta Formazione Accreditato","potentialAction":[{"@type":"SearchAction","target":{"@type":"EntryPoint","urlTemplate":"https:\/\/eraclitea.it\/it\/?s={search_term_string}"},"query-input":{"@type":"PropertyValueSpecification","valueRequired":true,"valueName":"search_term_string"}}],"inLanguage":"it-IT"}]}},"jetpack_sharing_enabled":true,"_links":{"self":[{"href":"https:\/\/eraclitea.it\/it\/wp-json\/wp\/v2\/product\/6317","targetHints":{"allow":["GET"]}}],"collection":[{"href":"https:\/\/eraclitea.it\/it\/wp-json\/wp\/v2\/product"}],"about":[{"href":"https:\/\/eraclitea.it\/it\/wp-json\/wp\/v2\/types\/product"}],"replies":[{"embeddable":true,"href":"https:\/\/eraclitea.it\/it\/wp-json\/wp\/v2\/comments?post=6317"}],"wp:featuredmedia":[{"embeddable":true,"href":"https:\/\/eraclitea.it\/it\/wp-json\/wp\/v2\/media\/4806"}],"wp:attachment":[{"href":"https:\/\/eraclitea.it\/it\/wp-json\/wp\/v2\/media?parent=6317"}],"wp:term":[{"taxonomy":"product_brand","embeddable":true,"href":"https:\/\/eraclitea.it\/it\/wp-json\/wp\/v2\/product_brand?post=6317"},{"taxonomy":"product_cat","embeddable":true,"href":"https:\/\/eraclitea.it\/it\/wp-json\/wp\/v2\/product_cat?post=6317"},{"taxonomy":"product_tag","embeddable":true,"href":"https:\/\/eraclitea.it\/it\/wp-json\/wp\/v2\/product_tag?post=6317"}],"curies":[{"name":"wp","href":"https:\/\/api.w.org\/{rel}","templated":true}]}}