{"id":5825,"date":"2021-05-07T09:43:08","date_gmt":"2021-05-07T09:43:08","guid":{"rendered":"https:\/\/eraclitea.it\/it\/?post_type=product&#038;p=5825"},"modified":"2025-06-14T09:59:53","modified_gmt":"2025-06-14T09:59:53","slug":"formazione-per-lavoratori-rischio-medio","status":"publish","type":"product","link":"https:\/\/eraclitea.it\/it\/prodotto\/formazione-per-lavoratori-rischio-medio\/","title":{"rendered":"Formazione per lavoratori rischio medio"},"content":{"rendered":"<table style=\"border: 0px; height: 244px; width: 721px;\">\n<tbody>\n<tr>\n<td style=\"width: 38.75px;\"><a href=\"https:\/\/eraclitea.it\/it\/wp-content\/uploads\/2021\/01\/orolo2.png\"><img loading=\"lazy\" decoding=\"async\" class=\"alignnone wp-image-887 \" src=\"https:\/\/eraclitea.it\/it\/wp-content\/uploads\/2021\/03\/tempo.png\" alt=\"\" width=\"33\" height=\"33\" \/><\/a><\/td>\n<td style=\"width: 147.841px;\">\n<h4 class=\"et_pb_module_header\">Durata del corso:<\/h4>\n<\/td>\n<td style=\"width: 515.114px;\">12 ore<\/td>\n<\/tr>\n<tr>\n<td style=\"width: 38.75px;\"><a href=\"https:\/\/eraclitea.it\/it\/wp-content\/uploads\/2021\/03\/Tavola-da-disegno-\u2013-13.png\"><img loading=\"lazy\" decoding=\"async\" class=\"alignnone wp-image-3710 \" src=\"https:\/\/eraclitea.it\/it\/wp-content\/uploads\/2021\/03\/Tavola-da-disegno-\u2013-13-300x300.png\" alt=\"\" width=\"39\" height=\"39\" srcset=\"https:\/\/eraclitea.it\/it\/wp-content\/uploads\/2021\/03\/Tavola-da-disegno-\u2013-13-300x300.png 300w, https:\/\/eraclitea.it\/it\/wp-content\/uploads\/2021\/03\/Tavola-da-disegno-\u2013-13-150x150.png 150w, https:\/\/eraclitea.it\/it\/wp-content\/uploads\/2021\/03\/Tavola-da-disegno-\u2013-13-100x100.png 100w, https:\/\/eraclitea.it\/it\/wp-content\/uploads\/2021\/03\/Tavola-da-disegno-\u2013-13-64x64.png 64w, https:\/\/eraclitea.it\/it\/wp-content\/uploads\/2021\/03\/Tavola-da-disegno-\u2013-13.png 400w\" sizes=\"(max-width: 39px) 100vw, 39px\" \/><\/a><\/td>\n<td style=\"width: 147.841px;\">\n<h4>N. Partecipanti:<\/h4>\n<\/td>\n<td style=\"width: 515.114px;\">Max 30<\/td>\n<\/tr>\n<tr>\n<td style=\"width: 38.75px;\"><a href=\"https:\/\/eraclitea.it\/it\/wp-content\/uploads\/2021\/04\/Tavola-da-disegno-\u2013-13-2.png\"><img loading=\"lazy\" decoding=\"async\" class=\"alignnone size-medium wp-image-5967\" src=\"https:\/\/eraclitea.it\/it\/wp-content\/uploads\/2021\/04\/Tavola-da-disegno-\u2013-13-2-300x300.png\" alt=\"\" width=\"300\" height=\"300\" \/><\/a><\/td>\n<td style=\"width: 147.841px;\">\n<h4>A chi \u00e8 rivolto:<\/h4>\n<\/td>\n<td style=\"width: 515.114px;\">\n<div>Lavoratori\u00a0a tempo indeterminato e determinato, apprendista, socio lavoratore di cooperativa, associato in partecipazione, tirocinante formativo, l&#8217;allievo in formazione (istituti di istruzione e universitari) limitatamente all&#8217;uso di laboratori tecnici\/scientifici e uso videoterminali, il volontario, il volontario del servizio civile, dei vigili del fuoco, e della protezione civile;<\/div>\n<div>Sono Esclusi gli addetti ai servizi domestici e familiari.<\/div>\n<\/td>\n<\/tr>\n<\/tbody>\n<\/table>\n<div><\/div>\n<p>&nbsp;<\/p>\n<p>&nbsp;<\/p>\n<p><span style=\"color: #333333; font-size: 22px;\"><br \/>\nSpecifiche corso<\/span><\/p>\n<div>\n<p>Il Corso di formazione per lavoratori (rischio medio) assolve gli obblighi indicati nel D.lgs 81\/08, T.U. Sicurezza, D.lgs 106\/09 e gli aggiornamenti dell&#8217;ultimo accorso Stato Regioni in materia di prima formazione ed aggiornamento dei lavoratori delle aziende a basso medio.<br \/>\nL&#8217; Accordo siglato durante la Conferenza Stato Regioni del 17 aprile 2025 ha definito i programmi formativi di tutti i lavoratori presenti all&#8217;interno dell&#8217;organizzazione aziendale.<\/p>\n<h3><\/h3>\n<\/div>\n<h3>Modalit\u00e0<\/h3>\n<div>\n<div>Il corso \u00e8 strutturato in una &#8220;Formazione Generale&#8221; di 4 ore uguale per tutti i lavoratori che pu\u00f2 essere svolta anche tramite una formazione E-learning in modalit\u00e0 asincrona con specifiche caratteristiche di qualit\u00e0 e certificazione delle sessioni di collegamento dei partecipanti e in un &#8220;Formazione Specifica&#8221; di 8 ore per i lavoratori delle imprese a medio rischio che deve essere svolta obbligatoriamente in aula o in Videoconferenza.<\/div>\n<div><\/div>\n<div>Il Corso di Formazione per Lavoratori (Rischio Medio) pu\u00f2 essere svolto interamente in aula o in Videoconferenza oppure in modalit\u00e0 &#8220;Blended e-learning&#8221;: 4 ore online in modalit\u00e0 asincrona e 8 ore in aula o in Videoconferenza.<\/div>\n<div>Il corso prevede il superamento di una prova finale composta da domande a risposta multipla.<\/div>\n<\/div>\n<h3><\/h3>\n<h3>Aggiornamento<\/h3>\n<div>\n<div>E&#8217; previsto un aggiornamento quinquennale di 6 ore (fruibile completamente in modalit\u00e0 e-learning in modalit\u00e0 asincrona).<\/div>\n<\/div>\n<div><\/div>\n<div><\/div>\n<div>\n<h3>Normativa e sanzioni<\/h3>\n<div>Mancata formazione lavoratore at. 37 \u2013 arresto da due a quattro mesi o ammenda da 1.200 a 5.200 euro.<\/div>\n<h3><\/h3>\n<h3>Codici Ateco 2007 delle aziende a rischio medio<\/h3>\n<ul>\n<li>Agricolturapesca,<\/li>\n<li>P.A.<\/li>\n<li>istruzione<\/li>\n<li>Trasporti<\/li>\n<li>magazzinaggio<\/li>\n<\/ul>\n<\/div>\n<div><\/div>\n<h3><span style=\"color: #333333; font-size: 22px;\">Obiettivi corso\u00a0<\/span><\/h3>\n<div>\n<p style=\"font-weight: 400;\">Fornire ai partecipanti gli approfondimenti e aggiornamenti necessari per conoscere i principi del Sistema di Prevenzione e Protezione adottato presso le Aziende e attraverso quali strumenti e strategie il lavoratore \u00e8 chiamato ad operare per preservare lo stato di sicurezza sul luogo di lavoro.<\/p>\n<\/div>\n<div>\n<h3><\/h3>\n<\/div>\n<h3>Programma<\/h3>\n<p data-favro-document-key=\"ce142eac30d3897a963e2873\" data-pm-slice=\"1 1 []\"><span class=\"author\" data-authorid=\"4xCmhw2jqkecySM9c\"><div class='et-learn-more clearfix'>\n\t\t\t\t\t<h3 class='heading-more'>PARTE GENERALE - (4 ORE - ANCHE ONLINE IN MODALITA&#039; ASINCRONA)<span class='et_learnmore_arrow'><span><\/span><\/span><\/h3>\n\t\t\t\t\t<div class='learn-more-content'><\/span><\/p>\n<ul>\n<li>Rischio<\/li>\n<li>Danno<\/li>\n<li>Prevenzione<\/li>\n<li>Protezione<\/li>\n<li>Organizzazione della prevenzione aziendale<\/li>\n<li>Diritti, doveri e sanzioni per i vari soggetti aziendali<\/li>\n<li>Organi di vigilanza, controllo e assistenza<\/li>\n<\/ul><\/div>\n\t\t\t\t<\/div><\/p>\n<p data-favro-document-key=\"ce142eac30d3897a963e2873\" data-pm-slice=\"1 1 []\"><span class=\"author\" data-authorid=\"4xCmhw2jqkecySM9c\"><div class='et-learn-more clearfix'>\n\t\t\t\t\t<h3 class='heading-more'>PARTE SPECIFICA - (8 ORE - SOLO IN AULA O IN VIDEOCONFERENZA)<span class='et_learnmore_arrow'><span><\/span><\/span><\/h3>\n\t\t\t\t\t<div class='learn-more-content'><\/span><\/p>\n<ul>\n<li>\n<div>Rischi specifici (rischi infortuni, meccanici generali, elettrici generali, macchine, attrezzature, rischi d&#8217;esplosione, cadute dall&#8217;alto, rischi chimici, nebbie &#8211; oli &#8211; fumi &#8211; vapori &#8211; polveri, etichettatura, rischi cancerogeni, biologici, fisici, rumore, vibrazione, radiazioni, microclima e illuminazione, videoterminali, stress lavoro correlato)<\/div>\n<\/li>\n<li>\n<div>Dispositivi di Protezione individuale<\/div>\n<\/li>\n<li>\n<div>Organizzazione del lavoro<\/div>\n<\/li>\n<li>\n<div>Movimentazione manuale dei carichi e movimentazione merci (apparecchi e mezzi<\/div>\n<\/li>\n<li>\n<div>Segnaletica di sicurezza<\/div>\n<\/li>\n<li>\n<div>Emergenze<\/div>\n<\/li>\n<li>\n<div>Procedure di sicurezza con riferimento al profilo di rischio specifico<\/div>\n<\/li>\n<li>\n<div>Procedure di esodo e incendi<\/div>\n<\/li>\n<li>\n<div>Procedure organizzative per il primo soccorso<\/div>\n<\/li>\n<li>\n<div>Incidenti e infortuni mancati<\/div>\n<\/li>\n<li>\n<div>Altri rischi<\/div>\n<\/li>\n<\/ul><\/div>\n\t\t\t\t<\/div><\/p>\n<p>&nbsp;<\/p>\n<h3>Certificazione<\/h3>\n<div>\n<div>\n<div>Al termine del corso di aggiornamento sar\u00e0 rilasciato un attestato di frequenza valido ai sensi di legge.<\/div>\n<div>Ogni 5 anni deve essere svolto un corso di aggiornamento di n. 6 ore fruibile anche interamente on line in modalit\u00e0 asincrona.<\/div>\n<\/div>\n<\/div>\n<p>&nbsp;<\/p>\n","protected":false},"excerpt":{"rendered":"<h4>12 ore<\/h4>\n<p>Ogni 5 anni deve essere svolto un corso di aggiornamento di n. 6 ore fruibile anche interamente on line in modalit\u00e0 asincrona.<\/p>\n","protected":false},"featured_media":6948,"comment_status":"open","ping_status":"closed","template":"","meta":{"_et_pb_use_builder":"off","_et_pb_old_content":"OBIETTIVI DEL CORSO\r\n\r\nIl corso di qualifica per Operatore Socio Sanitario \u00e8 volto a formare operatori in grado di intervenire nelle situazioni caratterizzate da mancanza temporanea e\/o permanente di autonomia psicofisica. Grazie alla formazione teorico-pratica e al tirocinio pratico, gli allievi avranno l\u2019opportunit\u00e0 di sviluppare competenze professionali volte a:\r\n<ul>\r\n \t<li>identificare, classificare ed interpretare le problematiche delle diverse tipologie di utenze (minori, anziani, persone con disabilit\u00e0, pazienti oncologici);<\/li>\r\n \t<li>conoscere l\u2019organizzazione dei servizi sociali e sanitari; acquisire elementi di igiene e prevenzione e di anatomia, fisiologia e dietetica;<\/li>\r\n \t<li>identificare gli elementi necessari alla pianificazione dell\u2019assistenza e applicare le conoscenze acquisite per mantenere un ambiente terapeutico adeguato alla cura della persona e per applicare le diverse metodologie operative di carattere sanitario sugli assistiti.<\/li>\r\n<\/ul>\r\nIL CORSO E\u2019 ACCREDITATO DALLA REGIONE SICILIANA, ASSESSORATO ALLA SALUTE, AI SENSI DEL DECRETO DEL 12 AGOSTO 2020 (GURS N. 45\/2020) e ACCORDO STATO REGIONI DEL 22 FEBBRAIO 2001.\r\n\r\nPROGRAMMA \u2013 le materie di insegnamento sono articolate nelle seguenti aree disciplinari","_et_gb_content_width":"","_joinchat":[]},"product_brand":[],"product_cat":[36],"product_tag":[],"class_list":{"0":"post-5825","1":"product","2":"type-product","3":"status-publish","4":"has-post-thumbnail","6":"product_cat-sicurezza-sul-lavoro","8":"first","9":"instock","10":"shipping-taxable","11":"product-type-simple"},"yoast_head":"<!-- This site is optimized with the Yoast SEO plugin v27.0 - https:\/\/yoast.com\/product\/yoast-seo-wordpress\/ -->\n<title>Formazione per lavoratori rischio medio - Accademia Eraclitea<\/title>\n<meta name=\"robots\" content=\"index, follow, max-snippet:-1, max-image-preview:large, max-video-preview:-1\" \/>\n<link rel=\"canonical\" href=\"https:\/\/eraclitea.it\/it\/prodotto\/formazione-per-lavoratori-rischio-medio\/\" \/>\n<meta property=\"og:locale\" content=\"it_IT\" \/>\n<meta property=\"og:type\" content=\"article\" \/>\n<meta property=\"og:title\" content=\"Formazione per lavoratori rischio medio - Accademia Eraclitea\" \/>\n<meta property=\"og:description\" content=\"12 ore Ogni 5 anni deve essere svolto un corso di aggiornamento di n. 6 ore fruibile anche interamente on line in modalit\u00e0 asincrona.\" \/>\n<meta property=\"og:url\" content=\"https:\/\/eraclitea.it\/it\/prodotto\/formazione-per-lavoratori-rischio-medio\/\" \/>\n<meta property=\"og:site_name\" content=\"Accademia Eraclitea\" \/>\n<meta property=\"article:modified_time\" content=\"2025-06-14T09:59:53+00:00\" \/>\n<meta property=\"og:image\" content=\"https:\/\/eraclitea.it\/it\/wp-content\/uploads\/2021\/05\/Sicurezza-sul-lavoro-\u2013-5@2x.png\" \/>\n\t<meta property=\"og:image:width\" content=\"350\" \/>\n\t<meta property=\"og:image:height\" content=\"200\" \/>\n\t<meta property=\"og:image:type\" content=\"image\/png\" \/>\n<meta name=\"twitter:card\" content=\"summary_large_image\" \/>\n<meta name=\"twitter:label1\" content=\"Tempo di lettura stimato\" \/>\n\t<meta name=\"twitter:data1\" content=\"4 minuti\" \/>\n<script type=\"application\/ld+json\" class=\"yoast-schema-graph\">{\"@context\":\"https:\/\/schema.org\",\"@graph\":[{\"@type\":\"WebPage\",\"@id\":\"https:\/\/eraclitea.it\/it\/prodotto\/formazione-per-lavoratori-rischio-medio\/\",\"url\":\"https:\/\/eraclitea.it\/it\/prodotto\/formazione-per-lavoratori-rischio-medio\/\",\"name\":\"Formazione per lavoratori rischio medio - Accademia Eraclitea\",\"isPartOf\":{\"@id\":\"https:\/\/eraclitea.it\/it\/#website\"},\"primaryImageOfPage\":{\"@id\":\"https:\/\/eraclitea.it\/it\/prodotto\/formazione-per-lavoratori-rischio-medio\/#primaryimage\"},\"image\":{\"@id\":\"https:\/\/eraclitea.it\/it\/prodotto\/formazione-per-lavoratori-rischio-medio\/#primaryimage\"},\"thumbnailUrl\":\"https:\/\/eraclitea.it\/it\/wp-content\/uploads\/2021\/05\/Sicurezza-sul-lavoro-\u2013-5@2x.png\",\"datePublished\":\"2021-05-07T09:43:08+00:00\",\"dateModified\":\"2025-06-14T09:59:53+00:00\",\"breadcrumb\":{\"@id\":\"https:\/\/eraclitea.it\/it\/prodotto\/formazione-per-lavoratori-rischio-medio\/#breadcrumb\"},\"inLanguage\":\"it-IT\",\"potentialAction\":[{\"@type\":\"ReadAction\",\"target\":[\"https:\/\/eraclitea.it\/it\/prodotto\/formazione-per-lavoratori-rischio-medio\/\"]}]},{\"@type\":\"ImageObject\",\"inLanguage\":\"it-IT\",\"@id\":\"https:\/\/eraclitea.it\/it\/prodotto\/formazione-per-lavoratori-rischio-medio\/#primaryimage\",\"url\":\"https:\/\/eraclitea.it\/it\/wp-content\/uploads\/2021\/05\/Sicurezza-sul-lavoro-\u2013-5@2x.png\",\"contentUrl\":\"https:\/\/eraclitea.it\/it\/wp-content\/uploads\/2021\/05\/Sicurezza-sul-lavoro-\u2013-5@2x.png\",\"width\":350,\"height\":200},{\"@type\":\"BreadcrumbList\",\"@id\":\"https:\/\/eraclitea.it\/it\/prodotto\/formazione-per-lavoratori-rischio-medio\/#breadcrumb\",\"itemListElement\":[{\"@type\":\"ListItem\",\"position\":1,\"name\":\"Home\",\"item\":\"https:\/\/eraclitea.it\/it\/\"},{\"@type\":\"ListItem\",\"position\":2,\"name\":\"Corsi\",\"item\":\"https:\/\/eraclitea.it\/it\/corsi\/\"},{\"@type\":\"ListItem\",\"position\":3,\"name\":\"Formazione per lavoratori rischio medio\"}]},{\"@type\":\"WebSite\",\"@id\":\"https:\/\/eraclitea.it\/it\/#website\",\"url\":\"https:\/\/eraclitea.it\/it\/\",\"name\":\"Accademia Eraclitea\",\"description\":\"Ente di Ricerca e di Alta Formazione Accreditato\",\"potentialAction\":[{\"@type\":\"SearchAction\",\"target\":{\"@type\":\"EntryPoint\",\"urlTemplate\":\"https:\/\/eraclitea.it\/it\/?s={search_term_string}\"},\"query-input\":{\"@type\":\"PropertyValueSpecification\",\"valueRequired\":true,\"valueName\":\"search_term_string\"}}],\"inLanguage\":\"it-IT\"}]}<\/script>\n<!-- \/ Yoast SEO plugin. -->","yoast_head_json":{"title":"Formazione per lavoratori rischio medio - Accademia Eraclitea","robots":{"index":"index","follow":"follow","max-snippet":"max-snippet:-1","max-image-preview":"max-image-preview:large","max-video-preview":"max-video-preview:-1"},"canonical":"https:\/\/eraclitea.it\/it\/prodotto\/formazione-per-lavoratori-rischio-medio\/","og_locale":"it_IT","og_type":"article","og_title":"Formazione per lavoratori rischio medio - Accademia Eraclitea","og_description":"12 ore Ogni 5 anni deve essere svolto un corso di aggiornamento di n. 6 ore fruibile anche interamente on line in modalit\u00e0 asincrona.","og_url":"https:\/\/eraclitea.it\/it\/prodotto\/formazione-per-lavoratori-rischio-medio\/","og_site_name":"Accademia Eraclitea","article_modified_time":"2025-06-14T09:59:53+00:00","og_image":[{"width":350,"height":200,"url":"https:\/\/eraclitea.it\/it\/wp-content\/uploads\/2021\/05\/Sicurezza-sul-lavoro-\u2013-5@2x.png","type":"image\/png"}],"twitter_card":"summary_large_image","twitter_misc":{"Tempo di lettura stimato":"4 minuti"},"schema":{"@context":"https:\/\/schema.org","@graph":[{"@type":"WebPage","@id":"https:\/\/eraclitea.it\/it\/prodotto\/formazione-per-lavoratori-rischio-medio\/","url":"https:\/\/eraclitea.it\/it\/prodotto\/formazione-per-lavoratori-rischio-medio\/","name":"Formazione per lavoratori rischio medio - Accademia Eraclitea","isPartOf":{"@id":"https:\/\/eraclitea.it\/it\/#website"},"primaryImageOfPage":{"@id":"https:\/\/eraclitea.it\/it\/prodotto\/formazione-per-lavoratori-rischio-medio\/#primaryimage"},"image":{"@id":"https:\/\/eraclitea.it\/it\/prodotto\/formazione-per-lavoratori-rischio-medio\/#primaryimage"},"thumbnailUrl":"https:\/\/eraclitea.it\/it\/wp-content\/uploads\/2021\/05\/Sicurezza-sul-lavoro-\u2013-5@2x.png","datePublished":"2021-05-07T09:43:08+00:00","dateModified":"2025-06-14T09:59:53+00:00","breadcrumb":{"@id":"https:\/\/eraclitea.it\/it\/prodotto\/formazione-per-lavoratori-rischio-medio\/#breadcrumb"},"inLanguage":"it-IT","potentialAction":[{"@type":"ReadAction","target":["https:\/\/eraclitea.it\/it\/prodotto\/formazione-per-lavoratori-rischio-medio\/"]}]},{"@type":"ImageObject","inLanguage":"it-IT","@id":"https:\/\/eraclitea.it\/it\/prodotto\/formazione-per-lavoratori-rischio-medio\/#primaryimage","url":"https:\/\/eraclitea.it\/it\/wp-content\/uploads\/2021\/05\/Sicurezza-sul-lavoro-\u2013-5@2x.png","contentUrl":"https:\/\/eraclitea.it\/it\/wp-content\/uploads\/2021\/05\/Sicurezza-sul-lavoro-\u2013-5@2x.png","width":350,"height":200},{"@type":"BreadcrumbList","@id":"https:\/\/eraclitea.it\/it\/prodotto\/formazione-per-lavoratori-rischio-medio\/#breadcrumb","itemListElement":[{"@type":"ListItem","position":1,"name":"Home","item":"https:\/\/eraclitea.it\/it\/"},{"@type":"ListItem","position":2,"name":"Corsi","item":"https:\/\/eraclitea.it\/it\/corsi\/"},{"@type":"ListItem","position":3,"name":"Formazione per lavoratori rischio medio"}]},{"@type":"WebSite","@id":"https:\/\/eraclitea.it\/it\/#website","url":"https:\/\/eraclitea.it\/it\/","name":"Accademia Eraclitea","description":"Ente di Ricerca e di Alta Formazione Accreditato","potentialAction":[{"@type":"SearchAction","target":{"@type":"EntryPoint","urlTemplate":"https:\/\/eraclitea.it\/it\/?s={search_term_string}"},"query-input":{"@type":"PropertyValueSpecification","valueRequired":true,"valueName":"search_term_string"}}],"inLanguage":"it-IT"}]}},"jetpack_sharing_enabled":true,"_links":{"self":[{"href":"https:\/\/eraclitea.it\/it\/wp-json\/wp\/v2\/product\/5825","targetHints":{"allow":["GET"]}}],"collection":[{"href":"https:\/\/eraclitea.it\/it\/wp-json\/wp\/v2\/product"}],"about":[{"href":"https:\/\/eraclitea.it\/it\/wp-json\/wp\/v2\/types\/product"}],"replies":[{"embeddable":true,"href":"https:\/\/eraclitea.it\/it\/wp-json\/wp\/v2\/comments?post=5825"}],"wp:featuredmedia":[{"embeddable":true,"href":"https:\/\/eraclitea.it\/it\/wp-json\/wp\/v2\/media\/6948"}],"wp:attachment":[{"href":"https:\/\/eraclitea.it\/it\/wp-json\/wp\/v2\/media?parent=5825"}],"wp:term":[{"taxonomy":"product_brand","embeddable":true,"href":"https:\/\/eraclitea.it\/it\/wp-json\/wp\/v2\/product_brand?post=5825"},{"taxonomy":"product_cat","embeddable":true,"href":"https:\/\/eraclitea.it\/it\/wp-json\/wp\/v2\/product_cat?post=5825"},{"taxonomy":"product_tag","embeddable":true,"href":"https:\/\/eraclitea.it\/it\/wp-json\/wp\/v2\/product_tag?post=5825"}],"curies":[{"name":"wp","href":"https:\/\/api.w.org\/{rel}","templated":true}]}}