{"id":5818,"date":"2021-05-07T08:56:43","date_gmt":"2021-05-07T08:56:43","guid":{"rendered":"https:\/\/eraclitea.it\/it\/?post_type=product&#038;p=5818"},"modified":"2026-03-28T17:45:38","modified_gmt":"2026-03-28T17:45:38","slug":"addetto-allo-svolgimento-di-lavori-elettrici-pes-pav-pei-norma-cei-11-272021-2","status":"publish","type":"product","link":"https:\/\/eraclitea.it\/it\/prodotto\/addetto-allo-svolgimento-di-lavori-elettrici-pes-pav-pei-norma-cei-11-272021-2\/","title":{"rendered":"Addetto allo svolgimento di lavori elettrici PES &#8211; PAV &#8211; PEI &#8220;Norma CEI 11-27:2025&#8221;"},"content":{"rendered":"<table style=\"border: 0px; height: 244px; width: 721px;\">\n<tbody>\n<tr>\n<td style=\"width: 38.75px;\"><a href=\"https:\/\/eraclitea.it\/it\/wp-content\/uploads\/2021\/01\/orolo2.png\"><img loading=\"lazy\" decoding=\"async\" class=\"alignnone wp-image-887 \" src=\"https:\/\/eraclitea.it\/it\/wp-content\/uploads\/2021\/03\/tempo.png\" alt=\"\" width=\"33\" height=\"33\" \/><\/a><\/td>\n<td style=\"width: 147.841px;\">\n<h4 class=\"et_pb_module_header\">Durata del corso:<\/h4>\n<\/td>\n<td style=\"width: 515.114px;\">16 ore (on line)<\/td>\n<\/tr>\n<tr>\n<td style=\"width: 38.75px;\"><a href=\"https:\/\/eraclitea.it\/it\/wp-content\/uploads\/2021\/03\/Tavola-da-disegno-\u2013-13.png\"><img loading=\"lazy\" decoding=\"async\" class=\"alignnone wp-image-3710 \" src=\"https:\/\/eraclitea.it\/it\/wp-content\/uploads\/2021\/03\/Tavola-da-disegno-\u2013-13-300x300.png\" alt=\"\" width=\"39\" height=\"39\" srcset=\"https:\/\/eraclitea.it\/it\/wp-content\/uploads\/2021\/03\/Tavola-da-disegno-\u2013-13-300x300.png 300w, https:\/\/eraclitea.it\/it\/wp-content\/uploads\/2021\/03\/Tavola-da-disegno-\u2013-13-150x150.png 150w, https:\/\/eraclitea.it\/it\/wp-content\/uploads\/2021\/03\/Tavola-da-disegno-\u2013-13-100x100.png 100w, https:\/\/eraclitea.it\/it\/wp-content\/uploads\/2021\/03\/Tavola-da-disegno-\u2013-13-64x64.png 64w, https:\/\/eraclitea.it\/it\/wp-content\/uploads\/2021\/03\/Tavola-da-disegno-\u2013-13.png 400w\" sizes=\"(max-width: 39px) 100vw, 39px\" \/><\/a><\/td>\n<td style=\"width: 147.841px;\">\n<h4>N. Partecipanti:<\/h4>\n<\/td>\n<td style=\"width: 515.114px;\">Nessun limite<\/td>\n<\/tr>\n<tr>\n<td style=\"width: 38.75px;\"><a href=\"https:\/\/eraclitea.it\/it\/wp-content\/uploads\/2021\/04\/Tavola-da-disegno-\u2013-13-2.png\"><img loading=\"lazy\" decoding=\"async\" class=\"alignnone size-medium wp-image-5967\" src=\"https:\/\/eraclitea.it\/it\/wp-content\/uploads\/2021\/04\/Tavola-da-disegno-\u2013-13-2-300x300.png\" alt=\"\" width=\"300\" height=\"300\" \/><\/a><\/td>\n<td style=\"width: 147.841px;\">\n<h4>A chi \u00e8 rivolto:<\/h4>\n<\/td>\n<td style=\"width: 515.114px;\">Personale addetto alla gestione e all&#8217;esecuzione dei lavori elettrici;<br \/>\nResponsabili tecnici e\/o Datori di lavoro.<\/td>\n<\/tr>\n<\/tbody>\n<\/table>\n<p>&nbsp;<\/p>\n<p>&nbsp;<\/p>\n<p>Il corso si rivolge agli installatori, ai manutentori o a quanti devono essere impegnati in un\u2019attivit\u00e0 per la quale \u00e8 necessario eseguire lavori su impianti elettrici sia fuori tensione, in prossimit\u00e0 o sotto tensione per tensione fino 1000 V in c.a. e 1500 V in c.c., sia lavori in prossimit\u00e0 o fuori tensione su impianti in alta tensione. Il corso si rivolge anche ad operatori che devono gestire lavori in presenza di parti attive non protette o non sufficientemente protette a distanze inferiori a quelle indicate dal D.Lgs. 81\/2008 tab 1 All. IX.<\/p>\n<h3><\/h3>\n<h3><\/h3>\n<h3>Qualifiche PES PAV PEI<\/h3>\n<p>Dopo la formazione i partecipanti potranno essere qualificati dal proprio datore di lavoro come \u201cpersona avvertita (PAV) \u201d, \u201cpersona esperta (PES) \u201d e \u201cidonea ai lavori elettrici in tensione\u201d ai sensi delle norme CEI 11-27, CEI EN 50110-1 e CEI EN 50110-2 (CEI 11-48 e CEI 11-49).<\/p>\n<p>&nbsp;<\/p>\n<h3><span style=\"color: #333333; font-size: 22px;\">Obiettivi corso\u00a0<\/span><\/h3>\n<ul>\n<li>Classificazione degli operatori, con attestato rilasciato dal datore di lavoro, come:<\/li>\n<li>persona Esperta (PES)<\/li>\n<li>persona Avvertita (PAV)<\/li>\n<li>persona idonea (PEI)<\/li>\n<\/ul>\n<h3><\/h3>\n<h3><span style=\"color: #333333; font-size: 22px;\">Programma<\/span><\/h3>\n<p data-favro-document-key=\"ce142eac30d3897a963e2873\" data-pm-slice=\"1 1 []\"><span class=\"author\" data-authorid=\"4xCmhw2jqkecySM9c\"><div class='et-learn-more clearfix'>\n\t\t\t\t\t<h3 class='heading-more'>MODULO FORMATIVO<span class='et_learnmore_arrow'><span><\/span><\/span><\/h3>\n\t\t\t\t\t<div class='learn-more-content'><\/span><\/p>\n<ul>\n<li class=\"viewLI BLOBAlignJustify\">\n<div>Principali disposizioni legislative in materia di sicurezza per i lavori elettrici;<\/div>\n<\/li>\n<li class=\"viewLI BLOBAlignJustify\">\n<div>Norme CEI EN 50110-1, CEI EN 50110-2 e CEI 11-27;<\/div>\n<\/li>\n<li class=\"viewLI BLOBAlignJustify\">\n<div>Scelta dell&#8217;attrezzatura e dei DPI, la marcatura CE, la conservazione;<\/div>\n<\/li>\n<li class=\"viewLI BLOBAlignJustify\">\n<div>Arco elettrico e i suoi effetti;<\/div>\n<\/li>\n<li class=\"viewLI BLOBAlignJustify\">\n<div>Effetti sul corpo umano dovuti all&#8217;elettricit\u00e0 e nozioni di pronto soccorso;<\/div>\n<\/li>\n<li class=\"viewLI BLOBAlignJustify\">\n<div>Criteri di sicurezza nella predisposizione dell&#8217;area di lavoro;<\/div>\n<\/li>\n<li class=\"viewLI BLOBAlignJustify\">\n<div>Criteri generali di sicurezza, caratteristiche dei componenti elettrici su cui si pu\u00f2 intervenire nei lavori sotto tensione;<\/div>\n<\/li>\n<li class=\"viewLI BLOBAlignJustify\">\n<div>Attrezzatura e DPI: particolarit\u00e0 per i lavori sotto tensione.<\/div>\n<\/li>\n<\/ul><\/div>\n\t\t\t\t<\/div><\/p>\n<h3>Certificazione<\/h3>\n<p>Al termine dell&#8217;attivit\u00e0 formativa e dopo aver sostenuto con esito positivo la verifica finale mediante test a risposta multipla verr\u00e0 rilasciato un <strong>attestato di frequenza valido ai sensi della normativa vigente in materia.<\/strong><\/p>\n<p>&nbsp;<\/p>\n<p>&nbsp;<\/p>\n","protected":false},"excerpt":{"rendered":"<h4>16 ore<\/h4>\n<p>La formazione per elettricisti addetti ai lavori di installazione e manutenzione degli impianti elettrici che intendono conseguire la qualifica di PES\/PAV\/PEI. Norma CEI 11-27:2021.<\/p>\n","protected":false},"featured_media":5855,"comment_status":"open","ping_status":"closed","template":"","meta":{"_et_pb_use_builder":"off","_et_pb_old_content":"OBIETTIVI DEL CORSO\r\n\r\nIl corso di qualifica per Operatore Socio Sanitario \u00e8 volto a formare operatori in grado di intervenire nelle situazioni caratterizzate da mancanza temporanea e\/o permanente di autonomia psicofisica. Grazie alla formazione teorico-pratica e al tirocinio pratico, gli allievi avranno l\u2019opportunit\u00e0 di sviluppare competenze professionali volte a:\r\n<ul>\r\n \t<li>identificare, classificare ed interpretare le problematiche delle diverse tipologie di utenze (minori, anziani, persone con disabilit\u00e0, pazienti oncologici);<\/li>\r\n \t<li>conoscere l\u2019organizzazione dei servizi sociali e sanitari; acquisire elementi di igiene e prevenzione e di anatomia, fisiologia e dietetica;<\/li>\r\n \t<li>identificare gli elementi necessari alla pianificazione dell\u2019assistenza e applicare le conoscenze acquisite per mantenere un ambiente terapeutico adeguato alla cura della persona e per applicare le diverse metodologie operative di carattere sanitario sugli assistiti.<\/li>\r\n<\/ul>\r\nIL CORSO E\u2019 ACCREDITATO DALLA REGIONE SICILIANA, ASSESSORATO ALLA SALUTE, AI SENSI DEL DECRETO DEL 12 AGOSTO 2020 (GURS N. 45\/2020) e ACCORDO STATO REGIONI DEL 22 FEBBRAIO 2001.\r\n\r\nPROGRAMMA \u2013 le materie di insegnamento sono articolate nelle seguenti aree disciplinari","_et_gb_content_width":"","_joinchat":[]},"product_brand":[],"product_cat":[47,36],"product_tag":[],"class_list":{"0":"post-5818","1":"product","2":"type-product","3":"status-publish","4":"has-post-thumbnail","6":"product_cat-online","7":"product_cat-sicurezza-sul-lavoro","9":"first","10":"instock","11":"shipping-taxable","12":"product-type-simple"},"yoast_head":"<!-- This site is optimized with the Yoast SEO plugin v27.0 - https:\/\/yoast.com\/product\/yoast-seo-wordpress\/ -->\n<title>Addetto allo svolgimento di lavori elettrici PES - PAV - PEI &quot;Norma CEI 11-27:2025&quot; - Accademia Eraclitea<\/title>\n<meta name=\"robots\" content=\"index, follow, max-snippet:-1, max-image-preview:large, max-video-preview:-1\" \/>\n<link rel=\"canonical\" href=\"https:\/\/eraclitea.it\/it\/prodotto\/addetto-allo-svolgimento-di-lavori-elettrici-pes-pav-pei-norma-cei-11-272021-2\/\" \/>\n<meta property=\"og:locale\" content=\"it_IT\" \/>\n<meta property=\"og:type\" content=\"article\" \/>\n<meta property=\"og:title\" content=\"Addetto allo svolgimento di lavori elettrici PES - PAV - PEI &quot;Norma CEI 11-27:2025&quot; - Accademia Eraclitea\" \/>\n<meta property=\"og:description\" content=\"16 ore La formazione per elettricisti addetti ai lavori di installazione e manutenzione degli impianti elettrici che intendono conseguire la qualifica di PES\/PAV\/PEI. Norma CEI 11-27:2021.\" \/>\n<meta property=\"og:url\" content=\"https:\/\/eraclitea.it\/it\/prodotto\/addetto-allo-svolgimento-di-lavori-elettrici-pes-pav-pei-norma-cei-11-272021-2\/\" \/>\n<meta property=\"og:site_name\" content=\"Accademia Eraclitea\" \/>\n<meta property=\"article:modified_time\" content=\"2026-03-28T17:45:38+00:00\" \/>\n<meta property=\"og:image\" content=\"https:\/\/eraclitea.it\/it\/wp-content\/uploads\/2021\/05\/Corso-per-addetto-allo-svolgimento-di-lavori-elettrici-PES-PAV-PEI@2x.png\" \/>\n\t<meta property=\"og:image:width\" content=\"350\" \/>\n\t<meta property=\"og:image:height\" content=\"200\" \/>\n\t<meta property=\"og:image:type\" content=\"image\/png\" \/>\n<meta name=\"twitter:card\" content=\"summary_large_image\" \/>\n<meta name=\"twitter:label1\" content=\"Tempo di lettura stimato\" \/>\n\t<meta name=\"twitter:data1\" content=\"3 minuti\" \/>\n<script type=\"application\/ld+json\" class=\"yoast-schema-graph\">{\"@context\":\"https:\/\/schema.org\",\"@graph\":[{\"@type\":\"WebPage\",\"@id\":\"https:\/\/eraclitea.it\/it\/prodotto\/addetto-allo-svolgimento-di-lavori-elettrici-pes-pav-pei-norma-cei-11-272021-2\/\",\"url\":\"https:\/\/eraclitea.it\/it\/prodotto\/addetto-allo-svolgimento-di-lavori-elettrici-pes-pav-pei-norma-cei-11-272021-2\/\",\"name\":\"Addetto allo svolgimento di lavori elettrici PES - PAV - PEI \\\"Norma CEI 11-27:2025\\\" - Accademia Eraclitea\",\"isPartOf\":{\"@id\":\"https:\/\/eraclitea.it\/it\/#website\"},\"primaryImageOfPage\":{\"@id\":\"https:\/\/eraclitea.it\/it\/prodotto\/addetto-allo-svolgimento-di-lavori-elettrici-pes-pav-pei-norma-cei-11-272021-2\/#primaryimage\"},\"image\":{\"@id\":\"https:\/\/eraclitea.it\/it\/prodotto\/addetto-allo-svolgimento-di-lavori-elettrici-pes-pav-pei-norma-cei-11-272021-2\/#primaryimage\"},\"thumbnailUrl\":\"https:\/\/eraclitea.it\/it\/wp-content\/uploads\/2021\/05\/Corso-per-addetto-allo-svolgimento-di-lavori-elettrici-PES-PAV-PEI@2x.png\",\"datePublished\":\"2021-05-07T08:56:43+00:00\",\"dateModified\":\"2026-03-28T17:45:38+00:00\",\"breadcrumb\":{\"@id\":\"https:\/\/eraclitea.it\/it\/prodotto\/addetto-allo-svolgimento-di-lavori-elettrici-pes-pav-pei-norma-cei-11-272021-2\/#breadcrumb\"},\"inLanguage\":\"it-IT\",\"potentialAction\":[{\"@type\":\"ReadAction\",\"target\":[\"https:\/\/eraclitea.it\/it\/prodotto\/addetto-allo-svolgimento-di-lavori-elettrici-pes-pav-pei-norma-cei-11-272021-2\/\"]}]},{\"@type\":\"ImageObject\",\"inLanguage\":\"it-IT\",\"@id\":\"https:\/\/eraclitea.it\/it\/prodotto\/addetto-allo-svolgimento-di-lavori-elettrici-pes-pav-pei-norma-cei-11-272021-2\/#primaryimage\",\"url\":\"https:\/\/eraclitea.it\/it\/wp-content\/uploads\/2021\/05\/Corso-per-addetto-allo-svolgimento-di-lavori-elettrici-PES-PAV-PEI@2x.png\",\"contentUrl\":\"https:\/\/eraclitea.it\/it\/wp-content\/uploads\/2021\/05\/Corso-per-addetto-allo-svolgimento-di-lavori-elettrici-PES-PAV-PEI@2x.png\",\"width\":350,\"height\":200},{\"@type\":\"BreadcrumbList\",\"@id\":\"https:\/\/eraclitea.it\/it\/prodotto\/addetto-allo-svolgimento-di-lavori-elettrici-pes-pav-pei-norma-cei-11-272021-2\/#breadcrumb\",\"itemListElement\":[{\"@type\":\"ListItem\",\"position\":1,\"name\":\"Home\",\"item\":\"https:\/\/eraclitea.it\/it\/\"},{\"@type\":\"ListItem\",\"position\":2,\"name\":\"Corsi\",\"item\":\"https:\/\/eraclitea.it\/it\/corsi\/\"},{\"@type\":\"ListItem\",\"position\":3,\"name\":\"Addetto allo svolgimento di lavori elettrici PES &#8211; PAV &#8211; PEI &#8220;Norma CEI 11-27:2025&#8221;\"}]},{\"@type\":\"WebSite\",\"@id\":\"https:\/\/eraclitea.it\/it\/#website\",\"url\":\"https:\/\/eraclitea.it\/it\/\",\"name\":\"Accademia Eraclitea\",\"description\":\"Ente di Ricerca e di Alta Formazione Accreditato\",\"potentialAction\":[{\"@type\":\"SearchAction\",\"target\":{\"@type\":\"EntryPoint\",\"urlTemplate\":\"https:\/\/eraclitea.it\/it\/?s={search_term_string}\"},\"query-input\":{\"@type\":\"PropertyValueSpecification\",\"valueRequired\":true,\"valueName\":\"search_term_string\"}}],\"inLanguage\":\"it-IT\"}]}<\/script>\n<!-- \/ Yoast SEO plugin. -->","yoast_head_json":{"title":"Addetto allo svolgimento di lavori elettrici PES - PAV - PEI \"Norma CEI 11-27:2025\" - Accademia Eraclitea","robots":{"index":"index","follow":"follow","max-snippet":"max-snippet:-1","max-image-preview":"max-image-preview:large","max-video-preview":"max-video-preview:-1"},"canonical":"https:\/\/eraclitea.it\/it\/prodotto\/addetto-allo-svolgimento-di-lavori-elettrici-pes-pav-pei-norma-cei-11-272021-2\/","og_locale":"it_IT","og_type":"article","og_title":"Addetto allo svolgimento di lavori elettrici PES - PAV - PEI \"Norma CEI 11-27:2025\" - Accademia Eraclitea","og_description":"16 ore La formazione per elettricisti addetti ai lavori di installazione e manutenzione degli impianti elettrici che intendono conseguire la qualifica di PES\/PAV\/PEI. Norma CEI 11-27:2021.","og_url":"https:\/\/eraclitea.it\/it\/prodotto\/addetto-allo-svolgimento-di-lavori-elettrici-pes-pav-pei-norma-cei-11-272021-2\/","og_site_name":"Accademia Eraclitea","article_modified_time":"2026-03-28T17:45:38+00:00","og_image":[{"width":350,"height":200,"url":"https:\/\/eraclitea.it\/it\/wp-content\/uploads\/2021\/05\/Corso-per-addetto-allo-svolgimento-di-lavori-elettrici-PES-PAV-PEI@2x.png","type":"image\/png"}],"twitter_card":"summary_large_image","twitter_misc":{"Tempo di lettura stimato":"3 minuti"},"schema":{"@context":"https:\/\/schema.org","@graph":[{"@type":"WebPage","@id":"https:\/\/eraclitea.it\/it\/prodotto\/addetto-allo-svolgimento-di-lavori-elettrici-pes-pav-pei-norma-cei-11-272021-2\/","url":"https:\/\/eraclitea.it\/it\/prodotto\/addetto-allo-svolgimento-di-lavori-elettrici-pes-pav-pei-norma-cei-11-272021-2\/","name":"Addetto allo svolgimento di lavori elettrici PES - PAV - PEI \"Norma CEI 11-27:2025\" - Accademia Eraclitea","isPartOf":{"@id":"https:\/\/eraclitea.it\/it\/#website"},"primaryImageOfPage":{"@id":"https:\/\/eraclitea.it\/it\/prodotto\/addetto-allo-svolgimento-di-lavori-elettrici-pes-pav-pei-norma-cei-11-272021-2\/#primaryimage"},"image":{"@id":"https:\/\/eraclitea.it\/it\/prodotto\/addetto-allo-svolgimento-di-lavori-elettrici-pes-pav-pei-norma-cei-11-272021-2\/#primaryimage"},"thumbnailUrl":"https:\/\/eraclitea.it\/it\/wp-content\/uploads\/2021\/05\/Corso-per-addetto-allo-svolgimento-di-lavori-elettrici-PES-PAV-PEI@2x.png","datePublished":"2021-05-07T08:56:43+00:00","dateModified":"2026-03-28T17:45:38+00:00","breadcrumb":{"@id":"https:\/\/eraclitea.it\/it\/prodotto\/addetto-allo-svolgimento-di-lavori-elettrici-pes-pav-pei-norma-cei-11-272021-2\/#breadcrumb"},"inLanguage":"it-IT","potentialAction":[{"@type":"ReadAction","target":["https:\/\/eraclitea.it\/it\/prodotto\/addetto-allo-svolgimento-di-lavori-elettrici-pes-pav-pei-norma-cei-11-272021-2\/"]}]},{"@type":"ImageObject","inLanguage":"it-IT","@id":"https:\/\/eraclitea.it\/it\/prodotto\/addetto-allo-svolgimento-di-lavori-elettrici-pes-pav-pei-norma-cei-11-272021-2\/#primaryimage","url":"https:\/\/eraclitea.it\/it\/wp-content\/uploads\/2021\/05\/Corso-per-addetto-allo-svolgimento-di-lavori-elettrici-PES-PAV-PEI@2x.png","contentUrl":"https:\/\/eraclitea.it\/it\/wp-content\/uploads\/2021\/05\/Corso-per-addetto-allo-svolgimento-di-lavori-elettrici-PES-PAV-PEI@2x.png","width":350,"height":200},{"@type":"BreadcrumbList","@id":"https:\/\/eraclitea.it\/it\/prodotto\/addetto-allo-svolgimento-di-lavori-elettrici-pes-pav-pei-norma-cei-11-272021-2\/#breadcrumb","itemListElement":[{"@type":"ListItem","position":1,"name":"Home","item":"https:\/\/eraclitea.it\/it\/"},{"@type":"ListItem","position":2,"name":"Corsi","item":"https:\/\/eraclitea.it\/it\/corsi\/"},{"@type":"ListItem","position":3,"name":"Addetto allo svolgimento di lavori elettrici PES &#8211; PAV &#8211; PEI &#8220;Norma CEI 11-27:2025&#8221;"}]},{"@type":"WebSite","@id":"https:\/\/eraclitea.it\/it\/#website","url":"https:\/\/eraclitea.it\/it\/","name":"Accademia Eraclitea","description":"Ente di Ricerca e di Alta Formazione Accreditato","potentialAction":[{"@type":"SearchAction","target":{"@type":"EntryPoint","urlTemplate":"https:\/\/eraclitea.it\/it\/?s={search_term_string}"},"query-input":{"@type":"PropertyValueSpecification","valueRequired":true,"valueName":"search_term_string"}}],"inLanguage":"it-IT"}]}},"jetpack_sharing_enabled":true,"_links":{"self":[{"href":"https:\/\/eraclitea.it\/it\/wp-json\/wp\/v2\/product\/5818","targetHints":{"allow":["GET"]}}],"collection":[{"href":"https:\/\/eraclitea.it\/it\/wp-json\/wp\/v2\/product"}],"about":[{"href":"https:\/\/eraclitea.it\/it\/wp-json\/wp\/v2\/types\/product"}],"replies":[{"embeddable":true,"href":"https:\/\/eraclitea.it\/it\/wp-json\/wp\/v2\/comments?post=5818"}],"wp:featuredmedia":[{"embeddable":true,"href":"https:\/\/eraclitea.it\/it\/wp-json\/wp\/v2\/media\/5855"}],"wp:attachment":[{"href":"https:\/\/eraclitea.it\/it\/wp-json\/wp\/v2\/media?parent=5818"}],"wp:term":[{"taxonomy":"product_brand","embeddable":true,"href":"https:\/\/eraclitea.it\/it\/wp-json\/wp\/v2\/product_brand?post=5818"},{"taxonomy":"product_cat","embeddable":true,"href":"https:\/\/eraclitea.it\/it\/wp-json\/wp\/v2\/product_cat?post=5818"},{"taxonomy":"product_tag","embeddable":true,"href":"https:\/\/eraclitea.it\/it\/wp-json\/wp\/v2\/product_tag?post=5818"}],"curies":[{"name":"wp","href":"https:\/\/api.w.org\/{rel}","templated":true}]}}