{"id":5757,"date":"2021-05-03T16:24:47","date_gmt":"2021-05-03T16:24:47","guid":{"rendered":"https:\/\/eraclitea.it\/it\/?post_type=product&#038;p=5757"},"modified":"2024-02-16T12:34:52","modified_gmt":"2024-02-16T12:34:52","slug":"curatore-commissario-giudiziale-liquidatore-e-componente-ocri","status":"publish","type":"product","link":"https:\/\/eraclitea.it\/it\/prodotto\/curatore-commissario-giudiziale-liquidatore-e-componente-ocri\/","title":{"rendered":"Curatore, Commissario Giudiziale, Liquidatore e Componente OCRI"},"content":{"rendered":"<div>\n<table style=\"border: 0px; height: 244px; width: 721px;\">\n<tbody>\n<tr>\n<td style=\"width: 38.75px;\"><a href=\"https:\/\/eraclitea.it\/it\/wp-content\/uploads\/2021\/01\/orolo2.png\"><img loading=\"lazy\" decoding=\"async\" class=\"alignnone wp-image-887 \" src=\"https:\/\/eraclitea.it\/it\/wp-content\/uploads\/2021\/03\/tempo.png\" alt=\"\" width=\"33\" height=\"33\" \/><\/a><\/td>\n<td style=\"width: 147.841px;\">\n<h4 class=\"et_pb_module_header\">Durata del corso:<\/h4>\n<\/td>\n<td style=\"width: 515.114px;\">40 Ore (anche on line)<\/td>\n<\/tr>\n<tr>\n<td style=\"width: 38.75px;\"><a href=\"https:\/\/eraclitea.it\/it\/wp-content\/uploads\/2021\/03\/Tavola-da-disegno-\u2013-13.png\"><img loading=\"lazy\" decoding=\"async\" class=\"alignnone wp-image-3710 \" src=\"https:\/\/eraclitea.it\/it\/wp-content\/uploads\/2021\/03\/Tavola-da-disegno-\u2013-13-300x300.png\" alt=\"\" width=\"39\" height=\"39\" srcset=\"https:\/\/eraclitea.it\/it\/wp-content\/uploads\/2021\/03\/Tavola-da-disegno-\u2013-13-300x300.png 300w, https:\/\/eraclitea.it\/it\/wp-content\/uploads\/2021\/03\/Tavola-da-disegno-\u2013-13-150x150.png 150w, https:\/\/eraclitea.it\/it\/wp-content\/uploads\/2021\/03\/Tavola-da-disegno-\u2013-13-100x100.png 100w, https:\/\/eraclitea.it\/it\/wp-content\/uploads\/2021\/03\/Tavola-da-disegno-\u2013-13-64x64.png 64w, https:\/\/eraclitea.it\/it\/wp-content\/uploads\/2021\/03\/Tavola-da-disegno-\u2013-13.png 400w\" sizes=\"(max-width: 39px) 100vw, 39px\" \/><\/a><\/td>\n<td style=\"width: 147.841px;\">\n<h4>N. Partecipanti:<\/h4>\n<\/td>\n<td style=\"width: 515.114px;\">20 Max (il limite \u00e8 per i corsi in aula)<\/td>\n<\/tr>\n<tr>\n<td style=\"width: 38.75px;\"><a href=\"https:\/\/eraclitea.it\/it\/wp-content\/uploads\/2021\/04\/Tavola-da-disegno-\u2013-13-2.png\"><img loading=\"lazy\" decoding=\"async\" class=\"alignnone size-medium wp-image-5967\" src=\"https:\/\/eraclitea.it\/it\/wp-content\/uploads\/2021\/04\/Tavola-da-disegno-\u2013-13-2-300x300.png\" alt=\"\" width=\"300\" height=\"300\" \/><\/a><\/td>\n<td style=\"width: 147.841px;\">\n<h4>A chi \u00e8 rivolto:<\/h4>\n<\/td>\n<td style=\"width: 515.114px;\">avvocati, dottori commercialisti ed esperti contabili \u2013 sez. A e dei consulenti del lavoro.<\/td>\n<\/tr>\n<\/tbody>\n<\/table>\n<\/div>\n<p>&nbsp;<\/p>\n<p>Il Corso d<strong>i <\/strong>perfezionamento professionale per<strong> \u201cCuratore, Commissario Giudiziale, Liquidatore e Componente OCRI\u201d, <\/strong>svolto ai sensi del Codice della Crisi e dell\u2019insolvenza, \u00e8 di durata pari a 40 ore ed \u00e8 erogato in conformit\u00e0 al Codice della crisi d\u2019impresa e dell\u2019insolvenza, introdotto con D.lgs. n. 14\/2019 e recentemente modificato dal D.lgs. n. 147\/2020.<\/p>\n<h3><\/h3>\n<p>&nbsp;<\/p>\n<h3>Obiettivi<\/h3>\n<p>Iscrizione nell\u2019Albo dei gestori della crisi e insolvenza delle imprese istituito presso il Ministero della Giustizia.<\/p>\n<p>&nbsp;<\/p>\n<h3>Programma Corso<\/h3>\n<div class='et-learn-more clearfix'>\n\t\t\t\t\t<h3 class='heading-more'>SINTESI <span class='et_learnmore_arrow'><span><\/span><\/span><\/h3>\n\t\t\t\t\t<div class='learn-more-content'><ul>\n<li>il codice della crisi e dell&#8217;insolvenza: struttura e finalit\u00e0 della riforma;<\/li>\n<li>tematiche giuridiche generali riguardanti la prededucibilit\u00e0 dei crediti;<\/li>\n<li>le misure di allerta: l&#8217;approccio preventivo alla crisi d&#8217;impresa; indici e indicatori della crisi;<\/li>\n<li>allerta interna ed esterna; gli OCRI e la procedura di composizione assistita della crisi;<\/li>\n<li>il procedimento unitario di regolazione della crisi e l&#8217;accesso alle procedure di regolazione della crisi o dell&#8217;insolvenza<\/li>\n<li>le impugnazioni. le misure cautelari e protettive; gli strumenti di regolazione della crisi e dell\u2019insolvenza; procedure di composizione delle crisi da sovraindebitamento;<\/li>\n<li>il concordato preventivo nella duplice connotazione giuridica ed aziendalistica; modelli di risanamento imprenditoriale;<\/li>\n<li>la liquidazione giudiziale;<\/li>\n<li>i profili penalistici del settore concorsuale; la normativa comunitaria in materia e, in particolare, la direttiva (ue) 2019\/1023 del 26 giugno 2019 sulla ristrutturazione e sull&#8217;insolvenza.<\/li>\n<\/ul><\/div>\n\t\t\t\t<\/div>\n<p>&nbsp;<\/p>\n<h3>Certificazione<\/h3>\n<p>Agli iscritti che avranno superato le prove di verifica intermedie e la prova finale verr\u00e0 rilasciato l\u2019Attestato del Corso di Perfezionamento professionale di\u00a0\u00a0<span class=\"wysiwyg-font-size-small\"><b>Curatore<\/b>,\u00a0<b>Commissario Giudiziale<\/b>,\u00a0<b>Liquidatore\u00a0e Componente del Collegio dell\u2019OCRI<\/b>\u00a0nelle procedure previste dal Codice della Crisi d\u2019impresa e dell\u2019Insolvenza, a<\/span><span class=\"wysiwyg-font-size-small\">i sensi dell\u2019art. 356\u00a0del D.lgs. n. 14\/2019 e successive modifiche e integrazioni introdotte dal D.lgs. 147\/2020<\/span>.<\/p>\n","protected":false},"excerpt":{"rendered":"<h4>40 ore (on line)<\/h4>\n<p>Valido per scrizione nell\u2019Albo dei gestori della crisi e insolvenza delle imprese istituito presso il Ministero della Giustizia<\/p>\n","protected":false},"featured_media":5760,"comment_status":"open","ping_status":"closed","template":"","meta":{"_et_pb_use_builder":"off","_et_pb_old_content":"OBIETTIVI DEL CORSO\r\n\r\nIl corso di qualifica per Operatore Socio Sanitario \u00e8 volto a formare operatori in grado di intervenire nelle situazioni caratterizzate da mancanza temporanea e\/o permanente di autonomia psicofisica. Grazie alla formazione teorico-pratica e al tirocinio pratico, gli allievi avranno l\u2019opportunit\u00e0 di sviluppare competenze professionali volte a:\r\n<ul>\r\n \t<li>identificare, classificare ed interpretare le problematiche delle diverse tipologie di utenze (minori, anziani, persone con disabilit\u00e0, pazienti oncologici);<\/li>\r\n \t<li>conoscere l\u2019organizzazione dei servizi sociali e sanitari; acquisire elementi di igiene e prevenzione e di anatomia, fisiologia e dietetica;<\/li>\r\n \t<li>identificare gli elementi necessari alla pianificazione dell\u2019assistenza e applicare le conoscenze acquisite per mantenere un ambiente terapeutico adeguato alla cura della persona e per applicare le diverse metodologie operative di carattere sanitario sugli assistiti.<\/li>\r\n<\/ul>\r\nIL CORSO E\u2019 ACCREDITATO DALLA REGIONE SICILIANA, ASSESSORATO ALLA SALUTE, AI SENSI DEL DECRETO DEL 12 AGOSTO 2020 (GURS N. 45\/2020) e ACCORDO STATO REGIONI DEL 22 FEBBRAIO 2001.\r\n\r\nPROGRAMMA \u2013 le materie di insegnamento sono articolate nelle seguenti aree disciplinari","_et_gb_content_width":"","_joinchat":[]},"product_brand":[],"product_cat":[49,25,47,48],"product_tag":[70],"class_list":{"0":"post-5757","1":"product","2":"type-product","3":"status-publish","4":"has-post-thumbnail","6":"product_cat-finanziaria","7":"product_cat-giuridica","8":"product_cat-online","9":"product_cat-primo-piano","10":"product_tag-giuridica","12":"first","13":"instock","14":"shipping-taxable","15":"purchasable","16":"product-type-simple"},"yoast_head":"<!-- This site is optimized with the Yoast SEO plugin v27.0 - https:\/\/yoast.com\/product\/yoast-seo-wordpress\/ -->\n<title>Curatore, Commissario Giudiziale, Liquidatore e Componente OCRI - Accademia Eraclitea<\/title>\n<meta name=\"robots\" content=\"index, follow, max-snippet:-1, max-image-preview:large, max-video-preview:-1\" \/>\n<link rel=\"canonical\" href=\"https:\/\/eraclitea.it\/it\/prodotto\/curatore-commissario-giudiziale-liquidatore-e-componente-ocri\/\" \/>\n<meta property=\"og:locale\" content=\"it_IT\" \/>\n<meta property=\"og:type\" content=\"article\" \/>\n<meta property=\"og:title\" content=\"Curatore, Commissario Giudiziale, Liquidatore e Componente OCRI - Accademia Eraclitea\" \/>\n<meta property=\"og:description\" content=\"40 ore (on line) Valido per scrizione nell\u2019Albo dei gestori della crisi e insolvenza delle imprese istituito presso il Ministero della Giustizia\" \/>\n<meta property=\"og:url\" content=\"https:\/\/eraclitea.it\/it\/prodotto\/curatore-commissario-giudiziale-liquidatore-e-componente-ocri\/\" \/>\n<meta property=\"og:site_name\" content=\"Accademia Eraclitea\" \/>\n<meta property=\"article:modified_time\" content=\"2024-02-16T12:34:52+00:00\" \/>\n<meta property=\"og:image\" content=\"https:\/\/eraclitea.it\/it\/wp-content\/uploads\/2021\/05\/liquidatore-giudiziale.jpg\" \/>\n\t<meta property=\"og:image:width\" content=\"300\" \/>\n\t<meta property=\"og:image:height\" content=\"200\" \/>\n\t<meta property=\"og:image:type\" content=\"image\/jpeg\" \/>\n<meta name=\"twitter:card\" content=\"summary_large_image\" \/>\n<meta name=\"twitter:label1\" content=\"Tempo di lettura stimato\" \/>\n\t<meta name=\"twitter:data1\" content=\"3 minuti\" \/>\n<script type=\"application\/ld+json\" class=\"yoast-schema-graph\">{\"@context\":\"https:\/\/schema.org\",\"@graph\":[{\"@type\":\"WebPage\",\"@id\":\"https:\/\/eraclitea.it\/it\/prodotto\/curatore-commissario-giudiziale-liquidatore-e-componente-ocri\/\",\"url\":\"https:\/\/eraclitea.it\/it\/prodotto\/curatore-commissario-giudiziale-liquidatore-e-componente-ocri\/\",\"name\":\"Curatore, Commissario Giudiziale, Liquidatore e Componente OCRI - Accademia Eraclitea\",\"isPartOf\":{\"@id\":\"https:\/\/eraclitea.it\/it\/#website\"},\"primaryImageOfPage\":{\"@id\":\"https:\/\/eraclitea.it\/it\/prodotto\/curatore-commissario-giudiziale-liquidatore-e-componente-ocri\/#primaryimage\"},\"image\":{\"@id\":\"https:\/\/eraclitea.it\/it\/prodotto\/curatore-commissario-giudiziale-liquidatore-e-componente-ocri\/#primaryimage\"},\"thumbnailUrl\":\"https:\/\/eraclitea.it\/it\/wp-content\/uploads\/2021\/05\/liquidatore-giudiziale.jpg\",\"datePublished\":\"2021-05-03T16:24:47+00:00\",\"dateModified\":\"2024-02-16T12:34:52+00:00\",\"breadcrumb\":{\"@id\":\"https:\/\/eraclitea.it\/it\/prodotto\/curatore-commissario-giudiziale-liquidatore-e-componente-ocri\/#breadcrumb\"},\"inLanguage\":\"it-IT\",\"potentialAction\":[{\"@type\":\"ReadAction\",\"target\":[\"https:\/\/eraclitea.it\/it\/prodotto\/curatore-commissario-giudiziale-liquidatore-e-componente-ocri\/\"]}]},{\"@type\":\"ImageObject\",\"inLanguage\":\"it-IT\",\"@id\":\"https:\/\/eraclitea.it\/it\/prodotto\/curatore-commissario-giudiziale-liquidatore-e-componente-ocri\/#primaryimage\",\"url\":\"https:\/\/eraclitea.it\/it\/wp-content\/uploads\/2021\/05\/liquidatore-giudiziale.jpg\",\"contentUrl\":\"https:\/\/eraclitea.it\/it\/wp-content\/uploads\/2021\/05\/liquidatore-giudiziale.jpg\",\"width\":300,\"height\":200},{\"@type\":\"BreadcrumbList\",\"@id\":\"https:\/\/eraclitea.it\/it\/prodotto\/curatore-commissario-giudiziale-liquidatore-e-componente-ocri\/#breadcrumb\",\"itemListElement\":[{\"@type\":\"ListItem\",\"position\":1,\"name\":\"Home\",\"item\":\"https:\/\/eraclitea.it\/it\/\"},{\"@type\":\"ListItem\",\"position\":2,\"name\":\"Corsi\",\"item\":\"https:\/\/eraclitea.it\/it\/corsi\/\"},{\"@type\":\"ListItem\",\"position\":3,\"name\":\"Curatore, Commissario Giudiziale, Liquidatore e Componente OCRI\"}]},{\"@type\":\"WebSite\",\"@id\":\"https:\/\/eraclitea.it\/it\/#website\",\"url\":\"https:\/\/eraclitea.it\/it\/\",\"name\":\"Accademia Eraclitea\",\"description\":\"Ente di Ricerca e di Alta Formazione Accreditato\",\"potentialAction\":[{\"@type\":\"SearchAction\",\"target\":{\"@type\":\"EntryPoint\",\"urlTemplate\":\"https:\/\/eraclitea.it\/it\/?s={search_term_string}\"},\"query-input\":{\"@type\":\"PropertyValueSpecification\",\"valueRequired\":true,\"valueName\":\"search_term_string\"}}],\"inLanguage\":\"it-IT\"}]}<\/script>\n<!-- \/ Yoast SEO plugin. -->","yoast_head_json":{"title":"Curatore, Commissario Giudiziale, Liquidatore e Componente OCRI - Accademia Eraclitea","robots":{"index":"index","follow":"follow","max-snippet":"max-snippet:-1","max-image-preview":"max-image-preview:large","max-video-preview":"max-video-preview:-1"},"canonical":"https:\/\/eraclitea.it\/it\/prodotto\/curatore-commissario-giudiziale-liquidatore-e-componente-ocri\/","og_locale":"it_IT","og_type":"article","og_title":"Curatore, Commissario Giudiziale, Liquidatore e Componente OCRI - Accademia Eraclitea","og_description":"40 ore (on line) Valido per scrizione nell\u2019Albo dei gestori della crisi e insolvenza delle imprese istituito presso il Ministero della Giustizia","og_url":"https:\/\/eraclitea.it\/it\/prodotto\/curatore-commissario-giudiziale-liquidatore-e-componente-ocri\/","og_site_name":"Accademia Eraclitea","article_modified_time":"2024-02-16T12:34:52+00:00","og_image":[{"width":300,"height":200,"url":"https:\/\/eraclitea.it\/it\/wp-content\/uploads\/2021\/05\/liquidatore-giudiziale.jpg","type":"image\/jpeg"}],"twitter_card":"summary_large_image","twitter_misc":{"Tempo di lettura stimato":"3 minuti"},"schema":{"@context":"https:\/\/schema.org","@graph":[{"@type":"WebPage","@id":"https:\/\/eraclitea.it\/it\/prodotto\/curatore-commissario-giudiziale-liquidatore-e-componente-ocri\/","url":"https:\/\/eraclitea.it\/it\/prodotto\/curatore-commissario-giudiziale-liquidatore-e-componente-ocri\/","name":"Curatore, Commissario Giudiziale, Liquidatore e Componente OCRI - Accademia Eraclitea","isPartOf":{"@id":"https:\/\/eraclitea.it\/it\/#website"},"primaryImageOfPage":{"@id":"https:\/\/eraclitea.it\/it\/prodotto\/curatore-commissario-giudiziale-liquidatore-e-componente-ocri\/#primaryimage"},"image":{"@id":"https:\/\/eraclitea.it\/it\/prodotto\/curatore-commissario-giudiziale-liquidatore-e-componente-ocri\/#primaryimage"},"thumbnailUrl":"https:\/\/eraclitea.it\/it\/wp-content\/uploads\/2021\/05\/liquidatore-giudiziale.jpg","datePublished":"2021-05-03T16:24:47+00:00","dateModified":"2024-02-16T12:34:52+00:00","breadcrumb":{"@id":"https:\/\/eraclitea.it\/it\/prodotto\/curatore-commissario-giudiziale-liquidatore-e-componente-ocri\/#breadcrumb"},"inLanguage":"it-IT","potentialAction":[{"@type":"ReadAction","target":["https:\/\/eraclitea.it\/it\/prodotto\/curatore-commissario-giudiziale-liquidatore-e-componente-ocri\/"]}]},{"@type":"ImageObject","inLanguage":"it-IT","@id":"https:\/\/eraclitea.it\/it\/prodotto\/curatore-commissario-giudiziale-liquidatore-e-componente-ocri\/#primaryimage","url":"https:\/\/eraclitea.it\/it\/wp-content\/uploads\/2021\/05\/liquidatore-giudiziale.jpg","contentUrl":"https:\/\/eraclitea.it\/it\/wp-content\/uploads\/2021\/05\/liquidatore-giudiziale.jpg","width":300,"height":200},{"@type":"BreadcrumbList","@id":"https:\/\/eraclitea.it\/it\/prodotto\/curatore-commissario-giudiziale-liquidatore-e-componente-ocri\/#breadcrumb","itemListElement":[{"@type":"ListItem","position":1,"name":"Home","item":"https:\/\/eraclitea.it\/it\/"},{"@type":"ListItem","position":2,"name":"Corsi","item":"https:\/\/eraclitea.it\/it\/corsi\/"},{"@type":"ListItem","position":3,"name":"Curatore, Commissario Giudiziale, Liquidatore e Componente OCRI"}]},{"@type":"WebSite","@id":"https:\/\/eraclitea.it\/it\/#website","url":"https:\/\/eraclitea.it\/it\/","name":"Accademia Eraclitea","description":"Ente di Ricerca e di Alta Formazione Accreditato","potentialAction":[{"@type":"SearchAction","target":{"@type":"EntryPoint","urlTemplate":"https:\/\/eraclitea.it\/it\/?s={search_term_string}"},"query-input":{"@type":"PropertyValueSpecification","valueRequired":true,"valueName":"search_term_string"}}],"inLanguage":"it-IT"}]}},"jetpack_sharing_enabled":true,"_links":{"self":[{"href":"https:\/\/eraclitea.it\/it\/wp-json\/wp\/v2\/product\/5757","targetHints":{"allow":["GET"]}}],"collection":[{"href":"https:\/\/eraclitea.it\/it\/wp-json\/wp\/v2\/product"}],"about":[{"href":"https:\/\/eraclitea.it\/it\/wp-json\/wp\/v2\/types\/product"}],"replies":[{"embeddable":true,"href":"https:\/\/eraclitea.it\/it\/wp-json\/wp\/v2\/comments?post=5757"}],"wp:featuredmedia":[{"embeddable":true,"href":"https:\/\/eraclitea.it\/it\/wp-json\/wp\/v2\/media\/5760"}],"wp:attachment":[{"href":"https:\/\/eraclitea.it\/it\/wp-json\/wp\/v2\/media?parent=5757"}],"wp:term":[{"taxonomy":"product_brand","embeddable":true,"href":"https:\/\/eraclitea.it\/it\/wp-json\/wp\/v2\/product_brand?post=5757"},{"taxonomy":"product_cat","embeddable":true,"href":"https:\/\/eraclitea.it\/it\/wp-json\/wp\/v2\/product_cat?post=5757"},{"taxonomy":"product_tag","embeddable":true,"href":"https:\/\/eraclitea.it\/it\/wp-json\/wp\/v2\/product_tag?post=5757"}],"curies":[{"name":"wp","href":"https:\/\/api.w.org\/{rel}","templated":true}]}}