{"id":4556,"date":"2021-04-01T14:00:56","date_gmt":"2021-04-01T14:00:56","guid":{"rendered":"https:\/\/eraclitea.it\/eracliteait\/?post_type=product&#038;p=4556"},"modified":"2021-05-25T13:45:42","modified_gmt":"2021-05-25T13:45:42","slug":"cameriere-di-sala-e-ai-piani","status":"publish","type":"product","link":"https:\/\/eraclitea.it\/it\/prodotto\/cameriere-di-sala-e-ai-piani\/","title":{"rendered":"Cameriere di sala e ai piani"},"content":{"rendered":"<div class=\"et_pb_module et_pb_blurb et_pb_blurb_1_tb_body et_pb_text_align_left et_pb_blurb_position_left et_pb_bg_layout_light\">\n<div>\n<table style=\"width: 570px;\">\n<tbody>\n<tr style=\"height: 40px;\">\n<td style=\"width: 46px; height: 50px;\">\n<h4 class=\"et_pb_module_header\"><a href=\"https:\/\/eraclitea.it\/it\/wp-content\/uploads\/2021\/01\/orolo2.png\"><img loading=\"lazy\" decoding=\"async\" class=\"alignnone wp-image-887 \" src=\"https:\/\/eraclitea.it\/it\/wp-content\/uploads\/2021\/03\/tempo.png\" alt=\"\" width=\"33\" height=\"33\" \/><\/a><\/h4>\n<\/td>\n<td style=\"width: 165.162px; height: 50px;\">\n<h4 class=\"et_pb_module_header\">Durata del corso:<\/h4>\n<\/td>\n<td style=\"width: 396.838px;\">50 ore<\/td>\n<\/tr>\n<tr style=\"height: 40px;\">\n<td style=\"width: 46px; height: 50px;\"><a href=\"https:\/\/eraclitea.it\/it\/wp-content\/uploads\/2021\/03\/Tavola-da-disegno-\u2013-13.png\"><img loading=\"lazy\" decoding=\"async\" class=\"alignnone wp-image-3710 \" src=\"https:\/\/eraclitea.it\/it\/wp-content\/uploads\/2021\/03\/Tavola-da-disegno-\u2013-13-300x300.png\" alt=\"\" width=\"39\" height=\"39\" srcset=\"https:\/\/eraclitea.it\/it\/wp-content\/uploads\/2021\/03\/Tavola-da-disegno-\u2013-13-300x300.png 300w, https:\/\/eraclitea.it\/it\/wp-content\/uploads\/2021\/03\/Tavola-da-disegno-\u2013-13-150x150.png 150w, https:\/\/eraclitea.it\/it\/wp-content\/uploads\/2021\/03\/Tavola-da-disegno-\u2013-13-100x100.png 100w, https:\/\/eraclitea.it\/it\/wp-content\/uploads\/2021\/03\/Tavola-da-disegno-\u2013-13-64x64.png 64w, https:\/\/eraclitea.it\/it\/wp-content\/uploads\/2021\/03\/Tavola-da-disegno-\u2013-13.png 400w\" sizes=\"(max-width: 39px) 100vw, 39px\" \/><\/a><\/td>\n<td style=\"width: 165.162px; height: 50px;\">\n<h4 class=\"et_pb_module_header\">N. Partecipanti:<\/h4>\n<\/td>\n<td style=\"width: 396.838px;\">10<\/td>\n<\/tr>\n<tr style=\"height: 40px;\">\n<td style=\"width: 46px; height: 50px;\"><a href=\"https:\/\/eraclitea.it\/it\/wp-content\/uploads\/2021\/03\/Tavola-daa-disegno-\u2013-13.png\"><img loading=\"lazy\" decoding=\"async\" class=\"alignnone wp-image-3711 \" src=\"https:\/\/eraclitea.it\/it\/wp-content\/uploads\/2021\/03\/Tavola-daa-disegno-\u2013-13-300x300.png\" alt=\"\" width=\"42\" height=\"42\" srcset=\"https:\/\/eraclitea.it\/it\/wp-content\/uploads\/2021\/03\/Tavola-daa-disegno-\u2013-13-300x300.png 300w, https:\/\/eraclitea.it\/it\/wp-content\/uploads\/2021\/03\/Tavola-daa-disegno-\u2013-13-150x150.png 150w, https:\/\/eraclitea.it\/it\/wp-content\/uploads\/2021\/03\/Tavola-daa-disegno-\u2013-13-100x100.png 100w, https:\/\/eraclitea.it\/it\/wp-content\/uploads\/2021\/03\/Tavola-daa-disegno-\u2013-13-64x64.png 64w, https:\/\/eraclitea.it\/it\/wp-content\/uploads\/2021\/03\/Tavola-daa-disegno-\u2013-13.png 400w\" sizes=\"(max-width: 42px) 100vw, 42px\" \/><\/a><\/td>\n<td style=\"width: 165.162px; height: 50px;\">\n<h4 class=\"et_pb_module_header\">A chi \u00e8 rivolto:<\/h4>\n<\/td>\n<td style=\"width: 396.838px;\">Passione per la professione di cameriere di sala e ai piani.<\/td>\n<\/tr>\n<\/tbody>\n<\/table>\n<\/div>\n<\/div>\n<div><\/div>\n<p>&nbsp;<\/p>\n<p>&nbsp;<\/p>\n<div>\n<h3>Obiettivi del corso<\/h3>\n<p>Il mestiere di cameriere di sala e ai piani rappresenta il primo passo all\u2019interno di una professione che pu\u00f2 consentire di crescere rapidamente ed arrivare anche a livelli direttivi (Chef de Rang, Ma\u00eetre, Sommelier, Food &amp; Beverage Manager).<\/p>\n<p>La professione del cameriere di sala e ai piani pu\u00f2 essere facilmente intrapresa da chiunque e, se svolta con passione e dedizione, pu\u00f2 consentire un rapido ingresso nel mondo del lavoro in un settore in continua espansione (come appunto quello relativo ai servizi di ristorazione) e che, a livello internazionale, non conosce crisi.<\/p>\n<p>Il corso fornisce rapidamente e in maniera pratica gli elementi di base per imparare l\u2019arte di servire, di accogliere e di portare con eleganza piatti e bicchieri e quindi formare personale qualificato allo svolgimento in maniera impeccabile di una delle professioni oggi pi\u00f9 ricercate e indispensabili nel settore della ristorazione. Il cameriere \u00e8 la prima persona che incontriamo quando entriamo in un ristorante, ci accoglie, ci serve ai tavoli e cerca di soddisfare tutte le richieste dei clienti: il suo garbo e il suo modo di servire ai tavoli fa la differenza nel successo di un\u2019attivit\u00e0 ristorativa. Il servizio che rende \u00e8 pari sicuramente a quello fornito da un buon cuoco.<\/p>\n<p>Questo corso \u00e8 necessario per acquisire la tecnica, la professionalit\u00e0 e le competenze necessarie e indispensabili. Il corso verr\u00e0 svolto con continue esercitazioni pratiche permettendo di acquisire abilit\u00e0 facilmente spendibili sia per chi vuole intraprendere il mestiere con possibilit\u00e0 di inserimento lavorativo in ristoranti, pizzerie, pub, bar, fast food, alberghi, navi da crociera, wine bar, campeggi, etc., che per chi voglia semplicemente migliorarsi e qualificarsi ulteriormente.<\/p>\n<p>Questo corso \u00e8 adatto per coloro che intendono trovare un impiego come cameriere di sala presso locali quali ristoranti di medio livello, cocktail bar, pub e discoteche. Non \u00e8 necessario avere alcuna esperienza pregressa nel settore per accedere al corso di livello base le cui lezioni, svolte per intero in un\u2019aula dedicata, prevedono una parte sia teorica che (prevalentemente) pratica e possono essere svolte sia nel turno infrasettimanale (dal luned\u00ec al venerd\u00ec della stessa settimana) che in quello del weekend (il sabato e la domenica).<\/p>\n<\/div>\n<h3><\/h3>\n<h3><\/h3>\n<h3>Programma<\/h3>\n<p class=\"p1\"><div class='et-learn-more clearfix'>\n\t\t\t\t\t<h3 class='heading-more'>MODULO 1 <span class='et_learnmore_arrow'><span><\/span><\/span><\/h3>\n\t\t\t\t\t<div class='learn-more-content'><ul>\n<li>La figura dell\u2019operatore di sala\/bar;<\/li>\n<li>L\u2019organizzazione della sala ristorante;<\/li>\n<li>L\u2019organizzazione del reparto bar;<\/li>\n<li>La \u201cmise en place\u201d;<\/li>\n<li>I servizi di sala;<\/li>\n<li>Le lavorazioni di sala: il trancio di pesci e carni;<\/li>\n<li>Taglio di formaggi, dolci e frutta;<\/li>\n<li>Allestimento di un buffet;<\/li>\n<li>L\u2019elaborazione del men\u00f9;<\/li>\n<li>La caffetteria ed il servizio delle prime colazioni;<\/li>\n<li>Gli snack ed i buffet;<\/li>\n<li>I cocktails alcolici ed analcolici;<\/li>\n<li>Il vino e gli spumati: tecniche di assaggio, servizio ed abbinamento ai cibi;<\/li>\n<li>Normative igienico\/sanitarie: HACCP;<\/li>\n<li>Prevenzione e sicurezza sui luoghi di lavoro;<\/li>\n<li>Storia del servizio a tavola;<\/li>\n<li>La figura dell\u2019operatore di sala;<\/li>\n<li>Attrezzature da Lavoro (panadora, cristalleria, posateria, ecc.);<\/li>\n<li>Utilizzo dei vassoi e tecniche di base del servizio;<\/li>\n<li>Aperture vino, spumante, champagne;<\/li>\n<li>Rimpiazzamento posateria;<\/li>\n<li>La comanda (acquisizione, consegna e servizio);<\/li>\n<li>Comportamento in sala (prime regole);<\/li>\n<li>Comportamento verso il cliente;<\/li>\n<li>Comportamento generale durante l\u2019orario lavorativo;<\/li>\n<li>Merceologia di base: digestivi, birra, vino;<\/li>\n<li>Psicologia del cliente;<\/li>\n<li>Sicurezza sul lavoro;<\/li>\n<li>Pulizia e igiene;<\/li>\n<li>Abbigliamento.<\/li>\n<\/ul>\n<p class=\"p1\"><\/div>\n\t\t\t\t<\/div><\/p>\n<h3><\/h3>\n<h3>Informazioni aggiuntive<\/h3>\n<ul>\n<li class=\"title\">FINANZIAMO IL TUO CORSO: l&#8217;intero importo del corso potr\u00e0 essere finanziato con comode rate mensili mediante una societ\u00e0 finanziaria di nostra fiducia.<\/li>\n<\/ul>\n<h3><\/h3>\n<h3><\/h3>\n<h3>Certificazione<\/h3>\n<ul>\n<li>Certificazione HACCP riconosciuto dalla Regione Siciliana;<\/li>\n<li>Attestato di frequenza al corso professionale teorico pratico per gelatiere artigianale.<\/li>\n<\/ul>\n<p>&nbsp;<\/p>\n<p>&nbsp;<\/p>\n<p>&nbsp;<\/p>\n<p>&nbsp;<\/p>\n","protected":false},"excerpt":{"rendered":"<h4>50 ore<\/h4>\n<p>Il mestiere di cameriere di sala e ai piani rappresenta il primo passo all\u2019interno di una professione che pu\u00f2 consentire di crescere rapidamente ed arrivare anche a livelli direttivi (Chef de Rang, Ma\u00eetre, Sommelier, Food &amp; Beverage Manager).<\/p>\n","protected":false},"featured_media":4726,"comment_status":"open","ping_status":"closed","template":"","meta":{"_et_pb_use_builder":"off","_et_pb_old_content":"OBIETTIVI DEL CORSO\r\n\r\nIl corso di qualifica per Operatore Socio Sanitario \u00e8 volto a formare operatori in grado di intervenire nelle situazioni caratterizzate da mancanza temporanea e\/o permanente di autonomia psicofisica. Grazie alla formazione teorico-pratica e al tirocinio pratico, gli allievi avranno l\u2019opportunit\u00e0 di sviluppare competenze professionali volte a:\r\n<ul>\r\n \t<li>identificare, classificare ed interpretare le problematiche delle diverse tipologie di utenze (minori, anziani, persone con disabilit\u00e0, pazienti oncologici);<\/li>\r\n \t<li>conoscere l\u2019organizzazione dei servizi sociali e sanitari; acquisire elementi di igiene e prevenzione e di anatomia, fisiologia e dietetica;<\/li>\r\n \t<li>identificare gli elementi necessari alla pianificazione dell\u2019assistenza e applicare le conoscenze acquisite per mantenere un ambiente terapeutico adeguato alla cura della persona e per applicare le diverse metodologie operative di carattere sanitario sugli assistiti.<\/li>\r\n<\/ul>\r\nIL CORSO E\u2019 ACCREDITATO DALLA REGIONE SICILIANA, ASSESSORATO ALLA SALUTE, AI SENSI DEL DECRETO DEL 12 AGOSTO 2020 (GURS N. 45\/2020) e ACCORDO STATO REGIONI DEL 22 FEBBRAIO 2001.\r\n\r\nPROGRAMMA \u2013 le materie di insegnamento sono articolate nelle seguenti aree disciplinari","_et_gb_content_width":"","_joinchat":[]},"product_brand":[],"product_cat":[109],"product_tag":[],"class_list":{"0":"post-4556","1":"product","2":"type-product","3":"status-publish","4":"has-post-thumbnail","6":"product_cat-accademia-dei-mestieri","8":"first","9":"instock","10":"shipping-taxable","11":"product-type-simple"},"yoast_head":"<!-- This site is optimized with the Yoast SEO plugin v27.0 - https:\/\/yoast.com\/product\/yoast-seo-wordpress\/ -->\n<title>Cameriere di sala e ai piani - Accademia Eraclitea<\/title>\n<meta name=\"robots\" content=\"index, follow, max-snippet:-1, max-image-preview:large, max-video-preview:-1\" \/>\n<link rel=\"canonical\" href=\"https:\/\/eraclitea.it\/it\/prodotto\/cameriere-di-sala-e-ai-piani\/\" \/>\n<meta property=\"og:locale\" content=\"it_IT\" \/>\n<meta property=\"og:type\" content=\"article\" \/>\n<meta property=\"og:title\" content=\"Cameriere di sala e ai piani - Accademia Eraclitea\" \/>\n<meta property=\"og:description\" content=\"50 ore Il mestiere di cameriere di sala e ai piani rappresenta il primo passo all\u2019interno di una professione che pu\u00f2 consentire di crescere rapidamente ed arrivare anche a livelli direttivi (Chef de Rang, Ma\u00eetre, Sommelier, Food &amp; Beverage Manager).\" \/>\n<meta property=\"og:url\" content=\"https:\/\/eraclitea.it\/it\/prodotto\/cameriere-di-sala-e-ai-piani\/\" \/>\n<meta property=\"og:site_name\" content=\"Accademia Eraclitea\" \/>\n<meta property=\"article:modified_time\" content=\"2021-05-25T13:45:42+00:00\" \/>\n<meta property=\"og:image\" content=\"https:\/\/eraclitea.it\/it\/wp-content\/uploads\/2021\/04\/cameriere@2x.png\" \/>\n\t<meta property=\"og:image:width\" content=\"350\" \/>\n\t<meta property=\"og:image:height\" content=\"200\" \/>\n\t<meta property=\"og:image:type\" content=\"image\/png\" \/>\n<meta name=\"twitter:card\" content=\"summary_large_image\" \/>\n<meta name=\"twitter:label1\" content=\"Tempo di lettura stimato\" \/>\n\t<meta name=\"twitter:data1\" content=\"4 minuti\" \/>\n<script type=\"application\/ld+json\" class=\"yoast-schema-graph\">{\"@context\":\"https:\/\/schema.org\",\"@graph\":[{\"@type\":\"WebPage\",\"@id\":\"https:\/\/eraclitea.it\/it\/prodotto\/cameriere-di-sala-e-ai-piani\/\",\"url\":\"https:\/\/eraclitea.it\/it\/prodotto\/cameriere-di-sala-e-ai-piani\/\",\"name\":\"Cameriere di sala e ai piani - Accademia Eraclitea\",\"isPartOf\":{\"@id\":\"https:\/\/eraclitea.it\/it\/#website\"},\"primaryImageOfPage\":{\"@id\":\"https:\/\/eraclitea.it\/it\/prodotto\/cameriere-di-sala-e-ai-piani\/#primaryimage\"},\"image\":{\"@id\":\"https:\/\/eraclitea.it\/it\/prodotto\/cameriere-di-sala-e-ai-piani\/#primaryimage\"},\"thumbnailUrl\":\"https:\/\/eraclitea.it\/it\/wp-content\/uploads\/2021\/04\/cameriere@2x.png\",\"datePublished\":\"2021-04-01T14:00:56+00:00\",\"dateModified\":\"2021-05-25T13:45:42+00:00\",\"breadcrumb\":{\"@id\":\"https:\/\/eraclitea.it\/it\/prodotto\/cameriere-di-sala-e-ai-piani\/#breadcrumb\"},\"inLanguage\":\"it-IT\",\"potentialAction\":[{\"@type\":\"ReadAction\",\"target\":[\"https:\/\/eraclitea.it\/it\/prodotto\/cameriere-di-sala-e-ai-piani\/\"]}]},{\"@type\":\"ImageObject\",\"inLanguage\":\"it-IT\",\"@id\":\"https:\/\/eraclitea.it\/it\/prodotto\/cameriere-di-sala-e-ai-piani\/#primaryimage\",\"url\":\"https:\/\/eraclitea.it\/it\/wp-content\/uploads\/2021\/04\/cameriere@2x.png\",\"contentUrl\":\"https:\/\/eraclitea.it\/it\/wp-content\/uploads\/2021\/04\/cameriere@2x.png\",\"width\":350,\"height\":200},{\"@type\":\"BreadcrumbList\",\"@id\":\"https:\/\/eraclitea.it\/it\/prodotto\/cameriere-di-sala-e-ai-piani\/#breadcrumb\",\"itemListElement\":[{\"@type\":\"ListItem\",\"position\":1,\"name\":\"Home\",\"item\":\"https:\/\/eraclitea.it\/it\/\"},{\"@type\":\"ListItem\",\"position\":2,\"name\":\"Corsi\",\"item\":\"https:\/\/eraclitea.it\/it\/corsi\/\"},{\"@type\":\"ListItem\",\"position\":3,\"name\":\"Cameriere di sala e ai piani\"}]},{\"@type\":\"WebSite\",\"@id\":\"https:\/\/eraclitea.it\/it\/#website\",\"url\":\"https:\/\/eraclitea.it\/it\/\",\"name\":\"Accademia Eraclitea\",\"description\":\"Ente di Ricerca e di Alta Formazione Accreditato\",\"potentialAction\":[{\"@type\":\"SearchAction\",\"target\":{\"@type\":\"EntryPoint\",\"urlTemplate\":\"https:\/\/eraclitea.it\/it\/?s={search_term_string}\"},\"query-input\":{\"@type\":\"PropertyValueSpecification\",\"valueRequired\":true,\"valueName\":\"search_term_string\"}}],\"inLanguage\":\"it-IT\"}]}<\/script>\n<!-- \/ Yoast SEO plugin. -->","yoast_head_json":{"title":"Cameriere di sala e ai piani - Accademia Eraclitea","robots":{"index":"index","follow":"follow","max-snippet":"max-snippet:-1","max-image-preview":"max-image-preview:large","max-video-preview":"max-video-preview:-1"},"canonical":"https:\/\/eraclitea.it\/it\/prodotto\/cameriere-di-sala-e-ai-piani\/","og_locale":"it_IT","og_type":"article","og_title":"Cameriere di sala e ai piani - Accademia Eraclitea","og_description":"50 ore Il mestiere di cameriere di sala e ai piani rappresenta il primo passo all\u2019interno di una professione che pu\u00f2 consentire di crescere rapidamente ed arrivare anche a livelli direttivi (Chef de Rang, Ma\u00eetre, Sommelier, Food &amp; Beverage Manager).","og_url":"https:\/\/eraclitea.it\/it\/prodotto\/cameriere-di-sala-e-ai-piani\/","og_site_name":"Accademia Eraclitea","article_modified_time":"2021-05-25T13:45:42+00:00","og_image":[{"width":350,"height":200,"url":"https:\/\/eraclitea.it\/it\/wp-content\/uploads\/2021\/04\/cameriere@2x.png","type":"image\/png"}],"twitter_card":"summary_large_image","twitter_misc":{"Tempo di lettura stimato":"4 minuti"},"schema":{"@context":"https:\/\/schema.org","@graph":[{"@type":"WebPage","@id":"https:\/\/eraclitea.it\/it\/prodotto\/cameriere-di-sala-e-ai-piani\/","url":"https:\/\/eraclitea.it\/it\/prodotto\/cameriere-di-sala-e-ai-piani\/","name":"Cameriere di sala e ai piani - Accademia Eraclitea","isPartOf":{"@id":"https:\/\/eraclitea.it\/it\/#website"},"primaryImageOfPage":{"@id":"https:\/\/eraclitea.it\/it\/prodotto\/cameriere-di-sala-e-ai-piani\/#primaryimage"},"image":{"@id":"https:\/\/eraclitea.it\/it\/prodotto\/cameriere-di-sala-e-ai-piani\/#primaryimage"},"thumbnailUrl":"https:\/\/eraclitea.it\/it\/wp-content\/uploads\/2021\/04\/cameriere@2x.png","datePublished":"2021-04-01T14:00:56+00:00","dateModified":"2021-05-25T13:45:42+00:00","breadcrumb":{"@id":"https:\/\/eraclitea.it\/it\/prodotto\/cameriere-di-sala-e-ai-piani\/#breadcrumb"},"inLanguage":"it-IT","potentialAction":[{"@type":"ReadAction","target":["https:\/\/eraclitea.it\/it\/prodotto\/cameriere-di-sala-e-ai-piani\/"]}]},{"@type":"ImageObject","inLanguage":"it-IT","@id":"https:\/\/eraclitea.it\/it\/prodotto\/cameriere-di-sala-e-ai-piani\/#primaryimage","url":"https:\/\/eraclitea.it\/it\/wp-content\/uploads\/2021\/04\/cameriere@2x.png","contentUrl":"https:\/\/eraclitea.it\/it\/wp-content\/uploads\/2021\/04\/cameriere@2x.png","width":350,"height":200},{"@type":"BreadcrumbList","@id":"https:\/\/eraclitea.it\/it\/prodotto\/cameriere-di-sala-e-ai-piani\/#breadcrumb","itemListElement":[{"@type":"ListItem","position":1,"name":"Home","item":"https:\/\/eraclitea.it\/it\/"},{"@type":"ListItem","position":2,"name":"Corsi","item":"https:\/\/eraclitea.it\/it\/corsi\/"},{"@type":"ListItem","position":3,"name":"Cameriere di sala e ai piani"}]},{"@type":"WebSite","@id":"https:\/\/eraclitea.it\/it\/#website","url":"https:\/\/eraclitea.it\/it\/","name":"Accademia Eraclitea","description":"Ente di Ricerca e di Alta Formazione Accreditato","potentialAction":[{"@type":"SearchAction","target":{"@type":"EntryPoint","urlTemplate":"https:\/\/eraclitea.it\/it\/?s={search_term_string}"},"query-input":{"@type":"PropertyValueSpecification","valueRequired":true,"valueName":"search_term_string"}}],"inLanguage":"it-IT"}]}},"jetpack_sharing_enabled":true,"_links":{"self":[{"href":"https:\/\/eraclitea.it\/it\/wp-json\/wp\/v2\/product\/4556","targetHints":{"allow":["GET"]}}],"collection":[{"href":"https:\/\/eraclitea.it\/it\/wp-json\/wp\/v2\/product"}],"about":[{"href":"https:\/\/eraclitea.it\/it\/wp-json\/wp\/v2\/types\/product"}],"replies":[{"embeddable":true,"href":"https:\/\/eraclitea.it\/it\/wp-json\/wp\/v2\/comments?post=4556"}],"wp:featuredmedia":[{"embeddable":true,"href":"https:\/\/eraclitea.it\/it\/wp-json\/wp\/v2\/media\/4726"}],"wp:attachment":[{"href":"https:\/\/eraclitea.it\/it\/wp-json\/wp\/v2\/media?parent=4556"}],"wp:term":[{"taxonomy":"product_brand","embeddable":true,"href":"https:\/\/eraclitea.it\/it\/wp-json\/wp\/v2\/product_brand?post=4556"},{"taxonomy":"product_cat","embeddable":true,"href":"https:\/\/eraclitea.it\/it\/wp-json\/wp\/v2\/product_cat?post=4556"},{"taxonomy":"product_tag","embeddable":true,"href":"https:\/\/eraclitea.it\/it\/wp-json\/wp\/v2\/product_tag?post=4556"}],"curies":[{"name":"wp","href":"https:\/\/api.w.org\/{rel}","templated":true}]}}