{"id":4498,"date":"2021-04-01T10:00:14","date_gmt":"2021-04-01T10:00:14","guid":{"rendered":"https:\/\/eraclitea.it\/eracliteait\/?post_type=product&#038;p=4498"},"modified":"2021-05-22T17:33:21","modified_gmt":"2021-05-22T17:33:21","slug":"collaboratore-per-gli-incarichi-investigativi-elementari-ciie","status":"publish","type":"product","link":"https:\/\/eraclitea.it\/it\/prodotto\/collaboratore-per-gli-incarichi-investigativi-elementari-ciie\/","title":{"rendered":"Collaboratore per gli incarichi investigativi elementari (CIIE)"},"content":{"rendered":"<table style=\"border: 0px; height: 244px; width: 721px;\">\n<tbody>\n<tr>\n<td style=\"width: 38.75px;\"><a href=\"https:\/\/eraclitea.it\/it\/wp-content\/uploads\/2021\/01\/orolo2.png\"><img loading=\"lazy\" decoding=\"async\" class=\"alignnone wp-image-887 \" src=\"https:\/\/eraclitea.it\/it\/wp-content\/uploads\/2021\/03\/tempo.png\" alt=\"\" width=\"33\" height=\"33\" \/><\/a><\/td>\n<td style=\"width: 147.841px;\">\n<h4 class=\"et_pb_module_header\">Durata del corso:<\/h4>\n<\/td>\n<td style=\"width: 515.114px;\">24 ore (on line)<\/td>\n<\/tr>\n<tr>\n<td style=\"width: 38.75px;\"><a href=\"https:\/\/eraclitea.it\/it\/wp-content\/uploads\/2021\/03\/Tavola-da-disegno-\u2013-13.png\"><img loading=\"lazy\" decoding=\"async\" class=\"alignnone wp-image-3710 \" src=\"https:\/\/eraclitea.it\/it\/wp-content\/uploads\/2021\/03\/Tavola-da-disegno-\u2013-13-300x300.png\" alt=\"\" width=\"39\" height=\"39\" srcset=\"https:\/\/eraclitea.it\/it\/wp-content\/uploads\/2021\/03\/Tavola-da-disegno-\u2013-13-300x300.png 300w, https:\/\/eraclitea.it\/it\/wp-content\/uploads\/2021\/03\/Tavola-da-disegno-\u2013-13-150x150.png 150w, https:\/\/eraclitea.it\/it\/wp-content\/uploads\/2021\/03\/Tavola-da-disegno-\u2013-13-100x100.png 100w, https:\/\/eraclitea.it\/it\/wp-content\/uploads\/2021\/03\/Tavola-da-disegno-\u2013-13-64x64.png 64w, https:\/\/eraclitea.it\/it\/wp-content\/uploads\/2021\/03\/Tavola-da-disegno-\u2013-13.png 400w\" sizes=\"(max-width: 39px) 100vw, 39px\" \/><\/a><\/td>\n<td style=\"width: 147.841px;\">\n<h4>N. Partecipanti:<\/h4>\n<\/td>\n<td style=\"width: 515.114px;\">Nessun limite<\/td>\n<\/tr>\n<tr>\n<td style=\"width: 38.75px;\"><a href=\"https:\/\/eraclitea.it\/it\/wp-content\/uploads\/2021\/04\/Tavola-da-disegno-\u2013-13-2.png\"><img loading=\"lazy\" decoding=\"async\" class=\"alignnone size-medium wp-image-5967\" src=\"https:\/\/eraclitea.it\/it\/wp-content\/uploads\/2021\/04\/Tavola-da-disegno-\u2013-13-2-300x300.png\" alt=\"\" width=\"300\" height=\"300\" \/><\/a><\/td>\n<td style=\"width: 147.841px;\">\n<h4>A chi \u00e8 rivolto:<\/h4>\n<\/td>\n<td style=\"width: 515.114px;\">Ai collaboratori per gli incarichi investigativi elementari (CIIE)<\/td>\n<\/tr>\n<\/tbody>\n<\/table>\n<div><\/div>\n<div><\/div>\n<div><\/div>\n<div><\/div>\n<div><\/div>\n<h3><\/h3>\n<h3>Obiettivi del corso<\/h3>\n<div><\/div>\n<div>Corso di formazione per aspirante collaboratore per gli incarichi investigativi elementari (Ciie), figura prevista dal DM 269\/2010.<\/div>\n<div>\n<p>Il Ciie &#8220;collaboratore per gli incarichi investigativi elementari&#8221; opera sotto le direttive e la responsabilit\u00e0 del titolare di licenza, il quale comunica le generalit\u00e0 di ciascun collaboratore alla competente Prefettura, che a sua volta verificher\u00e0 la sussistenza dei requisiti morali richiesti dal Tulps.<\/p>\n<p>Tale figura \u00e8 tutt&#8217;altro che elementare nelle proprie mansioni in quanto opera con ampia sfera di rischi \u2013 ben sanzionati.<\/p>\n<p>La formazione, per un&#8217;attivit\u00e0 cos\u00ec articolata \u00e8 indispensabile per chi vuole intraprendere tale professione al fine di incorrere in rischi di sanzioni anche a carico del titolare d&#8217;agenzia, chiamato a rispondere in corresponsabilit\u00e0.<\/p>\n<p>Il corso \u00e8 rivolto a coloro che desiderano intraprendere la professione di C.i.i.e. nonch\u00e9 a coloro che gi\u00e0 lavorano con tale qualifica ed hanno necessit\u00e0 di aggiornarsi e di acquisire quella cultura normativa e deontologica.<\/p>\n<p>In particolare saranno approfonditi temi legislativi fondamentali ai fini del corretto svolgimento dell&#8217;attivit\u00e0 di collaborazione (Testo Unico Leggi di P.S., D.M. 269\/2010 e s.m.i., D.lgs. 196\/03 \u2013 Codice della Privacy e Regolamento europeo 679\/2016) comprese le conseguenze penali derivanti dal non rispetto delle vigenti leggi in materia.<\/p>\n<\/div>\n<h3><\/h3>\n<p>&nbsp;<\/p>\n<h3>Programma<\/h3>\n<p>Il corso di formazione affronta i seguenti temi con specifico anche con specifico riferimento attivit\u00e0 esercitabili ed i loro limiti normativi di attuazione<\/p>\n<p class=\"p1\"><div class='et-learn-more clearfix'>\n\t\t\t\t\t<h3 class='heading-more'>MODULO FORMATIVO DEL CORSO <span class='et_learnmore_arrow'><span><\/span><\/span><\/h3>\n\t\t\t\t\t<div class='learn-more-content'><ol>\n<li>IL TESTO UNICO DELLE LEGGI DI PUBBLICA SICUREZZA (T.U.L.P.S.) E IL D.M. 269\\2010 e s.m.i.;<\/li>\n<li>Il Decreto Legislativo 196\\03: differenza tra Titolare, Responsabile\ne Incaricato del trattamento dati &#8211; Differenze tra dati comuni, sensibili e super sensibili &#8211; L&#8217;Informativa e la Notifica all&#8217;interessato, quando e perch\u00e9 &#8211; Liceit\u00e0 ed illiceit\u00e0 nella raccolta, trattamento e conservazione dei dati da parte dei C.i.i.e.;<\/li>\n<li>ASPETTI GIURIDICI RELATIVI ALLA PROFESSIONE DI C.I.I.E. &#8211; Il reato di molestia &#8211; La limitazione della Libert\u00e0 Individuale &#8211; La violazione di Domicilio &#8211; La Corruzione a pubblico ufficiale &#8211; L&#8217;accesso non autorizzato alle fonti informatiche &#8211; Crimini informatici &#8211; La testimonianza in sede civile;<\/li>\n<li>LA COMUNICAZIONE IN AMBITO PSICO-INVESTIGATIVO &#8211; La comunicazione non verbale &#8211; Tecniche di intervista-interrogatorio &#8211; Osservazione dell&#8217;altro;<\/li>\n<li>TECNICHE INVESTIGATIVE IN AMBITO PRIVATO, AZIENDALE, COMMERCIALE &#8211; e DELLA SICUREZZA &#8211; L&#8217;identificazione della persona fisica e della persona giuridica &#8211; Differenza tra fonte pubblica e fonte privata (confidenziale) &#8211; Differenza negli accertamenti su persona fisica e impresa &#8211; Come comportarsi nella raccolta dei dati presso gli enti pubblici e le Autorit\u00e0 &#8211; Come comportarsi nella raccolta dei dati presso i privati &#8211; La raccolta delle informazioni presso le fonti on line ed off line &#8211; Le ricerche documentali- Il raffronto dei dati freddi &#8211; Le pregiudizievoli di natura pubblica e di natura privata &#8211; La compilazione delle informazioni commerciali &#8211; Tecniche di intervista telefonica &#8211; Tecniche sulle attivit\u00e0 di appostamento e pedinamento (osservazione statica e dinamica) &#8211; Consigli pratici per l&#8217;utilizzo di apparati audio-video-fotografici ed elettronici &#8211; Tecniche di compilazione delle relazioni di servizio -Violazioni di legge nell&#8217;utilizzo improprio dei mezzi di ripresa audio-video-fotografici e delle attrezzature &#8211; elettroniche (G.p.s., apparati di radio-ascolto, ecc.) &#8211; Violazioni di legge nell&#8217;ambito delle principali attivit\u00e0 operative, osservazione statica (appostamento)osservazione dinamica (pedinamento), individuazioni di persone a conoscenza di notizie, rintracci, interviste, ecc.<\/li>\n<\/ol>\n<p class=\"p1\"><\/div>\n\t\t\t\t<\/div><\/p>\n<h3>Certificazione<\/h3>\n<p>Alla fine del corso \u00e8 previsto il rilascio dell&#8217;attestato di frequenza ai sensi del D.M. 269\/2010 e s.m.i.<\/p>\n<p>&nbsp;<\/p>\n<p>&nbsp;<\/p>\n<p>&nbsp;<\/p>\n<p>&nbsp;<\/p>\n<p><code><\/code><\/p>\n","protected":false},"excerpt":{"rendered":"<h4>24 ore (on line)<\/h4>\n<p>Formazione per collaboratore per gli incarichi investigativi elementari (Ciie), figura prevista dal DM 269\/2010 e s.m.i..<\/p>\n","protected":false},"featured_media":5330,"comment_status":"open","ping_status":"closed","template":"","meta":{"_et_pb_use_builder":"off","_et_pb_old_content":"OBIETTIVI DEL CORSO\r\n\r\nIl corso di qualifica per Operatore Socio Sanitario \u00e8 volto a formare operatori in grado di intervenire nelle situazioni caratterizzate da mancanza temporanea e\/o permanente di autonomia psicofisica. Grazie alla formazione teorico-pratica e al tirocinio pratico, gli allievi avranno l\u2019opportunit\u00e0 di sviluppare competenze professionali volte a:\r\n<ul>\r\n \t<li>identificare, classificare ed interpretare le problematiche delle diverse tipologie di utenze (minori, anziani, persone con disabilit\u00e0, pazienti oncologici);<\/li>\r\n \t<li>conoscere l\u2019organizzazione dei servizi sociali e sanitari; acquisire elementi di igiene e prevenzione e di anatomia, fisiologia e dietetica;<\/li>\r\n \t<li>identificare gli elementi necessari alla pianificazione dell\u2019assistenza e applicare le conoscenze acquisite per mantenere un ambiente terapeutico adeguato alla cura della persona e per applicare le diverse metodologie operative di carattere sanitario sugli assistiti.<\/li>\r\n<\/ul>\r\nIL CORSO E\u2019 ACCREDITATO DALLA REGIONE SICILIANA, ASSESSORATO ALLA SALUTE, AI SENSI DEL DECRETO DEL 12 AGOSTO 2020 (GURS N. 45\/2020) e ACCORDO STATO REGIONI DEL 22 FEBBRAIO 2001.\r\n\r\nPROGRAMMA \u2013 le materie di insegnamento sono articolate nelle seguenti aree disciplinari","_et_gb_content_width":"","_joinchat":[]},"product_brand":[],"product_cat":[47,38],"product_tag":[89],"class_list":{"0":"post-4498","1":"product","2":"type-product","3":"status-publish","4":"has-post-thumbnail","6":"product_cat-online","7":"product_cat-vigilanza-e-investigazione","8":"product_tag-vigilanza-e-investigazione","10":"first","11":"instock","12":"shipping-taxable","13":"product-type-simple"},"yoast_head":"<!-- This site is optimized with the Yoast SEO plugin v27.0 - https:\/\/yoast.com\/product\/yoast-seo-wordpress\/ -->\n<title>Collaboratore per gli incarichi investigativi elementari (CIIE) - Accademia Eraclitea<\/title>\n<meta name=\"robots\" content=\"index, follow, max-snippet:-1, max-image-preview:large, max-video-preview:-1\" \/>\n<link rel=\"canonical\" href=\"https:\/\/eraclitea.it\/it\/prodotto\/collaboratore-per-gli-incarichi-investigativi-elementari-ciie\/\" \/>\n<meta property=\"og:locale\" content=\"it_IT\" \/>\n<meta property=\"og:type\" content=\"article\" \/>\n<meta property=\"og:title\" content=\"Collaboratore per gli incarichi investigativi elementari (CIIE) - Accademia Eraclitea\" \/>\n<meta property=\"og:description\" content=\"24 ore (on line) Formazione per collaboratore per gli incarichi investigativi elementari (Ciie), figura prevista dal DM 269\/2010 e s.m.i..\" \/>\n<meta property=\"og:url\" content=\"https:\/\/eraclitea.it\/it\/prodotto\/collaboratore-per-gli-incarichi-investigativi-elementari-ciie\/\" \/>\n<meta property=\"og:site_name\" content=\"Accademia Eraclitea\" \/>\n<meta property=\"article:modified_time\" content=\"2021-05-22T17:33:21+00:00\" \/>\n<meta property=\"og:image\" content=\"https:\/\/eraclitea.it\/it\/wp-content\/uploads\/2021\/04\/CORSO-DI-FORMAZIONE-PER-ASPIRANTE-COLLABORATORE-PER-GLI-INCARICHI-INVESTIGATIVI-ELEMENTARI-CIIE@2x.png\" \/>\n\t<meta property=\"og:image:width\" content=\"350\" \/>\n\t<meta property=\"og:image:height\" content=\"200\" \/>\n\t<meta property=\"og:image:type\" content=\"image\/png\" \/>\n<meta name=\"twitter:card\" content=\"summary_large_image\" \/>\n<meta name=\"twitter:label1\" content=\"Tempo di lettura stimato\" \/>\n\t<meta name=\"twitter:data1\" content=\"3 minuti\" \/>\n<script type=\"application\/ld+json\" class=\"yoast-schema-graph\">{\"@context\":\"https:\/\/schema.org\",\"@graph\":[{\"@type\":\"WebPage\",\"@id\":\"https:\/\/eraclitea.it\/it\/prodotto\/collaboratore-per-gli-incarichi-investigativi-elementari-ciie\/\",\"url\":\"https:\/\/eraclitea.it\/it\/prodotto\/collaboratore-per-gli-incarichi-investigativi-elementari-ciie\/\",\"name\":\"Collaboratore per gli incarichi investigativi elementari (CIIE) - Accademia Eraclitea\",\"isPartOf\":{\"@id\":\"https:\/\/eraclitea.it\/it\/#website\"},\"primaryImageOfPage\":{\"@id\":\"https:\/\/eraclitea.it\/it\/prodotto\/collaboratore-per-gli-incarichi-investigativi-elementari-ciie\/#primaryimage\"},\"image\":{\"@id\":\"https:\/\/eraclitea.it\/it\/prodotto\/collaboratore-per-gli-incarichi-investigativi-elementari-ciie\/#primaryimage\"},\"thumbnailUrl\":\"https:\/\/eraclitea.it\/it\/wp-content\/uploads\/2021\/04\/CORSO-DI-FORMAZIONE-PER-ASPIRANTE-COLLABORATORE-PER-GLI-INCARICHI-INVESTIGATIVI-ELEMENTARI-CIIE@2x.png\",\"datePublished\":\"2021-04-01T10:00:14+00:00\",\"dateModified\":\"2021-05-22T17:33:21+00:00\",\"breadcrumb\":{\"@id\":\"https:\/\/eraclitea.it\/it\/prodotto\/collaboratore-per-gli-incarichi-investigativi-elementari-ciie\/#breadcrumb\"},\"inLanguage\":\"it-IT\",\"potentialAction\":[{\"@type\":\"ReadAction\",\"target\":[\"https:\/\/eraclitea.it\/it\/prodotto\/collaboratore-per-gli-incarichi-investigativi-elementari-ciie\/\"]}]},{\"@type\":\"ImageObject\",\"inLanguage\":\"it-IT\",\"@id\":\"https:\/\/eraclitea.it\/it\/prodotto\/collaboratore-per-gli-incarichi-investigativi-elementari-ciie\/#primaryimage\",\"url\":\"https:\/\/eraclitea.it\/it\/wp-content\/uploads\/2021\/04\/CORSO-DI-FORMAZIONE-PER-ASPIRANTE-COLLABORATORE-PER-GLI-INCARICHI-INVESTIGATIVI-ELEMENTARI-CIIE@2x.png\",\"contentUrl\":\"https:\/\/eraclitea.it\/it\/wp-content\/uploads\/2021\/04\/CORSO-DI-FORMAZIONE-PER-ASPIRANTE-COLLABORATORE-PER-GLI-INCARICHI-INVESTIGATIVI-ELEMENTARI-CIIE@2x.png\",\"width\":350,\"height\":200},{\"@type\":\"BreadcrumbList\",\"@id\":\"https:\/\/eraclitea.it\/it\/prodotto\/collaboratore-per-gli-incarichi-investigativi-elementari-ciie\/#breadcrumb\",\"itemListElement\":[{\"@type\":\"ListItem\",\"position\":1,\"name\":\"Home\",\"item\":\"https:\/\/eraclitea.it\/it\/\"},{\"@type\":\"ListItem\",\"position\":2,\"name\":\"Corsi\",\"item\":\"https:\/\/eraclitea.it\/it\/corsi\/\"},{\"@type\":\"ListItem\",\"position\":3,\"name\":\"Collaboratore per gli incarichi investigativi elementari (CIIE)\"}]},{\"@type\":\"WebSite\",\"@id\":\"https:\/\/eraclitea.it\/it\/#website\",\"url\":\"https:\/\/eraclitea.it\/it\/\",\"name\":\"Accademia Eraclitea\",\"description\":\"Ente di Ricerca e di Alta Formazione Accreditato\",\"potentialAction\":[{\"@type\":\"SearchAction\",\"target\":{\"@type\":\"EntryPoint\",\"urlTemplate\":\"https:\/\/eraclitea.it\/it\/?s={search_term_string}\"},\"query-input\":{\"@type\":\"PropertyValueSpecification\",\"valueRequired\":true,\"valueName\":\"search_term_string\"}}],\"inLanguage\":\"it-IT\"}]}<\/script>\n<!-- \/ Yoast SEO plugin. -->","yoast_head_json":{"title":"Collaboratore per gli incarichi investigativi elementari (CIIE) - Accademia Eraclitea","robots":{"index":"index","follow":"follow","max-snippet":"max-snippet:-1","max-image-preview":"max-image-preview:large","max-video-preview":"max-video-preview:-1"},"canonical":"https:\/\/eraclitea.it\/it\/prodotto\/collaboratore-per-gli-incarichi-investigativi-elementari-ciie\/","og_locale":"it_IT","og_type":"article","og_title":"Collaboratore per gli incarichi investigativi elementari (CIIE) - Accademia Eraclitea","og_description":"24 ore (on line) Formazione per collaboratore per gli incarichi investigativi elementari (Ciie), figura prevista dal DM 269\/2010 e s.m.i..","og_url":"https:\/\/eraclitea.it\/it\/prodotto\/collaboratore-per-gli-incarichi-investigativi-elementari-ciie\/","og_site_name":"Accademia Eraclitea","article_modified_time":"2021-05-22T17:33:21+00:00","og_image":[{"width":350,"height":200,"url":"https:\/\/eraclitea.it\/it\/wp-content\/uploads\/2021\/04\/CORSO-DI-FORMAZIONE-PER-ASPIRANTE-COLLABORATORE-PER-GLI-INCARICHI-INVESTIGATIVI-ELEMENTARI-CIIE@2x.png","type":"image\/png"}],"twitter_card":"summary_large_image","twitter_misc":{"Tempo di lettura stimato":"3 minuti"},"schema":{"@context":"https:\/\/schema.org","@graph":[{"@type":"WebPage","@id":"https:\/\/eraclitea.it\/it\/prodotto\/collaboratore-per-gli-incarichi-investigativi-elementari-ciie\/","url":"https:\/\/eraclitea.it\/it\/prodotto\/collaboratore-per-gli-incarichi-investigativi-elementari-ciie\/","name":"Collaboratore per gli incarichi investigativi elementari (CIIE) - Accademia Eraclitea","isPartOf":{"@id":"https:\/\/eraclitea.it\/it\/#website"},"primaryImageOfPage":{"@id":"https:\/\/eraclitea.it\/it\/prodotto\/collaboratore-per-gli-incarichi-investigativi-elementari-ciie\/#primaryimage"},"image":{"@id":"https:\/\/eraclitea.it\/it\/prodotto\/collaboratore-per-gli-incarichi-investigativi-elementari-ciie\/#primaryimage"},"thumbnailUrl":"https:\/\/eraclitea.it\/it\/wp-content\/uploads\/2021\/04\/CORSO-DI-FORMAZIONE-PER-ASPIRANTE-COLLABORATORE-PER-GLI-INCARICHI-INVESTIGATIVI-ELEMENTARI-CIIE@2x.png","datePublished":"2021-04-01T10:00:14+00:00","dateModified":"2021-05-22T17:33:21+00:00","breadcrumb":{"@id":"https:\/\/eraclitea.it\/it\/prodotto\/collaboratore-per-gli-incarichi-investigativi-elementari-ciie\/#breadcrumb"},"inLanguage":"it-IT","potentialAction":[{"@type":"ReadAction","target":["https:\/\/eraclitea.it\/it\/prodotto\/collaboratore-per-gli-incarichi-investigativi-elementari-ciie\/"]}]},{"@type":"ImageObject","inLanguage":"it-IT","@id":"https:\/\/eraclitea.it\/it\/prodotto\/collaboratore-per-gli-incarichi-investigativi-elementari-ciie\/#primaryimage","url":"https:\/\/eraclitea.it\/it\/wp-content\/uploads\/2021\/04\/CORSO-DI-FORMAZIONE-PER-ASPIRANTE-COLLABORATORE-PER-GLI-INCARICHI-INVESTIGATIVI-ELEMENTARI-CIIE@2x.png","contentUrl":"https:\/\/eraclitea.it\/it\/wp-content\/uploads\/2021\/04\/CORSO-DI-FORMAZIONE-PER-ASPIRANTE-COLLABORATORE-PER-GLI-INCARICHI-INVESTIGATIVI-ELEMENTARI-CIIE@2x.png","width":350,"height":200},{"@type":"BreadcrumbList","@id":"https:\/\/eraclitea.it\/it\/prodotto\/collaboratore-per-gli-incarichi-investigativi-elementari-ciie\/#breadcrumb","itemListElement":[{"@type":"ListItem","position":1,"name":"Home","item":"https:\/\/eraclitea.it\/it\/"},{"@type":"ListItem","position":2,"name":"Corsi","item":"https:\/\/eraclitea.it\/it\/corsi\/"},{"@type":"ListItem","position":3,"name":"Collaboratore per gli incarichi investigativi elementari (CIIE)"}]},{"@type":"WebSite","@id":"https:\/\/eraclitea.it\/it\/#website","url":"https:\/\/eraclitea.it\/it\/","name":"Accademia Eraclitea","description":"Ente di Ricerca e di Alta Formazione Accreditato","potentialAction":[{"@type":"SearchAction","target":{"@type":"EntryPoint","urlTemplate":"https:\/\/eraclitea.it\/it\/?s={search_term_string}"},"query-input":{"@type":"PropertyValueSpecification","valueRequired":true,"valueName":"search_term_string"}}],"inLanguage":"it-IT"}]}},"jetpack_sharing_enabled":true,"_links":{"self":[{"href":"https:\/\/eraclitea.it\/it\/wp-json\/wp\/v2\/product\/4498","targetHints":{"allow":["GET"]}}],"collection":[{"href":"https:\/\/eraclitea.it\/it\/wp-json\/wp\/v2\/product"}],"about":[{"href":"https:\/\/eraclitea.it\/it\/wp-json\/wp\/v2\/types\/product"}],"replies":[{"embeddable":true,"href":"https:\/\/eraclitea.it\/it\/wp-json\/wp\/v2\/comments?post=4498"}],"wp:featuredmedia":[{"embeddable":true,"href":"https:\/\/eraclitea.it\/it\/wp-json\/wp\/v2\/media\/5330"}],"wp:attachment":[{"href":"https:\/\/eraclitea.it\/it\/wp-json\/wp\/v2\/media?parent=4498"}],"wp:term":[{"taxonomy":"product_brand","embeddable":true,"href":"https:\/\/eraclitea.it\/it\/wp-json\/wp\/v2\/product_brand?post=4498"},{"taxonomy":"product_cat","embeddable":true,"href":"https:\/\/eraclitea.it\/it\/wp-json\/wp\/v2\/product_cat?post=4498"},{"taxonomy":"product_tag","embeddable":true,"href":"https:\/\/eraclitea.it\/it\/wp-json\/wp\/v2\/product_tag?post=4498"}],"curies":[{"name":"wp","href":"https:\/\/api.w.org\/{rel}","templated":true}]}}