{"id":4470,"date":"2021-04-01T08:41:12","date_gmt":"2021-04-01T08:41:12","guid":{"rendered":"https:\/\/eraclitea.it\/eracliteait\/?post_type=product&#038;p=4470"},"modified":"2026-03-28T18:17:46","modified_gmt":"2026-03-28T18:17:46","slug":"corso-per-responsabili-e-addetti-alla-manutenzione-di-cabine-elettriche-mt-mt-e-mt-bt","status":"publish","type":"product","link":"https:\/\/eraclitea.it\/it\/prodotto\/corso-per-responsabili-e-addetti-alla-manutenzione-di-cabine-elettriche-mt-mt-e-mt-bt\/","title":{"rendered":"Responsabili e addetti alla manutenzione di cabine elettriche MT\/MT e MT\/BT"},"content":{"rendered":"<table style=\"border: 0px; height: 244px; width: 721px;\">\n<tbody>\n<tr>\n<td style=\"width: 38.75px;\"><a href=\"https:\/\/eraclitea.it\/it\/wp-content\/uploads\/2021\/01\/orolo2.png\"><img loading=\"lazy\" decoding=\"async\" class=\"alignnone wp-image-887 \" src=\"https:\/\/eraclitea.it\/it\/wp-content\/uploads\/2021\/03\/tempo.png\" alt=\"\" width=\"33\" height=\"33\" \/><\/a><\/td>\n<td style=\"width: 147.841px;\">\n<h4 class=\"et_pb_module_header\">Durata del corso:<\/h4>\n<\/td>\n<td style=\"width: 515.114px;\">12 ore<\/td>\n<\/tr>\n<tr>\n<td style=\"width: 38.75px;\"><a href=\"https:\/\/eraclitea.it\/it\/wp-content\/uploads\/2021\/03\/Tavola-da-disegno-\u2013-13.png\"><img loading=\"lazy\" decoding=\"async\" class=\"alignnone wp-image-3710 \" src=\"https:\/\/eraclitea.it\/it\/wp-content\/uploads\/2021\/03\/Tavola-da-disegno-\u2013-13-300x300.png\" alt=\"\" width=\"39\" height=\"39\" srcset=\"https:\/\/eraclitea.it\/it\/wp-content\/uploads\/2021\/03\/Tavola-da-disegno-\u2013-13-300x300.png 300w, https:\/\/eraclitea.it\/it\/wp-content\/uploads\/2021\/03\/Tavola-da-disegno-\u2013-13-150x150.png 150w, https:\/\/eraclitea.it\/it\/wp-content\/uploads\/2021\/03\/Tavola-da-disegno-\u2013-13-100x100.png 100w, https:\/\/eraclitea.it\/it\/wp-content\/uploads\/2021\/03\/Tavola-da-disegno-\u2013-13-64x64.png 64w, https:\/\/eraclitea.it\/it\/wp-content\/uploads\/2021\/03\/Tavola-da-disegno-\u2013-13.png 400w\" sizes=\"(max-width: 39px) 100vw, 39px\" \/><\/a><\/td>\n<td style=\"width: 147.841px;\">\n<h4>N. Partecipanti:<\/h4>\n<\/td>\n<td style=\"width: 515.114px;\">Max 20<\/td>\n<\/tr>\n<tr>\n<td style=\"width: 38.75px;\"><a href=\"https:\/\/eraclitea.it\/it\/wp-content\/uploads\/2021\/04\/Tavola-da-disegno-\u2013-13-2.png\"><img loading=\"lazy\" decoding=\"async\" class=\"alignnone size-medium wp-image-5967\" src=\"https:\/\/eraclitea.it\/it\/wp-content\/uploads\/2021\/04\/Tavola-da-disegno-\u2013-13-2-300x300.png\" alt=\"\" width=\"300\" height=\"300\" \/><\/a><\/td>\n<td style=\"width: 147.841px;\">\n<h4>A chi \u00e8 rivolto:<\/h4>\n<\/td>\n<td style=\"width: 515.114px;\">Il corso \u00e8 rivolto ai responsabili e tecnici elettricisti addetti all\u2019installazione e manutenzione delle cabine elettriche MT\/MT e MT\/BT.<\/td>\n<\/tr>\n<\/tbody>\n<\/table>\n<div class=\"et_pb_module et_pb_blurb et_pb_blurb_1_tb_body et_pb_text_align_left et_pb_blurb_position_left et_pb_bg_layout_light\"><\/div>\n<div><\/div>\n<h3>Premessa<\/h3>\n<div>\n<p data-start=\"173\" data-end=\"668\">Le attivit\u00e0 di manutenzione delle cabine elettriche MT\/MT e MT\/BT devono essere eseguite nel rispetto delle disposizioni previste dalle norme <span class=\"hover:entity-accent entity-underline inline cursor-pointer align-baseline\"><span class=\"whitespace-normal\">CEI 11-27:2025<\/span><\/span> e <span class=\"hover:entity-accent entity-underline inline cursor-pointer align-baseline\"><span class=\"whitespace-normal\">CEI EN 50110-1:2024<\/span><\/span>, che disciplinano l\u2019organizzazione dei lavori elettrici e le misure di prevenzione e protezione per la sicurezza degli operatori.<br data-start=\"522\" data-end=\"525\" \/>La norma <span class=\"hover:entity-accent entity-underline inline cursor-pointer align-baseline\"><span class=\"whitespace-normal\">CEI 78-17:2015<\/span><\/span> trova applicazione esclusivamente per l\u2019esecuzione di lavori sotto tensione in bassa tensione.<\/p>\n<p data-start=\"673\" data-end=\"767\">In tale ambito, le attivit\u00e0 manutentive interessano, a titolo esemplificativo e non esaustivo:<\/p>\n<ul data-start=\"772\" data-end=\"1694\">\n<li data-section-id=\"xno7dp\" data-start=\"772\" data-end=\"891\">tutti i componenti in media e bassa tensione presenti nella cabina di ricezione della fornitura di energia elettrica;<\/li>\n<li data-section-id=\"zesl9n\" data-start=\"894\" data-end=\"1092\">i componenti degli impianti di generazione connessi alla rete in media tensione del Distributore, anche qualora operanti in bassa tensione e ubicati in strutture diverse dalla cabina di ricezione;<\/li>\n<li data-section-id=\"vuvvrq\" data-start=\"1095\" data-end=\"1220\">i componenti delle eventuali cabine elettriche MT\/MT destinate alla distribuzione dell\u2019energia del cliente o utente finale;<\/li>\n<li data-section-id=\"bha40k\" data-start=\"1223\" data-end=\"1311\">gli utilizzatori alimentati in media tensione (utenze MT) del cliente o utente finale;<\/li>\n<li data-section-id=\"1stdy4v\" data-start=\"1314\" data-end=\"1341\">i cavi di media tensione;<\/li>\n<li data-section-id=\"3btqct\" data-start=\"1344\" data-end=\"1463\">i cavi di bassa tensione connessi ai sistemi di produzione di energia elettrica, inclusi i relativi quadri elettrici;<\/li>\n<li data-section-id=\"n0f1vn\" data-start=\"1466\" data-end=\"1694\">i sistemi di protezione e sicurezza finalizzati alla salvaguardia delle persone che operano sugli impianti elettrici o in loro prossimit\u00e0, nonch\u00e9 alla protezione degli impianti stessi, in conformit\u00e0 ai criteri della CEI 11-27.<\/li>\n<\/ul>\n<p>Essa fornisce anche indicazioni in merito alla formazione e aggiornamento periodico dei Responsabili e degli Addetti alla manutenzione.<\/p>\n<p>Sono stabiliti i requisiti professionali dei lavoratori che svolgono tale attivit\u00e0 di manutenzione anche sulla base di quanto richiesto dall\u2019art. 26 del D. Lgs. 81\/08 e ss.mm.ii.<\/p>\n<p>&nbsp;<\/p>\n<\/div>\n<p>&nbsp;<\/p>\n<h3>Obiettivi del corso<\/h3>\n<p>Il corso ha l&#8217;obiettivo di fornire gli elementi per la preparazione del personale che svolge la manutenzione delle cabine elettriche MT\/MT e MT\/BT, integrando le conoscenze pratiche dei partecipanti con i criteri normativi inerenti l\u2019esecuzione della manutenzione secondo i metodi della regola dell\u2019arte.<\/p>\n<p>In particolare il corso si prefigge di orientare il manutentore elettrico nelle attivit\u00e0 utili a conservare in condizioni di efficienza e di sicurezza le cabine elettriche.<\/p>\n<p>&nbsp;<\/p>\n<h3>Conoscenze di base<\/h3>\n<p><strong>I partecipanti dovranno possedere le seguenti conoscenze di base:<\/strong><\/p>\n<ul>\n<li>Contenuti del corso per addetti ai lavori elettrici (Norma CEI 11-27:2025)<\/li>\n<li>Possesso di esperienza pratica relativa alla manutenzione delle cabine elettriche MT\/MT e MT\/BT.<\/li>\n<\/ul>\n<p>&nbsp;<\/p>\n<h3>Programma<\/h3>\n<p class=\"p1\"><div class='et-learn-more clearfix'>\n\t\t\t\t\t<h3 class='heading-more'>MODULO FORMATIVO <span class='et_learnmore_arrow'><span><\/span><\/span><\/h3>\n\t\t\t\t\t<div class='learn-more-content'><ul>\n<li>Principali disposizioni legislative e normative relative alla manutenzione delle cabine elettriche MT\/MT e MT\/BT con particolare riferimento alla Norma CEI 78-17 \u201cmanutenzione delle cabine elettriche MT\/MT e MT\/BT dei clienti\/utenti finali\u201d;<\/li>\n<li>Profilo professionale del responsabile e degli addetti alla manutenzione;<\/li>\n<li>Appalto ed esecuzione degli interventi di manutenzione;<\/li>\n<li>Cabine elettriche: caratteristiche costruttive dei locali, impianto elettrico;<\/li>\n<li>Dispositivi di protezione: tipologie e caratteristiche elettriche, coordinamento con dispositivi dei distributori di energia elettrica;<\/li>\n<li>Pianificazione e programmazione della manutenzione elettrica;<\/li>\n<li>Documentazione per gli interventi manutentivi;<\/li>\n<li>Compilazione delle schede di manutenzione e rintracciabilit\u00e0;<\/li>\n<li>Esempi di attivit\u00e0 di manutenzione: trasformatore isolato in resina, trasformatore isolato in olio, interruttori MT, interruttori di manovra sezionatori;<\/li>\n<li>Procedure di lavoro per la manutenzione elettrica;<\/li>\n<li>Criteri generali di sicurezza con riguardo alle caratteristiche dei componenti elettrici su cui si pu\u00f2 intervenire nelle attivit\u00e0 di manutenzione delle cabine elettriche. Qualifiche richieste ai sensi della Norma CEI 11-27:2025;<\/li>\n<li>Attrezzatura e DPI: particolarit\u00e0 per i lavori di manutenzione elettrica delle cabine elettriche;<\/li>\n<li>Obblighi di denuncia e smaltimento delle sostanze pericolose presenti nelle apparecchiature elettriche.<\/li>\n<\/ul>\n<p class=\"p1\"><\/div>\n\t\t\t\t<\/div><\/p>\n<h3>Docenti<\/h3>\n<p>I docenti sono ingegneri esperti nella sicurezza degli impianti elettrici e nella valutazione del rischio elettrico.<\/p>\n<p>&nbsp;<\/p>\n<h3>Certificazione<\/h3>\n<p>Per ogni partecipante al corso verr\u00e0 rilasciato un attestato di frequenza \u00a0con verifica dell\u2019apprendimento (previo il superamento del test finale)\u00a0valido ai sensi della normativa vigente in materia.<\/p>\n","protected":false},"excerpt":{"rendered":"<h4>12 ore<\/h4>\n<p>Il corso \u00e8 rivolto ai responsabili e tecnici elettricisti addetti all\u2019installazione e manutenzione delle cabine elettriche MT\/MT e MT\/BT.<\/p>\n","protected":false},"featured_media":6907,"comment_status":"open","ping_status":"closed","template":"","meta":{"_et_pb_use_builder":"off","_et_pb_old_content":"OBIETTIVI DEL CORSO\r\n\r\nIl corso di qualifica per Operatore Socio Sanitario \u00e8 volto a formare operatori in grado di intervenire nelle situazioni caratterizzate da mancanza temporanea e\/o permanente di autonomia psicofisica. Grazie alla formazione teorico-pratica e al tirocinio pratico, gli allievi avranno l\u2019opportunit\u00e0 di sviluppare competenze professionali volte a:\r\n<ul>\r\n \t<li>identificare, classificare ed interpretare le problematiche delle diverse tipologie di utenze (minori, anziani, persone con disabilit\u00e0, pazienti oncologici);<\/li>\r\n \t<li>conoscere l\u2019organizzazione dei servizi sociali e sanitari; acquisire elementi di igiene e prevenzione e di anatomia, fisiologia e dietetica;<\/li>\r\n \t<li>identificare gli elementi necessari alla pianificazione dell\u2019assistenza e applicare le conoscenze acquisite per mantenere un ambiente terapeutico adeguato alla cura della persona e per applicare le diverse metodologie operative di carattere sanitario sugli assistiti.<\/li>\r\n<\/ul>\r\nIL CORSO E\u2019 ACCREDITATO DALLA REGIONE SICILIANA, ASSESSORATO ALLA SALUTE, AI SENSI DEL DECRETO DEL 12 AGOSTO 2020 (GURS N. 45\/2020) e ACCORDO STATO REGIONI DEL 22 FEBBRAIO 2001.\r\n\r\nPROGRAMMA \u2013 le materie di insegnamento sono articolate nelle seguenti aree disciplinari","_et_gb_content_width":"","_joinchat":[]},"product_brand":[],"product_cat":[103,36],"product_tag":[],"class_list":{"0":"post-4470","1":"product","2":"type-product","3":"status-publish","4":"has-post-thumbnail","6":"product_cat-manutenzione-e-sicurezza","7":"product_cat-sicurezza-sul-lavoro","9":"first","10":"instock","11":"shipping-taxable","12":"product-type-simple"},"yoast_head":"<!-- This site is optimized with the Yoast SEO plugin v27.0 - https:\/\/yoast.com\/product\/yoast-seo-wordpress\/ -->\n<title>Responsabili e addetti alla manutenzione di cabine elettriche MT\/MT e MT\/BT - Accademia Eraclitea<\/title>\n<meta name=\"robots\" content=\"index, follow, max-snippet:-1, max-image-preview:large, max-video-preview:-1\" \/>\n<link rel=\"canonical\" href=\"https:\/\/eraclitea.it\/it\/prodotto\/corso-per-responsabili-e-addetti-alla-manutenzione-di-cabine-elettriche-mt-mt-e-mt-bt\/\" \/>\n<meta property=\"og:locale\" content=\"it_IT\" \/>\n<meta property=\"og:type\" content=\"article\" \/>\n<meta property=\"og:title\" content=\"Responsabili e addetti alla manutenzione di cabine elettriche MT\/MT e MT\/BT - Accademia Eraclitea\" \/>\n<meta property=\"og:description\" content=\"12 ore Il corso \u00e8 rivolto ai responsabili e tecnici elettricisti addetti all\u2019installazione e manutenzione delle cabine elettriche MT\/MT e MT\/BT.\" \/>\n<meta property=\"og:url\" content=\"https:\/\/eraclitea.it\/it\/prodotto\/corso-per-responsabili-e-addetti-alla-manutenzione-di-cabine-elettriche-mt-mt-e-mt-bt\/\" \/>\n<meta property=\"og:site_name\" content=\"Accademia Eraclitea\" \/>\n<meta property=\"article:modified_time\" content=\"2026-03-28T18:17:46+00:00\" \/>\n<meta property=\"og:image\" content=\"https:\/\/eraclitea.it\/it\/wp-content\/uploads\/2021\/04\/Corso-per-responsabili-e-addetti-alla-manutenzione-di-cabine-elettriche-mt-mt-e-mt-bt-\u2013-corso-di-aggiornamento@2x-1.png\" \/>\n\t<meta property=\"og:image:width\" content=\"350\" \/>\n\t<meta property=\"og:image:height\" content=\"200\" \/>\n\t<meta property=\"og:image:type\" content=\"image\/png\" \/>\n<meta name=\"twitter:card\" content=\"summary_large_image\" \/>\n<meta name=\"twitter:label1\" content=\"Tempo di lettura stimato\" \/>\n\t<meta name=\"twitter:data1\" content=\"5 minuti\" \/>\n<script type=\"application\/ld+json\" class=\"yoast-schema-graph\">{\"@context\":\"https:\/\/schema.org\",\"@graph\":[{\"@type\":\"WebPage\",\"@id\":\"https:\/\/eraclitea.it\/it\/prodotto\/corso-per-responsabili-e-addetti-alla-manutenzione-di-cabine-elettriche-mt-mt-e-mt-bt\/\",\"url\":\"https:\/\/eraclitea.it\/it\/prodotto\/corso-per-responsabili-e-addetti-alla-manutenzione-di-cabine-elettriche-mt-mt-e-mt-bt\/\",\"name\":\"Responsabili e addetti alla manutenzione di cabine elettriche MT\/MT e MT\/BT - Accademia Eraclitea\",\"isPartOf\":{\"@id\":\"https:\/\/eraclitea.it\/it\/#website\"},\"primaryImageOfPage\":{\"@id\":\"https:\/\/eraclitea.it\/it\/prodotto\/corso-per-responsabili-e-addetti-alla-manutenzione-di-cabine-elettriche-mt-mt-e-mt-bt\/#primaryimage\"},\"image\":{\"@id\":\"https:\/\/eraclitea.it\/it\/prodotto\/corso-per-responsabili-e-addetti-alla-manutenzione-di-cabine-elettriche-mt-mt-e-mt-bt\/#primaryimage\"},\"thumbnailUrl\":\"https:\/\/eraclitea.it\/it\/wp-content\/uploads\/2021\/04\/Corso-per-responsabili-e-addetti-alla-manutenzione-di-cabine-elettriche-mt-mt-e-mt-bt-\u2013-corso-di-aggiornamento@2x-1.png\",\"datePublished\":\"2021-04-01T08:41:12+00:00\",\"dateModified\":\"2026-03-28T18:17:46+00:00\",\"breadcrumb\":{\"@id\":\"https:\/\/eraclitea.it\/it\/prodotto\/corso-per-responsabili-e-addetti-alla-manutenzione-di-cabine-elettriche-mt-mt-e-mt-bt\/#breadcrumb\"},\"inLanguage\":\"it-IT\",\"potentialAction\":[{\"@type\":\"ReadAction\",\"target\":[\"https:\/\/eraclitea.it\/it\/prodotto\/corso-per-responsabili-e-addetti-alla-manutenzione-di-cabine-elettriche-mt-mt-e-mt-bt\/\"]}]},{\"@type\":\"ImageObject\",\"inLanguage\":\"it-IT\",\"@id\":\"https:\/\/eraclitea.it\/it\/prodotto\/corso-per-responsabili-e-addetti-alla-manutenzione-di-cabine-elettriche-mt-mt-e-mt-bt\/#primaryimage\",\"url\":\"https:\/\/eraclitea.it\/it\/wp-content\/uploads\/2021\/04\/Corso-per-responsabili-e-addetti-alla-manutenzione-di-cabine-elettriche-mt-mt-e-mt-bt-\u2013-corso-di-aggiornamento@2x-1.png\",\"contentUrl\":\"https:\/\/eraclitea.it\/it\/wp-content\/uploads\/2021\/04\/Corso-per-responsabili-e-addetti-alla-manutenzione-di-cabine-elettriche-mt-mt-e-mt-bt-\u2013-corso-di-aggiornamento@2x-1.png\",\"width\":350,\"height\":200},{\"@type\":\"BreadcrumbList\",\"@id\":\"https:\/\/eraclitea.it\/it\/prodotto\/corso-per-responsabili-e-addetti-alla-manutenzione-di-cabine-elettriche-mt-mt-e-mt-bt\/#breadcrumb\",\"itemListElement\":[{\"@type\":\"ListItem\",\"position\":1,\"name\":\"Home\",\"item\":\"https:\/\/eraclitea.it\/it\/\"},{\"@type\":\"ListItem\",\"position\":2,\"name\":\"Corsi\",\"item\":\"https:\/\/eraclitea.it\/it\/corsi\/\"},{\"@type\":\"ListItem\",\"position\":3,\"name\":\"Responsabili e addetti alla manutenzione di cabine elettriche MT\/MT e MT\/BT\"}]},{\"@type\":\"WebSite\",\"@id\":\"https:\/\/eraclitea.it\/it\/#website\",\"url\":\"https:\/\/eraclitea.it\/it\/\",\"name\":\"Accademia Eraclitea\",\"description\":\"Ente di Ricerca e di Alta Formazione Accreditato\",\"potentialAction\":[{\"@type\":\"SearchAction\",\"target\":{\"@type\":\"EntryPoint\",\"urlTemplate\":\"https:\/\/eraclitea.it\/it\/?s={search_term_string}\"},\"query-input\":{\"@type\":\"PropertyValueSpecification\",\"valueRequired\":true,\"valueName\":\"search_term_string\"}}],\"inLanguage\":\"it-IT\"}]}<\/script>\n<!-- \/ Yoast SEO plugin. -->","yoast_head_json":{"title":"Responsabili e addetti alla manutenzione di cabine elettriche MT\/MT e MT\/BT - Accademia Eraclitea","robots":{"index":"index","follow":"follow","max-snippet":"max-snippet:-1","max-image-preview":"max-image-preview:large","max-video-preview":"max-video-preview:-1"},"canonical":"https:\/\/eraclitea.it\/it\/prodotto\/corso-per-responsabili-e-addetti-alla-manutenzione-di-cabine-elettriche-mt-mt-e-mt-bt\/","og_locale":"it_IT","og_type":"article","og_title":"Responsabili e addetti alla manutenzione di cabine elettriche MT\/MT e MT\/BT - Accademia Eraclitea","og_description":"12 ore Il corso \u00e8 rivolto ai responsabili e tecnici elettricisti addetti all\u2019installazione e manutenzione delle cabine elettriche MT\/MT e MT\/BT.","og_url":"https:\/\/eraclitea.it\/it\/prodotto\/corso-per-responsabili-e-addetti-alla-manutenzione-di-cabine-elettriche-mt-mt-e-mt-bt\/","og_site_name":"Accademia Eraclitea","article_modified_time":"2026-03-28T18:17:46+00:00","og_image":[{"width":350,"height":200,"url":"https:\/\/eraclitea.it\/it\/wp-content\/uploads\/2021\/04\/Corso-per-responsabili-e-addetti-alla-manutenzione-di-cabine-elettriche-mt-mt-e-mt-bt-\u2013-corso-di-aggiornamento@2x-1.png","type":"image\/png"}],"twitter_card":"summary_large_image","twitter_misc":{"Tempo di lettura stimato":"5 minuti"},"schema":{"@context":"https:\/\/schema.org","@graph":[{"@type":"WebPage","@id":"https:\/\/eraclitea.it\/it\/prodotto\/corso-per-responsabili-e-addetti-alla-manutenzione-di-cabine-elettriche-mt-mt-e-mt-bt\/","url":"https:\/\/eraclitea.it\/it\/prodotto\/corso-per-responsabili-e-addetti-alla-manutenzione-di-cabine-elettriche-mt-mt-e-mt-bt\/","name":"Responsabili e addetti alla manutenzione di cabine elettriche MT\/MT e MT\/BT - Accademia Eraclitea","isPartOf":{"@id":"https:\/\/eraclitea.it\/it\/#website"},"primaryImageOfPage":{"@id":"https:\/\/eraclitea.it\/it\/prodotto\/corso-per-responsabili-e-addetti-alla-manutenzione-di-cabine-elettriche-mt-mt-e-mt-bt\/#primaryimage"},"image":{"@id":"https:\/\/eraclitea.it\/it\/prodotto\/corso-per-responsabili-e-addetti-alla-manutenzione-di-cabine-elettriche-mt-mt-e-mt-bt\/#primaryimage"},"thumbnailUrl":"https:\/\/eraclitea.it\/it\/wp-content\/uploads\/2021\/04\/Corso-per-responsabili-e-addetti-alla-manutenzione-di-cabine-elettriche-mt-mt-e-mt-bt-\u2013-corso-di-aggiornamento@2x-1.png","datePublished":"2021-04-01T08:41:12+00:00","dateModified":"2026-03-28T18:17:46+00:00","breadcrumb":{"@id":"https:\/\/eraclitea.it\/it\/prodotto\/corso-per-responsabili-e-addetti-alla-manutenzione-di-cabine-elettriche-mt-mt-e-mt-bt\/#breadcrumb"},"inLanguage":"it-IT","potentialAction":[{"@type":"ReadAction","target":["https:\/\/eraclitea.it\/it\/prodotto\/corso-per-responsabili-e-addetti-alla-manutenzione-di-cabine-elettriche-mt-mt-e-mt-bt\/"]}]},{"@type":"ImageObject","inLanguage":"it-IT","@id":"https:\/\/eraclitea.it\/it\/prodotto\/corso-per-responsabili-e-addetti-alla-manutenzione-di-cabine-elettriche-mt-mt-e-mt-bt\/#primaryimage","url":"https:\/\/eraclitea.it\/it\/wp-content\/uploads\/2021\/04\/Corso-per-responsabili-e-addetti-alla-manutenzione-di-cabine-elettriche-mt-mt-e-mt-bt-\u2013-corso-di-aggiornamento@2x-1.png","contentUrl":"https:\/\/eraclitea.it\/it\/wp-content\/uploads\/2021\/04\/Corso-per-responsabili-e-addetti-alla-manutenzione-di-cabine-elettriche-mt-mt-e-mt-bt-\u2013-corso-di-aggiornamento@2x-1.png","width":350,"height":200},{"@type":"BreadcrumbList","@id":"https:\/\/eraclitea.it\/it\/prodotto\/corso-per-responsabili-e-addetti-alla-manutenzione-di-cabine-elettriche-mt-mt-e-mt-bt\/#breadcrumb","itemListElement":[{"@type":"ListItem","position":1,"name":"Home","item":"https:\/\/eraclitea.it\/it\/"},{"@type":"ListItem","position":2,"name":"Corsi","item":"https:\/\/eraclitea.it\/it\/corsi\/"},{"@type":"ListItem","position":3,"name":"Responsabili e addetti alla manutenzione di cabine elettriche MT\/MT e MT\/BT"}]},{"@type":"WebSite","@id":"https:\/\/eraclitea.it\/it\/#website","url":"https:\/\/eraclitea.it\/it\/","name":"Accademia Eraclitea","description":"Ente di Ricerca e di Alta Formazione Accreditato","potentialAction":[{"@type":"SearchAction","target":{"@type":"EntryPoint","urlTemplate":"https:\/\/eraclitea.it\/it\/?s={search_term_string}"},"query-input":{"@type":"PropertyValueSpecification","valueRequired":true,"valueName":"search_term_string"}}],"inLanguage":"it-IT"}]}},"jetpack_sharing_enabled":true,"_links":{"self":[{"href":"https:\/\/eraclitea.it\/it\/wp-json\/wp\/v2\/product\/4470","targetHints":{"allow":["GET"]}}],"collection":[{"href":"https:\/\/eraclitea.it\/it\/wp-json\/wp\/v2\/product"}],"about":[{"href":"https:\/\/eraclitea.it\/it\/wp-json\/wp\/v2\/types\/product"}],"replies":[{"embeddable":true,"href":"https:\/\/eraclitea.it\/it\/wp-json\/wp\/v2\/comments?post=4470"}],"wp:featuredmedia":[{"embeddable":true,"href":"https:\/\/eraclitea.it\/it\/wp-json\/wp\/v2\/media\/6907"}],"wp:attachment":[{"href":"https:\/\/eraclitea.it\/it\/wp-json\/wp\/v2\/media?parent=4470"}],"wp:term":[{"taxonomy":"product_brand","embeddable":true,"href":"https:\/\/eraclitea.it\/it\/wp-json\/wp\/v2\/product_brand?post=4470"},{"taxonomy":"product_cat","embeddable":true,"href":"https:\/\/eraclitea.it\/it\/wp-json\/wp\/v2\/product_cat?post=4470"},{"taxonomy":"product_tag","embeddable":true,"href":"https:\/\/eraclitea.it\/it\/wp-json\/wp\/v2\/product_tag?post=4470"}],"curies":[{"name":"wp","href":"https:\/\/api.w.org\/{rel}","templated":true}]}}