{"id":4440,"date":"2021-03-31T19:58:48","date_gmt":"2021-03-31T19:58:48","guid":{"rendered":"https:\/\/eraclitea.it\/eracliteait\/?post_type=product&#038;p=4440"},"modified":"2021-05-19T10:44:09","modified_gmt":"2021-05-19T10:44:09","slug":"la-legge-anticorruzione-ed-il-procedimento-amministrativo-dopo-la-riforma-madia-l-125-15","status":"publish","type":"product","link":"https:\/\/eraclitea.it\/it\/prodotto\/la-legge-anticorruzione-ed-il-procedimento-amministrativo-dopo-la-riforma-madia-l-125-15\/","title":{"rendered":"La Legge anticorruzione ed il procedimento amministrativo dopo la riforma Madia (L. 125\/15)"},"content":{"rendered":"<table style=\"border: 0px; height: 244px; width: 721px;\">\n<tbody>\n<tr>\n<td style=\"width: 38.75px;\"><a href=\"https:\/\/eraclitea.it\/it\/wp-content\/uploads\/2021\/01\/orolo2.png\"><img loading=\"lazy\" decoding=\"async\" class=\"alignnone wp-image-887 \" src=\"https:\/\/eraclitea.it\/it\/wp-content\/uploads\/2021\/03\/tempo.png\" alt=\"\" width=\"33\" height=\"33\" \/><\/a><\/td>\n<td style=\"width: 147.841px;\">\n<h4 class=\"et_pb_module_header\">Durata del corso:<\/h4>\n<\/td>\n<td style=\"width: 515.114px;\">8 ore<\/td>\n<\/tr>\n<tr>\n<td style=\"width: 38.75px;\"><a href=\"https:\/\/eraclitea.it\/it\/wp-content\/uploads\/2021\/03\/Tavola-da-disegno-\u2013-13.png\"><img loading=\"lazy\" decoding=\"async\" class=\"alignnone wp-image-3710 \" src=\"https:\/\/eraclitea.it\/it\/wp-content\/uploads\/2021\/03\/Tavola-da-disegno-\u2013-13-300x300.png\" alt=\"\" width=\"39\" height=\"39\" srcset=\"https:\/\/eraclitea.it\/it\/wp-content\/uploads\/2021\/03\/Tavola-da-disegno-\u2013-13-300x300.png 300w, https:\/\/eraclitea.it\/it\/wp-content\/uploads\/2021\/03\/Tavola-da-disegno-\u2013-13-150x150.png 150w, https:\/\/eraclitea.it\/it\/wp-content\/uploads\/2021\/03\/Tavola-da-disegno-\u2013-13-100x100.png 100w, https:\/\/eraclitea.it\/it\/wp-content\/uploads\/2021\/03\/Tavola-da-disegno-\u2013-13-64x64.png 64w, https:\/\/eraclitea.it\/it\/wp-content\/uploads\/2021\/03\/Tavola-da-disegno-\u2013-13.png 400w\" sizes=\"(max-width: 39px) 100vw, 39px\" \/><\/a><\/td>\n<td style=\"width: 147.841px;\">\n<h4>N. Partecipanti:<\/h4>\n<\/td>\n<td style=\"width: 515.114px;\"><\/td>\n<\/tr>\n<tr>\n<td style=\"width: 38.75px;\"><a href=\"https:\/\/eraclitea.it\/it\/wp-content\/uploads\/2021\/04\/Tavola-da-disegno-\u2013-13-2.png\"><img loading=\"lazy\" decoding=\"async\" class=\"alignnone size-medium wp-image-5967\" src=\"https:\/\/eraclitea.it\/it\/wp-content\/uploads\/2021\/04\/Tavola-da-disegno-\u2013-13-2-300x300.png\" alt=\"\" width=\"300\" height=\"300\" \/><\/a><\/td>\n<td style=\"width: 147.841px;\">\n<h4>A chi \u00e8 rivolto:<\/h4>\n<\/td>\n<td style=\"width: 515.114px;\">Responsabile Prevenzione Corruzione, dirigenti, responsabili degli uffici, tutti i dipendenti.<\/td>\n<\/tr>\n<\/tbody>\n<\/table>\n<h3><\/h3>\n<p>&nbsp;<\/p>\n<h3>Legge di riferimento<\/h3>\n<p>La\u00a0 Legge anticorruzione ed il procedimento amministrativo dopo la riforma Maida (L. 125\/15): novit\u00e0 in tema di conferenza di servizi, scia, silenzio assenso, autorizzazione espressa, comunicazione preventiva e autotutela amministrativa<\/p>\n<p>&nbsp;<\/p>\n<h3>Programma<\/h3>\n<p class=\"p1\"><div class='et-learn-more clearfix'>\n\t\t\t\t\t<h3 class='heading-more'>MODULO 1 <span class='et_learnmore_arrow'><span><\/span><\/span><\/h3>\n\t\t\t\t\t<div class='learn-more-content'><div>\n<ul>\n<li>Il sistema delle fonti normative in materia di procedimento amministrativo dopo le modifiche introdotte dalla Legge Anticorruzione (L. 190\/2012) e dalla Legge Madia (L. 125\/15)<\/li>\n<li>Come cambiano i rapporti fra cittadini e pubblica amministrazione: la carta della cittadinanza digitale come strumento di trasparenza e semplificazione dei procedimenti amministrativi e di accesso ai servizi pubblici<\/li>\n<li>L\u2019ambito di applicazione della normativa: i soggetti destinatari<\/li>\n<li>La Legge Anticorruzione ed il Procedimento amministrativo: monitoraggio dei termini per la conclusione dei procedimenti e la eliminazione delle anomalie. Gli obblighi di pubblicazione sul sito istituzionale<\/li>\n<li>L\u2019accessibilit\u00e0 alle informazioni ed ai documenti<\/li>\n<li>La Legge Madia: la riforma della conferenza dei servizi, l\u2019introduzione dell\u2019istituto del silenzio-assenso tra pubbliche amministrazioni e gestori di beni o servizi pubblici, i nuovi criteri e le modifiche in materia di SCIA, silenzio assenso, autorizzazione espressa e comunicazione preventiva<\/li>\n<li>Le novit\u00e0 in materia di autotutela amministrativa<\/li>\n<li>I criteri per la semplificazione e l\u2019accelerazione dei procedimenti amministrativi<\/li>\n<li>Il conflitto di interessi del responsabile del procedimento: le modalit\u00e0 di comunicazione e le scelte organizzative per la sua eliminazione<\/li>\n<li>La conclusione del procedimento: le responsabilit\u00e0 dei dirigenti e del responsabile del procedimento<\/li>\n<li>La capacit\u00e0 organizzativa del dirigente<\/li>\n<li>L\u2019incidenza sulla valutazione del dirigente per il mancato rispetto dei termini<\/li>\n<li>Le ipotesi di infondatezza, inammissibilit\u00e0, irripetibilit\u00e0 ed improcedibilit\u00e0 di una domanda: la tipologia ed il contenuto del provvedimento<\/li>\n<li>Le informazioni, i dati ed i provvedimenti da pubblicare nella Sezione \u201cAmministrazione Trasparente\u201d: la particolarit\u00e0 degli atti di pianificazione e degli interventi di urgenti<\/li>\n<li>L\u2019azione di condanna per danno ingiusto: il risarcimento per mancato rispetto dei termini di conclusione del procedimento<\/li>\n<li>La tutela contro l\u2019inerzia della P.A. e la \u201cnomina\u201d del sostituto: i ricorsi avverso il silenzio dell\u2019Amministrazione<\/li>\n<li>L\u2019azione di annullamento degli atti. L\u2019azione di accertamento della nullit\u00e0 degli atti<\/li>\n<li>L\u2019autonomia dell\u2019azione di condanna al risarcimento da quella di annullamento<\/li>\n<\/ul>\n<\/div>\n<p class=\"p1\"><\/div>\n\t\t\t\t<\/div><\/p>\n<p>&nbsp;<\/p>\n<p><code><\/code><\/p>\n","protected":false},"excerpt":{"rendered":"<h4>8 ore<\/h4>\n<p>Responsabile Prevenzione Corruzione, dirigenti, responsabili degli uffici, tutti i dipendenti.<\/p>\n","protected":false},"featured_media":5018,"comment_status":"open","ping_status":"closed","template":"","meta":{"_et_pb_use_builder":"off","_et_pb_old_content":"OBIETTIVI DEL CORSO\r\n\r\nIl corso di qualifica per Operatore Socio Sanitario \u00e8 volto a formare operatori in grado di intervenire nelle situazioni caratterizzate da mancanza temporanea e\/o permanente di autonomia psicofisica. Grazie alla formazione teorico-pratica e al tirocinio pratico, gli allievi avranno l\u2019opportunit\u00e0 di sviluppare competenze professionali volte a:\r\n<ul>\r\n \t<li>identificare, classificare ed interpretare le problematiche delle diverse tipologie di utenze (minori, anziani, persone con disabilit\u00e0, pazienti oncologici);<\/li>\r\n \t<li>conoscere l\u2019organizzazione dei servizi sociali e sanitari; acquisire elementi di igiene e prevenzione e di anatomia, fisiologia e dietetica;<\/li>\r\n \t<li>identificare gli elementi necessari alla pianificazione dell\u2019assistenza e applicare le conoscenze acquisite per mantenere un ambiente terapeutico adeguato alla cura della persona e per applicare le diverse metodologie operative di carattere sanitario sugli assistiti.<\/li>\r\n<\/ul>\r\nIL CORSO E\u2019 ACCREDITATO DALLA REGIONE SICILIANA, ASSESSORATO ALLA SALUTE, AI SENSI DEL DECRETO DEL 12 AGOSTO 2020 (GURS N. 45\/2020) e ACCORDO STATO REGIONI DEL 22 FEBBRAIO 2001.\r\n\r\nPROGRAMMA \u2013 le materie di insegnamento sono articolate nelle seguenti aree disciplinari","_et_gb_content_width":"","_joinchat":[]},"product_brand":[],"product_cat":[31],"product_tag":[81],"class_list":{"0":"post-4440","1":"product","2":"type-product","3":"status-publish","4":"has-post-thumbnail","6":"product_cat-pubblica-amministrazione","7":"product_tag-pubblica-amministrazione","9":"first","10":"instock","11":"shipping-taxable","12":"product-type-simple"},"yoast_head":"<!-- This site is optimized with the Yoast SEO plugin v27.0 - https:\/\/yoast.com\/product\/yoast-seo-wordpress\/ -->\n<title>La Legge anticorruzione ed il procedimento amministrativo dopo la riforma Madia (L. 125\/15) - Accademia Eraclitea<\/title>\n<meta name=\"robots\" content=\"index, follow, max-snippet:-1, max-image-preview:large, max-video-preview:-1\" \/>\n<link rel=\"canonical\" href=\"https:\/\/eraclitea.it\/it\/prodotto\/la-legge-anticorruzione-ed-il-procedimento-amministrativo-dopo-la-riforma-madia-l-125-15\/\" \/>\n<meta property=\"og:locale\" content=\"it_IT\" \/>\n<meta property=\"og:type\" content=\"article\" \/>\n<meta property=\"og:title\" content=\"La Legge anticorruzione ed il procedimento amministrativo dopo la riforma Madia (L. 125\/15) - Accademia Eraclitea\" \/>\n<meta property=\"og:description\" content=\"8 ore Responsabile Prevenzione Corruzione, dirigenti, responsabili degli uffici, tutti i dipendenti.\" \/>\n<meta property=\"og:url\" content=\"https:\/\/eraclitea.it\/it\/prodotto\/la-legge-anticorruzione-ed-il-procedimento-amministrativo-dopo-la-riforma-madia-l-125-15\/\" \/>\n<meta property=\"og:site_name\" content=\"Accademia Eraclitea\" \/>\n<meta property=\"article:modified_time\" content=\"2021-05-19T10:44:09+00:00\" \/>\n<meta property=\"og:image\" content=\"https:\/\/eraclitea.it\/it\/wp-content\/uploads\/2021\/03\/La-Legge-anticorruzione-ed-il-procedimento-amministrativo-dopo-la-riforma-Madia-L.-125-15@2x.png\" \/>\n\t<meta property=\"og:image:width\" content=\"350\" \/>\n\t<meta property=\"og:image:height\" content=\"200\" \/>\n\t<meta property=\"og:image:type\" content=\"image\/png\" \/>\n<meta name=\"twitter:card\" content=\"summary_large_image\" \/>\n<meta name=\"twitter:label1\" content=\"Tempo di lettura stimato\" \/>\n\t<meta name=\"twitter:data1\" content=\"3 minuti\" \/>\n<script type=\"application\/ld+json\" class=\"yoast-schema-graph\">{\"@context\":\"https:\/\/schema.org\",\"@graph\":[{\"@type\":\"WebPage\",\"@id\":\"https:\/\/eraclitea.it\/it\/prodotto\/la-legge-anticorruzione-ed-il-procedimento-amministrativo-dopo-la-riforma-madia-l-125-15\/\",\"url\":\"https:\/\/eraclitea.it\/it\/prodotto\/la-legge-anticorruzione-ed-il-procedimento-amministrativo-dopo-la-riforma-madia-l-125-15\/\",\"name\":\"La Legge anticorruzione ed il procedimento amministrativo dopo la riforma Madia (L. 125\/15) - Accademia Eraclitea\",\"isPartOf\":{\"@id\":\"https:\/\/eraclitea.it\/it\/#website\"},\"primaryImageOfPage\":{\"@id\":\"https:\/\/eraclitea.it\/it\/prodotto\/la-legge-anticorruzione-ed-il-procedimento-amministrativo-dopo-la-riforma-madia-l-125-15\/#primaryimage\"},\"image\":{\"@id\":\"https:\/\/eraclitea.it\/it\/prodotto\/la-legge-anticorruzione-ed-il-procedimento-amministrativo-dopo-la-riforma-madia-l-125-15\/#primaryimage\"},\"thumbnailUrl\":\"https:\/\/eraclitea.it\/it\/wp-content\/uploads\/2021\/03\/La-Legge-anticorruzione-ed-il-procedimento-amministrativo-dopo-la-riforma-Madia-L.-125-15@2x.png\",\"datePublished\":\"2021-03-31T19:58:48+00:00\",\"dateModified\":\"2021-05-19T10:44:09+00:00\",\"breadcrumb\":{\"@id\":\"https:\/\/eraclitea.it\/it\/prodotto\/la-legge-anticorruzione-ed-il-procedimento-amministrativo-dopo-la-riforma-madia-l-125-15\/#breadcrumb\"},\"inLanguage\":\"it-IT\",\"potentialAction\":[{\"@type\":\"ReadAction\",\"target\":[\"https:\/\/eraclitea.it\/it\/prodotto\/la-legge-anticorruzione-ed-il-procedimento-amministrativo-dopo-la-riforma-madia-l-125-15\/\"]}]},{\"@type\":\"ImageObject\",\"inLanguage\":\"it-IT\",\"@id\":\"https:\/\/eraclitea.it\/it\/prodotto\/la-legge-anticorruzione-ed-il-procedimento-amministrativo-dopo-la-riforma-madia-l-125-15\/#primaryimage\",\"url\":\"https:\/\/eraclitea.it\/it\/wp-content\/uploads\/2021\/03\/La-Legge-anticorruzione-ed-il-procedimento-amministrativo-dopo-la-riforma-Madia-L.-125-15@2x.png\",\"contentUrl\":\"https:\/\/eraclitea.it\/it\/wp-content\/uploads\/2021\/03\/La-Legge-anticorruzione-ed-il-procedimento-amministrativo-dopo-la-riforma-Madia-L.-125-15@2x.png\",\"width\":350,\"height\":200},{\"@type\":\"BreadcrumbList\",\"@id\":\"https:\/\/eraclitea.it\/it\/prodotto\/la-legge-anticorruzione-ed-il-procedimento-amministrativo-dopo-la-riforma-madia-l-125-15\/#breadcrumb\",\"itemListElement\":[{\"@type\":\"ListItem\",\"position\":1,\"name\":\"Home\",\"item\":\"https:\/\/eraclitea.it\/it\/\"},{\"@type\":\"ListItem\",\"position\":2,\"name\":\"Corsi\",\"item\":\"https:\/\/eraclitea.it\/it\/corsi\/\"},{\"@type\":\"ListItem\",\"position\":3,\"name\":\"La Legge anticorruzione ed il procedimento amministrativo dopo la riforma Madia (L. 125\/15)\"}]},{\"@type\":\"WebSite\",\"@id\":\"https:\/\/eraclitea.it\/it\/#website\",\"url\":\"https:\/\/eraclitea.it\/it\/\",\"name\":\"Accademia Eraclitea\",\"description\":\"Ente di Ricerca e di Alta Formazione Accreditato\",\"potentialAction\":[{\"@type\":\"SearchAction\",\"target\":{\"@type\":\"EntryPoint\",\"urlTemplate\":\"https:\/\/eraclitea.it\/it\/?s={search_term_string}\"},\"query-input\":{\"@type\":\"PropertyValueSpecification\",\"valueRequired\":true,\"valueName\":\"search_term_string\"}}],\"inLanguage\":\"it-IT\"}]}<\/script>\n<!-- \/ Yoast SEO plugin. -->","yoast_head_json":{"title":"La Legge anticorruzione ed il procedimento amministrativo dopo la riforma Madia (L. 125\/15) - Accademia Eraclitea","robots":{"index":"index","follow":"follow","max-snippet":"max-snippet:-1","max-image-preview":"max-image-preview:large","max-video-preview":"max-video-preview:-1"},"canonical":"https:\/\/eraclitea.it\/it\/prodotto\/la-legge-anticorruzione-ed-il-procedimento-amministrativo-dopo-la-riforma-madia-l-125-15\/","og_locale":"it_IT","og_type":"article","og_title":"La Legge anticorruzione ed il procedimento amministrativo dopo la riforma Madia (L. 125\/15) - Accademia Eraclitea","og_description":"8 ore Responsabile Prevenzione Corruzione, dirigenti, responsabili degli uffici, tutti i dipendenti.","og_url":"https:\/\/eraclitea.it\/it\/prodotto\/la-legge-anticorruzione-ed-il-procedimento-amministrativo-dopo-la-riforma-madia-l-125-15\/","og_site_name":"Accademia Eraclitea","article_modified_time":"2021-05-19T10:44:09+00:00","og_image":[{"width":350,"height":200,"url":"https:\/\/eraclitea.it\/it\/wp-content\/uploads\/2021\/03\/La-Legge-anticorruzione-ed-il-procedimento-amministrativo-dopo-la-riforma-Madia-L.-125-15@2x.png","type":"image\/png"}],"twitter_card":"summary_large_image","twitter_misc":{"Tempo di lettura stimato":"3 minuti"},"schema":{"@context":"https:\/\/schema.org","@graph":[{"@type":"WebPage","@id":"https:\/\/eraclitea.it\/it\/prodotto\/la-legge-anticorruzione-ed-il-procedimento-amministrativo-dopo-la-riforma-madia-l-125-15\/","url":"https:\/\/eraclitea.it\/it\/prodotto\/la-legge-anticorruzione-ed-il-procedimento-amministrativo-dopo-la-riforma-madia-l-125-15\/","name":"La Legge anticorruzione ed il procedimento amministrativo dopo la riforma Madia (L. 125\/15) - Accademia Eraclitea","isPartOf":{"@id":"https:\/\/eraclitea.it\/it\/#website"},"primaryImageOfPage":{"@id":"https:\/\/eraclitea.it\/it\/prodotto\/la-legge-anticorruzione-ed-il-procedimento-amministrativo-dopo-la-riforma-madia-l-125-15\/#primaryimage"},"image":{"@id":"https:\/\/eraclitea.it\/it\/prodotto\/la-legge-anticorruzione-ed-il-procedimento-amministrativo-dopo-la-riforma-madia-l-125-15\/#primaryimage"},"thumbnailUrl":"https:\/\/eraclitea.it\/it\/wp-content\/uploads\/2021\/03\/La-Legge-anticorruzione-ed-il-procedimento-amministrativo-dopo-la-riforma-Madia-L.-125-15@2x.png","datePublished":"2021-03-31T19:58:48+00:00","dateModified":"2021-05-19T10:44:09+00:00","breadcrumb":{"@id":"https:\/\/eraclitea.it\/it\/prodotto\/la-legge-anticorruzione-ed-il-procedimento-amministrativo-dopo-la-riforma-madia-l-125-15\/#breadcrumb"},"inLanguage":"it-IT","potentialAction":[{"@type":"ReadAction","target":["https:\/\/eraclitea.it\/it\/prodotto\/la-legge-anticorruzione-ed-il-procedimento-amministrativo-dopo-la-riforma-madia-l-125-15\/"]}]},{"@type":"ImageObject","inLanguage":"it-IT","@id":"https:\/\/eraclitea.it\/it\/prodotto\/la-legge-anticorruzione-ed-il-procedimento-amministrativo-dopo-la-riforma-madia-l-125-15\/#primaryimage","url":"https:\/\/eraclitea.it\/it\/wp-content\/uploads\/2021\/03\/La-Legge-anticorruzione-ed-il-procedimento-amministrativo-dopo-la-riforma-Madia-L.-125-15@2x.png","contentUrl":"https:\/\/eraclitea.it\/it\/wp-content\/uploads\/2021\/03\/La-Legge-anticorruzione-ed-il-procedimento-amministrativo-dopo-la-riforma-Madia-L.-125-15@2x.png","width":350,"height":200},{"@type":"BreadcrumbList","@id":"https:\/\/eraclitea.it\/it\/prodotto\/la-legge-anticorruzione-ed-il-procedimento-amministrativo-dopo-la-riforma-madia-l-125-15\/#breadcrumb","itemListElement":[{"@type":"ListItem","position":1,"name":"Home","item":"https:\/\/eraclitea.it\/it\/"},{"@type":"ListItem","position":2,"name":"Corsi","item":"https:\/\/eraclitea.it\/it\/corsi\/"},{"@type":"ListItem","position":3,"name":"La Legge anticorruzione ed il procedimento amministrativo dopo la riforma Madia (L. 125\/15)"}]},{"@type":"WebSite","@id":"https:\/\/eraclitea.it\/it\/#website","url":"https:\/\/eraclitea.it\/it\/","name":"Accademia Eraclitea","description":"Ente di Ricerca e di Alta Formazione Accreditato","potentialAction":[{"@type":"SearchAction","target":{"@type":"EntryPoint","urlTemplate":"https:\/\/eraclitea.it\/it\/?s={search_term_string}"},"query-input":{"@type":"PropertyValueSpecification","valueRequired":true,"valueName":"search_term_string"}}],"inLanguage":"it-IT"}]}},"jetpack_sharing_enabled":true,"_links":{"self":[{"href":"https:\/\/eraclitea.it\/it\/wp-json\/wp\/v2\/product\/4440","targetHints":{"allow":["GET"]}}],"collection":[{"href":"https:\/\/eraclitea.it\/it\/wp-json\/wp\/v2\/product"}],"about":[{"href":"https:\/\/eraclitea.it\/it\/wp-json\/wp\/v2\/types\/product"}],"replies":[{"embeddable":true,"href":"https:\/\/eraclitea.it\/it\/wp-json\/wp\/v2\/comments?post=4440"}],"wp:featuredmedia":[{"embeddable":true,"href":"https:\/\/eraclitea.it\/it\/wp-json\/wp\/v2\/media\/5018"}],"wp:attachment":[{"href":"https:\/\/eraclitea.it\/it\/wp-json\/wp\/v2\/media?parent=4440"}],"wp:term":[{"taxonomy":"product_brand","embeddable":true,"href":"https:\/\/eraclitea.it\/it\/wp-json\/wp\/v2\/product_brand?post=4440"},{"taxonomy":"product_cat","embeddable":true,"href":"https:\/\/eraclitea.it\/it\/wp-json\/wp\/v2\/product_cat?post=4440"},{"taxonomy":"product_tag","embeddable":true,"href":"https:\/\/eraclitea.it\/it\/wp-json\/wp\/v2\/product_tag?post=4440"}],"curies":[{"name":"wp","href":"https:\/\/api.w.org\/{rel}","templated":true}]}}