{"id":4352,"date":"2021-03-31T13:48:01","date_gmt":"2021-03-31T13:48:01","guid":{"rendered":"https:\/\/eraclitea.it\/eracliteait\/?post_type=product&#038;p=4352"},"modified":"2021-05-24T14:48:18","modified_gmt":"2021-05-24T14:48:18","slug":"operatori-escavatori-idraulici-caricatori-frontali-e-terne","status":"publish","type":"product","link":"https:\/\/eraclitea.it\/it\/prodotto\/operatori-escavatori-idraulici-caricatori-frontali-e-terne\/","title":{"rendered":"Operatori escavatori idraulici, caricatori frontali e terne"},"content":{"rendered":"<table style=\"border: 0px; height: 244px; width: 721px;\">\n<tbody>\n<tr>\n<td style=\"width: 38.75px;\"><a href=\"https:\/\/eraclitea.it\/it\/wp-content\/uploads\/2021\/01\/orolo2.png\"><img loading=\"lazy\" decoding=\"async\" class=\"alignnone wp-image-887 \" src=\"https:\/\/eraclitea.it\/it\/wp-content\/uploads\/2021\/03\/tempo.png\" alt=\"\" width=\"33\" height=\"33\" \/><\/a><\/td>\n<td style=\"width: 147.841px;\">\n<h4 class=\"et_pb_module_header\">Durata del corso:<\/h4>\n<\/td>\n<td style=\"width: 515.114px;\">16 ore<\/td>\n<\/tr>\n<tr>\n<td style=\"width: 38.75px;\"><a href=\"https:\/\/eraclitea.it\/it\/wp-content\/uploads\/2021\/03\/Tavola-da-disegno-\u2013-13.png\"><img loading=\"lazy\" decoding=\"async\" class=\"alignnone wp-image-3710 \" src=\"https:\/\/eraclitea.it\/it\/wp-content\/uploads\/2021\/03\/Tavola-da-disegno-\u2013-13-300x300.png\" alt=\"\" width=\"39\" height=\"39\" srcset=\"https:\/\/eraclitea.it\/it\/wp-content\/uploads\/2021\/03\/Tavola-da-disegno-\u2013-13-300x300.png 300w, https:\/\/eraclitea.it\/it\/wp-content\/uploads\/2021\/03\/Tavola-da-disegno-\u2013-13-150x150.png 150w, https:\/\/eraclitea.it\/it\/wp-content\/uploads\/2021\/03\/Tavola-da-disegno-\u2013-13-100x100.png 100w, https:\/\/eraclitea.it\/it\/wp-content\/uploads\/2021\/03\/Tavola-da-disegno-\u2013-13-64x64.png 64w, https:\/\/eraclitea.it\/it\/wp-content\/uploads\/2021\/03\/Tavola-da-disegno-\u2013-13.png 400w\" sizes=\"(max-width: 39px) 100vw, 39px\" \/><\/a><\/td>\n<td style=\"width: 147.841px;\">\n<h4>N. Partecipanti:<\/h4>\n<\/td>\n<td style=\"width: 515.114px;\"><\/td>\n<\/tr>\n<tr>\n<td style=\"width: 38.75px;\"><a href=\"https:\/\/eraclitea.it\/it\/wp-content\/uploads\/2021\/04\/Tavola-da-disegno-\u2013-13-2.png\"><img loading=\"lazy\" decoding=\"async\" class=\"alignnone size-medium wp-image-5967\" src=\"https:\/\/eraclitea.it\/it\/wp-content\/uploads\/2021\/04\/Tavola-da-disegno-\u2013-13-2-300x300.png\" alt=\"\" width=\"300\" height=\"300\" \/><\/a><\/td>\n<td style=\"width: 147.841px;\">\n<h4>A chi \u00e8 rivolto:<\/h4>\n<\/td>\n<td style=\"width: 515.114px;\">Operatori escavatori idraulici, caricatori frontali e terne.<\/td>\n<\/tr>\n<\/tbody>\n<\/table>\n<p>&nbsp;<\/p>\n<p>&nbsp;<\/p>\n<h3>Accordo Stato-Regioni del 22 febbraio 2012<\/h3>\n<div>Accordo ai sensi dell&#8217;art. 4 del decreto legislativo 28 agosto 1997, n. 281, tra il Governo, le Regioni e le Province autonome di Trento e Bolzano concernente l&#8217;individuazione delle attrezzature di lavoro per le quali e&#8217; richiesta una specifica abilitazione degli operatori, nonche&#8217; le modalita&#8217; per il riconoscimento di tale abilitazione, i soggetti formatori, la durata, gli indirizzi ed i requisiti minimi di validita&#8217; della formazione, in attuazione dell&#8217;art. 73, comma 5, del decreto legislativo 9 aprile 2008, n. 81 e successive modifiche e integrazioni.<\/div>\n<div>Il presente accordo costituisce attuazione dell\u2019articolo 73, comma 5, D.lgs. n. 81\/08, ove si demanda alla Conferenza Stato, Regioni e Province autonome l&#8217;individuazione delle attrezzature di lavoro per le quali \u00e8 richiesta una specifica abilitazione degli operatori.<\/div>\n<div><\/div>\n<p>&nbsp;<\/p>\n<h3>Obiettivi del corso<\/h3>\n<div>Trasferimento delle capacit\u00e0 e conoscenze per un corretto e sicuro uso delle macchine movimento terra, per escavatori idraulici, caricatori frontali e terne.<\/div>\n<div>\n<p>&nbsp;<\/p>\n<h3>Specifiche Mezzo<\/h3>\n<p>Operatori macchine movimento terra (escavatori, pale caricatrici, terne, autoribaltabili a cingoli)<br \/>\n(escavatori idraulici, caricatori frontali e terne)<\/p>\n<div><\/div>\n<p>(Decreto Legislativo coordinato 81\/2008 e 106\/2009 artt. art. 73 comma e 4 &#8211; Accordo Stato Regioni 22\/02\/12)<\/p>\n<\/div>\n<p>&nbsp;<\/p>\n<h3>Programma<\/h3>\n<div>\n<div class='et-learn-more clearfix'>\n\t\t\t\t\t<h3 class='heading-more'>MODULO GIURIDICO - NORMATIVO (1 ORA)<span class='et_learnmore_arrow'><span><\/span><\/span><\/h3>\n\t\t\t\t\t<div class='learn-more-content'><ul>\n<li>Presentazione del corso. Cenni di normativa generale in materia di igiene e sicurezza del lavoro con particolare riferimento all\u2019uso di attrezzature di lavoro semoventi con operatore a bordo (D.Lgs. n. 81\/2008). Responsabilit\u00e0 dell\u2019operatore.<\/li>\n<\/ul><\/div>\n\t\t\t\t<\/div>\n<\/div>\n<div>\n<div class='et-learn-more clearfix'>\n\t\t\t\t\t<h3 class='heading-more'> MODULO TECNICO (3 ORE)<span class='et_learnmore_arrow'><span><\/span><\/span><\/h3>\n\t\t\t\t\t<div class='learn-more-content'><ul>\n<li>Categorie di attrezzature: i vari tipi di macchine movimento terra e descrizione delle caratteristiche generali e specifiche, con particolare riferimento a escavatori, caricatori, terne e autoribaltabili a cingoli.<\/li>\n<li>Componenti strutturali: struttura portante, organi di trasmissione, organi di propulsione, organi di direzione e frenatura, circuiti d\u00ec comando, impianto idraulico, impianto elettrico (ciascuna componente riferita alle attrezzature oggetto del corso).<\/li>\n<li>Dispositivi di comando e di sicurezza: identificazione dei dispositivi di comando e loro funzionamento, identificazione dei dispositivi di sicurezza e loro funzione. Visibilit\u00e0 dell\u2019attrezzatura e identificazione delle zone cieche, sistemi di accesso.<\/li>\n<li>Controlli da effettuare prima dell\u2019utilizzo; controlli visivi e funzionali ad inizio ciclo di lavoro.<\/li>\n<li>Modalit\u00e0 di utilizzo in sicurezza e rischi: analisi e valutazione dei rischi pi\u00f9 ricorrenti nel ciclo base delle attrezzature (rischio di capovolgimento e stabilit\u00e0 statica e dinamica, contatti non intenzionali con organi in movimento e con superfici calde, rischi dovuti alla mobilit\u00e0, ecc.). Avviamento, spostamento, azionamenti, manovre, operazioni con le principali attrezzature di lavoro. Precauzioni da adottare sull\u2019organizzazione dell\u2019area di scavo o lavoro.<\/li>\n<li>Protezione nei confronti degli agenti fisici: rumore, vibrazioni al corpo intero ed al sistema mano-braccio.<\/li>\n<\/ul><\/div>\n\t\t\t\t<\/div>\n<\/div>\n<div>\n<div class='et-learn-more clearfix'>\n\t\t\t\t\t<h3 class='heading-more'>MODULO PRATICO PER ESCAVATORI IDRAULICI, CARICATORI FRONTALI E TERNE (12 ORE)<span class='et_learnmore_arrow'><span><\/span><\/span><\/h3>\n\t\t\t\t\t<div class='learn-more-content'><ul>\n<li>Individuazione dei componenti strutturali: struttura portante, organi di trasmissione, organi di propulsione, organi di direzione e frenatura, dispositivi di accoppiamento e azionamento delle macchine operatrici.<\/li>\n<li>Individuazione dei dispositivi di comando e di sicurezza: identificazione dei dispositivi di comando e loro funzionamento, identificazione dei dispositivi di sicurezza e loro funzione, conoscenza dei pattern di comando.<\/li>\n<li>Controlli pre-utilizzo: controlli visivi e funzionali delle macchine, dei dispositivi di comando e di sicurezza.<\/li>\n<li>Pianificazione delle operazioni di campo, scavo e caricamento: pendenze, accesso, ostacoli sul percorso, tipologia e condizioni del fondo e del terreno, sbancamento, livellamento, scavo, scavo offset, spostamento in pendenza a vuoto ed a carico nominale. Operazioni di movimentazione e sollevamento carichi, manovra di agganci rapidi per attrezzi.<\/li>\n<li>Esercitazioni di pratiche operative: tecniche di manovra e gestione delle situazioni di pericolo.<\/li>\n<li>Guida degli escavatori idraulici, dei caricatori frontali e delle terne su strada. Le esercitazioni devono prevedere:\na) predisposizione del mezzo e posizionamento organi di lavoro;\nb) guida con attrezzature.<\/li>\n<li>Uso di escavatori idraulici, dei caricatori frontali e delle terne. Le esercitazioni devono prevedere:\na) esecuzione di manovre di scavo e riempimento;\nb) accoppiamento attrezzature in piano e non;\nc) manovre di livellamento;\nd) operazioni di movimentazione carichi pesanti e di precisione;\ne) uso con forche o pinza;\nf) aggancio di attrezzature speciali (martello demolitore, pinza idraulica, trivella, ecc.) e loro impiego;\ng) manovre di caricamento.<\/li>\n<li>Messa a riposo e trasporto degli escavatori idraulici, dei caricatori frontali e delle terne: parcheggio e rimessaggio (ricovero) in area idonea, precauzioni contro l\u2019utilizzo non autorizzato. Salita sul carrellone di trasporto. Individuazione dei punti di aggancio per il sollevamento.<\/li>\n<\/ul><\/div>\n\t\t\t\t<\/div>\n<\/div>\n<div>\n<div class='et-learn-more clearfix'>\n\t\t\t\t\t<h3 class='heading-more'>VERIFICA FINALE<span class='et_learnmore_arrow'><span><\/span><\/span><\/h3>\n\t\t\t\t\t<div class='learn-more-content'><ul>\n<li>Al termine dei due moduli teorici (al di fuori dei tempi previsti per i moduli teorici) si svolger\u00e0 una prova intermedia di verifica consistente in un questionario a risposta multipla. Il superamento della prova, che si intende superata con almeno il 70% delle risposte esatte, consentir\u00e0 il passaggio ai moduli pratici specifici. Il mancato superamento della prova comporta la ripetizione dei due moduli.<\/li>\n<li>Al termine del modulo pratico (al di fuori dei tempi previsti per il modulo pratico) avr\u00e0 luogo una prova pratica di verifica finale.<\/li>\n<li>Tutte le prove pratiche devono essere superate.<\/li>\n<li>Il mancato superamento della prova di verifica finale comporta l\u2019obbligo di ripetere il modulo pratico.<\/li>\n<li>L&#8217;esito positivo delle prove di verifica intermedia e finale, unitamente a una presenza pari ad almeno il 90% del monte ore, consente il rilascio,<\/li>\n<\/ul><\/div>\n\t\t\t\t<\/div>\n<\/div>\n<p>&nbsp;<\/p>\n<h3>Certificazione<\/h3>\n<p>&nbsp;<\/p>\n<p>&nbsp;<\/p>\n<p><code><\/code><\/p>\n","protected":false},"excerpt":{"rendered":"<h4>16 ore<\/h4>\n<p>Accordo Stato-Regioni del 22 febbraio 2012<\/p>\n","protected":false},"featured_media":5190,"comment_status":"open","ping_status":"closed","template":"","meta":{"_et_pb_use_builder":"off","_et_pb_old_content":"OBIETTIVI DEL CORSO\r\n\r\nIl corso di qualifica per Operatore Socio Sanitario \u00e8 volto a formare operatori in grado di intervenire nelle situazioni caratterizzate da mancanza temporanea e\/o permanente di autonomia psicofisica. Grazie alla formazione teorico-pratica e al tirocinio pratico, gli allievi avranno l\u2019opportunit\u00e0 di sviluppare competenze professionali volte a:\r\n<ul>\r\n \t<li>identificare, classificare ed interpretare le problematiche delle diverse tipologie di utenze (minori, anziani, persone con disabilit\u00e0, pazienti oncologici);<\/li>\r\n \t<li>conoscere l\u2019organizzazione dei servizi sociali e sanitari; acquisire elementi di igiene e prevenzione e di anatomia, fisiologia e dietetica;<\/li>\r\n \t<li>identificare gli elementi necessari alla pianificazione dell\u2019assistenza e applicare le conoscenze acquisite per mantenere un ambiente terapeutico adeguato alla cura della persona e per applicare le diverse metodologie operative di carattere sanitario sugli assistiti.<\/li>\r\n<\/ul>\r\nIL CORSO E\u2019 ACCREDITATO DALLA REGIONE SICILIANA, ASSESSORATO ALLA SALUTE, AI SENSI DEL DECRETO DEL 12 AGOSTO 2020 (GURS N. 45\/2020) e ACCORDO STATO REGIONI DEL 22 FEBBRAIO 2001.\r\n\r\nPROGRAMMA \u2013 le materie di insegnamento sono articolate nelle seguenti aree disciplinari","_et_gb_content_width":"","_joinchat":[]},"product_brand":[],"product_cat":[36],"product_tag":[],"class_list":{"0":"post-4352","1":"product","2":"type-product","3":"status-publish","4":"has-post-thumbnail","6":"product_cat-sicurezza-sul-lavoro","8":"first","9":"instock","10":"shipping-taxable","11":"product-type-simple"},"yoast_head":"<!-- This site is optimized with the Yoast SEO plugin v27.0 - https:\/\/yoast.com\/product\/yoast-seo-wordpress\/ -->\n<title>Operatori escavatori idraulici, caricatori frontali e terne - Accademia Eraclitea<\/title>\n<meta name=\"robots\" content=\"index, follow, max-snippet:-1, max-image-preview:large, max-video-preview:-1\" \/>\n<link rel=\"canonical\" href=\"https:\/\/eraclitea.it\/it\/prodotto\/operatori-escavatori-idraulici-caricatori-frontali-e-terne\/\" \/>\n<meta property=\"og:locale\" content=\"it_IT\" \/>\n<meta property=\"og:type\" content=\"article\" \/>\n<meta property=\"og:title\" content=\"Operatori escavatori idraulici, caricatori frontali e terne - Accademia Eraclitea\" \/>\n<meta property=\"og:description\" content=\"16 ore Accordo Stato-Regioni del 22 febbraio 2012\" \/>\n<meta property=\"og:url\" content=\"https:\/\/eraclitea.it\/it\/prodotto\/operatori-escavatori-idraulici-caricatori-frontali-e-terne\/\" \/>\n<meta property=\"og:site_name\" content=\"Accademia Eraclitea\" \/>\n<meta property=\"article:modified_time\" content=\"2021-05-24T14:48:18+00:00\" \/>\n<meta property=\"og:image\" content=\"https:\/\/eraclitea.it\/it\/wp-content\/uploads\/2021\/03\/OPERATORI-ESCAVATORI-IDRAULICI-CARICATORI-FRONTALI-E-TERN-E@2x.png\" \/>\n\t<meta property=\"og:image:width\" content=\"350\" \/>\n\t<meta property=\"og:image:height\" content=\"200\" \/>\n\t<meta property=\"og:image:type\" content=\"image\/png\" \/>\n<meta name=\"twitter:card\" content=\"summary_large_image\" \/>\n<meta name=\"twitter:label1\" content=\"Tempo di lettura stimato\" \/>\n\t<meta name=\"twitter:data1\" content=\"5 minuti\" \/>\n<script type=\"application\/ld+json\" class=\"yoast-schema-graph\">{\"@context\":\"https:\/\/schema.org\",\"@graph\":[{\"@type\":\"WebPage\",\"@id\":\"https:\/\/eraclitea.it\/it\/prodotto\/operatori-escavatori-idraulici-caricatori-frontali-e-terne\/\",\"url\":\"https:\/\/eraclitea.it\/it\/prodotto\/operatori-escavatori-idraulici-caricatori-frontali-e-terne\/\",\"name\":\"Operatori escavatori idraulici, caricatori frontali e terne - Accademia Eraclitea\",\"isPartOf\":{\"@id\":\"https:\/\/eraclitea.it\/it\/#website\"},\"primaryImageOfPage\":{\"@id\":\"https:\/\/eraclitea.it\/it\/prodotto\/operatori-escavatori-idraulici-caricatori-frontali-e-terne\/#primaryimage\"},\"image\":{\"@id\":\"https:\/\/eraclitea.it\/it\/prodotto\/operatori-escavatori-idraulici-caricatori-frontali-e-terne\/#primaryimage\"},\"thumbnailUrl\":\"https:\/\/eraclitea.it\/it\/wp-content\/uploads\/2021\/03\/OPERATORI-ESCAVATORI-IDRAULICI-CARICATORI-FRONTALI-E-TERN-E@2x.png\",\"datePublished\":\"2021-03-31T13:48:01+00:00\",\"dateModified\":\"2021-05-24T14:48:18+00:00\",\"breadcrumb\":{\"@id\":\"https:\/\/eraclitea.it\/it\/prodotto\/operatori-escavatori-idraulici-caricatori-frontali-e-terne\/#breadcrumb\"},\"inLanguage\":\"it-IT\",\"potentialAction\":[{\"@type\":\"ReadAction\",\"target\":[\"https:\/\/eraclitea.it\/it\/prodotto\/operatori-escavatori-idraulici-caricatori-frontali-e-terne\/\"]}]},{\"@type\":\"ImageObject\",\"inLanguage\":\"it-IT\",\"@id\":\"https:\/\/eraclitea.it\/it\/prodotto\/operatori-escavatori-idraulici-caricatori-frontali-e-terne\/#primaryimage\",\"url\":\"https:\/\/eraclitea.it\/it\/wp-content\/uploads\/2021\/03\/OPERATORI-ESCAVATORI-IDRAULICI-CARICATORI-FRONTALI-E-TERN-E@2x.png\",\"contentUrl\":\"https:\/\/eraclitea.it\/it\/wp-content\/uploads\/2021\/03\/OPERATORI-ESCAVATORI-IDRAULICI-CARICATORI-FRONTALI-E-TERN-E@2x.png\",\"width\":350,\"height\":200},{\"@type\":\"BreadcrumbList\",\"@id\":\"https:\/\/eraclitea.it\/it\/prodotto\/operatori-escavatori-idraulici-caricatori-frontali-e-terne\/#breadcrumb\",\"itemListElement\":[{\"@type\":\"ListItem\",\"position\":1,\"name\":\"Home\",\"item\":\"https:\/\/eraclitea.it\/it\/\"},{\"@type\":\"ListItem\",\"position\":2,\"name\":\"Corsi\",\"item\":\"https:\/\/eraclitea.it\/it\/corsi\/\"},{\"@type\":\"ListItem\",\"position\":3,\"name\":\"Operatori escavatori idraulici, caricatori frontali e terne\"}]},{\"@type\":\"WebSite\",\"@id\":\"https:\/\/eraclitea.it\/it\/#website\",\"url\":\"https:\/\/eraclitea.it\/it\/\",\"name\":\"Accademia Eraclitea\",\"description\":\"Ente di Ricerca e di Alta Formazione Accreditato\",\"potentialAction\":[{\"@type\":\"SearchAction\",\"target\":{\"@type\":\"EntryPoint\",\"urlTemplate\":\"https:\/\/eraclitea.it\/it\/?s={search_term_string}\"},\"query-input\":{\"@type\":\"PropertyValueSpecification\",\"valueRequired\":true,\"valueName\":\"search_term_string\"}}],\"inLanguage\":\"it-IT\"}]}<\/script>\n<!-- \/ Yoast SEO plugin. -->","yoast_head_json":{"title":"Operatori escavatori idraulici, caricatori frontali e terne - Accademia Eraclitea","robots":{"index":"index","follow":"follow","max-snippet":"max-snippet:-1","max-image-preview":"max-image-preview:large","max-video-preview":"max-video-preview:-1"},"canonical":"https:\/\/eraclitea.it\/it\/prodotto\/operatori-escavatori-idraulici-caricatori-frontali-e-terne\/","og_locale":"it_IT","og_type":"article","og_title":"Operatori escavatori idraulici, caricatori frontali e terne - Accademia Eraclitea","og_description":"16 ore Accordo Stato-Regioni del 22 febbraio 2012","og_url":"https:\/\/eraclitea.it\/it\/prodotto\/operatori-escavatori-idraulici-caricatori-frontali-e-terne\/","og_site_name":"Accademia Eraclitea","article_modified_time":"2021-05-24T14:48:18+00:00","og_image":[{"width":350,"height":200,"url":"https:\/\/eraclitea.it\/it\/wp-content\/uploads\/2021\/03\/OPERATORI-ESCAVATORI-IDRAULICI-CARICATORI-FRONTALI-E-TERN-E@2x.png","type":"image\/png"}],"twitter_card":"summary_large_image","twitter_misc":{"Tempo di lettura stimato":"5 minuti"},"schema":{"@context":"https:\/\/schema.org","@graph":[{"@type":"WebPage","@id":"https:\/\/eraclitea.it\/it\/prodotto\/operatori-escavatori-idraulici-caricatori-frontali-e-terne\/","url":"https:\/\/eraclitea.it\/it\/prodotto\/operatori-escavatori-idraulici-caricatori-frontali-e-terne\/","name":"Operatori escavatori idraulici, caricatori frontali e terne - Accademia Eraclitea","isPartOf":{"@id":"https:\/\/eraclitea.it\/it\/#website"},"primaryImageOfPage":{"@id":"https:\/\/eraclitea.it\/it\/prodotto\/operatori-escavatori-idraulici-caricatori-frontali-e-terne\/#primaryimage"},"image":{"@id":"https:\/\/eraclitea.it\/it\/prodotto\/operatori-escavatori-idraulici-caricatori-frontali-e-terne\/#primaryimage"},"thumbnailUrl":"https:\/\/eraclitea.it\/it\/wp-content\/uploads\/2021\/03\/OPERATORI-ESCAVATORI-IDRAULICI-CARICATORI-FRONTALI-E-TERN-E@2x.png","datePublished":"2021-03-31T13:48:01+00:00","dateModified":"2021-05-24T14:48:18+00:00","breadcrumb":{"@id":"https:\/\/eraclitea.it\/it\/prodotto\/operatori-escavatori-idraulici-caricatori-frontali-e-terne\/#breadcrumb"},"inLanguage":"it-IT","potentialAction":[{"@type":"ReadAction","target":["https:\/\/eraclitea.it\/it\/prodotto\/operatori-escavatori-idraulici-caricatori-frontali-e-terne\/"]}]},{"@type":"ImageObject","inLanguage":"it-IT","@id":"https:\/\/eraclitea.it\/it\/prodotto\/operatori-escavatori-idraulici-caricatori-frontali-e-terne\/#primaryimage","url":"https:\/\/eraclitea.it\/it\/wp-content\/uploads\/2021\/03\/OPERATORI-ESCAVATORI-IDRAULICI-CARICATORI-FRONTALI-E-TERN-E@2x.png","contentUrl":"https:\/\/eraclitea.it\/it\/wp-content\/uploads\/2021\/03\/OPERATORI-ESCAVATORI-IDRAULICI-CARICATORI-FRONTALI-E-TERN-E@2x.png","width":350,"height":200},{"@type":"BreadcrumbList","@id":"https:\/\/eraclitea.it\/it\/prodotto\/operatori-escavatori-idraulici-caricatori-frontali-e-terne\/#breadcrumb","itemListElement":[{"@type":"ListItem","position":1,"name":"Home","item":"https:\/\/eraclitea.it\/it\/"},{"@type":"ListItem","position":2,"name":"Corsi","item":"https:\/\/eraclitea.it\/it\/corsi\/"},{"@type":"ListItem","position":3,"name":"Operatori escavatori idraulici, caricatori frontali e terne"}]},{"@type":"WebSite","@id":"https:\/\/eraclitea.it\/it\/#website","url":"https:\/\/eraclitea.it\/it\/","name":"Accademia Eraclitea","description":"Ente di Ricerca e di Alta Formazione Accreditato","potentialAction":[{"@type":"SearchAction","target":{"@type":"EntryPoint","urlTemplate":"https:\/\/eraclitea.it\/it\/?s={search_term_string}"},"query-input":{"@type":"PropertyValueSpecification","valueRequired":true,"valueName":"search_term_string"}}],"inLanguage":"it-IT"}]}},"jetpack_sharing_enabled":true,"_links":{"self":[{"href":"https:\/\/eraclitea.it\/it\/wp-json\/wp\/v2\/product\/4352","targetHints":{"allow":["GET"]}}],"collection":[{"href":"https:\/\/eraclitea.it\/it\/wp-json\/wp\/v2\/product"}],"about":[{"href":"https:\/\/eraclitea.it\/it\/wp-json\/wp\/v2\/types\/product"}],"replies":[{"embeddable":true,"href":"https:\/\/eraclitea.it\/it\/wp-json\/wp\/v2\/comments?post=4352"}],"wp:featuredmedia":[{"embeddable":true,"href":"https:\/\/eraclitea.it\/it\/wp-json\/wp\/v2\/media\/5190"}],"wp:attachment":[{"href":"https:\/\/eraclitea.it\/it\/wp-json\/wp\/v2\/media?parent=4352"}],"wp:term":[{"taxonomy":"product_brand","embeddable":true,"href":"https:\/\/eraclitea.it\/it\/wp-json\/wp\/v2\/product_brand?post=4352"},{"taxonomy":"product_cat","embeddable":true,"href":"https:\/\/eraclitea.it\/it\/wp-json\/wp\/v2\/product_cat?post=4352"},{"taxonomy":"product_tag","embeddable":true,"href":"https:\/\/eraclitea.it\/it\/wp-json\/wp\/v2\/product_tag?post=4352"}],"curies":[{"name":"wp","href":"https:\/\/api.w.org\/{rel}","templated":true}]}}