{"id":4332,"date":"2021-03-31T12:49:14","date_gmt":"2021-03-31T12:49:14","guid":{"rendered":"https:\/\/eraclitea.it\/eracliteait\/?post_type=product&#038;p=4332"},"modified":"2021-05-24T14:39:39","modified_gmt":"2021-05-24T14:39:39","slug":"preposti-con-funzioni-di-sorveglianza-dei-lavoratori-addetti-ai-sistemi-di-accesso-e-posizionamento-mediante-funi","status":"publish","type":"product","link":"https:\/\/eraclitea.it\/it\/prodotto\/preposti-con-funzioni-di-sorveglianza-dei-lavoratori-addetti-ai-sistemi-di-accesso-e-posizionamento-mediante-funi\/","title":{"rendered":"Preposti con funzioni di sorveglianza dei lavoratori addetti ai sistemi di accesso e posizionamento mediante funi"},"content":{"rendered":"<table style=\"border: 0px; height: 244px; width: 721px;\">\n<tbody>\n<tr>\n<td style=\"width: 38.75px;\"><a href=\"https:\/\/eraclitea.it\/it\/wp-content\/uploads\/2021\/01\/orolo2.png\"><img loading=\"lazy\" decoding=\"async\" class=\"alignnone wp-image-887 \" src=\"https:\/\/eraclitea.it\/it\/wp-content\/uploads\/2021\/03\/tempo.png\" alt=\"\" width=\"33\" height=\"33\" \/><\/a><\/td>\n<td style=\"width: 147.841px;\">\n<h4 class=\"et_pb_module_header\">Durata del corso:<\/h4>\n<\/td>\n<td style=\"width: 515.114px;\">8\u00a0 ore<\/td>\n<\/tr>\n<tr>\n<td style=\"width: 38.75px;\"><a href=\"https:\/\/eraclitea.it\/it\/wp-content\/uploads\/2021\/03\/Tavola-da-disegno-\u2013-13.png\"><img loading=\"lazy\" decoding=\"async\" class=\"alignnone wp-image-3710 \" src=\"https:\/\/eraclitea.it\/it\/wp-content\/uploads\/2021\/03\/Tavola-da-disegno-\u2013-13-300x300.png\" alt=\"\" width=\"39\" height=\"39\" srcset=\"https:\/\/eraclitea.it\/it\/wp-content\/uploads\/2021\/03\/Tavola-da-disegno-\u2013-13-300x300.png 300w, https:\/\/eraclitea.it\/it\/wp-content\/uploads\/2021\/03\/Tavola-da-disegno-\u2013-13-150x150.png 150w, https:\/\/eraclitea.it\/it\/wp-content\/uploads\/2021\/03\/Tavola-da-disegno-\u2013-13-100x100.png 100w, https:\/\/eraclitea.it\/it\/wp-content\/uploads\/2021\/03\/Tavola-da-disegno-\u2013-13-64x64.png 64w, https:\/\/eraclitea.it\/it\/wp-content\/uploads\/2021\/03\/Tavola-da-disegno-\u2013-13.png 400w\" sizes=\"(max-width: 39px) 100vw, 39px\" \/><\/a><\/td>\n<td style=\"width: 147.841px;\">\n<h4>N. Partecipanti:<\/h4>\n<\/td>\n<td style=\"width: 515.114px;\">Sede e calendario verranno definiti al raggiungimento del numero di 10 partecipanti.<\/td>\n<\/tr>\n<tr>\n<td style=\"width: 38.75px;\"><a href=\"https:\/\/eraclitea.it\/it\/wp-content\/uploads\/2021\/04\/Tavola-da-disegno-\u2013-13-2.png\"><img loading=\"lazy\" decoding=\"async\" class=\"alignnone size-medium wp-image-5967\" src=\"https:\/\/eraclitea.it\/it\/wp-content\/uploads\/2021\/04\/Tavola-da-disegno-\u2013-13-2-300x300.png\" alt=\"\" width=\"300\" height=\"300\" \/><\/a><\/td>\n<td style=\"width: 147.841px;\">\n<h4>A chi \u00e8 rivolto:<\/h4>\n<\/td>\n<td style=\"width: 515.114px;\">Il corso si rivolge a coloro che hanno gi\u00e0 frequentato il corso per addetti ai sistemi di accesso e posizionamento mediante funi.<\/td>\n<\/tr>\n<\/tbody>\n<\/table>\n<p>&nbsp;<\/p>\n<p>&nbsp;<\/p>\n<p>&nbsp;<\/p>\n<h3><span style=\"color: #333333; font-size: 26px;\">Obiettivi del corso<\/span><\/h3>\n<p>Il corso si propone di fornire, attraverso un modulo specifico per preposti, gli strumenti utili ad effettuare le operazioni di programmazione, controllo e coordinamento dei lavori della squadra loro affidata.<\/p>\n<p>&nbsp;<\/p>\n<h3>Programma<\/h3>\n<div class='et-learn-more clearfix'>\n\t\t\t\t\t<h3 class='heading-more'>MODULO 1<span class='et_learnmore_arrow'><span><\/span><\/span><\/h3>\n\t\t\t\t\t<div class='learn-more-content'><ul>\n<li>Cenni sui criteri di valutazione delle condizioni operative e dei rischi presenti sui luoghi di lavoro.<\/li>\n<li>Cenni su criteri di scelta delle procedure e delle tecniche operative in relazione alle misure di prevenzione e protezione adottabili.<\/li>\n<li>Organizzazione dell&#8217;attivit\u00e0 di squadra anche in relazione a macchine e attrezzature utilizzate ordinariamente e cenni di sicurezza nell&#8217;interazione con mezzi d&#8217;opera o attivit\u00e0 di elitrasporto.<\/li>\n<li>Modalit\u00e0 di scelta e di controllo degli ancoraggi, uso dei DPI e corrette tecniche operative.<\/li>\n<li>Modalit\u00e0 di verifica dell&#8217;idoneit\u00e0 e buona conservazione (giornaliera e periodica) dei DPI e delle attrezzature e responsabilit\u00e0.<\/li>\n<li>Ruolo dell&#8217;operatore con funzione di sorveglianza dei lavori nella gestione delle emergenze.<\/li>\n<\/ul>\n<p><span style=\"font-size: 14px;\"><\/div>\n\t\t\t\t<\/div><\/span><\/p>\n<div class='et-learn-more clearfix'>\n\t\t\t\t\t<h3 class='heading-more'>VERIFICA FINALE<span class='et_learnmore_arrow'><span><\/span><\/span><\/h3>\n\t\t\t\t\t<div class='learn-more-content'><ul>\n<li>Al termine del corso specifico per preposti \u00e8 previsto un colloquio finalizzato alla verifica delle capacit\u00e0 di valutazione, controllo, gestione delle condizioni lavorative e delle possibili situazioni di emergenza, al termine del quale verr\u00e0 rilasciato un giudizio finale di idoneit\u00e0 con specifico <strong>attestato<\/strong> di validit\u00e0 quinquennale.<\/li>\n<\/ul><\/div>\n\t\t\t\t<\/div>\n<p>&nbsp;<\/p>\n<h3>Certificazione<\/h3>\n<p><strong>Attestato<\/strong> di validit\u00e0 quinquennale.<\/p>\n<p>&nbsp;<\/p>\n<p>&nbsp;<\/p>\n<p><code><\/code><\/p>\n","protected":false},"excerpt":{"rendered":"<h4>8 ore<\/h4>\n<p>Il corso si propone di fornire, attraverso un modulo specifico per preposti, gli strumenti utili ad effettuare le operazioni di programmazione, controllo e coordinamento dei lavori della squadra loro affidata.<\/p>\n","protected":false},"featured_media":5208,"comment_status":"open","ping_status":"closed","template":"","meta":{"_et_pb_use_builder":"off","_et_pb_old_content":"OBIETTIVI DEL CORSO\r\n\r\nIl corso di qualifica per Operatore Socio Sanitario \u00e8 volto a formare operatori in grado di intervenire nelle situazioni caratterizzate da mancanza temporanea e\/o permanente di autonomia psicofisica. Grazie alla formazione teorico-pratica e al tirocinio pratico, gli allievi avranno l\u2019opportunit\u00e0 di sviluppare competenze professionali volte a:\r\n<ul>\r\n \t<li>identificare, classificare ed interpretare le problematiche delle diverse tipologie di utenze (minori, anziani, persone con disabilit\u00e0, pazienti oncologici);<\/li>\r\n \t<li>conoscere l\u2019organizzazione dei servizi sociali e sanitari; acquisire elementi di igiene e prevenzione e di anatomia, fisiologia e dietetica;<\/li>\r\n \t<li>identificare gli elementi necessari alla pianificazione dell\u2019assistenza e applicare le conoscenze acquisite per mantenere un ambiente terapeutico adeguato alla cura della persona e per applicare le diverse metodologie operative di carattere sanitario sugli assistiti.<\/li>\r\n<\/ul>\r\nIL CORSO E\u2019 ACCREDITATO DALLA REGIONE SICILIANA, ASSESSORATO ALLA SALUTE, AI SENSI DEL DECRETO DEL 12 AGOSTO 2020 (GURS N. 45\/2020) e ACCORDO STATO REGIONI DEL 22 FEBBRAIO 2001.\r\n\r\nPROGRAMMA \u2013 le materie di insegnamento sono articolate nelle seguenti aree disciplinari","_et_gb_content_width":"","_joinchat":[]},"product_brand":[],"product_cat":[36],"product_tag":[],"class_list":{"0":"post-4332","1":"product","2":"type-product","3":"status-publish","4":"has-post-thumbnail","6":"product_cat-sicurezza-sul-lavoro","8":"first","9":"instock","10":"shipping-taxable","11":"product-type-simple"},"yoast_head":"<!-- This site is optimized with the Yoast SEO plugin v27.0 - https:\/\/yoast.com\/product\/yoast-seo-wordpress\/ -->\n<title>Preposti con funzioni di sorveglianza dei lavoratori addetti ai sistemi di accesso e posizionamento mediante funi - Accademia Eraclitea<\/title>\n<meta name=\"robots\" content=\"index, follow, max-snippet:-1, max-image-preview:large, max-video-preview:-1\" \/>\n<link rel=\"canonical\" href=\"https:\/\/eraclitea.it\/it\/prodotto\/preposti-con-funzioni-di-sorveglianza-dei-lavoratori-addetti-ai-sistemi-di-accesso-e-posizionamento-mediante-funi\/\" \/>\n<meta property=\"og:locale\" content=\"it_IT\" \/>\n<meta property=\"og:type\" content=\"article\" \/>\n<meta property=\"og:title\" content=\"Preposti con funzioni di sorveglianza dei lavoratori addetti ai sistemi di accesso e posizionamento mediante funi - Accademia Eraclitea\" \/>\n<meta property=\"og:description\" content=\"8 ore Il corso si propone di fornire, attraverso un modulo specifico per preposti, gli strumenti utili ad effettuare le operazioni di programmazione, controllo e coordinamento dei lavori della squadra loro affidata.\" \/>\n<meta property=\"og:url\" content=\"https:\/\/eraclitea.it\/it\/prodotto\/preposti-con-funzioni-di-sorveglianza-dei-lavoratori-addetti-ai-sistemi-di-accesso-e-posizionamento-mediante-funi\/\" \/>\n<meta property=\"og:site_name\" content=\"Accademia Eraclitea\" \/>\n<meta property=\"article:modified_time\" content=\"2021-05-24T14:39:39+00:00\" \/>\n<meta property=\"og:image\" content=\"https:\/\/eraclitea.it\/it\/wp-content\/uploads\/2021\/03\/Preposti-con-funzioni-di-sorveglianza-dei-lavoratori-addetti-ai-sistemi-di-accesso-e-posizionamento-mediante-funi@2x.png\" \/>\n\t<meta property=\"og:image:width\" content=\"350\" \/>\n\t<meta property=\"og:image:height\" content=\"200\" \/>\n\t<meta property=\"og:image:type\" content=\"image\/png\" \/>\n<meta name=\"twitter:card\" content=\"summary_large_image\" \/>\n<meta name=\"twitter:label1\" content=\"Tempo di lettura stimato\" \/>\n\t<meta name=\"twitter:data1\" content=\"2 minuti\" \/>\n<script type=\"application\/ld+json\" class=\"yoast-schema-graph\">{\"@context\":\"https:\/\/schema.org\",\"@graph\":[{\"@type\":\"WebPage\",\"@id\":\"https:\/\/eraclitea.it\/it\/prodotto\/preposti-con-funzioni-di-sorveglianza-dei-lavoratori-addetti-ai-sistemi-di-accesso-e-posizionamento-mediante-funi\/\",\"url\":\"https:\/\/eraclitea.it\/it\/prodotto\/preposti-con-funzioni-di-sorveglianza-dei-lavoratori-addetti-ai-sistemi-di-accesso-e-posizionamento-mediante-funi\/\",\"name\":\"Preposti con funzioni di sorveglianza dei lavoratori addetti ai sistemi di accesso e posizionamento mediante funi - Accademia Eraclitea\",\"isPartOf\":{\"@id\":\"https:\/\/eraclitea.it\/it\/#website\"},\"primaryImageOfPage\":{\"@id\":\"https:\/\/eraclitea.it\/it\/prodotto\/preposti-con-funzioni-di-sorveglianza-dei-lavoratori-addetti-ai-sistemi-di-accesso-e-posizionamento-mediante-funi\/#primaryimage\"},\"image\":{\"@id\":\"https:\/\/eraclitea.it\/it\/prodotto\/preposti-con-funzioni-di-sorveglianza-dei-lavoratori-addetti-ai-sistemi-di-accesso-e-posizionamento-mediante-funi\/#primaryimage\"},\"thumbnailUrl\":\"https:\/\/eraclitea.it\/it\/wp-content\/uploads\/2021\/03\/Preposti-con-funzioni-di-sorveglianza-dei-lavoratori-addetti-ai-sistemi-di-accesso-e-posizionamento-mediante-funi@2x.png\",\"datePublished\":\"2021-03-31T12:49:14+00:00\",\"dateModified\":\"2021-05-24T14:39:39+00:00\",\"breadcrumb\":{\"@id\":\"https:\/\/eraclitea.it\/it\/prodotto\/preposti-con-funzioni-di-sorveglianza-dei-lavoratori-addetti-ai-sistemi-di-accesso-e-posizionamento-mediante-funi\/#breadcrumb\"},\"inLanguage\":\"it-IT\",\"potentialAction\":[{\"@type\":\"ReadAction\",\"target\":[\"https:\/\/eraclitea.it\/it\/prodotto\/preposti-con-funzioni-di-sorveglianza-dei-lavoratori-addetti-ai-sistemi-di-accesso-e-posizionamento-mediante-funi\/\"]}]},{\"@type\":\"ImageObject\",\"inLanguage\":\"it-IT\",\"@id\":\"https:\/\/eraclitea.it\/it\/prodotto\/preposti-con-funzioni-di-sorveglianza-dei-lavoratori-addetti-ai-sistemi-di-accesso-e-posizionamento-mediante-funi\/#primaryimage\",\"url\":\"https:\/\/eraclitea.it\/it\/wp-content\/uploads\/2021\/03\/Preposti-con-funzioni-di-sorveglianza-dei-lavoratori-addetti-ai-sistemi-di-accesso-e-posizionamento-mediante-funi@2x.png\",\"contentUrl\":\"https:\/\/eraclitea.it\/it\/wp-content\/uploads\/2021\/03\/Preposti-con-funzioni-di-sorveglianza-dei-lavoratori-addetti-ai-sistemi-di-accesso-e-posizionamento-mediante-funi@2x.png\",\"width\":350,\"height\":200},{\"@type\":\"BreadcrumbList\",\"@id\":\"https:\/\/eraclitea.it\/it\/prodotto\/preposti-con-funzioni-di-sorveglianza-dei-lavoratori-addetti-ai-sistemi-di-accesso-e-posizionamento-mediante-funi\/#breadcrumb\",\"itemListElement\":[{\"@type\":\"ListItem\",\"position\":1,\"name\":\"Home\",\"item\":\"https:\/\/eraclitea.it\/it\/\"},{\"@type\":\"ListItem\",\"position\":2,\"name\":\"Corsi\",\"item\":\"https:\/\/eraclitea.it\/it\/corsi\/\"},{\"@type\":\"ListItem\",\"position\":3,\"name\":\"Preposti con funzioni di sorveglianza dei lavoratori addetti ai sistemi di accesso e posizionamento mediante funi\"}]},{\"@type\":\"WebSite\",\"@id\":\"https:\/\/eraclitea.it\/it\/#website\",\"url\":\"https:\/\/eraclitea.it\/it\/\",\"name\":\"Accademia Eraclitea\",\"description\":\"Ente di Ricerca e di Alta Formazione Accreditato\",\"potentialAction\":[{\"@type\":\"SearchAction\",\"target\":{\"@type\":\"EntryPoint\",\"urlTemplate\":\"https:\/\/eraclitea.it\/it\/?s={search_term_string}\"},\"query-input\":{\"@type\":\"PropertyValueSpecification\",\"valueRequired\":true,\"valueName\":\"search_term_string\"}}],\"inLanguage\":\"it-IT\"}]}<\/script>\n<!-- \/ Yoast SEO plugin. -->","yoast_head_json":{"title":"Preposti con funzioni di sorveglianza dei lavoratori addetti ai sistemi di accesso e posizionamento mediante funi - Accademia Eraclitea","robots":{"index":"index","follow":"follow","max-snippet":"max-snippet:-1","max-image-preview":"max-image-preview:large","max-video-preview":"max-video-preview:-1"},"canonical":"https:\/\/eraclitea.it\/it\/prodotto\/preposti-con-funzioni-di-sorveglianza-dei-lavoratori-addetti-ai-sistemi-di-accesso-e-posizionamento-mediante-funi\/","og_locale":"it_IT","og_type":"article","og_title":"Preposti con funzioni di sorveglianza dei lavoratori addetti ai sistemi di accesso e posizionamento mediante funi - Accademia Eraclitea","og_description":"8 ore Il corso si propone di fornire, attraverso un modulo specifico per preposti, gli strumenti utili ad effettuare le operazioni di programmazione, controllo e coordinamento dei lavori della squadra loro affidata.","og_url":"https:\/\/eraclitea.it\/it\/prodotto\/preposti-con-funzioni-di-sorveglianza-dei-lavoratori-addetti-ai-sistemi-di-accesso-e-posizionamento-mediante-funi\/","og_site_name":"Accademia Eraclitea","article_modified_time":"2021-05-24T14:39:39+00:00","og_image":[{"width":350,"height":200,"url":"https:\/\/eraclitea.it\/it\/wp-content\/uploads\/2021\/03\/Preposti-con-funzioni-di-sorveglianza-dei-lavoratori-addetti-ai-sistemi-di-accesso-e-posizionamento-mediante-funi@2x.png","type":"image\/png"}],"twitter_card":"summary_large_image","twitter_misc":{"Tempo di lettura stimato":"2 minuti"},"schema":{"@context":"https:\/\/schema.org","@graph":[{"@type":"WebPage","@id":"https:\/\/eraclitea.it\/it\/prodotto\/preposti-con-funzioni-di-sorveglianza-dei-lavoratori-addetti-ai-sistemi-di-accesso-e-posizionamento-mediante-funi\/","url":"https:\/\/eraclitea.it\/it\/prodotto\/preposti-con-funzioni-di-sorveglianza-dei-lavoratori-addetti-ai-sistemi-di-accesso-e-posizionamento-mediante-funi\/","name":"Preposti con funzioni di sorveglianza dei lavoratori addetti ai sistemi di accesso e posizionamento mediante funi - Accademia Eraclitea","isPartOf":{"@id":"https:\/\/eraclitea.it\/it\/#website"},"primaryImageOfPage":{"@id":"https:\/\/eraclitea.it\/it\/prodotto\/preposti-con-funzioni-di-sorveglianza-dei-lavoratori-addetti-ai-sistemi-di-accesso-e-posizionamento-mediante-funi\/#primaryimage"},"image":{"@id":"https:\/\/eraclitea.it\/it\/prodotto\/preposti-con-funzioni-di-sorveglianza-dei-lavoratori-addetti-ai-sistemi-di-accesso-e-posizionamento-mediante-funi\/#primaryimage"},"thumbnailUrl":"https:\/\/eraclitea.it\/it\/wp-content\/uploads\/2021\/03\/Preposti-con-funzioni-di-sorveglianza-dei-lavoratori-addetti-ai-sistemi-di-accesso-e-posizionamento-mediante-funi@2x.png","datePublished":"2021-03-31T12:49:14+00:00","dateModified":"2021-05-24T14:39:39+00:00","breadcrumb":{"@id":"https:\/\/eraclitea.it\/it\/prodotto\/preposti-con-funzioni-di-sorveglianza-dei-lavoratori-addetti-ai-sistemi-di-accesso-e-posizionamento-mediante-funi\/#breadcrumb"},"inLanguage":"it-IT","potentialAction":[{"@type":"ReadAction","target":["https:\/\/eraclitea.it\/it\/prodotto\/preposti-con-funzioni-di-sorveglianza-dei-lavoratori-addetti-ai-sistemi-di-accesso-e-posizionamento-mediante-funi\/"]}]},{"@type":"ImageObject","inLanguage":"it-IT","@id":"https:\/\/eraclitea.it\/it\/prodotto\/preposti-con-funzioni-di-sorveglianza-dei-lavoratori-addetti-ai-sistemi-di-accesso-e-posizionamento-mediante-funi\/#primaryimage","url":"https:\/\/eraclitea.it\/it\/wp-content\/uploads\/2021\/03\/Preposti-con-funzioni-di-sorveglianza-dei-lavoratori-addetti-ai-sistemi-di-accesso-e-posizionamento-mediante-funi@2x.png","contentUrl":"https:\/\/eraclitea.it\/it\/wp-content\/uploads\/2021\/03\/Preposti-con-funzioni-di-sorveglianza-dei-lavoratori-addetti-ai-sistemi-di-accesso-e-posizionamento-mediante-funi@2x.png","width":350,"height":200},{"@type":"BreadcrumbList","@id":"https:\/\/eraclitea.it\/it\/prodotto\/preposti-con-funzioni-di-sorveglianza-dei-lavoratori-addetti-ai-sistemi-di-accesso-e-posizionamento-mediante-funi\/#breadcrumb","itemListElement":[{"@type":"ListItem","position":1,"name":"Home","item":"https:\/\/eraclitea.it\/it\/"},{"@type":"ListItem","position":2,"name":"Corsi","item":"https:\/\/eraclitea.it\/it\/corsi\/"},{"@type":"ListItem","position":3,"name":"Preposti con funzioni di sorveglianza dei lavoratori addetti ai sistemi di accesso e posizionamento mediante funi"}]},{"@type":"WebSite","@id":"https:\/\/eraclitea.it\/it\/#website","url":"https:\/\/eraclitea.it\/it\/","name":"Accademia Eraclitea","description":"Ente di Ricerca e di Alta Formazione Accreditato","potentialAction":[{"@type":"SearchAction","target":{"@type":"EntryPoint","urlTemplate":"https:\/\/eraclitea.it\/it\/?s={search_term_string}"},"query-input":{"@type":"PropertyValueSpecification","valueRequired":true,"valueName":"search_term_string"}}],"inLanguage":"it-IT"}]}},"jetpack_sharing_enabled":true,"_links":{"self":[{"href":"https:\/\/eraclitea.it\/it\/wp-json\/wp\/v2\/product\/4332","targetHints":{"allow":["GET"]}}],"collection":[{"href":"https:\/\/eraclitea.it\/it\/wp-json\/wp\/v2\/product"}],"about":[{"href":"https:\/\/eraclitea.it\/it\/wp-json\/wp\/v2\/types\/product"}],"replies":[{"embeddable":true,"href":"https:\/\/eraclitea.it\/it\/wp-json\/wp\/v2\/comments?post=4332"}],"wp:featuredmedia":[{"embeddable":true,"href":"https:\/\/eraclitea.it\/it\/wp-json\/wp\/v2\/media\/5208"}],"wp:attachment":[{"href":"https:\/\/eraclitea.it\/it\/wp-json\/wp\/v2\/media?parent=4332"}],"wp:term":[{"taxonomy":"product_brand","embeddable":true,"href":"https:\/\/eraclitea.it\/it\/wp-json\/wp\/v2\/product_brand?post=4332"},{"taxonomy":"product_cat","embeddable":true,"href":"https:\/\/eraclitea.it\/it\/wp-json\/wp\/v2\/product_cat?post=4332"},{"taxonomy":"product_tag","embeddable":true,"href":"https:\/\/eraclitea.it\/it\/wp-json\/wp\/v2\/product_tag?post=4332"}],"curies":[{"name":"wp","href":"https:\/\/api.w.org\/{rel}","templated":true}]}}