{"id":4291,"date":"2021-03-31T07:51:42","date_gmt":"2021-03-31T07:51:42","guid":{"rendered":"https:\/\/eraclitea.it\/eracliteait\/?post_type=product&#038;p=4291"},"modified":"2021-05-24T14:56:55","modified_gmt":"2021-05-24T14:56:55","slug":"operatori-di-carrelli-elevatori-telescopici-rotativi","status":"publish","type":"product","link":"https:\/\/eraclitea.it\/it\/prodotto\/operatori-di-carrelli-elevatori-telescopici-rotativi\/","title":{"rendered":"Operatori di carrelli elevatori telescopici rotativi"},"content":{"rendered":"<table style=\"border: 0px; height: 244px; width: 721px;\">\n<tbody>\n<tr>\n<td style=\"width: 38.75px;\"><a href=\"https:\/\/eraclitea.it\/it\/wp-content\/uploads\/2021\/01\/orolo2.png\"><img loading=\"lazy\" decoding=\"async\" class=\"alignnone wp-image-887 \" src=\"https:\/\/eraclitea.it\/it\/wp-content\/uploads\/2021\/03\/tempo.png\" alt=\"\" width=\"33\" height=\"33\" \/><\/a><\/td>\n<td style=\"width: 147.841px;\">\n<h4 class=\"et_pb_module_header\">Durata del corso:<\/h4>\n<\/td>\n<td style=\"width: 515.114px;\">12 ore<\/td>\n<\/tr>\n<tr>\n<td style=\"width: 38.75px;\"><a href=\"https:\/\/eraclitea.it\/it\/wp-content\/uploads\/2021\/03\/Tavola-da-disegno-\u2013-13.png\"><img loading=\"lazy\" decoding=\"async\" class=\"alignnone wp-image-3710 \" src=\"https:\/\/eraclitea.it\/it\/wp-content\/uploads\/2021\/03\/Tavola-da-disegno-\u2013-13-300x300.png\" alt=\"\" width=\"39\" height=\"39\" srcset=\"https:\/\/eraclitea.it\/it\/wp-content\/uploads\/2021\/03\/Tavola-da-disegno-\u2013-13-300x300.png 300w, https:\/\/eraclitea.it\/it\/wp-content\/uploads\/2021\/03\/Tavola-da-disegno-\u2013-13-150x150.png 150w, https:\/\/eraclitea.it\/it\/wp-content\/uploads\/2021\/03\/Tavola-da-disegno-\u2013-13-100x100.png 100w, https:\/\/eraclitea.it\/it\/wp-content\/uploads\/2021\/03\/Tavola-da-disegno-\u2013-13-64x64.png 64w, https:\/\/eraclitea.it\/it\/wp-content\/uploads\/2021\/03\/Tavola-da-disegno-\u2013-13.png 400w\" sizes=\"(max-width: 39px) 100vw, 39px\" \/><\/a><\/td>\n<td style=\"width: 147.841px;\">\n<h4>N. Partecipanti:<\/h4>\n<\/td>\n<td style=\"width: 515.114px;\"><\/td>\n<\/tr>\n<tr>\n<td style=\"width: 38.75px;\"><a href=\"https:\/\/eraclitea.it\/it\/wp-content\/uploads\/2021\/04\/Tavola-da-disegno-\u2013-13-2.png\"><img loading=\"lazy\" decoding=\"async\" class=\"alignnone size-medium wp-image-5967\" src=\"https:\/\/eraclitea.it\/it\/wp-content\/uploads\/2021\/04\/Tavola-da-disegno-\u2013-13-2-300x300.png\" alt=\"\" width=\"300\" height=\"300\" \/><\/a><\/td>\n<td style=\"width: 147.841px;\">\n<h4>A chi \u00e8 rivolto:<\/h4>\n<\/td>\n<td style=\"width: 515.114px;\">I corsi sono rivolti a coloro che all&#8217;interno dell&#8217;organizzazione aziendale utilizzano, anche saltuariamente, il carrello elevatore per la movimentazione di merci.<\/td>\n<\/tr>\n<\/tbody>\n<\/table>\n<p>&nbsp;<\/p>\n<p>&nbsp;<\/p>\n<p>&nbsp;<\/p>\n<h3>Obiettivi del corso<\/h3>\n<p align=\"justify\">Il 22 Febbraio 2012 \u00e8 stato approvato un Accordo Stato-Regioni (pubblicato sulla Gazzetta Ufficiale n\u00b060 del 12 Marzo 2012) che disciplina modalit\u00e0 e criteri di formazione per chi utilizza carrelli elevatori. E&#8217; stato stabilito che tutti i corsi effettuati prima del 12 Marzo 2013 (data di entrata in vigore dell&#8217;Accordo), anche se difformi da quanto indicato, sono ritenuti validi; tali corsi andranno per\u00f2 obbligatoriamente integrati con 4 ore entro il 12 Marzo 2015. Dalla data di questa formazione scatter\u00e0 poi l&#8217;obbligo delle 4 ore di aggiornamento quinquennale.<\/p>\n<p>&nbsp;<\/p>\n<h3 style=\"font-weight: 400;\">Specifiche mezzo<\/h3>\n<p style=\"font-weight: 400;\">(Decreto Legislativo coordinato 81\/2008 e 106\/2009 artt. art. 73 comma 4 &#8211; Accordo Stato Regioni 22\/02\/2012)<\/p>\n<p style=\"font-weight: 400;\">&#8220;Attrezzature dotate di uno o pi\u00f9 bracci snodati, telescopici o meno, girevoli, utilizzate per movimentare carichi ed azionate da un operatore a bordo su sedile.&#8221;<\/p>\n<p>&nbsp;<\/p>\n<h3>Programma<\/h3>\n<div class='et-learn-more clearfix'>\n\t\t\t\t\t<h3 class='heading-more'>MODULO GIURIDICO - NORMATIVO (1 ORA)<span class='et_learnmore_arrow'><span><\/span><\/span><\/h3>\n\t\t\t\t\t<div class='learn-more-content'><ul>\n<li>Presentazione dei corso. Cenni di normativa generale in materia di igiene e sicurezza del lavoro con particolare riferimento alle disposizioni di legge in materia di uso delle attrezzature di lavoro (D.Lgs. n. 81\/2008). Responsabilit\u00e0 dell\u2019operatore.<\/li>\n<\/ul><\/div>\n\t\t\t\t<\/div>\n<div class='et-learn-more clearfix'>\n\t\t\t\t\t<h3 class='heading-more'>MODULO TECNICO (7 ORE)<span class='et_learnmore_arrow'><span><\/span><\/span><\/h3>\n\t\t\t\t\t<div class='learn-more-content'><ul>\n<li style=\"font-weight: 400;\">Tipologie e caratteristiche dei vari tipi di veicoli per il trasporto interno: dai transpallet manuali ai carrelli elevatori frontali a contrappeso.<\/li>\n<li style=\"font-weight: 400;\">Principali rischi connessi all\u2019impiego di carrelli semoventi: caduta del carico, rovesciamento, ribaltamento, urti delle persone con il carico o con elementi mobili del carrello, rischi legati all\u2019ambiente (ostacoli, linee elettriche, ecc.), rischi legati all\u2019uso delle diverse forme di energia (elettrica, idraulica, ecc.).<\/li>\n<li style=\"font-weight: 400;\">Nozioni elementari di fisica: nozioni di base per la valutazione dei carichi movimentati, condizioni di equilibrio di un corpo. Stabilit\u00e0 (concetto del baricentro del carico e della leva di primo grado). Linee di ribaltamento. Stabilit\u00e0 statica e dinamica e influenza dovuta alla mobilit\u00e0 del carrello e dell\u2019ambiente di lavoro (forze centrifughe e d&#8217;inerzia). Portata del carrello elevatore.<\/li>\n<li style=\"font-weight: 400;\">Tecnologia dei carrelli semoventi: terminologia, caratteristiche generali e principali componenti. Meccanismi, loro caratteristiche, loro funzione e principi di funzionamento.<\/li>\n<li style=\"font-weight: 400;\">Componenti principali: forche e\/o organi di presa (attrezzature supplementari, ecc.). Montanti di sollevamento (simplex &#8211; duplex &#8211; triplex &#8211; quadruplex\u00a0&#8211; ecc., ad alzata libera e non). Posto di guida con descrizione del sedile, degli organi di comando (leve, pedali, piantone sterzo e volante, freno di stazionamento, interruttore generale a chiave, interruttore d&#8217;emergenza), dei dispositivi di segnalazione (clacson, beep di retromarcia, segnalatori luminosi, fari di lavoro, ecc.) e controllo (strumenti e spie d\u00ec funzionamento). Freni (freno di stazionamento e di servizio). Ruote e tipologie di gommature: differenze per i vari tipi di utilizzo, ruote sterzanti e motrici. Fonti di energia (batterie di accumulatori o motori endotermici). Contrappeso.<\/li>\n<li style=\"font-weight: 400;\">Sistemi di ricarica batterie: raddrizzatori e sicurezze circa le modalit\u00e0 di utilizzo anche in relazione all&#8217;ambiente.<\/li>\n<li style=\"font-weight: 400;\">Dispositivi di comando e di sicurezza: identificazione dei dispositivi di comando e loro funzionamento, identificazione dei dispositivi di sicurezza e loro funzione. Sistemi di protezione attiva e passiva.<\/li>\n<li style=\"font-weight: 400;\">Le condizioni di equilibrio: fattori ed elementi che influenzano la stabilit\u00e0. Portate (nominale\/effettiva). Illustrazione e lettura delle targhette, tabelle o diagrammi di portata nominale ed effettiva. Influenza delle condizioni di utilizzo sulle caratteristiche nominali di portata. Gli ausili alla conduzione (indicatori di carico e altri indicatori, ecc.).<\/li>\n<li style=\"font-weight: 400;\">Controlli e manutenzioni: verifiche giornaliere e periodiche (stato generale e prova, montanti, attrezzature, posto di guida, freni, ruote e sterzo, batteria o motore, dispositivi di sicurezza). Illustrazione dell&#8217;importanza di un corretto utilizzo dei manuali di uso e manutenzione a corredo del carrello.<\/li>\n<li>Modalit\u00e0 di utilizzo in sicurezza dei carrelli semoventi: procedure di movimentazione. Segnaletica di sicurezza nei luoghi di lavoro. Procedura di sicurezza durante la movimentazione e io stazionamento del mezzo. Viabilit\u00e0: ostacoli, percorsi pedonali, incroci, strettoie, portoni, varchi, pendenze, ecc.. Lavori in condizioni particolari ovvero all\u2019esterno, su terreni scivolosi e su pendenze e con scarsa visibilit\u00e0. Nozioni di guida. Norme sulla circolazione, movimentazione dei carichi, stoccaggio, ecc.. Nozioni sui possibili rischi per la salute e la sicurezza collegati alla guida del carrello ed in particolare ai rischi riferibili:\n<ul>\n<li>all&#8217;ambiente di lavoro;<\/li>\n<li>al rapporto uomo\/macchina;<\/li>\n<li>allo stato di salute del guidatore<\/li>\n<\/ul>\n<\/li>\n<li>Nozioni sulle modalit\u00e0 tecniche, organizzative e comportamentali e di protezione personale idonee a prevenire i rischi.<\/li>\n<\/ul><\/div>\n\t\t\t\t<\/div>\n<div class='et-learn-more clearfix'>\n\t\t\t\t\t<h3 class='heading-more'>MODULO PRATICO: CARRELLI\/SOLLEVATORI\/ELEVATORI SEMOVENTI TELESCOPICI ROTATIVI (4 ORE)<span class='et_learnmore_arrow'><span><\/span><\/span><\/h3>\n\t\t\t\t\t<div class='learn-more-content'><ul>\n<li style=\"font-weight: 400;\">Illustrazione, seguendo le istruzioni di uso del carrello, dei vari componenti e delle sicurezze.<\/li>\n<li style=\"font-weight: 400;\">Manutenzione e verifiche giornaliere e periodiche di legge e secondo quanto indicato nelle istruzioni di uso del carrello.<\/li>\n<li style=\"font-weight: 400;\">Guida del carrello su percorso di prova per evidenziare le corrette manovre a vuoto e a carico (corretta posizione sul carrello, presa del carico, trasporto nelle varie situazioni, sosta dei carrello, ecc.).<\/li>\n<\/ul><\/div>\n\t\t\t\t<\/div>\n<div class='et-learn-more clearfix'>\n\t\t\t\t\t<h3 class='heading-more'>VERIFICA FINALE<span class='et_learnmore_arrow'><span><\/span><\/span><\/h3>\n\t\t\t\t\t<div class='learn-more-content'><ul>\n<li style=\"font-weight: 400;\">Ai termine dei due moduli teorici (al di fuori dei tempi previsti per i moduli teorici) si svolger\u00e0 una prova intermedia di verifica consistente in un questionario a risposta multipla. Il superamento della prova, che si intende superata con almeno il 70% delle risposte esatte, consentir\u00e0 il passaggio ai moduli pratici specifici. Il mancato superamento della prova comporta la ripetizione dei due moduli.<\/li>\n<li style=\"font-weight: 400;\">Al termine di ognuno dei moduli pratici (al di fuori dei tempi previsti per i moduli pratici) avr\u00e0 luogo una prova pratica di verifica finale, consistente nell\u2019esecuzione di almeno 2 delle prove.<\/li>\n<li>Tutte le prove pratiche\u00a0devono essere superate.<\/li>\n<li style=\"font-weight: 400;\">Il mancato superamento della prova di verifica finale comporta l&#8217;obbligo di ripetere il modulo pratico.<\/li>\n<li style=\"font-weight: 400;\">L&#8217;esito positivo delle prove di verifica intermedia e finale, unitamente a una presenza pari ad almeno il 90% del monte ore, consente il rilascio, al termine del percorso formativo, dell&#8217;attestato di abilitazione.<\/li>\n<\/ul><\/div>\n\t\t\t\t<\/div>\n<p>&nbsp;<\/p>\n<p>&nbsp;<\/p>\n<p>&nbsp;<\/p>\n","protected":false},"excerpt":{"rendered":"<h4>12 ore<\/h4>\n<p>Operatori di carrelli elevatori semoventi con conducente a bordo (carrelli elevatori telescopici rotativi)<\/p>\n","protected":false},"featured_media":5269,"comment_status":"open","ping_status":"closed","template":"","meta":{"_et_pb_use_builder":"off","_et_pb_old_content":"OBIETTIVI DEL CORSO\r\n\r\nIl corso di qualifica per Operatore Socio Sanitario \u00e8 volto a formare operatori in grado di intervenire nelle situazioni caratterizzate da mancanza temporanea e\/o permanente di autonomia psicofisica. Grazie alla formazione teorico-pratica e al tirocinio pratico, gli allievi avranno l\u2019opportunit\u00e0 di sviluppare competenze professionali volte a:\r\n<ul>\r\n \t<li>identificare, classificare ed interpretare le problematiche delle diverse tipologie di utenze (minori, anziani, persone con disabilit\u00e0, pazienti oncologici);<\/li>\r\n \t<li>conoscere l\u2019organizzazione dei servizi sociali e sanitari; acquisire elementi di igiene e prevenzione e di anatomia, fisiologia e dietetica;<\/li>\r\n \t<li>identificare gli elementi necessari alla pianificazione dell\u2019assistenza e applicare le conoscenze acquisite per mantenere un ambiente terapeutico adeguato alla cura della persona e per applicare le diverse metodologie operative di carattere sanitario sugli assistiti.<\/li>\r\n<\/ul>\r\nIL CORSO E\u2019 ACCREDITATO DALLA REGIONE SICILIANA, ASSESSORATO ALLA SALUTE, AI SENSI DEL DECRETO DEL 12 AGOSTO 2020 (GURS N. 45\/2020) e ACCORDO STATO REGIONI DEL 22 FEBBRAIO 2001.\r\n\r\nPROGRAMMA \u2013 le materie di insegnamento sono articolate nelle seguenti aree disciplinari","_et_gb_content_width":"","_joinchat":[]},"product_brand":[],"product_cat":[36],"product_tag":[],"class_list":{"0":"post-4291","1":"product","2":"type-product","3":"status-publish","4":"has-post-thumbnail","6":"product_cat-sicurezza-sul-lavoro","8":"first","9":"instock","10":"shipping-taxable","11":"product-type-simple"},"yoast_head":"<!-- This site is optimized with the Yoast SEO plugin v27.0 - https:\/\/yoast.com\/product\/yoast-seo-wordpress\/ -->\n<title>Operatori di carrelli elevatori telescopici rotativi - Accademia Eraclitea<\/title>\n<meta name=\"robots\" content=\"index, follow, max-snippet:-1, max-image-preview:large, max-video-preview:-1\" \/>\n<link rel=\"canonical\" href=\"https:\/\/eraclitea.it\/it\/prodotto\/operatori-di-carrelli-elevatori-telescopici-rotativi\/\" \/>\n<meta property=\"og:locale\" content=\"it_IT\" \/>\n<meta property=\"og:type\" content=\"article\" \/>\n<meta property=\"og:title\" content=\"Operatori di carrelli elevatori telescopici rotativi - Accademia Eraclitea\" \/>\n<meta property=\"og:description\" content=\"12 ore Operatori di carrelli elevatori semoventi con conducente a bordo (carrelli elevatori telescopici rotativi)\" \/>\n<meta property=\"og:url\" content=\"https:\/\/eraclitea.it\/it\/prodotto\/operatori-di-carrelli-elevatori-telescopici-rotativi\/\" \/>\n<meta property=\"og:site_name\" content=\"Accademia Eraclitea\" \/>\n<meta property=\"article:modified_time\" content=\"2021-05-24T14:56:55+00:00\" \/>\n<meta property=\"og:image\" content=\"https:\/\/eraclitea.it\/it\/wp-content\/uploads\/2021\/03\/Operatori-di-carrelli-elevatori-telescopici-rotativi@2x.png\" \/>\n\t<meta property=\"og:image:width\" content=\"350\" \/>\n\t<meta property=\"og:image:height\" content=\"200\" \/>\n\t<meta property=\"og:image:type\" content=\"image\/png\" \/>\n<meta name=\"twitter:card\" content=\"summary_large_image\" \/>\n<meta name=\"twitter:label1\" content=\"Tempo di lettura stimato\" \/>\n\t<meta name=\"twitter:data1\" content=\"5 minuti\" \/>\n<script type=\"application\/ld+json\" class=\"yoast-schema-graph\">{\"@context\":\"https:\/\/schema.org\",\"@graph\":[{\"@type\":\"WebPage\",\"@id\":\"https:\/\/eraclitea.it\/it\/prodotto\/operatori-di-carrelli-elevatori-telescopici-rotativi\/\",\"url\":\"https:\/\/eraclitea.it\/it\/prodotto\/operatori-di-carrelli-elevatori-telescopici-rotativi\/\",\"name\":\"Operatori di carrelli elevatori telescopici rotativi - Accademia Eraclitea\",\"isPartOf\":{\"@id\":\"https:\/\/eraclitea.it\/it\/#website\"},\"primaryImageOfPage\":{\"@id\":\"https:\/\/eraclitea.it\/it\/prodotto\/operatori-di-carrelli-elevatori-telescopici-rotativi\/#primaryimage\"},\"image\":{\"@id\":\"https:\/\/eraclitea.it\/it\/prodotto\/operatori-di-carrelli-elevatori-telescopici-rotativi\/#primaryimage\"},\"thumbnailUrl\":\"https:\/\/eraclitea.it\/it\/wp-content\/uploads\/2021\/03\/Operatori-di-carrelli-elevatori-telescopici-rotativi@2x.png\",\"datePublished\":\"2021-03-31T07:51:42+00:00\",\"dateModified\":\"2021-05-24T14:56:55+00:00\",\"breadcrumb\":{\"@id\":\"https:\/\/eraclitea.it\/it\/prodotto\/operatori-di-carrelli-elevatori-telescopici-rotativi\/#breadcrumb\"},\"inLanguage\":\"it-IT\",\"potentialAction\":[{\"@type\":\"ReadAction\",\"target\":[\"https:\/\/eraclitea.it\/it\/prodotto\/operatori-di-carrelli-elevatori-telescopici-rotativi\/\"]}]},{\"@type\":\"ImageObject\",\"inLanguage\":\"it-IT\",\"@id\":\"https:\/\/eraclitea.it\/it\/prodotto\/operatori-di-carrelli-elevatori-telescopici-rotativi\/#primaryimage\",\"url\":\"https:\/\/eraclitea.it\/it\/wp-content\/uploads\/2021\/03\/Operatori-di-carrelli-elevatori-telescopici-rotativi@2x.png\",\"contentUrl\":\"https:\/\/eraclitea.it\/it\/wp-content\/uploads\/2021\/03\/Operatori-di-carrelli-elevatori-telescopici-rotativi@2x.png\",\"width\":350,\"height\":200},{\"@type\":\"BreadcrumbList\",\"@id\":\"https:\/\/eraclitea.it\/it\/prodotto\/operatori-di-carrelli-elevatori-telescopici-rotativi\/#breadcrumb\",\"itemListElement\":[{\"@type\":\"ListItem\",\"position\":1,\"name\":\"Home\",\"item\":\"https:\/\/eraclitea.it\/it\/\"},{\"@type\":\"ListItem\",\"position\":2,\"name\":\"Corsi\",\"item\":\"https:\/\/eraclitea.it\/it\/corsi\/\"},{\"@type\":\"ListItem\",\"position\":3,\"name\":\"Operatori di carrelli elevatori telescopici rotativi\"}]},{\"@type\":\"WebSite\",\"@id\":\"https:\/\/eraclitea.it\/it\/#website\",\"url\":\"https:\/\/eraclitea.it\/it\/\",\"name\":\"Accademia Eraclitea\",\"description\":\"Ente di Ricerca e di Alta Formazione Accreditato\",\"potentialAction\":[{\"@type\":\"SearchAction\",\"target\":{\"@type\":\"EntryPoint\",\"urlTemplate\":\"https:\/\/eraclitea.it\/it\/?s={search_term_string}\"},\"query-input\":{\"@type\":\"PropertyValueSpecification\",\"valueRequired\":true,\"valueName\":\"search_term_string\"}}],\"inLanguage\":\"it-IT\"}]}<\/script>\n<!-- \/ Yoast SEO plugin. -->","yoast_head_json":{"title":"Operatori di carrelli elevatori telescopici rotativi - Accademia Eraclitea","robots":{"index":"index","follow":"follow","max-snippet":"max-snippet:-1","max-image-preview":"max-image-preview:large","max-video-preview":"max-video-preview:-1"},"canonical":"https:\/\/eraclitea.it\/it\/prodotto\/operatori-di-carrelli-elevatori-telescopici-rotativi\/","og_locale":"it_IT","og_type":"article","og_title":"Operatori di carrelli elevatori telescopici rotativi - Accademia Eraclitea","og_description":"12 ore Operatori di carrelli elevatori semoventi con conducente a bordo (carrelli elevatori telescopici rotativi)","og_url":"https:\/\/eraclitea.it\/it\/prodotto\/operatori-di-carrelli-elevatori-telescopici-rotativi\/","og_site_name":"Accademia Eraclitea","article_modified_time":"2021-05-24T14:56:55+00:00","og_image":[{"width":350,"height":200,"url":"https:\/\/eraclitea.it\/it\/wp-content\/uploads\/2021\/03\/Operatori-di-carrelli-elevatori-telescopici-rotativi@2x.png","type":"image\/png"}],"twitter_card":"summary_large_image","twitter_misc":{"Tempo di lettura stimato":"5 minuti"},"schema":{"@context":"https:\/\/schema.org","@graph":[{"@type":"WebPage","@id":"https:\/\/eraclitea.it\/it\/prodotto\/operatori-di-carrelli-elevatori-telescopici-rotativi\/","url":"https:\/\/eraclitea.it\/it\/prodotto\/operatori-di-carrelli-elevatori-telescopici-rotativi\/","name":"Operatori di carrelli elevatori telescopici rotativi - Accademia Eraclitea","isPartOf":{"@id":"https:\/\/eraclitea.it\/it\/#website"},"primaryImageOfPage":{"@id":"https:\/\/eraclitea.it\/it\/prodotto\/operatori-di-carrelli-elevatori-telescopici-rotativi\/#primaryimage"},"image":{"@id":"https:\/\/eraclitea.it\/it\/prodotto\/operatori-di-carrelli-elevatori-telescopici-rotativi\/#primaryimage"},"thumbnailUrl":"https:\/\/eraclitea.it\/it\/wp-content\/uploads\/2021\/03\/Operatori-di-carrelli-elevatori-telescopici-rotativi@2x.png","datePublished":"2021-03-31T07:51:42+00:00","dateModified":"2021-05-24T14:56:55+00:00","breadcrumb":{"@id":"https:\/\/eraclitea.it\/it\/prodotto\/operatori-di-carrelli-elevatori-telescopici-rotativi\/#breadcrumb"},"inLanguage":"it-IT","potentialAction":[{"@type":"ReadAction","target":["https:\/\/eraclitea.it\/it\/prodotto\/operatori-di-carrelli-elevatori-telescopici-rotativi\/"]}]},{"@type":"ImageObject","inLanguage":"it-IT","@id":"https:\/\/eraclitea.it\/it\/prodotto\/operatori-di-carrelli-elevatori-telescopici-rotativi\/#primaryimage","url":"https:\/\/eraclitea.it\/it\/wp-content\/uploads\/2021\/03\/Operatori-di-carrelli-elevatori-telescopici-rotativi@2x.png","contentUrl":"https:\/\/eraclitea.it\/it\/wp-content\/uploads\/2021\/03\/Operatori-di-carrelli-elevatori-telescopici-rotativi@2x.png","width":350,"height":200},{"@type":"BreadcrumbList","@id":"https:\/\/eraclitea.it\/it\/prodotto\/operatori-di-carrelli-elevatori-telescopici-rotativi\/#breadcrumb","itemListElement":[{"@type":"ListItem","position":1,"name":"Home","item":"https:\/\/eraclitea.it\/it\/"},{"@type":"ListItem","position":2,"name":"Corsi","item":"https:\/\/eraclitea.it\/it\/corsi\/"},{"@type":"ListItem","position":3,"name":"Operatori di carrelli elevatori telescopici rotativi"}]},{"@type":"WebSite","@id":"https:\/\/eraclitea.it\/it\/#website","url":"https:\/\/eraclitea.it\/it\/","name":"Accademia Eraclitea","description":"Ente di Ricerca e di Alta Formazione Accreditato","potentialAction":[{"@type":"SearchAction","target":{"@type":"EntryPoint","urlTemplate":"https:\/\/eraclitea.it\/it\/?s={search_term_string}"},"query-input":{"@type":"PropertyValueSpecification","valueRequired":true,"valueName":"search_term_string"}}],"inLanguage":"it-IT"}]}},"jetpack_sharing_enabled":true,"_links":{"self":[{"href":"https:\/\/eraclitea.it\/it\/wp-json\/wp\/v2\/product\/4291","targetHints":{"allow":["GET"]}}],"collection":[{"href":"https:\/\/eraclitea.it\/it\/wp-json\/wp\/v2\/product"}],"about":[{"href":"https:\/\/eraclitea.it\/it\/wp-json\/wp\/v2\/types\/product"}],"replies":[{"embeddable":true,"href":"https:\/\/eraclitea.it\/it\/wp-json\/wp\/v2\/comments?post=4291"}],"wp:featuredmedia":[{"embeddable":true,"href":"https:\/\/eraclitea.it\/it\/wp-json\/wp\/v2\/media\/5269"}],"wp:attachment":[{"href":"https:\/\/eraclitea.it\/it\/wp-json\/wp\/v2\/media?parent=4291"}],"wp:term":[{"taxonomy":"product_brand","embeddable":true,"href":"https:\/\/eraclitea.it\/it\/wp-json\/wp\/v2\/product_brand?post=4291"},{"taxonomy":"product_cat","embeddable":true,"href":"https:\/\/eraclitea.it\/it\/wp-json\/wp\/v2\/product_cat?post=4291"},{"taxonomy":"product_tag","embeddable":true,"href":"https:\/\/eraclitea.it\/it\/wp-json\/wp\/v2\/product_tag?post=4291"}],"curies":[{"name":"wp","href":"https:\/\/api.w.org\/{rel}","templated":true}]}}