{"id":4267,"date":"2021-03-29T17:24:57","date_gmt":"2021-03-29T17:24:57","guid":{"rendered":"https:\/\/eraclitea.it\/eracliteait\/?post_type=product&#038;p=4267"},"modified":"2025-06-14T17:50:59","modified_gmt":"2025-06-14T17:50:59","slug":"rspp-aspp-modulo-a","status":"publish","type":"product","link":"https:\/\/eraclitea.it\/it\/prodotto\/rspp-aspp-modulo-a\/","title":{"rendered":"RSPP &#8211; ASPP &#8211; Modulo A"},"content":{"rendered":"<table style=\"border: 0px; height: 244px; width: 721px;\">\n<tbody>\n<tr>\n<td style=\"width: 38.75px;\"><a href=\"https:\/\/eraclitea.it\/it\/wp-content\/uploads\/2021\/01\/orolo2.png\"><img loading=\"lazy\" decoding=\"async\" class=\"alignnone wp-image-887 \" src=\"https:\/\/eraclitea.it\/it\/wp-content\/uploads\/2021\/03\/tempo.png\" alt=\"\" width=\"33\" height=\"33\" \/><\/a><\/td>\n<td style=\"width: 147.841px;\">\n<h4 class=\"et_pb_module_header\">Durata del corso:<\/h4>\n<\/td>\n<td style=\"width: 515.114px;\">28 ore (online in modalit\u00e0 asincrona)<\/td>\n<\/tr>\n<tr>\n<td style=\"width: 38.75px;\"><a href=\"https:\/\/eraclitea.it\/it\/wp-content\/uploads\/2021\/03\/Tavola-da-disegno-\u2013-13.png\"><img loading=\"lazy\" decoding=\"async\" class=\"alignnone wp-image-3710 \" src=\"https:\/\/eraclitea.it\/it\/wp-content\/uploads\/2021\/03\/Tavola-da-disegno-\u2013-13-300x300.png\" alt=\"\" width=\"39\" height=\"39\" srcset=\"https:\/\/eraclitea.it\/it\/wp-content\/uploads\/2021\/03\/Tavola-da-disegno-\u2013-13-300x300.png 300w, https:\/\/eraclitea.it\/it\/wp-content\/uploads\/2021\/03\/Tavola-da-disegno-\u2013-13-150x150.png 150w, https:\/\/eraclitea.it\/it\/wp-content\/uploads\/2021\/03\/Tavola-da-disegno-\u2013-13-100x100.png 100w, https:\/\/eraclitea.it\/it\/wp-content\/uploads\/2021\/03\/Tavola-da-disegno-\u2013-13-64x64.png 64w, https:\/\/eraclitea.it\/it\/wp-content\/uploads\/2021\/03\/Tavola-da-disegno-\u2013-13.png 400w\" sizes=\"(max-width: 39px) 100vw, 39px\" \/><\/a><\/td>\n<td style=\"width: 147.841px;\">\n<h4>N. Partecipanti:<\/h4>\n<\/td>\n<td style=\"width: 515.114px;\">Nessun limite<\/td>\n<\/tr>\n<tr>\n<td style=\"width: 38.75px;\"><a href=\"https:\/\/eraclitea.it\/it\/wp-content\/uploads\/2021\/04\/Tavola-da-disegno-\u2013-13-2.png\"><img loading=\"lazy\" decoding=\"async\" class=\"alignnone size-medium wp-image-5967\" src=\"https:\/\/eraclitea.it\/it\/wp-content\/uploads\/2021\/04\/Tavola-da-disegno-\u2013-13-2-300x300.png\" alt=\"\" width=\"300\" height=\"300\" \/><\/a><\/td>\n<td style=\"width: 147.841px;\">\n<h4>A chi \u00e8 rivolto:<\/h4>\n<\/td>\n<td>Il corso \u00e8 rivolto a partecipanti in possesso di almeno il diploma di istruzione secondaria superiore, che non hanno mai esercitato la professione di RSPP e ASPP.<\/td>\n<\/tr>\n<\/tbody>\n<\/table>\n<p>&nbsp;<\/p>\n<p>&nbsp;<\/p>\n<h3><span style=\"color: #333333; font-size: 22px;\">Obiettivi<\/span><\/h3>\n<p>Il corso si propone di fornire conoscenze e competenze relative:<\/p>\n<ul>\n<li>alla normativa generale e specifica in tema di igiene e sicurezza del lavoro, sui criteri e strumenti per la ricerca delle leggi e norme tecniche riferite ai problemi specifici;<\/li>\n<li>ai vari soggetti del sistema di prevenzione aziendale, ai loro compiti, alle loro responsabilit\u00e0 e alle funzioni svolte dai vari Enti preposti alla tutela della salute dei lavoratori;<\/li>\n<li>agli aspetti normativi, relativi ai rischi e ai danni da lavoro, alle misure di prevenzione per eliminarli o ridurli, ai criteri metodologici per la valutazione dei rischi, ai contenuti del documento di valutazione dei rischi, alla gestione delle emergenze;<\/li>\n<li>alle modalit\u00e0 con cui organizzare e gestire un Sistema di Prevenzione aziendale.<\/li>\n<\/ul>\n<p>ACCORDO STATO REGIONI DEL 17 APRILE 2025<br \/>\nIl modulo A costituisce il corso base per lo svolgimento delle funzioni di RSPP e di ASPP ed \u00e8 propedeutico per gli altri moduli. Il corso pu\u00f2 essere svolto anche interamente online in modalit\u00e0 asincrona.<\/p>\n<div><span style=\"color: #ff0000;\">ACCADEMIA ERACLITEA E&#8217; UN ENTE ACCREDITATO PRESSO LA REGIONE SICILIANA &#8211; ASSESSORATO ALLA SALUTE (DASOE) PER LO SVOLGIMENTO DEI CORSI SULLA SICUREZZA SUI LUOGHI DI LAVORO.<\/span><\/div>\n<div><\/div>\n<div>\n<p>ll Modulo A deve consentire ai responsabili e agli addetti dei servizi di prevenzione e protezione di essere in grado di conoscere:<\/p>\n<ul>\n<li>la normativa generale e specifica in tema di salute e sicurezza e gli strumenti per garantire un adeguato approfondimento e aggiornamento in funzione della continua evoluzione della stessa;<\/li>\n<li>tutti I soggetti del sistema di prevenzione aziendale, i compiti e le responsabilit\u00e0;<\/li>\n<li>le funzioni svolte dal sistema istituzionale pubblico e dai vari enti preposti alla tutela della salute e della sicurezza nei luoghi di lavoro;<\/li>\n<li>I principali rischi trattati dal d.lgs. n. 81\/2008 e individuare le misure di prevenzione e protezione nonch\u00e9 le modalit\u00e0 per la gestione delle emergenze;<\/li>\n<li>gli obblighi di informazione, formazione e addestramento nei confronti dei soggetti del sistema di prevenzione aziendale;<\/li>\n<li>i concetti di pericolo, rischio, danno, prevenzione e protezione;<\/li>\n<li>gli elementi metodologici per la valutazione del rischio.<\/li>\n<\/ul>\n<\/div>\n<div><\/div>\n<h3>Programma Corso<\/h3>\n<div class='et-learn-more clearfix'>\n\t\t\t\t\t<h3 class='heading-more'>UNIT\u00c0 DIDATTICA  A1 -  8 ORE<span class='et_learnmore_arrow'><span><\/span><\/span><\/h3>\n\t\t\t\t\t<div class='learn-more-content'><ul>\n<li>L&#8217;approccio alla prevenzione nel d.lgs. n. 81\/2008\n<ul>\n<li>La filosofia del d.lgs. n. 81\/2008 in riferimento al carattere gestionale-organizzativo dato dalla legislazione al sistema di prevenzione aziendale.<\/li>\n<\/ul>\n<\/li>\n<li>Il sistema legislativo: esame delle normative di riferimento\n<ul>\n<li>L&#8217;evoluzione legislativa sulla salute e sicurezza sul lavoro.<\/li>\n<li>Lo Statuto dei lavoratori e la normativa sull&#8217;assicurazione\u00a0obbligatoria contro gli infortuni e le malattie professionali.<\/li>\n<li>L&#8217;impostazione di base data al d.lgs. n. 81\/2008 dal legislatore, riferendo la trattazione anche ai principi costituzionali ed agli obblighi civili e penali dati dall&#8217;ordinamento giuridico nazionale<\/li>\n<li>II quadro giuridico europeo (direttive, regolamenti,\u00a0raccomandazioni, pareri).<\/li>\n<li>I profili di responsabilit\u00e0 amministrativa.<\/li>\n<li>La legislazione relativa a particolari categorie di lavoro: lavoro\u00a0minorile, lavoratrici madri, lavoro notturno, lavori atipici, ecc ..<\/li>\n<li>II D.M. 10 marzo 1998 e il quadro legislative antincendio.<\/li>\n<li>Le principali norme tecniche UNI, CEI, accenni sulle attivit\u00e0 di\u00a0normalizzazione nazionali ed europee.<\/li>\n<\/ul>\n<\/li>\n<li>Il sistema istituzionale della prevenzione\n<ul>\n<li>Capo II del Titolo I del d.lgs. n. 81\/2008<\/li>\n<\/ul>\n<\/li>\n<li>Il sistema di vigilanza e assistenza\n<ul>\n<li>Vigilanza e controllo.<\/li>\n<li>II sistema delle prescrizioni e delle sanzioni.<\/li>\n<li>Le omologazioni, le verifiche periodiche.<\/li>\n<li>lnformazione, assistenza e consulenza.<\/li>\n<li>Organismi paritetici e Accordi di categoria.<\/li>\n<li>Azienda Sanitaria, Direzione Territoriale del Lavoro, Vigili del Fuoco, INAIL, ARPA.<\/div>\n\t\t\t\t<\/div><\/li>\n<\/ul>\n<\/li>\n<\/ul>\n<div class='et-learn-more clearfix'>\n\t\t\t\t\t<h3 class='heading-more'>UNIT\u00c0 DIDATTICA  A2 -  4 ORE <span class='et_learnmore_arrow'><span><\/span><\/span><\/h3>\n\t\t\t\t\t<div class='learn-more-content'><ul>\n<li>I soggetti del sistema di prevenzione aziendale secondo il D.lgs. n. 81\/2008\n<ul>\n<li>II sistema sicurezza aziendale secondo il d.lgs. n. 81\/2008:<\/li>\n<li>datore di lavoro, dirigenti e preposti;<\/li>\n<li>responsabile del servizio prevenzione e protezione e addetti del SPP;<\/li>\n<li>Medico Competente;<\/li>\n<li>rappresentante dei lavoratori per la sicurezza e \u00a0rappresentante dei lavoratori per la sicurezza terrirtoriale e di sito;<\/li>\n<li>addetti alia prevenzione incendi, evacuazione dei lavoratori e primo soccorso;<\/li>\n<li>lavoratori, progettisti, fabbricanti, fornitori ed installatori;<\/li>\n<li>lavoratori autonomi;<\/li>\n<li>imprese familiari.<\/li>\n<\/ul>\n<\/li>\n<\/ul><\/div>\n\t\t\t\t<\/div>\n<div class='et-learn-more clearfix'>\n\t\t\t\t\t<h3 class='heading-more'>UNIT\u00c0 DIDATTICA  A3 -  8 ORE <span class='et_learnmore_arrow'><span><\/span><\/span><\/h3>\n\t\t\t\t\t<div class='learn-more-content'><ul>\n<li>Il processo di valutazione dei rischi\n<ul>\n<li>Concetti di pericolo, rischio danno, prevenzione e protezione.<\/li>\n<li>Principio di precauzione: attenzione alle lavoratrici in stato di gravidanza. alle differenze di genere, all&#8217;et\u00e0, alla provenienza da altri Paesi e quelli connessi alla specifica tipologia contrattuale attraverso cui viene resa la prestazione di lavoro.<\/li>\n<li>Analisi degli infortuni: cause, modalit\u00e0 di accadimento, indicatori, analisi statistica, e andamento nel tempo, registro infortuni.<\/li>\n<li>Analisi delle malattie professionali: cause, modalit\u00e0 di accadimento, indicatori, analisi statistica e andamento nel tempo.<\/li>\n<li>Le fonti statistiche: strumenti e materiale informativo disponibile.<\/li>\n<li>Valutazione dei rischi: metodologie e criteri per la valutazione dei rischi.<\/li>\n<li>Fasi e attivit\u00e0 del processo valutativo.<\/li>\n<li>Il contesto di applicazione delle procedure standardizzate.<\/li>\n<li>La classificazione dei rischi specifici.<\/li>\n<li>Misure generali di tutela.<\/li>\n<li>Contenuti struttura e organizzazione del documento di valutazione dei rischi.<\/li>\n<li>La valutazione dei rischi da interferenze e la gestione dei contratti di appalto o d&#8217;opera o di somministrazione.<\/li>\n<\/ul>\n<\/li>\n<\/ul><\/div>\n\t\t\t\t<\/div>\n<div class='et-learn-more clearfix'>\n\t\t\t\t\t<h3 class='heading-more'>UNIT\u00c0 DIDATTICA  A4 -  4 ORE <span class='et_learnmore_arrow'><span><\/span><\/span><\/h3>\n\t\t\t\t\t<div class='learn-more-content'><ul>\n<li>I dispositivi di protezione collettive e individuali.\n<ul>\n<li>I dispositivi di protezione collettiva<\/li>\n<li>I dispositivi di protezione individuale: criteri di scelta e di utilizzo.<\/li>\n<\/ul>\n<\/li>\n<li>La gestione delle emergenze\n<ul>\n<li>Tipologie di emergenza.<\/li>\n<li>Caratteristiche e procedure di gestione delle emergenze in caso di:\n\u2713 Incendio;\n\u2713 primo soccorso;\n\u2713 altre emergenze;<\/li>\n<\/ul>\n<\/li>\n<li>Criteri per la stesura del piano di emergenza e di evacuazione.specifiche tutele per le lavoratrici madri, minori, invalidi, visite mediche e giudizi di idoneit\u00e0, ricorsi.<\/li>\n<li>Sorveglianza sanitaria: obiettivi e obblighi, specifiche tutele per le lavoratrici madri, minori, invalidi, visite mediche, giudizi di idoneit\u00e0 e ricorsi.<\/li>\n<\/ul><\/div>\n\t\t\t\t<\/div>\n<div class='et-learn-more clearfix'>\n\t\t\t\t\t<h3 class='heading-more'>UNIT\u00c0 DIDATTICA  A5 -  4 ORE <span class='et_learnmore_arrow'><span><\/span><\/span><\/h3>\n\t\t\t\t\t<div class='learn-more-content'><ul>\n<li>Consultazione e partecipazione\n<ul>\n<li>La consultazione e la partecipazione aziendale della sicurezza.<\/li>\n<li>Le relazioni tra i soggetti del sistema della prevenzione.Informazione, formazione e addestramento dei soggetti previsti nel d.lgs. n. 81\/2008.<\/li>\n<\/ul>\n<\/li>\n<li>Informazione, formazione e addestramento\n<ul>\n<li>Gli obblighi informativi, formativi e di addestramento per i diversi soggetti aziendali.<\/li>\n<\/ul>\n<\/li>\n<\/ul><\/div>\n\t\t\t\t<\/div>\n<div class='et-learn-more clearfix'>\n\t\t\t\t\t<h3 class='heading-more'>VALUTAZIONE FINALE <span class='et_learnmore_arrow'><span><\/span><\/span><\/h3>\n\t\t\t\t\t<div class='learn-more-content'><ul>\n<li>La verifica dell\u2019apprendimento sar\u00e0 svolta mediante test a risposta multipla<\/li>\n<\/ul><\/div>\n\t\t\t\t<\/div>\n<p>&nbsp;<\/p>\n<h3>Certificazione<\/h3>\n<p>Al termine del modulo base, sar\u00e0 rilasciato un attestato di frequenza ai sensi della normativa vigente.<br \/>\nLa frequenza al corso costituisce Credito Formativo permanente.<\/p>\n","protected":false},"excerpt":{"rendered":"<h4>28 ore (online in modalit\u00e0 asincrona)<\/h4>\n<p>ACCORDO STATO REGIONI DEL 17 APRILE 2025<\/p>\n","protected":false},"featured_media":6949,"comment_status":"open","ping_status":"closed","template":"","meta":{"_et_pb_use_builder":"off","_et_pb_old_content":"OBIETTIVI DEL CORSO\r\n\r\nIl corso di qualifica per Operatore Socio Sanitario \u00e8 volto a formare operatori in grado di intervenire nelle situazioni caratterizzate da mancanza temporanea e\/o permanente di autonomia psicofisica. Grazie alla formazione teorico-pratica e al tirocinio pratico, gli allievi avranno l\u2019opportunit\u00e0 di sviluppare competenze professionali volte a:\r\n<ul>\r\n \t<li>identificare, classificare ed interpretare le problematiche delle diverse tipologie di utenze (minori, anziani, persone con disabilit\u00e0, pazienti oncologici);<\/li>\r\n \t<li>conoscere l\u2019organizzazione dei servizi sociali e sanitari; acquisire elementi di igiene e prevenzione e di anatomia, fisiologia e dietetica;<\/li>\r\n \t<li>identificare gli elementi necessari alla pianificazione dell\u2019assistenza e applicare le conoscenze acquisite per mantenere un ambiente terapeutico adeguato alla cura della persona e per applicare le diverse metodologie operative di carattere sanitario sugli assistiti.<\/li>\r\n<\/ul>\r\nIL CORSO E\u2019 ACCREDITATO DALLA REGIONE SICILIANA, ASSESSORATO ALLA SALUTE, AI SENSI DEL DECRETO DEL 12 AGOSTO 2020 (GURS N. 45\/2020) e ACCORDO STATO REGIONI DEL 22 FEBBRAIO 2001.\r\n\r\nPROGRAMMA \u2013 le materie di insegnamento sono articolate nelle seguenti aree disciplinari","_et_gb_content_width":"","_joinchat":[]},"product_brand":[],"product_cat":[47,36],"product_tag":[85],"class_list":{"0":"post-4267","1":"product","2":"type-product","3":"status-publish","4":"has-post-thumbnail","6":"product_cat-online","7":"product_cat-sicurezza-sul-lavoro","8":"product_tag-sicurezza-sul-lavoro","10":"first","11":"instock","12":"shipping-taxable","13":"product-type-simple"},"yoast_head":"<!-- This site is optimized with the Yoast SEO plugin v27.0 - https:\/\/yoast.com\/product\/yoast-seo-wordpress\/ -->\n<title>RSPP - ASPP - Modulo A - Accademia Eraclitea<\/title>\n<meta name=\"robots\" content=\"index, follow, max-snippet:-1, max-image-preview:large, max-video-preview:-1\" \/>\n<link rel=\"canonical\" href=\"https:\/\/eraclitea.it\/it\/prodotto\/rspp-aspp-modulo-a\/\" \/>\n<meta property=\"og:locale\" content=\"it_IT\" \/>\n<meta property=\"og:type\" content=\"article\" \/>\n<meta property=\"og:title\" content=\"RSPP - ASPP - Modulo A - Accademia Eraclitea\" \/>\n<meta property=\"og:description\" content=\"28 ore (online in modalit\u00e0 asincrona) ACCORDO STATO REGIONI DEL 17 APRILE 2025\" \/>\n<meta property=\"og:url\" content=\"https:\/\/eraclitea.it\/it\/prodotto\/rspp-aspp-modulo-a\/\" \/>\n<meta property=\"og:site_name\" content=\"Accademia Eraclitea\" \/>\n<meta property=\"article:modified_time\" content=\"2025-06-14T17:50:59+00:00\" \/>\n<meta property=\"og:image\" content=\"https:\/\/eraclitea.it\/it\/wp-content\/uploads\/2021\/03\/Sicurezza-sul-lavoro-\u2013-1@2x.png\" \/>\n\t<meta property=\"og:image:width\" content=\"350\" \/>\n\t<meta property=\"og:image:height\" content=\"200\" \/>\n\t<meta property=\"og:image:type\" content=\"image\/png\" \/>\n<meta name=\"twitter:card\" content=\"summary_large_image\" \/>\n<meta name=\"twitter:label1\" content=\"Tempo di lettura stimato\" \/>\n\t<meta name=\"twitter:data1\" content=\"7 minuti\" \/>\n<script type=\"application\/ld+json\" class=\"yoast-schema-graph\">{\"@context\":\"https:\/\/schema.org\",\"@graph\":[{\"@type\":\"WebPage\",\"@id\":\"https:\/\/eraclitea.it\/it\/prodotto\/rspp-aspp-modulo-a\/\",\"url\":\"https:\/\/eraclitea.it\/it\/prodotto\/rspp-aspp-modulo-a\/\",\"name\":\"RSPP - ASPP - Modulo A - Accademia Eraclitea\",\"isPartOf\":{\"@id\":\"https:\/\/eraclitea.it\/it\/#website\"},\"primaryImageOfPage\":{\"@id\":\"https:\/\/eraclitea.it\/it\/prodotto\/rspp-aspp-modulo-a\/#primaryimage\"},\"image\":{\"@id\":\"https:\/\/eraclitea.it\/it\/prodotto\/rspp-aspp-modulo-a\/#primaryimage\"},\"thumbnailUrl\":\"https:\/\/eraclitea.it\/it\/wp-content\/uploads\/2021\/03\/Sicurezza-sul-lavoro-\u2013-1@2x.png\",\"datePublished\":\"2021-03-29T17:24:57+00:00\",\"dateModified\":\"2025-06-14T17:50:59+00:00\",\"breadcrumb\":{\"@id\":\"https:\/\/eraclitea.it\/it\/prodotto\/rspp-aspp-modulo-a\/#breadcrumb\"},\"inLanguage\":\"it-IT\",\"potentialAction\":[{\"@type\":\"ReadAction\",\"target\":[\"https:\/\/eraclitea.it\/it\/prodotto\/rspp-aspp-modulo-a\/\"]}]},{\"@type\":\"ImageObject\",\"inLanguage\":\"it-IT\",\"@id\":\"https:\/\/eraclitea.it\/it\/prodotto\/rspp-aspp-modulo-a\/#primaryimage\",\"url\":\"https:\/\/eraclitea.it\/it\/wp-content\/uploads\/2021\/03\/Sicurezza-sul-lavoro-\u2013-1@2x.png\",\"contentUrl\":\"https:\/\/eraclitea.it\/it\/wp-content\/uploads\/2021\/03\/Sicurezza-sul-lavoro-\u2013-1@2x.png\",\"width\":350,\"height\":200},{\"@type\":\"BreadcrumbList\",\"@id\":\"https:\/\/eraclitea.it\/it\/prodotto\/rspp-aspp-modulo-a\/#breadcrumb\",\"itemListElement\":[{\"@type\":\"ListItem\",\"position\":1,\"name\":\"Home\",\"item\":\"https:\/\/eraclitea.it\/it\/\"},{\"@type\":\"ListItem\",\"position\":2,\"name\":\"Corsi\",\"item\":\"https:\/\/eraclitea.it\/it\/corsi\/\"},{\"@type\":\"ListItem\",\"position\":3,\"name\":\"RSPP &#8211; ASPP &#8211; Modulo A\"}]},{\"@type\":\"WebSite\",\"@id\":\"https:\/\/eraclitea.it\/it\/#website\",\"url\":\"https:\/\/eraclitea.it\/it\/\",\"name\":\"Accademia Eraclitea\",\"description\":\"Ente di Ricerca e di Alta Formazione Accreditato\",\"potentialAction\":[{\"@type\":\"SearchAction\",\"target\":{\"@type\":\"EntryPoint\",\"urlTemplate\":\"https:\/\/eraclitea.it\/it\/?s={search_term_string}\"},\"query-input\":{\"@type\":\"PropertyValueSpecification\",\"valueRequired\":true,\"valueName\":\"search_term_string\"}}],\"inLanguage\":\"it-IT\"}]}<\/script>\n<!-- \/ Yoast SEO plugin. -->","yoast_head_json":{"title":"RSPP - ASPP - Modulo A - Accademia Eraclitea","robots":{"index":"index","follow":"follow","max-snippet":"max-snippet:-1","max-image-preview":"max-image-preview:large","max-video-preview":"max-video-preview:-1"},"canonical":"https:\/\/eraclitea.it\/it\/prodotto\/rspp-aspp-modulo-a\/","og_locale":"it_IT","og_type":"article","og_title":"RSPP - ASPP - Modulo A - Accademia Eraclitea","og_description":"28 ore (online in modalit\u00e0 asincrona) ACCORDO STATO REGIONI DEL 17 APRILE 2025","og_url":"https:\/\/eraclitea.it\/it\/prodotto\/rspp-aspp-modulo-a\/","og_site_name":"Accademia Eraclitea","article_modified_time":"2025-06-14T17:50:59+00:00","og_image":[{"width":350,"height":200,"url":"https:\/\/eraclitea.it\/it\/wp-content\/uploads\/2021\/03\/Sicurezza-sul-lavoro-\u2013-1@2x.png","type":"image\/png"}],"twitter_card":"summary_large_image","twitter_misc":{"Tempo di lettura stimato":"7 minuti"},"schema":{"@context":"https:\/\/schema.org","@graph":[{"@type":"WebPage","@id":"https:\/\/eraclitea.it\/it\/prodotto\/rspp-aspp-modulo-a\/","url":"https:\/\/eraclitea.it\/it\/prodotto\/rspp-aspp-modulo-a\/","name":"RSPP - ASPP - Modulo A - Accademia Eraclitea","isPartOf":{"@id":"https:\/\/eraclitea.it\/it\/#website"},"primaryImageOfPage":{"@id":"https:\/\/eraclitea.it\/it\/prodotto\/rspp-aspp-modulo-a\/#primaryimage"},"image":{"@id":"https:\/\/eraclitea.it\/it\/prodotto\/rspp-aspp-modulo-a\/#primaryimage"},"thumbnailUrl":"https:\/\/eraclitea.it\/it\/wp-content\/uploads\/2021\/03\/Sicurezza-sul-lavoro-\u2013-1@2x.png","datePublished":"2021-03-29T17:24:57+00:00","dateModified":"2025-06-14T17:50:59+00:00","breadcrumb":{"@id":"https:\/\/eraclitea.it\/it\/prodotto\/rspp-aspp-modulo-a\/#breadcrumb"},"inLanguage":"it-IT","potentialAction":[{"@type":"ReadAction","target":["https:\/\/eraclitea.it\/it\/prodotto\/rspp-aspp-modulo-a\/"]}]},{"@type":"ImageObject","inLanguage":"it-IT","@id":"https:\/\/eraclitea.it\/it\/prodotto\/rspp-aspp-modulo-a\/#primaryimage","url":"https:\/\/eraclitea.it\/it\/wp-content\/uploads\/2021\/03\/Sicurezza-sul-lavoro-\u2013-1@2x.png","contentUrl":"https:\/\/eraclitea.it\/it\/wp-content\/uploads\/2021\/03\/Sicurezza-sul-lavoro-\u2013-1@2x.png","width":350,"height":200},{"@type":"BreadcrumbList","@id":"https:\/\/eraclitea.it\/it\/prodotto\/rspp-aspp-modulo-a\/#breadcrumb","itemListElement":[{"@type":"ListItem","position":1,"name":"Home","item":"https:\/\/eraclitea.it\/it\/"},{"@type":"ListItem","position":2,"name":"Corsi","item":"https:\/\/eraclitea.it\/it\/corsi\/"},{"@type":"ListItem","position":3,"name":"RSPP &#8211; ASPP &#8211; Modulo A"}]},{"@type":"WebSite","@id":"https:\/\/eraclitea.it\/it\/#website","url":"https:\/\/eraclitea.it\/it\/","name":"Accademia Eraclitea","description":"Ente di Ricerca e di Alta Formazione Accreditato","potentialAction":[{"@type":"SearchAction","target":{"@type":"EntryPoint","urlTemplate":"https:\/\/eraclitea.it\/it\/?s={search_term_string}"},"query-input":{"@type":"PropertyValueSpecification","valueRequired":true,"valueName":"search_term_string"}}],"inLanguage":"it-IT"}]}},"jetpack_sharing_enabled":true,"_links":{"self":[{"href":"https:\/\/eraclitea.it\/it\/wp-json\/wp\/v2\/product\/4267","targetHints":{"allow":["GET"]}}],"collection":[{"href":"https:\/\/eraclitea.it\/it\/wp-json\/wp\/v2\/product"}],"about":[{"href":"https:\/\/eraclitea.it\/it\/wp-json\/wp\/v2\/types\/product"}],"replies":[{"embeddable":true,"href":"https:\/\/eraclitea.it\/it\/wp-json\/wp\/v2\/comments?post=4267"}],"wp:featuredmedia":[{"embeddable":true,"href":"https:\/\/eraclitea.it\/it\/wp-json\/wp\/v2\/media\/6949"}],"wp:attachment":[{"href":"https:\/\/eraclitea.it\/it\/wp-json\/wp\/v2\/media?parent=4267"}],"wp:term":[{"taxonomy":"product_brand","embeddable":true,"href":"https:\/\/eraclitea.it\/it\/wp-json\/wp\/v2\/product_brand?post=4267"},{"taxonomy":"product_cat","embeddable":true,"href":"https:\/\/eraclitea.it\/it\/wp-json\/wp\/v2\/product_cat?post=4267"},{"taxonomy":"product_tag","embeddable":true,"href":"https:\/\/eraclitea.it\/it\/wp-json\/wp\/v2\/product_tag?post=4267"}],"curies":[{"name":"wp","href":"https:\/\/api.w.org\/{rel}","templated":true}]}}