{"id":4260,"date":"2021-03-29T16:36:26","date_gmt":"2021-03-29T16:36:26","guid":{"rendered":"https:\/\/eraclitea.it\/eracliteait\/?post_type=product&#038;p=4260"},"modified":"2025-06-14T13:29:09","modified_gmt":"2025-06-14T13:29:09","slug":"rspp-datore-di-lavoro-2","status":"publish","type":"product","link":"https:\/\/eraclitea.it\/it\/prodotto\/rspp-datore-di-lavoro-2\/","title":{"rendered":"RSPP &#8211; Datore di lavoro"},"content":{"rendered":"<table style=\"border: 0px; height: 244px; width: 56.0406%;\">\n<tbody>\n<tr>\n<td style=\"width: 5.98886%;\"><a href=\"https:\/\/eraclitea.it\/it\/wp-content\/uploads\/2021\/01\/orolo2.png\"><img loading=\"lazy\" decoding=\"async\" class=\"alignnone wp-image-887 \" src=\"https:\/\/eraclitea.it\/it\/wp-content\/uploads\/2021\/03\/tempo.png\" alt=\"\" width=\"33\" height=\"33\" \/><\/a><\/td>\n<td style=\"width: 24.9307%;\">\n<h4 class=\"et_pb_module_header\">Durata del corso:<\/h4>\n<\/td>\n<td style=\"width: 87.3316%;\">Ore 8 (modulo comune)<\/p>\n<p>Sono previsti moduli tecnici-integrativi per particolari settori di riferimento:<\/p>\n<ul>\n<li>Agricoltura, silvicoltura e zootecnia (16 ore)<\/li>\n<li>Pesca (12 ore)<\/li>\n<li>Costruzioni (16 ore)<\/li>\n<li>Chimico &#8211; Petrolchimico (16 ore)<\/li>\n<\/ul>\n<\/td>\n<\/tr>\n<tr>\n<td style=\"width: 5.98886%;\"><a href=\"https:\/\/eraclitea.it\/it\/wp-content\/uploads\/2021\/03\/Tavola-da-disegno-\u2013-13.png\"><img loading=\"lazy\" decoding=\"async\" class=\"alignnone wp-image-3710 \" src=\"https:\/\/eraclitea.it\/it\/wp-content\/uploads\/2021\/03\/Tavola-da-disegno-\u2013-13-300x300.png\" alt=\"\" width=\"39\" height=\"39\" srcset=\"https:\/\/eraclitea.it\/it\/wp-content\/uploads\/2021\/03\/Tavola-da-disegno-\u2013-13-300x300.png 300w, https:\/\/eraclitea.it\/it\/wp-content\/uploads\/2021\/03\/Tavola-da-disegno-\u2013-13-150x150.png 150w, https:\/\/eraclitea.it\/it\/wp-content\/uploads\/2021\/03\/Tavola-da-disegno-\u2013-13-100x100.png 100w, https:\/\/eraclitea.it\/it\/wp-content\/uploads\/2021\/03\/Tavola-da-disegno-\u2013-13-64x64.png 64w, https:\/\/eraclitea.it\/it\/wp-content\/uploads\/2021\/03\/Tavola-da-disegno-\u2013-13.png 400w\" sizes=\"(max-width: 39px) 100vw, 39px\" \/><\/a><\/td>\n<td style=\"width: 24.9307%;\">\n<h4 style=\"text-align: left;\">N. Partecipanti:<\/h4>\n<\/td>\n<td style=\"width: 87.3316%;\">Max 30<\/td>\n<\/tr>\n<tr>\n<td style=\"width: 5.98886%;\"><a href=\"https:\/\/eraclitea.it\/it\/wp-content\/uploads\/2021\/04\/Tavola-da-disegno-\u2013-13-2.png\"><img loading=\"lazy\" decoding=\"async\" class=\"alignnone size-medium wp-image-5967\" src=\"https:\/\/eraclitea.it\/it\/wp-content\/uploads\/2021\/04\/Tavola-da-disegno-\u2013-13-2-300x300.png\" alt=\"\" width=\"300\" height=\"300\" \/><\/a><\/td>\n<td style=\"width: 24.9307%;\">\n<h4>A chi \u00e8 rivolto:<\/h4>\n<\/td>\n<td style=\"width: 87.3316%;\">Il corso \u00e8 destinato ai Datori di Lavoro che svolgono direttamente i compiti di Responsabili Servizio Prevenzione e Protezione\u00a0(RSPP).<\/td>\n<\/tr>\n<\/tbody>\n<\/table>\n<p>&nbsp;<\/p>\n<p>&nbsp;<\/p>\n<h3><span style=\"color: #333333; font-size: 18pt;\">Obiettivi<\/span><\/h3>\n<p>Il corso di formazione \u00e8 finalizzato a fornire ai datori di lavoro le competenze tecniche, organizzative e procedurali proprie del responsabile del servizio di prevenzione e protezione.<\/p>\n<h3><\/h3>\n<h3>Requisiti:<\/h3>\n<p>Al corso si accede dopo aver frequentato il corso per datore di lavoro di ore 16 previsto dall&#8217;Accordo Stato Regioni del 17 aprile 2025<\/p>\n<p>&nbsp;<\/p>\n<h3>Articolazione del percorso formativo<\/h3>\n<p>Il percorso formativo si articola, con un modulo comune di ore 8 e ulteriori moduli tecnici-integrativi per particolari settori di riferimento, come di seguito riportato:<\/p>\n<ul>\n<li>Agricoltura, silvicoltura e zootecnia (16 ore)<\/li>\n<li>Pesca (12 ore)<\/li>\n<li>Costruzioni (16 ore)<\/li>\n<li>Chimico &#8211; Petrolchimico (16 ore)<\/li>\n<\/ul>\n<h3><\/h3>\n<h3>Modalit\u00e0 di svolgimento<\/h3>\n<p>Presenza oppure Videoconferenza<\/p>\n<h3><\/h3>\n<h3>Programma Corso<\/h3>\n<div class='et-learn-more clearfix'>\n\t\t\t\t\t<h3 class='heading-more'>MODULO COMUNE - ORE  8<span class='et_learnmore_arrow'><span><\/span><\/span><\/h3>\n\t\t\t\t\t<div class='learn-more-content'><p>Il processo di valutazione: criteri e metodologie<\/p>\n<ul>\n<li>i criteri e gli strumenti per l\u2019individuazione e la valutazione dei rischi;<\/li>\n<li>struttura e contenuti del documento di valutazione dei rischi;<\/li>\n<li>l\u2019analisi degli infortuni mancati e delle modalit\u00e0 di accadimento degli stessi;<\/li>\n<li>la gestione della<\/li>\n<li>documentazione tecnico amministrativa;<\/li>\n<li>le procedure semplificate per la redazione della valutazione del rischio.<\/li>\n<\/ul>\n<p>I fattori di rischio e misure di prevenzione e protezione<\/p>\n<ul>\n<li>fattori di rischio relativi a: luoghi di lavoro;<\/li>\n<li>attrezzature di lavoro;<\/li>\n<li>movimentazione manuale dei carichi<\/li>\n<li>VDT;<\/li>\n<li>agenti fisici;<\/li>\n<li>sostanze pericolose;<\/li>\n<li>agenti biologici;<\/li>\n<li>atmosfere esplosive;<\/li>\n<li>stress lavoro-correlato e fattori psicosociali;<\/li>\n<li>rischi ricollegabili al genere, all\u2019et\u00e0 e alla provenienza da altri paesi;<\/li>\n<li>misure tecniche, organizzative e procedurali di prevenzione e protezione;<\/li>\n<li>dispositivi di protezione individuale;<\/li>\n<li>segnaletica di sicurezza<\/li>\n<\/ul>\n<p>Esercitazione<\/p>\n<p>Predisposizione di un documento di valutazione dei rischi per un caso concreto riferito al settore ATECO di riferimento.<\/p>\n<p><strong>\u00a0<\/strong><\/div>\n\t\t\t\t<\/div>\n<div class='et-learn-more clearfix'>\n\t\t\t\t\t<h3 class='heading-more'>MODULO INTEGRATIVO: AGRICOLTURA SILVICULTURA  E ZOOTECNIA - ORE 16<span class='et_learnmore_arrow'><span><\/span><\/span><\/h3>\n\t\t\t\t\t<div class='learn-more-content'><p>&nbsp;<\/p>\n<table>\n<tbody>\n<tr>\n<td width=\"306\">UD1<\/td>\n<td width=\"306\">Analisi degli infortuni e malattie professionali del comparto<\/td>\n<\/tr>\n<tr>\n<td width=\"306\">UD2<\/td>\n<td width=\"306\">Organizzazione del lavoro: ambienti di lavoro (es. serre, campi, boschi, ecc.)<\/td>\n<\/tr>\n<tr>\n<td width=\"306\">UD3<\/td>\n<td width=\"306\">Normativa tecnica per strutture e impianti<\/td>\n<\/tr>\n<tr>\n<td width=\"306\">UD4<\/td>\n<td width=\"306\">Rischi legati all\u2019utilizzo di macchine e attrezzature di lavoro (es. ribaltamento, schiacciamento, ecc.)<\/td>\n<\/tr>\n<tr>\n<td width=\"306\">UD5<\/td>\n<td width=\"306\">Sostanze pericolose<\/td>\n<\/tr>\n<tr>\n<td width=\"306\">UD6<\/td>\n<td width=\"306\">Agenti biologici<\/td>\n<\/tr>\n<tr>\n<td width=\"306\">UD7<\/td>\n<td width=\"306\">Agenti fisici<\/td>\n<\/tr>\n<tr>\n<td width=\"306\">UD8<\/td>\n<td width=\"306\">Ambienti confinati e\\o sospetti di inquinamento<\/td>\n<\/tr>\n<tr>\n<td width=\"306\">UD9<\/td>\n<td width=\"306\">Rischio incendio e gestione dell\u2019emergenza<\/td>\n<\/tr>\n<tr>\n<td width=\"306\">UD10<\/td>\n<td width=\"306\">Rischio di caduta dall\u2019 alto<\/td>\n<\/tr>\n<tr>\n<td width=\"306\">UD11<\/td>\n<td width=\"306\">Movimentazione dei carichi<\/td>\n<\/tr>\n<\/tbody>\n<\/table><\/div>\n\t\t\t\t<\/div>\n<div class='et-learn-more clearfix'>\n\t\t\t\t\t<h3 class='heading-more'>MODULO PESCA - ORE 12<span class='et_learnmore_arrow'><span><\/span><\/span><\/h3>\n\t\t\t\t\t<div class='learn-more-content'><table>\n<tbody>\n<tr>\n<td width=\"306\">UD1<\/td>\n<td width=\"306\">Analisi degli infortuni e malattie professionali del comparto<\/td>\n<\/tr>\n<tr>\n<td width=\"306\">UD2<\/td>\n<td width=\"306\">Legislazione specifica di riferimento<\/td>\n<\/tr>\n<tr>\n<td width=\"306\">UD3<\/td>\n<td width=\"306\">Organizzazione del lavoro: ambienti di lavoro<\/td>\n<\/tr>\n<tr>\n<td width=\"306\">UD4<\/td>\n<td width=\"306\">Normativa tecnica e per strutture e impianti<\/td>\n<\/tr>\n<tr>\n<td width=\"306\">UD5<\/td>\n<td width=\"306\">Rischi legati all\u2019utilizzo di macchine e attrezzature di lavoro<\/td>\n<\/tr>\n<tr>\n<td width=\"306\">UD6<\/td>\n<td width=\"306\">Sostanze pericolose<\/td>\n<\/tr>\n<tr>\n<td width=\"306\">UD7<\/td>\n<td width=\"306\">Agenti biologici<\/td>\n<\/tr>\n<tr>\n<td width=\"306\">UD8<\/td>\n<td width=\"306\">Agenti fisici<\/td>\n<\/tr>\n<tr>\n<td width=\"306\">UD9<\/td>\n<td width=\"306\">Ambienti confinati e\\o sospetti di inquinamento<\/td>\n<\/tr>\n<tr>\n<td width=\"306\">UD10<\/td>\n<td width=\"306\">Rischio incendio e gestione dell\u2019emergenza<\/td>\n<\/tr>\n<tr>\n<td width=\"306\">UD11<\/td>\n<td width=\"306\">Rischio cadute dall\u2019alto, a bordo e fuori bordo<\/td>\n<\/tr>\n<tr>\n<td width=\"306\">UD12<\/td>\n<td width=\"306\">Movimentazione dei carichi<\/td>\n<\/tr>\n<tr>\n<td width=\"306\">UD13<\/td>\n<td width=\"306\">Atmosfere iperbariche e attivit\u00e0 subacquee<\/td>\n<\/tr>\n<\/tbody>\n<\/table><\/div>\n\t\t\t\t<\/div>\n<div class='et-learn-more clearfix'>\n\t\t\t\t\t<h3 class='heading-more'>MODULO COSTRUZIONI - ORE 16<span class='et_learnmore_arrow'><span><\/span><\/span><\/h3>\n\t\t\t\t\t<div class='learn-more-content'><table>\n<tbody>\n<tr>\n<td width=\"306\">UD1<\/td>\n<td width=\"306\">Soggetti definiti dal Titolo IV capo I, e relativi obblighi e responsabilit\u00e0<\/td>\n<\/tr>\n<tr>\n<td width=\"306\">UD2<\/td>\n<td width=\"306\">Analisi degli infortuni e malattie professionali del comparto<\/td>\n<\/tr>\n<tr>\n<td width=\"306\">UD3<\/td>\n<td width=\"306\">Organizzazione, tecniche e fasi lavorative, aree di lavoro dei cantieri<\/td>\n<\/tr>\n<tr>\n<td width=\"306\">UD4<\/td>\n<td width=\"306\">Le misure generali di tutela secondo quanto previsto dall\u2019art. 95 del D.lgs. n. 81\/2008<\/td>\n<\/tr>\n<tr>\n<td width=\"306\">UD5<\/td>\n<td width=\"306\">Il piano operativo di sicurezza (POS)<\/td>\n<\/tr>\n<tr>\n<td width=\"306\">UD6<\/td>\n<td width=\"306\">Cenni sul PSC<\/td>\n<\/tr>\n<tr>\n<td width=\"306\">UD7<\/td>\n<td width=\"306\">Cadute dall\u2019alto e opere provvisionali<\/td>\n<\/tr>\n<tr>\n<td width=\"306\">UD8<\/td>\n<td width=\"306\">Lavori di demolizione e scavo<\/td>\n<\/tr>\n<tr>\n<td width=\"306\">UD9<\/td>\n<td width=\"306\">Impianti elettrici e illuminazione di cantiere<\/td>\n<\/tr>\n<tr>\n<td width=\"306\">UD10<\/td>\n<td width=\"306\">Rischi legati all\u2019utilizzo di macchine e attrezzature di lavoro<\/td>\n<\/tr>\n<tr>\n<td width=\"306\">UD11<\/td>\n<td width=\"306\">Movimentazione dei carichi manuale e meccanica<\/td>\n<\/tr>\n<tr>\n<td width=\"306\">UD12<\/td>\n<td width=\"306\">Sostanze pericolose<\/td>\n<\/tr>\n<tr>\n<td width=\"306\">UD13<\/td>\n<td width=\"306\">Agenti biologici<\/td>\n<\/tr>\n<tr>\n<td width=\"306\">UD14<\/td>\n<td width=\"306\">Agenti fisici<\/td>\n<\/tr>\n<tr>\n<td width=\"306\">UD15<\/td>\n<td width=\"306\">Rischio incendio ed esplosione<\/td>\n<\/tr>\n<tr>\n<td width=\"306\">UD16<\/td>\n<td width=\"306\">Dispositivi di protezione collettiva e individuali<\/td>\n<\/tr>\n<tr>\n<td width=\"306\">UD17<\/td>\n<td width=\"306\">Attivit\u00e0 su sedi stradali<\/td>\n<\/tr>\n<tr>\n<td width=\"306\">UD18<\/td>\n<td width=\"306\">Esempi e analisi di un POS<\/td>\n<\/tr>\n<\/tbody>\n<\/table><\/div>\n\t\t\t\t<\/div>\n<div class='et-learn-more clearfix'>\n\t\t\t\t\t<h3 class='heading-more'>MODULO CHIMICO PETROLCHIMICO - ORE 16<span class='et_learnmore_arrow'><span><\/span><\/span><\/h3>\n\t\t\t\t\t<div class='learn-more-content'><table>\n<tbody>\n<tr>\n<td width=\"306\">UD1<\/td>\n<td width=\"306\">Analisi degli infortuni e malattie professionali del comparto<\/td>\n<\/tr>\n<tr>\n<td width=\"306\">UD2<\/td>\n<td width=\"306\">Processo produttivo, organizzazione del lavoro e ambienti di lavoro<\/td>\n<\/tr>\n<tr>\n<td width=\"306\">UD3<\/td>\n<td width=\"306\">Normativa tecnica per strutture e impianti<\/td>\n<\/tr>\n<tr>\n<td width=\"306\">UD4<\/td>\n<td width=\"306\">Cenni sulle attivit\u00e0 a rischio di incidente rilevante<\/td>\n<\/tr>\n<tr>\n<td width=\"306\">UD5<\/td>\n<td width=\"306\">Cenni sulle industrie insalubri<\/td>\n<\/tr>\n<tr>\n<td width=\"306\">UD6<\/td>\n<td width=\"306\">Rischi legati agli impianti e alle attrezzature di lavoro<\/td>\n<\/tr>\n<tr>\n<td width=\"306\">UD7<\/td>\n<td width=\"306\">Manutenzione impianti e gestione fornitori<\/td>\n<\/tr>\n<tr>\n<td width=\"306\">UD8<\/td>\n<td width=\"306\">Sostanze pericolose<\/td>\n<\/tr>\n<tr>\n<td width=\"306\">UD9<\/td>\n<td width=\"306\">Agenti fisici<\/td>\n<\/tr>\n<tr>\n<td width=\"306\">UD10<\/td>\n<td width=\"306\">Rischi incendio ed esplosioni e gestione dell\u2019emergenza<\/td>\n<\/tr>\n<tr>\n<td width=\"306\">UD11<\/td>\n<td width=\"306\">Ambienti confinati e\\o sospetti di inquinament<strong>o <\/strong><\/td>\n<\/tr>\n<tr>\n<td width=\"306\">UD12<\/td>\n<td width=\"306\">Dispositivi di protezione collettiva ed individuali<\/td>\n<\/tr>\n<tr>\n<td width=\"306\">UD13<\/td>\n<td width=\"306\">Gestione dei rifiuti<\/td>\n<\/tr>\n<\/tbody>\n<\/table>\n<p>&nbsp;<\/p><\/div>\n\t\t\t\t<\/div>\n<div class='et-learn-more clearfix'>\n\t\t\t\t\t<h3 class='heading-more'>VERIFICA FINALE<span class='et_learnmore_arrow'><span><\/span><\/span><\/h3>\n\t\t\t\t\t<div class='learn-more-content'><p>Test\/colloquio<\/p><\/div>\n\t\t\t\t<\/div>\n<h3><\/h3>\n<h3>Certificazione<\/h3>\n<p>Attestato di ffrequanza valido ai sensi del D.lgs. \/81\/08 e dell&#8217;accordo Stato Regione del 17 aprile 2025.<\/p>\n<p>La formazione dovr\u00e0 essere rinnovata ogni quinquennio con un corso di formazione di ore 8 che potr\u00e0 essere svolto anche online in modalit\u00e0 asincrona.<\/p>\n","protected":false},"excerpt":{"rendered":"<h4>8 ore (modulo comune)<\/h4>\n<p>Il percorso formativo si articola, con un modulo comune di ore 8 e ulteriori moduli tecnici-integrativi per particolari settori di riferimento, come di seguito riportato:<\/p>\n<ul>\n<li>Agricoltura, silvicoltura e zootecnia (16 ore)<\/li>\n<li>Pesca (12 ore)<\/li>\n<li>Costruzioni (16 ore)<\/li>\n<li>Chimico &#8211; Petrolchimico (16 ore)<\/li>\n<\/ul>\n","protected":false},"featured_media":5223,"comment_status":"open","ping_status":"closed","template":"","meta":{"_et_pb_use_builder":"off","_et_pb_old_content":"OBIETTIVI DEL CORSO\r\n\r\nIl corso di qualifica per Operatore Socio Sanitario \u00e8 volto a formare operatori in grado di intervenire nelle situazioni caratterizzate da mancanza temporanea e\/o permanente di autonomia psicofisica. Grazie alla formazione teorico-pratica e al tirocinio pratico, gli allievi avranno l\u2019opportunit\u00e0 di sviluppare competenze professionali volte a:\r\n<ul>\r\n \t<li>identificare, classificare ed interpretare le problematiche delle diverse tipologie di utenze (minori, anziani, persone con disabilit\u00e0, pazienti oncologici);<\/li>\r\n \t<li>conoscere l\u2019organizzazione dei servizi sociali e sanitari; acquisire elementi di igiene e prevenzione e di anatomia, fisiologia e dietetica;<\/li>\r\n \t<li>identificare gli elementi necessari alla pianificazione dell\u2019assistenza e applicare le conoscenze acquisite per mantenere un ambiente terapeutico adeguato alla cura della persona e per applicare le diverse metodologie operative di carattere sanitario sugli assistiti.<\/li>\r\n<\/ul>\r\nIL CORSO E\u2019 ACCREDITATO DALLA REGIONE SICILIANA, ASSESSORATO ALLA SALUTE, AI SENSI DEL DECRETO DEL 12 AGOSTO 2020 (GURS N. 45\/2020) e ACCORDO STATO REGIONI DEL 22 FEBBRAIO 2001.\r\n\r\nPROGRAMMA \u2013 le materie di insegnamento sono articolate nelle seguenti aree disciplinari","_et_gb_content_width":"","_joinchat":[]},"product_brand":[],"product_cat":[36],"product_tag":[],"class_list":{"0":"post-4260","1":"product","2":"type-product","3":"status-publish","4":"has-post-thumbnail","6":"product_cat-sicurezza-sul-lavoro","8":"first","9":"instock","10":"shipping-taxable","11":"product-type-simple"},"yoast_head":"<!-- This site is optimized with the Yoast SEO plugin v27.0 - https:\/\/yoast.com\/product\/yoast-seo-wordpress\/ -->\n<title>RSPP - Datore di lavoro - Accademia Eraclitea<\/title>\n<meta name=\"robots\" content=\"index, follow, max-snippet:-1, max-image-preview:large, max-video-preview:-1\" \/>\n<link rel=\"canonical\" href=\"https:\/\/eraclitea.it\/it\/prodotto\/rspp-datore-di-lavoro-2\/\" \/>\n<meta property=\"og:locale\" content=\"it_IT\" \/>\n<meta property=\"og:type\" content=\"article\" \/>\n<meta property=\"og:title\" content=\"RSPP - Datore di lavoro - Accademia Eraclitea\" \/>\n<meta property=\"og:description\" content=\"8 ore (modulo comune) Il percorso formativo si articola, con un modulo comune di ore 8 e ulteriori moduli tecnici-integrativi per particolari settori di riferimento, come di seguito riportato:   Agricoltura, silvicoltura e zootecnia (16 ore)  Pesca (12 ore)  Costruzioni (16 ore)  Chimico - Petrolchimico (16 ore)\" \/>\n<meta property=\"og:url\" content=\"https:\/\/eraclitea.it\/it\/prodotto\/rspp-datore-di-lavoro-2\/\" \/>\n<meta property=\"og:site_name\" content=\"Accademia Eraclitea\" \/>\n<meta property=\"article:modified_time\" content=\"2025-06-14T13:29:09+00:00\" \/>\n<meta property=\"og:image\" content=\"https:\/\/eraclitea.it\/it\/wp-content\/uploads\/2021\/03\/RSPP-DATORI-DI-LAVORO@2x.png\" \/>\n\t<meta property=\"og:image:width\" content=\"350\" \/>\n\t<meta property=\"og:image:height\" content=\"200\" \/>\n\t<meta property=\"og:image:type\" content=\"image\/png\" \/>\n<meta name=\"twitter:card\" content=\"summary_large_image\" \/>\n<meta name=\"twitter:label1\" content=\"Tempo di lettura stimato\" \/>\n\t<meta name=\"twitter:data1\" content=\"5 minuti\" \/>\n<script type=\"application\/ld+json\" class=\"yoast-schema-graph\">{\"@context\":\"https:\/\/schema.org\",\"@graph\":[{\"@type\":\"WebPage\",\"@id\":\"https:\/\/eraclitea.it\/it\/prodotto\/rspp-datore-di-lavoro-2\/\",\"url\":\"https:\/\/eraclitea.it\/it\/prodotto\/rspp-datore-di-lavoro-2\/\",\"name\":\"RSPP - Datore di lavoro - Accademia Eraclitea\",\"isPartOf\":{\"@id\":\"https:\/\/eraclitea.it\/it\/#website\"},\"primaryImageOfPage\":{\"@id\":\"https:\/\/eraclitea.it\/it\/prodotto\/rspp-datore-di-lavoro-2\/#primaryimage\"},\"image\":{\"@id\":\"https:\/\/eraclitea.it\/it\/prodotto\/rspp-datore-di-lavoro-2\/#primaryimage\"},\"thumbnailUrl\":\"https:\/\/eraclitea.it\/it\/wp-content\/uploads\/2021\/03\/RSPP-DATORI-DI-LAVORO@2x.png\",\"datePublished\":\"2021-03-29T16:36:26+00:00\",\"dateModified\":\"2025-06-14T13:29:09+00:00\",\"breadcrumb\":{\"@id\":\"https:\/\/eraclitea.it\/it\/prodotto\/rspp-datore-di-lavoro-2\/#breadcrumb\"},\"inLanguage\":\"it-IT\",\"potentialAction\":[{\"@type\":\"ReadAction\",\"target\":[\"https:\/\/eraclitea.it\/it\/prodotto\/rspp-datore-di-lavoro-2\/\"]}]},{\"@type\":\"ImageObject\",\"inLanguage\":\"it-IT\",\"@id\":\"https:\/\/eraclitea.it\/it\/prodotto\/rspp-datore-di-lavoro-2\/#primaryimage\",\"url\":\"https:\/\/eraclitea.it\/it\/wp-content\/uploads\/2021\/03\/RSPP-DATORI-DI-LAVORO@2x.png\",\"contentUrl\":\"https:\/\/eraclitea.it\/it\/wp-content\/uploads\/2021\/03\/RSPP-DATORI-DI-LAVORO@2x.png\",\"width\":350,\"height\":200},{\"@type\":\"BreadcrumbList\",\"@id\":\"https:\/\/eraclitea.it\/it\/prodotto\/rspp-datore-di-lavoro-2\/#breadcrumb\",\"itemListElement\":[{\"@type\":\"ListItem\",\"position\":1,\"name\":\"Home\",\"item\":\"https:\/\/eraclitea.it\/it\/\"},{\"@type\":\"ListItem\",\"position\":2,\"name\":\"Corsi\",\"item\":\"https:\/\/eraclitea.it\/it\/corsi\/\"},{\"@type\":\"ListItem\",\"position\":3,\"name\":\"RSPP &#8211; Datore di lavoro\"}]},{\"@type\":\"WebSite\",\"@id\":\"https:\/\/eraclitea.it\/it\/#website\",\"url\":\"https:\/\/eraclitea.it\/it\/\",\"name\":\"Accademia Eraclitea\",\"description\":\"Ente di Ricerca e di Alta Formazione Accreditato\",\"potentialAction\":[{\"@type\":\"SearchAction\",\"target\":{\"@type\":\"EntryPoint\",\"urlTemplate\":\"https:\/\/eraclitea.it\/it\/?s={search_term_string}\"},\"query-input\":{\"@type\":\"PropertyValueSpecification\",\"valueRequired\":true,\"valueName\":\"search_term_string\"}}],\"inLanguage\":\"it-IT\"}]}<\/script>\n<!-- \/ Yoast SEO plugin. -->","yoast_head_json":{"title":"RSPP - Datore di lavoro - Accademia Eraclitea","robots":{"index":"index","follow":"follow","max-snippet":"max-snippet:-1","max-image-preview":"max-image-preview:large","max-video-preview":"max-video-preview:-1"},"canonical":"https:\/\/eraclitea.it\/it\/prodotto\/rspp-datore-di-lavoro-2\/","og_locale":"it_IT","og_type":"article","og_title":"RSPP - Datore di lavoro - Accademia Eraclitea","og_description":"8 ore (modulo comune) Il percorso formativo si articola, con un modulo comune di ore 8 e ulteriori moduli tecnici-integrativi per particolari settori di riferimento, come di seguito riportato:   Agricoltura, silvicoltura e zootecnia (16 ore)  Pesca (12 ore)  Costruzioni (16 ore)  Chimico - Petrolchimico (16 ore)","og_url":"https:\/\/eraclitea.it\/it\/prodotto\/rspp-datore-di-lavoro-2\/","og_site_name":"Accademia Eraclitea","article_modified_time":"2025-06-14T13:29:09+00:00","og_image":[{"width":350,"height":200,"url":"https:\/\/eraclitea.it\/it\/wp-content\/uploads\/2021\/03\/RSPP-DATORI-DI-LAVORO@2x.png","type":"image\/png"}],"twitter_card":"summary_large_image","twitter_misc":{"Tempo di lettura stimato":"5 minuti"},"schema":{"@context":"https:\/\/schema.org","@graph":[{"@type":"WebPage","@id":"https:\/\/eraclitea.it\/it\/prodotto\/rspp-datore-di-lavoro-2\/","url":"https:\/\/eraclitea.it\/it\/prodotto\/rspp-datore-di-lavoro-2\/","name":"RSPP - Datore di lavoro - Accademia Eraclitea","isPartOf":{"@id":"https:\/\/eraclitea.it\/it\/#website"},"primaryImageOfPage":{"@id":"https:\/\/eraclitea.it\/it\/prodotto\/rspp-datore-di-lavoro-2\/#primaryimage"},"image":{"@id":"https:\/\/eraclitea.it\/it\/prodotto\/rspp-datore-di-lavoro-2\/#primaryimage"},"thumbnailUrl":"https:\/\/eraclitea.it\/it\/wp-content\/uploads\/2021\/03\/RSPP-DATORI-DI-LAVORO@2x.png","datePublished":"2021-03-29T16:36:26+00:00","dateModified":"2025-06-14T13:29:09+00:00","breadcrumb":{"@id":"https:\/\/eraclitea.it\/it\/prodotto\/rspp-datore-di-lavoro-2\/#breadcrumb"},"inLanguage":"it-IT","potentialAction":[{"@type":"ReadAction","target":["https:\/\/eraclitea.it\/it\/prodotto\/rspp-datore-di-lavoro-2\/"]}]},{"@type":"ImageObject","inLanguage":"it-IT","@id":"https:\/\/eraclitea.it\/it\/prodotto\/rspp-datore-di-lavoro-2\/#primaryimage","url":"https:\/\/eraclitea.it\/it\/wp-content\/uploads\/2021\/03\/RSPP-DATORI-DI-LAVORO@2x.png","contentUrl":"https:\/\/eraclitea.it\/it\/wp-content\/uploads\/2021\/03\/RSPP-DATORI-DI-LAVORO@2x.png","width":350,"height":200},{"@type":"BreadcrumbList","@id":"https:\/\/eraclitea.it\/it\/prodotto\/rspp-datore-di-lavoro-2\/#breadcrumb","itemListElement":[{"@type":"ListItem","position":1,"name":"Home","item":"https:\/\/eraclitea.it\/it\/"},{"@type":"ListItem","position":2,"name":"Corsi","item":"https:\/\/eraclitea.it\/it\/corsi\/"},{"@type":"ListItem","position":3,"name":"RSPP &#8211; Datore di lavoro"}]},{"@type":"WebSite","@id":"https:\/\/eraclitea.it\/it\/#website","url":"https:\/\/eraclitea.it\/it\/","name":"Accademia Eraclitea","description":"Ente di Ricerca e di Alta Formazione Accreditato","potentialAction":[{"@type":"SearchAction","target":{"@type":"EntryPoint","urlTemplate":"https:\/\/eraclitea.it\/it\/?s={search_term_string}"},"query-input":{"@type":"PropertyValueSpecification","valueRequired":true,"valueName":"search_term_string"}}],"inLanguage":"it-IT"}]}},"jetpack_sharing_enabled":true,"_links":{"self":[{"href":"https:\/\/eraclitea.it\/it\/wp-json\/wp\/v2\/product\/4260","targetHints":{"allow":["GET"]}}],"collection":[{"href":"https:\/\/eraclitea.it\/it\/wp-json\/wp\/v2\/product"}],"about":[{"href":"https:\/\/eraclitea.it\/it\/wp-json\/wp\/v2\/types\/product"}],"replies":[{"embeddable":true,"href":"https:\/\/eraclitea.it\/it\/wp-json\/wp\/v2\/comments?post=4260"}],"wp:featuredmedia":[{"embeddable":true,"href":"https:\/\/eraclitea.it\/it\/wp-json\/wp\/v2\/media\/5223"}],"wp:attachment":[{"href":"https:\/\/eraclitea.it\/it\/wp-json\/wp\/v2\/media?parent=4260"}],"wp:term":[{"taxonomy":"product_brand","embeddable":true,"href":"https:\/\/eraclitea.it\/it\/wp-json\/wp\/v2\/product_brand?post=4260"},{"taxonomy":"product_cat","embeddable":true,"href":"https:\/\/eraclitea.it\/it\/wp-json\/wp\/v2\/product_cat?post=4260"},{"taxonomy":"product_tag","embeddable":true,"href":"https:\/\/eraclitea.it\/it\/wp-json\/wp\/v2\/product_tag?post=4260"}],"curies":[{"name":"wp","href":"https:\/\/api.w.org\/{rel}","templated":true}]}}