{"id":4198,"date":"2021-03-26T23:12:04","date_gmt":"2021-03-26T23:12:04","guid":{"rendered":"https:\/\/eraclitea.it\/eracliteait\/?post_type=product&#038;p=4198"},"modified":"2021-05-27T10:54:14","modified_gmt":"2021-05-27T10:54:14","slug":"amministratore-di-condominio","status":"publish","type":"product","link":"https:\/\/eraclitea.it\/it\/prodotto\/amministratore-di-condominio\/","title":{"rendered":"Amministratore di condominio"},"content":{"rendered":"<table style=\"border: 0px; height: 244px; width: 721px;\">\n<tbody>\n<tr>\n<td style=\"width: 38.75px;\"><a href=\"https:\/\/eraclitea.it\/it\/wp-content\/uploads\/2021\/01\/orolo2.png\"><img loading=\"lazy\" decoding=\"async\" class=\"alignnone wp-image-887 \" src=\"https:\/\/eraclitea.it\/it\/wp-content\/uploads\/2021\/03\/tempo.png\" alt=\"\" width=\"33\" height=\"33\" \/><\/a><\/td>\n<td style=\"width: 147.841px;\">\n<h4 class=\"et_pb_module_header\">Durata del corso:<\/h4>\n<\/td>\n<td style=\"width: 515.114px;\">15 ore<\/td>\n<\/tr>\n<tr>\n<td style=\"width: 38.75px;\"><a href=\"https:\/\/eraclitea.it\/it\/wp-content\/uploads\/2021\/03\/Tavola-da-disegno-\u2013-13.png\"><img loading=\"lazy\" decoding=\"async\" class=\"alignnone wp-image-3710 \" src=\"https:\/\/eraclitea.it\/it\/wp-content\/uploads\/2021\/03\/Tavola-da-disegno-\u2013-13-300x300.png\" alt=\"\" width=\"39\" height=\"39\" srcset=\"https:\/\/eraclitea.it\/it\/wp-content\/uploads\/2021\/03\/Tavola-da-disegno-\u2013-13-300x300.png 300w, https:\/\/eraclitea.it\/it\/wp-content\/uploads\/2021\/03\/Tavola-da-disegno-\u2013-13-150x150.png 150w, https:\/\/eraclitea.it\/it\/wp-content\/uploads\/2021\/03\/Tavola-da-disegno-\u2013-13-100x100.png 100w, https:\/\/eraclitea.it\/it\/wp-content\/uploads\/2021\/03\/Tavola-da-disegno-\u2013-13-64x64.png 64w, https:\/\/eraclitea.it\/it\/wp-content\/uploads\/2021\/03\/Tavola-da-disegno-\u2013-13.png 400w\" sizes=\"(max-width: 39px) 100vw, 39px\" \/><\/a><\/td>\n<td style=\"width: 147.841px;\">\n<h4>N. Partecipanti:<\/h4>\n<\/td>\n<td style=\"width: 515.114px;\">20 Max<\/td>\n<\/tr>\n<tr>\n<td style=\"width: 38.75px;\"><a href=\"https:\/\/eraclitea.it\/it\/wp-content\/uploads\/2021\/04\/Tavola-da-disegno-\u2013-13-2.png\"><img loading=\"lazy\" decoding=\"async\" class=\"alignnone size-medium wp-image-5967\" src=\"https:\/\/eraclitea.it\/it\/wp-content\/uploads\/2021\/04\/Tavola-da-disegno-\u2013-13-2-300x300.png\" alt=\"\" width=\"300\" height=\"300\" \/><\/a><\/td>\n<td style=\"width: 147.841px;\">\n<h4>A chi \u00e8 rivolto:<\/h4>\n<\/td>\n<td style=\"width: 515.114px;\">Il corso \u00e8 rivolto a tutti gli amministratori di condominio che hanno l\u2019obbligo dell\u2019aggiornamento annuale.<\/td>\n<\/tr>\n<\/tbody>\n<\/table>\n<p>&nbsp;<\/p>\n<div><\/div>\n<h3><\/h3>\n<div>\n<h3><span style=\"color: #333333; font-size: 22px;\">Obiettivi del corso<\/span><\/h3>\n<\/div>\n<p>Il corso di aggiornamento annuale ha come obiettivo principale la formazione di professionisti nella gestione immobiliare e nella consulenza condominiale, secondo i requisiti imposti dalla UNI 10801:2016, dalla Legge 220 dell&#8217;11\/12\/2012 e dal Decreto 13 agosto 2014 n. 140 e s.m.i.<\/p>\n<p>Il corso potr\u00e0 essere svolto anche on line salvo l&#8217;esame finale che verr\u00e0 svolto in presenza.<\/p>\n<p>&nbsp;<\/p>\n<h3>Normativa di riferimento<\/h3>\n<ul>\n<li>LEGGE 11 dicembre 2012 , n. 220\u00a0 Modifiche alla disciplina del condominio negli edifici. (GU n. 293 del 17-12-2012 )<\/li>\n<li>Decreto 13 agosto 2014 n. 140 e s.m.i.<\/li>\n<\/ul>\n<p>&nbsp;<\/p>\n<h3>Programma Corso<\/h3>\n<div class='et-learn-more clearfix'>\n\t\t\t\t\t<h3 class='heading-more'>MODULO 1<span class='et_learnmore_arrow'><span><\/span><\/span><\/h3>\n\t\t\t\t\t<div class='learn-more-content'><ul>\n<li>La propriet\u00e0 immobiliare e le sue tipologie: (Monopropriet\u00e0; Comunione; Condominio e Multipropriet\u00e0)<\/li>\n<li>Cenni sulla comunione: (Dall\u2019Art. 1100 all\u2019Art. 1116 del Cod. Civ)<\/li>\n<li>L&#8217;istituto del condominio: (Nascita e natura giuridica; Norme derogabili ed inderogabili del Cod. Civ.)<\/li>\n<li>Cenni sul mandato Artt. Cod. Civ.: (Nozione 1703; Diligenza del mandatario 1710; Limiti del mandato 1711; Obbligo di rendiconto 1713; Interessi sulle somme riscosse 1714)<\/li>\n<li>Disciplina delle parti comuni dell&#8217;edificio Artt. Cod. Civ.: (Parti comuni dell\u2019edificio 1117; Ambito di applicazione 1117 bis; Modificazioni delle destinazioni d\u2019uso 1117 ter. Tutela delle destinazioni d\u2019uso 1117 quater; Diritto dei partecipanti sulle cose comuni 1118; Indivisibilit\u00e0 1119.\nOpere su parti di propriet\u00e0 o uso individuale 1122; Impianti non centralizzati di ricezione radiotelevisiva e di produzione di energia da fonti rinnovabili 1122 bis; Impianti di videosorveglianza sulle parti comuni 1122 ter. Costruzione sopra l\u2019ultimo piano dell\u2019edificio 1127; Perimento totale o parziale dell\u2019edificio 1128; Scioglimento del condominio 61- 62 Disp. Att. Associazione Nazionale Amministratori Immobiliari Professionisti)<\/li>\n<li>L&#8217;amministratore di condominio Art. Cod. Civ.: (Nomina, revoca ed obblighi dell\u2019amministratore 1129; Attribuzioni dell\u2019amministratore 1130; Rendiconto condominiale 1130 &#8211; bis; Rappresentanza 1131; Provvedimenti presi dall\u2019amministratore 1133; Revoca dell\u2019amministratore 64 Disp. Att.\nCuratore speciale 65 Disp. Att.; 71, 71 bis, 71 ter e 71 quater, Disp. Att.)<\/li>\n<li>L&#8217;assemblea condominiale : (Attribuzioni dell\u2019assemblea 1135; Validit\u00e0 delle convocazioni 66 Disp. Att.; Validit\u00e0 delle deliberazioni 1105 sulla Comunione;\u00a0 Diritto di rappresentanza 67 Disp. Att; Costituzione dell\u2019assemblea e validit\u00e0 delle deliberazioni 1136; Poteri e doveri del presidente dell\u2019assemblea e del segretario. Dissenso dei condomini rispetto alle liti 1132; Impugnazioni delle delibere dell\u2019assemblea 1137.Le innovazioni Artt. Cod. Civ.: Innovazioni in generale 1120; Innovazioni gravose e voluttuarie 1121)<\/li>\n<li>Il regolamento di condominio e le tabelle millesimali Artt. Cod. Civ.: (Regolamento di condominio di natura contrattuale, assembleare 1138; Valori millesimali 68 Disp. Att; Modifiche tabelle millesimali 69 Disp. Att; Infrazioni al regolamento di condominio 70 Disp. Att; Norme inderogabili 72 Disp. Att; Disposizioni concernenti la revisione dei regolamenti ecc. 155, 155 bis e 156 Disp. Att.; Impugnazione del regolamento Art. 1107; Nota di trascrizione 2659)<\/li>\n<li>Rinvio alle norme sulla comunione Art. 1139 Cod. Civ.<\/li>\n<li>La ripartizione delle spese in generale Art. Cod. Civ.: (La ripartizione delle spese 1123; Manutenzione e ricostruzione delle scale 1124; Manutenzione e ricostruzione dei soffitti, delle volte e dei solai 1125; Lastrici solari di uso esclusivo 1126; Spese fatte dal condomino 1134; Riscossione contributi 63 Disp. Att.)<\/li>\n<li>Contabilit\u00e0 del condominio: (Trasparenza di gestione; Libert\u00e0, limiti di impostazione; I documenti ed i registri del condominio; Anagrafica condominiale con relative tabelle millesimali.\nPreventivo e relativo riparto; Imputazione e registrazione delle spese: ordinarie, straordinarie e personali dei singoli condomini; Conguagli esercizi precedenti; Entrate: ordinarie, straordinarie e diverse; Rendiconto e relativo riparto \u2013 1130 bis. Incasso e registrazione rate; Differenza di registrazioni per cassa o competenza; Prospetto finanziario: Entrate \u2013 Uscite &#8211; Crediti e Debiti)<\/li>\n<\/ul><\/div>\n\t\t\t\t<\/div>\n<p>&nbsp;<\/p>\n<h3>Certificazione<\/h3>\n<p>Alla fine del corso e previo superamento dell&#8217;esame finale verr\u00e0 rilasciato un attestato valido ai fini della normativa vigente.<\/p>\n<p>&nbsp;<\/p>\n<p>&nbsp;<\/p>\n<p>&nbsp;<\/p>\n","protected":false},"excerpt":{"rendered":"<h4>15 ore<\/h4>\n<p>Il corso \u00e8 rivolto a tutti gli amministratori di condominio che hanno l\u2019obbligo dell\u2019aggiornamento annuale.<\/p>\n","protected":false},"featured_media":4813,"comment_status":"open","ping_status":"closed","template":"","meta":{"_et_pb_use_builder":"off","_et_pb_old_content":"OBIETTIVI DEL CORSO\r\n\r\nIl corso di qualifica per Operatore Socio Sanitario \u00e8 volto a formare operatori in grado di intervenire nelle situazioni caratterizzate da mancanza temporanea e\/o permanente di autonomia psicofisica. Grazie alla formazione teorico-pratica e al tirocinio pratico, gli allievi avranno l\u2019opportunit\u00e0 di sviluppare competenze professionali volte a:\r\n<ul>\r\n \t<li>identificare, classificare ed interpretare le problematiche delle diverse tipologie di utenze (minori, anziani, persone con disabilit\u00e0, pazienti oncologici);<\/li>\r\n \t<li>conoscere l\u2019organizzazione dei servizi sociali e sanitari; acquisire elementi di igiene e prevenzione e di anatomia, fisiologia e dietetica;<\/li>\r\n \t<li>identificare gli elementi necessari alla pianificazione dell\u2019assistenza e applicare le conoscenze acquisite per mantenere un ambiente terapeutico adeguato alla cura della persona e per applicare le diverse metodologie operative di carattere sanitario sugli assistiti.<\/li>\r\n<\/ul>\r\nIL CORSO E\u2019 ACCREDITATO DALLA REGIONE SICILIANA, ASSESSORATO ALLA SALUTE, AI SENSI DEL DECRETO DEL 12 AGOSTO 2020 (GURS N. 45\/2020) e ACCORDO STATO REGIONI DEL 22 FEBBRAIO 2001.\r\n\r\nPROGRAMMA \u2013 le materie di insegnamento sono articolate nelle seguenti aree disciplinari","_et_gb_content_width":"","_joinchat":[]},"product_brand":[],"product_cat":[137,26,47],"product_tag":[65],"class_list":{"0":"post-4198","1":"product","2":"type-product","3":"status-publish","4":"has-post-thumbnail","6":"product_cat-aggiornamento","7":"product_cat-immobiliare","8":"product_cat-online","9":"product_tag-immobiliare","11":"first","12":"instock","13":"shipping-taxable","14":"product-type-simple"},"yoast_head":"<!-- This site is optimized with the Yoast SEO plugin v27.0 - https:\/\/yoast.com\/product\/yoast-seo-wordpress\/ -->\n<title>Amministratore di condominio - Accademia Eraclitea<\/title>\n<meta name=\"robots\" content=\"index, follow, max-snippet:-1, max-image-preview:large, max-video-preview:-1\" \/>\n<link rel=\"canonical\" href=\"https:\/\/eraclitea.it\/it\/prodotto\/amministratore-di-condominio\/\" \/>\n<meta property=\"og:locale\" content=\"it_IT\" \/>\n<meta property=\"og:type\" content=\"article\" \/>\n<meta property=\"og:title\" content=\"Amministratore di condominio - Accademia Eraclitea\" \/>\n<meta property=\"og:description\" content=\"15 ore Il corso \u00e8 rivolto a tutti gli amministratori di condominio che hanno l\u2019obbligo dell\u2019aggiornamento annuale.\" \/>\n<meta property=\"og:url\" content=\"https:\/\/eraclitea.it\/it\/prodotto\/amministratore-di-condominio\/\" \/>\n<meta property=\"og:site_name\" content=\"Accademia Eraclitea\" \/>\n<meta property=\"article:modified_time\" content=\"2021-05-27T10:54:14+00:00\" \/>\n<meta property=\"og:image\" content=\"https:\/\/eraclitea.it\/it\/wp-content\/uploads\/2021\/03\/CORSO-OBBLIGATORIO-PER-AMMINISTRATORE-DI-CONDOMINIO@2x.png\" \/>\n\t<meta property=\"og:image:width\" content=\"350\" \/>\n\t<meta property=\"og:image:height\" content=\"200\" \/>\n\t<meta property=\"og:image:type\" content=\"image\/png\" \/>\n<meta name=\"twitter:card\" content=\"summary_large_image\" \/>\n<meta name=\"twitter:label1\" content=\"Tempo di lettura stimato\" \/>\n\t<meta name=\"twitter:data1\" content=\"4 minuti\" \/>\n<script type=\"application\/ld+json\" class=\"yoast-schema-graph\">{\"@context\":\"https:\/\/schema.org\",\"@graph\":[{\"@type\":\"WebPage\",\"@id\":\"https:\/\/eraclitea.it\/it\/prodotto\/amministratore-di-condominio\/\",\"url\":\"https:\/\/eraclitea.it\/it\/prodotto\/amministratore-di-condominio\/\",\"name\":\"Amministratore di condominio - Accademia Eraclitea\",\"isPartOf\":{\"@id\":\"https:\/\/eraclitea.it\/it\/#website\"},\"primaryImageOfPage\":{\"@id\":\"https:\/\/eraclitea.it\/it\/prodotto\/amministratore-di-condominio\/#primaryimage\"},\"image\":{\"@id\":\"https:\/\/eraclitea.it\/it\/prodotto\/amministratore-di-condominio\/#primaryimage\"},\"thumbnailUrl\":\"https:\/\/eraclitea.it\/it\/wp-content\/uploads\/2021\/03\/CORSO-OBBLIGATORIO-PER-AMMINISTRATORE-DI-CONDOMINIO@2x.png\",\"datePublished\":\"2021-03-26T23:12:04+00:00\",\"dateModified\":\"2021-05-27T10:54:14+00:00\",\"breadcrumb\":{\"@id\":\"https:\/\/eraclitea.it\/it\/prodotto\/amministratore-di-condominio\/#breadcrumb\"},\"inLanguage\":\"it-IT\",\"potentialAction\":[{\"@type\":\"ReadAction\",\"target\":[\"https:\/\/eraclitea.it\/it\/prodotto\/amministratore-di-condominio\/\"]}]},{\"@type\":\"ImageObject\",\"inLanguage\":\"it-IT\",\"@id\":\"https:\/\/eraclitea.it\/it\/prodotto\/amministratore-di-condominio\/#primaryimage\",\"url\":\"https:\/\/eraclitea.it\/it\/wp-content\/uploads\/2021\/03\/CORSO-OBBLIGATORIO-PER-AMMINISTRATORE-DI-CONDOMINIO@2x.png\",\"contentUrl\":\"https:\/\/eraclitea.it\/it\/wp-content\/uploads\/2021\/03\/CORSO-OBBLIGATORIO-PER-AMMINISTRATORE-DI-CONDOMINIO@2x.png\",\"width\":350,\"height\":200},{\"@type\":\"BreadcrumbList\",\"@id\":\"https:\/\/eraclitea.it\/it\/prodotto\/amministratore-di-condominio\/#breadcrumb\",\"itemListElement\":[{\"@type\":\"ListItem\",\"position\":1,\"name\":\"Home\",\"item\":\"https:\/\/eraclitea.it\/it\/\"},{\"@type\":\"ListItem\",\"position\":2,\"name\":\"Corsi\",\"item\":\"https:\/\/eraclitea.it\/it\/corsi\/\"},{\"@type\":\"ListItem\",\"position\":3,\"name\":\"Amministratore di condominio\"}]},{\"@type\":\"WebSite\",\"@id\":\"https:\/\/eraclitea.it\/it\/#website\",\"url\":\"https:\/\/eraclitea.it\/it\/\",\"name\":\"Accademia Eraclitea\",\"description\":\"Ente di Ricerca e di Alta Formazione Accreditato\",\"potentialAction\":[{\"@type\":\"SearchAction\",\"target\":{\"@type\":\"EntryPoint\",\"urlTemplate\":\"https:\/\/eraclitea.it\/it\/?s={search_term_string}\"},\"query-input\":{\"@type\":\"PropertyValueSpecification\",\"valueRequired\":true,\"valueName\":\"search_term_string\"}}],\"inLanguage\":\"it-IT\"}]}<\/script>\n<!-- \/ Yoast SEO plugin. -->","yoast_head_json":{"title":"Amministratore di condominio - Accademia Eraclitea","robots":{"index":"index","follow":"follow","max-snippet":"max-snippet:-1","max-image-preview":"max-image-preview:large","max-video-preview":"max-video-preview:-1"},"canonical":"https:\/\/eraclitea.it\/it\/prodotto\/amministratore-di-condominio\/","og_locale":"it_IT","og_type":"article","og_title":"Amministratore di condominio - Accademia Eraclitea","og_description":"15 ore Il corso \u00e8 rivolto a tutti gli amministratori di condominio che hanno l\u2019obbligo dell\u2019aggiornamento annuale.","og_url":"https:\/\/eraclitea.it\/it\/prodotto\/amministratore-di-condominio\/","og_site_name":"Accademia Eraclitea","article_modified_time":"2021-05-27T10:54:14+00:00","og_image":[{"width":350,"height":200,"url":"https:\/\/eraclitea.it\/it\/wp-content\/uploads\/2021\/03\/CORSO-OBBLIGATORIO-PER-AMMINISTRATORE-DI-CONDOMINIO@2x.png","type":"image\/png"}],"twitter_card":"summary_large_image","twitter_misc":{"Tempo di lettura stimato":"4 minuti"},"schema":{"@context":"https:\/\/schema.org","@graph":[{"@type":"WebPage","@id":"https:\/\/eraclitea.it\/it\/prodotto\/amministratore-di-condominio\/","url":"https:\/\/eraclitea.it\/it\/prodotto\/amministratore-di-condominio\/","name":"Amministratore di condominio - Accademia Eraclitea","isPartOf":{"@id":"https:\/\/eraclitea.it\/it\/#website"},"primaryImageOfPage":{"@id":"https:\/\/eraclitea.it\/it\/prodotto\/amministratore-di-condominio\/#primaryimage"},"image":{"@id":"https:\/\/eraclitea.it\/it\/prodotto\/amministratore-di-condominio\/#primaryimage"},"thumbnailUrl":"https:\/\/eraclitea.it\/it\/wp-content\/uploads\/2021\/03\/CORSO-OBBLIGATORIO-PER-AMMINISTRATORE-DI-CONDOMINIO@2x.png","datePublished":"2021-03-26T23:12:04+00:00","dateModified":"2021-05-27T10:54:14+00:00","breadcrumb":{"@id":"https:\/\/eraclitea.it\/it\/prodotto\/amministratore-di-condominio\/#breadcrumb"},"inLanguage":"it-IT","potentialAction":[{"@type":"ReadAction","target":["https:\/\/eraclitea.it\/it\/prodotto\/amministratore-di-condominio\/"]}]},{"@type":"ImageObject","inLanguage":"it-IT","@id":"https:\/\/eraclitea.it\/it\/prodotto\/amministratore-di-condominio\/#primaryimage","url":"https:\/\/eraclitea.it\/it\/wp-content\/uploads\/2021\/03\/CORSO-OBBLIGATORIO-PER-AMMINISTRATORE-DI-CONDOMINIO@2x.png","contentUrl":"https:\/\/eraclitea.it\/it\/wp-content\/uploads\/2021\/03\/CORSO-OBBLIGATORIO-PER-AMMINISTRATORE-DI-CONDOMINIO@2x.png","width":350,"height":200},{"@type":"BreadcrumbList","@id":"https:\/\/eraclitea.it\/it\/prodotto\/amministratore-di-condominio\/#breadcrumb","itemListElement":[{"@type":"ListItem","position":1,"name":"Home","item":"https:\/\/eraclitea.it\/it\/"},{"@type":"ListItem","position":2,"name":"Corsi","item":"https:\/\/eraclitea.it\/it\/corsi\/"},{"@type":"ListItem","position":3,"name":"Amministratore di condominio"}]},{"@type":"WebSite","@id":"https:\/\/eraclitea.it\/it\/#website","url":"https:\/\/eraclitea.it\/it\/","name":"Accademia Eraclitea","description":"Ente di Ricerca e di Alta Formazione Accreditato","potentialAction":[{"@type":"SearchAction","target":{"@type":"EntryPoint","urlTemplate":"https:\/\/eraclitea.it\/it\/?s={search_term_string}"},"query-input":{"@type":"PropertyValueSpecification","valueRequired":true,"valueName":"search_term_string"}}],"inLanguage":"it-IT"}]}},"jetpack_sharing_enabled":true,"_links":{"self":[{"href":"https:\/\/eraclitea.it\/it\/wp-json\/wp\/v2\/product\/4198","targetHints":{"allow":["GET"]}}],"collection":[{"href":"https:\/\/eraclitea.it\/it\/wp-json\/wp\/v2\/product"}],"about":[{"href":"https:\/\/eraclitea.it\/it\/wp-json\/wp\/v2\/types\/product"}],"replies":[{"embeddable":true,"href":"https:\/\/eraclitea.it\/it\/wp-json\/wp\/v2\/comments?post=4198"}],"wp:featuredmedia":[{"embeddable":true,"href":"https:\/\/eraclitea.it\/it\/wp-json\/wp\/v2\/media\/4813"}],"wp:attachment":[{"href":"https:\/\/eraclitea.it\/it\/wp-json\/wp\/v2\/media?parent=4198"}],"wp:term":[{"taxonomy":"product_brand","embeddable":true,"href":"https:\/\/eraclitea.it\/it\/wp-json\/wp\/v2\/product_brand?post=4198"},{"taxonomy":"product_cat","embeddable":true,"href":"https:\/\/eraclitea.it\/it\/wp-json\/wp\/v2\/product_cat?post=4198"},{"taxonomy":"product_tag","embeddable":true,"href":"https:\/\/eraclitea.it\/it\/wp-json\/wp\/v2\/product_tag?post=4198"}],"curies":[{"name":"wp","href":"https:\/\/api.w.org\/{rel}","templated":true}]}}