{"id":4193,"date":"2021-03-26T22:47:46","date_gmt":"2021-03-26T22:47:46","guid":{"rendered":"https:\/\/eraclitea.it\/eracliteait\/?post_type=product&#038;p=4193"},"modified":"2021-08-05T12:16:54","modified_gmt":"2021-08-05T12:16:54","slug":"formazione-del-personale-che-presta-assistenza-in-aeroporto","status":"publish","type":"product","link":"https:\/\/eraclitea.it\/it\/prodotto\/formazione-del-personale-che-presta-assistenza-in-aeroporto\/","title":{"rendered":"PRM &#8220;personale che presta assistenza in aeroporto&#8221;"},"content":{"rendered":"<table style=\"border: 0px; height: 244px; width: 721px;\">\n<tbody>\n<tr>\n<td style=\"width: 38.75px;\"><a href=\"https:\/\/eraclitea.it\/it\/wp-content\/uploads\/2021\/01\/orolo2.png\"><img loading=\"lazy\" decoding=\"async\" class=\"alignnone wp-image-887 \" src=\"https:\/\/eraclitea.it\/it\/wp-content\/uploads\/2021\/03\/tempo.png\" alt=\"\" width=\"33\" height=\"33\" \/><\/a><\/td>\n<td style=\"width: 147.841px;\">\n<h4 class=\"et_pb_module_header\">Durata del corso:<\/h4>\n<\/td>\n<td style=\"width: 515.114px;\">8 ore<\/td>\n<\/tr>\n<tr>\n<td style=\"width: 38.75px;\"><a href=\"https:\/\/eraclitea.it\/it\/wp-content\/uploads\/2021\/03\/Tavola-da-disegno-\u2013-13.png\"><img loading=\"lazy\" decoding=\"async\" class=\"alignnone wp-image-3710 \" src=\"https:\/\/eraclitea.it\/it\/wp-content\/uploads\/2021\/03\/Tavola-da-disegno-\u2013-13-300x300.png\" alt=\"\" width=\"39\" height=\"39\" srcset=\"https:\/\/eraclitea.it\/it\/wp-content\/uploads\/2021\/03\/Tavola-da-disegno-\u2013-13-300x300.png 300w, https:\/\/eraclitea.it\/it\/wp-content\/uploads\/2021\/03\/Tavola-da-disegno-\u2013-13-150x150.png 150w, https:\/\/eraclitea.it\/it\/wp-content\/uploads\/2021\/03\/Tavola-da-disegno-\u2013-13-100x100.png 100w, https:\/\/eraclitea.it\/it\/wp-content\/uploads\/2021\/03\/Tavola-da-disegno-\u2013-13-64x64.png 64w, https:\/\/eraclitea.it\/it\/wp-content\/uploads\/2021\/03\/Tavola-da-disegno-\u2013-13.png 400w\" sizes=\"(max-width: 39px) 100vw, 39px\" \/><\/a><\/td>\n<td style=\"width: 147.841px;\">\n<h4>N. Partecipanti:<\/h4>\n<\/td>\n<td style=\"width: 515.114px;\">Max 20<\/td>\n<\/tr>\n<tr>\n<td style=\"width: 38.75px;\"><a href=\"https:\/\/eraclitea.it\/it\/wp-content\/uploads\/2021\/04\/Tavola-da-disegno-\u2013-13-2.png\"><img loading=\"lazy\" decoding=\"async\" class=\"alignnone size-medium wp-image-5967\" src=\"https:\/\/eraclitea.it\/it\/wp-content\/uploads\/2021\/04\/Tavola-da-disegno-\u2013-13-2-300x300.png\" alt=\"\" width=\"300\" height=\"300\" \/><\/a><\/td>\n<td style=\"width: 147.841px;\">\n<h4>A chi \u00e8 rivolto:<\/h4>\n<\/td>\n<td style=\"width: 515.114px;\">Il corso \u00e8 rivolto al personale addetto all\u2019assistenza dei PRM in aeroporto (ad es. il personale che li accompagna o che li aiuta a trasferirsi dalla propria sedia a ruote a un&#8217;altra o che li assiste nelle operazioni di imbarco\/sbarco e di ritiro dei bagagli e nelle procedure di emergenza)<\/p>\n<p>Il corso \u00e8 riservato al personale di bordo che ha gi\u00e0 partecipato al modulo 1 (FORMAZIONE DEL PERSONALE IN CONTATTO CON IL PUBBLICO VIAGGIANTE).<\/td>\n<\/tr>\n<\/tbody>\n<\/table>\n<p>&nbsp;<\/p>\n<p>&nbsp;<\/p>\n<div class=\"et_pb_module et_pb_blurb et_pb_blurb_1_tb_body et_pb_text_align_left et_pb_blurb_position_left et_pb_bg_layout_light\">\n<h3>Obiettivi del corso<\/h3>\n<\/div>\n<ul>\n<li>Formare il personale addetto all\u2019assistenza dei PRM in aeroporto (ad es. il personale che li accompagna o che li aiuta a trasferirsi dalla propria sedia a ruote a un&#8217;altra o che li assiste nelle operazioni di imbarco\/sbarco e di ritiro dei bagagli e nelle procedure di emergenza).<\/li>\n<\/ul>\n<p>&nbsp;<\/p>\n<h3>Requisiti<\/h3>\n<p>La partecipazione \u00e8 riservata al personale aeroportuale che presta assistenza diretta ai PRM e che ha gi\u00e0 frequentato il modulo 1 (FORMAZIONE DEL PERSONALE IN CONTATTO CON IL PUBBLICO VIAGGIANTE).<\/p>\n<h3><\/h3>\n<h3>Programma<\/h3>\n<div class='et-learn-more clearfix'>\n\t\t\t\t\t<h3 class='heading-more'>MODULO FORMATIVO<span class='et_learnmore_arrow'><span><\/span><\/span><\/h3>\n\t\t\t\t\t<div class='learn-more-content'><ul>\n<li>Descrizione del lavoro e potenziali rischi;<\/li>\n<li>Statistiche, tendenze e pronostici;<\/li>\n<li>Cause delle disabilit\u00e0;<\/li>\n<li>Meccanica del sollevamento (teoria e pratica);<\/li>\n<li>Assistenza alle persone con difficolt\u00e0 di deambulazione;<\/li>\n<li>Assistenza alle persone che usano la sedia a rotelle;<\/li>\n<li>Assistenza ai disabili visivi (teoria e pratica);<\/li>\n<li>Assistenza alle persone non udenti (teoria e pratica);<\/li>\n<li>Assistenza alle persone con disturbi cognitivi e con problemi di salute mentale (teoria);<\/li>\n<li>Principi di base sull\u2019assistenza in aeroporto nelle sue diverse fasi: check-in, controlli doganali e di sicurezza, recupero bagagli, oggetti smarriti, ecc);<\/li>\n<li>Tecniche di primo soccorso (tale corso \u00e8 tenuto da un\u2019organizzazione o da un insegnante certificato per fornire formazione di primo soccorso).<\/li>\n<\/ul><\/div>\n\t\t\t\t<\/div>\n<h3><\/h3>\n<h3>Conoscenze e competenze da acquisire<\/h3>\n<p>Il personale addetto all\u2019assistenza ai PRM in aeroporto deve possedere le necessarie conoscenze al fine di distinguere i diversi tipi di disabilit\u00e0 (e i corrispondenti codici IATA), per essere in grado di garantire la forma di assistenza pi\u00f9 adeguata. Pertanto il programma fornisce una formazione su:<\/p>\n<ul>\n<li>Assistenza a un passeggero che utilizza una sedia a rotelle a trasferirsi su un\u2019altra sedia a rotelle;<\/li>\n<li>Assistenza a una persona che viaggia con un cane di assistenza (incluso il ruolo e le emergenze del cane-guida);<\/li>\n<li>Tecniche per l\u2019accompagnamento dei passeggeri non vedenti e ipovedenti e per la movimentazione e il trasporto dei cani-guida e degli altri cani di assistenza;<\/li>\n<li>Conoscenza e impiego dei vari tipi di strumenti e apparecchiature, come descritte nell\u2019all. 5 D 1.3 del Doc. 30 ECAC che utilizzano le persone sia con disabilit\u00e0 motorie che con disabilit\u00e0 sensoriali;<\/li>\n<li>Conoscenza delle diverse procedure di imbarco e sbarco e dei dispostivi utilizzati, al fine di tutelare non solo la sicurezza, ma anche la dignit\u00e0 delle persone con disabilit\u00e0 e a mobilit\u00e0 ridotta;<\/li>\n<li>Consapevolezza dell\u2019importanza di un\u2019assistenza affidabile e professionale e del possibile senso di vulnerabilit\u00e0 che i passeggeri con disabilit\u00e0 possono avvertire durante il viaggio, a causa della loro totale dipendenza dell\u2019assistenza fornita;<\/li>\n<li>Tecniche di primo soccorso (tale corso \u00e8 tenuto da una organizzazione o altro soggetto certificato per fornire formazione di primo soccorso;<\/li>\n<li>Adeguato utilizzo delle sedie a rotelle e degli altri ausili per la mobilit\u00e0 al fine di evitarne il danneggiamento (per tutto il personale addetto alla gestione dei bagagli);<\/li>\n<li>Approfondimento della conoscenza sulle disabilit\u00e0 per garantire che la dignit\u00e0 delle persone con disabilit\u00e0 e a mobilit\u00e0 ridotta sia preservata, soprattutto durante i controlli di sicurezza. Richiesta di informazione al PRM sulle proprie preferenze (in caso di sollevamento e contatto fisico).<\/li>\n<\/ul>\n<p>&nbsp;<\/p>\n<h4>Per il corso \u00e8 previsto un aggiornamento obbligatorio annuale di n. 4 ore.<\/h4>\n<h3><\/h3>\n<p>&nbsp;<\/p>\n<h3>Certificazione<\/h3>\n<p>Alla fine del corso verr\u00e0 rilasciata la certificazione di persona addetta all\u2019assistenza dei PRM in aeroporto ai sensi della Circolare ENAC GEN-02B.<\/p>\n<p>&nbsp;<\/p>\n<p>&nbsp;<\/p>\n<p><code><\/code><\/p>\n","protected":false},"excerpt":{"rendered":"<h4>8 ore<\/h4>\n<p>Il corso \u00e8 rivolto al personale addetto all\u2019assistenza dei PRM in aeroporto (ad es. il personale che li accompagna o che li aiuta a trasferirsi dalla propria sedia a ruote a un&#8217;altra o che li assiste nelle operazioni di imbarco\/sbarco e di ritiro dei bagagli e nelle procedure di emergenza).<\/p>\n","protected":false},"featured_media":6954,"comment_status":"open","ping_status":"closed","template":"","meta":{"_et_pb_use_builder":"off","_et_pb_old_content":"OBIETTIVI DEL CORSO\r\n\r\nIl corso di qualifica per Operatore Socio Sanitario \u00e8 volto a formare operatori in grado di intervenire nelle situazioni caratterizzate da mancanza temporanea e\/o permanente di autonomia psicofisica. Grazie alla formazione teorico-pratica e al tirocinio pratico, gli allievi avranno l\u2019opportunit\u00e0 di sviluppare competenze professionali volte a:\r\n<ul>\r\n \t<li>identificare, classificare ed interpretare le problematiche delle diverse tipologie di utenze (minori, anziani, persone con disabilit\u00e0, pazienti oncologici);<\/li>\r\n \t<li>conoscere l\u2019organizzazione dei servizi sociali e sanitari; acquisire elementi di igiene e prevenzione e di anatomia, fisiologia e dietetica;<\/li>\r\n \t<li>identificare gli elementi necessari alla pianificazione dell\u2019assistenza e applicare le conoscenze acquisite per mantenere un ambiente terapeutico adeguato alla cura della persona e per applicare le diverse metodologie operative di carattere sanitario sugli assistiti.<\/li>\r\n<\/ul>\r\nIL CORSO E\u2019 ACCREDITATO DALLA REGIONE SICILIANA, ASSESSORATO ALLA SALUTE, AI SENSI DEL DECRETO DEL 12 AGOSTO 2020 (GURS N. 45\/2020) e ACCORDO STATO REGIONI DEL 22 FEBBRAIO 2001.\r\n\r\nPROGRAMMA \u2013 le materie di insegnamento sono articolate nelle seguenti aree disciplinari","_et_gb_content_width":"","_joinchat":[]},"product_brand":[],"product_cat":[50],"product_tag":[],"class_list":{"0":"post-4193","1":"product","2":"type-product","3":"status-publish","4":"has-post-thumbnail","6":"product_cat-trasporto-aereo","8":"first","9":"instock","10":"shipping-taxable","11":"product-type-simple"},"yoast_head":"<!-- This site is optimized with the Yoast SEO plugin v27.0 - https:\/\/yoast.com\/product\/yoast-seo-wordpress\/ -->\n<title>PRM &quot;personale che presta assistenza in aeroporto&quot; - Accademia Eraclitea<\/title>\n<meta name=\"robots\" content=\"index, follow, max-snippet:-1, max-image-preview:large, max-video-preview:-1\" \/>\n<link rel=\"canonical\" href=\"https:\/\/eraclitea.it\/it\/prodotto\/formazione-del-personale-che-presta-assistenza-in-aeroporto\/\" \/>\n<meta property=\"og:locale\" content=\"it_IT\" \/>\n<meta property=\"og:type\" content=\"article\" \/>\n<meta property=\"og:title\" content=\"PRM &quot;personale che presta assistenza in aeroporto&quot; - Accademia Eraclitea\" \/>\n<meta property=\"og:description\" content=\"8 ore Il corso \u00e8 rivolto al personale addetto all\u2019assistenza dei PRM in aeroporto (ad es. il personale che li accompagna o che li aiuta a trasferirsi dalla propria sedia a ruote a un&#039;altra o che li assiste nelle operazioni di imbarco\/sbarco e di ritiro dei bagagli e nelle procedure di emergenza).\" \/>\n<meta property=\"og:url\" content=\"https:\/\/eraclitea.it\/it\/prodotto\/formazione-del-personale-che-presta-assistenza-in-aeroporto\/\" \/>\n<meta property=\"og:site_name\" content=\"Accademia Eraclitea\" \/>\n<meta property=\"article:modified_time\" content=\"2021-08-05T12:16:54+00:00\" \/>\n<meta property=\"og:image\" content=\"https:\/\/eraclitea.it\/it\/wp-content\/uploads\/2021\/03\/Trasporto-aereo-\u2013-3@2x.png\" \/>\n\t<meta property=\"og:image:width\" content=\"350\" \/>\n\t<meta property=\"og:image:height\" content=\"200\" \/>\n\t<meta property=\"og:image:type\" content=\"image\/png\" \/>\n<meta name=\"twitter:card\" content=\"summary_large_image\" \/>\n<meta name=\"twitter:label1\" content=\"Tempo di lettura stimato\" \/>\n\t<meta name=\"twitter:data1\" content=\"4 minuti\" \/>\n<script type=\"application\/ld+json\" class=\"yoast-schema-graph\">{\"@context\":\"https:\/\/schema.org\",\"@graph\":[{\"@type\":\"WebPage\",\"@id\":\"https:\/\/eraclitea.it\/it\/prodotto\/formazione-del-personale-che-presta-assistenza-in-aeroporto\/\",\"url\":\"https:\/\/eraclitea.it\/it\/prodotto\/formazione-del-personale-che-presta-assistenza-in-aeroporto\/\",\"name\":\"PRM \\\"personale che presta assistenza in aeroporto\\\" - Accademia Eraclitea\",\"isPartOf\":{\"@id\":\"https:\/\/eraclitea.it\/it\/#website\"},\"primaryImageOfPage\":{\"@id\":\"https:\/\/eraclitea.it\/it\/prodotto\/formazione-del-personale-che-presta-assistenza-in-aeroporto\/#primaryimage\"},\"image\":{\"@id\":\"https:\/\/eraclitea.it\/it\/prodotto\/formazione-del-personale-che-presta-assistenza-in-aeroporto\/#primaryimage\"},\"thumbnailUrl\":\"https:\/\/eraclitea.it\/it\/wp-content\/uploads\/2021\/03\/Trasporto-aereo-\u2013-3@2x.png\",\"datePublished\":\"2021-03-26T22:47:46+00:00\",\"dateModified\":\"2021-08-05T12:16:54+00:00\",\"breadcrumb\":{\"@id\":\"https:\/\/eraclitea.it\/it\/prodotto\/formazione-del-personale-che-presta-assistenza-in-aeroporto\/#breadcrumb\"},\"inLanguage\":\"it-IT\",\"potentialAction\":[{\"@type\":\"ReadAction\",\"target\":[\"https:\/\/eraclitea.it\/it\/prodotto\/formazione-del-personale-che-presta-assistenza-in-aeroporto\/\"]}]},{\"@type\":\"ImageObject\",\"inLanguage\":\"it-IT\",\"@id\":\"https:\/\/eraclitea.it\/it\/prodotto\/formazione-del-personale-che-presta-assistenza-in-aeroporto\/#primaryimage\",\"url\":\"https:\/\/eraclitea.it\/it\/wp-content\/uploads\/2021\/03\/Trasporto-aereo-\u2013-3@2x.png\",\"contentUrl\":\"https:\/\/eraclitea.it\/it\/wp-content\/uploads\/2021\/03\/Trasporto-aereo-\u2013-3@2x.png\",\"width\":350,\"height\":200},{\"@type\":\"BreadcrumbList\",\"@id\":\"https:\/\/eraclitea.it\/it\/prodotto\/formazione-del-personale-che-presta-assistenza-in-aeroporto\/#breadcrumb\",\"itemListElement\":[{\"@type\":\"ListItem\",\"position\":1,\"name\":\"Home\",\"item\":\"https:\/\/eraclitea.it\/it\/\"},{\"@type\":\"ListItem\",\"position\":2,\"name\":\"Corsi\",\"item\":\"https:\/\/eraclitea.it\/it\/corsi\/\"},{\"@type\":\"ListItem\",\"position\":3,\"name\":\"PRM &#8220;personale che presta assistenza in aeroporto&#8221;\"}]},{\"@type\":\"WebSite\",\"@id\":\"https:\/\/eraclitea.it\/it\/#website\",\"url\":\"https:\/\/eraclitea.it\/it\/\",\"name\":\"Accademia Eraclitea\",\"description\":\"Ente di Ricerca e di Alta Formazione Accreditato\",\"potentialAction\":[{\"@type\":\"SearchAction\",\"target\":{\"@type\":\"EntryPoint\",\"urlTemplate\":\"https:\/\/eraclitea.it\/it\/?s={search_term_string}\"},\"query-input\":{\"@type\":\"PropertyValueSpecification\",\"valueRequired\":true,\"valueName\":\"search_term_string\"}}],\"inLanguage\":\"it-IT\"}]}<\/script>\n<!-- \/ Yoast SEO plugin. -->","yoast_head_json":{"title":"PRM \"personale che presta assistenza in aeroporto\" - Accademia Eraclitea","robots":{"index":"index","follow":"follow","max-snippet":"max-snippet:-1","max-image-preview":"max-image-preview:large","max-video-preview":"max-video-preview:-1"},"canonical":"https:\/\/eraclitea.it\/it\/prodotto\/formazione-del-personale-che-presta-assistenza-in-aeroporto\/","og_locale":"it_IT","og_type":"article","og_title":"PRM \"personale che presta assistenza in aeroporto\" - Accademia Eraclitea","og_description":"8 ore Il corso \u00e8 rivolto al personale addetto all\u2019assistenza dei PRM in aeroporto (ad es. il personale che li accompagna o che li aiuta a trasferirsi dalla propria sedia a ruote a un'altra o che li assiste nelle operazioni di imbarco\/sbarco e di ritiro dei bagagli e nelle procedure di emergenza).","og_url":"https:\/\/eraclitea.it\/it\/prodotto\/formazione-del-personale-che-presta-assistenza-in-aeroporto\/","og_site_name":"Accademia Eraclitea","article_modified_time":"2021-08-05T12:16:54+00:00","og_image":[{"width":350,"height":200,"url":"https:\/\/eraclitea.it\/it\/wp-content\/uploads\/2021\/03\/Trasporto-aereo-\u2013-3@2x.png","type":"image\/png"}],"twitter_card":"summary_large_image","twitter_misc":{"Tempo di lettura stimato":"4 minuti"},"schema":{"@context":"https:\/\/schema.org","@graph":[{"@type":"WebPage","@id":"https:\/\/eraclitea.it\/it\/prodotto\/formazione-del-personale-che-presta-assistenza-in-aeroporto\/","url":"https:\/\/eraclitea.it\/it\/prodotto\/formazione-del-personale-che-presta-assistenza-in-aeroporto\/","name":"PRM \"personale che presta assistenza in aeroporto\" - Accademia Eraclitea","isPartOf":{"@id":"https:\/\/eraclitea.it\/it\/#website"},"primaryImageOfPage":{"@id":"https:\/\/eraclitea.it\/it\/prodotto\/formazione-del-personale-che-presta-assistenza-in-aeroporto\/#primaryimage"},"image":{"@id":"https:\/\/eraclitea.it\/it\/prodotto\/formazione-del-personale-che-presta-assistenza-in-aeroporto\/#primaryimage"},"thumbnailUrl":"https:\/\/eraclitea.it\/it\/wp-content\/uploads\/2021\/03\/Trasporto-aereo-\u2013-3@2x.png","datePublished":"2021-03-26T22:47:46+00:00","dateModified":"2021-08-05T12:16:54+00:00","breadcrumb":{"@id":"https:\/\/eraclitea.it\/it\/prodotto\/formazione-del-personale-che-presta-assistenza-in-aeroporto\/#breadcrumb"},"inLanguage":"it-IT","potentialAction":[{"@type":"ReadAction","target":["https:\/\/eraclitea.it\/it\/prodotto\/formazione-del-personale-che-presta-assistenza-in-aeroporto\/"]}]},{"@type":"ImageObject","inLanguage":"it-IT","@id":"https:\/\/eraclitea.it\/it\/prodotto\/formazione-del-personale-che-presta-assistenza-in-aeroporto\/#primaryimage","url":"https:\/\/eraclitea.it\/it\/wp-content\/uploads\/2021\/03\/Trasporto-aereo-\u2013-3@2x.png","contentUrl":"https:\/\/eraclitea.it\/it\/wp-content\/uploads\/2021\/03\/Trasporto-aereo-\u2013-3@2x.png","width":350,"height":200},{"@type":"BreadcrumbList","@id":"https:\/\/eraclitea.it\/it\/prodotto\/formazione-del-personale-che-presta-assistenza-in-aeroporto\/#breadcrumb","itemListElement":[{"@type":"ListItem","position":1,"name":"Home","item":"https:\/\/eraclitea.it\/it\/"},{"@type":"ListItem","position":2,"name":"Corsi","item":"https:\/\/eraclitea.it\/it\/corsi\/"},{"@type":"ListItem","position":3,"name":"PRM &#8220;personale che presta assistenza in aeroporto&#8221;"}]},{"@type":"WebSite","@id":"https:\/\/eraclitea.it\/it\/#website","url":"https:\/\/eraclitea.it\/it\/","name":"Accademia Eraclitea","description":"Ente di Ricerca e di Alta Formazione Accreditato","potentialAction":[{"@type":"SearchAction","target":{"@type":"EntryPoint","urlTemplate":"https:\/\/eraclitea.it\/it\/?s={search_term_string}"},"query-input":{"@type":"PropertyValueSpecification","valueRequired":true,"valueName":"search_term_string"}}],"inLanguage":"it-IT"}]}},"jetpack_sharing_enabled":true,"_links":{"self":[{"href":"https:\/\/eraclitea.it\/it\/wp-json\/wp\/v2\/product\/4193","targetHints":{"allow":["GET"]}}],"collection":[{"href":"https:\/\/eraclitea.it\/it\/wp-json\/wp\/v2\/product"}],"about":[{"href":"https:\/\/eraclitea.it\/it\/wp-json\/wp\/v2\/types\/product"}],"replies":[{"embeddable":true,"href":"https:\/\/eraclitea.it\/it\/wp-json\/wp\/v2\/comments?post=4193"}],"wp:featuredmedia":[{"embeddable":true,"href":"https:\/\/eraclitea.it\/it\/wp-json\/wp\/v2\/media\/6954"}],"wp:attachment":[{"href":"https:\/\/eraclitea.it\/it\/wp-json\/wp\/v2\/media?parent=4193"}],"wp:term":[{"taxonomy":"product_brand","embeddable":true,"href":"https:\/\/eraclitea.it\/it\/wp-json\/wp\/v2\/product_brand?post=4193"},{"taxonomy":"product_cat","embeddable":true,"href":"https:\/\/eraclitea.it\/it\/wp-json\/wp\/v2\/product_cat?post=4193"},{"taxonomy":"product_tag","embeddable":true,"href":"https:\/\/eraclitea.it\/it\/wp-json\/wp\/v2\/product_tag?post=4193"}],"curies":[{"name":"wp","href":"https:\/\/api.w.org\/{rel}","templated":true}]}}