{"id":4090,"date":"2021-03-26T19:02:54","date_gmt":"2021-03-26T19:02:54","guid":{"rendered":"https:\/\/eraclitea.it\/eracliteait\/?post_type=product&#038;p=4090"},"modified":"2025-07-06T19:38:01","modified_gmt":"2025-07-06T19:38:01","slug":"imdg-code-42-2024-per-il-trasporto-delle-merci-pericolose-via-mare","status":"publish","type":"product","link":"https:\/\/eraclitea.it\/it\/prodotto\/imdg-code-42-2024-per-il-trasporto-delle-merci-pericolose-via-mare\/","title":{"rendered":"IMDG Code 42-2024 per il trasporto delle merci pericolose via mare"},"content":{"rendered":"<table style=\"border: 0px; height: 244px; width: 721px;\">\n<tbody>\n<tr>\n<td style=\"width: 38.75px;\"><a href=\"https:\/\/eraclitea.it\/it\/wp-content\/uploads\/2021\/01\/orolo2.png\"><img loading=\"lazy\" decoding=\"async\" class=\"alignnone wp-image-887 \" src=\"https:\/\/eraclitea.it\/it\/wp-content\/uploads\/2021\/03\/tempo.png\" alt=\"\" width=\"33\" height=\"33\" \/><\/a><\/td>\n<td style=\"width: 147.841px;\">\n<h4 class=\"et_pb_module_header\">Durata del corso:<\/h4>\n<\/td>\n<td style=\"width: 515.114px;\">8 ore (il corso si pu\u00f2 svolgere anche online)<\/td>\n<\/tr>\n<tr>\n<td style=\"width: 38.75px;\"><a href=\"https:\/\/eraclitea.it\/it\/wp-content\/uploads\/2021\/03\/Tavola-da-disegno-\u2013-13.png\"><img loading=\"lazy\" decoding=\"async\" class=\"alignnone wp-image-3710 \" src=\"https:\/\/eraclitea.it\/it\/wp-content\/uploads\/2021\/03\/Tavola-da-disegno-\u2013-13-300x300.png\" alt=\"\" width=\"39\" height=\"39\" srcset=\"https:\/\/eraclitea.it\/it\/wp-content\/uploads\/2021\/03\/Tavola-da-disegno-\u2013-13-300x300.png 300w, https:\/\/eraclitea.it\/it\/wp-content\/uploads\/2021\/03\/Tavola-da-disegno-\u2013-13-150x150.png 150w, https:\/\/eraclitea.it\/it\/wp-content\/uploads\/2021\/03\/Tavola-da-disegno-\u2013-13-100x100.png 100w, https:\/\/eraclitea.it\/it\/wp-content\/uploads\/2021\/03\/Tavola-da-disegno-\u2013-13-64x64.png 64w, https:\/\/eraclitea.it\/it\/wp-content\/uploads\/2021\/03\/Tavola-da-disegno-\u2013-13.png 400w\" sizes=\"(max-width: 39px) 100vw, 39px\" \/><\/a><\/td>\n<td style=\"width: 147.841px;\">\n<h4>N. Partecipanti:<\/h4>\n<\/td>\n<td style=\"width: 515.114px;\">Max 20 in aula &#8211; nessun limite per i corsi online<\/td>\n<\/tr>\n<tr>\n<td style=\"width: 38.75px;\"><a href=\"https:\/\/eraclitea.it\/it\/wp-content\/uploads\/2021\/04\/Tavola-da-disegno-\u2013-13-2.png\"><img loading=\"lazy\" decoding=\"async\" class=\"alignnone size-medium wp-image-5967\" src=\"https:\/\/eraclitea.it\/it\/wp-content\/uploads\/2021\/04\/Tavola-da-disegno-\u2013-13-2-300x300.png\" alt=\"\" width=\"300\" height=\"300\" \/><\/a><\/td>\n<td style=\"width: 147.841px;\">\n<h4>A chi \u00e8 rivolto:<\/h4>\n<\/td>\n<td style=\"width: 515.114px;\">Speditori, imballatori, personale costiero addetto all&#8217;accettazione, movimentazione, stoccaggio o spedizione delle merci. Addetti alla sicurezza di speditori, spedizionieri e agenti regolamentati.<\/td>\n<\/tr>\n<\/tbody>\n<\/table>\n<p>&nbsp;<\/p>\n<div class=\"et_pb_module et_pb_blurb et_pb_blurb_1_tb_body et_pb_text_align_left et_pb_blurb_position_left et_pb_bg_layout_light\"><\/div>\n<div><\/div>\n<h3>Obiettivi del corso<\/h3>\n<p>Dal <strong>1\u00a0 luglio 2025 <\/strong>dovr\u00e0 essere utilizzato il <strong>nuovo regolamento IMDG<\/strong> (International Maritime Dangerous Goods) <strong>42:2024<\/strong>\u00a0per il trasporto di merci pericolose via mare detto regolamento dovr\u00e0 essere utilizzato <strong>al posto dell&#8217;IMDG CODE 41:2022<\/strong>.<\/p>\n<p>Corso specialistico di formazione, obbligatorio ai sensi del capitolo 1.3 del Codice IMDG, esamina ed approfondisce le disposizioni generali e specifiche applicabili al trasporto marittimo ed intermodale di merci pericolose, sulla base delle novit\u00e0 introdotte dall&#8217;emendamento 41-2022 del Codice IMDG e del relativo Supplemento nell&#8217;ambito della disciplina generale del trasporto marittimo.<\/p>\n<p>Il Corso \u00e8 conforme alle disposizioni emanate dall&#8217;Autorit\u00e0 Competente in materia di formazione del personale di terra; ai partecipanti sar\u00e0 rilasciato un attestato valido ai sensi della Circolare 23\/2009 del Comando Generale delle Capitanerie di Porto.<\/p>\n<p>&nbsp;<\/p>\n<h3>Programma Corso<\/h3>\n<div class='et-learn-more clearfix'>\n\t\t\t\t\t<h3 class='heading-more'>MODULO FORMATIVO<span class='et_learnmore_arrow'><span><\/span><\/span><\/h3>\n\t\t\t\t\t<div class='learn-more-content'><ul>\n<li><strong>Struttura ed organizzazione del testo IMDG Code<\/strong>\n<ul>\n<li>Struttura, contenuti ed organizzazione del Codice IMDG<\/li>\n<li>Caratteristiche, modalit\u00e0 di consultazione e centralit\u00e0 della &#8220;Lista delle merci pericolose&#8221; del Cap. 3.2.<\/li>\n<li>Generalit\u00e0 sui criteri di classificazione delle merci pericolose (Numero ONU, Classe, Gruppo di Imballaggio)<\/li>\n<li>L&#8217;identificazione delle merci pericolose<\/li>\n<li>Caratteristiche e classi di pericolo<\/li>\n<li>Gruppi di segregazione<\/li>\n<li>Inquinanti Marini (Marine Pollutant) e Materie pericolose per l&#8217;ambiente<\/li>\n<li>Inquadramento degli operatori del trasporto intermodale marittimo e dei relativi obblighi per la sicurezza<\/li>\n<\/ul>\n<\/li>\n<li><strong>Scelta, impiego e segnalazione dei mezzi di contenimento per merci pericolose:<\/strong>\n<ul>\n<li>Generalit\u00e0 su container e casse mobili e requisiti per l&#8217;impiego nel trasporto marittimo<\/li>\n<li>Veicoli stradali: Dispositivi di rizzaggio per l&#8217;imbarco (Risoluzione IMO A581.14)<\/li>\n<li>\u00a0Segnalazione dei mezzi di contenimento (marcatura, etichettatura e placcatura):\n<ul>\n<li>Trasporto marittimo di merci pericolose &#8220;In colli&#8221;<\/li>\n<li>Trasporto marittimo di merci pericolose &#8220;In Cisterna&#8221;<\/li>\n<li>Trasporto marittimo di merci pericolose imballate in &#8220;Quantit\u00e0 Limitate&#8221; (Ltd Qty)<\/li>\n<\/ul>\n<\/li>\n<\/ul>\n<\/li>\n<li><strong>Operazioni di spedizione e documenti di trasporto<\/strong>\n<ul>\n<li>\u00a0Le disposizioni per il carico, lo stivaggio ed il fissaggio delle merci pericolose, secondo le Linee Guida IMO\/ILO\/UNECE del Supplemento al Codice IMDG<\/li>\n<li>Criteri di stivaggio (piani di carico\/stivaggio), segregazione e maneggio delle merci pericolose nel trasporto marittimo<\/li>\n<li>I documenti di trasporto richiesti dal Codice IMDG<\/li>\n<\/ul>\n<\/li>\n<\/ul><\/div>\n\t\t\t\t<\/div>\n<div class='et-learn-more clearfix'>\n\t\t\t\t\t<h3 class='heading-more'>TEST FINALE<span class='et_learnmore_arrow'><span><\/span><\/span><\/h3>\n\t\t\t\t\t<div class='learn-more-content'><ul>\n<li>Il corso prevede l&#8217;effettuazione di un test di valutazione finale per valutare il grado di apprendimento degli argomenti trattati.<\/li>\n<\/ul><\/div>\n\t\t\t\t<\/div>\n<p>&nbsp;<\/p>\n<h3>Certificazione<\/h3>\n<p>Alla fine del corso verr\u00e0 rilasciato un attestato di partecipazione in conformit\u00e0 alla normativa vigente in materia.<\/p>\n","protected":false},"excerpt":{"rendered":"<h4>8 ore<\/h4>\n<p>Addetti alla sicurezza di speditori, spedizionieri e agenti regolamentati.<\/p>\n<p>&nbsp;<\/p>\n","protected":false},"featured_media":5116,"comment_status":"open","ping_status":"closed","template":"","meta":{"_et_pb_use_builder":"off","_et_pb_old_content":"OBIETTIVI DEL CORSO\r\n\r\nIl corso di qualifica per Operatore Socio Sanitario \u00e8 volto a formare operatori in grado di intervenire nelle situazioni caratterizzate da mancanza temporanea e\/o permanente di autonomia psicofisica. Grazie alla formazione teorico-pratica e al tirocinio pratico, gli allievi avranno l\u2019opportunit\u00e0 di sviluppare competenze professionali volte a:\r\n<ul>\r\n \t<li>identificare, classificare ed interpretare le problematiche delle diverse tipologie di utenze (minori, anziani, persone con disabilit\u00e0, pazienti oncologici);<\/li>\r\n \t<li>conoscere l\u2019organizzazione dei servizi sociali e sanitari; acquisire elementi di igiene e prevenzione e di anatomia, fisiologia e dietetica;<\/li>\r\n \t<li>identificare gli elementi necessari alla pianificazione dell\u2019assistenza e applicare le conoscenze acquisite per mantenere un ambiente terapeutico adeguato alla cura della persona e per applicare le diverse metodologie operative di carattere sanitario sugli assistiti.<\/li>\r\n<\/ul>\r\nIL CORSO E\u2019 ACCREDITATO DALLA REGIONE SICILIANA, ASSESSORATO ALLA SALUTE, AI SENSI DEL DECRETO DEL 12 AGOSTO 2020 (GURS N. 45\/2020) e ACCORDO STATO REGIONI DEL 22 FEBBRAIO 2001.\r\n\r\nPROGRAMMA \u2013 le materie di insegnamento sono articolate nelle seguenti aree disciplinari","_et_gb_content_width":"","_joinchat":[]},"product_brand":[],"product_cat":[37],"product_tag":[88],"class_list":{"0":"post-4090","1":"product","2":"type-product","3":"status-publish","4":"has-post-thumbnail","6":"product_cat-trasporto-marittimo","7":"product_tag-trasporti-marittimo","9":"first","10":"instock","11":"shipping-taxable","12":"product-type-simple"},"yoast_head":"<!-- This site is optimized with the Yoast SEO plugin v27.0 - https:\/\/yoast.com\/product\/yoast-seo-wordpress\/ -->\n<title>IMDG Code 42-2024 per il trasporto delle merci pericolose via mare - Accademia Eraclitea<\/title>\n<meta name=\"robots\" content=\"index, follow, max-snippet:-1, max-image-preview:large, max-video-preview:-1\" \/>\n<link rel=\"canonical\" href=\"https:\/\/eraclitea.it\/it\/prodotto\/imdg-code-42-2024-per-il-trasporto-delle-merci-pericolose-via-mare\/\" \/>\n<meta property=\"og:locale\" content=\"it_IT\" \/>\n<meta property=\"og:type\" content=\"article\" \/>\n<meta property=\"og:title\" content=\"IMDG Code 42-2024 per il trasporto delle merci pericolose via mare - Accademia Eraclitea\" \/>\n<meta property=\"og:description\" content=\"8 ore Addetti alla sicurezza di speditori, spedizionieri e agenti regolamentati.  &nbsp;\" \/>\n<meta property=\"og:url\" content=\"https:\/\/eraclitea.it\/it\/prodotto\/imdg-code-42-2024-per-il-trasporto-delle-merci-pericolose-via-mare\/\" \/>\n<meta property=\"og:site_name\" content=\"Accademia Eraclitea\" \/>\n<meta property=\"article:modified_time\" content=\"2025-07-06T19:38:01+00:00\" \/>\n<meta property=\"og:image\" content=\"https:\/\/eraclitea.it\/it\/wp-content\/uploads\/2021\/03\/IMDG-Code-39-2018-per-il-trasporto-delle-merci-pericolose-via-mare@2x.png\" \/>\n\t<meta property=\"og:image:width\" content=\"350\" \/>\n\t<meta property=\"og:image:height\" content=\"200\" \/>\n\t<meta property=\"og:image:type\" content=\"image\/png\" \/>\n<meta name=\"twitter:card\" content=\"summary_large_image\" \/>\n<meta name=\"twitter:label1\" content=\"Tempo di lettura stimato\" \/>\n\t<meta name=\"twitter:data1\" content=\"4 minuti\" \/>\n<script type=\"application\/ld+json\" class=\"yoast-schema-graph\">{\"@context\":\"https:\/\/schema.org\",\"@graph\":[{\"@type\":\"WebPage\",\"@id\":\"https:\/\/eraclitea.it\/it\/prodotto\/imdg-code-42-2024-per-il-trasporto-delle-merci-pericolose-via-mare\/\",\"url\":\"https:\/\/eraclitea.it\/it\/prodotto\/imdg-code-42-2024-per-il-trasporto-delle-merci-pericolose-via-mare\/\",\"name\":\"IMDG Code 42-2024 per il trasporto delle merci pericolose via mare - Accademia Eraclitea\",\"isPartOf\":{\"@id\":\"https:\/\/eraclitea.it\/it\/#website\"},\"primaryImageOfPage\":{\"@id\":\"https:\/\/eraclitea.it\/it\/prodotto\/imdg-code-42-2024-per-il-trasporto-delle-merci-pericolose-via-mare\/#primaryimage\"},\"image\":{\"@id\":\"https:\/\/eraclitea.it\/it\/prodotto\/imdg-code-42-2024-per-il-trasporto-delle-merci-pericolose-via-mare\/#primaryimage\"},\"thumbnailUrl\":\"https:\/\/eraclitea.it\/it\/wp-content\/uploads\/2021\/03\/IMDG-Code-39-2018-per-il-trasporto-delle-merci-pericolose-via-mare@2x.png\",\"datePublished\":\"2021-03-26T19:02:54+00:00\",\"dateModified\":\"2025-07-06T19:38:01+00:00\",\"breadcrumb\":{\"@id\":\"https:\/\/eraclitea.it\/it\/prodotto\/imdg-code-42-2024-per-il-trasporto-delle-merci-pericolose-via-mare\/#breadcrumb\"},\"inLanguage\":\"it-IT\",\"potentialAction\":[{\"@type\":\"ReadAction\",\"target\":[\"https:\/\/eraclitea.it\/it\/prodotto\/imdg-code-42-2024-per-il-trasporto-delle-merci-pericolose-via-mare\/\"]}]},{\"@type\":\"ImageObject\",\"inLanguage\":\"it-IT\",\"@id\":\"https:\/\/eraclitea.it\/it\/prodotto\/imdg-code-42-2024-per-il-trasporto-delle-merci-pericolose-via-mare\/#primaryimage\",\"url\":\"https:\/\/eraclitea.it\/it\/wp-content\/uploads\/2021\/03\/IMDG-Code-39-2018-per-il-trasporto-delle-merci-pericolose-via-mare@2x.png\",\"contentUrl\":\"https:\/\/eraclitea.it\/it\/wp-content\/uploads\/2021\/03\/IMDG-Code-39-2018-per-il-trasporto-delle-merci-pericolose-via-mare@2x.png\",\"width\":350,\"height\":200},{\"@type\":\"BreadcrumbList\",\"@id\":\"https:\/\/eraclitea.it\/it\/prodotto\/imdg-code-42-2024-per-il-trasporto-delle-merci-pericolose-via-mare\/#breadcrumb\",\"itemListElement\":[{\"@type\":\"ListItem\",\"position\":1,\"name\":\"Home\",\"item\":\"https:\/\/eraclitea.it\/it\/\"},{\"@type\":\"ListItem\",\"position\":2,\"name\":\"Corsi\",\"item\":\"https:\/\/eraclitea.it\/it\/corsi\/\"},{\"@type\":\"ListItem\",\"position\":3,\"name\":\"IMDG Code 42-2024 per il trasporto delle merci pericolose via mare\"}]},{\"@type\":\"WebSite\",\"@id\":\"https:\/\/eraclitea.it\/it\/#website\",\"url\":\"https:\/\/eraclitea.it\/it\/\",\"name\":\"Accademia Eraclitea\",\"description\":\"Ente di Ricerca e di Alta Formazione Accreditato\",\"potentialAction\":[{\"@type\":\"SearchAction\",\"target\":{\"@type\":\"EntryPoint\",\"urlTemplate\":\"https:\/\/eraclitea.it\/it\/?s={search_term_string}\"},\"query-input\":{\"@type\":\"PropertyValueSpecification\",\"valueRequired\":true,\"valueName\":\"search_term_string\"}}],\"inLanguage\":\"it-IT\"}]}<\/script>\n<!-- \/ Yoast SEO plugin. -->","yoast_head_json":{"title":"IMDG Code 42-2024 per il trasporto delle merci pericolose via mare - Accademia Eraclitea","robots":{"index":"index","follow":"follow","max-snippet":"max-snippet:-1","max-image-preview":"max-image-preview:large","max-video-preview":"max-video-preview:-1"},"canonical":"https:\/\/eraclitea.it\/it\/prodotto\/imdg-code-42-2024-per-il-trasporto-delle-merci-pericolose-via-mare\/","og_locale":"it_IT","og_type":"article","og_title":"IMDG Code 42-2024 per il trasporto delle merci pericolose via mare - Accademia Eraclitea","og_description":"8 ore Addetti alla sicurezza di speditori, spedizionieri e agenti regolamentati.  &nbsp;","og_url":"https:\/\/eraclitea.it\/it\/prodotto\/imdg-code-42-2024-per-il-trasporto-delle-merci-pericolose-via-mare\/","og_site_name":"Accademia Eraclitea","article_modified_time":"2025-07-06T19:38:01+00:00","og_image":[{"width":350,"height":200,"url":"https:\/\/eraclitea.it\/it\/wp-content\/uploads\/2021\/03\/IMDG-Code-39-2018-per-il-trasporto-delle-merci-pericolose-via-mare@2x.png","type":"image\/png"}],"twitter_card":"summary_large_image","twitter_misc":{"Tempo di lettura stimato":"4 minuti"},"schema":{"@context":"https:\/\/schema.org","@graph":[{"@type":"WebPage","@id":"https:\/\/eraclitea.it\/it\/prodotto\/imdg-code-42-2024-per-il-trasporto-delle-merci-pericolose-via-mare\/","url":"https:\/\/eraclitea.it\/it\/prodotto\/imdg-code-42-2024-per-il-trasporto-delle-merci-pericolose-via-mare\/","name":"IMDG Code 42-2024 per il trasporto delle merci pericolose via mare - Accademia Eraclitea","isPartOf":{"@id":"https:\/\/eraclitea.it\/it\/#website"},"primaryImageOfPage":{"@id":"https:\/\/eraclitea.it\/it\/prodotto\/imdg-code-42-2024-per-il-trasporto-delle-merci-pericolose-via-mare\/#primaryimage"},"image":{"@id":"https:\/\/eraclitea.it\/it\/prodotto\/imdg-code-42-2024-per-il-trasporto-delle-merci-pericolose-via-mare\/#primaryimage"},"thumbnailUrl":"https:\/\/eraclitea.it\/it\/wp-content\/uploads\/2021\/03\/IMDG-Code-39-2018-per-il-trasporto-delle-merci-pericolose-via-mare@2x.png","datePublished":"2021-03-26T19:02:54+00:00","dateModified":"2025-07-06T19:38:01+00:00","breadcrumb":{"@id":"https:\/\/eraclitea.it\/it\/prodotto\/imdg-code-42-2024-per-il-trasporto-delle-merci-pericolose-via-mare\/#breadcrumb"},"inLanguage":"it-IT","potentialAction":[{"@type":"ReadAction","target":["https:\/\/eraclitea.it\/it\/prodotto\/imdg-code-42-2024-per-il-trasporto-delle-merci-pericolose-via-mare\/"]}]},{"@type":"ImageObject","inLanguage":"it-IT","@id":"https:\/\/eraclitea.it\/it\/prodotto\/imdg-code-42-2024-per-il-trasporto-delle-merci-pericolose-via-mare\/#primaryimage","url":"https:\/\/eraclitea.it\/it\/wp-content\/uploads\/2021\/03\/IMDG-Code-39-2018-per-il-trasporto-delle-merci-pericolose-via-mare@2x.png","contentUrl":"https:\/\/eraclitea.it\/it\/wp-content\/uploads\/2021\/03\/IMDG-Code-39-2018-per-il-trasporto-delle-merci-pericolose-via-mare@2x.png","width":350,"height":200},{"@type":"BreadcrumbList","@id":"https:\/\/eraclitea.it\/it\/prodotto\/imdg-code-42-2024-per-il-trasporto-delle-merci-pericolose-via-mare\/#breadcrumb","itemListElement":[{"@type":"ListItem","position":1,"name":"Home","item":"https:\/\/eraclitea.it\/it\/"},{"@type":"ListItem","position":2,"name":"Corsi","item":"https:\/\/eraclitea.it\/it\/corsi\/"},{"@type":"ListItem","position":3,"name":"IMDG Code 42-2024 per il trasporto delle merci pericolose via mare"}]},{"@type":"WebSite","@id":"https:\/\/eraclitea.it\/it\/#website","url":"https:\/\/eraclitea.it\/it\/","name":"Accademia Eraclitea","description":"Ente di Ricerca e di Alta Formazione Accreditato","potentialAction":[{"@type":"SearchAction","target":{"@type":"EntryPoint","urlTemplate":"https:\/\/eraclitea.it\/it\/?s={search_term_string}"},"query-input":{"@type":"PropertyValueSpecification","valueRequired":true,"valueName":"search_term_string"}}],"inLanguage":"it-IT"}]}},"jetpack_sharing_enabled":true,"_links":{"self":[{"href":"https:\/\/eraclitea.it\/it\/wp-json\/wp\/v2\/product\/4090","targetHints":{"allow":["GET"]}}],"collection":[{"href":"https:\/\/eraclitea.it\/it\/wp-json\/wp\/v2\/product"}],"about":[{"href":"https:\/\/eraclitea.it\/it\/wp-json\/wp\/v2\/types\/product"}],"replies":[{"embeddable":true,"href":"https:\/\/eraclitea.it\/it\/wp-json\/wp\/v2\/comments?post=4090"}],"wp:featuredmedia":[{"embeddable":true,"href":"https:\/\/eraclitea.it\/it\/wp-json\/wp\/v2\/media\/5116"}],"wp:attachment":[{"href":"https:\/\/eraclitea.it\/it\/wp-json\/wp\/v2\/media?parent=4090"}],"wp:term":[{"taxonomy":"product_brand","embeddable":true,"href":"https:\/\/eraclitea.it\/it\/wp-json\/wp\/v2\/product_brand?post=4090"},{"taxonomy":"product_cat","embeddable":true,"href":"https:\/\/eraclitea.it\/it\/wp-json\/wp\/v2\/product_cat?post=4090"},{"taxonomy":"product_tag","embeddable":true,"href":"https:\/\/eraclitea.it\/it\/wp-json\/wp\/v2\/product_tag?post=4090"}],"curies":[{"name":"wp","href":"https:\/\/api.w.org\/{rel}","templated":true}]}}