{"id":4058,"date":"2021-03-26T18:31:56","date_gmt":"2021-03-26T18:31:56","guid":{"rendered":"https:\/\/eraclitea.it\/eracliteait\/?post_type=product&#038;p=4058"},"modified":"2025-07-06T19:40:34","modified_gmt":"2025-07-06T19:40:34","slug":"imdg-code-41-2022-per-il-trasporto-delle-merci-pericolose-via-mare-2","status":"publish","type":"product","link":"https:\/\/eraclitea.it\/it\/prodotto\/imdg-code-41-2022-per-il-trasporto-delle-merci-pericolose-via-mare-2\/","title":{"rendered":"IMDG Code 42-2024 per il trasporto delle merci pericolose via mare"},"content":{"rendered":"<table style=\"border: 0px; height: 244px; width: 721px;\">\n<tbody>\n<tr>\n<td style=\"width: 38.75px;\"><a href=\"https:\/\/eraclitea.it\/it\/wp-content\/uploads\/2021\/01\/orolo2.png\"><img loading=\"lazy\" decoding=\"async\" class=\"alignnone wp-image-887 \" src=\"https:\/\/eraclitea.it\/it\/wp-content\/uploads\/2021\/03\/tempo.png\" alt=\"\" width=\"33\" height=\"33\" \/><\/a><\/td>\n<td style=\"width: 147.841px;\">\n<h4 class=\"et_pb_module_header\">Durata del corso:<\/h4>\n<\/td>\n<td style=\"width: 515.114px;\">4 \u00a0Ore (il corso si pu\u00f2 svolgere anche online)<\/td>\n<\/tr>\n<tr>\n<td style=\"width: 38.75px;\"><a href=\"https:\/\/eraclitea.it\/it\/wp-content\/uploads\/2021\/03\/Tavola-da-disegno-\u2013-13.png\"><img loading=\"lazy\" decoding=\"async\" class=\"alignnone wp-image-3710 \" src=\"https:\/\/eraclitea.it\/it\/wp-content\/uploads\/2021\/03\/Tavola-da-disegno-\u2013-13-300x300.png\" alt=\"\" width=\"39\" height=\"39\" srcset=\"https:\/\/eraclitea.it\/it\/wp-content\/uploads\/2021\/03\/Tavola-da-disegno-\u2013-13-300x300.png 300w, https:\/\/eraclitea.it\/it\/wp-content\/uploads\/2021\/03\/Tavola-da-disegno-\u2013-13-150x150.png 150w, https:\/\/eraclitea.it\/it\/wp-content\/uploads\/2021\/03\/Tavola-da-disegno-\u2013-13-100x100.png 100w, https:\/\/eraclitea.it\/it\/wp-content\/uploads\/2021\/03\/Tavola-da-disegno-\u2013-13-64x64.png 64w, https:\/\/eraclitea.it\/it\/wp-content\/uploads\/2021\/03\/Tavola-da-disegno-\u2013-13.png 400w\" sizes=\"(max-width: 39px) 100vw, 39px\" \/><\/a><\/td>\n<td style=\"width: 147.841px;\">\n<h4>N. Partecipanti:<\/h4>\n<\/td>\n<td style=\"width: 515.114px;\">Max 20 in aula &#8211; nessun limite per il corso online<\/td>\n<\/tr>\n<tr>\n<td style=\"width: 38.75px;\"><a href=\"https:\/\/eraclitea.it\/it\/wp-content\/uploads\/2021\/04\/Tavola-da-disegno-\u2013-13-2.png\"><img loading=\"lazy\" decoding=\"async\" class=\"alignnone size-medium wp-image-5967\" src=\"https:\/\/eraclitea.it\/it\/wp-content\/uploads\/2021\/04\/Tavola-da-disegno-\u2013-13-2-300x300.png\" alt=\"\" width=\"300\" height=\"300\" \/><\/a><\/td>\n<td style=\"width: 147.841px;\">\n<h4>A chi \u00e8 rivolto:<\/h4>\n<\/td>\n<td style=\"width: 515.114px;\">Coloro che hanno partecipato al corso di FORMAZIONE obbligatorio di BASE\u00a0 ai sensi del capitolo 1.3 del Codice IMDG<\/td>\n<\/tr>\n<\/tbody>\n<\/table>\n<p>&nbsp;<\/p>\n<p>&nbsp;<\/p>\n<div><\/div>\n<h3 class=\"et_pb_module et_pb_blurb et_pb_blurb_1_tb_body et_pb_text_align_left et_pb_blurb_position_left et_pb_bg_layout_light\"><span style=\"color: #333333; font-size: 22px;\">Obiettivi del corso<\/span><\/h3>\n<p>Dal <strong>1 luglio 2025<\/strong>\u00a0dovr\u00e0 essere utilizzato il <strong>nuovo regolamento IMDG<\/strong> (International Maritime Dangerous Goods) <strong>42:2024<\/strong>\u00a0per il trasporto di merci pericolose via mare detto regolamento dovr\u00e0 essere utilizzato <strong>al posto dell&#8217;IMDG CODE 41:2022.<\/strong><\/p>\n<p>Corso specialistico di aggiornamento obbligatorio, ai sensi del capitolo 1.3 del Codice IMDG, esamina ed approfondisce le disposizioni generali e specifiche applicabili al trasporto marittimo ed intermodale di merci pericolose, sulla base delle novit\u00e0 introdotte dall&#8217;emendamento 42-2024 del Codice IMDG e del relativo Supplemento nell&#8217;ambito della disciplina generale del trasporto marittimo.<\/p>\n<p>Il Corso \u00e8 conforme alle disposizioni emanate dall&#8217;Autorit\u00e0 Competente in materia di formazione del personale di terra; ai partecipanti sar\u00e0 rilasciato un attestato valido <strong>ai sensi della Circolare 23\/2009 del Comando Generale delle Capitanerie di Porto<\/strong>.<\/p>\n<p>&nbsp;<\/p>\n<h3>Requisiti<\/h3>\n<ul>\n<li>Aver\u00a0 partecipato\u00a0 al corso di\u00a0 FORMAZIONE obbligatorio di BASE\u00a0 ai sensi del capitolo 1.3 del Codice IMDG.<\/li>\n<\/ul>\n<p>&nbsp;<\/p>\n<h3>Programma Corso<\/h3>\n<div class='et-learn-more clearfix'>\n\t\t\t\t\t<h3 class='heading-more'>DISPOSIZIONI GENERALI <span class='et_learnmore_arrow'><span><\/span><\/span><\/h3>\n\t\t\t\t\t<div class='learn-more-content'><ul>\n<li>Novit\u00e0 sulle esenzioni parziali<\/li>\n<li>Introduzione della convenzione CSC<\/li>\n<li>\u00a0Introduzione di nuove definizioni<\/li>\n<\/ul><\/div>\n\t\t\t\t<\/div>\n<div class='et-learn-more clearfix'>\n\t\t\t\t\t<h3 class='heading-more'>CLASSIFICAZIONE<span class='et_learnmore_arrow'><span><\/span><\/span><\/h3>\n\t\t\t\t\t<div class='learn-more-content'><ul>\n<li>Novit\u00e0 sulla classificazione delle merci pericolose<\/li>\n<li>I gas adsorbiti<\/li>\n<li>Nuovi criteri di classificazione per le materie comburenti Classe 5.1<\/li>\n<li>Classificazione ed esenzioni degli inquinanti marini<\/li>\n<\/ul><\/div>\n\t\t\t\t<\/div>\n<div class='et-learn-more clearfix'>\n\t\t\t\t\t<h3 class='heading-more'>LISTA DELLE MERCI PERICOLOSE, DISPOSIZIONI SPECIALI ED ESENZIONI<span class='et_learnmore_arrow'><span><\/span><\/span><\/h3>\n\t\t\t\t\t<div class='learn-more-content'><ul>\n<li>Modifiche ed integrazioni alla &#8220;Lista delle merci pericolose&#8221; ed alle Disposizioni Speciali<\/li>\n<li>Nuove rubriche UN introdotte nell&#8217;edizione (42-24)<\/li>\n<li>Novit\u00e0 sul trasporto in Quantit\u00e0 Limitate (Capitolo 3.4)<\/li>\n<li>Variazione all&#8217;indice alfabetico delle merci pericolose<\/li>\n<\/ul><\/div>\n\t\t\t\t<\/div>\n<div class='et-learn-more clearfix'>\n\t\t\t\t\t<h3 class='heading-more'> USO DI IMBALLAGGI E UNIT\u00c0 DI TRASPORTO<span class='et_learnmore_arrow'><span><\/span><\/span><\/h3>\n\t\t\t\t\t<div class='learn-more-content'><ul>\n<li>Novit\u00e0 sull&#8217;utilizzo di imballaggi supplementari<\/li>\n<li>Istruzioni di Imballaggio nuove e modificate<\/li>\n<\/ul><\/div>\n\t\t\t\t<\/div>\n<div class='et-learn-more clearfix'>\n\t\t\t\t\t<h3 class='heading-more'> PROCEDURE DI SPEDIZIONE<span class='et_learnmore_arrow'><span><\/span><\/span><\/h3>\n\t\t\t\t\t<div class='learn-more-content'><ul>\n<li>Novit\u00e0 sulle prescrizioni per le marcatura dei colli<\/li>\n<li>Novit\u00e0 sulle prescrizioni per le marcatura e placcatura delle Unit\u00e0 di Trasporto<\/li>\n<li>Modifiche alle informazioni richieste sul documento di trasporto e certificato di carico dei container<\/li>\n<\/ul><\/div>\n\t\t\t\t<\/div>\n<div class='et-learn-more clearfix'>\n\t\t\t\t\t<h3 class='heading-more'> COSTRUZIONE DI IMBALLAGGI  E UNIT\u00c0 DI TRASPORTO<span class='et_learnmore_arrow'><span><\/span><\/span><\/h3>\n\t\t\t\t\t<div class='learn-more-content'><ul>\n<li>Aggiornamento ed integrazione del Capitolo 6.2 sulle norme relative a progettazione, costruzione, controlli e marcature per bombole di gas, pacchi di bombole e recipienti di salvataggio a pressione<\/li>\n<\/ul><\/div>\n\t\t\t\t<\/div>\n<div class='et-learn-more clearfix'>\n\t\t\t\t\t<h3 class='heading-more'>OPERAZIONI DI TRASPORTO<span class='et_learnmore_arrow'><span><\/span><\/span><\/h3>\n\t\t\t\t\t<div class='learn-more-content'><ul>\n<li>Le nuove disposizioni per lo stivaggio e la segregazione di merci pericolose<\/li>\n<li>Le unit\u00e0 di trasporto con controllo di temperatura<\/li>\n<\/ul><\/div>\n\t\t\t\t<\/div>\n<div class='et-learn-more clearfix'>\n\t\t\t\t\t<h3 class='heading-more'> TEST FINALE<span class='et_learnmore_arrow'><span><\/span><\/span><\/h3>\n\t\t\t\t\t<div class='learn-more-content'><ul>\n<li>Il corso prevede l&#8217;effettuazione di un test di valutazione finale per valutare il grado di apprendimento degli argomenti trattati.<\/li>\n<\/ul><\/div>\n\t\t\t\t<\/div>\n<p>&nbsp;<\/p>\n<h3>Certificazione<\/h3>\n<p>alla fine del corso verr\u00e0 rilasciato un attestato di partecipazione in conformit\u00e0 alla normativa vigente in materia.<\/p>\n<p><code><\/code><\/p>\n","protected":false},"excerpt":{"rendered":"<h4>4 ore<\/h4>\n<p>Dal 1 luglio 2025 dovr\u00e0 essere utilizzato il nuovo regolamento IMDG (International Maritime Dangerous Goods) 42:2024 per il trasporto di merci pericolose via mare detto regolamento dovr\u00e0 essere utilizzato al posto dell&#8217;IMDG CODE 41:2022.<\/p>\n<p>&nbsp;<\/p>\n","protected":false},"featured_media":6621,"comment_status":"open","ping_status":"closed","template":"","meta":{"_et_pb_use_builder":"off","_et_pb_old_content":"OBIETTIVI DEL CORSO\r\n\r\nIl corso di qualifica per Operatore Socio Sanitario \u00e8 volto a formare operatori in grado di intervenire nelle situazioni caratterizzate da mancanza temporanea e\/o permanente di autonomia psicofisica. Grazie alla formazione teorico-pratica e al tirocinio pratico, gli allievi avranno l\u2019opportunit\u00e0 di sviluppare competenze professionali volte a:\r\n<ul>\r\n \t<li>identificare, classificare ed interpretare le problematiche delle diverse tipologie di utenze (minori, anziani, persone con disabilit\u00e0, pazienti oncologici);<\/li>\r\n \t<li>conoscere l\u2019organizzazione dei servizi sociali e sanitari; acquisire elementi di igiene e prevenzione e di anatomia, fisiologia e dietetica;<\/li>\r\n \t<li>identificare gli elementi necessari alla pianificazione dell\u2019assistenza e applicare le conoscenze acquisite per mantenere un ambiente terapeutico adeguato alla cura della persona e per applicare le diverse metodologie operative di carattere sanitario sugli assistiti.<\/li>\r\n<\/ul>\r\nIL CORSO E\u2019 ACCREDITATO DALLA REGIONE SICILIANA, ASSESSORATO ALLA SALUTE, AI SENSI DEL DECRETO DEL 12 AGOSTO 2020 (GURS N. 45\/2020) e ACCORDO STATO REGIONI DEL 22 FEBBRAIO 2001.\r\n\r\nPROGRAMMA \u2013 le materie di insegnamento sono articolate nelle seguenti aree disciplinari","_et_gb_content_width":"","_joinchat":[]},"product_brand":[],"product_cat":[137,37],"product_tag":[88],"class_list":{"0":"post-4058","1":"product","2":"type-product","3":"status-publish","4":"has-post-thumbnail","6":"product_cat-aggiornamento","7":"product_cat-trasporto-marittimo","8":"product_tag-trasporti-marittimo","10":"first","11":"instock","12":"shipping-taxable","13":"product-type-simple"},"yoast_head":"<!-- This site is optimized with the Yoast SEO plugin v27.0 - https:\/\/yoast.com\/product\/yoast-seo-wordpress\/ -->\n<title>IMDG Code 42-2024 per il trasporto delle merci pericolose via mare - Accademia Eraclitea<\/title>\n<meta name=\"robots\" content=\"index, follow, max-snippet:-1, max-image-preview:large, max-video-preview:-1\" \/>\n<link rel=\"canonical\" href=\"https:\/\/eraclitea.it\/it\/prodotto\/imdg-code-41-2022-per-il-trasporto-delle-merci-pericolose-via-mare-2\/\" \/>\n<meta property=\"og:locale\" content=\"it_IT\" \/>\n<meta property=\"og:type\" content=\"article\" \/>\n<meta property=\"og:title\" content=\"IMDG Code 42-2024 per il trasporto delle merci pericolose via mare - Accademia Eraclitea\" \/>\n<meta property=\"og:description\" content=\"4 ore Dal 1 luglio 2025 dovr\u00e0 essere utilizzato il nuovo regolamento IMDG (International Maritime Dangerous Goods) 42:2024 per il trasporto di merci pericolose via mare detto regolamento dovr\u00e0 essere utilizzato al posto dell&#039;IMDG CODE 41:2022.  &nbsp;\" \/>\n<meta property=\"og:url\" content=\"https:\/\/eraclitea.it\/it\/prodotto\/imdg-code-41-2022-per-il-trasporto-delle-merci-pericolose-via-mare-2\/\" \/>\n<meta property=\"og:site_name\" content=\"Accademia Eraclitea\" \/>\n<meta property=\"article:modified_time\" content=\"2025-07-06T19:40:34+00:00\" \/>\n<meta property=\"og:image\" content=\"https:\/\/eraclitea.it\/it\/wp-content\/uploads\/2021\/03\/IMDG-Code-39-2018-per-il-trasporto-delle-merci-pericolose-via-mare@2x-300x200-1.png\" \/>\n\t<meta property=\"og:image:width\" content=\"300\" \/>\n\t<meta property=\"og:image:height\" content=\"200\" \/>\n\t<meta property=\"og:image:type\" content=\"image\/png\" \/>\n<meta name=\"twitter:card\" content=\"summary_large_image\" \/>\n<meta name=\"twitter:label1\" content=\"Tempo di lettura stimato\" \/>\n\t<meta name=\"twitter:data1\" content=\"4 minuti\" \/>\n<script type=\"application\/ld+json\" class=\"yoast-schema-graph\">{\"@context\":\"https:\/\/schema.org\",\"@graph\":[{\"@type\":\"WebPage\",\"@id\":\"https:\/\/eraclitea.it\/it\/prodotto\/imdg-code-41-2022-per-il-trasporto-delle-merci-pericolose-via-mare-2\/\",\"url\":\"https:\/\/eraclitea.it\/it\/prodotto\/imdg-code-41-2022-per-il-trasporto-delle-merci-pericolose-via-mare-2\/\",\"name\":\"IMDG Code 42-2024 per il trasporto delle merci pericolose via mare - Accademia Eraclitea\",\"isPartOf\":{\"@id\":\"https:\/\/eraclitea.it\/it\/#website\"},\"primaryImageOfPage\":{\"@id\":\"https:\/\/eraclitea.it\/it\/prodotto\/imdg-code-41-2022-per-il-trasporto-delle-merci-pericolose-via-mare-2\/#primaryimage\"},\"image\":{\"@id\":\"https:\/\/eraclitea.it\/it\/prodotto\/imdg-code-41-2022-per-il-trasporto-delle-merci-pericolose-via-mare-2\/#primaryimage\"},\"thumbnailUrl\":\"https:\/\/eraclitea.it\/it\/wp-content\/uploads\/2021\/03\/IMDG-Code-39-2018-per-il-trasporto-delle-merci-pericolose-via-mare@2x-300x200-1.png\",\"datePublished\":\"2021-03-26T18:31:56+00:00\",\"dateModified\":\"2025-07-06T19:40:34+00:00\",\"breadcrumb\":{\"@id\":\"https:\/\/eraclitea.it\/it\/prodotto\/imdg-code-41-2022-per-il-trasporto-delle-merci-pericolose-via-mare-2\/#breadcrumb\"},\"inLanguage\":\"it-IT\",\"potentialAction\":[{\"@type\":\"ReadAction\",\"target\":[\"https:\/\/eraclitea.it\/it\/prodotto\/imdg-code-41-2022-per-il-trasporto-delle-merci-pericolose-via-mare-2\/\"]}]},{\"@type\":\"ImageObject\",\"inLanguage\":\"it-IT\",\"@id\":\"https:\/\/eraclitea.it\/it\/prodotto\/imdg-code-41-2022-per-il-trasporto-delle-merci-pericolose-via-mare-2\/#primaryimage\",\"url\":\"https:\/\/eraclitea.it\/it\/wp-content\/uploads\/2021\/03\/IMDG-Code-39-2018-per-il-trasporto-delle-merci-pericolose-via-mare@2x-300x200-1.png\",\"contentUrl\":\"https:\/\/eraclitea.it\/it\/wp-content\/uploads\/2021\/03\/IMDG-Code-39-2018-per-il-trasporto-delle-merci-pericolose-via-mare@2x-300x200-1.png\",\"width\":300,\"height\":200},{\"@type\":\"BreadcrumbList\",\"@id\":\"https:\/\/eraclitea.it\/it\/prodotto\/imdg-code-41-2022-per-il-trasporto-delle-merci-pericolose-via-mare-2\/#breadcrumb\",\"itemListElement\":[{\"@type\":\"ListItem\",\"position\":1,\"name\":\"Home\",\"item\":\"https:\/\/eraclitea.it\/it\/\"},{\"@type\":\"ListItem\",\"position\":2,\"name\":\"Corsi\",\"item\":\"https:\/\/eraclitea.it\/it\/corsi\/\"},{\"@type\":\"ListItem\",\"position\":3,\"name\":\"IMDG Code 42-2024 per il trasporto delle merci pericolose via mare\"}]},{\"@type\":\"WebSite\",\"@id\":\"https:\/\/eraclitea.it\/it\/#website\",\"url\":\"https:\/\/eraclitea.it\/it\/\",\"name\":\"Accademia Eraclitea\",\"description\":\"Ente di Ricerca e di Alta Formazione Accreditato\",\"potentialAction\":[{\"@type\":\"SearchAction\",\"target\":{\"@type\":\"EntryPoint\",\"urlTemplate\":\"https:\/\/eraclitea.it\/it\/?s={search_term_string}\"},\"query-input\":{\"@type\":\"PropertyValueSpecification\",\"valueRequired\":true,\"valueName\":\"search_term_string\"}}],\"inLanguage\":\"it-IT\"}]}<\/script>\n<!-- \/ Yoast SEO plugin. -->","yoast_head_json":{"title":"IMDG Code 42-2024 per il trasporto delle merci pericolose via mare - Accademia Eraclitea","robots":{"index":"index","follow":"follow","max-snippet":"max-snippet:-1","max-image-preview":"max-image-preview:large","max-video-preview":"max-video-preview:-1"},"canonical":"https:\/\/eraclitea.it\/it\/prodotto\/imdg-code-41-2022-per-il-trasporto-delle-merci-pericolose-via-mare-2\/","og_locale":"it_IT","og_type":"article","og_title":"IMDG Code 42-2024 per il trasporto delle merci pericolose via mare - Accademia Eraclitea","og_description":"4 ore Dal 1 luglio 2025 dovr\u00e0 essere utilizzato il nuovo regolamento IMDG (International Maritime Dangerous Goods) 42:2024 per il trasporto di merci pericolose via mare detto regolamento dovr\u00e0 essere utilizzato al posto dell'IMDG CODE 41:2022.  &nbsp;","og_url":"https:\/\/eraclitea.it\/it\/prodotto\/imdg-code-41-2022-per-il-trasporto-delle-merci-pericolose-via-mare-2\/","og_site_name":"Accademia Eraclitea","article_modified_time":"2025-07-06T19:40:34+00:00","og_image":[{"width":300,"height":200,"url":"https:\/\/eraclitea.it\/it\/wp-content\/uploads\/2021\/03\/IMDG-Code-39-2018-per-il-trasporto-delle-merci-pericolose-via-mare@2x-300x200-1.png","type":"image\/png"}],"twitter_card":"summary_large_image","twitter_misc":{"Tempo di lettura stimato":"4 minuti"},"schema":{"@context":"https:\/\/schema.org","@graph":[{"@type":"WebPage","@id":"https:\/\/eraclitea.it\/it\/prodotto\/imdg-code-41-2022-per-il-trasporto-delle-merci-pericolose-via-mare-2\/","url":"https:\/\/eraclitea.it\/it\/prodotto\/imdg-code-41-2022-per-il-trasporto-delle-merci-pericolose-via-mare-2\/","name":"IMDG Code 42-2024 per il trasporto delle merci pericolose via mare - Accademia Eraclitea","isPartOf":{"@id":"https:\/\/eraclitea.it\/it\/#website"},"primaryImageOfPage":{"@id":"https:\/\/eraclitea.it\/it\/prodotto\/imdg-code-41-2022-per-il-trasporto-delle-merci-pericolose-via-mare-2\/#primaryimage"},"image":{"@id":"https:\/\/eraclitea.it\/it\/prodotto\/imdg-code-41-2022-per-il-trasporto-delle-merci-pericolose-via-mare-2\/#primaryimage"},"thumbnailUrl":"https:\/\/eraclitea.it\/it\/wp-content\/uploads\/2021\/03\/IMDG-Code-39-2018-per-il-trasporto-delle-merci-pericolose-via-mare@2x-300x200-1.png","datePublished":"2021-03-26T18:31:56+00:00","dateModified":"2025-07-06T19:40:34+00:00","breadcrumb":{"@id":"https:\/\/eraclitea.it\/it\/prodotto\/imdg-code-41-2022-per-il-trasporto-delle-merci-pericolose-via-mare-2\/#breadcrumb"},"inLanguage":"it-IT","potentialAction":[{"@type":"ReadAction","target":["https:\/\/eraclitea.it\/it\/prodotto\/imdg-code-41-2022-per-il-trasporto-delle-merci-pericolose-via-mare-2\/"]}]},{"@type":"ImageObject","inLanguage":"it-IT","@id":"https:\/\/eraclitea.it\/it\/prodotto\/imdg-code-41-2022-per-il-trasporto-delle-merci-pericolose-via-mare-2\/#primaryimage","url":"https:\/\/eraclitea.it\/it\/wp-content\/uploads\/2021\/03\/IMDG-Code-39-2018-per-il-trasporto-delle-merci-pericolose-via-mare@2x-300x200-1.png","contentUrl":"https:\/\/eraclitea.it\/it\/wp-content\/uploads\/2021\/03\/IMDG-Code-39-2018-per-il-trasporto-delle-merci-pericolose-via-mare@2x-300x200-1.png","width":300,"height":200},{"@type":"BreadcrumbList","@id":"https:\/\/eraclitea.it\/it\/prodotto\/imdg-code-41-2022-per-il-trasporto-delle-merci-pericolose-via-mare-2\/#breadcrumb","itemListElement":[{"@type":"ListItem","position":1,"name":"Home","item":"https:\/\/eraclitea.it\/it\/"},{"@type":"ListItem","position":2,"name":"Corsi","item":"https:\/\/eraclitea.it\/it\/corsi\/"},{"@type":"ListItem","position":3,"name":"IMDG Code 42-2024 per il trasporto delle merci pericolose via mare"}]},{"@type":"WebSite","@id":"https:\/\/eraclitea.it\/it\/#website","url":"https:\/\/eraclitea.it\/it\/","name":"Accademia Eraclitea","description":"Ente di Ricerca e di Alta Formazione Accreditato","potentialAction":[{"@type":"SearchAction","target":{"@type":"EntryPoint","urlTemplate":"https:\/\/eraclitea.it\/it\/?s={search_term_string}"},"query-input":{"@type":"PropertyValueSpecification","valueRequired":true,"valueName":"search_term_string"}}],"inLanguage":"it-IT"}]}},"jetpack_sharing_enabled":true,"_links":{"self":[{"href":"https:\/\/eraclitea.it\/it\/wp-json\/wp\/v2\/product\/4058","targetHints":{"allow":["GET"]}}],"collection":[{"href":"https:\/\/eraclitea.it\/it\/wp-json\/wp\/v2\/product"}],"about":[{"href":"https:\/\/eraclitea.it\/it\/wp-json\/wp\/v2\/types\/product"}],"replies":[{"embeddable":true,"href":"https:\/\/eraclitea.it\/it\/wp-json\/wp\/v2\/comments?post=4058"}],"wp:featuredmedia":[{"embeddable":true,"href":"https:\/\/eraclitea.it\/it\/wp-json\/wp\/v2\/media\/6621"}],"wp:attachment":[{"href":"https:\/\/eraclitea.it\/it\/wp-json\/wp\/v2\/media?parent=4058"}],"wp:term":[{"taxonomy":"product_brand","embeddable":true,"href":"https:\/\/eraclitea.it\/it\/wp-json\/wp\/v2\/product_brand?post=4058"},{"taxonomy":"product_cat","embeddable":true,"href":"https:\/\/eraclitea.it\/it\/wp-json\/wp\/v2\/product_cat?post=4058"},{"taxonomy":"product_tag","embeddable":true,"href":"https:\/\/eraclitea.it\/it\/wp-json\/wp\/v2\/product_tag?post=4058"}],"curies":[{"name":"wp","href":"https:\/\/api.w.org\/{rel}","templated":true}]}}