{"id":3990,"date":"2021-03-26T15:31:39","date_gmt":"2021-03-26T15:31:39","guid":{"rendered":"https:\/\/eraclitea.it\/eracliteait\/?post_type=product&#038;p=3990"},"modified":"2021-06-04T13:22:41","modified_gmt":"2021-06-04T13:22:41","slug":"tachigrafi-digitali-ed-analogici","status":"publish","type":"product","link":"https:\/\/eraclitea.it\/it\/prodotto\/tachigrafi-digitali-ed-analogici\/","title":{"rendered":"Tachigrafi digitali ed analogici"},"content":{"rendered":"<table style=\"border: 0px; height: 244px; width: 721px;\">\n<tbody>\n<tr>\n<td style=\"width: 38.75px;\"><a href=\"https:\/\/eraclitea.it\/it\/wp-content\/uploads\/2021\/01\/orolo2.png\"><img loading=\"lazy\" decoding=\"async\" class=\"alignnone wp-image-887 \" src=\"https:\/\/eraclitea.it\/it\/wp-content\/uploads\/2021\/03\/tempo.png\" alt=\"\" width=\"33\" height=\"33\" \/><\/a><\/td>\n<td style=\"width: 147.841px;\">\n<h4 class=\"et_pb_module_header\">Durata del corso:<\/h4>\n<\/td>\n<td style=\"width: 515.114px;\">8 ore<\/td>\n<\/tr>\n<tr>\n<td style=\"width: 38.75px;\"><a href=\"https:\/\/eraclitea.it\/it\/wp-content\/uploads\/2021\/03\/Tavola-da-disegno-\u2013-13.png\"><img loading=\"lazy\" decoding=\"async\" class=\"alignnone wp-image-3710 \" src=\"https:\/\/eraclitea.it\/it\/wp-content\/uploads\/2021\/03\/Tavola-da-disegno-\u2013-13-300x300.png\" alt=\"\" width=\"39\" height=\"39\" srcset=\"https:\/\/eraclitea.it\/it\/wp-content\/uploads\/2021\/03\/Tavola-da-disegno-\u2013-13-300x300.png 300w, https:\/\/eraclitea.it\/it\/wp-content\/uploads\/2021\/03\/Tavola-da-disegno-\u2013-13-150x150.png 150w, https:\/\/eraclitea.it\/it\/wp-content\/uploads\/2021\/03\/Tavola-da-disegno-\u2013-13-100x100.png 100w, https:\/\/eraclitea.it\/it\/wp-content\/uploads\/2021\/03\/Tavola-da-disegno-\u2013-13-64x64.png 64w, https:\/\/eraclitea.it\/it\/wp-content\/uploads\/2021\/03\/Tavola-da-disegno-\u2013-13.png 400w\" sizes=\"(max-width: 39px) 100vw, 39px\" \/><\/a><\/td>\n<td style=\"width: 147.841px;\">\n<h4>N. Partecipanti:<\/h4>\n<\/td>\n<td style=\"width: 515.114px;\">Max 30<\/td>\n<\/tr>\n<tr>\n<td style=\"width: 38.75px;\"><a href=\"https:\/\/eraclitea.it\/it\/wp-content\/uploads\/2021\/04\/Tavola-da-disegno-\u2013-13-2.png\"><img loading=\"lazy\" decoding=\"async\" class=\"alignnone size-medium wp-image-5967\" src=\"https:\/\/eraclitea.it\/it\/wp-content\/uploads\/2021\/04\/Tavola-da-disegno-\u2013-13-2-300x300.png\" alt=\"\" width=\"300\" height=\"300\" \/><\/a><\/td>\n<td style=\"width: 147.841px;\">\n<h4>A chi \u00e8 rivolto:<\/h4>\n<\/td>\n<td style=\"width: 515.114px;\">Conducenti professionali<\/td>\n<\/tr>\n<\/tbody>\n<\/table>\n<p>&nbsp;<\/p>\n<p>&nbsp;<\/p>\n<h3><span style=\"color: #333333; font-size: 26px;\">Obiettivo del corso<\/span><\/h3>\n<div><strong>Corso di formazione obbligatorio sul buon funzionamento\u00a0dei tachigrafi digitali ed analogici <\/strong><\/div>\n<div>(Decreto del Ministero dei Trasporti del 12 dicembre 2016)<\/div>\n<p>Assolvimento dell&#8217;obbligo formativo previsto dalla normativa vigente in materia.<\/p>\n<p>I partecipanti acquisiranno le conoscenze e le capacit\u00e0 necessarie a garantire la corretta applicazione delle normative sui tempi di guida, riposo e lavoro. La chiave di lettura \u00e8 quella della professionalizzazione dei conducenti, per garantire che alla corretta applicazione delle norme corrisponda il pi\u00f9 alto livello possibile di operativit\u00e0 e redditivit\u00e0 per l&#8217;azienda vettore, passando per un adeguato incremento dei livelli di sicurezza.<\/p>\n<h3><\/h3>\n<h3>Normativa<\/h3>\n<ul>\n<li>Regolamento CE 561\/2006<\/li>\n<li>Regolamento UE 165\/2014<\/li>\n<li>Decreto del Ministero dei Trasporti del 12 dicembre 2016 &#8220;Disposizioni in materia di corsi di formazione sul buon funzionamento dei tachigrafi digitali ed analogici e in materia di istruzione dei conducenti e di controllo sulle attivit\u00e0 degli stessi.<\/li>\n<li>Nuovo Codice della Strada, art. 174, comma\u00a014.<\/li>\n<\/ul>\n<h2><\/h2>\n<h3>Sanzioni<\/h3>\n<p>Ai sensi della art. 174, comma\u00a014, del Nuovo Codice della Strada, l&#8217;impresa che nell&#8217;esecuzione\u00a0 dei\u00a0 trasporti\u00a0 non\u00a0 osserva\u00a0 le disposizioni contenute nel regolamento (CE) n. 561\/2006,\u00a0 ovvero\u00a0 non tiene i\u00a0 documenti\u00a0 prescritti\u00a0 o\u00a0 li\u00a0 tiene\u00a0 scaduti,\u00a0 incompleti\u00a0 o alterati, e&#8217; soggetta alla sanzione amministrativa del\u00a0 pagamento\u00a0 di una somma da euro 324\u00a0a euro 1.294 \u00a0per\u00a0 ciascun\u00a0 dipendente\u00a0 cui\u00a0 la violazione si riferisce, fatta salva\u00a0 l&#8217;applicazione\u00a0 delle\u00a0 sanzioni previste dalla legge penale ove il fatto costituisca reato.<\/p>\n<p>&nbsp;<\/p>\n<h3>Programma Corso<\/h3>\n<div class='et-learn-more clearfix'>\n\t\t\t\t\t<h3 class='heading-more'>MODULO  FORMATIVO<span class='et_learnmore_arrow'><span><\/span><\/span><\/h3>\n\t\t\t\t\t<div class='learn-more-content'><ul>\n<li>Evoluzione della normativa dal regolamento (CEE) n. 1463\/70 al\u00a0regolamento (UE) n. 165\/2014.<\/li>\n<li>Brevi cenni delle normative che hanno regolato e che regolamentano l&#8217;uso del tachigrafo e ne disciplinano le caratteristiche costruttive con particolare attenzione ai pi\u00f9 recenti regolamenti (CEE) n. 3821\/85 e (UE) n. 164\/15.<\/li>\n<li>Obbligo\u00a0dell&#8217;uso del tachigrafo. Esenzioni.<\/li>\n<li>Brevi cenni sul regolamento (CE) n. 561\/06. Disciplina dei\u00a0tempi di guida e di riposo \u2010 Esenzioni \u2010 Certificazioni \u2010 Deroghe.<\/li>\n<li>Evoluzione tecnologica: dall&#8217;analogico al digitale.\u00a0Descrizione delle tipologie meccaniche degli strumenti. Avvento del tachigrafo digitale.<\/li>\n<li>Uso del tachigrafo analogico. Descrizione dell&#8217;apparecchio e\u00a0del foglio di registrazione (disco) e loro corretto uso.<\/li>\n<li>Uso del tachigrafo digitale. Modelli, tipologie e descrizione\u00a0della struttura dell&#8217;impianto del tachigrafo digitale.<\/li>\n<li>Le carte tachigrafiche: descrizione dei vari tipi di carte e\u00a0loro corretto uso.<\/li>\n<li>Caratteristiche e funzionalit\u00e0 del tachigrafo digitale.<\/li>\n<li>Lettura ed interpretazione delle stampe e dei pittogrammi del\u00a0tachigrafo digitale.<\/li>\n<li>Attivit\u00e0 con simulatore di casi reali con strumenti adeguati per la pratica delle competenze acquisite.<\/li>\n<li>Responsabilit\u00e0 amministrativa e penale a carico dei soggetti che circolano o mettono in circolazione veicoli sprovvisti di tachigrafo ovvero con tachigrafo manomesso o non funzionante.<\/li>\n<\/ul><\/div>\n\t\t\t\t<\/div>\n<div class='et-learn-more clearfix'>\n\t\t\t\t\t<h3 class='heading-more'>TEST FINALE <span class='et_learnmore_arrow'><span><\/span><\/span><\/h3>\n\t\t\t\t\t<div class='learn-more-content'><ul>\n<li>Test e prove di verifica.<\/li>\n<\/ul><\/div>\n\t\t\t\t<\/div>\n<h2><\/h2>\n<h3>Certificazione<\/h3>\n<p>Al termine del corso verr\u00e0 rilasciato il certificato individuale di partecipazione al corso, conforme al modello individuato dal Decreto del Ministero dei Trasporti del 12 dicembre 2016, che ha validit\u00e0 per un periodo di cinque anni dalla data della sua emissione.<\/p>\n<p>&nbsp;<\/p>\n<p>&nbsp;<\/p>\n<p>&nbsp;<\/p>\n<p><code><\/code><\/p>\n","protected":false},"excerpt":{"rendered":"<h4>8 ore<\/h4>\n<p>Corso di formazione obbligatorio sul buon funzionamento\u00a0dei tachigrafi digitali ed analogici<\/p>\n","protected":false},"featured_media":5097,"comment_status":"open","ping_status":"closed","template":"","meta":{"_et_pb_use_builder":"off","_et_pb_old_content":"OBIETTIVI DEL CORSO\r\n\r\nIl corso di qualifica per Operatore Socio Sanitario \u00e8 volto a formare operatori in grado di intervenire nelle situazioni caratterizzate da mancanza temporanea e\/o permanente di autonomia psicofisica. Grazie alla formazione teorico-pratica e al tirocinio pratico, gli allievi avranno l\u2019opportunit\u00e0 di sviluppare competenze professionali volte a:\r\n<ul>\r\n \t<li>identificare, classificare ed interpretare le problematiche delle diverse tipologie di utenze (minori, anziani, persone con disabilit\u00e0, pazienti oncologici);<\/li>\r\n \t<li>conoscere l\u2019organizzazione dei servizi sociali e sanitari; acquisire elementi di igiene e prevenzione e di anatomia, fisiologia e dietetica;<\/li>\r\n \t<li>identificare gli elementi necessari alla pianificazione dell\u2019assistenza e applicare le conoscenze acquisite per mantenere un ambiente terapeutico adeguato alla cura della persona e per applicare le diverse metodologie operative di carattere sanitario sugli assistiti.<\/li>\r\n<\/ul>\r\nIL CORSO E\u2019 ACCREDITATO DALLA REGIONE SICILIANA, ASSESSORATO ALLA SALUTE, AI SENSI DEL DECRETO DEL 12 AGOSTO 2020 (GURS N. 45\/2020) e ACCORDO STATO REGIONI DEL 22 FEBBRAIO 2001.\r\n\r\nPROGRAMMA \u2013 le materie di insegnamento sono articolate nelle seguenti aree disciplinari","_et_gb_content_width":"","_joinchat":[]},"product_brand":[],"product_cat":[51],"product_tag":[],"class_list":{"0":"post-3990","1":"product","2":"type-product","3":"status-publish","4":"has-post-thumbnail","6":"product_cat-trasporti-autotrasporto","8":"first","9":"instock","10":"shipping-taxable","11":"product-type-simple"},"yoast_head":"<!-- This site is optimized with the Yoast SEO plugin v27.0 - https:\/\/yoast.com\/product\/yoast-seo-wordpress\/ -->\n<title>Tachigrafi digitali ed analogici - Accademia Eraclitea<\/title>\n<meta name=\"robots\" content=\"index, follow, max-snippet:-1, max-image-preview:large, max-video-preview:-1\" \/>\n<link rel=\"canonical\" href=\"https:\/\/eraclitea.it\/it\/prodotto\/tachigrafi-digitali-ed-analogici\/\" \/>\n<meta property=\"og:locale\" content=\"it_IT\" \/>\n<meta property=\"og:type\" content=\"article\" \/>\n<meta property=\"og:title\" content=\"Tachigrafi digitali ed analogici - Accademia Eraclitea\" \/>\n<meta property=\"og:description\" content=\"8 ore Corso di formazione obbligatorio sul buon funzionamento\u00a0dei tachigrafi digitali ed analogici\" \/>\n<meta property=\"og:url\" content=\"https:\/\/eraclitea.it\/it\/prodotto\/tachigrafi-digitali-ed-analogici\/\" \/>\n<meta property=\"og:site_name\" content=\"Accademia Eraclitea\" \/>\n<meta property=\"article:modified_time\" content=\"2021-06-04T13:22:41+00:00\" \/>\n<meta property=\"og:image\" content=\"https:\/\/eraclitea.it\/it\/wp-content\/uploads\/2021\/03\/tachigrafo-digitale@2x.png\" \/>\n\t<meta property=\"og:image:width\" content=\"350\" \/>\n\t<meta property=\"og:image:height\" content=\"200\" \/>\n\t<meta property=\"og:image:type\" content=\"image\/png\" \/>\n<meta name=\"twitter:card\" content=\"summary_large_image\" \/>\n<meta name=\"twitter:label1\" content=\"Tempo di lettura stimato\" \/>\n\t<meta name=\"twitter:data1\" content=\"3 minuti\" \/>\n<script type=\"application\/ld+json\" class=\"yoast-schema-graph\">{\"@context\":\"https:\/\/schema.org\",\"@graph\":[{\"@type\":\"WebPage\",\"@id\":\"https:\/\/eraclitea.it\/it\/prodotto\/tachigrafi-digitali-ed-analogici\/\",\"url\":\"https:\/\/eraclitea.it\/it\/prodotto\/tachigrafi-digitali-ed-analogici\/\",\"name\":\"Tachigrafi digitali ed analogici - Accademia Eraclitea\",\"isPartOf\":{\"@id\":\"https:\/\/eraclitea.it\/it\/#website\"},\"primaryImageOfPage\":{\"@id\":\"https:\/\/eraclitea.it\/it\/prodotto\/tachigrafi-digitali-ed-analogici\/#primaryimage\"},\"image\":{\"@id\":\"https:\/\/eraclitea.it\/it\/prodotto\/tachigrafi-digitali-ed-analogici\/#primaryimage\"},\"thumbnailUrl\":\"https:\/\/eraclitea.it\/it\/wp-content\/uploads\/2021\/03\/tachigrafo-digitale@2x.png\",\"datePublished\":\"2021-03-26T15:31:39+00:00\",\"dateModified\":\"2021-06-04T13:22:41+00:00\",\"breadcrumb\":{\"@id\":\"https:\/\/eraclitea.it\/it\/prodotto\/tachigrafi-digitali-ed-analogici\/#breadcrumb\"},\"inLanguage\":\"it-IT\",\"potentialAction\":[{\"@type\":\"ReadAction\",\"target\":[\"https:\/\/eraclitea.it\/it\/prodotto\/tachigrafi-digitali-ed-analogici\/\"]}]},{\"@type\":\"ImageObject\",\"inLanguage\":\"it-IT\",\"@id\":\"https:\/\/eraclitea.it\/it\/prodotto\/tachigrafi-digitali-ed-analogici\/#primaryimage\",\"url\":\"https:\/\/eraclitea.it\/it\/wp-content\/uploads\/2021\/03\/tachigrafo-digitale@2x.png\",\"contentUrl\":\"https:\/\/eraclitea.it\/it\/wp-content\/uploads\/2021\/03\/tachigrafo-digitale@2x.png\",\"width\":350,\"height\":200},{\"@type\":\"BreadcrumbList\",\"@id\":\"https:\/\/eraclitea.it\/it\/prodotto\/tachigrafi-digitali-ed-analogici\/#breadcrumb\",\"itemListElement\":[{\"@type\":\"ListItem\",\"position\":1,\"name\":\"Home\",\"item\":\"https:\/\/eraclitea.it\/it\/\"},{\"@type\":\"ListItem\",\"position\":2,\"name\":\"Corsi\",\"item\":\"https:\/\/eraclitea.it\/it\/corsi\/\"},{\"@type\":\"ListItem\",\"position\":3,\"name\":\"Tachigrafi digitali ed analogici\"}]},{\"@type\":\"WebSite\",\"@id\":\"https:\/\/eraclitea.it\/it\/#website\",\"url\":\"https:\/\/eraclitea.it\/it\/\",\"name\":\"Accademia Eraclitea\",\"description\":\"Ente di Ricerca e di Alta Formazione Accreditato\",\"potentialAction\":[{\"@type\":\"SearchAction\",\"target\":{\"@type\":\"EntryPoint\",\"urlTemplate\":\"https:\/\/eraclitea.it\/it\/?s={search_term_string}\"},\"query-input\":{\"@type\":\"PropertyValueSpecification\",\"valueRequired\":true,\"valueName\":\"search_term_string\"}}],\"inLanguage\":\"it-IT\"}]}<\/script>\n<!-- \/ Yoast SEO plugin. -->","yoast_head_json":{"title":"Tachigrafi digitali ed analogici - Accademia Eraclitea","robots":{"index":"index","follow":"follow","max-snippet":"max-snippet:-1","max-image-preview":"max-image-preview:large","max-video-preview":"max-video-preview:-1"},"canonical":"https:\/\/eraclitea.it\/it\/prodotto\/tachigrafi-digitali-ed-analogici\/","og_locale":"it_IT","og_type":"article","og_title":"Tachigrafi digitali ed analogici - Accademia Eraclitea","og_description":"8 ore Corso di formazione obbligatorio sul buon funzionamento\u00a0dei tachigrafi digitali ed analogici","og_url":"https:\/\/eraclitea.it\/it\/prodotto\/tachigrafi-digitali-ed-analogici\/","og_site_name":"Accademia Eraclitea","article_modified_time":"2021-06-04T13:22:41+00:00","og_image":[{"width":350,"height":200,"url":"https:\/\/eraclitea.it\/it\/wp-content\/uploads\/2021\/03\/tachigrafo-digitale@2x.png","type":"image\/png"}],"twitter_card":"summary_large_image","twitter_misc":{"Tempo di lettura stimato":"3 minuti"},"schema":{"@context":"https:\/\/schema.org","@graph":[{"@type":"WebPage","@id":"https:\/\/eraclitea.it\/it\/prodotto\/tachigrafi-digitali-ed-analogici\/","url":"https:\/\/eraclitea.it\/it\/prodotto\/tachigrafi-digitali-ed-analogici\/","name":"Tachigrafi digitali ed analogici - Accademia Eraclitea","isPartOf":{"@id":"https:\/\/eraclitea.it\/it\/#website"},"primaryImageOfPage":{"@id":"https:\/\/eraclitea.it\/it\/prodotto\/tachigrafi-digitali-ed-analogici\/#primaryimage"},"image":{"@id":"https:\/\/eraclitea.it\/it\/prodotto\/tachigrafi-digitali-ed-analogici\/#primaryimage"},"thumbnailUrl":"https:\/\/eraclitea.it\/it\/wp-content\/uploads\/2021\/03\/tachigrafo-digitale@2x.png","datePublished":"2021-03-26T15:31:39+00:00","dateModified":"2021-06-04T13:22:41+00:00","breadcrumb":{"@id":"https:\/\/eraclitea.it\/it\/prodotto\/tachigrafi-digitali-ed-analogici\/#breadcrumb"},"inLanguage":"it-IT","potentialAction":[{"@type":"ReadAction","target":["https:\/\/eraclitea.it\/it\/prodotto\/tachigrafi-digitali-ed-analogici\/"]}]},{"@type":"ImageObject","inLanguage":"it-IT","@id":"https:\/\/eraclitea.it\/it\/prodotto\/tachigrafi-digitali-ed-analogici\/#primaryimage","url":"https:\/\/eraclitea.it\/it\/wp-content\/uploads\/2021\/03\/tachigrafo-digitale@2x.png","contentUrl":"https:\/\/eraclitea.it\/it\/wp-content\/uploads\/2021\/03\/tachigrafo-digitale@2x.png","width":350,"height":200},{"@type":"BreadcrumbList","@id":"https:\/\/eraclitea.it\/it\/prodotto\/tachigrafi-digitali-ed-analogici\/#breadcrumb","itemListElement":[{"@type":"ListItem","position":1,"name":"Home","item":"https:\/\/eraclitea.it\/it\/"},{"@type":"ListItem","position":2,"name":"Corsi","item":"https:\/\/eraclitea.it\/it\/corsi\/"},{"@type":"ListItem","position":3,"name":"Tachigrafi digitali ed analogici"}]},{"@type":"WebSite","@id":"https:\/\/eraclitea.it\/it\/#website","url":"https:\/\/eraclitea.it\/it\/","name":"Accademia Eraclitea","description":"Ente di Ricerca e di Alta Formazione Accreditato","potentialAction":[{"@type":"SearchAction","target":{"@type":"EntryPoint","urlTemplate":"https:\/\/eraclitea.it\/it\/?s={search_term_string}"},"query-input":{"@type":"PropertyValueSpecification","valueRequired":true,"valueName":"search_term_string"}}],"inLanguage":"it-IT"}]}},"jetpack_sharing_enabled":true,"_links":{"self":[{"href":"https:\/\/eraclitea.it\/it\/wp-json\/wp\/v2\/product\/3990","targetHints":{"allow":["GET"]}}],"collection":[{"href":"https:\/\/eraclitea.it\/it\/wp-json\/wp\/v2\/product"}],"about":[{"href":"https:\/\/eraclitea.it\/it\/wp-json\/wp\/v2\/types\/product"}],"replies":[{"embeddable":true,"href":"https:\/\/eraclitea.it\/it\/wp-json\/wp\/v2\/comments?post=3990"}],"wp:featuredmedia":[{"embeddable":true,"href":"https:\/\/eraclitea.it\/it\/wp-json\/wp\/v2\/media\/5097"}],"wp:attachment":[{"href":"https:\/\/eraclitea.it\/it\/wp-json\/wp\/v2\/media?parent=3990"}],"wp:term":[{"taxonomy":"product_brand","embeddable":true,"href":"https:\/\/eraclitea.it\/it\/wp-json\/wp\/v2\/product_brand?post=3990"},{"taxonomy":"product_cat","embeddable":true,"href":"https:\/\/eraclitea.it\/it\/wp-json\/wp\/v2\/product_cat?post=3990"},{"taxonomy":"product_tag","embeddable":true,"href":"https:\/\/eraclitea.it\/it\/wp-json\/wp\/v2\/product_tag?post=3990"}],"curies":[{"name":"wp","href":"https:\/\/api.w.org\/{rel}","templated":true}]}}