{"id":3988,"date":"2021-03-26T15:19:17","date_gmt":"2021-03-26T15:19:17","guid":{"rendered":"https:\/\/eraclitea.it\/eracliteait\/?post_type=product&#038;p=3988"},"modified":"2021-05-25T13:53:23","modified_gmt":"2021-05-25T13:53:23","slug":"conduzione-di-pompe-per-calcestruzzo","status":"publish","type":"product","link":"https:\/\/eraclitea.it\/it\/prodotto\/conduzione-di-pompe-per-calcestruzzo\/","title":{"rendered":"Conduzione di pompe per calcestruzzo"},"content":{"rendered":"<table style=\"border: 0px; height: 244px; width: 721px;\">\n<tbody>\n<tr>\n<td style=\"width: 38px;\"><a href=\"https:\/\/eraclitea.it\/it\/wp-content\/uploads\/2021\/01\/orolo2.png\"><img loading=\"lazy\" decoding=\"async\" class=\"alignnone wp-image-887 \" src=\"https:\/\/eraclitea.it\/it\/wp-content\/uploads\/2021\/03\/tempo.png\" alt=\"\" width=\"33\" height=\"33\" \/><\/a><\/td>\n<td style=\"width: 147px;\">\n<h4 class=\"et_pb_module_header\">Durata del corso:<\/h4>\n<\/td>\n<td style=\"width: 516px;\">14 ore<\/td>\n<\/tr>\n<tr>\n<td style=\"width: 38px;\"><a href=\"https:\/\/eraclitea.it\/it\/wp-content\/uploads\/2021\/03\/Tavola-da-disegno-\u2013-13.png\"><img loading=\"lazy\" decoding=\"async\" class=\"alignnone wp-image-3710 \" src=\"https:\/\/eraclitea.it\/it\/wp-content\/uploads\/2021\/03\/Tavola-da-disegno-\u2013-13-300x300.png\" alt=\"\" width=\"39\" height=\"39\" srcset=\"https:\/\/eraclitea.it\/it\/wp-content\/uploads\/2021\/03\/Tavola-da-disegno-\u2013-13-300x300.png 300w, https:\/\/eraclitea.it\/it\/wp-content\/uploads\/2021\/03\/Tavola-da-disegno-\u2013-13-150x150.png 150w, https:\/\/eraclitea.it\/it\/wp-content\/uploads\/2021\/03\/Tavola-da-disegno-\u2013-13-100x100.png 100w, https:\/\/eraclitea.it\/it\/wp-content\/uploads\/2021\/03\/Tavola-da-disegno-\u2013-13-64x64.png 64w, https:\/\/eraclitea.it\/it\/wp-content\/uploads\/2021\/03\/Tavola-da-disegno-\u2013-13.png 400w\" sizes=\"(max-width: 39px) 100vw, 39px\" \/><\/a><\/td>\n<td style=\"width: 147px;\">\n<h4>N. Partecipanti:<\/h4>\n<\/td>\n<td style=\"width: 516px;\"><\/td>\n<\/tr>\n<tr>\n<td style=\"width: 38px;\"><a href=\"https:\/\/eraclitea.it\/it\/wp-content\/uploads\/2021\/04\/Tavola-da-disegno-\u2013-13-2.png\"><img loading=\"lazy\" decoding=\"async\" class=\"alignnone size-medium wp-image-5967\" src=\"https:\/\/eraclitea.it\/it\/wp-content\/uploads\/2021\/04\/Tavola-da-disegno-\u2013-13-2-300x300.png\" alt=\"\" width=\"300\" height=\"300\" \/><\/a><\/td>\n<td style=\"width: 147px;\">\n<h4>A chi \u00e8 rivolto:<\/h4>\n<\/td>\n<td style=\"width: 516px;\">Operatori addetti alla conduzione di pompe per calcestruzzo.<\/td>\n<\/tr>\n<\/tbody>\n<\/table>\n<p>&nbsp;<\/p>\n<div class=\"et_pb_module et_pb_blurb et_pb_blurb_1_tb_body et_pb_text_align_left et_pb_blurb_position_left et_pb_bg_layout_light\">\n<\/div>\n<h3>Obiettivo del corso<\/h3>\n<p>Trasferimento delle capacit\u00e0 e conoscenze per un corretto e sicuro uso di pompe per calcestruzzo.<\/p>\n<p>Accordo ai sensi dell&#8217;art. 4 del decreto legislativo 28 agosto 1997, n. 281, tra il Governo, le Regioni e le Province autonome di Trento e Bolzano concernente l&#8217;individuazione delle attrezzature di lavoro per le quali e&#8217; richiesta una specifica abilitazione degli operatori, nonche&#8217; le modalita&#8217; per il riconoscimento di tale abilitazione, i soggetti formatori, la durata, gli indirizzi ed i requisiti minimi di validita&#8217; della formazione, in attuazione dell&#8217;art. 73, comma 5, del decreto legislativo 9 aprile 2008, n. 81 e successive modifiche e integrazioni.<\/p>\n<p>Il presente accordo costituisce attuazione dell&#8217;articolo 73, comma 5, D.lgs. n. 81\/08, ove si demanda alla Conferenza Stato, Regioni e Province autonome l&#8217;individuazione delle attrezzature di lavoro per le quali \u00e8 richiesta una specifica abilitazione degli operatori.<\/p>\n<p>&nbsp;<\/p>\n<h3>Programma Corso<\/h3>\n<div class='et-learn-more clearfix'>\n\t\t\t\t\t<h3 class='heading-more'>MODULO GIURIDICO NORMATIVO (1 ORA)<span class='et_learnmore_arrow'><span><\/span><\/span><\/h3>\n\t\t\t\t\t<div class='learn-more-content'><ul>\n<li>Presentazione del corso.<\/li>\n<li>Cenni di normativa generale in materia di igiene e sicurezza del lavoro con particolare riferimento ai lavori relativi ai cantieri temporanei o mobili (D.Lgs. n. 81\/2008).<\/li>\n<li>Responsabilit\u00e0 dell&#8217;operatore.<\/li>\n<\/ul><\/div>\n\t\t\t\t<\/div>\n<div class='et-learn-more clearfix'>\n\t\t\t\t\t<h3 class='heading-more'>MODULO TEORICO (6 ORE) <span class='et_learnmore_arrow'><span><\/span><\/span><\/h3>\n\t\t\t\t\t<div class='learn-more-content'><ul>\n<li>Categorie di pompe: i vari tipi di pompe e descrizione delle caratteristiche generali e specifiche.<\/li>\n<li>Componenti strutturali: sistemi di stabilizzazione, livellamento, telaio.<\/li>\n<li>Dispositivi di comando e di sicurezza: individuazione dei dispositivi di comando e loro funzionamento, individuazione dei dispositivi di sicurezza e loro funzione.<\/li>\n<li>Controlli da effettuare prima dell&#8217;utilizzo: controlli visivi e funzionali, dei dispositivi di comando, di segnalazione e di sicurezza previsti dal costruttore nel manuale di istruzioni.<\/li>\n<li>Modalit\u00e0 di utilizzo in sicurezza e rischi: analisi e valutazione dei rischi pi\u00f9 ricorrenti nell&#8217;utilizzo delle pompe (rischi di elettrocuzione, rischi ambientali, rischi dovuti ad urti e cadute a livello, rischio di schiacciamento, ecc.). Spostamento e traslazione, posizionamento e stabilizzazione, azionamenti e manovre, parcheggio in modo sicuro a fine lavoro.<\/li>\n<li>Partenza dalla centrale di betonaggio, trasporto su strada, accesso al cantiere: caratteristiche tecniche dei mezzo; controlli preliminari alla partenza; modalit\u00e0 di salita sui mezzo; norme di comportamento sulla viabilit\u00e0 ordinaria; norme di comportamento nell&#8217;accesso e transito in sicurezza in cantiere; DPI da utilizzare.<\/li>\n<li>Norme di comportamento per le operazioni preliminari allo scarico: controlli su tubazioni e giunti; piazzamento e stabilizzazione del mezzo mediante stabilizzatori laterali e bolla di livello; sistemazione delle piastre ripartitrici; controllo di idoneit\u00e0 del sito di scarico calcestruzzo.<\/li>\n<li>Norme di comportamento per lo scarico del calcestruzzo; precauzioni da adottare per il pompaggio in presenza di linee elettriche, pompaggio in prossimit\u00e0 di vie di traffico; movimentazione del braccio della pompa mediante radiocomando; inizio del pompaggio; pompaggio del calcestruzzo.<\/li>\n<li>Pulizia del mezzo: lavaggio tubazione braccio pompa, lavaggio corpo pompa.<\/li>\n<li>Manutenzione straordinaria della pompa: verifica delle tubazioni di mandata, del sistema di pompaggio e della tramoggia.<\/li>\n<\/ul><\/div>\n\t\t\t\t<\/div>\n<div class='et-learn-more clearfix'>\n\t\t\t\t\t<h3 class='heading-more'>MODULO PRATICO (7 ORE) <span class='et_learnmore_arrow'><span><\/span><\/span><\/h3>\n\t\t\t\t\t<div class='learn-more-content'><ul>\n<li>Individuazione dei componenti strutturali: sistemi di stabilizzazione, livellamento, telaio, sistemi di collegamento.<\/li>\n<li>Dispositivi di comando e di sicurezza: identificazione dei dispositivi di comando e loro funzionamento, identificazione dei dispositivi di sicurezza e loro funzione.<\/li>\n<li>Controlli pre-utilizzo: controlli visivi e funzionali della pompa, dei dispositivi di comando, di segnalazione e di sicurezza previsti dal costruttore nel manuale di istruzioni della pompa.<\/li>\n<li>Controlli preliminari alla partenza: pneumatici, perdite olio, bloccaggio terminale in gomma, bloccaggio stabilizzatori, bloccaggio sezioni del braccio della pompa.<\/li>\n<li>Pianificazione del percorso: pendenze, accesso, ostacoli sul percorso e in quota, condizioni del terreno.<\/li>\n<li>Norme di comportamento sulla viabilit\u00e0 ordinaria.<\/li>\n<li>Controllo idoneit\u00e0 sito di scarico calcestruzzo: costatazione di presenza di terreno cedevole, dell&#8217;idoneit\u00e0 della distanza da eventuali scavi, idoneit\u00e0 pendenza terreno.<\/li>\n<li>Posizionamento e stabilizzazione del mezzo: delimitazione dell&#8217;area di lavoro, segnaletica da predisporre su strade pubbliche, piazzamento mediante stabilizzatori laterali e bolla di livello in modalit\u00e0 standard e con appoggio supplementare per terreno di modesta portanza.<\/li>\n<li>Sistemazione delle piastre ripartitrici.<\/li>\n<li>Modalit\u00e0 di salita e discesa dal mezzo.<\/li>\n<li>Esercitazioni di pratiche operative: effettuazione di esercitazioni osservando le procedure operative di sicurezza. Simulazioni di movimentazioni della pompa in quota.<\/li>\n<li>Controlli preliminari allo scarico\/distribuzione del calcestruzzo su tubazioni e giunti.<\/li>\n<li>Apertura del braccio della pompa mediante radiocomando: precauzioni da adottare.<\/li>\n<li>Movimentazione del braccio della pompa mediante radiocomando per raggiungere il sito di scarico (simulazione per scarico in parete e pilastro).<\/li>\n<li>Simulazione scarico\/distribuzione calcestruzzo in presenza di linee elettriche, in prossimit\u00e0 di vie di traffico: precauzioni da adottare.<\/li>\n<li>Inizio della pompata: simulazione metodologia di sblocco dell&#8217;intasamento della pompa in fase di partenza.<\/li>\n<li>Pompaggio del calcestruzzo: precauzioni da adottare.<\/li>\n<li>Chiusura braccio: precauzioni da adottare.<\/li>\n<li>Pulizia ordinaria del mezzo al termine dello scarico: lavaggio tubazione braccio pompa, lavaggio corpo pompa, riassetto finale.<\/li>\n<li>Manutenzione straordinaria della pompa: verifica delle tubazioni di mandata, del sistema di pompaggio e della tramoggia.<\/li>\n<li>Messa a riposo della pompa a fine lavoro: parcheggio in area idonea, precauzioni contro l&#8217;utilizzo non autorizzato.<\/li>\n<\/ul><\/div>\n\t\t\t\t<\/div>\n<div class='et-learn-more clearfix'>\n\t\t\t\t\t<h3 class='heading-more'>VERIFICA FINALE <span class='et_learnmore_arrow'><span><\/span><\/span><\/h3>\n\t\t\t\t\t<div class='learn-more-content'><ul>\n<li>AI termine dei due moduli teorici (al di fuori dei tempi previsti per i moduli teorici) si svolger\u00e0 una prova intermedia di verifica consistente in un questionario a risposta multipla.<\/li>\n<li>Il superamento della prova, che si intende superata con almeno il 70% delle risposte esatte, consentir\u00e0 il passaggio al modulo pratico. Il mancato superamento della prova comporta la ripetizione dei due moduli.<\/li>\n<li>Al termine del modulo pratico (al di fuori dei tempi previsti per il modulo pratico) avr\u00e0 luogo una prova pratica di verifica finale.<\/li>\n<li>Tutte le prove pratiche devono essere superate.<\/li>\n<li>ll mancato superamento della prova di verifica finale comporta l&#8217;obbligo di ripetere il modulo pratico.<\/li>\n<li>L&#8217;esito positivo delle prove di verifica intermedia e finale, unitamente a una presenza pari ad almeno il 90% del monte ore, consente il rilascio, al termine del percorso formativo, dell&#8217;attestato di abilitazione.<\/li>\n<\/ul><\/div>\n\t\t\t\t<\/div>\n<p>&nbsp;<\/p>\n<h3>Certificazione<\/h3>\n<p>L&#8217;esito positivo delle prove di verifica intermedia e finale, unitamente a una presenza pari ad almeno il 90% del monte ore, consente il rilascio, al termine del percorso formativo, dell&#8217;attestato di abilitazione.<\/p>\n<p>&nbsp;<\/p>\n<p>&nbsp;<\/p>\n<p>&nbsp;<\/p>\n<p><code><\/code><\/p>\n","protected":false},"excerpt":{"rendered":"<h4>14 ore<\/h4>\n<p>Trasferimento delle capacit\u00e0 e conoscenze per un corretto e sicuro uso di pompe per calcestruzzo.<\/p>\n<p>&nbsp;<\/p>\n","protected":false},"featured_media":5080,"comment_status":"open","ping_status":"closed","template":"","meta":{"_et_pb_use_builder":"off","_et_pb_old_content":"OBIETTIVI DEL CORSO\r\n\r\nIl corso di qualifica per Operatore Socio Sanitario \u00e8 volto a formare operatori in grado di intervenire nelle situazioni caratterizzate da mancanza temporanea e\/o permanente di autonomia psicofisica. Grazie alla formazione teorico-pratica e al tirocinio pratico, gli allievi avranno l\u2019opportunit\u00e0 di sviluppare competenze professionali volte a:\r\n<ul>\r\n \t<li>identificare, classificare ed interpretare le problematiche delle diverse tipologie di utenze (minori, anziani, persone con disabilit\u00e0, pazienti oncologici);<\/li>\r\n \t<li>conoscere l\u2019organizzazione dei servizi sociali e sanitari; acquisire elementi di igiene e prevenzione e di anatomia, fisiologia e dietetica;<\/li>\r\n \t<li>identificare gli elementi necessari alla pianificazione dell\u2019assistenza e applicare le conoscenze acquisite per mantenere un ambiente terapeutico adeguato alla cura della persona e per applicare le diverse metodologie operative di carattere sanitario sugli assistiti.<\/li>\r\n<\/ul>\r\nIL CORSO E\u2019 ACCREDITATO DALLA REGIONE SICILIANA, ASSESSORATO ALLA SALUTE, AI SENSI DEL DECRETO DEL 12 AGOSTO 2020 (GURS N. 45\/2020) e ACCORDO STATO REGIONI DEL 22 FEBBRAIO 2001.\r\n\r\nPROGRAMMA \u2013 le materie di insegnamento sono articolate nelle seguenti aree disciplinari","_et_gb_content_width":"","_joinchat":[]},"product_brand":[],"product_cat":[51],"product_tag":[],"class_list":{"0":"post-3988","1":"product","2":"type-product","3":"status-publish","4":"has-post-thumbnail","6":"product_cat-trasporti-autotrasporto","8":"first","9":"instock","10":"shipping-taxable","11":"product-type-simple"},"yoast_head":"<!-- This site is optimized with the Yoast SEO plugin v27.0 - https:\/\/yoast.com\/product\/yoast-seo-wordpress\/ -->\n<title>Conduzione di pompe per calcestruzzo - Accademia Eraclitea<\/title>\n<meta name=\"robots\" content=\"index, follow, max-snippet:-1, max-image-preview:large, max-video-preview:-1\" \/>\n<link rel=\"canonical\" href=\"https:\/\/eraclitea.it\/it\/prodotto\/conduzione-di-pompe-per-calcestruzzo\/\" \/>\n<meta property=\"og:locale\" content=\"it_IT\" \/>\n<meta property=\"og:type\" content=\"article\" \/>\n<meta property=\"og:title\" content=\"Conduzione di pompe per calcestruzzo - Accademia Eraclitea\" \/>\n<meta property=\"og:description\" content=\"14 ore Trasferimento delle capacit\u00e0 e conoscenze per un corretto e sicuro uso di pompe per calcestruzzo.  &nbsp;\" \/>\n<meta property=\"og:url\" content=\"https:\/\/eraclitea.it\/it\/prodotto\/conduzione-di-pompe-per-calcestruzzo\/\" \/>\n<meta property=\"og:site_name\" content=\"Accademia Eraclitea\" \/>\n<meta property=\"article:modified_time\" content=\"2021-05-25T13:53:23+00:00\" \/>\n<meta property=\"og:image\" content=\"https:\/\/eraclitea.it\/it\/wp-content\/uploads\/2021\/03\/Corso-di-formazione-obbligatorio-per-la-conduzione-di-pompe-per-calcestruzzo@2x.png\" \/>\n\t<meta property=\"og:image:width\" content=\"350\" \/>\n\t<meta property=\"og:image:height\" content=\"200\" \/>\n\t<meta property=\"og:image:type\" content=\"image\/png\" \/>\n<meta name=\"twitter:card\" content=\"summary_large_image\" \/>\n<meta name=\"twitter:label1\" content=\"Tempo di lettura stimato\" \/>\n\t<meta name=\"twitter:data1\" content=\"5 minuti\" \/>\n<script type=\"application\/ld+json\" class=\"yoast-schema-graph\">{\"@context\":\"https:\/\/schema.org\",\"@graph\":[{\"@type\":\"WebPage\",\"@id\":\"https:\/\/eraclitea.it\/it\/prodotto\/conduzione-di-pompe-per-calcestruzzo\/\",\"url\":\"https:\/\/eraclitea.it\/it\/prodotto\/conduzione-di-pompe-per-calcestruzzo\/\",\"name\":\"Conduzione di pompe per calcestruzzo - Accademia Eraclitea\",\"isPartOf\":{\"@id\":\"https:\/\/eraclitea.it\/it\/#website\"},\"primaryImageOfPage\":{\"@id\":\"https:\/\/eraclitea.it\/it\/prodotto\/conduzione-di-pompe-per-calcestruzzo\/#primaryimage\"},\"image\":{\"@id\":\"https:\/\/eraclitea.it\/it\/prodotto\/conduzione-di-pompe-per-calcestruzzo\/#primaryimage\"},\"thumbnailUrl\":\"https:\/\/eraclitea.it\/it\/wp-content\/uploads\/2021\/03\/Corso-di-formazione-obbligatorio-per-la-conduzione-di-pompe-per-calcestruzzo@2x.png\",\"datePublished\":\"2021-03-26T15:19:17+00:00\",\"dateModified\":\"2021-05-25T13:53:23+00:00\",\"breadcrumb\":{\"@id\":\"https:\/\/eraclitea.it\/it\/prodotto\/conduzione-di-pompe-per-calcestruzzo\/#breadcrumb\"},\"inLanguage\":\"it-IT\",\"potentialAction\":[{\"@type\":\"ReadAction\",\"target\":[\"https:\/\/eraclitea.it\/it\/prodotto\/conduzione-di-pompe-per-calcestruzzo\/\"]}]},{\"@type\":\"ImageObject\",\"inLanguage\":\"it-IT\",\"@id\":\"https:\/\/eraclitea.it\/it\/prodotto\/conduzione-di-pompe-per-calcestruzzo\/#primaryimage\",\"url\":\"https:\/\/eraclitea.it\/it\/wp-content\/uploads\/2021\/03\/Corso-di-formazione-obbligatorio-per-la-conduzione-di-pompe-per-calcestruzzo@2x.png\",\"contentUrl\":\"https:\/\/eraclitea.it\/it\/wp-content\/uploads\/2021\/03\/Corso-di-formazione-obbligatorio-per-la-conduzione-di-pompe-per-calcestruzzo@2x.png\",\"width\":350,\"height\":200},{\"@type\":\"BreadcrumbList\",\"@id\":\"https:\/\/eraclitea.it\/it\/prodotto\/conduzione-di-pompe-per-calcestruzzo\/#breadcrumb\",\"itemListElement\":[{\"@type\":\"ListItem\",\"position\":1,\"name\":\"Home\",\"item\":\"https:\/\/eraclitea.it\/it\/\"},{\"@type\":\"ListItem\",\"position\":2,\"name\":\"Corsi\",\"item\":\"https:\/\/eraclitea.it\/it\/corsi\/\"},{\"@type\":\"ListItem\",\"position\":3,\"name\":\"Conduzione di pompe per calcestruzzo\"}]},{\"@type\":\"WebSite\",\"@id\":\"https:\/\/eraclitea.it\/it\/#website\",\"url\":\"https:\/\/eraclitea.it\/it\/\",\"name\":\"Accademia Eraclitea\",\"description\":\"Ente di Ricerca e di Alta Formazione Accreditato\",\"potentialAction\":[{\"@type\":\"SearchAction\",\"target\":{\"@type\":\"EntryPoint\",\"urlTemplate\":\"https:\/\/eraclitea.it\/it\/?s={search_term_string}\"},\"query-input\":{\"@type\":\"PropertyValueSpecification\",\"valueRequired\":true,\"valueName\":\"search_term_string\"}}],\"inLanguage\":\"it-IT\"}]}<\/script>\n<!-- \/ Yoast SEO plugin. -->","yoast_head_json":{"title":"Conduzione di pompe per calcestruzzo - Accademia Eraclitea","robots":{"index":"index","follow":"follow","max-snippet":"max-snippet:-1","max-image-preview":"max-image-preview:large","max-video-preview":"max-video-preview:-1"},"canonical":"https:\/\/eraclitea.it\/it\/prodotto\/conduzione-di-pompe-per-calcestruzzo\/","og_locale":"it_IT","og_type":"article","og_title":"Conduzione di pompe per calcestruzzo - Accademia Eraclitea","og_description":"14 ore Trasferimento delle capacit\u00e0 e conoscenze per un corretto e sicuro uso di pompe per calcestruzzo.  &nbsp;","og_url":"https:\/\/eraclitea.it\/it\/prodotto\/conduzione-di-pompe-per-calcestruzzo\/","og_site_name":"Accademia Eraclitea","article_modified_time":"2021-05-25T13:53:23+00:00","og_image":[{"width":350,"height":200,"url":"https:\/\/eraclitea.it\/it\/wp-content\/uploads\/2021\/03\/Corso-di-formazione-obbligatorio-per-la-conduzione-di-pompe-per-calcestruzzo@2x.png","type":"image\/png"}],"twitter_card":"summary_large_image","twitter_misc":{"Tempo di lettura stimato":"5 minuti"},"schema":{"@context":"https:\/\/schema.org","@graph":[{"@type":"WebPage","@id":"https:\/\/eraclitea.it\/it\/prodotto\/conduzione-di-pompe-per-calcestruzzo\/","url":"https:\/\/eraclitea.it\/it\/prodotto\/conduzione-di-pompe-per-calcestruzzo\/","name":"Conduzione di pompe per calcestruzzo - Accademia Eraclitea","isPartOf":{"@id":"https:\/\/eraclitea.it\/it\/#website"},"primaryImageOfPage":{"@id":"https:\/\/eraclitea.it\/it\/prodotto\/conduzione-di-pompe-per-calcestruzzo\/#primaryimage"},"image":{"@id":"https:\/\/eraclitea.it\/it\/prodotto\/conduzione-di-pompe-per-calcestruzzo\/#primaryimage"},"thumbnailUrl":"https:\/\/eraclitea.it\/it\/wp-content\/uploads\/2021\/03\/Corso-di-formazione-obbligatorio-per-la-conduzione-di-pompe-per-calcestruzzo@2x.png","datePublished":"2021-03-26T15:19:17+00:00","dateModified":"2021-05-25T13:53:23+00:00","breadcrumb":{"@id":"https:\/\/eraclitea.it\/it\/prodotto\/conduzione-di-pompe-per-calcestruzzo\/#breadcrumb"},"inLanguage":"it-IT","potentialAction":[{"@type":"ReadAction","target":["https:\/\/eraclitea.it\/it\/prodotto\/conduzione-di-pompe-per-calcestruzzo\/"]}]},{"@type":"ImageObject","inLanguage":"it-IT","@id":"https:\/\/eraclitea.it\/it\/prodotto\/conduzione-di-pompe-per-calcestruzzo\/#primaryimage","url":"https:\/\/eraclitea.it\/it\/wp-content\/uploads\/2021\/03\/Corso-di-formazione-obbligatorio-per-la-conduzione-di-pompe-per-calcestruzzo@2x.png","contentUrl":"https:\/\/eraclitea.it\/it\/wp-content\/uploads\/2021\/03\/Corso-di-formazione-obbligatorio-per-la-conduzione-di-pompe-per-calcestruzzo@2x.png","width":350,"height":200},{"@type":"BreadcrumbList","@id":"https:\/\/eraclitea.it\/it\/prodotto\/conduzione-di-pompe-per-calcestruzzo\/#breadcrumb","itemListElement":[{"@type":"ListItem","position":1,"name":"Home","item":"https:\/\/eraclitea.it\/it\/"},{"@type":"ListItem","position":2,"name":"Corsi","item":"https:\/\/eraclitea.it\/it\/corsi\/"},{"@type":"ListItem","position":3,"name":"Conduzione di pompe per calcestruzzo"}]},{"@type":"WebSite","@id":"https:\/\/eraclitea.it\/it\/#website","url":"https:\/\/eraclitea.it\/it\/","name":"Accademia Eraclitea","description":"Ente di Ricerca e di Alta Formazione Accreditato","potentialAction":[{"@type":"SearchAction","target":{"@type":"EntryPoint","urlTemplate":"https:\/\/eraclitea.it\/it\/?s={search_term_string}"},"query-input":{"@type":"PropertyValueSpecification","valueRequired":true,"valueName":"search_term_string"}}],"inLanguage":"it-IT"}]}},"jetpack_sharing_enabled":true,"_links":{"self":[{"href":"https:\/\/eraclitea.it\/it\/wp-json\/wp\/v2\/product\/3988","targetHints":{"allow":["GET"]}}],"collection":[{"href":"https:\/\/eraclitea.it\/it\/wp-json\/wp\/v2\/product"}],"about":[{"href":"https:\/\/eraclitea.it\/it\/wp-json\/wp\/v2\/types\/product"}],"replies":[{"embeddable":true,"href":"https:\/\/eraclitea.it\/it\/wp-json\/wp\/v2\/comments?post=3988"}],"wp:featuredmedia":[{"embeddable":true,"href":"https:\/\/eraclitea.it\/it\/wp-json\/wp\/v2\/media\/5080"}],"wp:attachment":[{"href":"https:\/\/eraclitea.it\/it\/wp-json\/wp\/v2\/media?parent=3988"}],"wp:term":[{"taxonomy":"product_brand","embeddable":true,"href":"https:\/\/eraclitea.it\/it\/wp-json\/wp\/v2\/product_brand?post=3988"},{"taxonomy":"product_cat","embeddable":true,"href":"https:\/\/eraclitea.it\/it\/wp-json\/wp\/v2\/product_cat?post=3988"},{"taxonomy":"product_tag","embeddable":true,"href":"https:\/\/eraclitea.it\/it\/wp-json\/wp\/v2\/product_tag?post=3988"}],"curies":[{"name":"wp","href":"https:\/\/api.w.org\/{rel}","templated":true}]}}