{"id":3985,"date":"2021-03-26T15:04:16","date_gmt":"2021-03-26T15:04:16","guid":{"rendered":"https:\/\/eraclitea.it\/eracliteait\/?post_type=product&#038;p=3985"},"modified":"2021-05-30T13:07:40","modified_gmt":"2021-05-30T13:07:40","slug":"professione-di-autotrasportatore-merci-conto-terzi-massa-complessiva-superiore-a-35-t","status":"publish","type":"product","link":"https:\/\/eraclitea.it\/it\/prodotto\/professione-di-autotrasportatore-merci-conto-terzi-massa-complessiva-superiore-a-35-t\/","title":{"rendered":"Professione di autotrasportatore merci conto terzi massa complessiva superiore a 3,5 t."},"content":{"rendered":"<table style=\"border: 0px; height: 244px; width: 721px;\">\n<tbody>\n<tr>\n<td style=\"width: 38.75px;\"><a href=\"https:\/\/eraclitea.it\/it\/wp-content\/uploads\/2021\/01\/orolo2.png\"><img loading=\"lazy\" decoding=\"async\" class=\"alignnone wp-image-887 \" src=\"https:\/\/eraclitea.it\/it\/wp-content\/uploads\/2021\/03\/tempo.png\" alt=\"\" width=\"33\" height=\"33\" \/><\/a><\/td>\n<td style=\"width: 147.841px;\">\n<h4 class=\"et_pb_module_header\">Durata del corso:<\/h4>\n<\/td>\n<td style=\"width: 515.114px;\">Il corso ha la durata di <strong>150 ore<\/strong> complessive, la frequenza \u00e8 obbligatoria con un margine di assenze consentite pari al 20% sul totale della durata di ogni corso e verr\u00e0 verificata tramite il registro delle presenze che il candidato firmer\u00e0 nelle giornate di lezione.<br \/>\nPer tutti coloro che sono gi\u00e0 in possesso dell&#8217;attestato di capacit\u00e0 professionale in ambito NAZIONALE \u00e8 possibile integrare l&#8217;attestato stesso frequentando il corso di INTERNAZIONALE della durata di 30 ore.<\/td>\n<\/tr>\n<tr>\n<td style=\"width: 38.75px;\"><a href=\"https:\/\/eraclitea.it\/it\/wp-content\/uploads\/2021\/03\/Tavola-da-disegno-\u2013-13.png\"><img loading=\"lazy\" decoding=\"async\" class=\"alignnone wp-image-3710 \" src=\"https:\/\/eraclitea.it\/it\/wp-content\/uploads\/2021\/03\/Tavola-da-disegno-\u2013-13-300x300.png\" alt=\"\" width=\"39\" height=\"39\" srcset=\"https:\/\/eraclitea.it\/it\/wp-content\/uploads\/2021\/03\/Tavola-da-disegno-\u2013-13-300x300.png 300w, https:\/\/eraclitea.it\/it\/wp-content\/uploads\/2021\/03\/Tavola-da-disegno-\u2013-13-150x150.png 150w, https:\/\/eraclitea.it\/it\/wp-content\/uploads\/2021\/03\/Tavola-da-disegno-\u2013-13-100x100.png 100w, https:\/\/eraclitea.it\/it\/wp-content\/uploads\/2021\/03\/Tavola-da-disegno-\u2013-13-64x64.png 64w, https:\/\/eraclitea.it\/it\/wp-content\/uploads\/2021\/03\/Tavola-da-disegno-\u2013-13.png 400w\" sizes=\"(max-width: 39px) 100vw, 39px\" \/><\/a><\/td>\n<td style=\"width: 147.841px;\">\n<h4>N. Partecipanti:<\/h4>\n<\/td>\n<td style=\"width: 515.114px;\">20 Max<\/td>\n<\/tr>\n<tr>\n<td style=\"width: 38.75px;\"><a href=\"https:\/\/eraclitea.it\/it\/wp-content\/uploads\/2021\/04\/Tavola-da-disegno-\u2013-13-2.png\"><img loading=\"lazy\" decoding=\"async\" class=\"alignnone size-medium wp-image-5967\" src=\"https:\/\/eraclitea.it\/it\/wp-content\/uploads\/2021\/04\/Tavola-da-disegno-\u2013-13-2-300x300.png\" alt=\"\" width=\"300\" height=\"300\" \/><\/a><\/td>\n<td style=\"width: 147.841px;\">\n<h4>A chi \u00e8 rivolto:<\/h4>\n<\/td>\n<td style=\"width: 515.114px;\">Il corso \u00e8 accreditato dal Ministero dei Trasporti ed \u00e8 rivolto ai soggetti che intendono dirigere, in qualit\u00e0 di preposto, una impresa di autotrasporto merci per conto terzi con veicoli di massa complessiva superiore a 3,5 ton.<\/td>\n<\/tr>\n<\/tbody>\n<\/table>\n<p>&nbsp;<\/p>\n<div class=\"et_pb_module et_pb_blurb et_pb_blurb_1_tb_body et_pb_text_align_left et_pb_blurb_position_left et_pb_bg_layout_light\"><\/div>\n<div><\/div>\n<h3>Obiettivo del corso<\/h3>\n<p>Il corso, organizzato da Accademia Eraclitea, \u00e8 accreditato dal MINISTERO DEI TRASPORTI ed\u00a0 \u00e8 obbligatorio per poter sostenere l&#8217;esame per il conseguimento dell&#8217;attestato di capacit\u00e0 professionale, valido in tutti i paesi della U. E., requisito indispensabile per l&#8217;iscrizione all&#8217;albo degli autotrasportatori.<\/p>\n<p>&nbsp;<\/p>\n<h3>Riferimenti normativi<\/h3>\n<ul>\n<li>Accreditato ai sensi del D.lgs. 395\/00 e della Circolare n. 5\/2006\/APC e s.m.i., cod. prot.33307 del 15 aprile 2010.<\/li>\n<\/ul>\n<p>&nbsp;<\/p>\n<h3>Requisiti richiesti e documentazione<\/h3>\n<p>Per la presentazione della domanda d&#8217;esame \u00e8 necessario produrre una copia dell&#8217;attestato della Scuola dell&#8217;Obbligo, il documento di identit\u00e0 valido, codice fiscale, permesso di soggiorno valido (solo per extracomunitari) e i dati fiscali per la fatturazione del corso. I candidati che sono in possesso di un Diploma di Scuola Superiore non hanno l&#8217;obbligo di frequenza.<\/p>\n<h3><\/h3>\n<h3>Programma Corso<\/h3>\n<div class='et-learn-more clearfix'>\n\t\t\t\t\t<h3 class='heading-more'>MODULO FORMATIVO<span class='et_learnmore_arrow'><span><\/span><\/span><\/h3>\n\t\t\t\t\t<div class='learn-more-content'><ul>\n<li>Accesso al mercato<\/li>\n<li>Sicurezza stradale<\/li>\n<li>Norme tecniche e gestione tecnica<\/li>\n<li>Diritto Civile<\/li>\n<li>Commerciale<\/li>\n<li>Sociale e Tributario<\/li>\n<li>Gestione Commerciale e Finanziaria<\/li>\n<\/ul><\/div>\n\t\t\t\t<\/div>\n<div class='et-learn-more clearfix'>\n\t\t\t\t\t<h3 class='heading-more'>ESAME FINALE<span class='et_learnmore_arrow'><span><\/span><\/span><\/h3>\n\t\t\t\t\t<div class='learn-more-content'><ul>\n<li>La prova d&#8217;esame \u00e8 composta da 60 quiz e un caso pratico.<\/li>\n<\/ul><\/div>\n\t\t\t\t<\/div>\n<p>&nbsp;<\/p>\n<h3>Certificazione<\/h3>\n<p>Attestato di Idoneit\u00e0 Professionale per dirigere l&#8217;attivit\u00e0 di trasporti di impresa operante nel settore dei trasporti di merci su strada per conto di terzi sul territorio nazionale e in campo internazionale.<\/p>\n<p>&nbsp;<\/p>\n<p>&nbsp;<\/p>\n<p><code><\/code><\/p>\n","protected":false},"excerpt":{"rendered":"<h4>150 ore<\/h4>\n<p>Accreditato ai sensi del D.lgs. 395\/00 e della Circolare n. 5\/2006\/APC e s.m.i., cod. prot.33307 del 15 aprile 2010.<\/p>\n","protected":false},"featured_media":5085,"comment_status":"open","ping_status":"closed","template":"","meta":{"_et_pb_use_builder":"off","_et_pb_old_content":"OBIETTIVI DEL CORSO\r\n\r\nIl corso di qualifica per Operatore Socio Sanitario \u00e8 volto a formare operatori in grado di intervenire nelle situazioni caratterizzate da mancanza temporanea e\/o permanente di autonomia psicofisica. Grazie alla formazione teorico-pratica e al tirocinio pratico, gli allievi avranno l\u2019opportunit\u00e0 di sviluppare competenze professionali volte a:\r\n<ul>\r\n \t<li>identificare, classificare ed interpretare le problematiche delle diverse tipologie di utenze (minori, anziani, persone con disabilit\u00e0, pazienti oncologici);<\/li>\r\n \t<li>conoscere l\u2019organizzazione dei servizi sociali e sanitari; acquisire elementi di igiene e prevenzione e di anatomia, fisiologia e dietetica;<\/li>\r\n \t<li>identificare gli elementi necessari alla pianificazione dell\u2019assistenza e applicare le conoscenze acquisite per mantenere un ambiente terapeutico adeguato alla cura della persona e per applicare le diverse metodologie operative di carattere sanitario sugli assistiti.<\/li>\r\n<\/ul>\r\nIL CORSO E\u2019 ACCREDITATO DALLA REGIONE SICILIANA, ASSESSORATO ALLA SALUTE, AI SENSI DEL DECRETO DEL 12 AGOSTO 2020 (GURS N. 45\/2020) e ACCORDO STATO REGIONI DEL 22 FEBBRAIO 2001.\r\n\r\nPROGRAMMA \u2013 le materie di insegnamento sono articolate nelle seguenti aree disciplinari","_et_gb_content_width":"","_joinchat":[]},"product_brand":[],"product_cat":[51],"product_tag":[],"class_list":{"0":"post-3985","1":"product","2":"type-product","3":"status-publish","4":"has-post-thumbnail","6":"product_cat-trasporti-autotrasporto","8":"first","9":"instock","10":"shipping-taxable","11":"product-type-simple"},"yoast_head":"<!-- This site is optimized with the Yoast SEO plugin v27.0 - https:\/\/yoast.com\/product\/yoast-seo-wordpress\/ -->\n<title>Professione di autotrasportatore merci conto terzi massa complessiva superiore a 3,5 t. - Accademia Eraclitea<\/title>\n<meta name=\"robots\" content=\"index, follow, max-snippet:-1, max-image-preview:large, max-video-preview:-1\" \/>\n<link rel=\"canonical\" href=\"https:\/\/eraclitea.it\/it\/prodotto\/professione-di-autotrasportatore-merci-conto-terzi-massa-complessiva-superiore-a-35-t\/\" \/>\n<meta property=\"og:locale\" content=\"it_IT\" \/>\n<meta property=\"og:type\" content=\"article\" \/>\n<meta property=\"og:title\" content=\"Professione di autotrasportatore merci conto terzi massa complessiva superiore a 3,5 t. - Accademia Eraclitea\" \/>\n<meta property=\"og:description\" content=\"150 ore Accreditato ai sensi del D.lgs. 395\/00 e della Circolare n. 5\/2006\/APC e s.m.i., cod. prot.33307 del 15 aprile 2010.\" \/>\n<meta property=\"og:url\" content=\"https:\/\/eraclitea.it\/it\/prodotto\/professione-di-autotrasportatore-merci-conto-terzi-massa-complessiva-superiore-a-35-t\/\" \/>\n<meta property=\"og:site_name\" content=\"Accademia Eraclitea\" \/>\n<meta property=\"article:modified_time\" content=\"2021-05-30T13:07:40+00:00\" \/>\n<meta property=\"og:image\" content=\"https:\/\/eraclitea.it\/it\/wp-content\/uploads\/2021\/03\/autotrasportaatore-conto-terzi-massa-complessiva-sup-a-15-fino-a-35@2x.png\" \/>\n\t<meta property=\"og:image:width\" content=\"350\" \/>\n\t<meta property=\"og:image:height\" content=\"200\" \/>\n\t<meta property=\"og:image:type\" content=\"image\/png\" \/>\n<meta name=\"twitter:card\" content=\"summary_large_image\" \/>\n<meta name=\"twitter:label1\" content=\"Tempo di lettura stimato\" \/>\n\t<meta name=\"twitter:data1\" content=\"3 minuti\" \/>\n<script type=\"application\/ld+json\" class=\"yoast-schema-graph\">{\"@context\":\"https:\/\/schema.org\",\"@graph\":[{\"@type\":\"WebPage\",\"@id\":\"https:\/\/eraclitea.it\/it\/prodotto\/professione-di-autotrasportatore-merci-conto-terzi-massa-complessiva-superiore-a-35-t\/\",\"url\":\"https:\/\/eraclitea.it\/it\/prodotto\/professione-di-autotrasportatore-merci-conto-terzi-massa-complessiva-superiore-a-35-t\/\",\"name\":\"Professione di autotrasportatore merci conto terzi massa complessiva superiore a 3,5 t. - Accademia Eraclitea\",\"isPartOf\":{\"@id\":\"https:\/\/eraclitea.it\/it\/#website\"},\"primaryImageOfPage\":{\"@id\":\"https:\/\/eraclitea.it\/it\/prodotto\/professione-di-autotrasportatore-merci-conto-terzi-massa-complessiva-superiore-a-35-t\/#primaryimage\"},\"image\":{\"@id\":\"https:\/\/eraclitea.it\/it\/prodotto\/professione-di-autotrasportatore-merci-conto-terzi-massa-complessiva-superiore-a-35-t\/#primaryimage\"},\"thumbnailUrl\":\"https:\/\/eraclitea.it\/it\/wp-content\/uploads\/2021\/03\/autotrasportaatore-conto-terzi-massa-complessiva-sup-a-15-fino-a-35@2x.png\",\"datePublished\":\"2021-03-26T15:04:16+00:00\",\"dateModified\":\"2021-05-30T13:07:40+00:00\",\"breadcrumb\":{\"@id\":\"https:\/\/eraclitea.it\/it\/prodotto\/professione-di-autotrasportatore-merci-conto-terzi-massa-complessiva-superiore-a-35-t\/#breadcrumb\"},\"inLanguage\":\"it-IT\",\"potentialAction\":[{\"@type\":\"ReadAction\",\"target\":[\"https:\/\/eraclitea.it\/it\/prodotto\/professione-di-autotrasportatore-merci-conto-terzi-massa-complessiva-superiore-a-35-t\/\"]}]},{\"@type\":\"ImageObject\",\"inLanguage\":\"it-IT\",\"@id\":\"https:\/\/eraclitea.it\/it\/prodotto\/professione-di-autotrasportatore-merci-conto-terzi-massa-complessiva-superiore-a-35-t\/#primaryimage\",\"url\":\"https:\/\/eraclitea.it\/it\/wp-content\/uploads\/2021\/03\/autotrasportaatore-conto-terzi-massa-complessiva-sup-a-15-fino-a-35@2x.png\",\"contentUrl\":\"https:\/\/eraclitea.it\/it\/wp-content\/uploads\/2021\/03\/autotrasportaatore-conto-terzi-massa-complessiva-sup-a-15-fino-a-35@2x.png\",\"width\":350,\"height\":200},{\"@type\":\"BreadcrumbList\",\"@id\":\"https:\/\/eraclitea.it\/it\/prodotto\/professione-di-autotrasportatore-merci-conto-terzi-massa-complessiva-superiore-a-35-t\/#breadcrumb\",\"itemListElement\":[{\"@type\":\"ListItem\",\"position\":1,\"name\":\"Home\",\"item\":\"https:\/\/eraclitea.it\/it\/\"},{\"@type\":\"ListItem\",\"position\":2,\"name\":\"Corsi\",\"item\":\"https:\/\/eraclitea.it\/it\/corsi\/\"},{\"@type\":\"ListItem\",\"position\":3,\"name\":\"Professione di autotrasportatore merci conto terzi massa complessiva superiore a 3,5 t.\"}]},{\"@type\":\"WebSite\",\"@id\":\"https:\/\/eraclitea.it\/it\/#website\",\"url\":\"https:\/\/eraclitea.it\/it\/\",\"name\":\"Accademia Eraclitea\",\"description\":\"Ente di Ricerca e di Alta Formazione Accreditato\",\"potentialAction\":[{\"@type\":\"SearchAction\",\"target\":{\"@type\":\"EntryPoint\",\"urlTemplate\":\"https:\/\/eraclitea.it\/it\/?s={search_term_string}\"},\"query-input\":{\"@type\":\"PropertyValueSpecification\",\"valueRequired\":true,\"valueName\":\"search_term_string\"}}],\"inLanguage\":\"it-IT\"}]}<\/script>\n<!-- \/ Yoast SEO plugin. -->","yoast_head_json":{"title":"Professione di autotrasportatore merci conto terzi massa complessiva superiore a 3,5 t. - Accademia Eraclitea","robots":{"index":"index","follow":"follow","max-snippet":"max-snippet:-1","max-image-preview":"max-image-preview:large","max-video-preview":"max-video-preview:-1"},"canonical":"https:\/\/eraclitea.it\/it\/prodotto\/professione-di-autotrasportatore-merci-conto-terzi-massa-complessiva-superiore-a-35-t\/","og_locale":"it_IT","og_type":"article","og_title":"Professione di autotrasportatore merci conto terzi massa complessiva superiore a 3,5 t. - Accademia Eraclitea","og_description":"150 ore Accreditato ai sensi del D.lgs. 395\/00 e della Circolare n. 5\/2006\/APC e s.m.i., cod. prot.33307 del 15 aprile 2010.","og_url":"https:\/\/eraclitea.it\/it\/prodotto\/professione-di-autotrasportatore-merci-conto-terzi-massa-complessiva-superiore-a-35-t\/","og_site_name":"Accademia Eraclitea","article_modified_time":"2021-05-30T13:07:40+00:00","og_image":[{"width":350,"height":200,"url":"https:\/\/eraclitea.it\/it\/wp-content\/uploads\/2021\/03\/autotrasportaatore-conto-terzi-massa-complessiva-sup-a-15-fino-a-35@2x.png","type":"image\/png"}],"twitter_card":"summary_large_image","twitter_misc":{"Tempo di lettura stimato":"3 minuti"},"schema":{"@context":"https:\/\/schema.org","@graph":[{"@type":"WebPage","@id":"https:\/\/eraclitea.it\/it\/prodotto\/professione-di-autotrasportatore-merci-conto-terzi-massa-complessiva-superiore-a-35-t\/","url":"https:\/\/eraclitea.it\/it\/prodotto\/professione-di-autotrasportatore-merci-conto-terzi-massa-complessiva-superiore-a-35-t\/","name":"Professione di autotrasportatore merci conto terzi massa complessiva superiore a 3,5 t. - Accademia Eraclitea","isPartOf":{"@id":"https:\/\/eraclitea.it\/it\/#website"},"primaryImageOfPage":{"@id":"https:\/\/eraclitea.it\/it\/prodotto\/professione-di-autotrasportatore-merci-conto-terzi-massa-complessiva-superiore-a-35-t\/#primaryimage"},"image":{"@id":"https:\/\/eraclitea.it\/it\/prodotto\/professione-di-autotrasportatore-merci-conto-terzi-massa-complessiva-superiore-a-35-t\/#primaryimage"},"thumbnailUrl":"https:\/\/eraclitea.it\/it\/wp-content\/uploads\/2021\/03\/autotrasportaatore-conto-terzi-massa-complessiva-sup-a-15-fino-a-35@2x.png","datePublished":"2021-03-26T15:04:16+00:00","dateModified":"2021-05-30T13:07:40+00:00","breadcrumb":{"@id":"https:\/\/eraclitea.it\/it\/prodotto\/professione-di-autotrasportatore-merci-conto-terzi-massa-complessiva-superiore-a-35-t\/#breadcrumb"},"inLanguage":"it-IT","potentialAction":[{"@type":"ReadAction","target":["https:\/\/eraclitea.it\/it\/prodotto\/professione-di-autotrasportatore-merci-conto-terzi-massa-complessiva-superiore-a-35-t\/"]}]},{"@type":"ImageObject","inLanguage":"it-IT","@id":"https:\/\/eraclitea.it\/it\/prodotto\/professione-di-autotrasportatore-merci-conto-terzi-massa-complessiva-superiore-a-35-t\/#primaryimage","url":"https:\/\/eraclitea.it\/it\/wp-content\/uploads\/2021\/03\/autotrasportaatore-conto-terzi-massa-complessiva-sup-a-15-fino-a-35@2x.png","contentUrl":"https:\/\/eraclitea.it\/it\/wp-content\/uploads\/2021\/03\/autotrasportaatore-conto-terzi-massa-complessiva-sup-a-15-fino-a-35@2x.png","width":350,"height":200},{"@type":"BreadcrumbList","@id":"https:\/\/eraclitea.it\/it\/prodotto\/professione-di-autotrasportatore-merci-conto-terzi-massa-complessiva-superiore-a-35-t\/#breadcrumb","itemListElement":[{"@type":"ListItem","position":1,"name":"Home","item":"https:\/\/eraclitea.it\/it\/"},{"@type":"ListItem","position":2,"name":"Corsi","item":"https:\/\/eraclitea.it\/it\/corsi\/"},{"@type":"ListItem","position":3,"name":"Professione di autotrasportatore merci conto terzi massa complessiva superiore a 3,5 t."}]},{"@type":"WebSite","@id":"https:\/\/eraclitea.it\/it\/#website","url":"https:\/\/eraclitea.it\/it\/","name":"Accademia Eraclitea","description":"Ente di Ricerca e di Alta Formazione Accreditato","potentialAction":[{"@type":"SearchAction","target":{"@type":"EntryPoint","urlTemplate":"https:\/\/eraclitea.it\/it\/?s={search_term_string}"},"query-input":{"@type":"PropertyValueSpecification","valueRequired":true,"valueName":"search_term_string"}}],"inLanguage":"it-IT"}]}},"jetpack_sharing_enabled":true,"_links":{"self":[{"href":"https:\/\/eraclitea.it\/it\/wp-json\/wp\/v2\/product\/3985","targetHints":{"allow":["GET"]}}],"collection":[{"href":"https:\/\/eraclitea.it\/it\/wp-json\/wp\/v2\/product"}],"about":[{"href":"https:\/\/eraclitea.it\/it\/wp-json\/wp\/v2\/types\/product"}],"replies":[{"embeddable":true,"href":"https:\/\/eraclitea.it\/it\/wp-json\/wp\/v2\/comments?post=3985"}],"wp:featuredmedia":[{"embeddable":true,"href":"https:\/\/eraclitea.it\/it\/wp-json\/wp\/v2\/media\/5085"}],"wp:attachment":[{"href":"https:\/\/eraclitea.it\/it\/wp-json\/wp\/v2\/media?parent=3985"}],"wp:term":[{"taxonomy":"product_brand","embeddable":true,"href":"https:\/\/eraclitea.it\/it\/wp-json\/wp\/v2\/product_brand?post=3985"},{"taxonomy":"product_cat","embeddable":true,"href":"https:\/\/eraclitea.it\/it\/wp-json\/wp\/v2\/product_cat?post=3985"},{"taxonomy":"product_tag","embeddable":true,"href":"https:\/\/eraclitea.it\/it\/wp-json\/wp\/v2\/product_tag?post=3985"}],"curies":[{"name":"wp","href":"https:\/\/api.w.org\/{rel}","templated":true}]}}