{"id":3973,"date":"2021-03-25T14:56:30","date_gmt":"2021-03-25T14:56:30","guid":{"rendered":"https:\/\/eraclitea.it\/eracliteait\/?post_type=product&#038;p=3973"},"modified":"2021-08-04T14:23:46","modified_gmt":"2021-08-04T14:23:46","slug":"personale-addetto-allabbattimento-degli-animali-presso-i-macelli","status":"publish","type":"product","link":"https:\/\/eraclitea.it\/it\/prodotto\/personale-addetto-allabbattimento-degli-animali-presso-i-macelli\/","title":{"rendered":"Personale addetto all&#8217;abbattimento degli animali presso i macelli"},"content":{"rendered":"<div class=\"et_pb_module et_pb_blurb et_pb_blurb_1_tb_body et_pb_text_align_left et_pb_blurb_position_left et_pb_bg_layout_light\">\n<table style=\"border: 0px; height: 244px; width: 721px;\">\n<tbody>\n<tr>\n<td style=\"width: 38.75px;\"><a href=\"https:\/\/eraclitea.it\/it\/wp-content\/uploads\/2021\/01\/orolo2.png\"><img loading=\"lazy\" decoding=\"async\" class=\"alignnone wp-image-887 \" src=\"https:\/\/eraclitea.it\/it\/wp-content\/uploads\/2021\/03\/tempo.png\" alt=\"\" width=\"33\" height=\"33\" \/><\/a><\/td>\n<td style=\"width: 147.841px;\">\n<h4 class=\"et_pb_module_header\">Durata del corso:<\/h4>\n<\/td>\n<td style=\"width: 515.114px;\">8 ore<\/td>\n<\/tr>\n<tr>\n<td style=\"width: 38.75px;\"><a href=\"https:\/\/eraclitea.it\/it\/wp-content\/uploads\/2021\/03\/Tavola-da-disegno-\u2013-13.png\"><img loading=\"lazy\" decoding=\"async\" class=\"alignnone wp-image-3710 \" src=\"https:\/\/eraclitea.it\/it\/wp-content\/uploads\/2021\/03\/Tavola-da-disegno-\u2013-13-300x300.png\" alt=\"\" width=\"39\" height=\"39\" srcset=\"https:\/\/eraclitea.it\/it\/wp-content\/uploads\/2021\/03\/Tavola-da-disegno-\u2013-13-300x300.png 300w, https:\/\/eraclitea.it\/it\/wp-content\/uploads\/2021\/03\/Tavola-da-disegno-\u2013-13-150x150.png 150w, https:\/\/eraclitea.it\/it\/wp-content\/uploads\/2021\/03\/Tavola-da-disegno-\u2013-13-100x100.png 100w, https:\/\/eraclitea.it\/it\/wp-content\/uploads\/2021\/03\/Tavola-da-disegno-\u2013-13-64x64.png 64w, https:\/\/eraclitea.it\/it\/wp-content\/uploads\/2021\/03\/Tavola-da-disegno-\u2013-13.png 400w\" sizes=\"(max-width: 39px) 100vw, 39px\" \/><\/a><\/td>\n<td style=\"width: 147.841px;\">\n<h4>N. Partecipanti:<\/h4>\n<\/td>\n<td style=\"width: 515.114px;\">Max 20<\/td>\n<\/tr>\n<tr>\n<td style=\"width: 38.75px;\"><a href=\"https:\/\/eraclitea.it\/it\/wp-content\/uploads\/2021\/04\/Tavola-da-disegno-\u2013-13-2.png\"><img loading=\"lazy\" decoding=\"async\" class=\"alignnone size-medium wp-image-5967\" src=\"https:\/\/eraclitea.it\/it\/wp-content\/uploads\/2021\/04\/Tavola-da-disegno-\u2013-13-2-300x300.png\" alt=\"\" width=\"300\" height=\"300\" \/><\/a><\/td>\n<td style=\"width: 147.841px;\">\n<h4>A chi \u00e8 rivolto:<\/h4>\n<\/td>\n<td style=\"width: 515.114px;\">La formazione \u00e8 diretta al personale che effettua gli abbattimenti.<\/td>\n<\/tr>\n<\/tbody>\n<\/table>\n<\/div>\n<p>&nbsp;<\/p>\n<p><span style=\"color: #333333; font-size: 22px;\">Obiettivi del corso<\/span><\/p>\n<p>Corso di formazione obbligatorio per il personale addetto all\u2019abbattimento degli animali presso i macelli (Reg. CE 1099\/2009 e Circolare Ministero della Salute 213\/2013)<br \/>\n<span style=\"color: #ff0000;\">Il corso \u00e8 stato autorizzato dall&#8217;Istituto Zooprofilattico Sperimentale della Lombardia e dell&#8217;Emilia Romagna &#8220;Bruno Ubertini&#8221;\u00a0Centro di referenza di Brescia ai sensi della Circolare del Ministero della Salute 213\/2013.<\/span><\/p>\n<p>&nbsp;<\/p>\n<h3>Documenti<\/h3>\n<ul>\n<li>Documento di identit\u00e0<\/li>\n<li>permesso di soggiorno (per corsisti extracomunitari).<\/li>\n<\/ul>\n<p>&nbsp;<\/p>\n<h3>Programma<\/h3>\n<ul>\n<li>6 ore di programma generale;<\/li>\n<li>2 ore di programma specifico per carni rosse (teoria);<\/li>\n<li>2 ore di programma specifico per carni bianche (teoria);<\/li>\n<li>2 ore di pratica articolate su 2 giornate.<\/li>\n<\/ul>\n<p>L\u2019elenco degli operatori a cui \u00e8 stato conferito il suddetto attestato di idoneit\u00e0 dovr\u00e0 essere trasmesso, dai Servizi Veterinari delle Regioni e Province Autonome con modalit\u00e0 che saranno comunicate, al Centro di Referenza per il Benessere Animale.<\/p>\n<p>&nbsp;<\/p>\n<h3>Categorie di operatori addetti alle operazioni di macellazione<\/h3>\n<ul>\n<li>a) Operatori che alla data del 1 Gennaio 2013 hanno oltre 3 anni di esperienza professionale pertinente documentata per i quali il servizio veterinario dell\u2019Azienda Sanitaria territorialmente competente sull\u2019impianto di macellazione rilascia il \u201ccertificato di idoneit\u00e0\u201d di cui all\u2019Art. 21.<\/li>\n<\/ul>\n<p>Il proprietario rappresentante legale dello stabilimento di macellazione, dovr\u00e0 richiedere al servizio veterinario competente per territorio il rilascio dei certificati d\u2019idoneit\u00e0 per il proprio personale dopo aver comunicato i nominativi di coloro che rientrano in questa categoria. Il certificato di idoneit\u00e0 sar\u00e0 rilasciato contestualmente alla presentazione completa dell\u2019istanza.<\/p>\n<p>Questa deve essere accompagnata dalle autocertificazioni dei singoli operatori attestanti il non avere in corso provvedimenti che limitano o proibiscono il maneggiamento degli animali e di non avere commesso infrazioni alla normativa comunitaria e\/o nazionale in materia di protezione degli animali nei tre anni che precedono la data della domanda.<\/p>\n<p>Per questa categoria il certificato di idoneit\u00e0 riporter\u00e0 la data di scadenza dell\u20198 Dicembre 2015, entro la quale l\u2019operatore dovr\u00e0 aver frequentato obbligatoriamente la teoria del corso di formazione.<\/p>\n<p>Anche per questi certificati si prevede la compilazione con procedura on line predisposta tramite il sito internet dal Centro di referenza per il Benessere animale che rende disponibile il format del certificato e assicura la numerazione con la modalit\u00e0 prevista al paragrafo \u201cRilascio dei certificati di idoneit\u00e0\u201d.<\/p>\n<ul>\n<li>b) Operatori che alla data del 1 gennaio 2013 hanno meno di 3 anni di esperienza professionale pertinente documentata ma che l&#8217;hanno maturata entro l\u20198 Dicembre 2015, in tal caso il servizio veterinario dell\u2019Azienda Sanitaria Locale territorialmente competente rilascia il \u201ccertificato di idoneit\u00e0 temporaneo\u201d di cui all\u2019articolo 21 del regolamento.<\/li>\n<\/ul>\n<p>Essi dovranno lavorare sotto la supervisione di un operatore che possiede il certificato di idoneit\u00e0; e comunque previsto un percorso formativo teorico semplificato (senza parte pratica ed esami) di aggiornamento in materia di Reg. CE 1099\/2009, con possibilit\u00e0 di un percorso di formazione a distanza (FAD).<\/p>\n<ul>\n<li>c) Operatori che alla data dell\u20198 Dicembre 2015 non avranno maturato tre anni di esperienza professionale pertinente documentata devono obbligatoriamente acquisire il certificato di idoneit\u00e0 attraverso un percorso formativo teorico, pratico con esame finale. Il servizio veterinario dell\u2019Azienda Sanitaria Locale territorialmente competente potr\u00e0 rilasciare per essi il \u201ccertificato di idoneit\u00e0 temporaneo\u201d di cui all\u2019articolo 21 del regolamento, che prevede nell\u2019attivit\u00e0 lavorativa la supervisione di un altro operatore in possesso del certificato di idoneit\u00e0.<\/li>\n<\/ul>\n<p>&nbsp;<\/p>\n<h3>Certificazione<\/h3>\n<p>Attestato rilasciato ai sensi del Reg. CE 1099\/2009 e Circolare Ministero della Salute 213\/2013 e s.m.i.<\/p>\n<p>&nbsp;<\/p>\n<p>&nbsp;<\/p>\n","protected":false},"excerpt":{"rendered":"<h4>8 ore<\/h4>\n<p>Corso di formazione obbligatorio per il personale addetto all\u2019abbattimento degli animali presso i macelli (Reg. CE 1099\/2009 e Circolare Ministero della Salute 213\/2013)<\/p>\n","protected":false},"featured_media":4760,"comment_status":"open","ping_status":"closed","template":"","meta":{"_et_pb_use_builder":"off","_et_pb_old_content":"OBIETTIVI DEL CORSO\r\n\r\nIl corso di qualifica per Operatore Socio Sanitario \u00e8 volto a formare operatori in grado di intervenire nelle situazioni caratterizzate da mancanza temporanea e\/o permanente di autonomia psicofisica. Grazie alla formazione teorico-pratica e al tirocinio pratico, gli allievi avranno l\u2019opportunit\u00e0 di sviluppare competenze professionali volte a:\r\n<ul>\r\n \t<li>identificare, classificare ed interpretare le problematiche delle diverse tipologie di utenze (minori, anziani, persone con disabilit\u00e0, pazienti oncologici);<\/li>\r\n \t<li>conoscere l\u2019organizzazione dei servizi sociali e sanitari; acquisire elementi di igiene e prevenzione e di anatomia, fisiologia e dietetica;<\/li>\r\n \t<li>identificare gli elementi necessari alla pianificazione dell\u2019assistenza e applicare le conoscenze acquisite per mantenere un ambiente terapeutico adeguato alla cura della persona e per applicare le diverse metodologie operative di carattere sanitario sugli assistiti.<\/li>\r\n<\/ul>\r\nIL CORSO E\u2019 ACCREDITATO DALLA REGIONE SICILIANA, ASSESSORATO ALLA SALUTE, AI SENSI DEL DECRETO DEL 12 AGOSTO 2020 (GURS N. 45\/2020) e ACCORDO STATO REGIONI DEL 22 FEBBRAIO 2001.\r\n\r\nPROGRAMMA \u2013 le materie di insegnamento sono articolate nelle seguenti aree disciplinari","_et_gb_content_width":"","_joinchat":[]},"product_brand":[],"product_cat":[96,21],"product_tag":[],"class_list":{"0":"post-3973","1":"product","2":"type-product","3":"status-publish","4":"has-post-thumbnail","6":"product_cat-agricoltura","7":"product_cat-alimentare","9":"first","10":"instock","11":"shipping-taxable","12":"product-type-simple"},"yoast_head":"<!-- This site is optimized with the Yoast SEO plugin v27.0 - https:\/\/yoast.com\/product\/yoast-seo-wordpress\/ -->\n<title>Personale addetto all&#039;abbattimento degli animali presso i macelli - Accademia Eraclitea<\/title>\n<meta name=\"robots\" content=\"index, follow, max-snippet:-1, max-image-preview:large, max-video-preview:-1\" \/>\n<link rel=\"canonical\" href=\"https:\/\/eraclitea.it\/it\/prodotto\/personale-addetto-allabbattimento-degli-animali-presso-i-macelli\/\" \/>\n<meta property=\"og:locale\" content=\"it_IT\" \/>\n<meta property=\"og:type\" content=\"article\" \/>\n<meta property=\"og:title\" content=\"Personale addetto all&#039;abbattimento degli animali presso i macelli - Accademia Eraclitea\" \/>\n<meta property=\"og:description\" content=\"8 ore Corso di formazione obbligatorio per il personale addetto all\u2019abbattimento degli animali presso i macelli (Reg. CE 1099\/2009 e Circolare Ministero della Salute 213\/2013)\" \/>\n<meta property=\"og:url\" content=\"https:\/\/eraclitea.it\/it\/prodotto\/personale-addetto-allabbattimento-degli-animali-presso-i-macelli\/\" \/>\n<meta property=\"og:site_name\" content=\"Accademia Eraclitea\" \/>\n<meta property=\"article:modified_time\" content=\"2021-08-04T14:23:46+00:00\" \/>\n<meta property=\"og:image\" content=\"https:\/\/eraclitea.it\/it\/wp-content\/uploads\/2021\/03\/macelli@2x.png\" \/>\n\t<meta property=\"og:image:width\" content=\"350\" \/>\n\t<meta property=\"og:image:height\" content=\"200\" \/>\n\t<meta property=\"og:image:type\" content=\"image\/png\" \/>\n<meta name=\"twitter:card\" content=\"summary_large_image\" \/>\n<meta name=\"twitter:label1\" content=\"Tempo di lettura stimato\" \/>\n\t<meta name=\"twitter:data1\" content=\"4 minuti\" \/>\n<script type=\"application\/ld+json\" class=\"yoast-schema-graph\">{\"@context\":\"https:\/\/schema.org\",\"@graph\":[{\"@type\":\"WebPage\",\"@id\":\"https:\/\/eraclitea.it\/it\/prodotto\/personale-addetto-allabbattimento-degli-animali-presso-i-macelli\/\",\"url\":\"https:\/\/eraclitea.it\/it\/prodotto\/personale-addetto-allabbattimento-degli-animali-presso-i-macelli\/\",\"name\":\"Personale addetto all'abbattimento degli animali presso i macelli - Accademia Eraclitea\",\"isPartOf\":{\"@id\":\"https:\/\/eraclitea.it\/it\/#website\"},\"primaryImageOfPage\":{\"@id\":\"https:\/\/eraclitea.it\/it\/prodotto\/personale-addetto-allabbattimento-degli-animali-presso-i-macelli\/#primaryimage\"},\"image\":{\"@id\":\"https:\/\/eraclitea.it\/it\/prodotto\/personale-addetto-allabbattimento-degli-animali-presso-i-macelli\/#primaryimage\"},\"thumbnailUrl\":\"https:\/\/eraclitea.it\/it\/wp-content\/uploads\/2021\/03\/macelli@2x.png\",\"datePublished\":\"2021-03-25T14:56:30+00:00\",\"dateModified\":\"2021-08-04T14:23:46+00:00\",\"breadcrumb\":{\"@id\":\"https:\/\/eraclitea.it\/it\/prodotto\/personale-addetto-allabbattimento-degli-animali-presso-i-macelli\/#breadcrumb\"},\"inLanguage\":\"it-IT\",\"potentialAction\":[{\"@type\":\"ReadAction\",\"target\":[\"https:\/\/eraclitea.it\/it\/prodotto\/personale-addetto-allabbattimento-degli-animali-presso-i-macelli\/\"]}]},{\"@type\":\"ImageObject\",\"inLanguage\":\"it-IT\",\"@id\":\"https:\/\/eraclitea.it\/it\/prodotto\/personale-addetto-allabbattimento-degli-animali-presso-i-macelli\/#primaryimage\",\"url\":\"https:\/\/eraclitea.it\/it\/wp-content\/uploads\/2021\/03\/macelli@2x.png\",\"contentUrl\":\"https:\/\/eraclitea.it\/it\/wp-content\/uploads\/2021\/03\/macelli@2x.png\",\"width\":350,\"height\":200},{\"@type\":\"BreadcrumbList\",\"@id\":\"https:\/\/eraclitea.it\/it\/prodotto\/personale-addetto-allabbattimento-degli-animali-presso-i-macelli\/#breadcrumb\",\"itemListElement\":[{\"@type\":\"ListItem\",\"position\":1,\"name\":\"Home\",\"item\":\"https:\/\/eraclitea.it\/it\/\"},{\"@type\":\"ListItem\",\"position\":2,\"name\":\"Corsi\",\"item\":\"https:\/\/eraclitea.it\/it\/corsi\/\"},{\"@type\":\"ListItem\",\"position\":3,\"name\":\"Personale addetto all&#8217;abbattimento degli animali presso i macelli\"}]},{\"@type\":\"WebSite\",\"@id\":\"https:\/\/eraclitea.it\/it\/#website\",\"url\":\"https:\/\/eraclitea.it\/it\/\",\"name\":\"Accademia Eraclitea\",\"description\":\"Ente di Ricerca e di Alta Formazione Accreditato\",\"potentialAction\":[{\"@type\":\"SearchAction\",\"target\":{\"@type\":\"EntryPoint\",\"urlTemplate\":\"https:\/\/eraclitea.it\/it\/?s={search_term_string}\"},\"query-input\":{\"@type\":\"PropertyValueSpecification\",\"valueRequired\":true,\"valueName\":\"search_term_string\"}}],\"inLanguage\":\"it-IT\"}]}<\/script>\n<!-- \/ Yoast SEO plugin. -->","yoast_head_json":{"title":"Personale addetto all'abbattimento degli animali presso i macelli - Accademia Eraclitea","robots":{"index":"index","follow":"follow","max-snippet":"max-snippet:-1","max-image-preview":"max-image-preview:large","max-video-preview":"max-video-preview:-1"},"canonical":"https:\/\/eraclitea.it\/it\/prodotto\/personale-addetto-allabbattimento-degli-animali-presso-i-macelli\/","og_locale":"it_IT","og_type":"article","og_title":"Personale addetto all'abbattimento degli animali presso i macelli - Accademia Eraclitea","og_description":"8 ore Corso di formazione obbligatorio per il personale addetto all\u2019abbattimento degli animali presso i macelli (Reg. CE 1099\/2009 e Circolare Ministero della Salute 213\/2013)","og_url":"https:\/\/eraclitea.it\/it\/prodotto\/personale-addetto-allabbattimento-degli-animali-presso-i-macelli\/","og_site_name":"Accademia Eraclitea","article_modified_time":"2021-08-04T14:23:46+00:00","og_image":[{"width":350,"height":200,"url":"https:\/\/eraclitea.it\/it\/wp-content\/uploads\/2021\/03\/macelli@2x.png","type":"image\/png"}],"twitter_card":"summary_large_image","twitter_misc":{"Tempo di lettura stimato":"4 minuti"},"schema":{"@context":"https:\/\/schema.org","@graph":[{"@type":"WebPage","@id":"https:\/\/eraclitea.it\/it\/prodotto\/personale-addetto-allabbattimento-degli-animali-presso-i-macelli\/","url":"https:\/\/eraclitea.it\/it\/prodotto\/personale-addetto-allabbattimento-degli-animali-presso-i-macelli\/","name":"Personale addetto all'abbattimento degli animali presso i macelli - Accademia Eraclitea","isPartOf":{"@id":"https:\/\/eraclitea.it\/it\/#website"},"primaryImageOfPage":{"@id":"https:\/\/eraclitea.it\/it\/prodotto\/personale-addetto-allabbattimento-degli-animali-presso-i-macelli\/#primaryimage"},"image":{"@id":"https:\/\/eraclitea.it\/it\/prodotto\/personale-addetto-allabbattimento-degli-animali-presso-i-macelli\/#primaryimage"},"thumbnailUrl":"https:\/\/eraclitea.it\/it\/wp-content\/uploads\/2021\/03\/macelli@2x.png","datePublished":"2021-03-25T14:56:30+00:00","dateModified":"2021-08-04T14:23:46+00:00","breadcrumb":{"@id":"https:\/\/eraclitea.it\/it\/prodotto\/personale-addetto-allabbattimento-degli-animali-presso-i-macelli\/#breadcrumb"},"inLanguage":"it-IT","potentialAction":[{"@type":"ReadAction","target":["https:\/\/eraclitea.it\/it\/prodotto\/personale-addetto-allabbattimento-degli-animali-presso-i-macelli\/"]}]},{"@type":"ImageObject","inLanguage":"it-IT","@id":"https:\/\/eraclitea.it\/it\/prodotto\/personale-addetto-allabbattimento-degli-animali-presso-i-macelli\/#primaryimage","url":"https:\/\/eraclitea.it\/it\/wp-content\/uploads\/2021\/03\/macelli@2x.png","contentUrl":"https:\/\/eraclitea.it\/it\/wp-content\/uploads\/2021\/03\/macelli@2x.png","width":350,"height":200},{"@type":"BreadcrumbList","@id":"https:\/\/eraclitea.it\/it\/prodotto\/personale-addetto-allabbattimento-degli-animali-presso-i-macelli\/#breadcrumb","itemListElement":[{"@type":"ListItem","position":1,"name":"Home","item":"https:\/\/eraclitea.it\/it\/"},{"@type":"ListItem","position":2,"name":"Corsi","item":"https:\/\/eraclitea.it\/it\/corsi\/"},{"@type":"ListItem","position":3,"name":"Personale addetto all&#8217;abbattimento degli animali presso i macelli"}]},{"@type":"WebSite","@id":"https:\/\/eraclitea.it\/it\/#website","url":"https:\/\/eraclitea.it\/it\/","name":"Accademia Eraclitea","description":"Ente di Ricerca e di Alta Formazione Accreditato","potentialAction":[{"@type":"SearchAction","target":{"@type":"EntryPoint","urlTemplate":"https:\/\/eraclitea.it\/it\/?s={search_term_string}"},"query-input":{"@type":"PropertyValueSpecification","valueRequired":true,"valueName":"search_term_string"}}],"inLanguage":"it-IT"}]}},"jetpack_sharing_enabled":true,"_links":{"self":[{"href":"https:\/\/eraclitea.it\/it\/wp-json\/wp\/v2\/product\/3973","targetHints":{"allow":["GET"]}}],"collection":[{"href":"https:\/\/eraclitea.it\/it\/wp-json\/wp\/v2\/product"}],"about":[{"href":"https:\/\/eraclitea.it\/it\/wp-json\/wp\/v2\/types\/product"}],"replies":[{"embeddable":true,"href":"https:\/\/eraclitea.it\/it\/wp-json\/wp\/v2\/comments?post=3973"}],"wp:featuredmedia":[{"embeddable":true,"href":"https:\/\/eraclitea.it\/it\/wp-json\/wp\/v2\/media\/4760"}],"wp:attachment":[{"href":"https:\/\/eraclitea.it\/it\/wp-json\/wp\/v2\/media?parent=3973"}],"wp:term":[{"taxonomy":"product_brand","embeddable":true,"href":"https:\/\/eraclitea.it\/it\/wp-json\/wp\/v2\/product_brand?post=3973"},{"taxonomy":"product_cat","embeddable":true,"href":"https:\/\/eraclitea.it\/it\/wp-json\/wp\/v2\/product_cat?post=3973"},{"taxonomy":"product_tag","embeddable":true,"href":"https:\/\/eraclitea.it\/it\/wp-json\/wp\/v2\/product_tag?post=3973"}],"curies":[{"name":"wp","href":"https:\/\/api.w.org\/{rel}","templated":true}]}}