{"id":3838,"date":"2021-03-21T20:55:24","date_gmt":"2021-03-21T20:55:24","guid":{"rendered":"https:\/\/eraclitea.it\/eracliteait\/?post_type=product&#038;p=3838"},"modified":"2025-06-12T12:56:51","modified_gmt":"2025-06-12T12:56:51","slug":"corso-ed-esami-per-ege-esperto-in-gestione-dellenergia","status":"publish","type":"product","link":"https:\/\/eraclitea.it\/it\/prodotto\/corso-ed-esami-per-ege-esperto-in-gestione-dellenergia\/","title":{"rendered":"EGE &#8211; Esperto in Gestione dell&#8217;Energia"},"content":{"rendered":"<div class=\"et_pb_module et_pb_blurb et_pb_blurb_1_tb_body et_pb_text_align_left et_pb_blurb_position_left et_pb_bg_layout_light\">\n<table style=\"border: 0px; height: 244px; width: 721px;\">\n<tbody>\n<tr style=\"height: 75px;\">\n<td style=\"width: 38.75px; height: 75px;\"><a href=\"https:\/\/eraclitea.it\/it\/wp-content\/uploads\/2021\/01\/orolo2.png\"><img loading=\"lazy\" decoding=\"async\" class=\"alignnone wp-image-887 \" src=\"https:\/\/eraclitea.it\/it\/wp-content\/uploads\/2021\/03\/tempo.png\" alt=\"\" width=\"33\" height=\"33\" \/><\/a><\/td>\n<td style=\"width: 147.841px; height: 75px;\">\n<h4 class=\"et_pb_module_header\">Durata del corso:<\/h4>\n<\/td>\n<td style=\"width: 515.114px; height: 75px;\">40 Ore<\/td>\n<\/tr>\n<tr style=\"height: 75px;\">\n<td style=\"width: 38.75px; height: 75px;\"><a href=\"https:\/\/eraclitea.it\/it\/wp-content\/uploads\/2021\/03\/Tavola-da-disegno-\u2013-13.png\"><img loading=\"lazy\" decoding=\"async\" class=\"alignnone wp-image-3710 \" src=\"https:\/\/eraclitea.it\/it\/wp-content\/uploads\/2021\/03\/Tavola-da-disegno-\u2013-13-300x300.png\" alt=\"\" width=\"39\" height=\"39\" srcset=\"https:\/\/eraclitea.it\/it\/wp-content\/uploads\/2021\/03\/Tavola-da-disegno-\u2013-13-300x300.png 300w, https:\/\/eraclitea.it\/it\/wp-content\/uploads\/2021\/03\/Tavola-da-disegno-\u2013-13-150x150.png 150w, https:\/\/eraclitea.it\/it\/wp-content\/uploads\/2021\/03\/Tavola-da-disegno-\u2013-13-100x100.png 100w, https:\/\/eraclitea.it\/it\/wp-content\/uploads\/2021\/03\/Tavola-da-disegno-\u2013-13-64x64.png 64w, https:\/\/eraclitea.it\/it\/wp-content\/uploads\/2021\/03\/Tavola-da-disegno-\u2013-13.png 400w\" sizes=\"(max-width: 39px) 100vw, 39px\" \/><\/a><\/td>\n<td style=\"width: 147.841px; height: 75px;\">\n<h4>N. Partecipanti:<\/h4>\n<\/td>\n<td style=\"width: 515.114px; height: 75px;\">20 Max<\/td>\n<\/tr>\n<tr style=\"height: 73.4034px;\">\n<td style=\"width: 38.75px; height: 73.4034px;\"><a href=\"https:\/\/eraclitea.it\/it\/wp-content\/uploads\/2021\/04\/Tavola-da-disegno-\u2013-13-2.png\"><img loading=\"lazy\" decoding=\"async\" class=\"alignnone size-medium wp-image-5967\" src=\"https:\/\/eraclitea.it\/it\/wp-content\/uploads\/2021\/04\/Tavola-da-disegno-\u2013-13-2-300x300.png\" alt=\"\" width=\"300\" height=\"300\" \/><\/a><\/td>\n<td style=\"width: 147.841px; height: 73.4034px;\">\n<h4>A chi \u00e8 rivolto:<\/h4>\n<\/td>\n<td style=\"width: 515.114px; height: 73.4034px;\">Periti Industriali, Laureati in chimica, Periti Agrari, Geometri, Architetti, Ingegneri, Laureati in Scienze e Tecnologie Agrarie e Scienze e Tecnologie Forestali e Ambientali, Enti Pubblici.<\/td>\n<\/tr>\n<\/tbody>\n<\/table>\n<\/div>\n<p>&nbsp;<\/p>\n<h3 class=\"style54\">Obiettivi del corso<\/h3>\n<p class=\"corso-qualificato\">Il corso\u00a0per EGE &#8211; Esperto in Gestione dell&#8217;Energia\u00a0prepara\u00a0i partecipanti a svolgere il ruolo di Responsabile, nominato ai sensi dell&#8217;articolo 19 della Legge 10\/91 e successive modifiche e integrazioni, mediante l&#8217;aggiornamento su legislazione e tecnologie, e offrono una formazione su temi specifici di energy management sia a chi \u00e8 nominato, sia a chi intenda intraprendere tale attivit\u00e0 ed abbia gi\u00e0 delle competenze sul tema della gestione dell&#8217;energia.<\/p>\n<p>Ai sensi dell\u2019articolo 19 della Legge 10\/91 tutti i soggetti consumatori di energia, pubblici o privati, con consumi energetici rilevanti, sono obbligati, ogni anno, a effettuare la nomina dell\u2019EGE &#8211; Esperto in Gestione dell&#8217;Energia come\u00a0meglio delineato con il D.lgs.\u00a0115\/08 il quale lo identifica nel soggetto\u00a0che ha le conoscenze, l\u2019esperienza\u00a0e la capacit\u00e0 necessarie per\u00a0gestire l\u2019uso dell\u2019energia in modo efficiente,\u00a0nel settore civile e industriale.<\/p>\n<p align=\"justify\">La figura dell&#8217;Energy Manager con il l D.lgs. 4 luglio 2014, n. 102, ne ha previsto un cambio lessicale: non pi\u00f9 Energy Manager ma Esperto in Gestione dell\u2019Energia (EGE).<\/p>\n<p align=\"justify\">La norma norma UNI CEI 11339:2023 stabilisce i requisiti generali e le procedure per la qualifica dell&#8217; EGE &#8211; Esperto in Gestione dell&#8217;Energia: si tratta di capacit\u00e0 sviluppabili attraverso un percorso formativo adeguato e, soprattutto, mediante esperienze sul campo.<\/p>\n<p>L\u2019EGE \u00e8 una figura professionale moderna e interdisciplinare chiamata ad agire nel contesto di un nuovo mercato europeo dell\u2019energia che, in attuazione delle Direttive comunitarie che impongono la liberalizzazione del settore, sta cambiando profondamente anche l\u2019equilibrio degli interessi tra consumatorie e fornitori di energia.<\/p>\n<p>A partire dal luglio 2016 le\u00a0<strong>diagnosi energetiche obbligatorie per le grandi aziende<\/strong>, realizzate ai sensi D.Lgs. 102-2014 devono essere\u00a0<strong>redatte da EGE certificati<\/strong>\u00a0da organizzazioni terze ai sensi dello schema definito dalla\u00a0<strong>Norma CEI UNI 11339<\/strong>. Tale certificazione pu\u00f2 portare un vantaggio competitivo in quanto fornisce al cliente la garanzia di un ente terzo in riferimento alla preparazione e all\u2019aggiornamento del professionista.<\/p>\n<h3><\/h3>\n<h3>Programma Corso<\/h3>\n<div class='et-learn-more clearfix'>\n\t\t\t\t\t<h3 class='heading-more'>MODULO FORMATIVO <span class='et_learnmore_arrow'><span><\/span><\/span><\/h3>\n\t\t\t\t\t<div class='learn-more-content'><ul>\n<li>Definizioni e convenzioni<\/li>\n<li>Direttive europee<\/li>\n<li>Quadro Legislativo italiano \u2013 evoluzione dal 1990 ad oggi<\/li>\n<li>Norma UNI CEI 11339:2023<\/li>\n<li>Norma CEI UNI 11352<\/li>\n<li>Norma CEI UNI EN ISO 50001<\/li>\n<li>Professione EGE &#8211; Esperto in Gestione dell&#8217;Energia;<\/li>\n<li>Fare efficienza energetica;<\/li>\n<li>Efficienza energetica degli edifici;<\/li>\n<li>Energia solare;<\/li>\n<li>Riscaldamento, raffrescamento e illuminazione ad alta efficienza;<\/li>\n<\/ul><\/div>\n\t\t\t\t<\/div>\n<h3><\/h3>\n<h3><\/h3>\n<h3>Certificazione<\/h3>\n<p>Il rilascio dell\u2019attestato \u00e8 subordinato alla frequenza di almeno l\u201980% delle ore di corso ed al superamento di un esame finale di verifica.<\/p>\n<p><strong>N.B.: Al termine del percorso formativo, gli interessati potranno \u2013 previo pagamento \u2013 sostenere gli esami di certificazione delle competenze per il profilo di <\/strong><strong>Esperto in Gestione dell&#8217;Energia&#8221;, ai sensi della norma UNI CEI 11339:2023, con l\u2019ente di certificazione KIWA, accreditato Accredia, presso la sede dell\u2019Accademia Eraclitea a Catania.<\/strong><\/p>\n<p>&nbsp;<\/p>\n<p>&nbsp;<\/p>\n<p>&nbsp;<\/p>\n<p><code><\/code><\/p>\n","protected":false},"excerpt":{"rendered":"<h4>40 ore (on line)<\/h4>\n<p>La figura dell&#8217; Esperto in Gestione dell\u2019Energia\u00a0(EGE).<\/p>\n","protected":false},"featured_media":3857,"comment_status":"open","ping_status":"closed","template":"","meta":{"_et_pb_use_builder":"off","_et_pb_old_content":"OBIETTIVI DEL CORSO\r\n\r\nIl corso di qualifica per Operatore Socio Sanitario \u00e8 volto a formare operatori in grado di intervenire nelle situazioni caratterizzate da mancanza temporanea e\/o permanente di autonomia psicofisica. Grazie alla formazione teorico-pratica e al tirocinio pratico, gli allievi avranno l\u2019opportunit\u00e0 di sviluppare competenze professionali volte a:\r\n<ul>\r\n \t<li>identificare, classificare ed interpretare le problematiche delle diverse tipologie di utenze (minori, anziani, persone con disabilit\u00e0, pazienti oncologici);<\/li>\r\n \t<li>conoscere l\u2019organizzazione dei servizi sociali e sanitari; acquisire elementi di igiene e prevenzione e di anatomia, fisiologia e dietetica;<\/li>\r\n \t<li>identificare gli elementi necessari alla pianificazione dell\u2019assistenza e applicare le conoscenze acquisite per mantenere un ambiente terapeutico adeguato alla cura della persona e per applicare le diverse metodologie operative di carattere sanitario sugli assistiti.<\/li>\r\n<\/ul>\r\nIL CORSO E\u2019 ACCREDITATO DALLA REGIONE SICILIANA, ASSESSORATO ALLA SALUTE, AI SENSI DEL DECRETO DEL 12 AGOSTO 2020 (GURS N. 45\/2020) e ACCORDO STATO REGIONI DEL 22 FEBBRAIO 2001.\r\n\r\nPROGRAMMA \u2013 le materie di insegnamento sono articolate nelle seguenti aree disciplinari","_et_gb_content_width":"","_joinchat":[]},"product_brand":[],"product_cat":[23,26,47],"product_tag":[73,65],"class_list":{"0":"post-3838","1":"product","2":"type-product","3":"status-publish","4":"has-post-thumbnail","6":"product_cat-energia-e-ambiente","7":"product_cat-immobiliare","8":"product_cat-online","9":"product_tag-energia-e-ambiente","10":"product_tag-immobiliare","12":"first","13":"instock","14":"shipping-taxable","15":"product-type-simple"},"yoast_head":"<!-- This site is optimized with the Yoast SEO plugin v27.0 - https:\/\/yoast.com\/product\/yoast-seo-wordpress\/ -->\n<title>EGE - Esperto in Gestione dell&#039;Energia - Accademia Eraclitea<\/title>\n<meta name=\"robots\" content=\"index, follow, max-snippet:-1, max-image-preview:large, max-video-preview:-1\" \/>\n<link rel=\"canonical\" href=\"https:\/\/eraclitea.it\/it\/prodotto\/corso-ed-esami-per-ege-esperto-in-gestione-dellenergia\/\" \/>\n<meta property=\"og:locale\" content=\"it_IT\" \/>\n<meta property=\"og:type\" content=\"article\" \/>\n<meta property=\"og:title\" content=\"EGE - Esperto in Gestione dell&#039;Energia - Accademia Eraclitea\" \/>\n<meta property=\"og:description\" content=\"40 ore (on line) La figura dell&#039; Esperto in Gestione dell\u2019Energia\u00a0(EGE).\" \/>\n<meta property=\"og:url\" content=\"https:\/\/eraclitea.it\/it\/prodotto\/corso-ed-esami-per-ege-esperto-in-gestione-dellenergia\/\" \/>\n<meta property=\"og:site_name\" content=\"Accademia Eraclitea\" \/>\n<meta property=\"article:modified_time\" content=\"2025-06-12T12:56:51+00:00\" \/>\n<meta property=\"og:image\" content=\"https:\/\/eraclitea.it\/it\/wp-content\/uploads\/2021\/03\/Corso-ed-esami-per-EGE-Esperto-in-Gestione-dellEnergia@2x.png\" \/>\n\t<meta property=\"og:image:width\" content=\"350\" \/>\n\t<meta property=\"og:image:height\" content=\"200\" \/>\n\t<meta property=\"og:image:type\" content=\"image\/png\" \/>\n<meta name=\"twitter:card\" content=\"summary_large_image\" \/>\n<meta name=\"twitter:label1\" content=\"Tempo di lettura stimato\" \/>\n\t<meta name=\"twitter:data1\" content=\"4 minuti\" \/>\n<script type=\"application\/ld+json\" class=\"yoast-schema-graph\">{\"@context\":\"https:\/\/schema.org\",\"@graph\":[{\"@type\":\"WebPage\",\"@id\":\"https:\/\/eraclitea.it\/it\/prodotto\/corso-ed-esami-per-ege-esperto-in-gestione-dellenergia\/\",\"url\":\"https:\/\/eraclitea.it\/it\/prodotto\/corso-ed-esami-per-ege-esperto-in-gestione-dellenergia\/\",\"name\":\"EGE - Esperto in Gestione dell'Energia - Accademia Eraclitea\",\"isPartOf\":{\"@id\":\"https:\/\/eraclitea.it\/it\/#website\"},\"primaryImageOfPage\":{\"@id\":\"https:\/\/eraclitea.it\/it\/prodotto\/corso-ed-esami-per-ege-esperto-in-gestione-dellenergia\/#primaryimage\"},\"image\":{\"@id\":\"https:\/\/eraclitea.it\/it\/prodotto\/corso-ed-esami-per-ege-esperto-in-gestione-dellenergia\/#primaryimage\"},\"thumbnailUrl\":\"https:\/\/eraclitea.it\/it\/wp-content\/uploads\/2021\/03\/Corso-ed-esami-per-EGE-Esperto-in-Gestione-dellEnergia@2x.png\",\"datePublished\":\"2021-03-21T20:55:24+00:00\",\"dateModified\":\"2025-06-12T12:56:51+00:00\",\"breadcrumb\":{\"@id\":\"https:\/\/eraclitea.it\/it\/prodotto\/corso-ed-esami-per-ege-esperto-in-gestione-dellenergia\/#breadcrumb\"},\"inLanguage\":\"it-IT\",\"potentialAction\":[{\"@type\":\"ReadAction\",\"target\":[\"https:\/\/eraclitea.it\/it\/prodotto\/corso-ed-esami-per-ege-esperto-in-gestione-dellenergia\/\"]}]},{\"@type\":\"ImageObject\",\"inLanguage\":\"it-IT\",\"@id\":\"https:\/\/eraclitea.it\/it\/prodotto\/corso-ed-esami-per-ege-esperto-in-gestione-dellenergia\/#primaryimage\",\"url\":\"https:\/\/eraclitea.it\/it\/wp-content\/uploads\/2021\/03\/Corso-ed-esami-per-EGE-Esperto-in-Gestione-dellEnergia@2x.png\",\"contentUrl\":\"https:\/\/eraclitea.it\/it\/wp-content\/uploads\/2021\/03\/Corso-ed-esami-per-EGE-Esperto-in-Gestione-dellEnergia@2x.png\",\"width\":350,\"height\":200},{\"@type\":\"BreadcrumbList\",\"@id\":\"https:\/\/eraclitea.it\/it\/prodotto\/corso-ed-esami-per-ege-esperto-in-gestione-dellenergia\/#breadcrumb\",\"itemListElement\":[{\"@type\":\"ListItem\",\"position\":1,\"name\":\"Home\",\"item\":\"https:\/\/eraclitea.it\/it\/\"},{\"@type\":\"ListItem\",\"position\":2,\"name\":\"Corsi\",\"item\":\"https:\/\/eraclitea.it\/it\/corsi\/\"},{\"@type\":\"ListItem\",\"position\":3,\"name\":\"EGE &#8211; Esperto in Gestione dell&#8217;Energia\"}]},{\"@type\":\"WebSite\",\"@id\":\"https:\/\/eraclitea.it\/it\/#website\",\"url\":\"https:\/\/eraclitea.it\/it\/\",\"name\":\"Accademia Eraclitea\",\"description\":\"Ente di Ricerca e di Alta Formazione Accreditato\",\"potentialAction\":[{\"@type\":\"SearchAction\",\"target\":{\"@type\":\"EntryPoint\",\"urlTemplate\":\"https:\/\/eraclitea.it\/it\/?s={search_term_string}\"},\"query-input\":{\"@type\":\"PropertyValueSpecification\",\"valueRequired\":true,\"valueName\":\"search_term_string\"}}],\"inLanguage\":\"it-IT\"}]}<\/script>\n<!-- \/ Yoast SEO plugin. -->","yoast_head_json":{"title":"EGE - Esperto in Gestione dell'Energia - Accademia Eraclitea","robots":{"index":"index","follow":"follow","max-snippet":"max-snippet:-1","max-image-preview":"max-image-preview:large","max-video-preview":"max-video-preview:-1"},"canonical":"https:\/\/eraclitea.it\/it\/prodotto\/corso-ed-esami-per-ege-esperto-in-gestione-dellenergia\/","og_locale":"it_IT","og_type":"article","og_title":"EGE - Esperto in Gestione dell'Energia - Accademia Eraclitea","og_description":"40 ore (on line) La figura dell' Esperto in Gestione dell\u2019Energia\u00a0(EGE).","og_url":"https:\/\/eraclitea.it\/it\/prodotto\/corso-ed-esami-per-ege-esperto-in-gestione-dellenergia\/","og_site_name":"Accademia Eraclitea","article_modified_time":"2025-06-12T12:56:51+00:00","og_image":[{"width":350,"height":200,"url":"https:\/\/eraclitea.it\/it\/wp-content\/uploads\/2021\/03\/Corso-ed-esami-per-EGE-Esperto-in-Gestione-dellEnergia@2x.png","type":"image\/png"}],"twitter_card":"summary_large_image","twitter_misc":{"Tempo di lettura stimato":"4 minuti"},"schema":{"@context":"https:\/\/schema.org","@graph":[{"@type":"WebPage","@id":"https:\/\/eraclitea.it\/it\/prodotto\/corso-ed-esami-per-ege-esperto-in-gestione-dellenergia\/","url":"https:\/\/eraclitea.it\/it\/prodotto\/corso-ed-esami-per-ege-esperto-in-gestione-dellenergia\/","name":"EGE - Esperto in Gestione dell'Energia - Accademia Eraclitea","isPartOf":{"@id":"https:\/\/eraclitea.it\/it\/#website"},"primaryImageOfPage":{"@id":"https:\/\/eraclitea.it\/it\/prodotto\/corso-ed-esami-per-ege-esperto-in-gestione-dellenergia\/#primaryimage"},"image":{"@id":"https:\/\/eraclitea.it\/it\/prodotto\/corso-ed-esami-per-ege-esperto-in-gestione-dellenergia\/#primaryimage"},"thumbnailUrl":"https:\/\/eraclitea.it\/it\/wp-content\/uploads\/2021\/03\/Corso-ed-esami-per-EGE-Esperto-in-Gestione-dellEnergia@2x.png","datePublished":"2021-03-21T20:55:24+00:00","dateModified":"2025-06-12T12:56:51+00:00","breadcrumb":{"@id":"https:\/\/eraclitea.it\/it\/prodotto\/corso-ed-esami-per-ege-esperto-in-gestione-dellenergia\/#breadcrumb"},"inLanguage":"it-IT","potentialAction":[{"@type":"ReadAction","target":["https:\/\/eraclitea.it\/it\/prodotto\/corso-ed-esami-per-ege-esperto-in-gestione-dellenergia\/"]}]},{"@type":"ImageObject","inLanguage":"it-IT","@id":"https:\/\/eraclitea.it\/it\/prodotto\/corso-ed-esami-per-ege-esperto-in-gestione-dellenergia\/#primaryimage","url":"https:\/\/eraclitea.it\/it\/wp-content\/uploads\/2021\/03\/Corso-ed-esami-per-EGE-Esperto-in-Gestione-dellEnergia@2x.png","contentUrl":"https:\/\/eraclitea.it\/it\/wp-content\/uploads\/2021\/03\/Corso-ed-esami-per-EGE-Esperto-in-Gestione-dellEnergia@2x.png","width":350,"height":200},{"@type":"BreadcrumbList","@id":"https:\/\/eraclitea.it\/it\/prodotto\/corso-ed-esami-per-ege-esperto-in-gestione-dellenergia\/#breadcrumb","itemListElement":[{"@type":"ListItem","position":1,"name":"Home","item":"https:\/\/eraclitea.it\/it\/"},{"@type":"ListItem","position":2,"name":"Corsi","item":"https:\/\/eraclitea.it\/it\/corsi\/"},{"@type":"ListItem","position":3,"name":"EGE &#8211; Esperto in Gestione dell&#8217;Energia"}]},{"@type":"WebSite","@id":"https:\/\/eraclitea.it\/it\/#website","url":"https:\/\/eraclitea.it\/it\/","name":"Accademia Eraclitea","description":"Ente di Ricerca e di Alta Formazione Accreditato","potentialAction":[{"@type":"SearchAction","target":{"@type":"EntryPoint","urlTemplate":"https:\/\/eraclitea.it\/it\/?s={search_term_string}"},"query-input":{"@type":"PropertyValueSpecification","valueRequired":true,"valueName":"search_term_string"}}],"inLanguage":"it-IT"}]}},"jetpack_sharing_enabled":true,"_links":{"self":[{"href":"https:\/\/eraclitea.it\/it\/wp-json\/wp\/v2\/product\/3838","targetHints":{"allow":["GET"]}}],"collection":[{"href":"https:\/\/eraclitea.it\/it\/wp-json\/wp\/v2\/product"}],"about":[{"href":"https:\/\/eraclitea.it\/it\/wp-json\/wp\/v2\/types\/product"}],"replies":[{"embeddable":true,"href":"https:\/\/eraclitea.it\/it\/wp-json\/wp\/v2\/comments?post=3838"}],"wp:featuredmedia":[{"embeddable":true,"href":"https:\/\/eraclitea.it\/it\/wp-json\/wp\/v2\/media\/3857"}],"wp:attachment":[{"href":"https:\/\/eraclitea.it\/it\/wp-json\/wp\/v2\/media?parent=3838"}],"wp:term":[{"taxonomy":"product_brand","embeddable":true,"href":"https:\/\/eraclitea.it\/it\/wp-json\/wp\/v2\/product_brand?post=3838"},{"taxonomy":"product_cat","embeddable":true,"href":"https:\/\/eraclitea.it\/it\/wp-json\/wp\/v2\/product_cat?post=3838"},{"taxonomy":"product_tag","embeddable":true,"href":"https:\/\/eraclitea.it\/it\/wp-json\/wp\/v2\/product_tag?post=3838"}],"curies":[{"name":"wp","href":"https:\/\/api.w.org\/{rel}","templated":true}]}}