{"id":3789,"date":"2021-03-19T14:37:19","date_gmt":"2021-03-19T14:37:19","guid":{"rendered":"https:\/\/eraclitea.it\/eracliteait\/?post_type=product&#038;p=3789"},"modified":"2021-05-21T09:48:26","modified_gmt":"2021-05-21T09:48:26","slug":"corso-gestione-della-maxiemergenza","status":"publish","type":"product","link":"https:\/\/eraclitea.it\/it\/prodotto\/corso-gestione-della-maxiemergenza\/","title":{"rendered":"Gestione della Maxiemergenza"},"content":{"rendered":"<table style=\"border: 0px; height: 244px; width: 721px;\">\n<tbody>\n<tr>\n<td style=\"width: 38.75px;\"><a href=\"https:\/\/eraclitea.it\/it\/wp-content\/uploads\/2021\/01\/orolo2.png\"><img loading=\"lazy\" decoding=\"async\" class=\"alignnone wp-image-887 \" src=\"https:\/\/eraclitea.it\/it\/wp-content\/uploads\/2021\/03\/tempo.png\" alt=\"\" width=\"33\" height=\"33\" \/><\/a><\/td>\n<td style=\"width: 147.841px;\">\n<h4 class=\"et_pb_module_header\">Durata del corso:<\/h4>\n<\/td>\n<td style=\"width: 515.114px;\">12 ore<\/td>\n<\/tr>\n<tr>\n<td style=\"width: 38.75px;\"><a href=\"https:\/\/eraclitea.it\/it\/wp-content\/uploads\/2021\/03\/Tavola-da-disegno-\u2013-13.png\"><img loading=\"lazy\" decoding=\"async\" class=\"alignnone wp-image-3710 \" src=\"https:\/\/eraclitea.it\/it\/wp-content\/uploads\/2021\/03\/Tavola-da-disegno-\u2013-13-300x300.png\" alt=\"\" width=\"39\" height=\"39\" srcset=\"https:\/\/eraclitea.it\/it\/wp-content\/uploads\/2021\/03\/Tavola-da-disegno-\u2013-13-300x300.png 300w, https:\/\/eraclitea.it\/it\/wp-content\/uploads\/2021\/03\/Tavola-da-disegno-\u2013-13-150x150.png 150w, https:\/\/eraclitea.it\/it\/wp-content\/uploads\/2021\/03\/Tavola-da-disegno-\u2013-13-100x100.png 100w, https:\/\/eraclitea.it\/it\/wp-content\/uploads\/2021\/03\/Tavola-da-disegno-\u2013-13-64x64.png 64w, https:\/\/eraclitea.it\/it\/wp-content\/uploads\/2021\/03\/Tavola-da-disegno-\u2013-13.png 400w\" sizes=\"(max-width: 39px) 100vw, 39px\" \/><\/a><\/td>\n<td style=\"width: 147.841px;\">\n<h4>N. Partecipanti:<\/h4>\n<\/td>\n<td style=\"width: 515.114px;\"><\/td>\n<\/tr>\n<tr>\n<td style=\"width: 38.75px;\"><a href=\"https:\/\/eraclitea.it\/it\/wp-content\/uploads\/2021\/04\/Tavola-da-disegno-\u2013-13-2.png\"><img loading=\"lazy\" decoding=\"async\" class=\"alignnone size-medium wp-image-5967\" src=\"https:\/\/eraclitea.it\/it\/wp-content\/uploads\/2021\/04\/Tavola-da-disegno-\u2013-13-2-300x300.png\" alt=\"\" width=\"300\" height=\"300\" \/><\/a><\/td>\n<td style=\"width: 147.841px;\">\n<h4>A chi \u00e8 rivolto:<\/h4>\n<\/td>\n<td style=\"width: 515.114px;\"><\/td>\n<\/tr>\n<\/tbody>\n<\/table>\n<p>&nbsp;<\/p>\n<p>&nbsp;<\/p>\n<h3>Obiettivi del corso<\/h3>\n<p>Il Corso si propone lo sviluppo di conoscenze e competenze tali da poter gestire sotto l\u2019aspetto concettuale ed organizzativo logistico sanitario una maxiemergenza.Una collettivit\u00e0 umana, provocando danni importanti, sia su piano umano che su quello materiale a causa delle quali si determiner\u00e0, almeno temporaneamente, una inadeguatezza tra le forze di soccorso immediatamente disponibili e le reali necessit\u00e0 generate dalle conseguenze dell\u2019avvenimento.L&#8217;applicazione di piani di soccorso attraverso procedure operative consequenziali, insieme alla tattica organizzativa, permette di finalizzare la creazione della catena dei soccorsi al fine di ridurre le vittime in un evento catastrofico.L\u2019obiettivo che il Corso si propone \u00e8 lo sviluppo di conoscenze e competenze tali da poter gestire sotto l\u2019aspetto concettuale ed organizzativo logistico sanitario una maxiemergenza.Verranno forniti elementi di informazione e di valutazione per conoscere le linee-guida da seguire in caso di catastrofe per valutarne la gravit\u00e0 ed adeguare, ove possibile, una efficace macchina dei soccorsi.Il Corso \u00e8 rivolto a Medici, Paramedici, OSS, OSA ed Operatori del soccorso anche non sanitari.<\/p>\n<p>I corsi sono tenuti da istruttori delle <strong>Centrali Operative S.E.U.S. 118.<\/strong><\/p>\n<p>&nbsp;<\/p>\n<h3>Programma Corso<\/h3>\n<div class='et-learn-more clearfix'>\n\t\t\t\t\t<h3 class='heading-more'>Modulo 1 <span class='et_learnmore_arrow'><span><\/span><\/span><\/h3>\n\t\t\t\t\t<div class='learn-more-content'><ul>\n<li>Introduzione<\/li>\n<li>Attivazione catena dei soccorsi<\/li>\n<li>La Medicina delle catastrofi<\/li>\n<li>Il Triage ed i protocolli START e CESIRA<\/li>\n<li>La logistica ed il PMA di I\u00b0 Livello<\/li>\n<li>Comando e coordinamento<\/li>\n<li>Pratica Interattiva<\/li>\n<\/ul><\/div>\n\t\t\t\t<\/div>\n<div class='et-learn-more clearfix'>\n\t\t\t\t\t<h3 class='heading-more'>Test Finale<span class='et_learnmore_arrow'><span><\/span><\/span><\/h3>\n\t\t\t\t\t<div class='learn-more-content'><p>Il corso prevede l&#8217;effettuazione di un\u00a0 test di valutazione finale per valutare il grado di apprendimento degli argomenti trattati.<\/p><\/div>\n\t\t\t\t<\/div>\n<p>&nbsp;<\/p>\n<h3>Certificazione<\/h3>\n<p>Previo superamento dell&#8217;esame finale i partecipanti riceveranno l&#8217;attestato come prevede la normativa vigente in materia<\/p>\n<p>&nbsp;<\/p>\n","protected":false},"excerpt":{"rendered":"<h4>12 ore<\/h4>\n<p>L\u2019obiettivo che il Corso si propone \u00e8 lo sviluppo di conoscenze e competenze tali da poter gestire sotto l\u2019aspetto concettuale ed organizzativo logistico sanitario una maxiemergenza.<\/p>\n","protected":false},"featured_media":3803,"comment_status":"open","ping_status":"closed","template":"","meta":{"_et_pb_use_builder":"off","_et_pb_old_content":"OBIETTIVI DEL CORSO\r\n\r\nIl corso di qualifica per Operatore Socio Sanitario \u00e8 volto a formare operatori in grado di intervenire nelle situazioni caratterizzate da mancanza temporanea e\/o permanente di autonomia psicofisica. Grazie alla formazione teorico-pratica e al tirocinio pratico, gli allievi avranno l\u2019opportunit\u00e0 di sviluppare competenze professionali volte a:\r\n<ul>\r\n \t<li>identificare, classificare ed interpretare le problematiche delle diverse tipologie di utenze (minori, anziani, persone con disabilit\u00e0, pazienti oncologici);<\/li>\r\n \t<li>conoscere l\u2019organizzazione dei servizi sociali e sanitari; acquisire elementi di igiene e prevenzione e di anatomia, fisiologia e dietetica;<\/li>\r\n \t<li>identificare gli elementi necessari alla pianificazione dell\u2019assistenza e applicare le conoscenze acquisite per mantenere un ambiente terapeutico adeguato alla cura della persona e per applicare le diverse metodologie operative di carattere sanitario sugli assistiti.<\/li>\r\n<\/ul>\r\nIL CORSO E\u2019 ACCREDITATO DALLA REGIONE SICILIANA, ASSESSORATO ALLA SALUTE, AI SENSI DEL DECRETO DEL 12 AGOSTO 2020 (GURS N. 45\/2020) e ACCORDO STATO REGIONI DEL 22 FEBBRAIO 2001.\r\n\r\nPROGRAMMA \u2013 le materie di insegnamento sono articolate nelle seguenti aree disciplinari","_et_gb_content_width":"","_joinchat":[]},"product_brand":[],"product_cat":[33],"product_tag":[],"class_list":{"0":"post-3789","1":"product","2":"type-product","3":"status-publish","4":"has-post-thumbnail","6":"product_cat-sanitaria","8":"first","9":"instock","10":"shipping-taxable","11":"product-type-simple"},"yoast_head":"<!-- This site is optimized with the Yoast SEO plugin v27.0 - https:\/\/yoast.com\/product\/yoast-seo-wordpress\/ -->\n<title>Gestione della Maxiemergenza - Accademia Eraclitea<\/title>\n<meta name=\"robots\" content=\"index, follow, max-snippet:-1, max-image-preview:large, max-video-preview:-1\" \/>\n<link rel=\"canonical\" href=\"https:\/\/eraclitea.it\/it\/prodotto\/corso-gestione-della-maxiemergenza\/\" \/>\n<meta property=\"og:locale\" content=\"it_IT\" \/>\n<meta property=\"og:type\" content=\"article\" \/>\n<meta property=\"og:title\" content=\"Gestione della Maxiemergenza - Accademia Eraclitea\" \/>\n<meta property=\"og:description\" content=\"12 ore L\u2019obiettivo che il Corso si propone \u00e8 lo sviluppo di conoscenze e competenze tali da poter gestire sotto l\u2019aspetto concettuale ed organizzativo logistico sanitario una maxiemergenza.\" \/>\n<meta property=\"og:url\" content=\"https:\/\/eraclitea.it\/it\/prodotto\/corso-gestione-della-maxiemergenza\/\" \/>\n<meta property=\"og:site_name\" content=\"Accademia Eraclitea\" \/>\n<meta property=\"article:modified_time\" content=\"2021-05-21T09:48:26+00:00\" \/>\n<meta property=\"og:image\" content=\"https:\/\/eraclitea.it\/it\/wp-content\/uploads\/2021\/03\/CORSO-PER-ADDETTI-ALLA-MOBILIZZAZIONE-DELLE-PERSONE-DISABILI-IN-CORSO-DI-EMERGENZE@2x.png\" \/>\n\t<meta property=\"og:image:width\" content=\"350\" \/>\n\t<meta property=\"og:image:height\" content=\"200\" \/>\n\t<meta property=\"og:image:type\" content=\"image\/png\" \/>\n<meta name=\"twitter:card\" content=\"summary_large_image\" \/>\n<meta name=\"twitter:label1\" content=\"Tempo di lettura stimato\" \/>\n\t<meta name=\"twitter:data1\" content=\"2 minuti\" \/>\n<script type=\"application\/ld+json\" class=\"yoast-schema-graph\">{\"@context\":\"https:\/\/schema.org\",\"@graph\":[{\"@type\":\"WebPage\",\"@id\":\"https:\/\/eraclitea.it\/it\/prodotto\/corso-gestione-della-maxiemergenza\/\",\"url\":\"https:\/\/eraclitea.it\/it\/prodotto\/corso-gestione-della-maxiemergenza\/\",\"name\":\"Gestione della Maxiemergenza - Accademia Eraclitea\",\"isPartOf\":{\"@id\":\"https:\/\/eraclitea.it\/it\/#website\"},\"primaryImageOfPage\":{\"@id\":\"https:\/\/eraclitea.it\/it\/prodotto\/corso-gestione-della-maxiemergenza\/#primaryimage\"},\"image\":{\"@id\":\"https:\/\/eraclitea.it\/it\/prodotto\/corso-gestione-della-maxiemergenza\/#primaryimage\"},\"thumbnailUrl\":\"https:\/\/eraclitea.it\/it\/wp-content\/uploads\/2021\/03\/CORSO-PER-ADDETTI-ALLA-MOBILIZZAZIONE-DELLE-PERSONE-DISABILI-IN-CORSO-DI-EMERGENZE@2x.png\",\"datePublished\":\"2021-03-19T14:37:19+00:00\",\"dateModified\":\"2021-05-21T09:48:26+00:00\",\"breadcrumb\":{\"@id\":\"https:\/\/eraclitea.it\/it\/prodotto\/corso-gestione-della-maxiemergenza\/#breadcrumb\"},\"inLanguage\":\"it-IT\",\"potentialAction\":[{\"@type\":\"ReadAction\",\"target\":[\"https:\/\/eraclitea.it\/it\/prodotto\/corso-gestione-della-maxiemergenza\/\"]}]},{\"@type\":\"ImageObject\",\"inLanguage\":\"it-IT\",\"@id\":\"https:\/\/eraclitea.it\/it\/prodotto\/corso-gestione-della-maxiemergenza\/#primaryimage\",\"url\":\"https:\/\/eraclitea.it\/it\/wp-content\/uploads\/2021\/03\/CORSO-PER-ADDETTI-ALLA-MOBILIZZAZIONE-DELLE-PERSONE-DISABILI-IN-CORSO-DI-EMERGENZE@2x.png\",\"contentUrl\":\"https:\/\/eraclitea.it\/it\/wp-content\/uploads\/2021\/03\/CORSO-PER-ADDETTI-ALLA-MOBILIZZAZIONE-DELLE-PERSONE-DISABILI-IN-CORSO-DI-EMERGENZE@2x.png\",\"width\":350,\"height\":200},{\"@type\":\"BreadcrumbList\",\"@id\":\"https:\/\/eraclitea.it\/it\/prodotto\/corso-gestione-della-maxiemergenza\/#breadcrumb\",\"itemListElement\":[{\"@type\":\"ListItem\",\"position\":1,\"name\":\"Home\",\"item\":\"https:\/\/eraclitea.it\/it\/\"},{\"@type\":\"ListItem\",\"position\":2,\"name\":\"Corsi\",\"item\":\"https:\/\/eraclitea.it\/it\/corsi\/\"},{\"@type\":\"ListItem\",\"position\":3,\"name\":\"Gestione della Maxiemergenza\"}]},{\"@type\":\"WebSite\",\"@id\":\"https:\/\/eraclitea.it\/it\/#website\",\"url\":\"https:\/\/eraclitea.it\/it\/\",\"name\":\"Accademia Eraclitea\",\"description\":\"Ente di Ricerca e di Alta Formazione Accreditato\",\"potentialAction\":[{\"@type\":\"SearchAction\",\"target\":{\"@type\":\"EntryPoint\",\"urlTemplate\":\"https:\/\/eraclitea.it\/it\/?s={search_term_string}\"},\"query-input\":{\"@type\":\"PropertyValueSpecification\",\"valueRequired\":true,\"valueName\":\"search_term_string\"}}],\"inLanguage\":\"it-IT\"}]}<\/script>\n<!-- \/ Yoast SEO plugin. -->","yoast_head_json":{"title":"Gestione della Maxiemergenza - Accademia Eraclitea","robots":{"index":"index","follow":"follow","max-snippet":"max-snippet:-1","max-image-preview":"max-image-preview:large","max-video-preview":"max-video-preview:-1"},"canonical":"https:\/\/eraclitea.it\/it\/prodotto\/corso-gestione-della-maxiemergenza\/","og_locale":"it_IT","og_type":"article","og_title":"Gestione della Maxiemergenza - Accademia Eraclitea","og_description":"12 ore L\u2019obiettivo che il Corso si propone \u00e8 lo sviluppo di conoscenze e competenze tali da poter gestire sotto l\u2019aspetto concettuale ed organizzativo logistico sanitario una maxiemergenza.","og_url":"https:\/\/eraclitea.it\/it\/prodotto\/corso-gestione-della-maxiemergenza\/","og_site_name":"Accademia Eraclitea","article_modified_time":"2021-05-21T09:48:26+00:00","og_image":[{"width":350,"height":200,"url":"https:\/\/eraclitea.it\/it\/wp-content\/uploads\/2021\/03\/CORSO-PER-ADDETTI-ALLA-MOBILIZZAZIONE-DELLE-PERSONE-DISABILI-IN-CORSO-DI-EMERGENZE@2x.png","type":"image\/png"}],"twitter_card":"summary_large_image","twitter_misc":{"Tempo di lettura stimato":"2 minuti"},"schema":{"@context":"https:\/\/schema.org","@graph":[{"@type":"WebPage","@id":"https:\/\/eraclitea.it\/it\/prodotto\/corso-gestione-della-maxiemergenza\/","url":"https:\/\/eraclitea.it\/it\/prodotto\/corso-gestione-della-maxiemergenza\/","name":"Gestione della Maxiemergenza - Accademia Eraclitea","isPartOf":{"@id":"https:\/\/eraclitea.it\/it\/#website"},"primaryImageOfPage":{"@id":"https:\/\/eraclitea.it\/it\/prodotto\/corso-gestione-della-maxiemergenza\/#primaryimage"},"image":{"@id":"https:\/\/eraclitea.it\/it\/prodotto\/corso-gestione-della-maxiemergenza\/#primaryimage"},"thumbnailUrl":"https:\/\/eraclitea.it\/it\/wp-content\/uploads\/2021\/03\/CORSO-PER-ADDETTI-ALLA-MOBILIZZAZIONE-DELLE-PERSONE-DISABILI-IN-CORSO-DI-EMERGENZE@2x.png","datePublished":"2021-03-19T14:37:19+00:00","dateModified":"2021-05-21T09:48:26+00:00","breadcrumb":{"@id":"https:\/\/eraclitea.it\/it\/prodotto\/corso-gestione-della-maxiemergenza\/#breadcrumb"},"inLanguage":"it-IT","potentialAction":[{"@type":"ReadAction","target":["https:\/\/eraclitea.it\/it\/prodotto\/corso-gestione-della-maxiemergenza\/"]}]},{"@type":"ImageObject","inLanguage":"it-IT","@id":"https:\/\/eraclitea.it\/it\/prodotto\/corso-gestione-della-maxiemergenza\/#primaryimage","url":"https:\/\/eraclitea.it\/it\/wp-content\/uploads\/2021\/03\/CORSO-PER-ADDETTI-ALLA-MOBILIZZAZIONE-DELLE-PERSONE-DISABILI-IN-CORSO-DI-EMERGENZE@2x.png","contentUrl":"https:\/\/eraclitea.it\/it\/wp-content\/uploads\/2021\/03\/CORSO-PER-ADDETTI-ALLA-MOBILIZZAZIONE-DELLE-PERSONE-DISABILI-IN-CORSO-DI-EMERGENZE@2x.png","width":350,"height":200},{"@type":"BreadcrumbList","@id":"https:\/\/eraclitea.it\/it\/prodotto\/corso-gestione-della-maxiemergenza\/#breadcrumb","itemListElement":[{"@type":"ListItem","position":1,"name":"Home","item":"https:\/\/eraclitea.it\/it\/"},{"@type":"ListItem","position":2,"name":"Corsi","item":"https:\/\/eraclitea.it\/it\/corsi\/"},{"@type":"ListItem","position":3,"name":"Gestione della Maxiemergenza"}]},{"@type":"WebSite","@id":"https:\/\/eraclitea.it\/it\/#website","url":"https:\/\/eraclitea.it\/it\/","name":"Accademia Eraclitea","description":"Ente di Ricerca e di Alta Formazione Accreditato","potentialAction":[{"@type":"SearchAction","target":{"@type":"EntryPoint","urlTemplate":"https:\/\/eraclitea.it\/it\/?s={search_term_string}"},"query-input":{"@type":"PropertyValueSpecification","valueRequired":true,"valueName":"search_term_string"}}],"inLanguage":"it-IT"}]}},"jetpack_sharing_enabled":true,"_links":{"self":[{"href":"https:\/\/eraclitea.it\/it\/wp-json\/wp\/v2\/product\/3789","targetHints":{"allow":["GET"]}}],"collection":[{"href":"https:\/\/eraclitea.it\/it\/wp-json\/wp\/v2\/product"}],"about":[{"href":"https:\/\/eraclitea.it\/it\/wp-json\/wp\/v2\/types\/product"}],"replies":[{"embeddable":true,"href":"https:\/\/eraclitea.it\/it\/wp-json\/wp\/v2\/comments?post=3789"}],"wp:featuredmedia":[{"embeddable":true,"href":"https:\/\/eraclitea.it\/it\/wp-json\/wp\/v2\/media\/3803"}],"wp:attachment":[{"href":"https:\/\/eraclitea.it\/it\/wp-json\/wp\/v2\/media?parent=3789"}],"wp:term":[{"taxonomy":"product_brand","embeddable":true,"href":"https:\/\/eraclitea.it\/it\/wp-json\/wp\/v2\/product_brand?post=3789"},{"taxonomy":"product_cat","embeddable":true,"href":"https:\/\/eraclitea.it\/it\/wp-json\/wp\/v2\/product_cat?post=3789"},{"taxonomy":"product_tag","embeddable":true,"href":"https:\/\/eraclitea.it\/it\/wp-json\/wp\/v2\/product_tag?post=3789"}],"curies":[{"name":"wp","href":"https:\/\/api.w.org\/{rel}","templated":true}]}}