{"id":3776,"date":"2021-03-19T12:32:31","date_gmt":"2021-03-19T12:32:31","guid":{"rendered":"https:\/\/eraclitea.it\/eracliteait\/?post_type=product&#038;p=3776"},"modified":"2021-05-31T10:20:48","modified_gmt":"2021-05-31T10:20:48","slug":"d-lgs-231-01-ruoli-e-responsabilita","status":"publish","type":"product","link":"https:\/\/eraclitea.it\/it\/prodotto\/d-lgs-231-01-ruoli-e-responsabilita\/","title":{"rendered":"D.lgs. 231\/01 Ruoli e responsabilit\u00e0"},"content":{"rendered":"<table style=\"border: 0px; height: 244px; width: 721px;\">\n<tbody>\n<tr>\n<td style=\"width: 38.75px;\"><a href=\"https:\/\/eraclitea.it\/it\/wp-content\/uploads\/2021\/01\/orolo2.png\"><img loading=\"lazy\" decoding=\"async\" class=\"alignnone wp-image-887 \" src=\"https:\/\/eraclitea.it\/it\/wp-content\/uploads\/2021\/03\/tempo.png\" alt=\"\" width=\"33\" height=\"33\" \/><\/a><\/td>\n<td style=\"width: 147.841px;\">\n<h4 class=\"et_pb_module_header\">Durata del corso:<\/h4>\n<\/td>\n<td style=\"width: 515.114px;\">4 ore (on line)<\/td>\n<\/tr>\n<tr>\n<td style=\"width: 38.75px;\"><a href=\"https:\/\/eraclitea.it\/it\/wp-content\/uploads\/2021\/03\/Tavola-da-disegno-\u2013-13.png\"><img loading=\"lazy\" decoding=\"async\" class=\"alignnone wp-image-3710 \" src=\"https:\/\/eraclitea.it\/it\/wp-content\/uploads\/2021\/03\/Tavola-da-disegno-\u2013-13-300x300.png\" alt=\"\" width=\"39\" height=\"39\" srcset=\"https:\/\/eraclitea.it\/it\/wp-content\/uploads\/2021\/03\/Tavola-da-disegno-\u2013-13-300x300.png 300w, https:\/\/eraclitea.it\/it\/wp-content\/uploads\/2021\/03\/Tavola-da-disegno-\u2013-13-150x150.png 150w, https:\/\/eraclitea.it\/it\/wp-content\/uploads\/2021\/03\/Tavola-da-disegno-\u2013-13-100x100.png 100w, https:\/\/eraclitea.it\/it\/wp-content\/uploads\/2021\/03\/Tavola-da-disegno-\u2013-13-64x64.png 64w, https:\/\/eraclitea.it\/it\/wp-content\/uploads\/2021\/03\/Tavola-da-disegno-\u2013-13.png 400w\" sizes=\"(max-width: 39px) 100vw, 39px\" \/><\/a><\/td>\n<td style=\"width: 147.841px;\">\n<h4>N. Partecipanti:<\/h4>\n<\/td>\n<td style=\"width: 515.114px;\">20 Max<\/td>\n<\/tr>\n<tr>\n<td style=\"width: 38.75px;\"><a href=\"https:\/\/eraclitea.it\/it\/wp-content\/uploads\/2021\/04\/Tavola-da-disegno-\u2013-13-2.png\"><img loading=\"lazy\" decoding=\"async\" class=\"alignnone size-medium wp-image-5967\" src=\"https:\/\/eraclitea.it\/it\/wp-content\/uploads\/2021\/04\/Tavola-da-disegno-\u2013-13-2-300x300.png\" alt=\"\" width=\"300\" height=\"300\" \/><\/a><\/td>\n<td style=\"width: 147.841px;\">\n<h4>A chi \u00e8 rivolto:<\/h4>\n<\/td>\n<td style=\"width: 515.114px;\">datori di lavoro, gli amministratori, i dirigenti ma anche tutti i collaboratori aziendali, interni ed esterni.<\/td>\n<\/tr>\n<\/tbody>\n<\/table>\n<p>&nbsp;<\/p>\n<p>&nbsp;<\/p>\n<p><span style=\"color: #333333; font-size: 22px;\">Obiettivi del corso<\/span><\/p>\n<p>Il D.lgs. n. 231\/01 introduce nel nostro ordinamento la responsabilit\u00e0 \u201camministrativa\u201d delle societ\u00e0 e delle associazioni per reati commessi nel suo interesse o a suo vantaggio da persone che hanno funzioni di amministrazione o di direzione nonch\u00e9 da persone che ne esercitano, anche di fatto, la gestione e il controllo. L\u2019azienda \u00e8 anche responsabile se i reati sono commessi da persone sottoposte alla direzione o alla vigilanza di questi soggetti. La recente giurisprudenza stabilisce inoltre che alcuni dei reati previsti dal D.lgs. 231\/2001 possono avere origine anche da comportamenti colposi caratterizzati da negligenza, imprudenza, imperizia oppure inosservanza di leggi, regolamenti, ordini o discipline. La responsabilit\u00e0 dell\u2019ente \u00e8 sempre presunta, salvo provi di aver adottato un modello organizzativo e gestionale idoneo a prevenire il reato commesso e ne abbia vigilato sull\u2019efficace attuazione. Una specifica formazione delle persone che hanno funzioni di direzione e delle persone sottoposte alla loro vigilanza \u00e8 una delle condizioni essenziali per un\u2019efficace attuazione di questi modelli.<\/p>\n<p>&nbsp;<\/p>\n<h3>Il corso di\u00a0formazione<\/h3>\n<p><strong>Il corso di formazione<\/strong> \u201cIl D.lgs. 231\/2001: ruoli e responsabilit\u00e0 dei soggetti coinvolti\u201d ho proprio l\u2019obiettivo di rispondere a questa necessit\u00e0: illustra i principi base della responsabilit\u00e0 amministrativa delle persone giuridiche presentando i ruoli e le responsabilit\u00e0 di tutti i soggetti coinvolti nella gestione della prevenzione dei reati previsti dal D.lgs. 231\/2001. Destinatari sono quindi i datori di lavoro, gli amministratori, i dirigenti ma anche tutti i collaboratori aziendali, interni ed esterni. Il corso analizza il D.lgs. 231\/2001 e i principali riferimenti normativi collegati, definisce il concetto di responsabilit\u00e0 amministrativa degli enti e di interesse e vantaggio, illustra l\u2019ambito di applicazione del decreto, i soggetti e gli enti interessati, i reati e le sanzioni pecuniarie e interdittive previste. \u00c8 inoltre fornito un quadro delle responsabilit\u00e0 dell\u2019ente, dei soggetti apicali e di quelle dei soggetti sottoposti alla loro vigilanza, con riferimenti al codice etico e al sistema disciplinare. Presenta i modelli di organizzazione e gestione e i relativi principi di vigilanza, controllo e attuazione, comprendendo anche accenni ai modelli di gestione per la tutela della sicurezza sul lavoro.<\/p>\n<p>&nbsp;<\/p>\n<h3>Programma Corso<\/h3>\n<div class='et-learn-more clearfix'>\n\t\t\t\t\t<h3 class='heading-more'>MODULO FORMATIVO<span class='et_learnmore_arrow'><span><\/span><\/span><\/h3>\n\t\t\t\t\t<div class='learn-more-content'><ul>\n<li>Il D. Lgs. 231\/2001 e i principi normativi<\/li>\n<li>\u00a0La responsabilit\u00e0 amministrativa delle societ\u00e0 ed enti<\/li>\n<li>L\u2019ambito di applicazione<\/li>\n<li>L\u2019interesse e il vantaggio<\/li>\n<li>I soggetti e gli enti interessati<\/li>\n<li>I reati<\/li>\n<li>Le sanzioni pecuniarie e interdittive<\/li>\n<li>Le responsabilit\u00e0 dell\u2019ente<\/li>\n<li>Le responsabilit\u00e0 dei soggetti apicali e dei sottoposti alla vigilanza<\/li>\n<li>I modelli di organizzazione e gestione<\/li>\n<li>La vigilanza e il controllo dell\u2019attuazione del modello di organizzazione e gestione<\/li>\n<li>L\u2019Organismo di vigilanza e controllo<\/li>\n<li>I modelli di gestione per la tutela della sicurezza sul lavoro<\/li>\n<li>L\u2019integrazione tra i modelli di gestione<\/li>\n<li>Il codice etico e il sistema disciplinare<\/li>\n<\/ul><\/div>\n\t\t\t\t<\/div>\n<div class='et-learn-more clearfix'>\n\t\t\t\t\t<h3 class='heading-more'>Test Finale<span class='et_learnmore_arrow'><span><\/span><\/span><\/h3>\n\t\t\t\t\t<div class='learn-more-content'><p>\u2022 Test di verifica con domande a risposta multipla<\/p><\/div>\n\t\t\t\t<\/div>\n<p>&nbsp;<\/p>\n<h3>Certificazione<\/h3>\n<p>Al termine del corso verr\u00e0 rilasciato un attestato di frequenza ai sensi della normativa vigente in materia.<\/p>\n<p>&nbsp;<\/p>\n<p>&nbsp;<\/p>\n<p>&nbsp;<\/p>\n","protected":false},"excerpt":{"rendered":"<h4>4 ore<\/h4>\n<p>Illustra i principi base della responsabilit\u00e0 amministrativa delle persone giuridiche presentando i ruoli e le responsabilit\u00e0 di tutti i soggetti coinvolti nella gestione della prevenzione dei reati previsti dal D.lgs. 231\/2001.<\/p>\n","protected":false},"featured_media":3784,"comment_status":"open","ping_status":"closed","template":"","meta":{"_et_pb_use_builder":"off","_et_pb_old_content":"OBIETTIVI DEL CORSO\r\n\r\nIl corso di qualifica per Operatore Socio Sanitario \u00e8 volto a formare operatori in grado di intervenire nelle situazioni caratterizzate da mancanza temporanea e\/o permanente di autonomia psicofisica. Grazie alla formazione teorico-pratica e al tirocinio pratico, gli allievi avranno l\u2019opportunit\u00e0 di sviluppare competenze professionali volte a:\r\n<ul>\r\n \t<li>identificare, classificare ed interpretare le problematiche delle diverse tipologie di utenze (minori, anziani, persone con disabilit\u00e0, pazienti oncologici);<\/li>\r\n \t<li>conoscere l\u2019organizzazione dei servizi sociali e sanitari; acquisire elementi di igiene e prevenzione e di anatomia, fisiologia e dietetica;<\/li>\r\n \t<li>identificare gli elementi necessari alla pianificazione dell\u2019assistenza e applicare le conoscenze acquisite per mantenere un ambiente terapeutico adeguato alla cura della persona e per applicare le diverse metodologie operative di carattere sanitario sugli assistiti.<\/li>\r\n<\/ul>\r\nIL CORSO E\u2019 ACCREDITATO DALLA REGIONE SICILIANA, ASSESSORATO ALLA SALUTE, AI SENSI DEL DECRETO DEL 12 AGOSTO 2020 (GURS N. 45\/2020) e ACCORDO STATO REGIONI DEL 22 FEBBRAIO 2001.\r\n\r\nPROGRAMMA \u2013 le materie di insegnamento sono articolate nelle seguenti aree disciplinari","_et_gb_content_width":"","_joinchat":[]},"product_brand":[],"product_cat":[22,49,47],"product_tag":[67,75],"class_list":{"0":"post-3776","1":"product","2":"type-product","3":"status-publish","4":"has-post-thumbnail","6":"product_cat-assicurativa","7":"product_cat-finanziaria","8":"product_cat-online","9":"product_tag-assicurativa","10":"product_tag-finanziaria","12":"first","13":"instock","14":"shipping-taxable","15":"product-type-simple"},"yoast_head":"<!-- This site is optimized with the Yoast SEO plugin v27.0 - https:\/\/yoast.com\/product\/yoast-seo-wordpress\/ -->\n<title>D.lgs. 231\/01 Ruoli e responsabilit\u00e0 - Accademia Eraclitea<\/title>\n<meta name=\"robots\" content=\"index, follow, max-snippet:-1, max-image-preview:large, max-video-preview:-1\" \/>\n<link rel=\"canonical\" href=\"https:\/\/eraclitea.it\/it\/prodotto\/d-lgs-231-01-ruoli-e-responsabilita\/\" \/>\n<meta property=\"og:locale\" content=\"it_IT\" \/>\n<meta property=\"og:type\" content=\"article\" \/>\n<meta property=\"og:title\" content=\"D.lgs. 231\/01 Ruoli e responsabilit\u00e0 - Accademia Eraclitea\" \/>\n<meta property=\"og:description\" content=\"4 ore Illustra i principi base della responsabilit\u00e0 amministrativa delle persone giuridiche presentando i ruoli e le responsabilit\u00e0 di tutti i soggetti coinvolti nella gestione della prevenzione dei reati previsti dal D.lgs. 231\/2001.\" \/>\n<meta property=\"og:url\" content=\"https:\/\/eraclitea.it\/it\/prodotto\/d-lgs-231-01-ruoli-e-responsabilita\/\" \/>\n<meta property=\"og:site_name\" content=\"Accademia Eraclitea\" \/>\n<meta property=\"article:modified_time\" content=\"2021-05-31T10:20:48+00:00\" \/>\n<meta property=\"og:image\" content=\"https:\/\/eraclitea.it\/it\/wp-content\/uploads\/2021\/03\/Corso-D.lgs_.-231-01-Ruoli-e-responsabilita-ore-4@2x.png\" \/>\n\t<meta property=\"og:image:width\" content=\"350\" \/>\n\t<meta property=\"og:image:height\" content=\"200\" \/>\n\t<meta property=\"og:image:type\" content=\"image\/png\" \/>\n<meta name=\"twitter:card\" content=\"summary_large_image\" \/>\n<meta name=\"twitter:label1\" content=\"Tempo di lettura stimato\" \/>\n\t<meta name=\"twitter:data1\" content=\"3 minuti\" \/>\n<script type=\"application\/ld+json\" class=\"yoast-schema-graph\">{\"@context\":\"https:\/\/schema.org\",\"@graph\":[{\"@type\":\"WebPage\",\"@id\":\"https:\/\/eraclitea.it\/it\/prodotto\/d-lgs-231-01-ruoli-e-responsabilita\/\",\"url\":\"https:\/\/eraclitea.it\/it\/prodotto\/d-lgs-231-01-ruoli-e-responsabilita\/\",\"name\":\"D.lgs. 231\/01 Ruoli e responsabilit\u00e0 - Accademia Eraclitea\",\"isPartOf\":{\"@id\":\"https:\/\/eraclitea.it\/it\/#website\"},\"primaryImageOfPage\":{\"@id\":\"https:\/\/eraclitea.it\/it\/prodotto\/d-lgs-231-01-ruoli-e-responsabilita\/#primaryimage\"},\"image\":{\"@id\":\"https:\/\/eraclitea.it\/it\/prodotto\/d-lgs-231-01-ruoli-e-responsabilita\/#primaryimage\"},\"thumbnailUrl\":\"https:\/\/eraclitea.it\/it\/wp-content\/uploads\/2021\/03\/Corso-D.lgs_.-231-01-Ruoli-e-responsabilita-ore-4@2x.png\",\"datePublished\":\"2021-03-19T12:32:31+00:00\",\"dateModified\":\"2021-05-31T10:20:48+00:00\",\"breadcrumb\":{\"@id\":\"https:\/\/eraclitea.it\/it\/prodotto\/d-lgs-231-01-ruoli-e-responsabilita\/#breadcrumb\"},\"inLanguage\":\"it-IT\",\"potentialAction\":[{\"@type\":\"ReadAction\",\"target\":[\"https:\/\/eraclitea.it\/it\/prodotto\/d-lgs-231-01-ruoli-e-responsabilita\/\"]}]},{\"@type\":\"ImageObject\",\"inLanguage\":\"it-IT\",\"@id\":\"https:\/\/eraclitea.it\/it\/prodotto\/d-lgs-231-01-ruoli-e-responsabilita\/#primaryimage\",\"url\":\"https:\/\/eraclitea.it\/it\/wp-content\/uploads\/2021\/03\/Corso-D.lgs_.-231-01-Ruoli-e-responsabilita-ore-4@2x.png\",\"contentUrl\":\"https:\/\/eraclitea.it\/it\/wp-content\/uploads\/2021\/03\/Corso-D.lgs_.-231-01-Ruoli-e-responsabilita-ore-4@2x.png\",\"width\":350,\"height\":200},{\"@type\":\"BreadcrumbList\",\"@id\":\"https:\/\/eraclitea.it\/it\/prodotto\/d-lgs-231-01-ruoli-e-responsabilita\/#breadcrumb\",\"itemListElement\":[{\"@type\":\"ListItem\",\"position\":1,\"name\":\"Home\",\"item\":\"https:\/\/eraclitea.it\/it\/\"},{\"@type\":\"ListItem\",\"position\":2,\"name\":\"Corsi\",\"item\":\"https:\/\/eraclitea.it\/it\/corsi\/\"},{\"@type\":\"ListItem\",\"position\":3,\"name\":\"D.lgs. 231\/01 Ruoli e responsabilit\u00e0\"}]},{\"@type\":\"WebSite\",\"@id\":\"https:\/\/eraclitea.it\/it\/#website\",\"url\":\"https:\/\/eraclitea.it\/it\/\",\"name\":\"Accademia Eraclitea\",\"description\":\"Ente di Ricerca e di Alta Formazione Accreditato\",\"potentialAction\":[{\"@type\":\"SearchAction\",\"target\":{\"@type\":\"EntryPoint\",\"urlTemplate\":\"https:\/\/eraclitea.it\/it\/?s={search_term_string}\"},\"query-input\":{\"@type\":\"PropertyValueSpecification\",\"valueRequired\":true,\"valueName\":\"search_term_string\"}}],\"inLanguage\":\"it-IT\"}]}<\/script>\n<!-- \/ Yoast SEO plugin. -->","yoast_head_json":{"title":"D.lgs. 231\/01 Ruoli e responsabilit\u00e0 - Accademia Eraclitea","robots":{"index":"index","follow":"follow","max-snippet":"max-snippet:-1","max-image-preview":"max-image-preview:large","max-video-preview":"max-video-preview:-1"},"canonical":"https:\/\/eraclitea.it\/it\/prodotto\/d-lgs-231-01-ruoli-e-responsabilita\/","og_locale":"it_IT","og_type":"article","og_title":"D.lgs. 231\/01 Ruoli e responsabilit\u00e0 - Accademia Eraclitea","og_description":"4 ore Illustra i principi base della responsabilit\u00e0 amministrativa delle persone giuridiche presentando i ruoli e le responsabilit\u00e0 di tutti i soggetti coinvolti nella gestione della prevenzione dei reati previsti dal D.lgs. 231\/2001.","og_url":"https:\/\/eraclitea.it\/it\/prodotto\/d-lgs-231-01-ruoli-e-responsabilita\/","og_site_name":"Accademia Eraclitea","article_modified_time":"2021-05-31T10:20:48+00:00","og_image":[{"width":350,"height":200,"url":"https:\/\/eraclitea.it\/it\/wp-content\/uploads\/2021\/03\/Corso-D.lgs_.-231-01-Ruoli-e-responsabilita-ore-4@2x.png","type":"image\/png"}],"twitter_card":"summary_large_image","twitter_misc":{"Tempo di lettura stimato":"3 minuti"},"schema":{"@context":"https:\/\/schema.org","@graph":[{"@type":"WebPage","@id":"https:\/\/eraclitea.it\/it\/prodotto\/d-lgs-231-01-ruoli-e-responsabilita\/","url":"https:\/\/eraclitea.it\/it\/prodotto\/d-lgs-231-01-ruoli-e-responsabilita\/","name":"D.lgs. 231\/01 Ruoli e responsabilit\u00e0 - Accademia Eraclitea","isPartOf":{"@id":"https:\/\/eraclitea.it\/it\/#website"},"primaryImageOfPage":{"@id":"https:\/\/eraclitea.it\/it\/prodotto\/d-lgs-231-01-ruoli-e-responsabilita\/#primaryimage"},"image":{"@id":"https:\/\/eraclitea.it\/it\/prodotto\/d-lgs-231-01-ruoli-e-responsabilita\/#primaryimage"},"thumbnailUrl":"https:\/\/eraclitea.it\/it\/wp-content\/uploads\/2021\/03\/Corso-D.lgs_.-231-01-Ruoli-e-responsabilita-ore-4@2x.png","datePublished":"2021-03-19T12:32:31+00:00","dateModified":"2021-05-31T10:20:48+00:00","breadcrumb":{"@id":"https:\/\/eraclitea.it\/it\/prodotto\/d-lgs-231-01-ruoli-e-responsabilita\/#breadcrumb"},"inLanguage":"it-IT","potentialAction":[{"@type":"ReadAction","target":["https:\/\/eraclitea.it\/it\/prodotto\/d-lgs-231-01-ruoli-e-responsabilita\/"]}]},{"@type":"ImageObject","inLanguage":"it-IT","@id":"https:\/\/eraclitea.it\/it\/prodotto\/d-lgs-231-01-ruoli-e-responsabilita\/#primaryimage","url":"https:\/\/eraclitea.it\/it\/wp-content\/uploads\/2021\/03\/Corso-D.lgs_.-231-01-Ruoli-e-responsabilita-ore-4@2x.png","contentUrl":"https:\/\/eraclitea.it\/it\/wp-content\/uploads\/2021\/03\/Corso-D.lgs_.-231-01-Ruoli-e-responsabilita-ore-4@2x.png","width":350,"height":200},{"@type":"BreadcrumbList","@id":"https:\/\/eraclitea.it\/it\/prodotto\/d-lgs-231-01-ruoli-e-responsabilita\/#breadcrumb","itemListElement":[{"@type":"ListItem","position":1,"name":"Home","item":"https:\/\/eraclitea.it\/it\/"},{"@type":"ListItem","position":2,"name":"Corsi","item":"https:\/\/eraclitea.it\/it\/corsi\/"},{"@type":"ListItem","position":3,"name":"D.lgs. 231\/01 Ruoli e responsabilit\u00e0"}]},{"@type":"WebSite","@id":"https:\/\/eraclitea.it\/it\/#website","url":"https:\/\/eraclitea.it\/it\/","name":"Accademia Eraclitea","description":"Ente di Ricerca e di Alta Formazione Accreditato","potentialAction":[{"@type":"SearchAction","target":{"@type":"EntryPoint","urlTemplate":"https:\/\/eraclitea.it\/it\/?s={search_term_string}"},"query-input":{"@type":"PropertyValueSpecification","valueRequired":true,"valueName":"search_term_string"}}],"inLanguage":"it-IT"}]}},"jetpack_sharing_enabled":true,"_links":{"self":[{"href":"https:\/\/eraclitea.it\/it\/wp-json\/wp\/v2\/product\/3776","targetHints":{"allow":["GET"]}}],"collection":[{"href":"https:\/\/eraclitea.it\/it\/wp-json\/wp\/v2\/product"}],"about":[{"href":"https:\/\/eraclitea.it\/it\/wp-json\/wp\/v2\/types\/product"}],"replies":[{"embeddable":true,"href":"https:\/\/eraclitea.it\/it\/wp-json\/wp\/v2\/comments?post=3776"}],"wp:featuredmedia":[{"embeddable":true,"href":"https:\/\/eraclitea.it\/it\/wp-json\/wp\/v2\/media\/3784"}],"wp:attachment":[{"href":"https:\/\/eraclitea.it\/it\/wp-json\/wp\/v2\/media?parent=3776"}],"wp:term":[{"taxonomy":"product_brand","embeddable":true,"href":"https:\/\/eraclitea.it\/it\/wp-json\/wp\/v2\/product_brand?post=3776"},{"taxonomy":"product_cat","embeddable":true,"href":"https:\/\/eraclitea.it\/it\/wp-json\/wp\/v2\/product_cat?post=3776"},{"taxonomy":"product_tag","embeddable":true,"href":"https:\/\/eraclitea.it\/it\/wp-json\/wp\/v2\/product_tag?post=3776"}],"curies":[{"name":"wp","href":"https:\/\/api.w.org\/{rel}","templated":true}]}}