{"id":12012,"date":"2025-12-31T18:46:14","date_gmt":"2025-12-31T18:46:14","guid":{"rendered":"https:\/\/eraclitea.it\/it\/?post_type=product&#038;p=12012"},"modified":"2026-01-01T12:44:53","modified_gmt":"2026-01-01T12:44:53","slug":"master-di-i-livello-deglutologia-nelleta-adulta-e-geriatrica","status":"publish","type":"product","link":"https:\/\/eraclitea.it\/it\/prodotto\/master-di-i-livello-deglutologia-nelleta-adulta-e-geriatrica\/","title":{"rendered":"Master di I livello &#8211; Deglutologia nell\u2019et\u00e0 adulta e geriatrica"},"content":{"rendered":"<p>L\u2019Universit\u00e0 Giustino Fortunato \u2013 Telematica bandisce, per l\u2019Anno Accademico 2024\/2025, il Master Universitario annuale di I livello in \u201c<strong>Deglutologia nell\u2019et\u00e0 adulta e geriatrica<\/strong>\u201d in partenariato con<strong> Accademia Eraclitea,<\/strong> <em>Ente di Ricerca e di Alta Formazione accreditato<\/em>.<\/p>\n<ul class=\"lista-semplice\">\n<li>Durata di 1500 ore<\/li>\n<li>60 Crediti Formativi Universitari<\/li>\n<li>Anno Accademico 2024\/25<\/li>\n<\/ul>\n<h3><\/h3>\n<h3 class=\"after\">Finalit\u00e0 ed obiettivi del Corso<\/h3>\n<div>\n<p>A partire dagli anni 90 del secolo scorso nei contesti clinici e socio-assisistenziali \u00e8 progressivamente cresciuta l\u2019attenzione ai disturbi della deglutizione e conseguentemente \u00e8 aumentata la richiesta di intervento riabilitativo in area deglutologica. Negli ultimi anni inoltre abbiamo assistito alla transizione demografica, epidemiologica e sociale. Sul piano demografico, infatti, la denatalit\u00e0 e l\u2019allungamento della vita media hanno fatto crescere la percentuale di soggetti anziani nella composizione del corpo sociale. Sul piano epidemiologico stiamo assistendo all\u2019 aumento della cronicit\u00e0 e della prevalenza di malattie invalidanti. La riduzione della composizione dei nuclei familiari porter\u00e0 nei prossimi anni alla minore disponibilit\u00e0 di potenziali care giver, che dagli attuali 1,94 per anziano over 80, passeranno a 0,56. Tutti questi fattori determineranno una importante pressione sul sistema sanitario e sulle strutture socio-assistenziali dove \u00e8 prevedibile l\u2019aumento della necessit\u00e0 di personale dedicato. Diventa quindi importante poter disporre di personale sanitario e socio-assistenziale specificamente formato nell\u2019assistenza e cura della fascia anziana della popolazione.<\/p>\n<h3><\/h3>\n<h3 class=\"after\">Destinatari<\/h3>\n<p>Il Master \u00e8 rivolto a logopedisti che abbiano conseguito la Laurea di primo livello in Logopedia SNT\/2 o Diploma Universitario di Logopedia e titoli equipollenti ai sensi della legge 1\/2000 e al DM 27\/772000, in particolare D.U. di Logopedia e titoli equiparati ai sensi della legge 1\/2000 \u2013 art 1 comma 10. \u00c8 ammessa la partecipazione dei Laureati in Medicina e Chirurgia. Il titolo di accesso deve essere posseduto al momento dell\u2019immatricolazione, e in ogni caso prima dell\u2019avvio delle attivit\u00e0 formative.<\/p>\n<p>Per gli studenti stranieri l\u2019iscrizione \u00e8 possibile attraverso la procedura sul portale di\u00a0<a href=\"https:\/\/auth.miur-legacy.cineca.it\/auth\/realms\/universitaly\/protocol\/openid-connect\/auth?response_type=code&amp;scope=openid&amp;client_id=universitaly&amp;state=XyIZjp7zzwe_jG4xhYpWUCdwf14&amp;redirect_uri=https%3A%2F%2Funiversitaly-private.cineca.it%2Foauth2%2Fredirect_\">Universitaly<\/a>, allegando la \u201cDichiarazione di Valore\u201d del proprio\u00a0<em>curriculum studiorum.<\/em><\/p>\n<\/div>\n<h3><\/h3>\n<h3><\/h3>\n<h3>Durata<\/h3>\n<p>Il Master ha durata annuale, per un carico didattico pari a 1.500 ore corrispondenti a 60 Crediti Formativi Universitari. Il percorso formativo avviene in modalit\u00e0 mista on-line e residenziale. La didattica on line comprende 177 ore di lezione in modalit\u00e0 sincrona e 38 ore in modalit\u00e0 asincrona, la didattica residenziale comprende 75 ore nelle sedi di Milano (50 ore) e Roma (25 ore). <strong>Le lezioni si svolgeranno da febbraio 2025 a febbraio 2026<\/strong> nei giorni di sabato e domenica con la frequenza di circa due fine settimana al mese e tre incontri residenziale della durata di 25 ore, dal venerd\u00ec alla domenica, che si svolgeranno nelle sedi di Milano (due fine settimana) e di Roma (un fine settimana).<br \/>\nPer il conseguimento del titolo \u00e8 richiesta una frequenza obbligatoria pari all\u201980% della durata complessiva del Master, in riferimento alle ore di didattica online sincrona e residenziale.<br \/>\nIl Master prevede anche un modulo didattico residenziale non obbligatorio e tratter\u00e0 la discussione di casi clinici, la frequenza di questo modulo verr\u00e0 valutata pari a 50 ore da poter detrarre dal monte ore obbligatorio del tirocinio formativo.<br \/>\nLa formazione on-line avverr\u00e0 attraverso il collegamento alla piattaforma E-learning dove il corsista potr\u00e0 disporre del materiale didattico e fruire delle lezioni. L\u2019accesso del corsista alla piattaforma Elearning avverr\u00e0 mediante un userid ed una password. La piattaforma E-learning registra le attivit\u00e0 dello studente nel rispetto delle norme relative al trattamento dei dati personali (D.lgs. 196\/2003 e s.m.i.). La piattaforma ed i servizi di assistenza e tutoraggio operano nel rispetto dei requisiti di cui al Decreto Interministeriale 17.4.2003.<\/p>\n<h3><\/h3>\n<h3><\/h3>\n<h3 class=\"after\">Quota d\u2019iscrizione e gestione del Corso<\/h3>\n<div class=\"wpb_text_column wpb_content_element \">\n<div class=\"wpb_wrapper\">\n<p>La quota di iscrizione e frequenza\u00a0 \u00e8 di\u00a0<strong>Euro 2.916,00 (di cui 16,00 di marca da bollo)<\/strong>, pagabile in tre rate da versarsi sul\u00a0<strong>C.C.P. n. 95 64 16 92 (IBAN postale IT88 K 07601 15000 000095641692)<\/strong>\u00a0intestato all\u2019Universit\u00e0 Telematica \u201cGiustino Fortunato\u201d.<\/p>\n<p>Per coloro che sono iscritti agli enti convenzionati con l\u2019Universit\u00e0 il costo del Master \u00e8 pari a\u00a0<strong>\u20ac 2.716,00 (di cui 16,00 di marca da bollo)<\/strong>, pagabile in tre rate da versarsi sul\u00a0<strong>C.C.P. n. 95 64 16 92 (IBAN postale IT88 K 07601 15000 000095641692)<\/strong>\u00a0intestato all\u2019Universit\u00e0 Telematica \u201cGiustino Fortunato\u201d.<\/p>\n<\/div>\n<h3><\/h3>\n<h3><\/h3>\n<h3>Verifica Finale<\/h3>\n<\/div>\n<div class=\"wpb_text_column wpb_content_element \">\n<div class=\"wpb_wrapper\">\n<p>A conclusione del Master agli iscritti che abbiano adempiuto agli obblighi, superato le verifiche relative alle varie discipline e sostenuto la dissertazione di una tesi finale, sar\u00e0 rilasciato il Diploma di Master Universitario annuale di I livello in \u201cDeglutologia geriatrica\u201d di 1500 ore pari a 60 CFU utilizzabili ai sensi delle attuali disposizioni di legge.<\/p>\n<\/div>\n<\/div>\n","protected":false},"excerpt":{"rendered":"<p>Accademia Eraclitea e Universit\u00e0 Telematica Giustino Fortunato<\/p>\n","protected":false},"featured_media":12015,"comment_status":"open","ping_status":"closed","template":"","meta":{"_et_pb_use_builder":"off","_et_pb_old_content":"<h3>Informazioni generali<\/h3>\r\n<strong><em>L\u2019Universit\u00e0 Telematica Mercatorum \u00e8 stata istituita con Decreto del Ministero dell\u2019Istruzione, dell\u2019Universit\u00e0 e della Ricerca del 10 Maggio 2006\u00a0 e i\u00a0titoli accademici rilasciati al termine dei percorsi di studio hanno lo stesso valore legale dei titoli rilasciati dalle Universit\u00e0 tradizionali.\u00a0<\/em><\/strong> <strong>I titoli accademici rilasciati al termine dei percorsi di studio che hanno lo stesso valore legale dei titoli rilasciati dalle Universit\u00e0 tradizionali<\/strong>. Grazie alla capacit\u00e0 di rispondere in maniera flessibile ed efficace alle esigenze degli studenti, l'Universit\u00e0 Telematica Mercatorum ne intercetta adeguatamente le finalit\u00e0 educative e lavorative nei percorsi di studio prescelti, e garantisce piena indipendenza e personalizzazione della didattica.Privi di alcun vincolo di presenza fisica ma costantemente tracciati, i corsi consentono, pur nella loro peculiarit\u00e0, di seguire allo stesso tempo lo studente e monitorarne il continuo livello di apprendimento, anche attraverso i frequenti momenti di valutazione ed autovalutazione. Gli specialisti del supporto didattico che affiancano i docenti (il Tutor, il Mentore e il Coach) assistono il discente durante l'intero corso di studi, al fine di raggiungere un perfetto equilibrio di apprendimento basato sull'affermazione del proprio potenziale; Tools altamente tecnologici ed interattivi, TV LEARNING e SOCIAL LEARNING coinvolgono lo studente in una esperienza educativa davvero unica ed efficace. Tutto questo - ovviamente - senza trascurare la grande attenzione alla Ricerca nazionale ed internazionale, nonch\u00e9 la promozione della formazione delle giovani generazioni alle attivit\u00e0 di ricerca.\r\n<h3>Come si studia<\/h3>\r\nLa metodologia didattica dell'Universit\u00e0 Telematica Mercatorum prevede l'utilizzo di percorsi didattici costituiti da learning objects (unit\u00e0 di contenuto didattico), in cui convergono molteplici strumenti, materiali e servizi, che agiscono in modo sinergico sul percorso di formazione ed apprendimento dello studente. Il discente, infatti, dispone:\r\n<ul>\r\n \t<li>del testo scritto della lezione, con riferimenti bibliografici e note;<\/li>\r\n \t<li>delle diapositive (arricchite da testi, tabelle, immagini, grafici) commentate in audio dal docente;<\/li>\r\n \t<li>dei filmati delle lezioni, disponibili in modalit\u00e0 sincrona e\/o asincrona;<\/li>\r\n \t<li>delle esercitazioni di autovalutazione per la verifica dello stato di apprendimento.<\/li>\r\n<\/ul>\r\nOgni studente partecipa alle attivit\u00e0 della propria classe virtuale, coordinata da tutor esperti dei contenuti e formati agli aspetti tecnico-comunicativi della didattica on-line, e viene seguito dal titolare della disciplina che \u00e8 responsabile della didattica. L'attivit\u00e0 di guida\/consulenza \u00e8 svolta attraverso la creazione di spazi virtuali interattivi sincroni ed asincroni (forum, web conference, sessioni live, etc.) o, in caso di richieste di chiarimenti personalizzati, via e-mail. <strong>\u00a0<\/strong>\r\n<h3>Come si sostengono gli esami<\/h3>\r\nLa verifica di profitto finale si svolge in presenza presso le nostre sedi sul territorio nazionale ed \u00e8 affidata alla Commissione nominata dal Rettore e presieduta dal docente titolare della disciplina. I criteri adottati per la valutazione sono determinati da:\r\n<ul>\r\n \t<li>i risultati di un determinato numero di prove intermedie (test on-line di verifica dell'apprendimento, sviluppo di elaborati, eventuali attivit\u00e0 di laboratorio, etc.);<\/li>\r\n \t<li>la qualit\u00e0 della partecipazione alle attivit\u00e0 on-line (frequenza e qualit\u00e0 degli interventi monitorabili attraverso la piattaforma);<\/li>\r\n \t<li>i risultati della prova finale in presenza presso le strutture universitarie.<\/li>\r\n<\/ul>\r\nNell'ambito di ogni corso, gli studenti sono sottoposti, per ciascuna disciplina, ad una prova in itinere, obbligatoria ma non determinante per l'ammissione all'esame finale, allo scopo di monitorare costantemente l'apprendimento. Le prove possono essere costituite da:\r\n<ul>\r\n \t<li>test (a risposte chiuse, a risposta aperta, a scelta multipla, etc.) esercizi;<\/li>\r\n \t<li>simulazioni;<\/li>\r\n \t<li>elaborati di tipo progettuale.<\/li>\r\n<\/ul>\r\n<ul id=\"box-corsi-laurea\"><\/ul>\r\n\r\n<hr \/>\r\n\r\n<h3><strong>Clicca sotto per visualizzare tutti i corsi di Laurea<\/strong><\/h3>\r\n<h3><a href=\"https:\/\/eraclitea.it\/it\/universita-telematica-mercatorum-triennali-e-magistrali\/\" rel=\"noopener\"><img class=\"alignnone wp-image-8825 size-full\" src=\"https:\/\/eraclitea.it\/it\/wp-content\/uploads\/2023\/07\/button_scopri-di-piu.png\" alt=\"\" width=\"171\" height=\"50\" \/><\/a><\/h3>","_et_gb_content_width":"","_joinchat":[]},"product_brand":[],"product_cat":[47,173],"product_tag":[],"class_list":{"0":"post-12012","1":"product","2":"type-product","3":"status-publish","4":"has-post-thumbnail","6":"product_cat-online","7":"product_cat-universitaria","9":"first","10":"instock","11":"shipping-taxable","12":"product-type-simple"},"yoast_head":"<!-- This site is optimized with the Yoast SEO plugin v27.0 - https:\/\/yoast.com\/product\/yoast-seo-wordpress\/ -->\n<title>Master di I livello - Deglutologia nell\u2019et\u00e0 adulta e geriatrica - Accademia Eraclitea<\/title>\n<meta name=\"robots\" content=\"index, follow, max-snippet:-1, max-image-preview:large, max-video-preview:-1\" \/>\n<link rel=\"canonical\" href=\"https:\/\/eraclitea.it\/it\/prodotto\/master-di-i-livello-deglutologia-nelleta-adulta-e-geriatrica\/\" \/>\n<meta property=\"og:locale\" content=\"it_IT\" \/>\n<meta property=\"og:type\" content=\"article\" \/>\n<meta property=\"og:title\" content=\"Master di I livello - Deglutologia nell\u2019et\u00e0 adulta e geriatrica - Accademia Eraclitea\" \/>\n<meta property=\"og:description\" content=\"Accademia Eraclitea e Universit\u00e0 Telematica Giustino Fortunato\" \/>\n<meta property=\"og:url\" content=\"https:\/\/eraclitea.it\/it\/prodotto\/master-di-i-livello-deglutologia-nelleta-adulta-e-geriatrica\/\" \/>\n<meta property=\"og:site_name\" content=\"Accademia Eraclitea\" \/>\n<meta property=\"article:modified_time\" content=\"2026-01-01T12:44:53+00:00\" \/>\n<meta property=\"og:image\" content=\"https:\/\/eraclitea.it\/it\/wp-content\/uploads\/2025\/12\/gfortunato.png\" \/>\n\t<meta property=\"og:image:width\" content=\"300\" \/>\n\t<meta property=\"og:image:height\" content=\"200\" \/>\n\t<meta property=\"og:image:type\" content=\"image\/png\" \/>\n<meta name=\"twitter:card\" content=\"summary_large_image\" \/>\n<meta name=\"twitter:label1\" content=\"Tempo di lettura stimato\" \/>\n\t<meta name=\"twitter:data1\" content=\"5 minuti\" \/>\n<script type=\"application\/ld+json\" class=\"yoast-schema-graph\">{\"@context\":\"https:\/\/schema.org\",\"@graph\":[{\"@type\":\"WebPage\",\"@id\":\"https:\/\/eraclitea.it\/it\/prodotto\/master-di-i-livello-deglutologia-nelleta-adulta-e-geriatrica\/\",\"url\":\"https:\/\/eraclitea.it\/it\/prodotto\/master-di-i-livello-deglutologia-nelleta-adulta-e-geriatrica\/\",\"name\":\"Master di I livello - Deglutologia nell\u2019et\u00e0 adulta e geriatrica - Accademia Eraclitea\",\"isPartOf\":{\"@id\":\"https:\/\/eraclitea.it\/it\/#website\"},\"primaryImageOfPage\":{\"@id\":\"https:\/\/eraclitea.it\/it\/prodotto\/master-di-i-livello-deglutologia-nelleta-adulta-e-geriatrica\/#primaryimage\"},\"image\":{\"@id\":\"https:\/\/eraclitea.it\/it\/prodotto\/master-di-i-livello-deglutologia-nelleta-adulta-e-geriatrica\/#primaryimage\"},\"thumbnailUrl\":\"https:\/\/eraclitea.it\/it\/wp-content\/uploads\/2025\/12\/gfortunato.png\",\"datePublished\":\"2025-12-31T18:46:14+00:00\",\"dateModified\":\"2026-01-01T12:44:53+00:00\",\"breadcrumb\":{\"@id\":\"https:\/\/eraclitea.it\/it\/prodotto\/master-di-i-livello-deglutologia-nelleta-adulta-e-geriatrica\/#breadcrumb\"},\"inLanguage\":\"it-IT\",\"potentialAction\":[{\"@type\":\"ReadAction\",\"target\":[\"https:\/\/eraclitea.it\/it\/prodotto\/master-di-i-livello-deglutologia-nelleta-adulta-e-geriatrica\/\"]}]},{\"@type\":\"ImageObject\",\"inLanguage\":\"it-IT\",\"@id\":\"https:\/\/eraclitea.it\/it\/prodotto\/master-di-i-livello-deglutologia-nelleta-adulta-e-geriatrica\/#primaryimage\",\"url\":\"https:\/\/eraclitea.it\/it\/wp-content\/uploads\/2025\/12\/gfortunato.png\",\"contentUrl\":\"https:\/\/eraclitea.it\/it\/wp-content\/uploads\/2025\/12\/gfortunato.png\",\"width\":300,\"height\":200},{\"@type\":\"BreadcrumbList\",\"@id\":\"https:\/\/eraclitea.it\/it\/prodotto\/master-di-i-livello-deglutologia-nelleta-adulta-e-geriatrica\/#breadcrumb\",\"itemListElement\":[{\"@type\":\"ListItem\",\"position\":1,\"name\":\"Home\",\"item\":\"https:\/\/eraclitea.it\/it\/\"},{\"@type\":\"ListItem\",\"position\":2,\"name\":\"Corsi\",\"item\":\"https:\/\/eraclitea.it\/it\/corsi\/\"},{\"@type\":\"ListItem\",\"position\":3,\"name\":\"Master di I livello &#8211; Deglutologia nell\u2019et\u00e0 adulta e geriatrica\"}]},{\"@type\":\"WebSite\",\"@id\":\"https:\/\/eraclitea.it\/it\/#website\",\"url\":\"https:\/\/eraclitea.it\/it\/\",\"name\":\"Accademia Eraclitea\",\"description\":\"Ente di Ricerca e di Alta Formazione Accreditato\",\"potentialAction\":[{\"@type\":\"SearchAction\",\"target\":{\"@type\":\"EntryPoint\",\"urlTemplate\":\"https:\/\/eraclitea.it\/it\/?s={search_term_string}\"},\"query-input\":{\"@type\":\"PropertyValueSpecification\",\"valueRequired\":true,\"valueName\":\"search_term_string\"}}],\"inLanguage\":\"it-IT\"}]}<\/script>\n<!-- \/ Yoast SEO plugin. -->","yoast_head_json":{"title":"Master di I livello - Deglutologia nell\u2019et\u00e0 adulta e geriatrica - Accademia Eraclitea","robots":{"index":"index","follow":"follow","max-snippet":"max-snippet:-1","max-image-preview":"max-image-preview:large","max-video-preview":"max-video-preview:-1"},"canonical":"https:\/\/eraclitea.it\/it\/prodotto\/master-di-i-livello-deglutologia-nelleta-adulta-e-geriatrica\/","og_locale":"it_IT","og_type":"article","og_title":"Master di I livello - Deglutologia nell\u2019et\u00e0 adulta e geriatrica - Accademia Eraclitea","og_description":"Accademia Eraclitea e Universit\u00e0 Telematica Giustino Fortunato","og_url":"https:\/\/eraclitea.it\/it\/prodotto\/master-di-i-livello-deglutologia-nelleta-adulta-e-geriatrica\/","og_site_name":"Accademia Eraclitea","article_modified_time":"2026-01-01T12:44:53+00:00","og_image":[{"width":300,"height":200,"url":"https:\/\/eraclitea.it\/it\/wp-content\/uploads\/2025\/12\/gfortunato.png","type":"image\/png"}],"twitter_card":"summary_large_image","twitter_misc":{"Tempo di lettura stimato":"5 minuti"},"schema":{"@context":"https:\/\/schema.org","@graph":[{"@type":"WebPage","@id":"https:\/\/eraclitea.it\/it\/prodotto\/master-di-i-livello-deglutologia-nelleta-adulta-e-geriatrica\/","url":"https:\/\/eraclitea.it\/it\/prodotto\/master-di-i-livello-deglutologia-nelleta-adulta-e-geriatrica\/","name":"Master di I livello - Deglutologia nell\u2019et\u00e0 adulta e geriatrica - Accademia Eraclitea","isPartOf":{"@id":"https:\/\/eraclitea.it\/it\/#website"},"primaryImageOfPage":{"@id":"https:\/\/eraclitea.it\/it\/prodotto\/master-di-i-livello-deglutologia-nelleta-adulta-e-geriatrica\/#primaryimage"},"image":{"@id":"https:\/\/eraclitea.it\/it\/prodotto\/master-di-i-livello-deglutologia-nelleta-adulta-e-geriatrica\/#primaryimage"},"thumbnailUrl":"https:\/\/eraclitea.it\/it\/wp-content\/uploads\/2025\/12\/gfortunato.png","datePublished":"2025-12-31T18:46:14+00:00","dateModified":"2026-01-01T12:44:53+00:00","breadcrumb":{"@id":"https:\/\/eraclitea.it\/it\/prodotto\/master-di-i-livello-deglutologia-nelleta-adulta-e-geriatrica\/#breadcrumb"},"inLanguage":"it-IT","potentialAction":[{"@type":"ReadAction","target":["https:\/\/eraclitea.it\/it\/prodotto\/master-di-i-livello-deglutologia-nelleta-adulta-e-geriatrica\/"]}]},{"@type":"ImageObject","inLanguage":"it-IT","@id":"https:\/\/eraclitea.it\/it\/prodotto\/master-di-i-livello-deglutologia-nelleta-adulta-e-geriatrica\/#primaryimage","url":"https:\/\/eraclitea.it\/it\/wp-content\/uploads\/2025\/12\/gfortunato.png","contentUrl":"https:\/\/eraclitea.it\/it\/wp-content\/uploads\/2025\/12\/gfortunato.png","width":300,"height":200},{"@type":"BreadcrumbList","@id":"https:\/\/eraclitea.it\/it\/prodotto\/master-di-i-livello-deglutologia-nelleta-adulta-e-geriatrica\/#breadcrumb","itemListElement":[{"@type":"ListItem","position":1,"name":"Home","item":"https:\/\/eraclitea.it\/it\/"},{"@type":"ListItem","position":2,"name":"Corsi","item":"https:\/\/eraclitea.it\/it\/corsi\/"},{"@type":"ListItem","position":3,"name":"Master di I livello &#8211; Deglutologia nell\u2019et\u00e0 adulta e geriatrica"}]},{"@type":"WebSite","@id":"https:\/\/eraclitea.it\/it\/#website","url":"https:\/\/eraclitea.it\/it\/","name":"Accademia Eraclitea","description":"Ente di Ricerca e di Alta Formazione Accreditato","potentialAction":[{"@type":"SearchAction","target":{"@type":"EntryPoint","urlTemplate":"https:\/\/eraclitea.it\/it\/?s={search_term_string}"},"query-input":{"@type":"PropertyValueSpecification","valueRequired":true,"valueName":"search_term_string"}}],"inLanguage":"it-IT"}]}},"jetpack_sharing_enabled":true,"_links":{"self":[{"href":"https:\/\/eraclitea.it\/it\/wp-json\/wp\/v2\/product\/12012","targetHints":{"allow":["GET"]}}],"collection":[{"href":"https:\/\/eraclitea.it\/it\/wp-json\/wp\/v2\/product"}],"about":[{"href":"https:\/\/eraclitea.it\/it\/wp-json\/wp\/v2\/types\/product"}],"replies":[{"embeddable":true,"href":"https:\/\/eraclitea.it\/it\/wp-json\/wp\/v2\/comments?post=12012"}],"wp:featuredmedia":[{"embeddable":true,"href":"https:\/\/eraclitea.it\/it\/wp-json\/wp\/v2\/media\/12015"}],"wp:attachment":[{"href":"https:\/\/eraclitea.it\/it\/wp-json\/wp\/v2\/media?parent=12012"}],"wp:term":[{"taxonomy":"product_brand","embeddable":true,"href":"https:\/\/eraclitea.it\/it\/wp-json\/wp\/v2\/product_brand?post=12012"},{"taxonomy":"product_cat","embeddable":true,"href":"https:\/\/eraclitea.it\/it\/wp-json\/wp\/v2\/product_cat?post=12012"},{"taxonomy":"product_tag","embeddable":true,"href":"https:\/\/eraclitea.it\/it\/wp-json\/wp\/v2\/product_tag?post=12012"}],"curies":[{"name":"wp","href":"https:\/\/api.w.org\/{rel}","templated":true}]}}