{"id":12007,"date":"2025-12-31T18:03:33","date_gmt":"2025-12-31T18:03:33","guid":{"rendered":"https:\/\/eraclitea.it\/it\/?post_type=product&#038;p=12007"},"modified":"2026-01-01T12:40:42","modified_gmt":"2026-01-01T12:40:42","slug":"universita-giustino-fortunato","status":"publish","type":"product","link":"https:\/\/eraclitea.it\/it\/prodotto\/universita-giustino-fortunato\/","title":{"rendered":"Universit\u00e0 Giustino Fortunato"},"content":{"rendered":"<p>L\u2019Universit\u00e0 Telematica Giustino Fortunato, istituita con D.M. 13 aprile 2006 (G.U. del 6 maggio 2006, n.104), eroga i propri servizi esclusivamente in modalit\u00e0 on-line. I percorsi formativi del nostro Ateneo sono analoghi a quelli delle universit\u00e0 tradizionali e i titoli rilasciati hanno il medesimo valore legale.<\/p>\n<p><strong>Accademia Eraclitea, Centro di orientamento accreditato<\/strong>, effettua gratuitamente nei confronti degli studenti l\u2019attivit\u00e0 di orientamento, informazione, prevalutazione dei crediti e assistenza all\u2019immatricolazione al fine di fornire loro gli opportuni strumenti valutativi finalizzati alla scelta di un corso di laurea affine alle proprie attitudini.<\/p>\n<p>Il Centro di orientamento di Catania assiste lo studente per l\u2019intero percorso di studio con attivit\u00e0 di tutoraggio.<\/p>\n<p>&nbsp;<\/p>\n<h4>Corsi di laurea triennale<\/h4>\n<p>Scienze e Tecnologie dei Trasporti<br \/>\nScienze e Tecniche Psicologiche<br \/>\nScienze dell&#8217;Educazione<br \/>\nDiritto ed economia delle imprese<br \/>\nIngegneria Informatica<br \/>\nScienze motorie<\/p>\n<p>&nbsp;<\/p>\n<h4>Corsi di laurea Magistrale e Magistrale e ciclo unico<\/h4>\n<p>Psicologia Comportamentale e Cognitiva Applicata<br \/>\nEconomia Aziendale<br \/>\nGiurisprudenza<br \/>\nPedagogia<br \/>\nOrganizzazione e gestione dei servizi per lo sport e le attivit\u00e0 motorie<\/p>\n<ul id=\"box-corsi-laurea\"><\/ul>\n","protected":false},"excerpt":{"rendered":"<p>Universit\u00e0 Telematica Giustino Fortunato, istituita con D.M. 13 aprile 2006 (G.U. del 6 maggio 2006, n.104)<\/p>\n","protected":false},"featured_media":12008,"comment_status":"open","ping_status":"closed","template":"","meta":{"_et_pb_use_builder":"off","_et_pb_old_content":"<h3>Informazioni generali<\/h3>\r\n<strong><em>L\u2019Universit\u00e0 Telematica Mercatorum \u00e8 stata istituita con Decreto del Ministero dell\u2019Istruzione, dell\u2019Universit\u00e0 e della Ricerca del 10 Maggio 2006\u00a0 e i\u00a0titoli accademici rilasciati al termine dei percorsi di studio hanno lo stesso valore legale dei titoli rilasciati dalle Universit\u00e0 tradizionali.\u00a0<\/em><\/strong> <strong>I titoli accademici rilasciati al termine dei percorsi di studio che hanno lo stesso valore legale dei titoli rilasciati dalle Universit\u00e0 tradizionali<\/strong>. Grazie alla capacit\u00e0 di rispondere in maniera flessibile ed efficace alle esigenze degli studenti, l'Universit\u00e0 Telematica Mercatorum ne intercetta adeguatamente le finalit\u00e0 educative e lavorative nei percorsi di studio prescelti, e garantisce piena indipendenza e personalizzazione della didattica.Privi di alcun vincolo di presenza fisica ma costantemente tracciati, i corsi consentono, pur nella loro peculiarit\u00e0, di seguire allo stesso tempo lo studente e monitorarne il continuo livello di apprendimento, anche attraverso i frequenti momenti di valutazione ed autovalutazione. Gli specialisti del supporto didattico che affiancano i docenti (il Tutor, il Mentore e il Coach) assistono il discente durante l'intero corso di studi, al fine di raggiungere un perfetto equilibrio di apprendimento basato sull'affermazione del proprio potenziale; Tools altamente tecnologici ed interattivi, TV LEARNING e SOCIAL LEARNING coinvolgono lo studente in una esperienza educativa davvero unica ed efficace. Tutto questo - ovviamente - senza trascurare la grande attenzione alla Ricerca nazionale ed internazionale, nonch\u00e9 la promozione della formazione delle giovani generazioni alle attivit\u00e0 di ricerca.\r\n<h3>Come si studia<\/h3>\r\nLa metodologia didattica dell'Universit\u00e0 Telematica Mercatorum prevede l'utilizzo di percorsi didattici costituiti da learning objects (unit\u00e0 di contenuto didattico), in cui convergono molteplici strumenti, materiali e servizi, che agiscono in modo sinergico sul percorso di formazione ed apprendimento dello studente. Il discente, infatti, dispone:\r\n<ul>\r\n \t<li>del testo scritto della lezione, con riferimenti bibliografici e note;<\/li>\r\n \t<li>delle diapositive (arricchite da testi, tabelle, immagini, grafici) commentate in audio dal docente;<\/li>\r\n \t<li>dei filmati delle lezioni, disponibili in modalit\u00e0 sincrona e\/o asincrona;<\/li>\r\n \t<li>delle esercitazioni di autovalutazione per la verifica dello stato di apprendimento.<\/li>\r\n<\/ul>\r\nOgni studente partecipa alle attivit\u00e0 della propria classe virtuale, coordinata da tutor esperti dei contenuti e formati agli aspetti tecnico-comunicativi della didattica on-line, e viene seguito dal titolare della disciplina che \u00e8 responsabile della didattica. L'attivit\u00e0 di guida\/consulenza \u00e8 svolta attraverso la creazione di spazi virtuali interattivi sincroni ed asincroni (forum, web conference, sessioni live, etc.) o, in caso di richieste di chiarimenti personalizzati, via e-mail. <strong>\u00a0<\/strong>\r\n<h3>Come si sostengono gli esami<\/h3>\r\nLa verifica di profitto finale si svolge in presenza presso le nostre sedi sul territorio nazionale ed \u00e8 affidata alla Commissione nominata dal Rettore e presieduta dal docente titolare della disciplina. I criteri adottati per la valutazione sono determinati da:\r\n<ul>\r\n \t<li>i risultati di un determinato numero di prove intermedie (test on-line di verifica dell'apprendimento, sviluppo di elaborati, eventuali attivit\u00e0 di laboratorio, etc.);<\/li>\r\n \t<li>la qualit\u00e0 della partecipazione alle attivit\u00e0 on-line (frequenza e qualit\u00e0 degli interventi monitorabili attraverso la piattaforma);<\/li>\r\n \t<li>i risultati della prova finale in presenza presso le strutture universitarie.<\/li>\r\n<\/ul>\r\nNell'ambito di ogni corso, gli studenti sono sottoposti, per ciascuna disciplina, ad una prova in itinere, obbligatoria ma non determinante per l'ammissione all'esame finale, allo scopo di monitorare costantemente l'apprendimento. Le prove possono essere costituite da:\r\n<ul>\r\n \t<li>test (a risposte chiuse, a risposta aperta, a scelta multipla, etc.) esercizi;<\/li>\r\n \t<li>simulazioni;<\/li>\r\n \t<li>elaborati di tipo progettuale.<\/li>\r\n<\/ul>\r\n<ul id=\"box-corsi-laurea\"><\/ul>\r\n\r\n<hr \/>\r\n\r\n<h3><strong>Clicca sotto per visualizzare tutti i corsi di Laurea<\/strong><\/h3>\r\n<h3><a href=\"https:\/\/eraclitea.it\/it\/universita-telematica-mercatorum-triennali-e-magistrali\/\" rel=\"noopener\"><img class=\"alignnone wp-image-8825 size-full\" src=\"https:\/\/eraclitea.it\/it\/wp-content\/uploads\/2023\/07\/button_scopri-di-piu.png\" alt=\"\" width=\"171\" height=\"50\" \/><\/a><\/h3>","_et_gb_content_width":"","_joinchat":[]},"product_brand":[],"product_cat":[47,173],"product_tag":[],"class_list":{"0":"post-12007","1":"product","2":"type-product","3":"status-publish","4":"has-post-thumbnail","6":"product_cat-online","7":"product_cat-universitaria","9":"first","10":"instock","11":"shipping-taxable","12":"product-type-simple"},"yoast_head":"<!-- This site is optimized with the Yoast SEO plugin v27.0 - https:\/\/yoast.com\/product\/yoast-seo-wordpress\/ -->\n<title>Universit\u00e0 Giustino Fortunato - Accademia Eraclitea<\/title>\n<meta name=\"robots\" content=\"index, follow, max-snippet:-1, max-image-preview:large, max-video-preview:-1\" \/>\n<link rel=\"canonical\" href=\"https:\/\/eraclitea.it\/it\/prodotto\/universita-giustino-fortunato\/\" \/>\n<meta property=\"og:locale\" content=\"it_IT\" \/>\n<meta property=\"og:type\" content=\"article\" \/>\n<meta property=\"og:title\" content=\"Universit\u00e0 Giustino Fortunato - Accademia Eraclitea\" \/>\n<meta property=\"og:description\" content=\"Universit\u00e0 Telematica Giustino Fortunato, istituita con D.M. 13 aprile 2006 (G.U. del 6 maggio 2006, n.104)\" \/>\n<meta property=\"og:url\" content=\"https:\/\/eraclitea.it\/it\/prodotto\/universita-giustino-fortunato\/\" \/>\n<meta property=\"og:site_name\" content=\"Accademia Eraclitea\" \/>\n<meta property=\"article:modified_time\" content=\"2026-01-01T12:40:42+00:00\" \/>\n<meta property=\"og:image\" content=\"https:\/\/eraclitea.it\/it\/wp-content\/uploads\/2025\/12\/Logo-unifortunato-centri-di-orientamento.jpg\" \/>\n\t<meta property=\"og:image:width\" content=\"300\" \/>\n\t<meta property=\"og:image:height\" content=\"200\" \/>\n\t<meta property=\"og:image:type\" content=\"image\/jpeg\" \/>\n<meta name=\"twitter:card\" content=\"summary_large_image\" \/>\n<meta name=\"twitter:label1\" content=\"Tempo di lettura stimato\" \/>\n\t<meta name=\"twitter:data1\" content=\"2 minuti\" \/>\n<script type=\"application\/ld+json\" class=\"yoast-schema-graph\">{\"@context\":\"https:\/\/schema.org\",\"@graph\":[{\"@type\":\"WebPage\",\"@id\":\"https:\/\/eraclitea.it\/it\/prodotto\/universita-giustino-fortunato\/\",\"url\":\"https:\/\/eraclitea.it\/it\/prodotto\/universita-giustino-fortunato\/\",\"name\":\"Universit\u00e0 Giustino Fortunato - Accademia Eraclitea\",\"isPartOf\":{\"@id\":\"https:\/\/eraclitea.it\/it\/#website\"},\"primaryImageOfPage\":{\"@id\":\"https:\/\/eraclitea.it\/it\/prodotto\/universita-giustino-fortunato\/#primaryimage\"},\"image\":{\"@id\":\"https:\/\/eraclitea.it\/it\/prodotto\/universita-giustino-fortunato\/#primaryimage\"},\"thumbnailUrl\":\"https:\/\/eraclitea.it\/it\/wp-content\/uploads\/2025\/12\/Logo-unifortunato-centri-di-orientamento.jpg\",\"datePublished\":\"2025-12-31T18:03:33+00:00\",\"dateModified\":\"2026-01-01T12:40:42+00:00\",\"breadcrumb\":{\"@id\":\"https:\/\/eraclitea.it\/it\/prodotto\/universita-giustino-fortunato\/#breadcrumb\"},\"inLanguage\":\"it-IT\",\"potentialAction\":[{\"@type\":\"ReadAction\",\"target\":[\"https:\/\/eraclitea.it\/it\/prodotto\/universita-giustino-fortunato\/\"]}]},{\"@type\":\"ImageObject\",\"inLanguage\":\"it-IT\",\"@id\":\"https:\/\/eraclitea.it\/it\/prodotto\/universita-giustino-fortunato\/#primaryimage\",\"url\":\"https:\/\/eraclitea.it\/it\/wp-content\/uploads\/2025\/12\/Logo-unifortunato-centri-di-orientamento.jpg\",\"contentUrl\":\"https:\/\/eraclitea.it\/it\/wp-content\/uploads\/2025\/12\/Logo-unifortunato-centri-di-orientamento.jpg\",\"width\":300,\"height\":200},{\"@type\":\"BreadcrumbList\",\"@id\":\"https:\/\/eraclitea.it\/it\/prodotto\/universita-giustino-fortunato\/#breadcrumb\",\"itemListElement\":[{\"@type\":\"ListItem\",\"position\":1,\"name\":\"Home\",\"item\":\"https:\/\/eraclitea.it\/it\/\"},{\"@type\":\"ListItem\",\"position\":2,\"name\":\"Corsi\",\"item\":\"https:\/\/eraclitea.it\/it\/corsi\/\"},{\"@type\":\"ListItem\",\"position\":3,\"name\":\"Universit\u00e0 Giustino Fortunato\"}]},{\"@type\":\"WebSite\",\"@id\":\"https:\/\/eraclitea.it\/it\/#website\",\"url\":\"https:\/\/eraclitea.it\/it\/\",\"name\":\"Accademia Eraclitea\",\"description\":\"Ente di Ricerca e di Alta Formazione Accreditato\",\"potentialAction\":[{\"@type\":\"SearchAction\",\"target\":{\"@type\":\"EntryPoint\",\"urlTemplate\":\"https:\/\/eraclitea.it\/it\/?s={search_term_string}\"},\"query-input\":{\"@type\":\"PropertyValueSpecification\",\"valueRequired\":true,\"valueName\":\"search_term_string\"}}],\"inLanguage\":\"it-IT\"}]}<\/script>\n<!-- \/ Yoast SEO plugin. -->","yoast_head_json":{"title":"Universit\u00e0 Giustino Fortunato - Accademia Eraclitea","robots":{"index":"index","follow":"follow","max-snippet":"max-snippet:-1","max-image-preview":"max-image-preview:large","max-video-preview":"max-video-preview:-1"},"canonical":"https:\/\/eraclitea.it\/it\/prodotto\/universita-giustino-fortunato\/","og_locale":"it_IT","og_type":"article","og_title":"Universit\u00e0 Giustino Fortunato - Accademia Eraclitea","og_description":"Universit\u00e0 Telematica Giustino Fortunato, istituita con D.M. 13 aprile 2006 (G.U. del 6 maggio 2006, n.104)","og_url":"https:\/\/eraclitea.it\/it\/prodotto\/universita-giustino-fortunato\/","og_site_name":"Accademia Eraclitea","article_modified_time":"2026-01-01T12:40:42+00:00","og_image":[{"width":300,"height":200,"url":"https:\/\/eraclitea.it\/it\/wp-content\/uploads\/2025\/12\/Logo-unifortunato-centri-di-orientamento.jpg","type":"image\/jpeg"}],"twitter_card":"summary_large_image","twitter_misc":{"Tempo di lettura stimato":"2 minuti"},"schema":{"@context":"https:\/\/schema.org","@graph":[{"@type":"WebPage","@id":"https:\/\/eraclitea.it\/it\/prodotto\/universita-giustino-fortunato\/","url":"https:\/\/eraclitea.it\/it\/prodotto\/universita-giustino-fortunato\/","name":"Universit\u00e0 Giustino Fortunato - Accademia Eraclitea","isPartOf":{"@id":"https:\/\/eraclitea.it\/it\/#website"},"primaryImageOfPage":{"@id":"https:\/\/eraclitea.it\/it\/prodotto\/universita-giustino-fortunato\/#primaryimage"},"image":{"@id":"https:\/\/eraclitea.it\/it\/prodotto\/universita-giustino-fortunato\/#primaryimage"},"thumbnailUrl":"https:\/\/eraclitea.it\/it\/wp-content\/uploads\/2025\/12\/Logo-unifortunato-centri-di-orientamento.jpg","datePublished":"2025-12-31T18:03:33+00:00","dateModified":"2026-01-01T12:40:42+00:00","breadcrumb":{"@id":"https:\/\/eraclitea.it\/it\/prodotto\/universita-giustino-fortunato\/#breadcrumb"},"inLanguage":"it-IT","potentialAction":[{"@type":"ReadAction","target":["https:\/\/eraclitea.it\/it\/prodotto\/universita-giustino-fortunato\/"]}]},{"@type":"ImageObject","inLanguage":"it-IT","@id":"https:\/\/eraclitea.it\/it\/prodotto\/universita-giustino-fortunato\/#primaryimage","url":"https:\/\/eraclitea.it\/it\/wp-content\/uploads\/2025\/12\/Logo-unifortunato-centri-di-orientamento.jpg","contentUrl":"https:\/\/eraclitea.it\/it\/wp-content\/uploads\/2025\/12\/Logo-unifortunato-centri-di-orientamento.jpg","width":300,"height":200},{"@type":"BreadcrumbList","@id":"https:\/\/eraclitea.it\/it\/prodotto\/universita-giustino-fortunato\/#breadcrumb","itemListElement":[{"@type":"ListItem","position":1,"name":"Home","item":"https:\/\/eraclitea.it\/it\/"},{"@type":"ListItem","position":2,"name":"Corsi","item":"https:\/\/eraclitea.it\/it\/corsi\/"},{"@type":"ListItem","position":3,"name":"Universit\u00e0 Giustino Fortunato"}]},{"@type":"WebSite","@id":"https:\/\/eraclitea.it\/it\/#website","url":"https:\/\/eraclitea.it\/it\/","name":"Accademia Eraclitea","description":"Ente di Ricerca e di Alta Formazione Accreditato","potentialAction":[{"@type":"SearchAction","target":{"@type":"EntryPoint","urlTemplate":"https:\/\/eraclitea.it\/it\/?s={search_term_string}"},"query-input":{"@type":"PropertyValueSpecification","valueRequired":true,"valueName":"search_term_string"}}],"inLanguage":"it-IT"}]}},"jetpack_sharing_enabled":true,"_links":{"self":[{"href":"https:\/\/eraclitea.it\/it\/wp-json\/wp\/v2\/product\/12007","targetHints":{"allow":["GET"]}}],"collection":[{"href":"https:\/\/eraclitea.it\/it\/wp-json\/wp\/v2\/product"}],"about":[{"href":"https:\/\/eraclitea.it\/it\/wp-json\/wp\/v2\/types\/product"}],"replies":[{"embeddable":true,"href":"https:\/\/eraclitea.it\/it\/wp-json\/wp\/v2\/comments?post=12007"}],"wp:featuredmedia":[{"embeddable":true,"href":"https:\/\/eraclitea.it\/it\/wp-json\/wp\/v2\/media\/12008"}],"wp:attachment":[{"href":"https:\/\/eraclitea.it\/it\/wp-json\/wp\/v2\/media?parent=12007"}],"wp:term":[{"taxonomy":"product_brand","embeddable":true,"href":"https:\/\/eraclitea.it\/it\/wp-json\/wp\/v2\/product_brand?post=12007"},{"taxonomy":"product_cat","embeddable":true,"href":"https:\/\/eraclitea.it\/it\/wp-json\/wp\/v2\/product_cat?post=12007"},{"taxonomy":"product_tag","embeddable":true,"href":"https:\/\/eraclitea.it\/it\/wp-json\/wp\/v2\/product_tag?post=12007"}],"curies":[{"name":"wp","href":"https:\/\/api.w.org\/{rel}","templated":true}]}}