{"id":11941,"date":"2025-12-22T12:44:59","date_gmt":"2025-12-22T12:44:59","guid":{"rendered":"https:\/\/eraclitea.it\/it\/?post_type=product&#038;p=11941"},"modified":"2026-01-30T11:54:38","modified_gmt":"2026-01-30T11:54:38","slug":"disartria","status":"publish","type":"product","link":"https:\/\/eraclitea.it\/it\/prodotto\/disartria\/","title":{"rendered":"La presa in carico del paziente con DISARTRIA"},"content":{"rendered":"<div class=\"et_pb_module et_pb_blurb et_pb_blurb_1_tb_body et_pb_text_align_left et_pb_blurb_position_left et_pb_bg_layout_light\">\n<table style=\"border: 0px; height: 244px; width: 721px;\">\n<tbody>\n<tr>\n<td style=\"width: 38.75px;\"><a href=\"https:\/\/eraclitea.it\/it\/wp-content\/uploads\/2021\/01\/orolo2.png\"><img loading=\"lazy\" decoding=\"async\" class=\"alignnone wp-image-887 \" src=\"https:\/\/eraclitea.it\/it\/wp-content\/uploads\/2021\/03\/tempo.png\" alt=\"\" width=\"33\" height=\"33\" \/><\/a><\/td>\n<td style=\"width: 147.841px;\">\n<h4 class=\"et_pb_module_header\">Durata del corso:<\/h4>\n<\/td>\n<td style=\"width: 515.114px;\"><strong>13 ore\u00a0<\/strong><\/td>\n<\/tr>\n<tr>\n<td style=\"width: 38.75px;\"><a href=\"https:\/\/eraclitea.it\/it\/wp-content\/uploads\/2021\/03\/Tavola-da-disegno-\u2013-13.png\"><img loading=\"lazy\" decoding=\"async\" class=\"alignnone wp-image-3710 \" src=\"https:\/\/eraclitea.it\/it\/wp-content\/uploads\/2021\/03\/Tavola-da-disegno-\u2013-13-300x300.png\" alt=\"\" width=\"39\" height=\"39\" srcset=\"https:\/\/eraclitea.it\/it\/wp-content\/uploads\/2021\/03\/Tavola-da-disegno-\u2013-13-300x300.png 300w, https:\/\/eraclitea.it\/it\/wp-content\/uploads\/2021\/03\/Tavola-da-disegno-\u2013-13-150x150.png 150w, https:\/\/eraclitea.it\/it\/wp-content\/uploads\/2021\/03\/Tavola-da-disegno-\u2013-13-100x100.png 100w, https:\/\/eraclitea.it\/it\/wp-content\/uploads\/2021\/03\/Tavola-da-disegno-\u2013-13-64x64.png 64w, https:\/\/eraclitea.it\/it\/wp-content\/uploads\/2021\/03\/Tavola-da-disegno-\u2013-13.png 400w\" sizes=\"(max-width: 39px) 100vw, 39px\" \/><\/a><\/td>\n<td style=\"width: 147.841px;\">\n<h4>N. Partecipanti:<\/h4>\n<\/td>\n<td style=\"width: 515.114px;\"><strong>Max 35<\/strong><\/td>\n<\/tr>\n<tr>\n<td style=\"width: 38.75px;\"><a href=\"https:\/\/eraclitea.it\/it\/wp-content\/uploads\/2021\/04\/Tavola-da-disegno-\u2013-13-2.png\"><img loading=\"lazy\" decoding=\"async\" class=\"alignnone size-medium wp-image-5967\" src=\"https:\/\/eraclitea.it\/it\/wp-content\/uploads\/2021\/04\/Tavola-da-disegno-\u2013-13-2-300x300.png\" alt=\"\" width=\"300\" height=\"300\" \/><\/a><\/td>\n<td style=\"width: 147.841px;\">\n<h4>A chi \u00e8 rivolto:<\/h4>\n<\/td>\n<td style=\"width: 515.114px;\"><strong>Logopedisti e studenti universitari di Logopedia<\/strong><\/td>\n<\/tr>\n<\/tbody>\n<\/table>\n<\/div>\n<p>&nbsp;<\/p>\n<p>&nbsp;<\/p>\n<p>&nbsp;<\/p>\n<h3><a href=\"https:\/\/wa.me\/393896356832?text=Vorrei%20iscrivermi%20al%20Corso%20sulla%20DISARTRIA%20\" target=\"_blank\" rel=\"noopener\"><img loading=\"lazy\" decoding=\"async\" class=\"alignnone wp-image-8729 size-full\" src=\"https:\/\/eraclitea.it\/it\/wp-content\/uploads\/2023\/06\/button_iscriviti-da-whatsapp.png\" alt=\"\" width=\"239\" height=\"48\" srcset=\"https:\/\/eraclitea.it\/it\/wp-content\/uploads\/2023\/06\/button_iscriviti-da-whatsapp.png 239w, https:\/\/eraclitea.it\/it\/wp-content\/uploads\/2023\/06\/button_iscriviti-da-whatsapp-64x13.png 64w\" sizes=\"(max-width: 239px) 100vw, 239px\" \/><\/a><\/h3>\n<h4><\/h4>\n<p>&nbsp;<\/p>\n<h3>Tipologia<\/h3>\n<p>Corso di formazione online, in modalit\u00e0 sincorna.<\/p>\n<h3><\/h3>\n<h3><\/h3>\n<h3>Responsabile Scientifico<\/h3>\n<p>Dott. Antonio AMITRANO &#8211; LOGOPEDISTA<\/p>\n<p>&nbsp;<\/p>\n<h3>Crediti ECM<\/h3>\n<p>Il corso \u00e8 in fase di accreditamento e rilascer\u00e0 13 crediti. | ID Provider: 310 | Provider: Accademia Eraclitea.<br \/>\nL\u2019evento non \u00e8 sponsorizzato. La valutazione dell\u2019apprendimento sar\u00e0 eseguita attraverso un questionario online da superare con almeno il 75 % delle risposte corrette, entro 3 giorni dalla fine dell&#8217;evento.<\/p>\n<p>&nbsp;<\/p>\n<h3>Presentazione del corso<\/h3>\n<p>Il corso \u00e8 rivolto a logopedisti che vogliono formarsi nella presa in carico del paziente con disartria. I disturbi dello speech costituiscono una problematica che in seguito all\u2019invecchiamento della popolazione e al conseguente aumento della prevalenza delle patologie legate a questa fetta di popolazione stanno progressivamente facendo aumentare la richiesta di interventi riabilitativi specifici. Inoltre il mutato atteggiamento rispetto a questo tipo di disturbi fino a non molto tempo fa ritenuti irreversibili e non suscettibili di modificazione in seguito a trattamento riabilitativo rendono crescente la richiesta di intervento logopedico. La molteplicit\u00e0 delle forme in cui i disturbi dello speech si presentano nella clinica e la necessit\u00e0 di interventi sempre pi\u00f9 specifici che spesso si avvalgono di sofisticati supporti tecnologici rendono necessario il continuo aggiornamento professionale sulla presa in carico dei pazienti con disartria. Inoltre le nuove conoscenza sulla plasticit\u00e0 cerebrale aprono nuovi e promettenti scenari in questo tipo di riabilitazione.<\/p>\n<h3><\/h3>\n<h3><\/h3>\n<h3>Obiettivi formativi<\/h3>\n<p>\u2010 Conoscere la definizione di disartria nonch\u00e9 i principali fattori eziologici ed i criteri di classificazione;<br \/>\n\u2010 Conoscere ed applicare gli strumenti logopedici di valutazione;<br \/>\n\u2010 Conoscere ed applicare i principi e le tecniche riabilitative logopediche specifiche.<\/p>\n<p>&nbsp;<\/p>\n<h3><\/h3>\n<h3>Programma didattico<\/h3>\n<p>\u2010 I motor speech disorders-definizione;<br \/>\n\u2010 il sistema motorio e il linguaggio;<br \/>\n\u2010 la disartria;<br \/>\n\u2010 La disartria nel paziente adulto;<br \/>\n\u2010 la classificazione della disartria;<br \/>\n\u2010 la valutazione della disartria;<br \/>\n\u2010 i parametri globali e specifici;<br \/>\n\u2010 i test per la valutazione della disartria;<br \/>\n\u2010 la rieducazione della disartria;<br \/>\n\u2010 gli obiettivi della rieducazione;<br \/>\n\u2010 i principi della riabilitazione;<br \/>\n\u2010 i principi della neuroplasticit\u00e0 e la rieducazione;<br \/>\n\u2010 le tecniche rieducative;<br \/>\n\u2010 la rieducazione della disartria nel paziente con SLA;<br \/>\n\u2010 discussione di casi clinici.<\/p>\n<h3><\/h3>\n<h3><\/h3>\n<h3>Docenti<\/h3>\n<p><strong>Dott. Antonio Amitrano &#8211; LOGOPEDISTA<\/strong><br \/>\nDocente al Master in Deglutologia &#8211; Universit\u00e0 degli Studi di Torino, docente al Master in Deglutologia &#8211; Universit\u00e0 degli Studi di Pisa, Direttore del Master in Deglutologia dell\u2019 Universit\u00e0 \u201cGiustino Fortunato\u201d di Benevento.<\/p>\n<p>&nbsp;<\/p>\n<p>&nbsp;<\/p>\n<h3>Date<\/h3>\n<p><strong>sabato 17 gennaio 2026<\/strong> &#8211; dalle ore 9.00 alle 19.00<br \/>\n<strong>domenica 18 gennaio 2026<\/strong> &#8211; dalle ore 9.00 alle 13.30<br \/>\n<em>Totale n\u00b0 13 ore formative online in modalit\u00e0 sincrona.<\/em><\/p>\n<p>&nbsp;<\/p>\n<p>&nbsp;<\/p>\n<h3>Informazioni<\/h3>\n<p>Il corso \u00e8 a numero chiuso. <strong>Le iscrizioni si chiuderanno il 05\/01\/2026<\/strong> o al raggiungimento del numero massimo previsto. Il numero minimo per lo svolgimento del corso \u00e8 di 20 iscritti.<\/p>\n<p>&nbsp;<\/p>\n<h3>Quota d&#8217;iscrizione<\/h3>\n<p>\u20ac 272,00* (iva esente).<\/p>\n<p>Promozione<br \/>\n\u20ac 242,00* (iva esente) per iscrizioni formalizzate entro il 15\/11\/2025.<\/p>\n<p>(*) I costi indicati sono comprensivi dell\u2019imposta di \u20ac 2,00 su ogni fattura come da normativa fiscale<\/p>\n<p>&nbsp;<\/p>\n<p><a href=\"https:\/\/wa.me\/393896356832?text=Vorrei%20iscrivermi%20al%20Corso%20sulla%20DISARTRIA%20\" target=\"_blank\" rel=\"noopener\"><img loading=\"lazy\" decoding=\"async\" class=\"alignnone wp-image-8729 size-full\" src=\"https:\/\/eraclitea.it\/it\/wp-content\/uploads\/2023\/06\/button_iscriviti-da-whatsapp.png\" alt=\"\" width=\"239\" height=\"48\" srcset=\"https:\/\/eraclitea.it\/it\/wp-content\/uploads\/2023\/06\/button_iscriviti-da-whatsapp.png 239w, https:\/\/eraclitea.it\/it\/wp-content\/uploads\/2023\/06\/button_iscriviti-da-whatsapp-64x13.png 64w\" sizes=\"(max-width: 239px) 100vw, 239px\" \/><\/a><\/p>\n<p>&nbsp;<\/p>\n<h3><span style=\"color: #ff9900;\">Torna al calendario generale dei corsi\u00a0<\/span> &gt;&gt;&gt; <em><a href=\"https:\/\/www.discoformazione.it\/calend\/\" target=\"_blank\" rel=\"noopener\">CLICCA QUI<\/a><\/em><\/h3>\n","protected":false},"excerpt":{"rendered":"<p>Durata del corso: 13 ore\u00a0 N. Partecipanti: Max 35 A chi \u00e8 rivolto: Logopedisti e studenti universitari di Logopedia &nbsp; &nbsp; &nbsp; &nbsp; Tipologia Corso di formazione online, in modalit\u00e0 sincorna. Responsabile Scientifico Dott. Antonio AMITRANO &#8211; LOGOPEDISTA &nbsp; Crediti ECM Il corso \u00e8 in fase di accreditamento e rilascer\u00e0 13 crediti. | ID Provider: [&hellip;]<\/p>\n","protected":false},"featured_media":11939,"comment_status":"open","ping_status":"closed","template":"","meta":{"_et_pb_use_builder":"off","_et_pb_old_content":"<table class=\" alignleft\" style=\"border: 0px;height: 500px;width: 755px\">\r\n<tbody>\r\n<tr style=\"height: 17.9097px\">\r\n<td style=\"width: 102px;height: 17.9097px\"><a href=\"https:\/\/eraclitea.it\/it\/wp-content\/uploads\/2021\/01\/orolo2.png\"><img class=\"wp-image-887 alignnone\" src=\"https:\/\/eraclitea.it\/it\/wp-content\/uploads\/2021\/03\/tempo.png\" alt=\"\" width=\"34\" height=\"34\" \/><\/a><\/td>\r\n<td style=\"width: 169.368px;height: 17.9097px\">\r\n<h4 class=\"et_pb_module_header\">Durata del corso:<\/h4>\r\n<\/td>\r\n<td style=\"width: 458.632px;height: 17.9097px\"><span style=\"color: #ff9900\">45 ore - 5 giornate formative<\/span><\/td>\r\n<\/tr>\r\n<tr style=\"height: 94px\">\r\n<td style=\"width: 102px;height: 94px\"><a href=\"https:\/\/eraclitea.it\/it\/wp-content\/uploads\/2021\/03\/Tavola-da-disegno-\u2013-13.png\"><img class=\"wp-image-3710 alignnone\" src=\"https:\/\/eraclitea.it\/it\/wp-content\/uploads\/2021\/03\/Tavola-da-disegno-\u2013-13-300x300.png\" alt=\"\" width=\"37\" height=\"37\" \/><\/a><\/td>\r\n<td style=\"width: 169.368px;height: 94px\">\r\n<h4>N. Partecipanti:<\/h4>\r\n<\/td>\r\n<td style=\"width: 458.632px;height: 94px\"><span style=\"color: #ff9900\">15<\/span><\/td>\r\n<\/tr>\r\n<tr style=\"height: 15px\">\r\n<td style=\"width: 102px;height: 15px\"><a href=\"https:\/\/eraclitea.it\/it\/wp-content\/uploads\/2021\/04\/Tavola-da-disegno-\u2013-13-2.png\"><img class=\"wp-image-5967 alignnone\" src=\"https:\/\/eraclitea.it\/it\/wp-content\/uploads\/2021\/04\/Tavola-da-disegno-\u2013-13-2-300x300.png\" alt=\"\" width=\"37\" height=\"37\" \/><\/a><\/td>\r\n<td style=\"width: 169.368px;height: 15px\">\r\n<h4>Destinatari:<\/h4>\r\n<\/td>\r\n<td style=\"width: 458.632px;height: 15px\"><span style=\"color: #ff9900\">Docenti scuola infanzia, docenti scuola primaria, dirigenti scolastici, assistenti alla comunicazione, pedagogisti, educatori, psicologi, tecnici della riabilitazione psichiatrica, psicomotricisti, neuropsichiatri, logopedisti, terapisti occupazionali.<\/span><\/td>\r\n<\/tr>\r\n<\/tbody>\r\n<\/table>\r\n<a href=\"#\" rel=\"https:\/\/eraclitea.it\/it\/\">\u00a0<\/a>\r\n\r\n<a href=\"https:\/\/wa.me\/393896356832?text=Vorrei%20iscrivermi%20al%20Corso%20ONLINE%20PAS%20BASIC%201%20sul%20Metodo%20Feuerstein%20\" target=\"_blank\" rel=\"noopener\"><img class=\"wp-image-8729 size-full alignleft\" src=\"https:\/\/eraclitea.it\/it\/wp-content\/uploads\/2023\/06\/button_iscriviti-da-whatsapp.png\" alt=\"\" width=\"239\" height=\"48\" \/><\/a>\r\n<h3>Responsabile Scientifico<\/h3>\r\n<h4><span style=\"color: #ff9900\">Dott.ssa Maria Luisa Boninelli<\/span><\/h4>\r\n<h3><\/h3>\r\n<h3>Tipologia<\/h3>\r\nCorso di formazione a distanza in modalit\u00e0 sincrona.\r\n<h3><\/h3>\r\n<h3>Piattaforma SOFIA - MIUR<\/h3>\r\nIl corso \u00e8 accreditato con identificativo n\u00b0 119832.\r\n<h3><\/h3>\r\n<h3>Certificazione finale<\/h3>\r\nCertificato di Mediatore PAS Basic (Certificate of Instrumental Enrichment Mediatori), rilasciato dal Feuerstein Institute, che autorizza all'applicazione degli Strumenti utilizzati.\r\n<h3><\/h3>\r\n<h3>Presentazione del corso<\/h3>\r\nIl Programma di Arricchimento Strumentale (PAS) \u00e8 un programma di educazione cognitiva elaborato a partire dagli anni Cinquanta da Reuven Feuerstein. Successivamente \u00e8 stato utilizzato con successo in moltissimi Paesi (e tradotto in 16 lingue) come strumento per l'accrescimento del potenziale di apprendimento in individui svantaggiati o provenienti da ambienti ad alto rischio. Reuven Feuerstein rifugge da una logica classificatoria, che definisca in termini negativi le prestazioni dell'allievo: per lui non esistono sigle (BES, DSA, ADHD), ma bambini che imparano e bambini che hanno difficolt\u00e0 a imparare.\r\n\r\nDi questi ultimi evita di stilare lunghi elenchi di ci\u00f2 che non sanno fare, ma si chiede quali sono i loro punti di forza \u2014 tutti ne hanno \u2014 e soprattutto che cosa pu\u00f2 fare l'insegnante per utilizzarli al fine di superare i disfunzionamenti. I materiali del PAS Basic, organizzati in 12 Strumenti, sono adatti a: soggetti con funzionamento cognitivo di base o in et\u00e0 prescolare; soggetti a rischio, per prevenire possibili difficolt\u00e0 di apprendimento; soggetti che necessitano di riabilitazione cognitiva. All'interno del PAS Basic \u00e8 forte l'attenzione agli aspetti affettivi ed emozionali dell'apprendimento.\r\n<h3><\/h3>\r\n<h3>Metodologia<\/h3>\r\nIl programma prevede una parte teorica e una parte pratica, che consiste nell\u2019esecuzione in situazione di simulazione degli esercizi del PAS. In piccoli gruppi, che consentono un alto livello di interattivit\u00e0, si alternano momenti di lavoro individuale e di elaborazione collettiva, sotto la guida del formatore, che coinvolge i corsisti nella definizione del problema, nell'analisi delle strategie utilizzate per risolverlo, nella partecipazione a proposte di soluzione il pi\u00f9 possibile numerose e divergenti.\r\n<h3><\/h3>\r\n<h3>Programma didattico<\/h3>\r\n<ul>\r\n \t<li>conoscenza della teoria della Modificabilit\u00e0 Cognitiva Strutturale e dell\u2019Apprendimento Mediato in soggetti in et\u00e0 prescolare o a basso funzionamento cognitivo;<\/li>\r\n \t<li>utilizzo consapevole e competente dei Criteri di Apprendimento Mediato;<\/li>\r\n \t<li>identificazione dei fattori non cognitivi nel processo di apprendimento;<\/li>\r\n \t<li>abitudine ad analizzare i propri processi cognitivi (metacognizione) e quelli del discente;<\/li>\r\n \t<li>gestione della lezione;<\/li>\r\n \t<li>conoscenza degli Strumenti del PAS Basic e studio dei primi 6 Strumenti del PAS Basic (Organizzazione di punti Basic, Orientamento spaziale Basic, Dall\u2019unit\u00e0 al gruppo, Identifica le emozioni, Confronta e scopri l\u2019assurdo A e B)<\/li>\r\n<\/ul>\r\n<h3><\/h3>\r\n<h3><\/h3>\r\n<h3>Docente<\/h3>\r\n<strong>Dott.ssa Maria Luisa Boninelli<\/strong> - Formatrice, Dottore di Ricerca in Scienze Cognitive, Vice Presidente del Centro Internazionale sulle Metodologie Educative, certificata e accreditata dall'Istituto Feuerstein di Gerusalemme come Formatore Feuerstein.\r\n<h3><\/h3>\r\n<h3>Materiale Didattico<\/h3>\r\nGli strumenti didattici ufficiali saranno recapitati, all\u2019indirizzo fornito dal discente, a cura della segreteria.\r\n<h3>Date<\/h3>\r\n<ul>\r\n \t<li><strong>venerd\u00ec 30 giugno<\/strong> 2023: dalle 9.00 alle 13.30 e dalle 14.30 alle 19.00<\/li>\r\n \t<li><strong>sabato 1 luglio <\/strong>2023: dalle 9.00 alle 13.30 e dalle 14.30 alle 19.00<\/li>\r\n \t<li><strong>domenica 2 luglio <\/strong>2023: dalle 9.00 alle 13.30 e dalle 14.30 alle 19.00<\/li>\r\n \t<li><strong>sabato 8 luglio <\/strong>2023: dalle 9.00 alle 13.30 e dalle 14.30 alle 19.00<\/li>\r\n \t<li><strong>domenica 9 luglio <\/strong>2023: dalle 9.00 alle 13.30 e dalle 14.30 alle 19.00<\/li>\r\n<\/ul>\r\n<em>Totale n\u00b0 <strong>45 ore <\/strong>formative su piattaforma in modalit\u00e0 sincrona.<\/em>\r\n<h3><\/h3>\r\n<h3>Informazioni<\/h3>\r\nIl corso \u00e8 a numero chiuso. Le iscrizioni si chiuderanno il 23\/06\/2023 o al raggiungimento del numero massimo previsto di 15 partecipanti.\r\n<h3><\/h3>\r\n<h3>Costi<\/h3>\r\n<strong>\u20ac 529,00<\/strong> (iva esente)\r\n\r\nL\u2019importo pu\u00f2 essere versato in 2 soluzioni:\r\n<ul>\r\n \t<li>\u20ac 279,00 all\u2019iscrizione<\/li>\r\n \t<li>\u20ac 250,00 entro il 04\/07\/2023<\/li>\r\n<\/ul>\r\n<strong>\u00a0<\/strong>\r\n<h3>Per pagamento con bonifico:<\/h3>\r\nIBAN: IT 04 I 03032 16901 010000 173964\r\n\r\nIntestato a: \u201cAccademia Eraclitea SRL\u201d\r\n\r\nCausale: \u201cIscrizione Corso PAS BASIC 1 ONLINE + COGNOME\u201d.\r\n\r\n(Inviare copia del bonifico a: rosolini@eracliteapoint.it o tramite WhatsApp al 389 6356832)\r\n<h3>Per pagamento con Carta del Docente:<\/h3>\r\nContattare la segreteria scrivendo a: rosolini@eracliteapoint.it o tramite WhatsApp al 389 6356832\r\n\r\n<a href=\"https:\/\/wa.me\/393896356832?text=Vorrei%20iscrivermi%20al%20Corso%20ONLINE%20PAS%20BASIC%201%20sul%20Metodo%20Feuerstein%20\" target=\"_blank\" rel=\"noopener\"><img class=\"alignnone wp-image-8729 size-full\" src=\"https:\/\/eraclitea.it\/it\/wp-content\/uploads\/2023\/06\/button_iscriviti-da-whatsapp.png\" alt=\"\" width=\"239\" height=\"48\" \/><\/a>","_et_gb_content_width":"","_joinchat":{"telephone":"+393896356832"}},"product_brand":[],"product_cat":[174],"product_tag":[],"class_list":{"0":"post-11941","1":"product","2":"type-product","3":"status-publish","4":"has-post-thumbnail","6":"product_cat-disco","8":"first","9":"instock","10":"shipping-taxable","11":"product-type-simple"},"yoast_head":"<!-- This site is optimized with the Yoast SEO plugin v27.0 - https:\/\/yoast.com\/product\/yoast-seo-wordpress\/ -->\n<title>La presa in carico del paziente con DISARTRIA - Accademia Eraclitea<\/title>\n<meta name=\"description\" content=\"La presa in carico del paziente con DISARTRIA\" \/>\n<meta name=\"robots\" content=\"index, follow, max-snippet:-1, max-image-preview:large, max-video-preview:-1\" \/>\n<link rel=\"canonical\" href=\"https:\/\/eraclitea.it\/it\/prodotto\/disartria\/\" \/>\n<meta property=\"og:locale\" content=\"it_IT\" \/>\n<meta property=\"og:type\" content=\"article\" \/>\n<meta property=\"og:title\" content=\"La presa in carico del paziente con DISARTRIA - Accademia Eraclitea\" \/>\n<meta property=\"og:description\" content=\"La presa in carico del paziente con DISARTRIA\" \/>\n<meta property=\"og:url\" content=\"https:\/\/eraclitea.it\/it\/prodotto\/disartria\/\" \/>\n<meta property=\"og:site_name\" content=\"Accademia Eraclitea\" \/>\n<meta property=\"article:modified_time\" content=\"2026-01-30T11:54:38+00:00\" \/>\n<meta property=\"og:image\" content=\"https:\/\/eraclitea.it\/it\/wp-content\/uploads\/2023\/08\/Disartria_26_300.jpg\" \/>\n\t<meta property=\"og:image:width\" content=\"300\" \/>\n\t<meta property=\"og:image:height\" content=\"300\" \/>\n\t<meta property=\"og:image:type\" content=\"image\/jpeg\" \/>\n<meta name=\"twitter:card\" content=\"summary_large_image\" \/>\n<meta name=\"twitter:label1\" content=\"Tempo di lettura stimato\" \/>\n\t<meta name=\"twitter:data1\" content=\"4 minuti\" \/>\n<script type=\"application\/ld+json\" class=\"yoast-schema-graph\">{\"@context\":\"https:\/\/schema.org\",\"@graph\":[{\"@type\":\"WebPage\",\"@id\":\"https:\/\/eraclitea.it\/it\/prodotto\/disartria\/\",\"url\":\"https:\/\/eraclitea.it\/it\/prodotto\/disartria\/\",\"name\":\"La presa in carico del paziente con DISARTRIA - Accademia Eraclitea\",\"isPartOf\":{\"@id\":\"https:\/\/eraclitea.it\/it\/#website\"},\"primaryImageOfPage\":{\"@id\":\"https:\/\/eraclitea.it\/it\/prodotto\/disartria\/#primaryimage\"},\"image\":{\"@id\":\"https:\/\/eraclitea.it\/it\/prodotto\/disartria\/#primaryimage\"},\"thumbnailUrl\":\"https:\/\/eraclitea.it\/it\/wp-content\/uploads\/2023\/08\/Disartria_26_300.jpg\",\"datePublished\":\"2025-12-22T12:44:59+00:00\",\"dateModified\":\"2026-01-30T11:54:38+00:00\",\"description\":\"La presa in carico del paziente con DISARTRIA\",\"breadcrumb\":{\"@id\":\"https:\/\/eraclitea.it\/it\/prodotto\/disartria\/#breadcrumb\"},\"inLanguage\":\"it-IT\",\"potentialAction\":[{\"@type\":\"ReadAction\",\"target\":[\"https:\/\/eraclitea.it\/it\/prodotto\/disartria\/\"]}]},{\"@type\":\"ImageObject\",\"inLanguage\":\"it-IT\",\"@id\":\"https:\/\/eraclitea.it\/it\/prodotto\/disartria\/#primaryimage\",\"url\":\"https:\/\/eraclitea.it\/it\/wp-content\/uploads\/2023\/08\/Disartria_26_300.jpg\",\"contentUrl\":\"https:\/\/eraclitea.it\/it\/wp-content\/uploads\/2023\/08\/Disartria_26_300.jpg\",\"width\":300,\"height\":300},{\"@type\":\"BreadcrumbList\",\"@id\":\"https:\/\/eraclitea.it\/it\/prodotto\/disartria\/#breadcrumb\",\"itemListElement\":[{\"@type\":\"ListItem\",\"position\":1,\"name\":\"Home\",\"item\":\"https:\/\/eraclitea.it\/it\/\"},{\"@type\":\"ListItem\",\"position\":2,\"name\":\"Corsi\",\"item\":\"https:\/\/eraclitea.it\/it\/corsi\/\"},{\"@type\":\"ListItem\",\"position\":3,\"name\":\"La presa in carico del paziente con DISARTRIA\"}]},{\"@type\":\"WebSite\",\"@id\":\"https:\/\/eraclitea.it\/it\/#website\",\"url\":\"https:\/\/eraclitea.it\/it\/\",\"name\":\"Accademia Eraclitea\",\"description\":\"Ente di Ricerca e di Alta Formazione Accreditato\",\"potentialAction\":[{\"@type\":\"SearchAction\",\"target\":{\"@type\":\"EntryPoint\",\"urlTemplate\":\"https:\/\/eraclitea.it\/it\/?s={search_term_string}\"},\"query-input\":{\"@type\":\"PropertyValueSpecification\",\"valueRequired\":true,\"valueName\":\"search_term_string\"}}],\"inLanguage\":\"it-IT\"}]}<\/script>\n<!-- \/ Yoast SEO plugin. -->","yoast_head_json":{"title":"La presa in carico del paziente con DISARTRIA - Accademia Eraclitea","description":"La presa in carico del paziente con DISARTRIA","robots":{"index":"index","follow":"follow","max-snippet":"max-snippet:-1","max-image-preview":"max-image-preview:large","max-video-preview":"max-video-preview:-1"},"canonical":"https:\/\/eraclitea.it\/it\/prodotto\/disartria\/","og_locale":"it_IT","og_type":"article","og_title":"La presa in carico del paziente con DISARTRIA - Accademia Eraclitea","og_description":"La presa in carico del paziente con DISARTRIA","og_url":"https:\/\/eraclitea.it\/it\/prodotto\/disartria\/","og_site_name":"Accademia Eraclitea","article_modified_time":"2026-01-30T11:54:38+00:00","og_image":[{"width":300,"height":300,"url":"https:\/\/eraclitea.it\/it\/wp-content\/uploads\/2023\/08\/Disartria_26_300.jpg","type":"image\/jpeg"}],"twitter_card":"summary_large_image","twitter_misc":{"Tempo di lettura stimato":"4 minuti"},"schema":{"@context":"https:\/\/schema.org","@graph":[{"@type":"WebPage","@id":"https:\/\/eraclitea.it\/it\/prodotto\/disartria\/","url":"https:\/\/eraclitea.it\/it\/prodotto\/disartria\/","name":"La presa in carico del paziente con DISARTRIA - Accademia Eraclitea","isPartOf":{"@id":"https:\/\/eraclitea.it\/it\/#website"},"primaryImageOfPage":{"@id":"https:\/\/eraclitea.it\/it\/prodotto\/disartria\/#primaryimage"},"image":{"@id":"https:\/\/eraclitea.it\/it\/prodotto\/disartria\/#primaryimage"},"thumbnailUrl":"https:\/\/eraclitea.it\/it\/wp-content\/uploads\/2023\/08\/Disartria_26_300.jpg","datePublished":"2025-12-22T12:44:59+00:00","dateModified":"2026-01-30T11:54:38+00:00","description":"La presa in carico del paziente con DISARTRIA","breadcrumb":{"@id":"https:\/\/eraclitea.it\/it\/prodotto\/disartria\/#breadcrumb"},"inLanguage":"it-IT","potentialAction":[{"@type":"ReadAction","target":["https:\/\/eraclitea.it\/it\/prodotto\/disartria\/"]}]},{"@type":"ImageObject","inLanguage":"it-IT","@id":"https:\/\/eraclitea.it\/it\/prodotto\/disartria\/#primaryimage","url":"https:\/\/eraclitea.it\/it\/wp-content\/uploads\/2023\/08\/Disartria_26_300.jpg","contentUrl":"https:\/\/eraclitea.it\/it\/wp-content\/uploads\/2023\/08\/Disartria_26_300.jpg","width":300,"height":300},{"@type":"BreadcrumbList","@id":"https:\/\/eraclitea.it\/it\/prodotto\/disartria\/#breadcrumb","itemListElement":[{"@type":"ListItem","position":1,"name":"Home","item":"https:\/\/eraclitea.it\/it\/"},{"@type":"ListItem","position":2,"name":"Corsi","item":"https:\/\/eraclitea.it\/it\/corsi\/"},{"@type":"ListItem","position":3,"name":"La presa in carico del paziente con DISARTRIA"}]},{"@type":"WebSite","@id":"https:\/\/eraclitea.it\/it\/#website","url":"https:\/\/eraclitea.it\/it\/","name":"Accademia Eraclitea","description":"Ente di Ricerca e di Alta Formazione Accreditato","potentialAction":[{"@type":"SearchAction","target":{"@type":"EntryPoint","urlTemplate":"https:\/\/eraclitea.it\/it\/?s={search_term_string}"},"query-input":{"@type":"PropertyValueSpecification","valueRequired":true,"valueName":"search_term_string"}}],"inLanguage":"it-IT"}]}},"jetpack_sharing_enabled":true,"_links":{"self":[{"href":"https:\/\/eraclitea.it\/it\/wp-json\/wp\/v2\/product\/11941","targetHints":{"allow":["GET"]}}],"collection":[{"href":"https:\/\/eraclitea.it\/it\/wp-json\/wp\/v2\/product"}],"about":[{"href":"https:\/\/eraclitea.it\/it\/wp-json\/wp\/v2\/types\/product"}],"replies":[{"embeddable":true,"href":"https:\/\/eraclitea.it\/it\/wp-json\/wp\/v2\/comments?post=11941"}],"wp:featuredmedia":[{"embeddable":true,"href":"https:\/\/eraclitea.it\/it\/wp-json\/wp\/v2\/media\/11939"}],"wp:attachment":[{"href":"https:\/\/eraclitea.it\/it\/wp-json\/wp\/v2\/media?parent=11941"}],"wp:term":[{"taxonomy":"product_brand","embeddable":true,"href":"https:\/\/eraclitea.it\/it\/wp-json\/wp\/v2\/product_brand?post=11941"},{"taxonomy":"product_cat","embeddable":true,"href":"https:\/\/eraclitea.it\/it\/wp-json\/wp\/v2\/product_cat?post=11941"},{"taxonomy":"product_tag","embeddable":true,"href":"https:\/\/eraclitea.it\/it\/wp-json\/wp\/v2\/product_tag?post=11941"}],"curies":[{"name":"wp","href":"https:\/\/api.w.org\/{rel}","templated":true}]}}