{"id":9920,"date":"2024-09-11T15:08:29","date_gmt":"2024-09-11T15:08:29","guid":{"rendered":"https:\/\/eraclitea.it\/it\/?page_id=9920"},"modified":"2024-09-17T08:12:12","modified_gmt":"2024-09-17T08:12:12","slug":"albo-docenti","status":"publish","type":"page","link":"https:\/\/eraclitea.it\/it\/albo-docenti\/","title":{"rendered":"Albo docenti"},"content":{"rendered":"<p>[et_pb_section fb_built=&#8221;1&#8243; admin_label=&#8221;Cerchiamo docenti banner&#8221; _builder_version=&#8221;4.8.1&#8243; use_background_color_gradient=&#8221;on&#8221; background_color_gradient_start=&#8221;#e09900&#8243; background_color_gradient_end=&#8221;#e09900&#8243; background_image=&#8221;https:\/\/eraclitea.it\/it\/wp-content\/uploads\/2024\/09\/coding-background-texture.jpg&#8221; background_blend=&#8221;overlay&#8221; max_height=&#8221;450px&#8221; custom_padding=&#8221;100px|0px|100px|0px&#8221; animation_direction=&#8221;top&#8221; locked=&#8221;off&#8221;][et_pb_row column_structure=&#8221;1_2,1_2&#8243; _builder_version=&#8221;3.25&#8243; custom_margin=&#8221;|||&#8221; custom_width_px=&#8221;1280px&#8221;][et_pb_column type=&#8221;1_2&#8243; _builder_version=&#8221;3.25&#8243; custom_padding=&#8221;|||&#8221; custom_padding__hover=&#8221;|||&#8221;][et_pb_text _builder_version=&#8221;3.27.4&#8243; header_font=&#8221;|on|||&#8221; header_font_size=&#8221;42px&#8221; header_line_height=&#8221;1.3em&#8221; background_layout=&#8221;dark&#8221; custom_padding=&#8221;|||&#8221; header_font_size_last_edited=&#8221;off|desktop&#8221; locked=&#8221;off&#8221;]<\/p>\n<h1>Cerchiamo docenti in tutta Italia!<span style=\"font-size: 14px; font-weight: 500;\">\u00a0<\/span><\/h1>\n<p>[\/et_pb_text][et_pb_text _builder_version=&#8221;4.8.1&#8243; text_text_color=&#8221;#d4ccff&#8221; text_font_size=&#8221;16px&#8221; text_line_height=&#8221;1.9em&#8221; locked=&#8221;off&#8221;]<\/p>\n<p style=\"text-align: justify;\"><span style=\"color: #ffffff;\">&#8220;L&#8217;Accademia Eraclitea, Ente di Ricerca e di Alta Formazione Accreditato, \u00e8 alla ricerca di docenti su tutto il territorio italiano per ampliare il proprio &#8220;Albo Nazionale dei Formatori sulla Sicurezza sul Lavoro e rispondere alle esigenze di numerosi Enti pubblici e Aziende private con rilevanza nazionale.<\/span><\/p>\n<p>[\/et_pb_text][\/et_pb_column][et_pb_column type=&#8221;1_2&#8243; _builder_version=&#8221;3.25&#8243; custom_padding=&#8221;|||&#8221; custom_padding__hover=&#8221;|||&#8221;][et_pb_image src=&#8221;https:\/\/eraclitea.it\/it\/wp-content\/uploads\/2024\/09\/italy-maps2.png&#8221; title_text=&#8221;italy-maps2&#8243; align_tablet=&#8221;center&#8221; align_phone=&#8221;&#8221; align_last_edited=&#8221;on|desktop&#8221; _builder_version=&#8221;4.8.1&#8243; custom_margin=&#8221;|||&#8221; custom_padding=&#8221;|||&#8221; animation_style=&#8221;slide&#8221; animation_direction=&#8221;left&#8221; animation_delay=&#8221;100ms&#8221;][\/et_pb_image][\/et_pb_column][\/et_pb_row][\/et_pb_section][et_pb_section fb_built=&#8221;1&#8243; disabled_on=&#8221;off|off|off&#8221; admin_label=&#8221;Con chi collaboriamo&#8221; _builder_version=&#8221;4.8.1&#8243; use_background_color_gradient=&#8221;on&#8221; background_color_gradient_start=&#8221;#e09900&#8243; background_color_gradient_end=&#8221;rgba(0,0,0,0)&#8221; background_color_gradient_end_position=&#8221;35%&#8221; custom_padding=&#8221;100px|0px|50px|0px||&#8221;][et_pb_row column_structure=&#8221;1_4,3_4&#8243; _builder_version=&#8221;3.25&#8243; custom_padding=&#8221;100px|0px|90px|0px||&#8221;][et_pb_column type=&#8221;1_4&#8243; _builder_version=&#8221;4.8.1&#8243; _module_preset=&#8221;default&#8221;][et_pb_image src=&#8221;https:\/\/eraclitea.it\/it\/wp-content\/uploads\/2024\/09\/people1.png&#8221; title_text=&#8221;people1&#8243; align_tablet=&#8221;center&#8221; align_phone=&#8221;&#8221; align_last_edited=&#8221;on|desktop&#8221; _builder_version=&#8221;4.8.1&#8243; animation_style=&#8221;zoom&#8221; animation_direction=&#8221;left&#8221; animation_delay=&#8221;100ms&#8221; animation_intensity_zoom=&#8221;20%&#8221;][\/et_pb_image][\/et_pb_column][et_pb_column type=&#8221;3_4&#8243; _builder_version=&#8221;3.25&#8243; custom_padding=&#8221;|||&#8221; custom_padding__hover=&#8221;|||&#8221;][et_pb_text _builder_version=&#8221;4.8.1&#8243; header_font=&#8221;||||||||&#8221; header_2_font=&#8221;|700|||||||&#8221; header_2_text_color=&#8221;#7272ff&#8221; header_2_font_size=&#8221;36px&#8221; header_2_line_height=&#8221;1.3em&#8221; custom_margin=&#8221;||20px|&#8221; animation_style=&#8221;slide&#8221; animation_direction=&#8221;bottom&#8221; animation_intensity_slide=&#8221;10%&#8221; locked=&#8221;off&#8221; header_font_size__hover=&#8221;30px&#8221; header_font_size__hover_enabled=&#8221;30px&#8221; header_letter_spacing__hover=&#8221;0px&#8221; header_letter_spacing__hover_enabled=&#8221;0px&#8221; header_text_shadow_style__hover=&#8221;none&#8221; header_text_shadow_style__hover_enabled=&#8221;none&#8221; header_text_shadow_color__hover=&#8221;rgba(0,0,0,0.4)&#8221; header_text_shadow_color__hover_enabled=&#8221;rgba(0,0,0,0.4)&#8221;]<\/p>\n<h2><span style=\"color: #ff9900;\">A chi ci rivolgiamo<\/span><\/h2>\n<p>[\/et_pb_text][et_pb_text _builder_version=&#8221;4.8.1&#8243; text_font=&#8221;||||||||&#8221; text_text_color=&#8221;#8585bd&#8221; text_font_size=&#8221;16px&#8221; text_line_height=&#8221;1.9em&#8221; header_font=&#8221;||||||||&#8221; header_4_font=&#8221;|700|||||||&#8221; header_4_font_size=&#8221;16px&#8221; header_4_line_height=&#8221;1.9em&#8221; animation_style=&#8221;zoom&#8221; animation_intensity_zoom=&#8221;6%&#8221; locked=&#8221;off&#8221;]<\/p>\n<p style=\"text-align: justify;\">Professionisti qualificati, con comprovata esperienza nella formazione in materia di sicurezza, che desiderano mettere a disposizione la loro esperienza con particolare riferimento al Decreto Interministeriale del 6 marzo 2013 che stabilisce i requisiti che devono essere posseduti dai formatori per la sicurezza sul lavoro e agli Accordi Stato-Regioni del 21 dicembre 2011, del 21 febbraio 2012 e del 7 luglio 2016.<\/p>\n<p>[\/et_pb_text][\/et_pb_column][\/et_pb_row][\/et_pb_section][et_pb_section fb_built=&#8221;1&#8243; disabled_on=&#8221;off|off|off&#8221; admin_label=&#8221;Features&#8221; _builder_version=&#8221;4.8.1&#8243; background_color=&#8221;RGBA(0,0,0,0)&#8221; use_background_color_gradient=&#8221;on&#8221; background_color_gradient_start=&#8221;#e09900&#8243; background_color_gradient_end=&#8221;#e09900&#8243; background_image=&#8221;https:\/\/eraclitea.it\/it\/wp-content\/uploads\/2024\/09\/coding-background-texture.jpg&#8221; background_blend=&#8221;overlay&#8221; custom_padding=&#8221;50px|0px|50px|0px||&#8221;][et_pb_row column_structure=&#8221;2_3,1_3&#8243; admin_label=&#8221;Become an Expert&#8221; _builder_version=&#8221;3.25&#8243; animation_style=&#8221;zoom&#8221; animation_direction=&#8221;bottom&#8221; animation_intensity_zoom=&#8221;6%&#8221;][et_pb_column type=&#8221;2_3&#8243; _builder_version=&#8221;3.25&#8243; custom_padding=&#8221;|||&#8221; custom_padding__hover=&#8221;|||&#8221;][et_pb_text _builder_version=&#8221;3.27.4&#8243; header_font=&#8221;||||||||&#8221; header_2_font=&#8221;|700|||||||&#8221; header_2_font_size=&#8221;36px&#8221; header_2_line_height=&#8221;1.3em&#8221; background_layout=&#8221;dark&#8221; custom_margin=&#8221;||20px|&#8221; animation_style=&#8221;slide&#8221; animation_direction=&#8221;bottom&#8221; animation_intensity_slide=&#8221;10%&#8221; locked=&#8221;off&#8221; header_font_size__hover=&#8221;30px&#8221; header_font_size__hover_enabled=&#8221;30px&#8221; header_letter_spacing__hover=&#8221;0px&#8221; header_letter_spacing__hover_enabled=&#8221;0px&#8221; header_text_shadow_style__hover=&#8221;none&#8221; header_text_shadow_style__hover_enabled=&#8221;none&#8221; header_text_shadow_color__hover=&#8221;rgba(0,0,0,0.4)&#8221; header_text_shadow_color__hover_enabled=&#8221;rgba(0,0,0,0.4)&#8221;]<\/p>\n<h2>Cosa facciamo<\/h2>\n<p>[\/et_pb_text][et_pb_text _builder_version=&#8221;4.8.1&#8243; text_text_color=&#8221;#d4ccff&#8221; text_font_size=&#8221;16px&#8221; text_line_height=&#8221;1.9em&#8221; animation_style=&#8221;zoom&#8221; animation_intensity_zoom=&#8221;6%&#8221; locked=&#8221;off&#8221;]<\/p>\n<p style=\"text-align: justify;\"><span style=\"color: #ffffff;\">Accademia Eraclitea \u00e8 Ente di formazione, accreditato a livello nazionale, specializzato nella sicurezza sul lavoro e nella formazione dei lavoratori secondo il D.lgs. 81\/08. In considerazione dell&#8217;attuale ampliamento della propria offerta formativa su tutto il territorio italiano ha istituito il proprio &#8220;<span>Albo Nazionale dei Formatori sulla Sicurezza sul Lavoro&#8221;.<\/span><\/span><\/p>\n<p>&nbsp;<\/p>\n<p>[\/et_pb_text][\/et_pb_column][et_pb_column type=&#8221;1_3&#8243; _builder_version=&#8221;3.25&#8243; custom_padding=&#8221;60px|||&#8221; custom_padding__hover=&#8221;|||&#8221;][et_pb_image src=&#8221;https:\/\/eraclitea.it\/it\/wp-content\/uploads\/2024\/09\/classroom.png&#8221; title_text=&#8221;classroom&#8221; align=&#8221;center&#8221; align_tablet=&#8221;center&#8221; align_phone=&#8221;&#8221; align_last_edited=&#8221;on|desktop&#8221; _builder_version=&#8221;4.8.1&#8243; max_width=&#8221;90%&#8221; module_alignment=&#8221;center&#8221; animation_style=&#8221;zoom&#8221; animation_direction=&#8221;right&#8221; animation_delay=&#8221;100ms&#8221; animation_intensity_zoom=&#8221;20%&#8221;][\/et_pb_image][\/et_pb_column][\/et_pb_row][\/et_pb_section][et_pb_section fb_built=&#8221;1&#8243; disabled_on=&#8221;off|off|off&#8221; admin_label=&#8221;Perche lavorare con noi&#8221; _builder_version=&#8221;3.22&#8243; custom_padding=&#8221;0px|0px|0px|0px||&#8221;][et_pb_row column_structure=&#8221;1_3,2_3&#8243; _builder_version=&#8221;3.25&#8243; custom_padding=&#8221;90px|0px|90px|0px&#8221;][et_pb_column type=&#8221;1_3&#8243; _builder_version=&#8221;4.8.1&#8243; _module_preset=&#8221;default&#8221;][et_pb_image src=&#8221;https:\/\/eraclitea.it\/it\/wp-content\/uploads\/2024\/09\/meeting.png&#8221; title_text=&#8221;meeting&#8221; align_tablet=&#8221;center&#8221; align_phone=&#8221;&#8221; align_last_edited=&#8221;on|desktop&#8221; _builder_version=&#8221;4.8.1&#8243; animation_style=&#8221;zoom&#8221; animation_direction=&#8221;left&#8221; animation_delay=&#8221;100ms&#8221; animation_intensity_zoom=&#8221;20%&#8221;][\/et_pb_image][\/et_pb_column][et_pb_column type=&#8221;2_3&#8243; _builder_version=&#8221;3.25&#8243; custom_padding=&#8221;|||&#8221; custom_padding__hover=&#8221;|||&#8221;][et_pb_text _builder_version=&#8221;4.8.1&#8243; header_font=&#8221;||||||||&#8221; header_2_font=&#8221;|700|||||||&#8221; header_2_text_color=&#8221;#7272ff&#8221; header_2_font_size=&#8221;36px&#8221; header_2_line_height=&#8221;1.3em&#8221; custom_margin=&#8221;||20px|&#8221; animation_style=&#8221;slide&#8221; animation_direction=&#8221;bottom&#8221; animation_intensity_slide=&#8221;10%&#8221; locked=&#8221;off&#8221; header_font_size__hover=&#8221;30px&#8221; header_font_size__hover_enabled=&#8221;30px&#8221; header_letter_spacing__hover=&#8221;0px&#8221; header_letter_spacing__hover_enabled=&#8221;0px&#8221; header_text_shadow_style__hover=&#8221;none&#8221; header_text_shadow_style__hover_enabled=&#8221;none&#8221; header_text_shadow_color__hover=&#8221;rgba(0,0,0,0.4)&#8221; header_text_shadow_color__hover_enabled=&#8221;rgba(0,0,0,0.4)&#8221;]<\/p>\n<h2><span style=\"color: #ff9900;\">Perch\u00e9 lavorare con noi?<\/span><\/h2>\n<p>[\/et_pb_text][et_pb_text _builder_version=&#8221;4.8.1&#8243; text_font=&#8221;||||||||&#8221; text_text_color=&#8221;#8585bd&#8221; text_font_size=&#8221;16px&#8221; text_line_height=&#8221;1.9em&#8221; header_font=&#8221;||||||||&#8221; header_4_font=&#8221;|700|||||||&#8221; header_4_font_size=&#8221;16px&#8221; header_4_line_height=&#8221;1.9em&#8221; animation_style=&#8221;zoom&#8221; animation_intensity_zoom=&#8221;6%&#8221; hover_enabled=&#8221;0&#8243; locked=&#8221;off&#8221; sticky_enabled=&#8221;0&#8243;]<\/p>\n<p style=\"text-align: justify;\"><span style=\"color: #808080;\">Lavorare con l&#8217;Accademia Eraclitea significa entrare a far parte di un team dinamico e motivato, impegnato a offrire formazione di eccellenza su scala nazionale.\u00a0<\/span><\/p>\n<p style=\"text-align: justify;\"><span style=\"color: #808080;\">Con l&#8217;inserimento nel nostro Albo, i professionisti iscritti potranno essere contattati per eventuali incarichi di docenza nelle aree geografiche di propria competenza. Questo permetter\u00e0 loro di accedere a collaborazioni professionali in modo flessibile e senza vincoli, potendo scegliere gli incarichi pi\u00f9 adatti alle proprie competenze e alle proprie disponibilit\u00e0.<\/span><\/p>\n<p style=\"text-align: justify;\"><span style=\"color: #808080;\">L\u2019Albo verr\u00e0 gestito nel pieno rispetto delle normative sulla protezione dei dati personali (Regolamento UE 2016\/679 &#8211; GDPR) ed i dati degli iscritti non saranno visibili al pubblico, ma verranno utilizzati esclusivamente da Accademia Eraclitea per la selezione di candidati per incarichi di docenza. Nessuna informazione personale sar\u00e0 resa disponibile a terzi senza il consenso esplicito degli interessati.<\/span><\/p>\n<p style=\"text-align: justify;\"><span style=\"color: #808080;\">L\u2019iscrizione a tale Albo \u00e8 completamente gratuita e non comporta alcun impegno vincolante per gli iscritti.<\/span><\/p>\n<p>[\/et_pb_text][\/et_pb_column][\/et_pb_row][\/et_pb_section][et_pb_section fb_built=&#8221;1&#8243; disabled_on=&#8221;off|off|off&#8221; admin_label=&#8221;Manda il tuo CV&#8221; _builder_version=&#8221;4.8.1&#8243; background_color=&#8221;RGBA(0,0,0,0)&#8221; use_background_color_gradient=&#8221;on&#8221; background_color_gradient_start=&#8221;rgba(0,0,0,0)&#8221; background_color_gradient_end=&#8221;#e09900&#8243; custom_margin=&#8221;50px|||||&#8221; custom_padding=&#8221;0px|0px|100px|0px&#8221; animation_style=&#8221;zoom&#8221; animation_direction=&#8221;bottom&#8221; animation_intensity_zoom=&#8221;6%&#8221; animation_starting_opacity=&#8221;100%&#8221; saved_tabs=&#8221;all&#8221; locked=&#8221;off&#8221;][et_pb_row column_structure=&#8221;2_3,1_3&#8243; use_custom_gutter=&#8221;on&#8221; gutter_width=&#8221;2&#8243; _builder_version=&#8221;3.25&#8243; background_size=&#8221;initial&#8221; background_position=&#8221;top_left&#8221; background_repeat=&#8221;repeat&#8221;][et_pb_column type=&#8221;2_3&#8243; _builder_version=&#8221;3.25&#8243; custom_padding=&#8221;|||&#8221; custom_padding__hover=&#8221;|||&#8221;][et_pb_text _builder_version=&#8221;4.8.1&#8243; header_font=&#8221;||||||||&#8221; header_2_font=&#8221;|700|||||||&#8221; header_2_text_color=&#8221;#7272ff&#8221; header_2_font_size=&#8221;36px&#8221; header_2_line_height=&#8221;1.3em&#8221; background_size=&#8221;initial&#8221; background_position=&#8221;top_left&#8221; background_repeat=&#8221;repeat&#8221; custom_margin=&#8221;||20px|&#8221; animation_style=&#8221;slide&#8221; animation_direction=&#8221;bottom&#8221; animation_intensity_slide=&#8221;10%&#8221; header_font_size__hover=&#8221;30px&#8221; header_font_size__hover_enabled=&#8221;30px&#8221; header_letter_spacing__hover=&#8221;0px&#8221; header_letter_spacing__hover_enabled=&#8221;0px&#8221; header_text_shadow_style__hover=&#8221;none&#8221; header_text_shadow_style__hover_enabled=&#8221;none&#8221; header_text_shadow_color__hover=&#8221;rgba(0,0,0,0.4)&#8221; header_text_shadow_color__hover_enabled=&#8221;rgba(0,0,0,0.4)&#8221;]<\/p>\n<h3><span style=\"color: #ff9900;\"><strong>Manda il tuo CV per essere inserito nel nostro albo nazionale<\/strong><\/span><\/h3>\n<p>[\/et_pb_text][et_pb_text _builder_version=&#8221;4.8.1&#8243; _module_preset=&#8221;default&#8221;]<\/p>\n<p><span style=\"color: #000000;\">Se sei un docente qualificato e desideri unirti al nostro team, invia il tuo curriculum per essere inserito nel nostro albo docenti. Stiamo cercando professionisti in tutta Italia, pronti a contribuire con le loro competenze all\u2019eccellenza formativa che offriamo.<\/span><\/p>\n<p>[\/et_pb_text][\/et_pb_column][et_pb_column type=&#8221;1_3&#8243; _builder_version=&#8221;3.25&#8243; custom_padding=&#8221;|||&#8221; custom_padding__hover=&#8221;|||&#8221;][et_pb_button button_url=&#8221;https:\/\/eraclitea.it\/it\/jobs\/albo-docenti\/&#8221; button_text=&#8221;INVIA IL TUO CV&#8221; button_alignment=&#8221;center&#8221; _builder_version=&#8221;4.8.1&#8243; custom_button=&#8221;on&#8221; button_text_size=&#8221;16px&#8221; button_text_color=&#8221;#FFFFFF&#8221; button_bg_color=&#8221;#E09900&#8243; button_border_width=&#8221;10px&#8221; button_border_color=&#8221;#E09900&#8243; button_border_radius=&#8221;100px&#8221; button_letter_spacing=&#8221;1px&#8221; button_font=&#8221;|700||on|||||&#8221; button_icon=&#8221;%%36%%&#8221; button_on_hover=&#8221;off&#8221; custom_margin=&#8221;|||&#8221; animation_style=&#8221;zoom&#8221; animation_intensity_zoom=&#8221;6%&#8221; box_shadow_style=&#8221;preset1&#8243; box_shadow_vertical=&#8221;10px&#8221; box_shadow_blur=&#8221;50px&#8221; box_shadow_spread=&#8221;5px&#8221; box_shadow_color=&#8221;rgba(181,181,255,0.38)&#8221; button_letter_spacing_hover=&#8221;2px&#8221; locked=&#8221;off&#8221; button_text_size__hover_enabled=&#8221;off&#8221; button_one_text_size__hover_enabled=&#8221;off&#8221; button_two_text_size__hover_enabled=&#8221;off&#8221; button_text_color__hover_enabled=&#8221;off&#8221; button_one_text_color__hover_enabled=&#8221;off&#8221; button_two_text_color__hover_enabled=&#8221;off&#8221; button_border_width__hover_enabled=&#8221;off&#8221; button_one_border_width__hover_enabled=&#8221;off&#8221; button_two_border_width__hover_enabled=&#8221;off&#8221; button_border_color__hover_enabled=&#8221;off&#8221; button_one_border_color__hover_enabled=&#8221;off&#8221; button_two_border_color__hover_enabled=&#8221;off&#8221; button_border_radius__hover_enabled=&#8221;off&#8221; button_one_border_radius__hover_enabled=&#8221;off&#8221; button_two_border_radius__hover_enabled=&#8221;off&#8221; button_letter_spacing__hover_enabled=&#8221;on&#8221; button_letter_spacing__hover=&#8221;2px&#8221; button_one_letter_spacing__hover_enabled=&#8221;off&#8221; button_two_letter_spacing__hover_enabled=&#8221;off&#8221; button_bg_color__hover_enabled=&#8221;off&#8221; button_one_bg_color__hover_enabled=&#8221;off&#8221; button_two_bg_color__hover_enabled=&#8221;off&#8221;][\/et_pb_button][\/et_pb_column][\/et_pb_row][\/et_pb_section]<\/p>\n","protected":false},"excerpt":{"rendered":"<p>Cerchiamo docenti in tutta Italia!\u00a0&#8220;L&#8217;Accademia Eraclitea, Ente di Ricerca e di Alta Formazione Accreditato, \u00e8 alla ricerca di docenti su tutto il territorio italiano per ampliare il proprio &#8220;Albo Nazionale dei Formatori sulla Sicurezza sul Lavoro e rispondere alle esigenze di numerosi Enti pubblici e Aziende private con rilevanza nazionale.A chi ci rivolgiamoProfessionisti qualificati, con [&hellip;]<\/p>\n","protected":false},"author":2,"featured_media":0,"parent":0,"menu_order":0,"comment_status":"closed","ping_status":"closed","template":"","meta":{"_et_pb_use_builder":"on","_et_pb_old_content":"","_et_gb_content_width":"","_joinchat":[],"footnotes":""},"class_list":["post-9920","page","type-page","status-publish","hentry"],"yoast_head":"<!-- This site is optimized with the Yoast SEO plugin v27.0 - https:\/\/yoast.com\/product\/yoast-seo-wordpress\/ -->\n<title>Albo docenti - Accademia Eraclitea<\/title>\n<meta name=\"robots\" content=\"index, follow, max-snippet:-1, max-image-preview:large, max-video-preview:-1\" \/>\n<link rel=\"canonical\" href=\"https:\/\/eraclitea.it\/it\/albo-docenti\/\" \/>\n<meta property=\"og:locale\" content=\"it_IT\" \/>\n<meta property=\"og:type\" content=\"article\" \/>\n<meta property=\"og:title\" content=\"Albo docenti - Accademia Eraclitea\" \/>\n<meta property=\"og:description\" content=\"Cerchiamo docenti in tutta Italia!\u00a0&quot;L&#039;Accademia Eraclitea, Ente di Ricerca e di Alta Formazione Accreditato, \u00e8 alla ricerca di docenti su tutto il territorio italiano per ampliare il proprio &quot;Albo Nazionale dei Formatori sulla Sicurezza sul Lavoro e rispondere alle esigenze di numerosi Enti pubblici e Aziende private con rilevanza nazionale.A chi ci rivolgiamoProfessionisti qualificati, con [&hellip;]\" \/>\n<meta property=\"og:url\" content=\"https:\/\/eraclitea.it\/it\/albo-docenti\/\" \/>\n<meta property=\"og:site_name\" content=\"Accademia Eraclitea\" \/>\n<meta property=\"article:modified_time\" content=\"2024-09-17T08:12:12+00:00\" \/>\n<meta name=\"twitter:card\" content=\"summary_large_image\" \/>\n<script type=\"application\/ld+json\" class=\"yoast-schema-graph\">{\"@context\":\"https:\/\/schema.org\",\"@graph\":[{\"@type\":\"WebPage\",\"@id\":\"https:\/\/eraclitea.it\/it\/albo-docenti\/\",\"url\":\"https:\/\/eraclitea.it\/it\/albo-docenti\/\",\"name\":\"Albo docenti - Accademia Eraclitea\",\"isPartOf\":{\"@id\":\"https:\/\/eraclitea.it\/it\/#website\"},\"datePublished\":\"2024-09-11T15:08:29+00:00\",\"dateModified\":\"2024-09-17T08:12:12+00:00\",\"breadcrumb\":{\"@id\":\"https:\/\/eraclitea.it\/it\/albo-docenti\/#breadcrumb\"},\"inLanguage\":\"it-IT\",\"potentialAction\":[{\"@type\":\"ReadAction\",\"target\":[\"https:\/\/eraclitea.it\/it\/albo-docenti\/\"]}]},{\"@type\":\"BreadcrumbList\",\"@id\":\"https:\/\/eraclitea.it\/it\/albo-docenti\/#breadcrumb\",\"itemListElement\":[{\"@type\":\"ListItem\",\"position\":1,\"name\":\"Home\",\"item\":\"https:\/\/eraclitea.it\/it\/\"},{\"@type\":\"ListItem\",\"position\":2,\"name\":\"Albo docenti\"}]},{\"@type\":\"WebSite\",\"@id\":\"https:\/\/eraclitea.it\/it\/#website\",\"url\":\"https:\/\/eraclitea.it\/it\/\",\"name\":\"Accademia Eraclitea\",\"description\":\"Ente di Ricerca e di Alta Formazione Accreditato\",\"potentialAction\":[{\"@type\":\"SearchAction\",\"target\":{\"@type\":\"EntryPoint\",\"urlTemplate\":\"https:\/\/eraclitea.it\/it\/?s={search_term_string}\"},\"query-input\":{\"@type\":\"PropertyValueSpecification\",\"valueRequired\":true,\"valueName\":\"search_term_string\"}}],\"inLanguage\":\"it-IT\"}]}<\/script>\n<!-- \/ Yoast SEO plugin. -->","yoast_head_json":{"title":"Albo docenti - Accademia Eraclitea","robots":{"index":"index","follow":"follow","max-snippet":"max-snippet:-1","max-image-preview":"max-image-preview:large","max-video-preview":"max-video-preview:-1"},"canonical":"https:\/\/eraclitea.it\/it\/albo-docenti\/","og_locale":"it_IT","og_type":"article","og_title":"Albo docenti - Accademia Eraclitea","og_description":"Cerchiamo docenti in tutta Italia!\u00a0\"L'Accademia Eraclitea, Ente di Ricerca e di Alta Formazione Accreditato, \u00e8 alla ricerca di docenti su tutto il territorio italiano per ampliare il proprio \"Albo Nazionale dei Formatori sulla Sicurezza sul Lavoro e rispondere alle esigenze di numerosi Enti pubblici e Aziende private con rilevanza nazionale.A chi ci rivolgiamoProfessionisti qualificati, con [&hellip;]","og_url":"https:\/\/eraclitea.it\/it\/albo-docenti\/","og_site_name":"Accademia Eraclitea","article_modified_time":"2024-09-17T08:12:12+00:00","twitter_card":"summary_large_image","schema":{"@context":"https:\/\/schema.org","@graph":[{"@type":"WebPage","@id":"https:\/\/eraclitea.it\/it\/albo-docenti\/","url":"https:\/\/eraclitea.it\/it\/albo-docenti\/","name":"Albo docenti - Accademia Eraclitea","isPartOf":{"@id":"https:\/\/eraclitea.it\/it\/#website"},"datePublished":"2024-09-11T15:08:29+00:00","dateModified":"2024-09-17T08:12:12+00:00","breadcrumb":{"@id":"https:\/\/eraclitea.it\/it\/albo-docenti\/#breadcrumb"},"inLanguage":"it-IT","potentialAction":[{"@type":"ReadAction","target":["https:\/\/eraclitea.it\/it\/albo-docenti\/"]}]},{"@type":"BreadcrumbList","@id":"https:\/\/eraclitea.it\/it\/albo-docenti\/#breadcrumb","itemListElement":[{"@type":"ListItem","position":1,"name":"Home","item":"https:\/\/eraclitea.it\/it\/"},{"@type":"ListItem","position":2,"name":"Albo docenti"}]},{"@type":"WebSite","@id":"https:\/\/eraclitea.it\/it\/#website","url":"https:\/\/eraclitea.it\/it\/","name":"Accademia Eraclitea","description":"Ente di Ricerca e di Alta Formazione Accreditato","potentialAction":[{"@type":"SearchAction","target":{"@type":"EntryPoint","urlTemplate":"https:\/\/eraclitea.it\/it\/?s={search_term_string}"},"query-input":{"@type":"PropertyValueSpecification","valueRequired":true,"valueName":"search_term_string"}}],"inLanguage":"it-IT"}]}},"jetpack_sharing_enabled":true,"_links":{"self":[{"href":"https:\/\/eraclitea.it\/it\/wp-json\/wp\/v2\/pages\/9920","targetHints":{"allow":["GET"]}}],"collection":[{"href":"https:\/\/eraclitea.it\/it\/wp-json\/wp\/v2\/pages"}],"about":[{"href":"https:\/\/eraclitea.it\/it\/wp-json\/wp\/v2\/types\/page"}],"author":[{"embeddable":true,"href":"https:\/\/eraclitea.it\/it\/wp-json\/wp\/v2\/users\/2"}],"replies":[{"embeddable":true,"href":"https:\/\/eraclitea.it\/it\/wp-json\/wp\/v2\/comments?post=9920"}],"version-history":[{"count":53,"href":"https:\/\/eraclitea.it\/it\/wp-json\/wp\/v2\/pages\/9920\/revisions"}],"predecessor-version":[{"id":10048,"href":"https:\/\/eraclitea.it\/it\/wp-json\/wp\/v2\/pages\/9920\/revisions\/10048"}],"wp:attachment":[{"href":"https:\/\/eraclitea.it\/it\/wp-json\/wp\/v2\/media?parent=9920"}],"curies":[{"name":"wp","href":"https:\/\/api.w.org\/{rel}","templated":true}]}}